{"id":19596,"date":"2025-04-07T06:56:30","date_gmt":"2025-04-07T06:56:30","guid":{"rendered":"https:\/\/www.hydraulic-cylinders.net\/product\/boom-cylinder-for-xinyuan-wheel-excavator-xy65w-7-8\/"},"modified":"2025-04-07T06:56:33","modified_gmt":"2025-04-07T06:56:33","slug":"boom-cylinder-for-xinyuan-wheel-excavator-xy65w-7-8","status":"publish","type":"product","link":"https:\/\/www.hydraulic-cylinders.net\/da\/vare\/boom-cylinder-for-xinyuan-wheel-excavator-xy65w-7-8\/","title":{"rendered":"Bomcylinder til Xinyuan hjulgraver XY65W-7-8"},"content":{"rendered":"<h1>Bomcylinder til Xinyuan hjulgraver XY65W-7-8<\/h1>\n<h2>Introduktion til bomcylinder<\/h2>\n<p>Bomcylinderen er en afg\u00f8rende komponent, der er specielt designet til hydrauliske systemer, der anvendes i tunge maskiner s\u00e5som gravemaskiner. Denne hydrauliske cylinder er ansvarlig for at styre skovlens bev\u00e6gelse i forskellige bygge- og jordflytningsopgaver. Den g\u00f8r det muligt for skovlen at l\u00f8fte, s\u00e6nke og vippe, hvilket letter effektive materialeh\u00e5ndteringsopgaver.<\/p>\n<p>Skovlcylinderen, der typisk findes i gravemaskiner, rendegravere og frontl\u00e6ssere, spiller en afg\u00f8rende rolle i at forbedre disse maskiners driftskapacitet. Ved at udnytte hydraulisk tryk sikrer bomcylinderen j\u00e6vne og responsive bev\u00e6gelser, hvilket g\u00f8r den til et vigtigt v\u00e6rkt\u00f8j for bygningsarbejdere og operat\u00f8rer af tunge maskiner.<\/p>\n<p><img decoding=\"async\" src=\"https:\/\/www.hydraulic-cylinders.net\/wp-content\/uploads\/2025\/04\/songte-company-1.webp\" alt=\"Bomcylinder\" \/><\/p>\n<h2>Funktioner ved bomcylinderen<\/h2>\n<ul>\n<li><strong>H\u00f8j styrke og holdbarhed:<\/strong> Bomcylinderen er konstrueret af h\u00f8jstyrkest\u00e5l eller aluminium og kan modst\u00e5 h\u00f8jt tryk og tunge belastninger, hvilket g\u00f8r den velegnet til barske arbejdsmilj\u00f8er. Dens design inkorporerer slidstyrke og korrosionsbestandighed, hvilket forl\u00e6nger dens levetid.<\/li>\n<li><strong>Effektiv hydraulisk drift:<\/strong> Bomcylinderen bruger hydraulisk olietryk til j\u00e6vn ud- og indtr\u00e6kning, hvilket giver mulighed for hurtig reaktion p\u00e5 driftskommandoer. Den yder en betydelig skubbe- og tr\u00e6kkraft, ideel til h\u00e5ndtering af tunge genstande og komplekse opgaver.<\/li>\n<li><strong>Forskellige typer:<\/strong> Bomcylinderen f\u00e5s i enkeltvirkende (hydraulisk i \u00e9n retning) eller dobbeltvirkende (hydraulisk i begge retninger) konfigurationer og kan opfylde forskellige driftsbehov. Nogle modeller har teleskopiske designs, der muligg\u00f8r st\u00f8rre udtr\u00e6k uden at \u00f8ge de ydre dimensioner, hvilket g\u00f8r dem velegnede til trange pladsforhold.<\/li>\n<li><strong>Kompatibilitet:<\/strong> Vores produkter kan perfekt erstatte forskellige hydrauliske cylindre, der anvendes i forskelligt udstyr, hvilket sikrer problemfri integration og funktionalitet.<\/li>\n<li><strong>Tilpassede l\u00f8sninger:<\/strong> Vi tilbyder skr\u00e6ddersyede l\u00f8sninger og konfigurationer, der opfylder de specifikke behov i forskellige maskiner og applikationer.<\/li>\n<\/ul>\n<p><img decoding=\"async\" src=\"https:\/\/www.hydraulic-cylinders.net\/wp-content\/uploads\/2025\/04\/songte-cylinder-head-with-all-kinds-excavator-models.webp\" alt=\"Hydraulisk cylinder\" \/><\/p>\n<h2>Anvendelser af bomcylinderen<\/h2>\n<h3>Entrepren\u00f8rudstyr:<\/h3>\n<p>I gravemaskiner er bomcylinderen afg\u00f8rende for gravning, lastning og flytning af jord eller affald. Dens pr\u00e6cise styring muligg\u00f8r effektive grave- og l\u00f8fteoperationer, hvilket g\u00f8r den uundv\u00e6rlig p\u00e5 byggepladser.<\/p>\n<h3>Landbrugsmaskiner:<\/h3>\n<p>I frontl\u00e6ssere er bomcylinderen afg\u00f8rende for at opgrave, l\u00f8fte og transportere jord, h\u00f8 og andre materialer. Den forbedrer effektiviteten af \u200b\u200blandbrugsarbejdet ved at give f\u00f8reren mulighed for nemt at h\u00e5ndtere tunge l\u00e6s.<\/p>\n<h3>Gravemaskiner:<\/h3>\n<p>Bomcylinderen g\u00f8r det muligt for skovlen at tr\u00e6nge effektivt ned i jorden, hvilket letter graveprocessen. Dens robuste design sikrer holdbarhed og p\u00e5lidelighed under omfattende graveopgaver.<\/p>\n<h3>L\u00e6ssere:<\/h3>\n<p>I frontl\u00e6ssere hj\u00e6lper bomcylinderen med effektivt at l\u00f8fte og t\u00f8mme materialer. Dens hydrauliske kraft hj\u00e6lper f\u00f8reren med at flytte last hurtigt og effektivt, hvilket forbedrer den samlede produktivitet p\u00e5 arbejdspladsen.<\/p>\n<h2>Designovervejelser og udv\u00e6lgelseskriterier<\/h2>\n<h3>Belastningskapacitet:<\/h3>\n<p>N\u00e5r man v\u00e6lger en bomcylinder, er lasteevnen en kritisk faktor. Cylinderen skal kunne h\u00e5ndtere den maksimale belastning, som udstyret forventes at l\u00f8fte eller flytte. Overbelastning af en cylinder kan f\u00f8re til svigt, hvilket g\u00f8r det vigtigt at v\u00e6lge en med en tilstr\u00e6kkelig kapacitet til den tilsigtede anvendelse.<\/p>\n<h3>Forsegling:<\/h3>\n<p>Bomcylinderens t\u00e6tningssystem er designet til at forhindre l\u00e6kager af hydraulisk v\u00e6ske, samtidig med at trykket opretholdes. T\u00e6tninger af h\u00f8j kvalitet sikrer, at cylinderen fungerer effektivt og p\u00e5lideligt over tid. Korrekt t\u00e6tning beskytter ogs\u00e5 interne komponenter mod forurenende stoffer, der kan f\u00f8re til for tidligt slid eller svigt.<\/p>\n<h3>Holdbarhed:<\/h3>\n<p>Holdbarhed er en vigtig faktor i designet af bomcylinderen. Den skal v\u00e6re bygget til at modst\u00e5 p\u00e5virkningerne fra h\u00e5rd brug i udfordrende milj\u00f8er. Materialer, der modst\u00e5r slid og korrosion, er afg\u00f8rende for at sikre cylinderens levetid, hvilket reducerer behovet for hyppige udskiftninger.<\/p>\n<h3>Sikkerhed:<\/h3>\n<p>Sikkerhedsfunktioner som trykaflastningsventiler og n\u00f8dstopmekanismer er afg\u00f8rende i hydrauliske systemer. Disse funktioner hj\u00e6lper med at forhindre ulykker og udstyrsskader ved at kontrollere de kr\u00e6fter, der ud\u00f8ves under drift.<\/p>\n<h3>Opretholdelse:<\/h3>\n<p>Nem vedligeholdelse er et andet vigtigt aspekt. Designet b\u00f8r muligg\u00f8re enkel service, herunder sm\u00f8ring, udskiftning af pakninger og inspektion af kritiske komponenter. En velholdt cylinder vil fungere mere p\u00e5lideligt og effektivt i hele sin levetid.<\/p>\n<p><img decoding=\"async\" src=\"https:\/\/www.hydraulic-cylinders.net\/wp-content\/uploads\/2025\/04\/songte-oil-pipes-and-spare-parts.webp\" alt=\"Reservedele\" \/><\/p>\n<h2>T\u00e6tning og sm\u00f8ring af cylinderen<\/h2>\n<p>Effektiv t\u00e6tning og sm\u00f8ring er altafg\u00f8rende for bomcylinderens ydeevne og levetid. Forskellige t\u00e6tninger, s\u00e5som stempelt\u00e6tninger og stangt\u00e6tninger, anvendes for at forhindre l\u00e6kager af hydraulisk v\u00e6ske. Valget af materialer som polyurethan og nitrilgummi forbedrer slidstyrken og sikrer et robust t\u00e6tningssystem.<\/p>\n<p>Cylinderhuset og gevindenderne gennemg\u00e5r finbearbejdning for at forbedre slidstyrken og sikre en t\u00e6t pasform. Regelm\u00e6ssig sm\u00f8ring med hydraulikolie er n\u00f8dvendig for at opretholde en j\u00e6vn drift og reducere friktion mellem bev\u00e6gelige dele, hvilket kan f\u00f8re til slid og svigt.<\/p>\n<h2>Forebyggende vedligeholdelsesforanstaltninger<\/h2>\n<ul>\n<li><strong>Regelm\u00e6ssige inspektioner:<\/strong> Kontroller regelm\u00e6ssigt bomcylinderen for tegn p\u00e5 slid, l\u00e6kager eller skader. Tidlig opdagelse af potentielle problemer kan forhindre dyre reparationer og nedetid.<\/li>\n<li><strong>Passende sm\u00f8ring:<\/strong> S\u00f8rg for, at cylinderen f\u00e5r tilstr\u00e6kkelig sm\u00f8ring, s\u00e5 alle bev\u00e6gelige dele fungerer problemfrit. Dette reducerer friktion og slid og forl\u00e6nger dermed komponentens levetid.<\/li>\n<li><strong>Udskiftning af pakning:<\/strong> Overv\u00e5g pakningerne for slid, og udskift dem efter behov for at opretholde trykket og forhindre l\u00e6kager. Regelm\u00e6ssig vedligeholdelse af pakningerne er afg\u00f8rende for optimal drift.<\/li>\n<\/ul>\n<h2>Installationsvejledning til bomcylinderen<\/h2>\n<p>Korrekt installation af bomcylinderen er afg\u00f8rende for dens ydeevne og levetid. Start med at justere cylinderen n\u00f8jagtigt i forhold til monteringspunkterne p\u00e5 maskinen. Brug passende monteringsbeslag til at fastg\u00f8re cylinderen p\u00e5 plads, og s\u00f8rg for, at den er i vater og korrekt orienteret.<\/p>\n<p>N\u00e5r de er p\u00e5 plads, skal de hydrauliske slanger tilsluttes. S\u00f8rg for at undg\u00e5 kn\u00e6k eller un\u00f8dvendige b\u00f8jninger, der kan begr\u00e6nse v\u00e6skestr\u00f8mmen. Efter tilslutning af de hydrauliske slanger skal der udf\u00f8res en systemtryktest for at kontrollere for l\u00e6kager og verificere, at cylinderen fungerer problemfrit.<\/p>\n<p>Endelig skal du s\u00f8rge for, at alle fastg\u00f8relseselementer er sp\u00e6ndt i henhold til producentens specifikationer, og udf\u00f8re en endelig inspektion, f\u00f8r udstyret tages i brug. F\u00f8lg disse retningslinjer for at opn\u00e5 optimal ydeevne fra bomcylinderen.<\/p>\n<h2>Almindelige vedligeholdelsesopgaver<\/h2>\n<ul>\n<li><strong>Regelm\u00e6ssige inspektioner:<\/strong> Regelm\u00e6ssige inspektioner muligg\u00f8r tidlig opdagelse af slid eller skader. Denne proaktive foranstaltning kan hj\u00e6lpe med at forhindre mere alvorlige problemer senere hen.<\/li>\n<li><strong>Korrekt sm\u00f8ring:<\/strong> Ved at sikre, at cylinderen er tilstr\u00e6kkeligt smurt, forhindres friktion og slid, hvilket forbedrer komponentens effektivitet og levetid.<\/li>\n<li><strong>Udskiftning af pakninger:<\/strong> Regelm\u00e6ssig udskiftning af pakninger er afg\u00f8rende for at forhindre l\u00e6kager af hydraulikv\u00e6ske og opretholde systemtrykket. Dette er en vigtig vedligeholdelsesopgave, der ikke b\u00f8r overses.<\/li>\n<\/ul>\n<h2>Sikkerhedshensyn og milj\u00f8faktorer<\/h2>\n<p>N\u00e5r man arbejder med hydrauliske systemer, skal sikkerhedsforanstaltninger prioriteres. Operat\u00f8rer b\u00f8r tr\u00e6nes i korrekt h\u00e5ndtering og betjening af hydraulisk udstyr. Derudover kan brug af korrekt personligt beskyttelsesudstyr (PPE) mindske risici forbundet med l\u00e6kager af hydraulisk v\u00e6ske og potentielle skader.<\/p>\n<h2>Fejlfinding og almindelige problemer<\/h2>\n<ul>\n<li><strong>L\u00e6kage:<\/strong> Hvis bomcylinderen l\u00e6kker hydraulikv\u00e6ske, skal pakningerne kontrolleres for slid og udskiftes efter behov. S\u00f8rg for, at alle forbindelser er t\u00e6tte og fri for skader.<\/li>\n<li><strong>Langsom drift:<\/strong> Hvis cylinderen k\u00f8rer langsomt, skal du kontrollere hydraulikv\u00e6skeniveauet og sikre dig, at der ikke er blokeringer i hydraulikledningerne. Kontroller for tegn p\u00e5 forurening af hydraulikv\u00e6sken.<\/li>\n<li><strong>Inkonsekvent bev\u00e6gelse:<\/strong> Hvis bomcylinderen bev\u00e6ger sig uj\u00e6vnt, kan det skyldes luft i det hydrauliske system. Udluft systemet for at fjerne luft, eller inspicer for beskadigede komponenter, der kan p\u00e5virke bev\u00e6gelsen.<\/li>\n<\/ul>\n<h2>Tips til fejlfinding<\/h2>\n<p>To effectively diagnose and resolve issues, it&#8217;s essential to follow a systematic approach. Start with visual inspections to identify any obvious signs of wear or damage. Use pressure gauges to check the system\u2019s hydraulic pressure levels, ensuring they meet the required specifications.<\/p>\n<p>Implementer forebyggende foranstaltninger, s\u00e5som regelm\u00e6ssige vedligeholdelsesplaner og operat\u00f8ruddannelse, for at minimere sandsynligheden for tilbagevendende problemer. At holde det hydrauliske system rent og velsmurt vil ogs\u00e5 bidrage til dets p\u00e5lidelighed og ydeevne.<\/p>\n<p><img decoding=\"async\" src=\"https:\/\/www.hydraulic-cylinders.net\/wp-content\/uploads\/2025\/04\/songte-bushings-with-all-kinds-of-excavator-models.webp\" alt=\"B\u00f8sninger\" \/><\/p>\n<h2>Virksomhedsoversigt<\/h2>\n<p>Vi er en f\u00f8rende producent af hydrauliske udskiftningscylindre og tilbyder et omfattende udvalg af produkter, der har etableret os som en betydelig akt\u00f8r p\u00e5 b\u00e5de indenlandske og internationale markeder. Vores engagement i exceptionel kvalitet bakkes op af pr\u00e6cise produktionsstrategier og integration af avanceret teknologi.<\/p>\n<p>Med fokus p\u00e5 teknisk talent og avanceret digitalt produktionsudstyr udvikler vores produktionsprocesser sig l\u00f8bende for at forbedre kvaliteten af \u200b\u200bvores produkter. Vi opretholder et robust kvalitetskontrolsystem, der sikrer, at hver cylinder opfylder strenge standarder for ydeevne og holdbarhed.<\/p>\n<p>Vores virksomhed er ogs\u00e5 stolt af at levere skr\u00e6ddersyede l\u00f8sninger, internationale certificeringer og enest\u00e5ende eftersalgsservice. Denne holistiske tilgang sikrer, at vi opfylder vores kunders forskellige behov, samtidig med at vi opretholder vores ry for p\u00e5lidelighed og ekspertise.<\/p>\n<p><img decoding=\"async\" src=\"https:\/\/www.hydraulic-cylinders.net\/wp-content\/uploads\/2025\/04\/songte-company-4.webp\" alt=\"Virksomhedsoversigt\" \/><br \/>\n<img decoding=\"async\" src=\"https:\/\/www.hydraulic-cylinders.net\/wp-content\/uploads\/2025\/04\/songte-company-3.webp\" alt=\"Vores faciliteter\" \/><\/p>\n<p>Forfatter: lyl<\/p>","protected":false},"excerpt":{"rendered":"<p>Boom Cylinder For Xinyuan Wheel Excavator XY65W-7-8 Introduction to Boom Cylinder The Boom Cylinder is a crucial component designed specifically for hydraulic systems used in heavy machinery such as excavators. This hydraulic cylinder is responsible for controlling the movement of the bucket in various construction and earth-moving applications. It allows the bucket to lift, lower, [&hellip;]<\/p>","protected":false},"featured_media":17874,"comment_status":"open","ping_status":"closed","template":"","meta":{"_et_pb_use_builder":"","_et_pb_old_content":"","_et_gb_content_width":""},"product_brand":[],"product_cat":[1546],"product_tag":[1547,1496],"class_list":{"0":"post-19596","1":"product","2":"type-product","3":"status-publish","4":"has-post-thumbnail","6":"product_cat-boom-cylinders","7":"product_tag-boom-cylinders","8":"product_tag-hydraulic-cylinders","10":"first","11":"instock","12":"shipping-taxable","13":"product-type-simple"},"amp_enabled":true,"_links":{"self":[{"href":"https:\/\/www.hydraulic-cylinders.net\/da\/wp-json\/wp\/v2\/product\/19596","targetHints":{"allow":["GET"]}}],"collection":[{"href":"https:\/\/www.hydraulic-cylinders.net\/da\/wp-json\/wp\/v2\/product"}],"about":[{"href":"https:\/\/www.hydraulic-cylinders.net\/da\/wp-json\/wp\/v2\/types\/product"}],"replies":[{"embeddable":true,"href":"https:\/\/www.hydraulic-cylinders.net\/da\/wp-json\/wp\/v2\/comments?post=19596"}],"wp:featuredmedia":[{"embeddable":true,"href":"https:\/\/www.hydraulic-cylinders.net\/da\/wp-json\/wp\/v2\/media\/17874"}],"wp:attachment":[{"href":"https:\/\/www.hydraulic-cylinders.net\/da\/wp-json\/wp\/v2\/media?parent=19596"}],"wp:term":[{"taxonomy":"product_brand","embeddable":true,"href":"https:\/\/www.hydraulic-cylinders.net\/da\/wp-json\/wp\/v2\/product_brand?post=19596"},{"taxonomy":"product_cat","embeddable":true,"href":"https:\/\/www.hydraulic-cylinders.net\/da\/wp-json\/wp\/v2\/product_cat?post=19596"},{"taxonomy":"product_tag","embeddable":true,"href":"https:\/\/www.hydraulic-cylinders.net\/da\/wp-json\/wp\/v2\/product_tag?post=19596"}],"curies":[{"name":"wp","href":"https:\/\/api.w.org\/{rel}","templated":true}]}}