{"id":19626,"date":"2025-04-07T06:58:13","date_gmt":"2025-04-07T06:58:13","guid":{"rendered":"https:\/\/www.hydraulic-cylinders.net\/product\/boom-cylinder-for-volwa-cane-unloader-dls150-9a\/"},"modified":"2025-04-07T06:58:16","modified_gmt":"2025-04-07T06:58:16","slug":"boom-cylinder-for-volwa-cane-unloader-dls150-9a","status":"publish","type":"product","link":"https:\/\/www.hydraulic-cylinders.net\/da\/vare\/boom-cylinder-for-volwa-cane-unloader-dls150-9a\/","title":{"rendered":"Bomcylinder til Volwa-suger\u00f8r DLS150-9A"},"content":{"rendered":"<h1>Bomcylinder til Volwa-suger\u00f8r DLS150-9A<\/h1>\n<h2>Produktoversigt<\/h2>\n<p>Bomcylinderen til Volwa Cane Unloader DLS150-9A er en specialiseret hydraulisk cylinder designet til at styre bev\u00e6gelsen af \u200b\u200b\u200b\u200btunge maskiners skovle, s\u00e5som gravemaskiner, rendegravere og frontl\u00e6ssere. Denne cylinder letter l\u00f8ft, s\u00e6nkning og vipning af skovlen, hvilket g\u00f8r materialeh\u00e5ndteringsopgaver mere effektive. Skovlcylinderen spiller en afg\u00f8rende rolle i hydrauliske systemer, da den omdanner hydraulisk tryk til mekanisk kraft for at udf\u00f8re forskellige operationer i bygge- og landbrugssektoren.<\/p>\n<p><img decoding=\"async\" src=\"https:\/\/www.hydraulic-cylinders.net\/wp-content\/uploads\/2025\/04\/songte-company-1.webp\" alt=\"Hydraulisk cylinder\" \/><\/p>\n<h2>Funktioner ved bomcylinderen<\/h2>\n<ul>\n<li><strong>H\u00f8j styrke og holdbarhed:<\/strong> Bomcylinderen, der typisk er konstrueret af h\u00f8jstyrkest\u00e5l eller aluminium, kan modst\u00e5 h\u00f8jt tryk og tunge belastninger. Den er designet til at modst\u00e5 barske arbejdsmilj\u00f8er og sikrer langvarig ydeevne.<\/li>\n<li><strong>Effektiv hydraulisk drift:<\/strong> Cylinderen udnytter trykket fra hydraulikolien til at opn\u00e5 j\u00e6vn ud- og indtr\u00e6kning. Den reagerer hurtigt p\u00e5 styrekommandoer og leverer en kraftig skubbe- og tr\u00e6kkraft, hvilket g\u00f8r den ideel til tunge og komplekse opgaver.<\/li>\n<li><strong>Forskellige typer:<\/strong> Produktsortimentet omfatter enkeltvirkende (bruger hydraulisk kraft i \u00e9n retning) og dobbeltvirkende cylindre (bruger hydraulisk kraft i begge retninger) for at im\u00f8dekomme forskellige driftsbehov. Nogle modeller har et teleskopisk design, der muligg\u00f8r st\u00f8rre udtr\u00e6k uden at \u00f8ge de udvendige dimensioner, hvilket er velegnet til pladsbegr\u00e6nsede applikationer.<\/li>\n<li><strong>Specialfremstilling:<\/strong> Vores virksomhed tilbyder produktionskapaciteter, der perfekt erstatter eksisterende hydrauliske cylindre, hvilket sikrer kompatibilitet og p\u00e5lidelighed.<\/li>\n<p>    <img decoding=\"async\" src=\"https:\/\/www.hydraulic-cylinders.net\/wp-content\/uploads\/2025\/04\/songte-cylinder-head-with-all-kinds-excavator-models.webp\" alt=\"Gravemaskinemodeller\" \/>\n<\/ul>\n<h2>Anvendelser af bomcylinderen<\/h2>\n<h3>Entrepren\u00f8rudstyr<\/h3>\n<p>I gravemaskiner er bomcylindre afg\u00f8rende for gravning, lastning og flytning af jord eller affald. De g\u00f8r det muligt for skovlen at tr\u00e6nge effektivt ned i jorden, hvilket hj\u00e6lper med udgravningsarbejdet. I rendegravere hj\u00e6lper disse cylindre med b\u00e5de gravning og l\u00f8ft, hvilket g\u00f8r dem til alsidige v\u00e6rkt\u00f8jer p\u00e5 byggepladser.<\/p>\n<h3>Landbrugsmaskiner<\/h3>\n<p>I frontl\u00e6ssere bruges bomcylindre til at skovle, l\u00f8fte og transportere materialer som jord, h\u00f8 og andre produkter. De er afg\u00f8rende for at forbedre effektiviteten i landbrugsdrift, forbedre produktiviteten og medarbejderstyringen.<\/p>\n<h3>Gravemaskiner<\/h3>\n<p>Skovlcylindre g\u00f8r det muligt for gravemaskiner at tr\u00e6nge effektivt ned i jorden, s\u00e5 de kan udf\u00f8re gravearbejde i forskellige terr\u00e6ner. Denne evne er afg\u00f8rende for bygge- og landskabsprojekter.<\/p>\n<h3>L\u00e6ssere<\/h3>\n<p>I frontl\u00e6ssere hj\u00e6lper bomcylindre med at l\u00f8fte og losse last effektivt. Denne funktion er afg\u00f8rende for materialeh\u00e5ndtering og sikrer, at f\u00f8rere nemt kan h\u00e5ndtere tunge laster.<\/p>\n<h2>Designovervejelser og udv\u00e6lgelsesstandarder<\/h2>\n<ul>\n<li><strong>Belastningskapacitet:<\/strong> Bomcylinderens lasteevne skal v\u00e6re i overensstemmelse med de specifikke krav til det maskineri, den betjener. Forst\u00e5else af belastningsdynamik er afg\u00f8rende for ydeevne og sikkerhed.<\/li>\n<li><strong>Forsegling:<\/strong> Effektive t\u00e6tningsl\u00f8sninger er afg\u00f8rende for at forhindre l\u00e6kager af hydraulikv\u00e6ske og opretholde et optimalt tryk. T\u00e6tninger af h\u00f8j kvalitet forl\u00e6nger levetiden for hydrauliske systemer og forbedrer p\u00e5lideligheden.<\/li>\n<li><strong>Holdbarhed:<\/strong> Materialer, der anvendes i fremstillingen, skal modst\u00e5 slid og korrosion. H\u00f8jkvalitetsst\u00e5l eller aluminium med beskyttende bel\u00e6gninger er foretrukne valg for at forl\u00e6nge levetiden.<\/li>\n<li><strong>Sikkerhed:<\/strong> Sikkerhedsfunktioner skal integreres i designet for at beskytte operat\u00f8rer og maskiner mod potentielle farer under drift.<\/li>\n<li><strong>Opretholdelse:<\/strong> Nem adgang til vedligeholdelse er afg\u00f8rende. Designhensyn b\u00f8r fremme hurtig service og reducere nedetid til reparationer.<\/li>\n<\/ul>\n<p><img decoding=\"async\" src=\"https:\/\/www.hydraulic-cylinders.net\/wp-content\/uploads\/2025\/04\/songte-oil-pipes-and-spare-parts.webp\" alt=\"Hydrauliske dele\" \/><\/p>\n<h2>T\u00e6tning og sm\u00f8ring<\/h2>\n<p>Effektiv t\u00e6tning er altafg\u00f8rende i hydrauliske systemer. Forskellige t\u00e6tningskomponenter, s\u00e5som stempelt\u00e6tninger og stangt\u00e6tninger, anvendes til at forhindre l\u00e6kage. Materialer som polyurethan og nitrilgummi anvendes almindeligvis p\u00e5 grund af deres slidstyrke. Derudover er cylinderhuset og gevindfladerne fint forarbejdet for at forbedre slidstyrken. Regelm\u00e6ssig sm\u00f8ring med passende hydraulikolie er n\u00f8dvendig for at opretholde systemets driftseffektivitet.<\/p>\n<h2>Regelm\u00e6ssig inspektion og forebyggende vedligeholdelse<\/h2>\n<ul>\n<li><strong>Rutinem\u00e6ssige inspektioner:<\/strong> Regelm\u00e6ssige kontroller for l\u00e6kager, slid og komponentintegritet b\u00f8r udf\u00f8res for at sikre, at cylinderen fungerer korrekt og for at opdage problemer tidligt.<\/li>\n<li><strong>Sm\u00f8ring:<\/strong> Tilstr\u00e6kkelig sm\u00f8ring er afg\u00f8rende for problemfri drift og for at forhindre for tidlig slitage. Planl\u00e6g regelm\u00e6ssige sm\u00f8reintervaller baseret p\u00e5 driftskrav.<\/li>\n<li><strong>Udskiftning af pakning:<\/strong> Med tiden kan pakninger slides op og skal udskiftes. Regelm\u00e6ssig overv\u00e5gning og rettidig udskiftning af pakninger forhindrer l\u00e6kager af hydraulikv\u00e6ske.<\/li>\n<\/ul>\n<h2>Installationsvejledning<\/h2>\n<p>Korrekt installation af bomcylinderen er afg\u00f8rende for optimal ydeevne. S\u00f8rg for, at cylinderen er korrekt justeret i forhold til monteringspunkterne for at forhindre un\u00f8dig belastning af komponenterne. Det anbefales at bruge passende monteringsbeslag til at fastg\u00f8re cylinderen. Under installationen skal du kontrollere for eventuelle forhindringer og sikre, at hydraulikledningerne er korrekt fastgjort for at forhindre l\u00e6kager. Kalibrer systemet efter installationen for at sikre n\u00f8jagtig bev\u00e6gelse og kontrol.<\/p>\n<h2>Vedligeholdelsesopgaver<\/h2>\n<ul>\n<li><strong>Regelm\u00e6ssige kontroller:<\/strong> Udf\u00f8r periodiske inspektioner for at identificere tegn p\u00e5 slid eller skader. Tidlig opdagelse kan forhindre mere alvorlige problemer og opretholde driftseffektiviteten.<\/li>\n<li><strong>Korrekt sm\u00f8ring:<\/strong> S\u00f8rg for, at cylinderen er tilstr\u00e6kkeligt smurt, vil forl\u00e6nge dens levetid. Brug den anbefalede hydraulikolie, og f\u00f8lg producentens anvisninger for sm\u00f8reintervaller.<\/li>\n<li><strong>Udskiftning af pakning:<\/strong> Kontroller regelm\u00e6ssigt pakningerne for slid, og udskift dem efter behov. Det er afg\u00f8rende at sikre pakningernes integritet for at forhindre l\u00e6kager af hydraulikv\u00e6ske, som kan forringe ydeevnen.<\/li>\n<\/ul>\n<p>Korrekt installation, sm\u00f8ring og vedligeholdelse er afg\u00f8rende for at forl\u00e6nge levetiden p\u00e5 din bomcylinder. Brug passende monteringsteknikker, og kontroller regelm\u00e6ssigt justeringen for at sikre problemfri drift.<\/p>\n<p><img decoding=\"async\" src=\"https:\/\/www.hydraulic-cylinders.net\/wp-content\/uploads\/2025\/04\/songte-chushion-collar.webp\" alt=\"Pudekrave\" \/><\/p>\n<h2>Sikkerhedshensyn og milj\u00f8faktorer<\/h2>\n<p>N\u00e5r man arbejder med hydrauliske systemer, er sikkerhedsforanstaltninger altafg\u00f8rende. S\u00f8rg for, at alt personale er tr\u00e6net i sikre driftsprocedurer, og altid b\u00e6rer passende personlige v\u00e6rnemidler (PPE). Regelm\u00e6ssig tr\u00e6ning og overholdelse af sikkerhedsprotokoller hj\u00e6lper med at minimere risici forbundet med betjening af hydrauliske cylindre.<\/p>\n<h2>Fejlfinding af almindelige problemer<\/h2>\n<ul>\n<li><strong>Hydrauliske l\u00e6kager:<\/strong> Kontroller pakninger og forbindelser for tegn p\u00e5 slid eller beskadigelse. Udskift eventuelle defekte komponenter for at forhindre v\u00e6sketab.<\/li>\n<li><strong>Langsom drift:<\/strong> Dette kan v\u00e6re tegn p\u00e5 lavt hydraulikv\u00e6skeniveau eller et tilstoppet filter. S\u00f8rg for tilstr\u00e6kkeligt v\u00e6skeniveau, og reng\u00f8r eller udskift filtre efter behov.<\/li>\n<li><strong>Us\u00e6dvanlige lyde:<\/strong> Lyt efter skurrende eller hylende lyde, som kan v\u00e6re tegn p\u00e5 mekaniske problemer. Unders\u00f8g cylinderen og relaterede komponenter for skader.<\/li>\n<\/ul>\n<h2>Tips til fejlfinding<\/h2>\n<p>N\u00e5r du diagnosticerer problemer, skal du altid starte med en visuel inspektion af cylinderen og de hydrauliske ledninger. Se efter tydelige tegn p\u00e5 l\u00e6kager, slid eller forkert justering. Oprethold et rent arbejdsmilj\u00f8 for at forhindre forurening af hydraulikv\u00e6sken. Etabler en rutinem\u00e6ssig vedligeholdelsesplan for at holde systemet i optimal funktion.<\/p>\n<p><img decoding=\"async\" src=\"https:\/\/www.hydraulic-cylinders.net\/wp-content\/uploads\/2025\/04\/songte-bushings-with-all-kinds-of-excavator-models.webp\" alt=\"Gravemaskineb\u00f8sninger\" \/><\/p>\n<h2>Virksomhedsoversigt<\/h2>\n<p>Vi er en f\u00f8rende producent og grossist af hydrauliske cylindre, der specialiserer sig i udskiftninger til forskellige hydrauliske applikationer. Vores omfattende produktsortiment og engagement i kvalitet har positioneret os som f\u00f8rende p\u00e5 det nationale og internationale marked. Vi str\u00e6ber efter fremragende produktion, underst\u00f8ttet af en finjusteret produktionsstyringsstrategi. Vores dygtige arbejdsstyrke, avancerede digitale produktionsudstyr og professionelle inspektionssystemer forbedrer vores produktionskapacitet og sikrer h\u00f8j effektivitet, pr\u00e6cision og kvalitet i forhold til at im\u00f8dekomme forskellige kundebehov.<\/p>\n<p>Vores tilbud omfatter:<\/p>\n<ul>\n<li><strong>Professionalitet:<\/strong> Vores team er h\u00f8jt uddannet og erfarent inden for hydraulisk teknologi, hvilket sikrer ekspertr\u00e5dgivning og service.<\/li>\n<li><strong>Internationale certificeringer:<\/strong> Vores produkter opfylder forskellige internationale standarder, hvilket forsikrer kunderne om deres kvalitet og p\u00e5lidelighed.<\/li>\n<li><strong>Tilpassede tjenester:<\/strong> Vi tilbyder skr\u00e6ddersyede l\u00f8sninger, der opfylder specifikke kundekrav, og sikrer optimal kompatibilitet og ydeevne.<\/li>\n<li><strong>Avanceret produktionsudstyr:<\/strong> Vores topmoderne produktionsfaciliteter anvender den nyeste teknologi for forbedret produktionseffektivitet.<\/li>\n<li><strong>Eftersalgsservice:<\/strong> Vi tilbyder omfattende eftersalgssupport for at hj\u00e6lpe kunder med installation, vedligeholdelse og fejlfinding.<\/li>\n<\/ul>\n<p><img decoding=\"async\" src=\"https:\/\/www.hydraulic-cylinders.net\/wp-content\/uploads\/2025\/04\/songte-company-4.webp\" alt=\"Virksomhedsfaciliteter\" \/><br \/>\n<img decoding=\"async\" src=\"https:\/\/www.hydraulic-cylinders.net\/wp-content\/uploads\/2025\/04\/songte-company-3.webp\" alt=\"Produktionsudstyr\" \/><\/p>\n<p>Forfatter: lyl<\/p>","protected":false},"excerpt":{"rendered":"<p>Boom Cylinder For Volwa Cane Unloader DLS150-9A Product Overview The Boom Cylinder for Volwa Cane Unloader DLS150-9A is a specialized hydraulic cylinder designed for controlling the movement of heavy machinery&#8217;s buckets, such as excavators, backhoe loaders, and front-end loaders. This cylinder facilitates the lifting, lowering, and tilting of the bucket, making material handling tasks more [&hellip;]<\/p>","protected":false},"featured_media":17874,"comment_status":"open","ping_status":"closed","template":"","meta":{"_et_pb_use_builder":"","_et_pb_old_content":"","_et_gb_content_width":""},"product_brand":[],"product_cat":[1546],"product_tag":[1547,1496],"class_list":{"0":"post-19626","1":"product","2":"type-product","3":"status-publish","4":"has-post-thumbnail","6":"product_cat-boom-cylinders","7":"product_tag-boom-cylinders","8":"product_tag-hydraulic-cylinders","10":"first","11":"instock","12":"shipping-taxable","13":"product-type-simple"},"amp_enabled":true,"_links":{"self":[{"href":"https:\/\/www.hydraulic-cylinders.net\/da\/wp-json\/wp\/v2\/product\/19626","targetHints":{"allow":["GET"]}}],"collection":[{"href":"https:\/\/www.hydraulic-cylinders.net\/da\/wp-json\/wp\/v2\/product"}],"about":[{"href":"https:\/\/www.hydraulic-cylinders.net\/da\/wp-json\/wp\/v2\/types\/product"}],"replies":[{"embeddable":true,"href":"https:\/\/www.hydraulic-cylinders.net\/da\/wp-json\/wp\/v2\/comments?post=19626"}],"wp:featuredmedia":[{"embeddable":true,"href":"https:\/\/www.hydraulic-cylinders.net\/da\/wp-json\/wp\/v2\/media\/17874"}],"wp:attachment":[{"href":"https:\/\/www.hydraulic-cylinders.net\/da\/wp-json\/wp\/v2\/media?parent=19626"}],"wp:term":[{"taxonomy":"product_brand","embeddable":true,"href":"https:\/\/www.hydraulic-cylinders.net\/da\/wp-json\/wp\/v2\/product_brand?post=19626"},{"taxonomy":"product_cat","embeddable":true,"href":"https:\/\/www.hydraulic-cylinders.net\/da\/wp-json\/wp\/v2\/product_cat?post=19626"},{"taxonomy":"product_tag","embeddable":true,"href":"https:\/\/www.hydraulic-cylinders.net\/da\/wp-json\/wp\/v2\/product_tag?post=19626"}],"curies":[{"name":"wp","href":"https:\/\/api.w.org\/{rel}","templated":true}]}}