{"id":1963,"date":"2023-10-23T05:36:34","date_gmt":"2023-10-23T05:36:34","guid":{"rendered":"https:\/\/hydraulic-cylinders.net\/?post_type=product&#038;p=1963"},"modified":"2023-10-23T05:36:45","modified_gmt":"2023-10-23T05:36:45","slug":"v30d-series-axial-piston-variable-displacement-hydraulic-pump","status":"publish","type":"product","link":"https:\/\/www.hydraulic-cylinders.net\/da\/vare\/v30d-series-axial-piston-variable-displacement-hydraulic-pump\/","title":{"rendered":"V30D-serien aksial stempel hydraulisk pumpe med variabel forskydning"},"content":{"rendered":"<h1 style=\"text-align: center;\"><strong>V30D-serien aksial stempel hydraulisk pumpe med variabel forskydning<\/strong><\/h1>\n<p><img loading=\"lazy\" decoding=\"async\" class=\"aligncenter wp-image-1974\" src=\"https:\/\/hydraulic-cylinders.net\/wp-content\/uploads\/2023\/10\/v30d-series-axial-piston-variable-displacement-pump-1-300x300.webp\" alt=\"\" width=\"400\" height=\"400\" \/><\/p>\n<p>V30D-serien af \u200b\u200baksialstempel-hydrauliske pumper med variabel forskydning er en topmoderne l\u00f8sning designet til at levere exceptionel ydeevne og effektivitet i forskellige hydrauliske applikationer. Med sin avancerede teknik, alsidige design og pr\u00e6cise styring er denne hydrauliske pumpe banebrydende i branchen.<\/p>\n<p>V30D-seriens aksiale stempelhydraulikpumpe med variabel forskydning s\u00e6tter en ny standard for effektivitet og ydeevne i hydrauliske systemer. Med sin variable forskydningsteknologi, h\u00f8je ydeevne og alsidige design tilbyder denne pumpe overlegen kontrol og optimeret energiudnyttelse. Ved at f\u00f8lge de anbefalede brugsmetoder og overholde regelm\u00e6ssige vedligeholdelsespraksisser vil V30D-seriens pumpe forts\u00e6tte med at levere enest\u00e5ende effektivitet og kraft, hvilket bidrager til succesen i forskellige industrielle applikationer. Udnyt kraften og effektiviteten af \u200b\u200bV30D-seriens aksiale stempelhydraulikpumpe med variabel forskydning til at forbedre ydeevnen af \u200b\u200bdit hydrauliske system.<\/p>\n<p>V30D-serien aksial stempelhydraulisk pumpe med variabel slagvolumen N\u00f8gleegenskaber:<\/p>\n<ul>\n<li>Variabel fortr\u00e6ngningsteknologi: V30D-seriens pumpe har banebrydende variabel fortr\u00e6ngningsteknologi, der g\u00f8r det muligt at justere pumpens ydelse baseret p\u00e5 systemets behov. Denne funktion sikrer optimal energiudnyttelse, hvilket resulterer i \u00f8get effektivitet og reduceret str\u00f8mforbrug.<\/li>\n<li>H\u00f8j ydeevne: Denne hydrauliske pumpe s\u00e6tter nye standarder for ydeevne. Med et bredt udvalg af driftstryk og hastigheder giver V30D-seriens pumpe pr\u00e6cis styring og effektiv kraftlevering, hvilket muligg\u00f8r overlegen systemydeevne og produktivitet.<\/li>\n<li>Alsidigt design: V30D-serien af \u200b\u200bpumper er designet til at passe til forskellige hydrauliske systemer og anvendelser. Den tilbyder fleksibilitet i monteringsmuligheder, v\u00e6skekompatibilitet og styringsmetoder, hvilket g\u00f8r den velegnet til en bred vifte af industrier og maskiner.<\/li>\n<li>Effektivitet ved enhver belastning: V30D-serien af \u200b\u200bpumper sikrer effektivitet p\u00e5 tv\u00e6rs af en bred vifte af belastninger takket v\u00e6re dens variable slagvolumen. Den justerer automatisk ydelsen, s\u00e5 den passer til systemets krav, hvilket minimerer energitab og maksimerer produktiviteten.<\/li>\n<\/ul>\n<h2><strong>V30D-serien aksial stempel hydraulisk pumpe med variabel slagvolumen Parameter:<\/strong><\/h2>\n<table class=\"table table-bordered table-hover table-colored\">\n<tbody>\n<tr class=\"firstRow\">\n<td colspan=\"1\" rowspan=\"2\" align=\"center\" valign=\"middle\">St\u00f8rrelse<\/td>\n<td rowspan=\"2\" align=\"center\" valign=\"middle\">Slagvolumen cc\/omdr.<\/td>\n<td colspan=\"2\" rowspan=\"1\" align=\"center\" valign=\"middle\">Trykstang<\/td>\n<td colspan=\"2\" rowspan=\"1\" align=\"center\" valign=\"middle\">Rotationshastighed o\/min<\/td>\n<\/tr>\n<tr>\n<td align=\"center\" valign=\"middle\">Bed\u00f8mt<\/td>\n<td align=\"center\" valign=\"middle\">Spids<\/td>\n<td align=\"center\" valign=\"middle\">Maks. for selvansugning<sup>*1<\/sup><\/td>\n<td align=\"center\" valign=\"middle\">Maks.<sup>*2<\/sup><\/td>\n<\/tr>\n<tr>\n<td align=\"center\" valign=\"middle\">\u00a0V30D45<\/td>\n<td align=\"center\" valign=\"middle\">45<\/td>\n<td align=\"center\" valign=\"middle\">350<\/td>\n<td align=\"center\" valign=\"middle\">420<\/td>\n<td align=\"center\" valign=\"middle\">2600<\/td>\n<td align=\"center\" valign=\"middle\">3600<\/td>\n<\/tr>\n<tr>\n<td align=\"center\" valign=\"middle\">\u00a0V30D75<\/td>\n<td align=\"center\" valign=\"middle\">75<\/td>\n<td align=\"center\" valign=\"middle\">350<\/td>\n<td align=\"center\" valign=\"middle\">420<\/td>\n<td align=\"center\" valign=\"middle\">2400<\/td>\n<td align=\"center\" valign=\"middle\">3200<\/td>\n<\/tr>\n<tr>\n<td align=\"center\" valign=\"middle\">\u00a0V30D95<\/td>\n<td align=\"center\" valign=\"middle\">96<\/td>\n<td align=\"center\" valign=\"middle\">350<\/td>\n<td align=\"center\" valign=\"middle\">420<\/td>\n<td align=\"center\" valign=\"middle\">2200<\/td>\n<td align=\"center\" valign=\"middle\">2900<\/td>\n<\/tr>\n<tr>\n<td align=\"center\" valign=\"middle\">\u00a0V30D115<\/td>\n<td align=\"center\" valign=\"middle\">115<\/td>\n<td align=\"center\" valign=\"middle\">250<\/td>\n<td align=\"center\" valign=\"middle\">300<\/td>\n<td align=\"center\" valign=\"middle\">2000<\/td>\n<td align=\"center\" valign=\"middle\">2800<\/td>\n<\/tr>\n<tr>\n<td align=\"center\" valign=\"middle\">\u00a0V30D140<\/td>\n<td align=\"center\" valign=\"middle\">142<\/td>\n<td align=\"center\" valign=\"middle\">350<\/td>\n<td align=\"center\" valign=\"middle\">420<\/td>\n<td align=\"center\" valign=\"middle\">2200<\/td>\n<td align=\"center\" valign=\"middle\">2600<\/td>\n<\/tr>\n<tr>\n<td align=\"center\" valign=\"middle\">\u00a0V30D160<\/td>\n<td align=\"center\" valign=\"middle\">164<\/td>\n<td align=\"center\" valign=\"middle\">250<\/td>\n<td align=\"center\" valign=\"middle\">300<\/td>\n<td align=\"center\" valign=\"middle\">1900<\/td>\n<td align=\"center\" valign=\"middle\">2500<\/td>\n<\/tr>\n<tr>\n<td align=\"center\" valign=\"middle\">\u00a0V30D250<\/td>\n<td align=\"center\" valign=\"middle\">250<\/td>\n<td align=\"center\" valign=\"middle\">350<\/td>\n<td align=\"center\" valign=\"middle\">420<\/td>\n<td align=\"center\" valign=\"middle\">1800<\/td>\n<td align=\"center\" valign=\"middle\">2000<\/td>\n<\/tr>\n<tr>\n<td align=\"center\" valign=\"middle\">V30D520<\/td>\n<td align=\"center\" valign=\"middle\">520<\/td>\n<td align=\"center\" valign=\"middle\">400<\/td>\n<td align=\"center\" valign=\"middle\">450<\/td>\n<td align=\"center\" valign=\"middle\">1500<\/td>\n<td align=\"center\" valign=\"middle\">1800<\/td>\n<\/tr>\n<\/tbody>\n<\/table>\n<h2><strong>Fordele ved V30D-seriens aksiale stempelhydrauliske pumpe med variabel slagvolumen:<\/strong><\/h2>\n<p>\u2022 Anvendes i \u00e5bne hydrauliske systemer<br \/>\n\u2022 Lav st\u00f8j<br \/>\n\u2022 Flere kontrolmoduler<br \/>\n\u2022 Giver tilstr\u00e6kkeligt drejningsmoment til den bagerste pumpe, n\u00e5r en tandempumpe er p\u00e5kr\u00e6vet<\/p>\n<h2><strong>V30D-serien aksial stempel hydraulisk pumpe med variabel forskydning <\/strong><strong>Anvendelse:<\/strong><\/h2>\n<p><img loading=\"lazy\" decoding=\"async\" class=\"alignnone wp-image-1976 size-full\" src=\"https:\/\/hydraulic-cylinders.net\/wp-content\/uploads\/2023\/10\/v30d-series-axial-piston-variable-displacement-pump-2.webp\" alt=\"\" width=\"1144\" height=\"394\" srcset=\"https:\/\/hydraulic-cylinders.net\/wp-content\/uploads\/2023\/10\/v30d-series-axial-piston-variable-displacement-pump-2.webp 1144w, https:\/\/hydraulic-cylinders.net\/wp-content\/uploads\/2023\/10\/v30d-series-axial-piston-variable-displacement-pump-2-980x338.webp 980w, https:\/\/hydraulic-cylinders.net\/wp-content\/uploads\/2023\/10\/v30d-series-axial-piston-variable-displacement-pump-2-480x165.webp 480w\" sizes=\"(min-width: 0px) and (max-width: 480px) 480px, (min-width: 481px) and (max-width: 980px) 980px, (min-width: 981px) 1144px, 100vw\" \/><\/p>\n<h2><strong>Brugsmetode for V30D-seriens aksiale stempelhydrauliske pumpe med variabel forskydning<\/strong><strong>:<\/strong><\/h2>\n<ul>\n<li><strong>Installation og integration:<\/strong> V\u00e6lg en passende placering i hydrauliksystemet til installation af V30D-seriens aksialstempelhydraulikpumpe med variabel forskydning. S\u00f8rg for korrekt justering, og monter pumpen sikkert ved hj\u00e6lp af passende beslag eller tilbeh\u00f8r. Tilslut pumpen til hydrauliksystemet ved hj\u00e6lp af kompatible fittings og slanger, og s\u00f8rg for l\u00e6kagefri forbindelser.<\/li>\n<li><strong>V\u00e6skekompatibilitet:<\/strong> Kontroller, at den hydrauliske v\u00e6ske, der anvendes i systemet, er kompatibel med V30D-seriens pumpe. Se producentens anbefalede v\u00e6sketype, viskositet og temperaturomr\u00e5de. Overv\u00e5g og vedligehold regelm\u00e6ssigt den hydrauliske v\u00e6ske for at sikre optimal pumpedrift og levetid.<\/li>\n<li><strong>Kontrol og justering:<\/strong> G\u00f8r dig bekendt med de styremuligheder, der f\u00f8lger med V30D-serien af \u200b\u200bpumper. Afh\u00e6ngigt af den specifikke model kan den tilbyde forskellige styremetoder, s\u00e5som manuel, proportional eller elektronisk styring. Forst\u00e5 de anbefalede styreindstillinger, og juster dem i overensstemmelse hermed for at optimere pumpens ydeevne.<\/li>\n<li><strong>Systemoptimering:<\/strong> V30D-serien af \u200b\u200bpumper muligg\u00f8r systemoptimering ved at justere pumpens slagvolumen, s\u00e5 den matcher belastningskravene. Udnyt denne funktion til at maksimere energieffektiviteten og den samlede systemydelse.<\/li>\n<\/ul>\n<h2><strong>Hvordan udlufter man en hydraulisk cylinder uden en udluftningsventil?<\/strong><\/h2>\n<p>Det kan v\u00e6re lidt mere udfordrende at udlufte en hydraulisk cylinder uden en udluftningsventil, men det er stadig muligt. Her er en trinvis vejledning i, hvordan man udlufter en hydraulisk cylinder uden en udluftningsventil:<\/p>\n<ol>\n<li><strong>Sikkerhed f\u00f8rst:<\/strong> F\u00f8r der arbejdes p\u00e5 den hydrauliske cylinder, skal det sikres, at systemet er trykl\u00f8st. Sluk for str\u00f8mforsyningen, og udlign eventuelt resttryk ved at aktivere trykaflastningsventilen eller ved at k\u00f8re systemet til dets maksimale ud- eller tilbagetr\u00e6kningspunkt.<\/li>\n<li><strong>Placer cylinderen:<\/strong> Placer den hydrauliske cylinder et sted, hvor luftbobler nemt kan stige op til det h\u00f8jeste punkt. Dette betyder typisk at cylinderen skal v\u00e6re lodret med stangen pegende opad.<\/li>\n<li><strong>Fjern beslaget:<\/strong> Find den fitting, der forbinder hydraulikledningen til cylinderen. Brug passende v\u00e6rkt\u00f8j til at frakoble fittingen og fjerne den. V\u00e6r forberedt p\u00e5, at der kan l\u00e6kke hydraulikv\u00e6ske ud under denne proces, s\u00e5 hav en beholder eller klude klar til at opsamle eventuelle spild.<\/li>\n<li><strong>L\u00f8ft cylinderen:<\/strong> Hvis det er muligt, h\u00e6v cylinderen til dens maksimale udstr\u00e6kningsposition. Dette hj\u00e6lper med at minimere m\u00e6ngden af \u200b\u200bluft fanget inde i cylinderen.<\/li>\n<li><strong>Tryk p\u00e5 cylinderen:<\/strong> Bank let p\u00e5 siderne af cylinderen med en gummihammer eller en bl\u00f8d hammer. Dette hj\u00e6lper med at l\u00f8sne eventuelle luftbobler, der kan v\u00e6re fanget inde i cylinderen. Start nedefra og arbejd dig opad, mens du banker rundt om cylinderens omkreds.<\/li>\n<li><strong>Cyklus\u00e9r cylinderen:<\/strong> Betjen det hydrauliske system for at aktivere cylinderen et par gange. Forl\u00e6ng og tr\u00e6k cylinderen helt ind, s\u00e5 hydraulikv\u00e6sken kan str\u00f8mme igennem og potentielt skubbe eventuelle luftbobler ud. Gentag denne proces flere gange for at sikre grundig udluftning.<\/li>\n<li><strong>Tilslut fittingen igen:<\/strong> N\u00e5r du har k\u00f8rt cylinderen og f\u00f8ler, at det meste af luften er blevet udluftet, skal du tilslutte fittingen til hydraulikledningen igen. S\u00f8rg for, at den er sp\u00e6ndt ordentligt, men ikke oversp\u00e6ndt, da det kan beskadige fittingen eller for\u00e5rsage l\u00e6kager.<\/li>\n<li><strong>Test cylinderen:<\/strong> Efter udluftning af cylinderen skal dens funktion testes ved at tr\u00e6kke den helt ud og ind. Overv\u00e5g cylinderen for tegn p\u00e5 luftbobler eller unormal adf\u00e6rd. Hvis du bem\u00e6rker problemer, skal du gentage udluftningsprocessen eller s\u00f8ge hj\u00e6lp fra en hydraulisk fagmand.<\/li>\n<\/ol>\n<h2><strong>Fabrikkens kapacitet og kapacitet:<\/strong><\/h2>\n<h3>(1) Samling<\/h3>\n<p>Vi har en f\u00f8rsteklasses uafh\u00e6ngig forsknings- og udviklingsplatform til montering. V\u00e6rkstedet for produktion af hydrauliske cylindre har fire halvautomatiske l\u00f8ftecylindermonteringslinjer og en automatisk vippecylindermonteringslinje med en designm\u00e6ssig \u00e5rlig produktionskapacitet p\u00e5 1 million enheder. Det specielle cylinderv\u00e6rksted er udstyret med forskellige specifikationer for et halvautomatisk reng\u00f8ringsmonteringssystem med en designm\u00e6ssig \u00e5rlig produktionskapacitet p\u00e5 200.000 og udstyret med ber\u00f8mt CNC-bearbejdningsudstyr, et bearbejdningscenter, et specialudstyr til h\u00f8jpr\u00e6cisionscylinderbearbejdning, en robotsvejsemaskine, en automatisk reng\u00f8ringsmaskine, en automatisk cylindermonteringsmaskine og en automatisk malingslinje. Eksisterende kritisk udstyr p\u00e5 mere end 300 s\u00e6t (s\u00e6t). Optimal allokering og effektiv udnyttelse af udstyrsressourcer sikrer produkternes n\u00f8jagtighedskrav og opfylder produkternes h\u00f8je kvalitetsbehov.<\/p>\n<p><img loading=\"lazy\" decoding=\"async\" class=\"alignnone wp-image-626\" src=\"https:\/\/hydraulic-cylinders.net\/wp-content\/uploads\/2023\/08\/hydraulic-cylinder-product-1-300x158.webp\" alt=\"\" width=\"495\" height=\"260\" srcset=\"https:\/\/hydraulic-cylinders.net\/wp-content\/uploads\/2023\/08\/hydraulic-cylinder-product-1-300x158.webp 495w, https:\/\/hydraulic-cylinders.net\/wp-content\/uploads\/2023\/08\/hydraulic-cylinder-product-1-480x252.webp 480w\" sizes=\"(min-width: 0px) and (max-width: 480px) 480px, (min-width: 481px) 495px, 100vw\" \/> <img loading=\"lazy\" decoding=\"async\" class=\"alignnone wp-image-627\" src=\"https:\/\/hydraulic-cylinders.net\/wp-content\/uploads\/2023\/08\/hydraulic-cylinder-product-2-300x189.webp\" alt=\"\" width=\"413\" height=\"260\" \/><\/p>\n<h3>(2) Maskinbearbejdning<\/h3>\n<p>Bearbejdningsv\u00e6rkstedet er udstyret med et specialfremstillet drejecenter til skr\u00e5 skinner, bearbejdningscenter, h\u00f8jhastigheds-honemaskine, svejserobot og andet relateret udstyr, der kan h\u00e5ndtere bearbejdning af cylinderr\u00f8r med en maksimal indre diameter p\u00e5 400 mm og en maksimal l\u00e6ngde p\u00e5 6 meter.<\/p>\n<p><img loading=\"lazy\" decoding=\"async\" class=\"alignnone wp-image-628 size-large\" src=\"https:\/\/hydraulic-cylinders.net\/wp-content\/uploads\/2023\/08\/hydraulic-cylinder-product-3-1024x391.webp\" alt=\"\" width=\"1024\" height=\"391\" srcset=\"https:\/\/hydraulic-cylinders.net\/wp-content\/uploads\/2023\/08\/hydraulic-cylinder-product-3-980x374.webp 980w, https:\/\/hydraulic-cylinders.net\/wp-content\/uploads\/2023\/08\/hydraulic-cylinder-product-3-480x183.webp 480w\" sizes=\"(min-width: 0px) and (max-width: 480px) 480px, (min-width: 481px) and (max-width: 980px) 980px, (min-width: 981px) 1024px, 100vw\" \/><\/p>\n<h3>(3) Svejsning<\/h3>\n<p><img loading=\"lazy\" decoding=\"async\" class=\"alignnone wp-image-629 size-large\" src=\"https:\/\/hydraulic-cylinders.net\/wp-content\/uploads\/2023\/08\/hydraulic-cylinder-product-4-1024x510.webp\" alt=\"\" width=\"1024\" height=\"510\" srcset=\"https:\/\/hydraulic-cylinders.net\/wp-content\/uploads\/2023\/08\/hydraulic-cylinder-product-4-980x488.webp 980w, https:\/\/hydraulic-cylinders.net\/wp-content\/uploads\/2023\/08\/hydraulic-cylinder-product-4-480x239.webp 480w\" sizes=\"(min-width: 0px) and (max-width: 480px) 480px, (min-width: 481px) and (max-width: 980px) 980px, (min-width: 981px) 1024px, 100vw\" \/><\/p>\n<h3>(4) Maling og overfladebehandling<\/h3>\n<p>Med sm\u00e5 og mellemstore cylindriske automatiske vandbaserede malingsbel\u00e6gningslinjer, for at opn\u00e5 automatisk robotp\u00e5fyldning og -afl\u00e6sning samt automatisk spr\u00f8jtning, er den designm\u00e6ssige kapacitet p\u00e5 4000 stykker pr. skift;<br \/>\nVi har ogs\u00e5 en halvautomatisk malingsproduktionslinje til store cylindre drevet af en kabelk\u00e6de med en designkapacitet p\u00e5 60 kasser pr. skift.<\/p>\n<p><img loading=\"lazy\" decoding=\"async\" class=\"alignnone wp-image-630\" src=\"https:\/\/hydraulic-cylinders.net\/wp-content\/uploads\/2023\/08\/hydraulic-cylinder-product-5-300x213.webp\" alt=\"\" width=\"366\" height=\"260\" \/> <img loading=\"lazy\" decoding=\"async\" class=\"alignnone wp-image-631\" src=\"https:\/\/hydraulic-cylinders.net\/wp-content\/uploads\/2023\/08\/hydraulic-cylinder-product-6-300x225.webp\" alt=\"\" width=\"347\" height=\"260\" \/><\/p>\n<h3>(5) Testning<\/h3>\n<p>Vi har f\u00f8rsteklasses inspektionsfaciliteter og testb\u00e6nke for at sikre, at cylinderens ydeevne opfylder kravene.<\/p>\n<p><img loading=\"lazy\" decoding=\"async\" class=\"alignnone wp-image-632\" src=\"https:\/\/hydraulic-cylinders.net\/wp-content\/uploads\/2023\/08\/hydraulic-cylinder-product-8-300x200.webp\" alt=\"\" width=\"389\" height=\"260\" \/><\/p>\n<p>&nbsp;<\/p>\n<p>&nbsp;<\/p>\n<p>Vi er en af \u200b\u200bde bedste producenter af hydrauliske cylindre. Vi kan tilbyde et omfattende udvalg af hydrauliske cylindre. Vi leverer ogs\u00e5 tilsvarende <a href=\"https:\/\/hzpt.com\/agricultural-pto-gearbox\/\" target=\"_blank\" rel=\"noopener\">landbrugsgearkasser<\/a>Vi har eksporteret vores produkter til kunder over hele verden og har opn\u00e5et et godt omd\u00f8mme p\u00e5 grund af vores overlegne produktkvalitet og eftersalgsservice. Vi byder kunder i ind- og udland velkommen til at kontakte os for at forhandle forretninger, udveksle information og <a href=\"https:\/\/www.hydraulic-cylinders.net\/da\/contact-us\/\">samarbejde med os<\/a>!<\/p>\n<p>&nbsp;<\/p>","protected":false},"excerpt":{"rendered":"<p>V30D Series Axial Piston Variable Displacement Hydraulic Pump The V30D series axial piston variable displacement hydraulic pump is a state-of-the-art solution designed to deliver exceptional performance and efficiency in various hydraulic applications. With its advanced engineering, versatile design, and precise control, this hydraulic pump is a game-changer in the industry. The V30D series axial piston [&hellip;]<\/p>","protected":false},"featured_media":1975,"comment_status":"open","ping_status":"closed","template":"","meta":{"_et_pb_use_builder":"","_et_pb_old_content":"","_et_gb_content_width":""},"product_brand":[],"product_cat":[1425],"product_tag":[1426],"class_list":{"0":"post-1963","1":"product","2":"type-product","3":"status-publish","4":"has-post-thumbnail","6":"product_cat-piston-pump","7":"product_tag-hydraulic-pump","9":"first","10":"instock","11":"shipping-taxable","12":"product-type-simple"},"amp_enabled":true,"_links":{"self":[{"href":"https:\/\/www.hydraulic-cylinders.net\/da\/wp-json\/wp\/v2\/product\/1963","targetHints":{"allow":["GET"]}}],"collection":[{"href":"https:\/\/www.hydraulic-cylinders.net\/da\/wp-json\/wp\/v2\/product"}],"about":[{"href":"https:\/\/www.hydraulic-cylinders.net\/da\/wp-json\/wp\/v2\/types\/product"}],"replies":[{"embeddable":true,"href":"https:\/\/www.hydraulic-cylinders.net\/da\/wp-json\/wp\/v2\/comments?post=1963"}],"wp:featuredmedia":[{"embeddable":true,"href":"https:\/\/www.hydraulic-cylinders.net\/da\/wp-json\/wp\/v2\/media\/1975"}],"wp:attachment":[{"href":"https:\/\/www.hydraulic-cylinders.net\/da\/wp-json\/wp\/v2\/media?parent=1963"}],"wp:term":[{"taxonomy":"product_brand","embeddable":true,"href":"https:\/\/www.hydraulic-cylinders.net\/da\/wp-json\/wp\/v2\/product_brand?post=1963"},{"taxonomy":"product_cat","embeddable":true,"href":"https:\/\/www.hydraulic-cylinders.net\/da\/wp-json\/wp\/v2\/product_cat?post=1963"},{"taxonomy":"product_tag","embeddable":true,"href":"https:\/\/www.hydraulic-cylinders.net\/da\/wp-json\/wp\/v2\/product_tag?post=1963"}],"curies":[{"name":"wp","href":"https:\/\/api.w.org\/{rel}","templated":true}]}}