{"id":19645,"date":"2025-04-07T06:59:19","date_gmt":"2025-04-07T06:59:19","guid":{"rendered":"https:\/\/www.hydraulic-cylinders.net\/product\/boom-cylinder-for-bonny-ced1000-7\/"},"modified":"2025-04-07T06:59:22","modified_gmt":"2025-04-07T06:59:22","slug":"boom-cylinder-for-bonny-ced1000-7","status":"publish","type":"product","link":"https:\/\/www.hydraulic-cylinders.net\/da\/vare\/boom-cylinder-for-bonny-ced1000-7\/","title":{"rendered":"Bomcylinder til Bonny CED1000-7"},"content":{"rendered":"<h1>Bomcylinder til Bonny CED1000-7<\/h1>\n<h2>Introduktion til bomcylinder<\/h2>\n<p>Bomcylinderen, der er specielt designet til Bonny CED1000-7, er en afg\u00f8rende komponent i hydrauliske systemer, der anvendes i tunge maskiner. Denne hydrauliske cylinder er prim\u00e6rt ansvarlig for at styre bommens bev\u00e6gelse, s\u00e5 den kan forl\u00e6nges, tr\u00e6kkes tilbage og vippes efter behov. Denne funktionalitet er afg\u00f8rende for forskellige materialeh\u00e5ndteringsopgaver og forbedrer effektiviteten og alsidigheden af \u200b\u200budstyr s\u00e5som gravemaskiner, rendegravere og frontl\u00e6ssere.<\/p>\n<p>Som en specialiseret hydraulisk cylinder spiller skovlcylinderen en afg\u00f8rende rolle i betjeningen af \u200b\u200btunge maskiner. Den muligg\u00f8r pr\u00e6cise bev\u00e6gelser af skovlen, s\u00e5 f\u00f8reren nemt kan udf\u00f8re opgaver som gravning, l\u00f8ft og vipning. Det hydrauliske systems tryk muligg\u00f8r j\u00e6vn drift og sikrer, at bommen effektivt kan h\u00e5ndtere kravene fra byggeri, landbrug og andre tunge applikationer.<\/p>\n<p><img decoding=\"async\" src=\"https:\/\/www.hydraulic-cylinders.net\/wp-content\/uploads\/2025\/04\/songte-company-1.webp\" alt=\"Bomcylinder\"><\/p>\n<h2>Funktioner ved bomcylinderen<\/h2>\n<ul>\n<li>\n<h3>H\u00f8j styrke og holdbarhed<\/h3>\n<p>Bomcylinderen er fremstillet af h\u00f8jstyrkest\u00e5l eller aluminium og er designet til at modst\u00e5 h\u00f8jt tryk og tunge belastninger, hvilket g\u00f8r den velegnet til barske arbejdsmilj\u00f8er. De anvendte materialer sikrer slidstyrke og korrosionsbeskyttelse, hvilket forl\u00e6nger cylinderens levetid.<\/p>\n<\/li>\n<li>\n<h3>Effektiv hydraulisk drift<\/h3>\n<p>Cylinderen bruger hydraulisk olietryk til j\u00e6vne ud- og tilbagetr\u00e6kningsbev\u00e6gelser. Dette design muligg\u00f8r hurtig reaktion p\u00e5 driftskommandoer og giver en betydelig skubbe- og tr\u00e6kkraft, hvilket er afg\u00f8rende for h\u00e5ndtering af tunge belastninger og komplekse opgaver.<\/p>\n<\/li>\n<li>\n<h3>Forskellige typer<\/h3>\n<p>Bomcylinderen f\u00e5s i b\u00e5de enkeltvirkende (med hydraulisk tryk i \u00e9n retning) og dobbeltvirkende (med hydraulisk tryk i begge retninger) konfigurationer og kan opfylde forskellige driftskrav. Nogle modeller er teleskopiske, hvilket giver mulighed for st\u00f8rre udtr\u00e6k uden at \u00f8ge de udvendige dimensioner, hvilket g\u00f8r dem ideelle til pladsbegr\u00e6nsede anvendelser.<\/p>\n<\/li>\n<\/ul>\n<h2>Produktionskapaciteter<\/h2>\n<p>Vi er stolte af vores evne til at producere bomcylinderen, der tilbyder en perfekt erstatning for eksisterende hydrauliske cylindre. Vores produkter er fremstillet efter de h\u00f8jeste standarder, hvilket sikrer kompatibilitet og ydeevne med forskellige hydrauliske systemer.<\/p>\n<p><img decoding=\"async\" src=\"https:\/\/www.hydraulic-cylinders.net\/wp-content\/uploads\/2025\/04\/songte-cylinder-head-with-all-kinds-excavator-models.webp\" alt=\"Gravemaskinemodeller\"><\/p>\n<h2>Anvendelser af bomcylinderen<\/h2>\n<ul>\n<li>\n<h3>Entrepren\u00f8rudstyr<\/h3>\n<p>I gravemaskiner spiller bomcylinderen en afg\u00f8rende rolle i forbindelse med gravning, l\u00e6sning og flytning af jord eller affald. Den g\u00f8r det muligt for skovlen at tr\u00e6nge effektivt ned i jorden, hvilket muligg\u00f8r effektiv udgravning og materialeh\u00e5ndtering. Derudover hj\u00e6lper cylinderen i rendegravere med b\u00e5de grave- og l\u00f8ftefunktioner og optimerer ydeevnen p\u00e5 byggepladser.<\/p>\n<\/li>\n<li>\n<h3>Landbrugsmaskiner<\/h3>\n<p>Frontl\u00e6ssere bruger bomcylindre til at skovle, l\u00f8fte og transportere jord, h\u00f8 og andre materialer. Effektiviteten af \u200b\u200bdisse cylindre \u00f8ger produktiviteten i landbrugsdriften, hvilket g\u00f8r det muligt for landm\u00e6nd at styre deres opgaver mere effektivt.<\/p>\n<\/li>\n<li>\n<h3>Gravemaskiner<\/h3>\n<p>Bomcylinderen letter gravearbejdet i gravemaskiner, s\u00e5 skovlen kan bryde pr\u00e6cist gennem jorden. Denne evne er afg\u00f8rende for forskellige bygge- og nedrivningsprojekter, hvor pr\u00e6cis udgravning er p\u00e5kr\u00e6vet.<\/p>\n<\/li>\n<li>\n<h3>L\u00e6ssere<\/h3>\n<p>I frontl\u00e6ssere hj\u00e6lper bomcylinderen med at l\u00f8fte og losse last effektivt. Denne funktion er afg\u00f8rende for opgaver som at rydde op i affald eller flytte materialer, hvilket g\u00f8r den til en uundv\u00e6rlig komponent i bygge- og landskabsarbejde.<\/p>\n<\/li>\n<\/ul>\n<h2>Designovervejelser og udv\u00e6lgelseskriterier<\/h2>\n<ul>\n<li>\n<h3>Lastkapacitet<\/h3>\n<p>Det er afg\u00f8rende at forst\u00e5 lastekapaciteten, n\u00e5r man v\u00e6lger en hydraulisk cylinder. Bomcylinderen skal v\u00e6re i stand til at h\u00e5ndtere de forventede v\u00e6gtbelastninger under drift. Korrekt dimensionering sikrer sikkerhed og effektivitet og forhindrer fejl, der kan f\u00f8re til dyre nedetid.<\/p>\n<\/li>\n<li>\n<h3>Forsegling<\/h3>\n<p>Effektiv t\u00e6tning er afg\u00f8rende for at opretholde hydraulisk tryk og forhindre l\u00e6kager. Bomcylinderen anvender typisk t\u00e6tninger af h\u00f8j kvalitet, der modst\u00e5r barske forhold og samtidig sikrer lang levetid. Korrekt t\u00e6tning minimerer ogs\u00e5 vedligeholdelsesbehovet.<\/p>\n<\/li>\n<li>\n<h3>Holdbarhed<\/h3>\n<p>Materialerne og designet af bomcylinderen bidrager v\u00e6sentligt til dens holdbarhed. Faktorer som materialestyrke, bel\u00e6gning og den samlede konstruktion b\u00f8r overvejes for at sikre, at cylinderen kan modst\u00e5 h\u00e5rd brug over tid.<\/p>\n<\/li>\n<li>\n<h3>Sikkerhed<\/h3>\n<p>Sikkerhedsfunktioner er altafg\u00f8rende i hydrauliske systemer. Bomcylinderen b\u00f8r omfatte mekanismer, der forhindrer utilsigtet trykudl\u00f8sning, og sikkerhedsventiler til at h\u00e5ndtere overbelastningssituationer og dermed sikre f\u00f8rerens sikkerhed under brug.<\/p>\n<\/li>\n<li>\n<h3>Opretholdelse<\/h3>\n<p>Endelig er nem vedligeholdelse en n\u00f8glefaktor i cylinderdesign. Funktioner, der muligg\u00f8r hurtig inspektion, nem adgang til sm\u00f8ring og enkle udskiftningsprocesser, kan forbedre driftstiden betydeligt og reducere omkostningerne.<\/p>\n<\/li>\n<\/ul>\n<p><img decoding=\"async\" src=\"https:\/\/www.hydraulic-cylinders.net\/wp-content\/uploads\/2025\/04\/songte-oil-pipes-and-spare-parts.webp\" alt=\"Olier\u00f8r og reservedele\"><\/p>\n<h2>T\u00e6tning og sm\u00f8ring af bomcylinderen<\/h2>\n<p>For at sikre optimal ydeevne af bomcylinderen er det vigtigt at anvende forskellige t\u00e6tningskomponenter, s\u00e5som stempelt\u00e6tninger og stangt\u00e6tninger. Valget af t\u00e6tninger lavet af holdbare materialer som polyurethan og nitrilgummi forbedrer slidstyrken og levetiden. Derudover b\u00f8r cylinderhuset og gevindenderne gennemg\u00e5 fine bearbejdningsprocesser for at forbedre slidstyrken. Regelm\u00e6ssig kontrol og genopfyldning af hydraulikolie til sm\u00f8ring er ogs\u00e5 afg\u00f8rende for at opretholde en problemfri drift og forhindre overdreven slitage.<\/p>\n<h2>Forebyggende vedligeholdelsesforanstaltninger<\/h2>\n<ul>\n<li>\n<h3>Regelm\u00e6ssige inspektioner<\/h3>\n<p>Regelm\u00e6ssige inspektioner muligg\u00f8r tidlig opdagelse af potentielle problemer. Se efter tegn p\u00e5 slid, l\u00e6kager eller uregelm\u00e6ssigheder i cylinderens drift. Tidlig identifikation kan forhindre st\u00f8rre fejl, der forstyrrer driften.<\/p>\n<\/li>\n<li>\n<h3>Passende sm\u00f8ring<\/h3>\n<p>Det er afg\u00f8rende for problemfri drift at sikre, at bomcylinderen er tilstr\u00e6kkeligt smurt. Kontroller og genopfyld regelm\u00e6ssigt hydraulikolieniveauet for at undg\u00e5 friktion og overophedning, hvilket kan f\u00f8re til komponentfejl.<\/p>\n<\/li>\n<li>\n<h3>Udskiftning af pakning<\/h3>\n<p>Pakninger b\u00f8r udskiftes regelm\u00e6ssigt for at opretholde trykket og forhindre l\u00e6kager. Overv\u00e5gning af pakningernes tilstand kan hj\u00e6lpe med at identificere, hvorn\u00e5r udskiftning er n\u00f8dvendig, og dermed undg\u00e5 reduceret effektivitet og potentielle systemfejl.<\/p>\n<\/li>\n<\/ul>\n<h2>Installationsvejledning<\/h2>\n<p>Korrekt installation af bomcylinderen er afg\u00f8rende for optimal ydeevne. F\u00f8rst skal du s\u00f8rge for, at cylinderen er korrekt justeret med monteringspunkterne p\u00e5 maskinen. Brug af passende monteringsbeslag vil hj\u00e6lpe med at fastg\u00f8re cylinderen p\u00e5 plads. Pas p\u00e5 at undg\u00e5 forkert justering, hvilket kan f\u00f8re til driftsm\u00e6ssig ineffektivitet eller for tidligt slid. Brug korrekte hydrauliske fittings, og s\u00f8rg for, at de er sp\u00e6ndt i henhold til producentens specifikationer. Derudover skal du kontrollere for eventuelle hydrauliske l\u00e6kager efter installationen, og sikre korrekt v\u00e6skeniveau, f\u00f8r du p\u00e5begynder driften.<\/p>\n<h2>Almindelige vedligeholdelsesopgaver<\/h2>\n<ul>\n<li>\n<h3>Regelm\u00e6ssige inspektioner<\/h3>\n<p>Regelm\u00e6ssige inspektioner er afg\u00f8rende for at sikre, at bomcylinderen fungerer effektivt. Kontroller for tegn p\u00e5 slid, l\u00e6kager og korrekt funktion af pakninger. Denne proaktive tilgang hj\u00e6lper med at identificere potentielle problemer, f\u00f8r de eskalerer.<\/p>\n<\/li>\n<li>\n<h3>Korrekt sm\u00f8ring<\/h3>\n<p>Det er afg\u00f8rende for cylinderens levetid at bruge den korrekte hydraulikolie og opretholde tilstr\u00e6kkelig sm\u00f8ring. Overv\u00e5g regelm\u00e6ssigt olieniveauer og -kvalitet for at sikre, at cylinderen fungerer problemfrit uden un\u00f8dvendig friktion.<\/p>\n<\/li>\n<li>\n<h3>Udskiftning af pakninger og kalibreringskontroller<\/h3>\n<p>Udskift regelm\u00e6ssigt slidte pakninger og udf\u00f8r kalibreringskontroller for at sikre n\u00f8jagtig drift. Med tiden kan pakninger slides ned, hvilket f\u00f8rer til l\u00e6kager, s\u00e5 rettidig udskiftning er n\u00f8dvendig. Kalibrering sikrer, at cylinderen fungerer efter de kr\u00e6vede specifikationer, hvilket forbedrer sikkerhed og effektivitet.<\/p>\n<\/li>\n<\/ul>\n<p><img decoding=\"async\" src=\"https:\/\/www.hydraulic-cylinders.net\/wp-content\/uploads\/2025\/04\/songte-chushion-collar.webp\" alt=\"Pudekrave\"><\/p>\n<h2>Sikkerhedshensyn og milj\u00f8faktorer<\/h2>\n<p>Sikkerhedsforanstaltninger er afg\u00f8rende ved brug af hydrauliske cylindre. Operat\u00f8rer b\u00f8r tr\u00e6nes i de specifikke funktioner og potentielle farer forbundet med bomcylinderen. Regelm\u00e6ssige sikkerhedsrevisioner og overholdelse af driftsretningslinjer kan minimere ulykker og sikre et sikkert arbejdsmilj\u00f8. Derudover b\u00f8r milj\u00f8faktorer tages i betragtning under drift, s\u00e5som at undg\u00e5 eksponering for ekstreme temperaturer, der kan p\u00e5virke hydraulikv\u00e6skens ydeevne og cylinderens integritet.<\/p>\n<h2>Fejlfinding og almindelige problemer<\/h2>\n<ul>\n<li>\n<h3>Hydrauliske l\u00e6kager<\/h3>\n<p>Hydrauliske l\u00e6kager kan opst\u00e5 p\u00e5 grund af pakningsfejl eller forkerte fittings. Kontroller regelm\u00e6ssigt pakninger og fittings for integritet. Hvis der findes l\u00e6kager, skal pakningerne straks udskiftes for at forhindre v\u00e6sketab og opretholde trykket.<\/p>\n<\/li>\n<li>\n<h3>D\u00e5rlig pr\u00e6station<\/h3>\n<p>Hvis bomcylinderen ikke fungerer effektivt, skal du kontrollere hydraulikv\u00e6skeniveauet og sikre dig, at der ikke er nogen blokeringer i cylinderen. Lavt v\u00e6skeniveau kan f\u00f8re til tr\u00e6g drift og reduceret l\u00f8ftekapacitet.<\/p>\n<\/li>\n<li>\n<h3>Us\u00e6dvanlige lyde<\/h3>\n<p>Us\u00e6dvanlige lyde under drift kan v\u00e6re tegn p\u00e5 indvendig slitage eller luft i det hydrauliske system. Unders\u00f8g kilden til st\u00f8jen, og udf\u00f8r n\u00f8dvendig vedligeholdelse for at l\u00f8se problemet hurtigt.<\/p>\n<\/li>\n<\/ul>\n<p><img decoding=\"async\" src=\"https:\/\/www.hydraulic-cylinders.net\/wp-content\/uploads\/2025\/04\/songte-bushings-with-all-kinds-of-excavator-models.webp\" alt=\"B\u00f8sninger med gravemaskinemodeller\"><\/p>\n<h2>Tips til fejlfinding<\/h2>\n<p>For effektivt at diagnosticere og l\u00f8se problemer b\u00f8r man overveje at implementere forebyggende foranstaltninger s\u00e5som regelm\u00e6ssige inspektioner og vedligeholdelsesplaner. Detaljerede logfiler over drift og vedligeholdelse kan hj\u00e6lpe med at identificere m\u00f8nstre, der f\u00f8rer til problemer. Derudover skal man s\u00f8rge for, at operat\u00f8rer er tr\u00e6net til at genkende tegn p\u00e5 potentielle fejl tidligt, hvilket muligg\u00f8r hurtig indgriben og minimal nedetid.<\/p>\n<h2>Om vores virksomhed<\/h2>\n<p>Vi er en f\u00f8rende producent og grossist af hydrauliske cylindre, der henvender sig til b\u00e5de indenlandske og internationale markeder. Vores omfattende produktsortiment positionerer os som en n\u00f8gleakt\u00f8r i branchen. Vi str\u00e6ber efter fremragende kvalitet, drevet af en raffineret produktionsstrategi, der v\u00e6gter pr\u00e6cision og effektivitet. Vores dygtige arbejdsstyrke kombineret med avancerede digitale produktionsteknologier og strenge testsystemer forbedrer vores produktionskapacitet. Vi er forpligtet til at opfylde forskellige kundebehov med produkter af h\u00f8j kvalitet og exceptionel service.<\/p>\n<p>Vores professionalisme er bakket op af internationale certificeringer, der sikrer, at vi lever op til globale standarder. Vi tilbyder ogs\u00e5 skr\u00e6ddersyede tjenester, der er skr\u00e6ddersyet til specifikke kundekrav. Vores topmoderne produktionsudstyr g\u00f8r det muligt for os at opretholde h\u00f8j effektivitet og n\u00f8jagtighed, mens vores eftersalgsservice sikrer l\u00f8bende support til vores kunder.<\/p>\n<p><img decoding=\"async\" src=\"https:\/\/www.hydraulic-cylinders.net\/wp-content\/uploads\/2025\/04\/songte-company-4.webp\" alt=\"Firmabillede 1\"><br \/>\n<img decoding=\"async\" src=\"https:\/\/www.hydraulic-cylinders.net\/wp-content\/uploads\/2025\/04\/songte-company-3.webp\" alt=\"Virksomhedsbillede 2\"><\/p>\n<p>Forfatter: lyl<\/p>","protected":false},"excerpt":{"rendered":"<p>Boom Cylinder For Bonny CED1000-7 Introduction to Boom Cylinder The Boom Cylinder, specifically designed for the Bonny CED1000-7, is a crucial component in hydraulic systems used in heavy machinery. This hydraulic cylinder is primarily responsible for controlling the movement of the boom, allowing it to extend, retract, and tilt as needed. This functionality is vital [&hellip;]<\/p>","protected":false},"featured_media":17878,"comment_status":"open","ping_status":"closed","template":"","meta":{"_et_pb_use_builder":"","_et_pb_old_content":"","_et_gb_content_width":""},"product_brand":[],"product_cat":[1546],"product_tag":[1547,1496],"class_list":{"0":"post-19645","1":"product","2":"type-product","3":"status-publish","4":"has-post-thumbnail","6":"product_cat-boom-cylinders","7":"product_tag-boom-cylinders","8":"product_tag-hydraulic-cylinders","10":"first","11":"instock","12":"shipping-taxable","13":"product-type-simple"},"amp_enabled":true,"_links":{"self":[{"href":"https:\/\/www.hydraulic-cylinders.net\/da\/wp-json\/wp\/v2\/product\/19645","targetHints":{"allow":["GET"]}}],"collection":[{"href":"https:\/\/www.hydraulic-cylinders.net\/da\/wp-json\/wp\/v2\/product"}],"about":[{"href":"https:\/\/www.hydraulic-cylinders.net\/da\/wp-json\/wp\/v2\/types\/product"}],"replies":[{"embeddable":true,"href":"https:\/\/www.hydraulic-cylinders.net\/da\/wp-json\/wp\/v2\/comments?post=19645"}],"wp:featuredmedia":[{"embeddable":true,"href":"https:\/\/www.hydraulic-cylinders.net\/da\/wp-json\/wp\/v2\/media\/17878"}],"wp:attachment":[{"href":"https:\/\/www.hydraulic-cylinders.net\/da\/wp-json\/wp\/v2\/media?parent=19645"}],"wp:term":[{"taxonomy":"product_brand","embeddable":true,"href":"https:\/\/www.hydraulic-cylinders.net\/da\/wp-json\/wp\/v2\/product_brand?post=19645"},{"taxonomy":"product_cat","embeddable":true,"href":"https:\/\/www.hydraulic-cylinders.net\/da\/wp-json\/wp\/v2\/product_cat?post=19645"},{"taxonomy":"product_tag","embeddable":true,"href":"https:\/\/www.hydraulic-cylinders.net\/da\/wp-json\/wp\/v2\/product_tag?post=19645"}],"curies":[{"name":"wp","href":"https:\/\/api.w.org\/{rel}","templated":true}]}}