{"id":1965,"date":"2023-10-23T07:41:13","date_gmt":"2023-10-23T07:41:13","guid":{"rendered":"https:\/\/hydraulic-cylinders.net\/?post_type=product&#038;p=1965"},"modified":"2023-10-23T07:58:39","modified_gmt":"2023-10-23T07:58:39","slug":"v80m-series-axial-piston-variable-displacement-hydraulic-pump","status":"publish","type":"product","link":"https:\/\/www.hydraulic-cylinders.net\/da\/vare\/v80m-series-axial-piston-variable-displacement-hydraulic-pump\/","title":{"rendered":"V80M-serien aksial stempel hydraulisk pumpe med variabel slagvolumen"},"content":{"rendered":"<h1 style=\"text-align: center;\"><strong>V80M-serien aksial stempel hydraulisk pumpe med variabel slagvolumen<\/strong><\/h1>\n<p><img loading=\"lazy\" decoding=\"async\" class=\"aligncenter wp-image-1979\" src=\"https:\/\/hydraulic-cylinders.net\/wp-content\/uploads\/2023\/10\/v80m-series-axial-piston-variable-displacement-pump-1-300x300.webp\" alt=\"\" width=\"400\" height=\"400\" \/><\/p>\n<p>V80M-serien af \u200b\u200baksialstempel-hydrauliske pumper med variabel forskydning er en banebrydende l\u00f8sning designet til at revolutionere ydeevnen og effektiviteten af \u200b\u200bhydrauliske systemer. Med sine avancerede funktioner, pr\u00e6cise styring og robuste konstruktion s\u00e6tter denne hydrauliske pumpe en ny standard i branchen.<\/p>\n<p>V80M-seriens aksiale stempelhydraulikpumpe med variabel forskydning er revolutionerende inden for hydrauliske systemer. Dens variable forskydningskapacitet, h\u00f8je ydeevne og alsidige design giver pr\u00e6cis kontrol, forbedret effektivitet og exceptionel kraftlevering. Ved at f\u00f8lge de anbefalede brugsmetoder og regelm\u00e6ssig vedligeholdelse vil V80M-seriens pumper fortsat levere enest\u00e5ende ydeevne, effektivitet og p\u00e5lidelighed. Omfavn kraften og effektiviteten af \u200b\u200bV80m-seriens aksiale stempelhydraulikpumpe med variabel forskydning for at frig\u00f8re det fulde potentiale af dit hydrauliske system.<\/p>\n<p>V80M-serien aksial stempelhydraulisk pumpe med variabel slagvolumen N\u00f8gleegenskaber:<\/p>\n<ul>\n<li>Variabel slagvolumen: V80M-seriens pumpe anvender den nyeste teknologi til variabel slagvolumen, der g\u00f8r det muligt at justere pumpens ydelse baseret p\u00e5 systemets behov. Denne funktion sikrer optimal energiudnyttelse, forbedrer effektiviteten og reducerer str\u00f8mforbruget.<\/li>\n<li>H\u00f8j ydeevne og kraft: Med sit exceptionelle design og konstruktion leverer V80M-seriens pumpe enest\u00e5ende ydeevne og kraft. Den fungerer problemfrit p\u00e5 tv\u00e6rs af forskellige tryk og hastigheder, hvilket giver pr\u00e6cis kontrol og effektiv kraftlevering for overlegen systemydelse.<\/li>\n<li>Alsidigt design til forskellige anvendelser: V80M-serien af \u200b\u200bpumper er designet til at tilpasse sig forskellige hydrauliske systemer og anvendelser. Den tilbyder alsidighed i monteringsmuligheder, v\u00e6skekompatibilitet og styringsmetoder, hvilket g\u00f8r den velegnet til forskellige industrier og maskiner.<\/li>\n<li>Forbedret effektivitet ved enhver belastning: V80M-seriens pumpes variable slagvolumen sikrer effektivitet p\u00e5 tv\u00e6rs af en bred vifte af belastninger. Den minimerer energitab og produktivitet, selv under varierende driftsforhold, ved automatisk at justere ydelsen, s\u00e5 den matcher systemets krav.<\/li>\n<\/ul>\n<h2><strong>V80M-serien aksialstempel hydraulisk pumpe med variabel slagvolumen Parameter:<\/strong><\/h2>\n<table class=\"table table-bordered table-hover table-colored\">\n<tbody>\n<tr class=\"firstRow\">\n<td colspan=\"1\" rowspan=\"2\" align=\"center\" valign=\"middle\">St\u00f8rrelse<\/td>\n<td rowspan=\"2\" align=\"center\" valign=\"middle\">Slagvolumen cc\/omdr.<\/td>\n<td colspan=\"2\" rowspan=\"1\" align=\"center\" valign=\"middle\">Trykstang<\/td>\n<td colspan=\"2\" rowspan=\"1\" align=\"center\" valign=\"middle\">Rotationshastighed o\/min<\/td>\n<\/tr>\n<tr>\n<td align=\"center\" valign=\"middle\">Bed\u00f8mt<\/td>\n<td align=\"center\" valign=\"middle\">Spids<\/td>\n<td align=\"center\" valign=\"middle\">Maks. for selvansugning<sup>*1<\/sup><\/td>\n<td align=\"center\" valign=\"middle\">Maks.<sup>*2<\/sup><\/td>\n<\/tr>\n<tr>\n<td align=\"center\" valign=\"middle\">V80ML200<\/td>\n<td align=\"center\" valign=\"middle\">202<\/td>\n<td align=\"center\" valign=\"middle\">400<\/td>\n<td align=\"center\" valign=\"middle\">450<\/td>\n<td align=\"center\" valign=\"middle\">2150<\/td>\n<td align=\"center\" valign=\"middle\">2550<\/td>\n<\/tr>\n<\/tbody>\n<\/table>\n<h2><strong>Fordele ved V80M-seriens aksiale stempelhydrauliske pumpe med variabel slagvolumen:<\/strong><\/h2>\n<p>\u2022 Anvendes i \u00e5bne hydrauliske systemer<br \/>\n\u2022 Oliesugning tilg\u00e6ngelig med boost-tilstand<br \/>\n\u2022 H\u00f8j rotationshastighed<br \/>\n\u2022 H\u00f8jt nominelt tryk<br \/>\n\u2022 Kompakt struktur, nem installation<br \/>\n\u2022 S\u00f8rg for tilstr\u00e6kkeligt moment til den bagerste pumpe, n\u00e5r der kr\u00e6ves en tandempumpe<\/p>\n<h2><strong>V80M-serien aksial stempel hydraulisk pumpe med variabel slagvolumen <\/strong><strong>Anvendelse:<\/strong><\/h2>\n<p><img loading=\"lazy\" decoding=\"async\" class=\"alignnone wp-image-1985 size-large\" src=\"https:\/\/hydraulic-cylinders.net\/wp-content\/uploads\/2023\/10\/v80m-series-axial-piston-variable-displacement-pump-2-1024x346.webp\" alt=\"\" width=\"1024\" height=\"346\" srcset=\"https:\/\/hydraulic-cylinders.net\/wp-content\/uploads\/2023\/10\/v80m-series-axial-piston-variable-displacement-pump-2-1024x346.webp 1024w, https:\/\/hydraulic-cylinders.net\/wp-content\/uploads\/2023\/10\/v80m-series-axial-piston-variable-displacement-pump-2-980x331.webp 980w, https:\/\/hydraulic-cylinders.net\/wp-content\/uploads\/2023\/10\/v80m-series-axial-piston-variable-displacement-pump-2-480x162.webp 480w\" sizes=\"(min-width: 0px) and (max-width: 480px) 480px, (min-width: 481px) and (max-width: 980px) 980px, (min-width: 981px) 1024px, 100vw\" \/><\/p>\n<h2><strong>Brugsmetode for V80M-serien aksial stempel hydraulisk pumpe med variabel forskydning<\/strong><strong>:<\/strong><\/h2>\n<ul>\n<li><strong>Installation og integration:<\/strong> V\u00e6lg en passende placering i hydrauliksystemet til installation af V80M-seriens aksialstempelhydraulikpumpe med variabel forskydning. S\u00f8rg for korrekt justering, og monter pumpen sikkert ved hj\u00e6lp af passende beslag eller tilbeh\u00f8r. Tilslut pumpen til hydrauliksystemet ved hj\u00e6lp af kompatible fittings og slanger, og s\u00f8rg for l\u00e6kagefri forbindelser.<\/li>\n<li><strong>V\u00e6skekompatibilitet:<\/strong> Kontroller, at den hydrauliske v\u00e6ske, der anvendes i systemet, er kompatibel med V80M-serien af \u200b\u200bpumper. Se producentens anbefalede v\u00e6sketype, viskositet og temperaturomr\u00e5de. Overv\u00e5g og vedligehold regelm\u00e6ssigt den hydrauliske v\u00e6ske for at sikre optimal pumpedrift og levetid.<\/li>\n<li><strong>Kontrol og justering:<\/strong> G\u00f8r dig bekendt med de styremuligheder, der f\u00f8lger med V80M-serien af \u200b\u200bpumper. Afh\u00e6ngigt af den specifikke model kan den tilbyde forskellige styremetoder, s\u00e5som manuel, proportional eller elektronisk styring. Forst\u00e5 de anbefalede styreindstillinger, og juster dem i overensstemmelse hermed for at optimere pumpens ydeevne.<\/li>\n<li><strong>Systemoptimering:<\/strong> V80M-serien af \u200b\u200bpumper muligg\u00f8r systemoptimering ved at justere pumpens slagvolumen, s\u00e5 den matcher belastningskravene. Udnyt denne funktion til at maksimere energieffektiviteten og den samlede systemydelse.<\/li>\n<\/ul>\n<h2><strong>Hvordan reparerer man en hydraulisk cylinder?<\/strong><\/h2>\n<p>Reparation af en hydraulisk cylinder kr\u00e6ver en omhyggelig vurdering, identifikation af problemet og passende skridt til at l\u00f8se problemet. Her er en generel vejledning, der kan hj\u00e6lpe dig med at reparere en hydraulisk cylinder:<\/p>\n<ol>\n<li><strong>Sikkerhed f\u00f8rst:<\/strong> F\u00f8r reparationsarbejde p\u00e5begyndes, skal det sikres, at trykket i hydrauliksystemet er aflastet, og at hydraulikv\u00e6sken er fuldst\u00e6ndig dr\u00e6net. Brug passende personlige v\u00e6rnemidler (PPE), s\u00e5som handsker og sikkerhedsbriller, for at beskytte dig mod farer.<\/li>\n<li><strong>Identificer problemet:<\/strong> Unders\u00f8g den hydrauliske cylinder grundigt for at identificere det specifikke problem eller den specifikke skade. Almindelige problemer omfatter ut\u00e6tte pakninger, beskadigede st\u00e6nger, slidte lejer eller ridser i cylinderboringen. Forst\u00e5else af problemet vil hj\u00e6lpe dig med at bestemme de n\u00f8dvendige reparationstrin.<\/li>\n<li><strong>Saml v\u00e6rkt\u00f8j og reservedele:<\/strong> Saml de n\u00f8dvendige v\u00e6rkt\u00f8jer og reservedele baseret p\u00e5 det identificerede problem. Dette kan omfatte skruen\u00f8gler, topn\u00f8gler, t\u00e6nger, et t\u00e6tningss\u00e6t, nye lejer, en hone og et mikrometer. S\u00f8rg for, at du har de korrekte dele, der matcher specifikationerne for din hydrauliske cylinder.<\/li>\n<li><strong>Afmonter cylinderen:<\/strong> F\u00f8lg trinene beskrevet i det forrige svar om adskillelse af en hydraulisk cylinder. Fjern forsigtigt endekapperne, stemplet, stangsamlingen og eventuelle andre komponenter for at f\u00e5 adgang til de beskadigede eller defekte dele.<\/li>\n<li><strong>Udskift pakninger og lejer:<\/strong> Hvis problemet er ut\u00e6tte eller slidte lejer, skal du forsigtigt fjerne de gamle pakninger og lejer fra deres respektive placeringer. Reng\u00f8r paknings- og lejerillerne grundigt for at fjerne snavs eller ophobning. Monter nye pakninger og lejer i henhold til producentens anvisninger, og s\u00f8rg for korrekt justering og sm\u00f8ring. Brug passende v\u00e6rkt\u00f8j til at presse pakningerne og lejerne p\u00e5 plads.<\/li>\n<li><strong>Reparation af beskadiget stang eller cylinderboring:<\/strong> Hvis stangen eller cylinderboringen er beskadiget, kan det v\u00e6re n\u00f8dvendigt at reparere eller udskifte den. Mindre ridser eller ridser p\u00e5 stangen kan ofte repareres ved at slibe overfladen med et slibev\u00e6rkt\u00f8j. M\u00e5l stangdiameteren med en mikrometer for at sikre, at den forbliver inden for de angivne tolerancer. Hvis skaden er alvorlig eller overstiger de tilladte gr\u00e6nser, kan det v\u00e6re n\u00f8dvendigt at udskifte stangen.<\/li>\n<\/ol>\n<p>Kontakt en professionel hydraulisk reparationsservice eller producent for vejledning i reparation af cylinderboring. De kan anbefale en honingsproces eller i nogle tilf\u00e6lde en ny muffe p\u00e5 cylinderboringen, hvis skaden er omfattende.<\/p>\n<ol start=\"7\">\n<li><strong>Saml cylinderen igen:<\/strong> F\u00f8lg den omvendte r\u00e6kkef\u00f8lge af demontering for at samle den hydrauliske cylinder igen. S\u00f8rg for, at alle komponenter er korrekt justeret og fastgjort. Sm\u00f8r pakninger og dele med hydraulikv\u00e6ske for at sikre problemfri drift.<\/li>\n<li><strong>Test og inspektion:<\/strong> Efter montering skal den reparerede hydrauliske cylinder grundigt inspiceres. Tryk systemet gradvist, og kontroller for l\u00e6kager eller unormal drift. Overv\u00e5g cylinderens ydeevne for at sikre, at den fungerer som forventet.<\/li>\n<li><strong>Regelm\u00e6ssig vedligeholdelse:<\/strong> Etabler en regelm\u00e6ssig vedligeholdelsesplan for at forl\u00e6nge den reparerede hydrauliske cylinders levetid. Dette kan omfatte periodiske inspektioner, sm\u00f8ring af pakninger og overv\u00e5gning af v\u00e6skeniveauer og -kvalitet. Overholdelse af forebyggende vedligeholdelsespraksis vil hj\u00e6lpe med at forhindre fremtidige problemer og maksimere cylinderens levetid.<\/li>\n<\/ol>\n<h2><strong>Fabrikkens kapacitet og kapacitet:<\/strong><\/h2>\n<h3>(1) Samling<\/h3>\n<p>Vi har en f\u00f8rsteklasses uafh\u00e6ngig forsknings- og udviklingsplatform til montering. V\u00e6rkstedet for produktion af hydrauliske cylindre har fire halvautomatiske l\u00f8ftecylindermonteringslinjer og en automatisk vippecylindermonteringslinje med en designm\u00e6ssig \u00e5rlig produktionskapacitet p\u00e5 1 million enheder. Det specielle cylinderv\u00e6rksted er udstyret med forskellige specifikationer for et halvautomatisk reng\u00f8ringsmonteringssystem med en designm\u00e6ssig \u00e5rlig produktionskapacitet p\u00e5 200.000 og udstyret med ber\u00f8mt CNC-bearbejdningsudstyr, et bearbejdningscenter, et specialudstyr til h\u00f8jpr\u00e6cisionscylinderbearbejdning, en robotsvejsemaskine, en automatisk reng\u00f8ringsmaskine, en automatisk cylindermonteringsmaskine og en automatisk malingslinje. Eksisterende kritisk udstyr p\u00e5 mere end 300 s\u00e6t (s\u00e6t). Optimal allokering og effektiv udnyttelse af udstyrsressourcer sikrer produkternes n\u00f8jagtighedskrav og opfylder produkternes h\u00f8je kvalitetsbehov.<\/p>\n<p><img loading=\"lazy\" decoding=\"async\" class=\"alignnone wp-image-626\" src=\"https:\/\/hydraulic-cylinders.net\/wp-content\/uploads\/2023\/08\/hydraulic-cylinder-product-1-300x158.webp\" alt=\"\" width=\"495\" height=\"260\" srcset=\"https:\/\/hydraulic-cylinders.net\/wp-content\/uploads\/2023\/08\/hydraulic-cylinder-product-1-300x158.webp 495w, https:\/\/hydraulic-cylinders.net\/wp-content\/uploads\/2023\/08\/hydraulic-cylinder-product-1-480x252.webp 480w\" sizes=\"(min-width: 0px) and (max-width: 480px) 480px, (min-width: 481px) 495px, 100vw\" \/> <img loading=\"lazy\" decoding=\"async\" class=\"alignnone wp-image-627\" src=\"https:\/\/hydraulic-cylinders.net\/wp-content\/uploads\/2023\/08\/hydraulic-cylinder-product-2-300x189.webp\" alt=\"\" width=\"413\" height=\"260\" \/><\/p>\n<h3>(2) Maskinbearbejdning<\/h3>\n<p>Bearbejdningsv\u00e6rkstedet er udstyret med et specialfremstillet drejecenter til skr\u00e5 skinner, bearbejdningscenter, h\u00f8jhastigheds-honemaskine, svejserobot og andet relateret udstyr, der kan h\u00e5ndtere bearbejdning af cylinderr\u00f8r med en maksimal indre diameter p\u00e5 400 mm og en maksimal l\u00e6ngde p\u00e5 6 meter.<\/p>\n<p><img loading=\"lazy\" decoding=\"async\" class=\"alignnone wp-image-628 size-large\" src=\"https:\/\/hydraulic-cylinders.net\/wp-content\/uploads\/2023\/08\/hydraulic-cylinder-product-3-1024x391.webp\" alt=\"\" width=\"1024\" height=\"391\" srcset=\"https:\/\/hydraulic-cylinders.net\/wp-content\/uploads\/2023\/08\/hydraulic-cylinder-product-3-980x374.webp 980w, https:\/\/hydraulic-cylinders.net\/wp-content\/uploads\/2023\/08\/hydraulic-cylinder-product-3-480x183.webp 480w\" sizes=\"(min-width: 0px) and (max-width: 480px) 480px, (min-width: 481px) and (max-width: 980px) 980px, (min-width: 981px) 1024px, 100vw\" \/><\/p>\n<h3>(3) Svejsning<\/h3>\n<p><img loading=\"lazy\" decoding=\"async\" class=\"alignnone wp-image-629 size-large\" src=\"https:\/\/hydraulic-cylinders.net\/wp-content\/uploads\/2023\/08\/hydraulic-cylinder-product-4-1024x510.webp\" alt=\"\" width=\"1024\" height=\"510\" srcset=\"https:\/\/hydraulic-cylinders.net\/wp-content\/uploads\/2023\/08\/hydraulic-cylinder-product-4-980x488.webp 980w, https:\/\/hydraulic-cylinders.net\/wp-content\/uploads\/2023\/08\/hydraulic-cylinder-product-4-480x239.webp 480w\" sizes=\"(min-width: 0px) and (max-width: 480px) 480px, (min-width: 481px) and (max-width: 980px) 980px, (min-width: 981px) 1024px, 100vw\" \/><\/p>\n<h3>(4) Maling og overfladebehandling<\/h3>\n<p>Med sm\u00e5 og mellemstore cylindriske automatiske vandbaserede malingsbel\u00e6gningslinjer, for at opn\u00e5 automatisk robotp\u00e5fyldning og -afl\u00e6sning samt automatisk spr\u00f8jtning, er den designm\u00e6ssige kapacitet p\u00e5 4000 stykker pr. skift;<br \/>\nVi har ogs\u00e5 en halvautomatisk malingsproduktionslinje til store cylindre drevet af en kabelk\u00e6de med en designkapacitet p\u00e5 60 kasser pr. skift.<\/p>\n<p><img loading=\"lazy\" decoding=\"async\" class=\"alignnone wp-image-630\" src=\"https:\/\/hydraulic-cylinders.net\/wp-content\/uploads\/2023\/08\/hydraulic-cylinder-product-5-300x213.webp\" alt=\"\" width=\"366\" height=\"260\" \/> <img loading=\"lazy\" decoding=\"async\" class=\"alignnone wp-image-631\" src=\"https:\/\/hydraulic-cylinders.net\/wp-content\/uploads\/2023\/08\/hydraulic-cylinder-product-6-300x225.webp\" alt=\"\" width=\"347\" height=\"260\" \/><\/p>\n<h3>(5) Testning<\/h3>\n<p>Vi har f\u00f8rsteklasses inspektionsfaciliteter og testb\u00e6nke for at sikre, at cylinderens ydeevne opfylder kravene.<\/p>\n<p><img loading=\"lazy\" decoding=\"async\" class=\"alignnone wp-image-632\" src=\"https:\/\/hydraulic-cylinders.net\/wp-content\/uploads\/2023\/08\/hydraulic-cylinder-product-8-300x200.webp\" alt=\"\" width=\"389\" height=\"260\" \/><\/p>\n<p>&nbsp;<\/p>\n<p>&nbsp;<\/p>\n<p>Vi er en af \u200b\u200bde bedste producenter af hydrauliske cylindre. Vi kan tilbyde et omfattende udvalg af hydrauliske cylindre. Vi leverer ogs\u00e5 tilsvarende <a href=\"https:\/\/hzpt.com\/agricultural-pto-gearbox\/\" target=\"_blank\" rel=\"noopener\">landbrugsgearkasser<\/a>Vi har eksporteret vores produkter til kunder over hele verden og har opn\u00e5et et godt omd\u00f8mme p\u00e5 grund af vores overlegne produktkvalitet og eftersalgsservice. Vi byder kunder i ind- og udland velkommen til at kontakte os for at forhandle forretninger, udveksle information og <a href=\"https:\/\/www.hydraulic-cylinders.net\/da\/contact-us\/\">samarbejde med os<\/a>!<\/p>\n<p>&nbsp;<\/p>","protected":false},"excerpt":{"rendered":"<p>V80M Series Axial Piston Variable Displacement Hydraulic Pump The V80M series axial piston variable displacement hydraulic pump is a cutting-edge solution designed to revolutionize the performance and efficiency of hydraulic systems. With its advanced features, precise control, and robust construction, this hydraulic pump sets a new standard in the industry. The V80M series axial piston [&hellip;]<\/p>","protected":false},"featured_media":1980,"comment_status":"open","ping_status":"closed","template":"","meta":{"_et_pb_use_builder":"","_et_pb_old_content":"","_et_gb_content_width":""},"product_brand":[],"product_cat":[1425],"product_tag":[1426],"class_list":{"0":"post-1965","1":"product","2":"type-product","3":"status-publish","4":"has-post-thumbnail","6":"product_cat-piston-pump","7":"product_tag-hydraulic-pump","9":"first","10":"instock","11":"shipping-taxable","12":"product-type-simple"},"amp_enabled":true,"_links":{"self":[{"href":"https:\/\/www.hydraulic-cylinders.net\/da\/wp-json\/wp\/v2\/product\/1965","targetHints":{"allow":["GET"]}}],"collection":[{"href":"https:\/\/www.hydraulic-cylinders.net\/da\/wp-json\/wp\/v2\/product"}],"about":[{"href":"https:\/\/www.hydraulic-cylinders.net\/da\/wp-json\/wp\/v2\/types\/product"}],"replies":[{"embeddable":true,"href":"https:\/\/www.hydraulic-cylinders.net\/da\/wp-json\/wp\/v2\/comments?post=1965"}],"wp:featuredmedia":[{"embeddable":true,"href":"https:\/\/www.hydraulic-cylinders.net\/da\/wp-json\/wp\/v2\/media\/1980"}],"wp:attachment":[{"href":"https:\/\/www.hydraulic-cylinders.net\/da\/wp-json\/wp\/v2\/media?parent=1965"}],"wp:term":[{"taxonomy":"product_brand","embeddable":true,"href":"https:\/\/www.hydraulic-cylinders.net\/da\/wp-json\/wp\/v2\/product_brand?post=1965"},{"taxonomy":"product_cat","embeddable":true,"href":"https:\/\/www.hydraulic-cylinders.net\/da\/wp-json\/wp\/v2\/product_cat?post=1965"},{"taxonomy":"product_tag","embeddable":true,"href":"https:\/\/www.hydraulic-cylinders.net\/da\/wp-json\/wp\/v2\/product_tag?post=1965"}],"curies":[{"name":"wp","href":"https:\/\/api.w.org\/{rel}","templated":true}]}}