{"id":19656,"date":"2025-04-07T07:00:04","date_gmt":"2025-04-07T07:00:04","guid":{"rendered":"https:\/\/www.hydraulic-cylinders.net\/product\/boom-cylinder-for-bonny-ced1250-7\/"},"modified":"2025-04-07T07:00:07","modified_gmt":"2025-04-07T07:00:07","slug":"boom-cylinder-for-bonny-ced1250-7","status":"publish","type":"product","link":"https:\/\/www.hydraulic-cylinders.net\/da\/vare\/boom-cylinder-for-bonny-ced1250-7\/","title":{"rendered":"Bomcylinder til Bonny CED1250-7"},"content":{"rendered":"<h1>Bomcylinder til Bonny CED1250-7<\/h1>\n<h2>Introduktion til bomcylinder<\/h2>\n<p>Bomcylinderen, der er specielt designet til Bonny CED1250-7, er en kritisk komponent i forskellige tunge maskiner, is\u00e6r i hydrauliske systemer. Denne type hydraulisk cylinder er konstrueret til at styre bev\u00e6gelsen af \u200b\u200ben skovl, s\u00e5 den kan l\u00f8fte, s\u00e6nke og vippe. Bomcylinderens funktionalitet er afg\u00f8rende for opgaver, der involverer materialeh\u00e5ndtering, hvilket g\u00f8r den uundv\u00e6rlig i bygge- og landbrugsapplikationer.<\/p>\n<p><img decoding=\"async\" src=\"https:\/\/www.hydraulic-cylinders.net\/wp-content\/uploads\/2025\/04\/songte-company-1.webp\" alt=\"Billede af bomcylinder\"><\/p>\n<h3>Definition og oversigt<\/h3>\n<p>En bomcylinder er en specialiseret hydraulisk cylinder, der muligg\u00f8r pr\u00e6cis bev\u00e6gelse af skovle i tunge maskiner s\u00e5som gravemaskiner, rendegravere og frontl\u00e6ssere. Dens prim\u00e6re rolle er at udnytte hydraulisk tryk for at muligg\u00f8re j\u00e6vn og kontrolleret bev\u00e6gelse, s\u00e5 operat\u00f8rer effektivt kan h\u00e5ndtere forskellige opgaver, fra udgravning til materialetransport. Disse cylindre er designet til at modst\u00e5 betydelige kr\u00e6fter og fungere under h\u00f8jt tryk, hvilket g\u00f8r dem afg\u00f8rende for funktionaliteten af \u200b\u200btungt udstyr.<\/p>\n<h2>Funktioner ved bomcylinderen<\/h2>\n<ul>\n<li><strong>H\u00f8j styrke og holdbarhed:<\/strong> Bomcylinderen er konstrueret af h\u00f8jstyrkest\u00e5l eller aluminium og kan modst\u00e5 h\u00f8jt tryk og tunge belastninger, samtidig med at den modst\u00e5r barske arbejdsforhold. Den er designet med slidstyrke og korrosionsbeskyttelse i tankerne for at forl\u00e6nge dens levetid.<\/li>\n<li><strong>Effektiv hydraulisk drift:<\/strong> Cylinderen bruger hydraulisk olietryk til at opn\u00e5 j\u00e6vn ud- og indtr\u00e6kning, hvilket giver mulighed for hurtig reaktion p\u00e5 f\u00f8rerkommandoer og leverer kraftig skubbe- og tr\u00e6kkraft, ideel til h\u00e5ndtering af tunge og komplekse opgaver.<\/li>\n<li><strong>Forskellige typer:<\/strong> Disse cylindre f\u00e5s i enkeltvirkende (der virker i \u00e9n retning) eller dobbeltvirkende (der virker i begge retninger) konfigurationer og kan skr\u00e6ddersys til at opfylde forskellige driftskrav. Nogle modeller er teleskopiske, hvilket giver mulighed for udvidet r\u00e6kkevidde uden at \u00f8ge de udvendige dimensioner, hvilket g\u00f8r dem velegnede til pladsbegr\u00e6nsede applikationer.<\/li>\n<\/ul>\n<p>Vi kan fremstille dette produkt, og vores cylindre erstatter perfekt dem, der er i brug i \u00f8jeblikket.<\/p>\n<p><img decoding=\"async\" src=\"https:\/\/www.hydraulic-cylinders.net\/wp-content\/uploads\/2025\/04\/songte-cylinder-head-with-all-kinds-excavator-models.webp\" alt=\"Gravemaskinemodeller\"><\/p>\n<h2>Applikationsscenarier<\/h2>\n<h3>Entrepren\u00f8rudstyr<\/h3>\n<p>I gravemaskiner spiller bomcylindre en afg\u00f8rende rolle i forbindelse med gravning, lastning og flytning af jord eller affald. De er ikke kun vigtige til udgravning, men ogs\u00e5 til l\u00f8fteoperationer, hvilket sikrer, at tunge materialer kan h\u00e5ndteres effektivt under byggeprojekter.<\/p>\n<h3>Landbrugsmaskiner<\/h3>\n<p>I frontl\u00e6ssere bruges bomcylindre til at skovle, l\u00f8fte og transportere jord, h\u00f8 og andre materialer. Deres evne til at udf\u00f8re flere opgaver g\u00f8r dem uvurderlige til landbrugsdrift, uanset om det drejer sig om at flytte bulkmaterialer eller hj\u00e6lpe med jordforvaltning.<\/p>\n<h3>Gravemaskiner<\/h3>\n<p>I gravemaskiner tillader bomcylinderen skovlen at tr\u00e6nge effektivt ned i jorden, hvilket muligg\u00f8r effektive gravehandlinger. Denne funktion er afg\u00f8rende for en bred vifte af graveopgaver og sikrer, at projekter udf\u00f8res hurtigt og pr\u00e6cist.<\/p>\n<h3>L\u00e6ssere<\/h3>\n<p>I frontl\u00e6ssere letter bomcylindre effektivt l\u00f8ft og t\u00f8mning af laster. Deres evne til at yde st\u00e6rke l\u00f8ftekapaciteter sikrer, at f\u00f8rere nemt kan h\u00e5ndtere tunge laster, hvilket bidrager til \u00f8get produktivitet p\u00e5 arbejdspladsen.<\/p>\n<h2>Designovervejelser og udv\u00e6lgelsesstandarder<\/h2>\n<ul>\n<li><strong>Belastningskapacitet:<\/strong> Bomcylinderens lasteevne er en afg\u00f8rende designm\u00e6ssig overvejelse. Den skal kunne l\u00f8fte og underst\u00f8tte v\u00e6gten af \u200b\u200bde materialer, der h\u00e5ndteres, uden at g\u00e5 p\u00e5 kompromis med sikkerhed eller ydeevne. Ingeni\u00f8rer udf\u00f8rer grundige beregninger for at bestemme de passende specifikationer baseret p\u00e5 de tilsigtede anvendelser og driftskrav.<\/li>\n<li><strong>T\u00e6tningsmekanismer:<\/strong> Effektiv t\u00e6tning er n\u00f8dvendig for at forhindre l\u00e6kager af hydraulikv\u00e6ske og opretholde trykket i cylinderen. Valget af t\u00e6tninger, s\u00e5som stempelt\u00e6tninger og stangt\u00e6tninger, er baseret p\u00e5 materialer, der kan modst\u00e5 milj\u00f8forhold og slid, hvilket sikrer langvarig p\u00e5lidelighed.<\/li>\n<li><strong>Holdbarhed:<\/strong> Bomcylindre skal v\u00e6re designet til lang levetid. Dette omfatter overvejelser om anvendte materialer, udmattelsesmodstand og evnen til at fungere i barske milj\u00f8er, som kan omfatte eksponering for snavs, fugt og ekstreme temperaturer.<\/li>\n<li><strong>Sikkerhedsfunktioner:<\/strong> Sikkerhed er altafg\u00f8rende i design af hydrauliske cylindre. Det er afg\u00f8rende at integrere funktioner, der forhindrer overstr\u00e6kning og overtryk, for at sikre sikker betjening af maskiner og operat\u00f8rernes velbefindende.<\/li>\n<li><strong>Vedligeholdelsesevne:<\/strong> Det er vigtigt at designe til vedligeholdelse. Cylinderen skal give nem adgang til pakninger og komponenter til regelm\u00e6ssig inspektion og udskiftning, hvilket minimerer nedetid og reparationsomkostninger.<\/li>\n<\/ul>\n<p><img decoding=\"async\" src=\"https:\/\/www.hydraulic-cylinders.net\/wp-content\/uploads\/2025\/04\/songte-oil-pipes-and-spare-parts.webp\" alt=\"Hydrauliske dele\"><\/p>\n<h2>T\u00e6tning og sm\u00f8ring<\/h2>\n<p>Bomcylinderen anvender forskellige t\u00e6tningskomponenter, s\u00e5som stempelt\u00e6tninger og stangt\u00e6tninger, for at sikre optimal ydeevne. T\u00e6tninger er typisk lavet af holdbare materialer som polyurethan eller nitrilgummi for at modst\u00e5 slid og milj\u00f8m\u00e6ssige forhold. Overfladerne p\u00e5 cylinderhuset og gevindenderne er fint forarbejdet for at forbedre slidstyrken. Regelm\u00e6ssig sm\u00f8ring med hydraulikolie er afg\u00f8rende for at opretholde cylinderens funktionalitet og kr\u00e6ver periodisk kontrol for at sikre tilstr\u00e6kkelige olieniveauer.<\/p>\n<h2>Regelm\u00e6ssig inspektion og forebyggende vedligeholdelse<\/h2>\n<ul>\n<li><strong>Periodiske inspektioner:<\/strong> Regelm\u00e6ssige inspektioner er n\u00f8dvendige for at identificere tegn p\u00e5 slid eller l\u00e6kager. Operat\u00f8rer b\u00f8r udarbejde en vedligeholdelsesplan for at kontrollere t\u00e6tninger, fittings og ledninger for integritet.<\/li>\n<li><strong>Sm\u00f8ring:<\/strong> S\u00f8rg for, at cylinderen altid er tilstr\u00e6kkeligt smurt. Brug den anbefalede hydraulikolietype, og f\u00f8lg producentens anvisninger for sm\u00f8reintervaller.<\/li>\n<li><strong>Udskiftning af pakning:<\/strong> Overv\u00e5g pakningernes tilstand, og udskift dem efter behov for at forhindre v\u00e6skel\u00e6kage og opretholde trykeffektiviteten.<\/li>\n<\/ul>\n<h2>Retningslinjer for korrekt installation<\/h2>\n<p>Korrekt installation af bomcylinderen er afg\u00f8rende for optimal ydeevne. Start med at sikre, at cylinderen er justeret n\u00f8jagtigt for at undg\u00e5 un\u00f8dig belastning af komponenterne. Brug passende monteringsbeslag til at fastg\u00f8re cylinderen p\u00e5 plads og forhindre bev\u00e6gelse under drift. F\u00f8lg producentens specifikationer vedr\u00f8rende momentindstillinger for bolte og beslag. S\u00f8rg for, at hydrauliske forbindelser er l\u00e6kagefri, og verificer, at systemet er udluftet f\u00f8r drift. Kontroller regelm\u00e6ssigt cylinderens justering og tilstand efter installation for at sikre fortsat effektivitet.<\/p>\n<h2>Vedligeholdelsesopgaver<\/h2>\n<ul>\n<li><strong>Regelm\u00e6ssige inspektioner:<\/strong> Hyppige kontroller for slitage hj\u00e6lper med at opdage potentielle problemer tidligt. Regelm\u00e6ssige inspektioner hj\u00e6lper med at opretholde ydeevnen og forl\u00e6nge cylinderens levetid.<\/li>\n<li><strong>Korrekt sm\u00f8ring:<\/strong> Konsekvent sm\u00f8ring er afg\u00f8rende for at forhindre friktion og slid i cylinderen. S\u00f8rg for at efterfylde hydraulikolie i henhold til vedligeholdelsesplanen.<\/li>\n<li><strong>Udskiftning og kalibrering af pakning:<\/strong> Pakninger b\u00f8r udskiftes afh\u00e6ngigt af deres tilstand. Regelm\u00e6ssige kalibreringskontroller sikrer, at cylinderen fungerer inden for de specificerede parametre og opretholder effektiviteten.<\/li>\n<\/ul>\n<h2>Sikkerhedshensyn og milj\u00f8faktorer<\/h2>\n<p>Sikkerhedsforanstaltninger er altafg\u00f8rende ved betjening af hydrauliske systemer. Operat\u00f8rer b\u00f8r overholde sikkerhedsprotokoller for at forhindre ulykker og sikre sikker brug af udstyr. Det er afg\u00f8rende at implementere sikkerhedsforanstaltninger s\u00e5som trykaflastningsventiler og korrekt tr\u00e6ning af personale, der h\u00e5ndterer hydrauliske maskiner. Derudover kan milj\u00f8faktorer s\u00e5som ekstreme temperaturer og eksponering for forurenende stoffer p\u00e5virke ydeevnen og levetiden af \u200b\u200bhydrauliske komponenter, hvilket kr\u00e6ver omhyggelig overvejelse under drift og vedligeholdelse.<\/p>\n<h2>Fejlfinding og almindelige problemer<\/h2>\n<ul>\n<li><strong>V\u00e6skel\u00e6kager:<\/strong> Unders\u00f8g for tegn p\u00e5 v\u00e6skel\u00e6kage, hvilket kan v\u00e6re tegn p\u00e5 t\u00e6tningsfejl. Kontroller forbindelserne, og udskift t\u00e6tningerne efter behov for at genoprette funktionaliteten.<\/li>\n<li><strong>D\u00e5rlig ydeevne:<\/strong> Hvis cylinderen ikke reagerer korrekt, kan det skyldes lavt hydraulikv\u00e6skeniveau eller luft i systemet. S\u00f8rg for korrekt v\u00e6skeniveau, og udluft systemet om n\u00f8dvendigt.<\/li>\n<li><strong>Overophedning:<\/strong> Overophedning kan skyldes for h\u00f8j belastning eller utilstr\u00e6kkelig sm\u00f8ring. Overv\u00e5g regelm\u00e6ssigt driftstemperaturerne, og juster arbejdsbelastningen i overensstemmelse hermed.<\/li>\n<\/ul>\n<h2>Tips til fejlfinding<\/h2>\n<p>For effektivt at diagnosticere og l\u00f8se problemer med bomcylinderen skal du have en proaktiv tilgang. Inspicer regelm\u00e6ssigt systemet for tegn p\u00e5 slid, og h\u00e5ndter mindre problemer, f\u00f8r de eskalerer til st\u00f8rre problemer. Implementer forebyggende foranstaltninger, s\u00e5som korrekt sm\u00f8ring og regelm\u00e6ssig vedligeholdelse, for at minimere potentielle komplikationer og sikre problemfri drift.<\/p>\n<p><img decoding=\"async\" src=\"https:\/\/www.hydraulic-cylinders.net\/wp-content\/uploads\/2025\/04\/songte-bushings-with-all-kinds-of-excavator-models.webp\" alt=\"Gravemaskineb\u00f8sninger\"><\/p>\n<h2>Om vores virksomhed<\/h2>\n<p>Vi er en f\u00f8rende producent af hydrauliske udskiftningscylindre og tilbyder et omfattende udvalg af produkter, der har gjort os til en af \u200b\u200bde fremtr\u00e6dende producenter og grossister p\u00e5 b\u00e5de indenlandske og internationale markeder. Vores engagement i ekspertise bakkes op af en raffineret produktionsstyringsstrategi i vores specialiserede produktionsv\u00e6rksteder. Vi forbedrer l\u00f8bende vores produktionsplatform gennem dygtige medarbejdere, avanceret digitalt produktionsudstyr og et robust inspektionssystem, hvilket resulterer i h\u00f8j effektivitet, pr\u00e6cision og kvalitet, der opfylder vores kunders forskellige behov.<\/p>\n<p><img decoding=\"async\" src=\"https:\/\/www.hydraulic-cylinders.net\/wp-content\/uploads\/2025\/04\/songte-company-4.webp\" alt=\"Virksomhedsoversigt\"><br \/>\n<img decoding=\"async\" src=\"https:\/\/www.hydraulic-cylinders.net\/wp-content\/uploads\/2025\/04\/songte-company-3.webp\" alt=\"Produktionsanl\u00e6g\"><\/p>\n<h2>Konklusion<\/h2>\n<p>Vores virksomhed er stolt af professionalisme, internationale certificeringer, skr\u00e6ddersyede tjenester, avanceret produktionsudstyr og dedikeret eftersalgssupport. Vi er forpligtet til at levere hydrauliske l\u00f8sninger af h\u00f8j kvalitet, der opfylder vores kunders skiftende behov p\u00e5 tv\u00e6rs af forskellige brancher.<\/p>\n<p>Forfatter: lyl<\/p>","protected":false},"excerpt":{"rendered":"<p>Boom Cylinder For Bonny CED1250-7 Introduction to Boom Cylinder The Boom Cylinder, specifically designed for the Bonny CED1250-7, is a critical component in various heavy machinery, particularly in hydraulic systems. This type of hydraulic cylinder is engineered to control the movement of a bucket, enabling it to lift, lower, and tilt. The functionality of the [&hellip;]<\/p>","protected":false},"featured_media":17874,"comment_status":"open","ping_status":"closed","template":"","meta":{"_et_pb_use_builder":"","_et_pb_old_content":"","_et_gb_content_width":""},"product_brand":[],"product_cat":[1546],"product_tag":[1547,1496],"class_list":{"0":"post-19656","1":"product","2":"type-product","3":"status-publish","4":"has-post-thumbnail","6":"product_cat-boom-cylinders","7":"product_tag-boom-cylinders","8":"product_tag-hydraulic-cylinders","10":"first","11":"instock","12":"shipping-taxable","13":"product-type-simple"},"amp_enabled":true,"_links":{"self":[{"href":"https:\/\/www.hydraulic-cylinders.net\/da\/wp-json\/wp\/v2\/product\/19656","targetHints":{"allow":["GET"]}}],"collection":[{"href":"https:\/\/www.hydraulic-cylinders.net\/da\/wp-json\/wp\/v2\/product"}],"about":[{"href":"https:\/\/www.hydraulic-cylinders.net\/da\/wp-json\/wp\/v2\/types\/product"}],"replies":[{"embeddable":true,"href":"https:\/\/www.hydraulic-cylinders.net\/da\/wp-json\/wp\/v2\/comments?post=19656"}],"wp:featuredmedia":[{"embeddable":true,"href":"https:\/\/www.hydraulic-cylinders.net\/da\/wp-json\/wp\/v2\/media\/17874"}],"wp:attachment":[{"href":"https:\/\/www.hydraulic-cylinders.net\/da\/wp-json\/wp\/v2\/media?parent=19656"}],"wp:term":[{"taxonomy":"product_brand","embeddable":true,"href":"https:\/\/www.hydraulic-cylinders.net\/da\/wp-json\/wp\/v2\/product_brand?post=19656"},{"taxonomy":"product_cat","embeddable":true,"href":"https:\/\/www.hydraulic-cylinders.net\/da\/wp-json\/wp\/v2\/product_cat?post=19656"},{"taxonomy":"product_tag","embeddable":true,"href":"https:\/\/www.hydraulic-cylinders.net\/da\/wp-json\/wp\/v2\/product_tag?post=19656"}],"curies":[{"name":"wp","href":"https:\/\/api.w.org\/{rel}","templated":true}]}}