{"id":1967,"date":"2023-10-23T08:13:37","date_gmt":"2023-10-23T08:13:37","guid":{"rendered":"https:\/\/hydraulic-cylinders.net\/?post_type=product&#038;p=1967"},"modified":"2023-10-23T08:13:38","modified_gmt":"2023-10-23T08:13:38","slug":"v33d-series-axial-piston-variable-displacement-hydraulic-pump","status":"publish","type":"product","link":"https:\/\/www.hydraulic-cylinders.net\/da\/vare\/v33d-series-axial-piston-variable-displacement-hydraulic-pump\/","title":{"rendered":"V33D-serien aksial stempel hydraulisk pumpe med variabel forskydning"},"content":{"rendered":"<h1 style=\"text-align: center;\"><strong>V33D-serien aksial stempel hydraulisk pumpe med variabel forskydning<\/strong><\/h1>\n<p><img loading=\"lazy\" decoding=\"async\" class=\"aligncenter wp-image-1986\" src=\"https:\/\/hydraulic-cylinders.net\/wp-content\/uploads\/2023\/10\/v33d-series-axial-piston-variable-displacement-pump-1-300x300.webp\" alt=\"\" width=\"400\" height=\"400\" \/><\/p>\n<p>V33D-serien af \u200b\u200baksialstempel-hydrauliske pumper med variabel forskydning er et revolutionerende produkt, der er designet til at forbedre ydeevnen og effektiviteten af \u200b\u200bhydrauliske systemer. Med sine avancerede funktioner, pr\u00e6cise styring og holdbare konstruktion s\u00e6tter denne hydrauliske pumpe nye standarder i branchen.<\/p>\n<p>V33D-seriens aksiale stempelhydraulikpumpe med variabel forskydning er revolutionerende inden for hydrauliske systemer. Dens variable forskydningskapacitet, h\u00f8je ydeevne og alsidige design giver pr\u00e6cis kontrol, forbedret effektivitet og exceptionel kraftlevering. Ved at f\u00f8lge de anbefalede brugsmetoder og regelm\u00e6ssig vedligeholdelse vil V33D-seriens hydraulikpumpe fortsat levere enest\u00e5ende ydeevne, effektivitet og p\u00e5lidelighed. Omfavn kraften og effektiviteten af \u200b\u200bv33d-seriens aksiale stempelhydraulikpumpe med variabel forskydning for at frig\u00f8re det fulde potentiale af dit hydrauliske system.<\/p>\n<p>V33D-serien aksialstempel-hydraulisk pumpe med variabel slagvolumen N\u00f8gleegenskaber:<\/p>\n<ul>\n<li>Variabel slagvolumen: V33D-seriens hydrauliske pumpe har banebrydende teknologi med variabel slagvolumen, der g\u00f8r det muligt at justere dens ydelse, s\u00e5 den matcher systemets behov. Denne funktion sikrer optimal energiudnyttelse, forbedrer effektiviteten og reducerer str\u00f8mforbruget.<\/li>\n<li>H\u00f8j ydeevne og kraft: Med sit exceptionelle design og konstruktion leverer V33D-seriens hydrauliske pumpe enest\u00e5ende ydeevne og kraft. Den fungerer problemfrit p\u00e5 tv\u00e6rs af forskellige tryk og hastigheder, hvilket giver pr\u00e6cis kontrol og effektiv kraftlevering for overlegen systemydelse.<\/li>\n<li>Alsidigt design til forskellige anvendelser: V33D-seriens hydrauliske pumpe er designet til at tilpasse sig forskellige hydrauliske systemer og anvendelser. Den tilbyder alsidighed i monteringsmuligheder, v\u00e6skekompatibilitet og styringsmetoder, hvilket g\u00f8r den velegnet til flere brancher og maskiner.<\/li>\n<li>Forbedret effektivitet ved enhver belastning: Den variable slagvolumenfunktion i V33D-serien af \u200b\u200bhydrauliske pumper sikrer effektivitet p\u00e5 tv\u00e6rs af en bred vifte af belastninger. Den minimerer energitab og produktivitet, selv under varierende driftsforhold, ved automatisk at justere ydelsen, s\u00e5 den matcher systemets krav.<\/li>\n<\/ul>\n<h2><strong>V33D-serien aksial stempel hydraulisk pumpe med variabel slagvolumen Parameter:<\/strong><\/h2>\n<table class=\"table table-bordered table-hover table-colored\">\n<tbody>\n<tr class=\"firstRow\">\n<td colspan=\"1\" rowspan=\"2\" align=\"center\" valign=\"middle\">St\u00f8rrelse<\/td>\n<td rowspan=\"2\" align=\"center\" valign=\"middle\">Slagvolumen cc\/omdr.<\/td>\n<td colspan=\"2\" rowspan=\"1\" align=\"center\" valign=\"middle\">Trykstang<\/td>\n<td colspan=\"2\" rowspan=\"1\" align=\"center\" valign=\"middle\">Rotationshastighed o\/min<\/td>\n<\/tr>\n<tr>\n<td align=\"center\" valign=\"middle\">Bed\u00f8mt<\/td>\n<td align=\"center\" valign=\"middle\">Spids<\/td>\n<td align=\"center\" valign=\"middle\">Maks. for selvansugning<sup>*1<\/sup><\/td>\n<td align=\"center\" valign=\"middle\">Maks.<sup>*2<\/sup><\/td>\n<\/tr>\n<tr>\n<td align=\"center\" valign=\"middle\">V33D<\/td>\n<td align=\"center\" valign=\"middle\">250<\/td>\n<td align=\"center\" valign=\"middle\">350<\/td>\n<td align=\"center\" valign=\"middle\">420<\/td>\n<td align=\"center\" valign=\"middle\">2000<\/td>\n<td align=\"center\" valign=\"middle\">2000<\/td>\n<\/tr>\n<\/tbody>\n<\/table>\n<h2><strong>Fordele ved V33D-seriens aksiale stempelhydrauliske pumpe med variabel slagvolumen:<\/strong><\/h2>\n<p>\u2022 Anvendes i lukkede hydrauliske systemer<br \/>\n\u2022 Lav st\u00f8j<br \/>\n\u2022 Flere kontrolmoduler<br \/>\n\u2022 Kompakt struktur, h\u00f8je effektt\u00e6theder<br \/>\n\u2022 Lang levetid, h\u00f8j selvansugende rotationshastighed<\/p>\n<h2><strong>V33D-serien aksial stempel hydraulisk pumpe med variabel forskydning <\/strong><strong>Anvendelse:<\/strong><\/h2>\n<p><img loading=\"lazy\" decoding=\"async\" class=\"alignnone wp-image-1983 size-full\" src=\"https:\/\/hydraulic-cylinders.net\/wp-content\/uploads\/2023\/10\/v60n-series-axial-piston-variable-displacement-pump-2.jpg\" alt=\"\" width=\"1146\" height=\"216\" srcset=\"https:\/\/hydraulic-cylinders.net\/wp-content\/uploads\/2023\/10\/v60n-series-axial-piston-variable-displacement-pump-2.jpg 1146w, https:\/\/hydraulic-cylinders.net\/wp-content\/uploads\/2023\/10\/v60n-series-axial-piston-variable-displacement-pump-2-980x185.jpg 980w, https:\/\/hydraulic-cylinders.net\/wp-content\/uploads\/2023\/10\/v60n-series-axial-piston-variable-displacement-pump-2-480x90.jpg 480w\" sizes=\"(min-width: 0px) and (max-width: 480px) 480px, (min-width: 481px) and (max-width: 980px) 980px, (min-width: 981px) 1146px, 100vw\" \/><\/p>\n<h2><strong>Brugsmetode for V33D-serien aksial stempel hydraulisk pumpe med variabel forskydning<\/strong><strong>:<\/strong><\/h2>\n<ul>\n<li><strong>Installation og integration:<\/strong>\u00a0 V\u00e6lg en passende placering i hydrauliksystemet til installation af V33D-seriens aksialstempelhydraulikpumpe med variabel forskydning. S\u00f8rg for korrekt justering, og monter pumpen sikkert ved hj\u00e6lp af passende beslag eller tilbeh\u00f8r. Tilslut pumpen til hydrauliksystemet ved hj\u00e6lp af kompatible fittings og slanger, og s\u00f8rg for l\u00e6kagefri forbindelser.<\/li>\n<li><strong>V\u00e6skekompatibilitet:<\/strong>\u00a0 Kontroller, at den hydrauliske v\u00e6ske, der anvendes i systemet, er kompatibel med V33D-seriens hydrauliske pumpe. Se producentens anbefalede v\u00e6sketype, viskositet og temperaturomr\u00e5de. Overv\u00e5g og vedligehold regelm\u00e6ssigt den hydrauliske v\u00e6ske for at sikre optimal pumpedrift og levetid.<\/li>\n<li><strong>Kontrol og justering:<\/strong>\u00a0 G\u00f8r dig bekendt med de styringsmuligheder, der f\u00f8lger med V33D-seriens hydrauliske pumpe. Afh\u00e6ngigt af den specifikke model kan den tilbyde forskellige styringsmetoder, s\u00e5som manuel, proportional eller elektronisk styring. Forst\u00e5 de anbefalede styringsindstillinger, og juster dem i overensstemmelse hermed for at optimere pumpens ydeevne.<\/li>\n<li><strong>Systemoptimering:<\/strong>\u00a0 V33D-seriens hydrauliske pumpe muligg\u00f8r systemoptimering ved at justere pumpens slagvolumen, s\u00e5 den matcher belastningskravene. Udnyt denne funktion til at maksimere energieffektiviteten og den samlede systemydelse.<\/li>\n<\/ul>\n<h2><strong>Hvordan fungerer en hydraulisk cylinder?<\/strong><\/h2>\n<p>Udskiftning af hydrauliske cylinderpakninger er en vigtig vedligeholdelsesopgave, der sikrer, at hydrauliske systemer fungerer korrekt. Her er en trinvis vejledning i, hvordan man udskifter hydrauliske cylinderpakninger:<\/p>\n<ol>\n<li><strong>Forberedelse:<\/strong>\n<ul>\n<li>Saml det n\u00f8dvendige v\u00e6rkt\u00f8j og udstyr, herunder et t\u00e6tningss\u00e6t, hydraulikolie, sikkerhedsbriller, handsker og et rent arbejdsomr\u00e5de.<\/li>\n<li>S\u00f8rg for, at det hydrauliske system er trykaflastet. F\u00f8lg producentens anvisninger for korrekt trykaflastnings- og l\u00e5se-\/m\u00e6rkningsprocedurer.<\/li>\n<\/ul>\n<\/li>\n<li><strong>Fjern cylinderen:<\/strong>\n<ul>\n<li>Frakobl alle hydrauliske slanger eller fittings, der er forbundet til cylinderen.<\/li>\n<li>Fjern monteringsboltene eller stifterne, der holder cylinderen p\u00e5 plads.<\/li>\n<li>Tag forsigtigt cylinderen ud af dens hus eller monteringssted.<\/li>\n<\/ul>\n<\/li>\n<li><strong>Afmonter cylinderen:<\/strong>\n<ul>\n<li>Placer cylinderen p\u00e5 en ren arbejdsflade, og fjern alle eksterne komponenter, s\u00e5som stangbeskyttere eller viskere.<\/li>\n<li>Adskil forsigtigt cylinderen ved at fjerne ended\u00e6kslet eller pakd\u00e5sen fra cylinderr\u00f8ret eller -r\u00f8ret. Brug passende v\u00e6rkt\u00f8j, s\u00e5som skruen\u00f8gler eller skruen\u00f8gler, til at l\u00f8sne og fjerne fastholdelsesboltene eller -m\u00f8trikkerne.<\/li>\n<li>N\u00e5r ended\u00e6kslet eller pakningen er fjernet, vil stemplet, stangen og pakningerne v\u00e6re tilg\u00e6ngelige.<\/li>\n<\/ul>\n<\/li>\n<li><strong>Fjern de gamle t\u00e6tninger:<\/strong>\n<ul>\n<li>Unders\u00f8g stempel, stang og cylinderl\u00f8b for tegn p\u00e5 skader eller slid.<\/li>\n<li>Fjern forsigtigt de gamle pakninger med v\u00e6rkt\u00f8j eller hakker til fjernelse af pakninger. V\u00e6r opm\u00e6rksom p\u00e5 pakningernes placering og retning for korrekt montering af de nye pakninger.<\/li>\n<\/ul>\n<\/li>\n<li><strong>Reng\u00f8r og klarg\u00f8r:<\/strong>\n<ul>\n<li>Reng\u00f8r cylinderkomponenterne grundigt med et egnet opl\u00f8sningsmiddel for at fjerne snavs, affald og gamle pakningsrester. S\u00f8rg for, at alle overflader er rene og t\u00f8rre, f\u00f8r du forts\u00e6tter.<\/li>\n<\/ul>\n<\/li>\n<li><strong>Installer de nye pakninger:<\/strong>\n<ul>\n<li>Se producentens anvisninger og t\u00e6tningss\u00e6ttet for korrekt montering af t\u00e6tninger. Sm\u00f8r de nye t\u00e6tninger med hydraulikolie eller et anbefalet t\u00e6tningssm\u00f8remiddel.<\/li>\n<li>Monter forsigtigt de nye pakninger p\u00e5 stemplet, stangen og cylindercylinderen, og s\u00f8rg for, at de sidder korrekt og justeres i henhold til pakningens arrangement og retning.<\/li>\n<\/ul>\n<\/li>\n<li><strong>Saml cylinderen igen:<\/strong>\n<ul>\n<li>Saml cylinderen igen i omvendt r\u00e6kkef\u00f8lge af adskillelsen. Start med at fastg\u00f8re ended\u00e6kslet eller pakd\u00e5sen til cylindercylinderen eller -r\u00f8ret og sp\u00e6nd fastholdelsesboltene eller -m\u00f8trikkerne med det angivne moment.<\/li>\n<li>S\u00f8rg for, at alle komponenter, inklusive t\u00e6tninger, er korrekt justeret og placeret perfekt.<\/li>\n<li>Monter alle eksterne komponenter, s\u00e5som stangbeskyttere eller vinduesviskere, igen.<\/li>\n<\/ul>\n<\/li>\n<li><strong>Installer cylinderen:<\/strong>\n<ul>\n<li>S\u00e6t forsigtigt den genmonterede cylinder tilbage i dens hus eller monteringssted.<\/li>\n<li>Fastg\u00f8r cylinderen ved at genmontere monteringsboltene eller -stifterne og stramme dem til det angivne moment.<\/li>\n<li>Tilslut alle hydrauliske slanger eller fittings til cylinderen igen, og s\u00f8rg for korrekt tilsp\u00e6nding og justering.<\/li>\n<\/ul>\n<\/li>\n<li><strong>Test og tjek for l\u00e6kager:<\/strong>\n<ul>\n<li>Fyld hydrauliksystemet op med den anbefalede hydraulikolie til det korrekte niveau.<\/li>\n<li>Tryk langsomt systemet op, og kontroller for l\u00e6kager omkring de nyligt udskiftede pakninger.<\/li>\n<li>Betjen det hydrauliske system i hele dets bev\u00e6gelsesomr\u00e5de for at sikre korrekt t\u00e6tningsfunktion og systemydeevne.<\/li>\n<\/ul>\n<\/li>\n<\/ol>\n<h2><strong>Fabrikkens kapacitet og kapacitet:<\/strong><\/h2>\n<h3>(1) Samling<\/h3>\n<p>Vi har en f\u00f8rsteklasses uafh\u00e6ngig forsknings- og udviklingsplatform til montering. V\u00e6rkstedet for produktion af hydrauliske cylindre har fire halvautomatiske l\u00f8ftecylindermonteringslinjer og en automatisk vippecylindermonteringslinje med en designm\u00e6ssig \u00e5rlig produktionskapacitet p\u00e5 1 million enheder. Det specielle cylinderv\u00e6rksted er udstyret med forskellige specifikationer for et halvautomatisk reng\u00f8ringsmonteringssystem med en designm\u00e6ssig \u00e5rlig produktionskapacitet p\u00e5 200.000 og udstyret med ber\u00f8mt CNC-bearbejdningsudstyr, et bearbejdningscenter, et specialudstyr til h\u00f8jpr\u00e6cisionscylinderbearbejdning, en robotsvejsemaskine, en automatisk reng\u00f8ringsmaskine, en automatisk cylindermonteringsmaskine og en automatisk malingslinje. Eksisterende kritisk udstyr p\u00e5 mere end 300 s\u00e6t (s\u00e6t). Optimal allokering og effektiv udnyttelse af udstyrsressourcer sikrer produkternes n\u00f8jagtighedskrav og opfylder produkternes h\u00f8je kvalitetsbehov.<\/p>\n<p><img loading=\"lazy\" decoding=\"async\" class=\"alignnone wp-image-626\" src=\"https:\/\/hydraulic-cylinders.net\/wp-content\/uploads\/2023\/08\/hydraulic-cylinder-product-1-300x158.webp\" alt=\"\" width=\"495\" height=\"260\" srcset=\"https:\/\/hydraulic-cylinders.net\/wp-content\/uploads\/2023\/08\/hydraulic-cylinder-product-1-300x158.webp 495w, https:\/\/hydraulic-cylinders.net\/wp-content\/uploads\/2023\/08\/hydraulic-cylinder-product-1-480x252.webp 480w\" sizes=\"(min-width: 0px) and (max-width: 480px) 480px, (min-width: 481px) 495px, 100vw\" \/> <img loading=\"lazy\" decoding=\"async\" class=\"alignnone wp-image-627\" src=\"https:\/\/hydraulic-cylinders.net\/wp-content\/uploads\/2023\/08\/hydraulic-cylinder-product-2-300x189.webp\" alt=\"\" width=\"413\" height=\"260\" \/><\/p>\n<h3>(2) Maskinbearbejdning<\/h3>\n<p>Bearbejdningsv\u00e6rkstedet er udstyret med et specialfremstillet drejecenter til skr\u00e5 skinner, bearbejdningscenter, h\u00f8jhastigheds-honemaskine, svejserobot og andet relateret udstyr, der kan h\u00e5ndtere bearbejdning af cylinderr\u00f8r med en maksimal indre diameter p\u00e5 400 mm og en maksimal l\u00e6ngde p\u00e5 6 meter.<\/p>\n<p><img loading=\"lazy\" decoding=\"async\" class=\"alignnone wp-image-628 size-large\" src=\"https:\/\/hydraulic-cylinders.net\/wp-content\/uploads\/2023\/08\/hydraulic-cylinder-product-3-1024x391.webp\" alt=\"\" width=\"1024\" height=\"391\" srcset=\"https:\/\/hydraulic-cylinders.net\/wp-content\/uploads\/2023\/08\/hydraulic-cylinder-product-3-980x374.webp 980w, https:\/\/hydraulic-cylinders.net\/wp-content\/uploads\/2023\/08\/hydraulic-cylinder-product-3-480x183.webp 480w\" sizes=\"(min-width: 0px) and (max-width: 480px) 480px, (min-width: 481px) and (max-width: 980px) 980px, (min-width: 981px) 1024px, 100vw\" \/><\/p>\n<h3>(3) Svejsning<\/h3>\n<p><img loading=\"lazy\" decoding=\"async\" class=\"alignnone wp-image-629 size-large\" src=\"https:\/\/hydraulic-cylinders.net\/wp-content\/uploads\/2023\/08\/hydraulic-cylinder-product-4-1024x510.webp\" alt=\"\" width=\"1024\" height=\"510\" srcset=\"https:\/\/hydraulic-cylinders.net\/wp-content\/uploads\/2023\/08\/hydraulic-cylinder-product-4-980x488.webp 980w, https:\/\/hydraulic-cylinders.net\/wp-content\/uploads\/2023\/08\/hydraulic-cylinder-product-4-480x239.webp 480w\" sizes=\"(min-width: 0px) and (max-width: 480px) 480px, (min-width: 481px) and (max-width: 980px) 980px, (min-width: 981px) 1024px, 100vw\" \/><\/p>\n<h3>(4) Maling og overfladebehandling<\/h3>\n<p>Med sm\u00e5 og mellemstore cylindriske automatiske vandbaserede malingsbel\u00e6gningslinjer, for at opn\u00e5 automatisk robotp\u00e5fyldning og -afl\u00e6sning samt automatisk spr\u00f8jtning, er den designm\u00e6ssige kapacitet p\u00e5 4000 stykker pr. skift;<br \/>\nVi har ogs\u00e5 en halvautomatisk malingsproduktionslinje til store cylindre drevet af en kabelk\u00e6de med en designkapacitet p\u00e5 60 kasser pr. skift.<\/p>\n<p><img loading=\"lazy\" decoding=\"async\" class=\"alignnone wp-image-630\" src=\"https:\/\/hydraulic-cylinders.net\/wp-content\/uploads\/2023\/08\/hydraulic-cylinder-product-5-300x213.webp\" alt=\"\" width=\"366\" height=\"260\" \/> <img loading=\"lazy\" decoding=\"async\" class=\"alignnone wp-image-631\" src=\"https:\/\/hydraulic-cylinders.net\/wp-content\/uploads\/2023\/08\/hydraulic-cylinder-product-6-300x225.webp\" alt=\"\" width=\"347\" height=\"260\" \/><\/p>\n<h3>(5) Testning<\/h3>\n<p>Vi har f\u00f8rsteklasses inspektionsfaciliteter og testb\u00e6nke for at sikre, at cylinderens ydeevne opfylder kravene.<\/p>\n<p><img loading=\"lazy\" decoding=\"async\" class=\"alignnone wp-image-632\" src=\"https:\/\/hydraulic-cylinders.net\/wp-content\/uploads\/2023\/08\/hydraulic-cylinder-product-8-300x200.webp\" alt=\"\" width=\"389\" height=\"260\" \/><\/p>\n<p>&nbsp;<\/p>\n<p>&nbsp;<\/p>\n<p>Vi er en af \u200b\u200bde bedste producenter af hydrauliske cylindre. Vi kan tilbyde et omfattende udvalg af hydrauliske cylindre. Vi leverer ogs\u00e5 tilsvarende <a href=\"https:\/\/hzpt.com\/agricultural-pto-gearbox\/\" target=\"_blank\" rel=\"noopener\">landbrugsgearkasser<\/a>Vi har eksporteret vores produkter til kunder over hele verden og har opn\u00e5et et godt omd\u00f8mme p\u00e5 grund af vores overlegne produktkvalitet og eftersalgsservice. Vi byder kunder i ind- og udland velkommen til at kontakte os for at forhandle forretninger, udveksle information og <a href=\"https:\/\/www.hydraulic-cylinders.net\/da\/contact-us\/\">samarbejde med os<\/a>!<\/p>\n<p>&nbsp;<\/p>","protected":false},"excerpt":{"rendered":"<p>V33D Series Axial Piston Variable Displacement Hydraulic Pump The V33D series axial piston variable displacement hydraulic pump is a revolutionary product designed to elevate the performance and efficiency of hydraulic systems. With its advanced features, precise control, and durable construction, this hydraulic pump sets new standards in the industry. The V33D series axial piston variable [&hellip;]<\/p>","protected":false},"featured_media":1987,"comment_status":"open","ping_status":"closed","template":"","meta":{"_et_pb_use_builder":"","_et_pb_old_content":"","_et_gb_content_width":""},"product_brand":[],"product_cat":[1425],"product_tag":[1426],"class_list":{"0":"post-1967","1":"product","2":"type-product","3":"status-publish","4":"has-post-thumbnail","6":"product_cat-piston-pump","7":"product_tag-hydraulic-pump","9":"first","10":"instock","11":"shipping-taxable","12":"product-type-simple"},"amp_enabled":true,"_links":{"self":[{"href":"https:\/\/www.hydraulic-cylinders.net\/da\/wp-json\/wp\/v2\/product\/1967","targetHints":{"allow":["GET"]}}],"collection":[{"href":"https:\/\/www.hydraulic-cylinders.net\/da\/wp-json\/wp\/v2\/product"}],"about":[{"href":"https:\/\/www.hydraulic-cylinders.net\/da\/wp-json\/wp\/v2\/types\/product"}],"replies":[{"embeddable":true,"href":"https:\/\/www.hydraulic-cylinders.net\/da\/wp-json\/wp\/v2\/comments?post=1967"}],"wp:featuredmedia":[{"embeddable":true,"href":"https:\/\/www.hydraulic-cylinders.net\/da\/wp-json\/wp\/v2\/media\/1987"}],"wp:attachment":[{"href":"https:\/\/www.hydraulic-cylinders.net\/da\/wp-json\/wp\/v2\/media?parent=1967"}],"wp:term":[{"taxonomy":"product_brand","embeddable":true,"href":"https:\/\/www.hydraulic-cylinders.net\/da\/wp-json\/wp\/v2\/product_brand?post=1967"},{"taxonomy":"product_cat","embeddable":true,"href":"https:\/\/www.hydraulic-cylinders.net\/da\/wp-json\/wp\/v2\/product_cat?post=1967"},{"taxonomy":"product_tag","embeddable":true,"href":"https:\/\/www.hydraulic-cylinders.net\/da\/wp-json\/wp\/v2\/product_tag?post=1967"}],"curies":[{"name":"wp","href":"https:\/\/api.w.org\/{rel}","templated":true}]}}