{"id":19674,"date":"2025-04-07T07:01:06","date_gmt":"2025-04-07T07:01:06","guid":{"rendered":"https:\/\/www.hydraulic-cylinders.net\/product\/boom-cylinder-for-baoding-wy150\/"},"modified":"2025-04-07T07:01:09","modified_gmt":"2025-04-07T07:01:09","slug":"boom-cylinder-for-baoding-wy150","status":"publish","type":"product","link":"https:\/\/www.hydraulic-cylinders.net\/da\/vare\/boom-cylinder-for-baoding-wy150\/","title":{"rendered":"Bomcylinder til Baoding WY150"},"content":{"rendered":"<h1>Bomcylinder til Baoding WY150<\/h1>\n<h2>Forst\u00e5else af bomcylinderen<\/h2>\n<p>Bomcylinderen er en specialiseret hydraulisk cylinder, der anvendes i forskellige tunge maskiner, s\u00e5som gravemaskiner, rendegravere og frontl\u00e6ssere. Dens prim\u00e6re funktion er at kontrollere skovlens bev\u00e6gelse, s\u00e5 den kan l\u00f8fte, s\u00e6nke og vippe effektivt. Denne funktion er afg\u00f8rende for materialeh\u00e5ndteringsopgaver, hvilket g\u00f8r bomcylinderen til en essentiel komponent i disse maskiners hydrauliske systemer.<\/p>\n<p><img decoding=\"async\" src=\"https:\/\/www.hydraulic-cylinders.net\/wp-content\/uploads\/2025\/04\/songte-company-1.webp\" alt=\"Bomcylinder\" \/><\/p>\n<h2>N\u00f8glefunktioner ved bomcylinderen<\/h2>\n<ul>\n<li>\n<h3>H\u00f8j styrke og holdbarhed<\/h3>\n<p> Bomcylindre, der typisk er fremstillet af h\u00f8jstyrkest\u00e5l eller aluminium, kan modst\u00e5 h\u00f8jt tryk og tunge belastninger, samtidig med at de tilpasser sig barske arbejdsforhold. Deres design understreger slidstyrke og korrosionsbeskyttelse, hvilket forl\u00e6nger deres levetid.<\/li>\n<li>\n<h3>Effektiv hydraulisk drift<\/h3>\n<p> Disse cylindre bruger hydraulisk olietryk til j\u00e6vn ud- og indtr\u00e6kning. De reagerer hurtigt p\u00e5 betjeningskommandoer og yder en betydelig skubbe- og tr\u00e6kkraft, hvilket g\u00f8r dem velegnede til h\u00e5ndtering af tunge genstande og komplekse opgaver.<\/li>\n<li>\n<h3>Forskellige typer tilg\u00e6ngelige<\/h3>\n<p> Bomcylindre kan v\u00e6lges i enkeltvirkende (ved brug af hydraulisk tryk i \u00e9n retning) eller dobbeltvirkende (ved brug af hydraulisk tryk i begge retninger) modeller for at im\u00f8dekomme forskellige driftsbehov. Visse modeller er teleskopiske, hvilket giver mulighed for st\u00f8rre udtr\u00e6k uden at \u00f8ge de ydre dimensioner, hvilket er ideelt til applikationer med begr\u00e6nset plads.<\/li>\n<li>\n<h3>Specialfremstilling<\/h3>\n<p> Vores produkter erstatter disse hydrauliske cylindre perfekt og sikrer kompatibilitet og ydeevne.<\/li>\n<li>\n<h3>Alsidige anvendelser<\/h3>\n<p> Bomcylinderen anvendes i forskellige maskiner og industrier, hvilket fremh\u00e6ver dens tilpasningsevne og afg\u00f8rende rolle inden for byggeri og landbrug.<\/h3>\n<\/li>\n<\/ul>\n<p><img decoding=\"async\" src=\"https:\/\/www.hydraulic-cylinders.net\/wp-content\/uploads\/2025\/04\/songte-cylinder-head-with-all-kinds-excavator-models.webp\" alt=\"Gravemaskinemodeller\" \/><\/p>\n<h2>Anvendelsesscenarier for bomcylindre<\/h2>\n<ul>\n<li>\n<h3>Entrepren\u00f8rudstyr<\/h3>\n<p> I gravemaskiner er bomcylindre afg\u00f8rende for gravning, lastning og flytning af jord eller affald. De hj\u00e6lper med at forbedre effektiviteten og produktiviteten i entrepren\u00f8ropgaver, s\u00e5 operat\u00f8rerne kan udf\u00f8re arbejdet med pr\u00e6cision og kontrol.<\/h3>\n<\/li>\n<li>\n<h3>Landbrugsmaskiner<\/h3>\n<p> I frontl\u00e6ssere er bomcylindre afg\u00f8rende for at opgrave, l\u00f8fte og transportere jord, h\u00f8 og andre materialer. Deres robuste design g\u00f8r det muligt for dem at h\u00e5ndtere tunge l\u00e6s, hvilket g\u00f8r dem uundv\u00e6rlige i landbrugsdrift.<\/h3>\n<\/li>\n<li>\n<h3>Gravemaskiner<\/h3>\n<p> Bomcylinderen g\u00f8r det muligt for skovlen at tr\u00e6nge effektivt ned i jorden, hvilket muligg\u00f8r effektive gravearbejder. Denne funktion \u00f8ger gravemaskiners produktivitet betydeligt i forskellige terr\u00e6ner.<\/h3>\n<\/li>\n<li>\n<h3>L\u00e6ssere<\/h3>\n<p> I frontl\u00e6ssere hj\u00e6lper bomcylindre med at l\u00f8fte og losse last effektivt. Deres styrke sikrer p\u00e5lidelig ydeevne ved h\u00e5ndtering af tunge materialer, hvilket forbedrer driftskapaciteten.<\/h3>\n<\/li>\n<\/ul>\n<h2>Designovervejelser og udv\u00e6lgelseskriterier<\/h2>\n<ul>\n<li>\n<h3>Lastkapacitet<\/h3>\n<p> Bomcylinderens lasteevne er afg\u00f8rende, da den direkte p\u00e5virker den type opgaver, som maskineriet kan udf\u00f8re. Cylindre med h\u00f8j lasteevne er afg\u00f8rende for tunge applikationer, da de sikrer sikkerhed og effektivitet i driften. Der skal foretages korrekte beregninger og overvejelser baseret p\u00e5 den tilsigtede anvendelse og milj\u00f8et.<\/h3>\n<\/li>\n<li>\n<h3>Forseglingsintegritet<\/h3>\n<p> Robuste t\u00e6tningssystemer er afg\u00f8rende for at forhindre l\u00e6kager af hydraulikv\u00e6ske, som kan kompromittere effektivitet og sikkerhed. Brugen af \u200b\u200bt\u00e6tninger af h\u00f8j kvalitet, der er designet til at modst\u00e5 ekstreme forhold, sikrer lang levetid og p\u00e5lidelighed. Regelm\u00e6ssig inspektion og vedligeholdelse af t\u00e6tninger bidrager v\u00e6sentligt til de hydrauliske systemers samlede ydeevne.<\/h3>\n<\/li>\n<li>\n<h3>Holdbarhed<\/h3>\n<p> Materialerne, der anvendes i konstruktionen af \u200b\u200bbomcylindre, skal kunne modst\u00e5 barske forhold. St\u00e5l af h\u00f8j kvalitet eller speciallegeringer forbedrer holdbarheden, hvilket g\u00f8r det muligt for cylinderen at fungere ensartet under belastning. Dette aspekt er afg\u00f8rende for at opretholde driftstiden og minimere reparationsomkostningerne.<\/h3>\n<\/li>\n<li>\n<h3>Sikkerhedsfunktioner<\/h3>\n<p> Sikkerhedsmekanismer, s\u00e5som overbelastningsbeskyttelse og fejlsikre designs, er afg\u00f8rende i hydrauliske cylindre for at forhindre ulykker og udstyrsskader. Valg af cylindre med indbyggede sikkerhedsfunktioner sikrer beskyttelse af operat\u00f8rer og maskiner.<\/h3>\n<\/li>\n<li>\n<h3>Vedligeholdelsestilg\u00e6ngelighed<\/h3>\n<p> Designet skal muligg\u00f8re nem vedligeholdelse og reparationer. Komponenter, der er lette at f\u00e5 adgang til for inspektion, sm\u00f8ring og udskiftning, bidrager til hydrauliksystemets levetid og reducerer nedetid.<\/h3>\n<\/li>\n<\/ul>\n<p><img decoding=\"async\" src=\"https:\/\/www.hydraulic-cylinders.net\/wp-content\/uploads\/2025\/04\/songte-oil-pipes-and-spare-parts.webp\" alt=\"Olier\u00f8r og reservedele\" \/><\/p>\n<h2>T\u00e6tning og sm\u00f8ring af bomcylindre<\/h2>\n<p>En bomcylinders effektive funktion er i h\u00f8j grad afh\u00e6ngig af dens t\u00e6tnings- og sm\u00f8resystemer. Forskellige t\u00e6tninger, s\u00e5som stempelt\u00e6tninger og stangt\u00e6tninger, anvendes til at opretholde hydraulisk tryk og forhindre v\u00e6skel\u00e6kage. T\u00e6tninger lavet af slidst\u00e6rke materialer som polyurethan og nitrilgummi anvendes almindeligvis for at forbedre holdbarheden.<\/p>\n<p>Derudover gennemg\u00e5r cylinderhuset og gevindfladerne en fin bearbejdning for at \u00f8ge slidstyrken. Regelm\u00e6ssig sm\u00f8ring med passende hydraulikolie er afg\u00f8rende for at opretholde en j\u00e6vn drift, da det reducerer friktion og slid mellem bev\u00e6gelige komponenter. Et velsmurt hydrauliksystem sikrer optimal ydeevne og levetid for bomcylinderen.<\/p>\n<h2>Forebyggende vedligeholdelsesforanstaltninger<\/h2>\n<ul>\n<li>\n<h3>Regelm\u00e6ssige inspektioner<\/h3>\n<p> Det er afg\u00f8rende at udf\u00f8re hyppige inspektioner af bomcylinderen og det hydrauliske system for at identificere potentielle problemer tidligt. Operat\u00f8rer b\u00f8r v\u00e6re opm\u00e6rksomme p\u00e5 tegn p\u00e5 slid, l\u00e6kager eller skader, som kan f\u00f8re til dyre reparationer, hvis de ikke h\u00e5ndteres omg\u00e5ende.<\/h3>\n<\/li>\n<li>\n<h3>Korrekt sm\u00f8ring<\/h3>\n<p> Tilstr\u00e6kkelig sm\u00f8ring er afg\u00f8rende for at forhindre slitage p\u00e5 de hydrauliske komponenter. Operat\u00f8rer b\u00f8r f\u00f8lge producentens anbefalinger vedr\u00f8rende sm\u00f8reintervaller og olietyper for at sikre problemfri drift.<\/h3>\n<\/li>\n<li>\n<h3>Udskiftning af pakning<\/h3>\n<p> Pakninger b\u00f8r inspiceres regelm\u00e6ssigt og udskiftes efter behov. Slidte eller beskadigede pakninger kan f\u00f8re til l\u00e6kager og reduceret effektivitet, hvilket p\u00e5virker det hydrauliske systems samlede ydeevne. Rettidig udskiftning af pakninger bidrager til bomcylinderens levetid.<\/h3>\n<\/li>\n<\/ul>\n<h2>Retningslinjer for korrekt installation<\/h2>\n<p>Korrekt installation af bomcylinderen er afg\u00f8rende for dens ydeevne og levetid. Start med at sikre, at alle komponenter er rene og fri for snavs. Juster cylinderen n\u00f8jagtigt med monteringspunkterne for at undg\u00e5 un\u00f8dig belastning af cylinderen under drift.<\/p>\n<p>Brug passende monteringsbeslag til at fastg\u00f8re cylinderen forsvarligt p\u00e5 plads, s\u00e5 bev\u00e6gelse, der kan f\u00f8re til svigt, forhindres. F\u00f8lg producentens specifikationer for momentindstillinger og tilslutningsmetoder. Efter installationen skal der udf\u00f8res en funktionstest for at sikre korrekt drift, og der skal justeres efter behov.<\/p>\n<h2>Almindelige vedligeholdelsesopgaver<\/h2>\n<ul>\n<li>\n<h3>Regelm\u00e6ssige kontroller<\/h3>\n<p> Regelm\u00e6ssige inspektioner hj\u00e6lper med at opdage potentielle problemer, f\u00f8r de bliver til alvorlige problemer. Det er vigtigt at overv\u00e5ge bomcylinderens og hydrauliksystemets generelle tilstand og se efter tegn p\u00e5 slid eller skader.<\/h3>\n<\/li>\n<li>\n<h3>Korrekt sm\u00f8ring<\/h3>\n<p> Tilstr\u00e6kkelig sm\u00f8ring er n\u00f8glen til problemfri drift af hydrauliske cylindre. F\u00f8lg den anbefalede sm\u00f8replan og brug af den passende hydrauliske olie sikrer, at de bev\u00e6gelige dele fungerer korrekt.<\/h3>\n<\/li>\n<li>\n<h3>Udskiftning af pakninger og kalibreringskontroller<\/h3>\n<p> Rutinem\u00e6ssige kontroller og udskiftninger af pakninger forhindrer l\u00e6kager og opretholder det hydrauliske tryk. Kalibreringskontroller sikrer, at alle komponenter fungerer harmonisk, hvilket bidrager til det hydrauliske systems samlede effektivitet.<\/h3>\n<\/li>\n<\/ul>\n<p><img decoding=\"async\" src=\"https:\/\/www.hydraulic-cylinders.net\/wp-content\/uploads\/2025\/04\/songte-chushion-collar.webp\" alt=\"Pudekrave\" \/><\/p>\n<h2>Sikkerhedshensyn og milj\u00f8faktorer<\/h2>\n<p>Ved brug af bomcylindre er sikkerhedsforanstaltninger altafg\u00f8rende for at sikre operat\u00f8rernes og omgivelsernes sikkerhed. Regelm\u00e6ssig tr\u00e6ning i driftssikkerhed, korrekt h\u00e5ndtering af hydrauliske v\u00e6sker og forst\u00e5else af maskinens begr\u00e6nsninger er afg\u00f8rende. Tilstr\u00e6kkeligt personligt beskyttelsesudstyr (PPE) b\u00f8r b\u00e6res under drift og vedligeholdelsesopgaver for at minimere risici.<\/p>\n<h2>Fejldiagnose og almindelige problemer<\/h2>\n<ul>\n<li>\n<h3>Hydraulisk v\u00e6skel\u00e6kage<\/h3>\n<p> Et af de mest almindelige problemer er l\u00e6kager af hydraulikv\u00e6ske, som kan stamme fra beskadigede pakninger eller forbindelser. Regelm\u00e6ssige inspektioner kan hj\u00e6lpe med at identificere l\u00e6kager tidligt, hvilket muligg\u00f8r hurtig reparation. Operat\u00f8rer b\u00f8r overv\u00e5ge v\u00e6skeniveauer n\u00f8je og straks h\u00e5ndtere eventuelle tegn p\u00e5 l\u00e6kage.<\/h3>\n<\/li>\n<li>\n<h3>Langsom eller uresponsiv bev\u00e6gelse<\/h3>\n<p> Hvis bomcylinderen reagerer langsomt eller udviser rykvise bev\u00e6gelser, kan det v\u00e6re tegn p\u00e5 lave hydraulikv\u00e6skeniveauer eller luft i systemet. Udluftning af systemet og sikring af tilstr\u00e6kkelige v\u00e6skeniveauer er vigtige trin i fejlfinding af dette problem.<\/h3>\n<\/li>\n<li>\n<h3>Us\u00e6dvanlige lyde<\/h3>\n<p> Us\u00e6dvanlige lyde under drift kan v\u00e6re tegn p\u00e5 mekaniske problemer eller utilstr\u00e6kkelig sm\u00f8ring. Operat\u00f8rer b\u00f8r unders\u00f8ge kilden til st\u00f8jen og tr\u00e6ffe korrigerende foranstaltninger for at forhindre yderligere skade.<\/h3>\n<\/li>\n<\/ul>\n<p>At give brugbare tips og l\u00f8sninger kan hj\u00e6lpe l\u00e6serne med effektivt at diagnosticere og l\u00f8se disse almindelige problemer. Etablering af en regelm\u00e6ssig vedligeholdelsesplan reducerer potentielle problemer betydeligt, hvilket sikrer en mere j\u00e6vn drift og l\u00e6ngere levetid for bomcylinderen.<\/p>\n<p><img decoding=\"async\" src=\"https:\/\/www.hydraulic-cylinders.net\/wp-content\/uploads\/2025\/04\/songte-bushings-with-all-kinds-of-excavator-models.webp\" alt=\"B\u00f8sninger med gravemaskinemodeller\" \/><\/p>\n<h2>Om vores virksomhed<\/h2>\n<p>Vi er en f\u00f8rende producent af hydrauliske udskiftningscylindre og tilbyder et omfattende udvalg af produkter, der henvender sig til b\u00e5de indenlandske og internationale markeder. Vores overholdelse af kvalitet i topklasse og omhyggelige produktionsstrategier positionerer os som en af \u200b\u200bde f\u00f8rende producenter og grossister af hydrauliske cylindre.<\/p>\n<p>Med fokus p\u00e5 teknisk ekspertise, avanceret digitalt produktionsudstyr og specialiserede testsystemer forbedrer vi l\u00f8bende vores produktionskapacitet. Vores engagement i h\u00f8j effektivitet, pr\u00e6cision og kvalitet sikrer, at vi im\u00f8dekommer forskellige kundebehov.<\/p>\n<p>Derudover tilbyder vores virksomhed skr\u00e6ddersyede tjenester, internationale certificeringer og robust eftersalgssupport, hvilket styrker vores omd\u00f8mme i branchen.<\/p>\n<p><img decoding=\"async\" src=\"https:\/\/www.hydraulic-cylinders.net\/wp-content\/uploads\/2025\/04\/songte-company-4.webp\" alt=\"Virksomhedsoversigt\" \/><\/p>\n<p><img decoding=\"async\" src=\"https:\/\/www.hydraulic-cylinders.net\/wp-content\/uploads\/2025\/04\/songte-company-3.webp\" alt=\"Virksomhedsinfrastruktur\" \/><\/p>\n<p>Forfatter: lyl<\/p>","protected":false},"excerpt":{"rendered":"<p>Boom Cylinder For Baoding WY150 Understanding the Boom Cylinder The Boom Cylinder is a specialized hydraulic cylinder used in various heavy machinery, such as excavators, backhoe loaders, and front-end loaders. Its primary function is to control the movement of the bucket, allowing it to lift, lower, and tilt effectively. This capability is crucial for material [&hellip;]<\/p>","protected":false},"featured_media":17877,"comment_status":"open","ping_status":"closed","template":"","meta":{"_et_pb_use_builder":"","_et_pb_old_content":"","_et_gb_content_width":""},"product_brand":[],"product_cat":[1546],"product_tag":[1547,1496],"class_list":{"0":"post-19674","1":"product","2":"type-product","3":"status-publish","4":"has-post-thumbnail","6":"product_cat-boom-cylinders","7":"product_tag-boom-cylinders","8":"product_tag-hydraulic-cylinders","10":"first","11":"instock","12":"shipping-taxable","13":"product-type-simple"},"amp_enabled":true,"_links":{"self":[{"href":"https:\/\/www.hydraulic-cylinders.net\/da\/wp-json\/wp\/v2\/product\/19674","targetHints":{"allow":["GET"]}}],"collection":[{"href":"https:\/\/www.hydraulic-cylinders.net\/da\/wp-json\/wp\/v2\/product"}],"about":[{"href":"https:\/\/www.hydraulic-cylinders.net\/da\/wp-json\/wp\/v2\/types\/product"}],"replies":[{"embeddable":true,"href":"https:\/\/www.hydraulic-cylinders.net\/da\/wp-json\/wp\/v2\/comments?post=19674"}],"wp:featuredmedia":[{"embeddable":true,"href":"https:\/\/www.hydraulic-cylinders.net\/da\/wp-json\/wp\/v2\/media\/17877"}],"wp:attachment":[{"href":"https:\/\/www.hydraulic-cylinders.net\/da\/wp-json\/wp\/v2\/media?parent=19674"}],"wp:term":[{"taxonomy":"product_brand","embeddable":true,"href":"https:\/\/www.hydraulic-cylinders.net\/da\/wp-json\/wp\/v2\/product_brand?post=19674"},{"taxonomy":"product_cat","embeddable":true,"href":"https:\/\/www.hydraulic-cylinders.net\/da\/wp-json\/wp\/v2\/product_cat?post=19674"},{"taxonomy":"product_tag","embeddable":true,"href":"https:\/\/www.hydraulic-cylinders.net\/da\/wp-json\/wp\/v2\/product_tag?post=19674"}],"curies":[{"name":"wp","href":"https:\/\/api.w.org\/{rel}","templated":true}]}}