{"id":19683,"date":"2025-04-07T07:01:32","date_gmt":"2025-04-07T07:01:32","guid":{"rendered":"https:\/\/www.hydraulic-cylinders.net\/product\/boom-cylinder-for-tiangong-zg3210-9\/"},"modified":"2025-04-07T07:01:34","modified_gmt":"2025-04-07T07:01:34","slug":"boom-cylinder-for-tiangong-zg3210-9","status":"publish","type":"product","link":"https:\/\/www.hydraulic-cylinders.net\/da\/vare\/boom-cylinder-for-tiangong-zg3210-9\/","title":{"rendered":"Bomcylinder til Tiangong ZG3210-9"},"content":{"rendered":"<h1>Bomcylinder til Tiangong ZG3210-9<\/h1>\n<h2>Definition og oversigt over bomcylindre<\/h2>\n<p>Bomcylinderen er en afg\u00f8rende hydraulisk komponent, der er specielt designet til at styre bev\u00e6gelsen af \u200b\u200bskovle i forskellige tunge maskiner, s\u00e5som gravemaskiner, rendegravere og frontl\u00e6ssere. Disse hydrauliske cylindre g\u00f8r det muligt for skovlen at l\u00f8fte, s\u00e6nke og vippe, hvilket letter effektive materialeh\u00e5ndteringsopgaver. Betjeningen af \u200b\u200ben bomcylinder er afg\u00f8rende for udstyrs ydeevne inden for byggeri, minedrift og landbrug, hvor pr\u00e6cis kontrol over skovlens position er n\u00f8dvendig for effektiv drift.<\/p>\n<p><img decoding=\"async\" src=\"https:\/\/www.hydraulic-cylinders.net\/wp-content\/uploads\/2025\/04\/songte-company-1.webp\" alt=\"Hydraulisk cylinder\" \/><\/p>\n<h2>Funktioner ved bomcylinderen<\/h2>\n<ul>\n<li>\n<h3>H\u00f8j styrke og holdbarhed<\/h3>\n<p>Bomcylindre, der typisk er fremstillet af h\u00f8jstyrkest\u00e5l eller aluminium, er designet til at modst\u00e5 h\u00f8jt tryk og tunge belastninger. De er bygget til at modst\u00e5 barske arbejdsmilj\u00f8er med hensyntagen til slidstyrke og korrosionsbeskyttelse, hvilket forl\u00e6nger deres levetid betydeligt.<\/p>\n<\/li>\n<li>\n<h3>Effektiv hydraulisk drift<\/h3>\n<p>Ved at udnytte hydraulisk olietryk til j\u00e6vn ud- og indtr\u00e6kning reagerer disse cylindre hurtigt p\u00e5 f\u00f8rerens kommandoer og leverer kraftige skubbe- og tr\u00e6kkr\u00e6fter, der er ideelle til h\u00e5ndtering af tunge materialer og komplekse opgaver.<\/p>\n<\/li>\n<li>\n<h3>Forskellige typer<\/h3>\n<p>Bomcylindre f\u00e5s i enkeltvirkende (i \u00e9n retning) eller dobbeltvirkende (i begge retninger) konfigurationer og kan skr\u00e6ddersys til forskellige driftsbehov. Nogle modeller har teleskopiske designs, der giver mulighed for st\u00f8rre udtr\u00e6k uden at \u00f8ge de udvendige dimensioner, hvilket er velegnet til applikationer med begr\u00e6nset plads.<\/p>\n<\/li>\n<li>\n<h3>Specialfremstilling<\/h3>\n<p>Vores virksomhed specialiserer sig i produktion af bomcylindre og tilbyder perfekte erstatninger til eksisterende hydrauliske cylindre. Vi sikrer, at vores produkter lever op til h\u00f8je standarder for kvalitet og ydeevne.<\/p>\n<\/li>\n<\/ul>\n<p><img decoding=\"async\" src=\"https:\/\/www.hydraulic-cylinders.net\/wp-content\/uploads\/2025\/04\/songte-cylinder-head-with-all-kinds-excavator-models.webp\" alt=\"Gravemaskinemodeller\" \/><\/p>\n<h2>Anvendelser af bomcylinderen<\/h2>\n<ul>\n<li>\n<h3>Entrepren\u00f8rudstyr<\/h3>\n<p>I gravemaskiner er bomcylindre afg\u00f8rende for gravning, lastning og flytning af jord eller affald. De giver den n\u00f8dvendige kraft, s\u00e5 skovlen kan tr\u00e6nge ind i forskellige materialer, hvilket forbedrer effektiviteten af \u200b\u200bgraveopgaver. I rendegravere hj\u00e6lper disse cylindre ikke kun med gravning, men letter ogs\u00e5 l\u00f8ftebev\u00e6gelser, hvilket g\u00f8r dem til alsidige v\u00e6rkt\u00f8jer inden for byggeri.<\/p>\n<\/li>\n<li>\n<h3>Landbrugsmaskiner<\/h3>\n<p>I frontl\u00e6ssere spiller bomcylindre en afg\u00f8rende rolle i opgravning, l\u00f8ft og transport af jord, h\u00f8 og andre materialer. De giver landm\u00e6ndene mulighed for at administrere deres ressourcer effektivt, hvilket g\u00f8r opgaver som l\u00e6sning og losning mere h\u00e5ndterbare og mindre arbejdskr\u00e6vende.<\/p>\n<\/li>\n<li>\n<h3>Gravemaskiner<\/h3>\n<p>Bomcylinderen muligg\u00f8r gravefunktionen i gravemaskiner, hvilket g\u00f8r det muligt for skovlen at tr\u00e6nge effektivt ned i jorden. Denne funktion er afg\u00f8rende for at opn\u00e5 dybde og lette fjernelse af jord eller andre materialer fra byggepladser.<\/p>\n<\/li>\n<li>\n<h3>L\u00e6ssere<\/h3>\n<p>I frontl\u00e6ssere hj\u00e6lper bomcylindre med effektivt at l\u00f8fte og losse laster. Deres rolle er afg\u00f8rende for at sikre en problemfri afvikling af l\u00e6sse- og losningsprocesser, hvilket er afg\u00f8rende for materialeh\u00e5ndtering i forskellige brancher.<\/p>\n<\/li>\n<\/ul>\n<h2>Designovervejelser og udv\u00e6lgelseskriterier<\/h2>\n<ul>\n<li>\n<h3>Lastkapacitet<\/h3>\n<p>En af de prim\u00e6re overvejelser ved design af en bomcylinder er dens lasteevne. Denne faktor bestemmer, hvor meget v\u00e6gt cylinderen kan h\u00e5ndtere sikkert og effektivt. Producenter skal sikre, at de anvendte materialer og selve designet kan modst\u00e5 de forventede belastninger under drift. Manglende opfyldelse af disse krav kan f\u00f8re til katastrofale fejl, der bringer sikkerheden i fare og reducerer udstyrets effektivitet.<\/p>\n<\/li>\n<li>\n<h3>Forsegling og p\u00e5lidelighed<\/h3>\n<p>Effektiv t\u00e6tning er afg\u00f8rende for at forhindre l\u00e6kager af hydraulikv\u00e6ske og opretholde det tryk, der kr\u00e6ves til drift. Kvalitetst\u00e6tninger, s\u00e5som stempelt\u00e6tninger og stangt\u00e6tninger lavet af holdbare materialer som polyurethan og nitrilgummi, er n\u00f8dvendige for at sikre p\u00e5lidelighed og lang levetid. En godt forseglet cylinder minimerer risikoen for kontaminering og forl\u00e6nger dens levetid.<\/p>\n<\/li>\n<li>\n<h3>Holdbarhed<\/h3>\n<p>Holdbarhed er altafg\u00f8rende i barske arbejdsmilj\u00f8er. Bomcylindre skal modst\u00e5 slid og korrosion, hvilket kan p\u00e5virke deres ydeevne betydeligt over tid. Producenter bruger ofte avancerede materialer og bel\u00e6gninger for at forbedre modstandsdygtigheden over for slibende materialer og milj\u00f8faktorer, hvilket sikrer, at cylinderen kan fungere effektivt i l\u00e6ngere perioder.<\/p>\n<\/li>\n<li>\n<h3>Sikkerhedsfunktioner<\/h3>\n<p>Sikkerhed er et afg\u00f8rende designaspekt. Bomcylindre b\u00f8r have sikkerhedsmekanismer, der forhindrer overudstr\u00e6kning eller kollaps, hvilket kan f\u00f8re til ulykker. Funktioner som trykaflastningsventiler og sikkerhedsl\u00e5se kan forbedre driftssikkerheden og beskytte b\u00e5de udstyret og f\u00f8reren.<\/p>\n<\/li>\n<li>\n<h3>Vedligeholdelse og reparationsmuligheder<\/h3>\n<p>Design med henblik p\u00e5 nem vedligeholdelse er afg\u00f8rende for at sikre lang levetid og minimere nedetid. Bomcylindre skal give nem adgang til inspektioner og reparationer. Komponenter som pakninger og lejer skal kunne udskiftes uden at kr\u00e6ve omfattende demontering, hvilket muligg\u00f8r hurtig vedligeholdelse og reduceret driftsforstyrrelse.<\/p>\n<\/li>\n<\/ul>\n<p><img decoding=\"async\" src=\"https:\/\/www.hydraulic-cylinders.net\/wp-content\/uploads\/2025\/04\/songte-oil-pipes-and-spare-parts.webp\" alt=\"Olier\u00f8r og reservedele\" \/><\/p>\n<h2>T\u00e6tning og sm\u00f8ring af bomcylindre<\/h2>\n<p>Bomcylindrenes levetid og ydeevne afh\u00e6nger i h\u00f8j grad af korrekt t\u00e6tning og sm\u00f8ring. Forskellige t\u00e6tningskomponenter, s\u00e5som stempelt\u00e6tninger og stangt\u00e6tninger, er afg\u00f8rende for at opretholde effektiv drift. T\u00e6tninger lavet af slidst\u00e6rke materialer som polyurethan og nitrilgummi tilbyder holdbarhed og modst\u00e5r hydraulisk tryk effektivt.<\/p>\n<p>Derudover gennemg\u00e5r cylinderhuset og gevindfladerne pr\u00e6cisionsbearbejdning for at forbedre slidstyrken og sikre t\u00e6t forsegling. Regelm\u00e6ssig sm\u00f8ring med hydraulikolie er n\u00f8dvendig for at minimere friktion og slid og dermed sikre problemfri drift. Planlagte oliekontroller og vedligeholdelse \u00f8ger p\u00e5lideligheden og ydeevnen af \u200b\u200bhydrauliske systemer og forhindrer dyre nedbrud og reparationer.<\/p>\n<h2>Vedligeholdelsesprocedurer<\/h2>\n<ul>\n<li>\n<h3>Regelm\u00e6ssige inspektioner<\/h3>\n<p>Det er afg\u00f8rende at udf\u00f8re regelm\u00e6ssige inspektioner for at identificere og h\u00e5ndtere potentielle problemer, f\u00f8r de eskalerer. Unders\u00f8g for tegn p\u00e5 slid, l\u00e6kager eller skader, og s\u00f8rg for, at alle komponenter fungerer korrekt. Regelm\u00e6ssige kontroller kan bidrage til at opretholde optimal ydeevne og forl\u00e6nge bomcylinderens levetid.<\/p>\n<\/li>\n<li>\n<h3>Korrekt sm\u00f8ring<\/h3>\n<p>Sm\u00f8ring af bomcylinderen er afg\u00f8rende for at minimere friktion og slid. Brug den passende hydraulikolie, og f\u00f8lg producentens anbefalinger for sm\u00f8reintervaller. Korrekt sm\u00f8ring sikrer en problemfri drift af cylinderen og hj\u00e6lper med at forhindre overophedning og for tidligt svigt.<\/p>\n<\/li>\n<li>\n<h3>Udskiftning af pakning<\/h3>\n<p>Med tiden kan pakninger slides op og blive mindre effektive. Kontroller regelm\u00e6ssigt pakninger for tegn p\u00e5 skader eller nedbrydning, og udskift dem efter behov. At sikre, at pakningerne er i god stand, hj\u00e6lper med at opretholde hydraulisk tryk og forhindrer v\u00e6skel\u00e6kager, hvilket kan forringe ydeevnen.<\/p>\n<\/li>\n<\/ul>\n<p><img decoding=\"async\" src=\"https:\/\/www.hydraulic-cylinders.net\/wp-content\/uploads\/2025\/04\/songte-chushion-collar.webp\" alt=\"Pudekrave\" \/><\/p>\n<h2>Sikkerhedshensyn og milj\u00f8faktorer<\/h2>\n<p>Sikkerhedsforanstaltninger er altafg\u00f8rende ved brug af bomcylindre. Operat\u00f8rer b\u00f8r tr\u00e6nes i at forst\u00e5 de risici, der er forbundet med hydrauliske systemer, herunder trykrelaterede ulykker eller udstyrsfejl. Der skal altid b\u00e6res korrekt sikkerhedsudstyr, og sikkerhedsprotokoller skal overholdes for at forhindre ulykker. Derudover kan milj\u00f8faktorer som temperaturudsving og eksponering for \u00e6tsende stoffer p\u00e5virke hydrauliske cylindres ydeevne og levetid. Regelm\u00e6ssig vedligeholdelse og inspektioner kan mindske disse risici og sikre sikker drift.<\/p>\n<h2>Fejlfinding og almindelige problemer<\/h2>\n<ul>\n<li>\n<h3>V\u00e6skel\u00e6kager<\/h3>\n<p>V\u00e6skel\u00e6kager er et almindeligt problem, der kan indikere defekte pakninger eller beskadigede komponenter. Unders\u00f8g cylinderen for synlige l\u00e6kager, og vurder pakningernes tilstand for at afg\u00f8re, om udskiftning er n\u00f8dvendig. Hurtig opm\u00e6rksomhed p\u00e5 l\u00e6kager er afg\u00f8rende for at opretholde hydraulisk tryk og forhindre yderligere skader.<\/p>\n<\/li>\n<li>\n<h3>Inkonsekvent bev\u00e6gelse<\/h3>\n<p>Hvis bomcylinderen bev\u00e6ger sig uj\u00e6vnt eller fungerer tr\u00e6gt, kan det v\u00e6re tegn p\u00e5 lave hydraulikv\u00e6skeniveauer eller luft i systemet. Kontroller v\u00e6skeniveauerne, og udluft systemet om n\u00f8dvendigt. At sikre korrekt hydraulikv\u00e6skeniveau kan genoprette funktionalitet og ydeevne.<\/p>\n<\/li>\n<li>\n<h3>Overophedning<\/h3>\n<p>Overophedning kan forekomme p\u00e5 grund af utilstr\u00e6kkelig sm\u00f8ring eller for h\u00f8j belastning. S\u00f8rg for, at cylinderen er korrekt smurt, og vurder driftsbelastningen for at forhindre overophedning. Justering af arbejdsforholdene eller implementering af k\u00f8leforanstaltninger kan v\u00e6re n\u00f8dvendigt for at undg\u00e5 skader.<\/p>\n<\/li>\n<\/ul>\n<p><img decoding=\"async\" src=\"https:\/\/www.hydraulic-cylinders.net\/wp-content\/uploads\/2025\/04\/songte-bushings-with-all-kinds-of-excavator-models.webp\" alt=\"B\u00f8sninger\" \/><\/p>\n<h2>Konklusion<\/h2>\n<p>Afslutningsvis er det vigtigt at forst\u00e5 kompleksiteten af \u200b\u200bbomcylindre for at optimere deres ydeevne og levetid. Regelm\u00e6ssig vedligeholdelse, korrekt installation og overholdelse af sikkerhedsprotokoller er afg\u00f8rende komponenter i effektiv brug af disse hydrauliske systemer.<\/p>\n<h2>Om vores virksomhed<\/h2>\n<p>Vi er en f\u00f8rende producent af hydrauliske udskiftningscylindre og tilbyder et omfattende udvalg af produkter, der opfylder b\u00e5de indenlandske og internationale markedsbehov. Vores engagement i ekspertise driver os til at overholde raffinerede produktionspraksisser og anvende avanceret teknologi og udstyr. Med fokus p\u00e5 kvalitet forbedrer vi l\u00f8bende vores produktionsprocesser for at im\u00f8dekomme forskellige kunders behov.<\/p>\n<p>Vores styrker omfatter specialisering, international certificering, brugerdefinerede tjenester, avanceret produktionsudstyr og exceptionel eftersalgssupport. Vi str\u00e6ber efter at levere h\u00f8jeffektive, pr\u00e6cise og kvalitetsm\u00e6ssige l\u00f8sninger, der er skr\u00e6ddersyet til vores kunders unikke behov.<\/p>\n<p><img decoding=\"async\" src=\"https:\/\/www.hydraulic-cylinders.net\/wp-content\/uploads\/2025\/04\/songte-company-4.webp\" alt=\"Virksomhedsoversigt\" \/><br \/>\n<img decoding=\"async\" src=\"https:\/\/www.hydraulic-cylinders.net\/wp-content\/uploads\/2025\/04\/songte-company-3.webp\" alt=\"Virksomhedsproduktion\" \/><\/p>\n<p>Forfatter: lyl<\/p>","protected":false},"excerpt":{"rendered":"<p>Boom Cylinder For Tiangong ZG3210-9 Definition and Overview of Boom Cylinders The boom cylinder is a crucial hydraulic component specifically designed to control the movement of buckets in various heavy machinery, such as excavators, backhoe loaders, and front loaders. These hydraulic cylinders enable the bucket to lift, lower, and tilt, facilitating efficient material handling tasks. [&hellip;]<\/p>","protected":false},"featured_media":17871,"comment_status":"open","ping_status":"closed","template":"","meta":{"_et_pb_use_builder":"","_et_pb_old_content":"","_et_gb_content_width":""},"product_brand":[],"product_cat":[1546],"product_tag":[1547,1496],"class_list":{"0":"post-19683","1":"product","2":"type-product","3":"status-publish","4":"has-post-thumbnail","6":"product_cat-boom-cylinders","7":"product_tag-boom-cylinders","8":"product_tag-hydraulic-cylinders","10":"first","11":"instock","12":"shipping-taxable","13":"product-type-simple"},"amp_enabled":true,"_links":{"self":[{"href":"https:\/\/www.hydraulic-cylinders.net\/da\/wp-json\/wp\/v2\/product\/19683","targetHints":{"allow":["GET"]}}],"collection":[{"href":"https:\/\/www.hydraulic-cylinders.net\/da\/wp-json\/wp\/v2\/product"}],"about":[{"href":"https:\/\/www.hydraulic-cylinders.net\/da\/wp-json\/wp\/v2\/types\/product"}],"replies":[{"embeddable":true,"href":"https:\/\/www.hydraulic-cylinders.net\/da\/wp-json\/wp\/v2\/comments?post=19683"}],"wp:featuredmedia":[{"embeddable":true,"href":"https:\/\/www.hydraulic-cylinders.net\/da\/wp-json\/wp\/v2\/media\/17871"}],"wp:attachment":[{"href":"https:\/\/www.hydraulic-cylinders.net\/da\/wp-json\/wp\/v2\/media?parent=19683"}],"wp:term":[{"taxonomy":"product_brand","embeddable":true,"href":"https:\/\/www.hydraulic-cylinders.net\/da\/wp-json\/wp\/v2\/product_brand?post=19683"},{"taxonomy":"product_cat","embeddable":true,"href":"https:\/\/www.hydraulic-cylinders.net\/da\/wp-json\/wp\/v2\/product_cat?post=19683"},{"taxonomy":"product_tag","embeddable":true,"href":"https:\/\/www.hydraulic-cylinders.net\/da\/wp-json\/wp\/v2\/product_tag?post=19683"}],"curies":[{"name":"wp","href":"https:\/\/api.w.org\/{rel}","templated":true}]}}