{"id":19700,"date":"2025-04-07T07:02:31","date_gmt":"2025-04-07T07:02:31","guid":{"rendered":"https:\/\/www.hydraulic-cylinders.net\/product\/boom-cylinder-for-sinomach-zg3365lc-9c\/"},"modified":"2025-04-07T07:02:33","modified_gmt":"2025-04-07T07:02:33","slug":"boom-cylinder-for-sinomach-zg3365lc-9c","status":"publish","type":"product","link":"https:\/\/www.hydraulic-cylinders.net\/da\/vare\/boom-cylinder-for-sinomach-zg3365lc-9c\/","title":{"rendered":"Bomcylinder til Sinomach ZG3365LC-9C"},"content":{"rendered":"<h1>Bomcylinder til Sinomach ZG3365LC-9C<\/h1>\n<h2>Produktoversigt<\/h2>\n<p>Bomcylinderen til Sinomach ZG3365LC-9C er en essentiel hydraulisk komponent designet til at styre bommens bev\u00e6gelse i tunge maskiner s\u00e5som gravemaskiner, rendegravere og frontl\u00e6ssere. Denne hydrauliske cylinder g\u00f8r det muligt for bommen at l\u00f8fte, s\u00e6nke og vippe, hvilket letter effektive materialeh\u00e5ndteringsopgaver. Bomcylinderen spiller en afg\u00f8rende rolle i det hydrauliske system, idet den omdanner hydraulisk tryk til mekanisk kraft, hvilket g\u00f8r det muligt for operat\u00f8rer at udf\u00f8re en r\u00e6kke funktioner med pr\u00e6cision og lethed.<\/p>\n<p><img decoding=\"async\" src=\"https:\/\/www.hydraulic-cylinders.net\/wp-content\/uploads\/2025\/04\/songte-company-1.webp\" alt=\"Bomcylinder\" \/><\/p>\n<h2>N\u00f8glefunktioner<\/h2>\n<ul>\n<li><strong>H\u00f8j styrke og holdbarhed:<\/strong> Bomcylinderen er konstrueret af h\u00f8jstyrkest\u00e5l eller aluminium og kan modst\u00e5 h\u00f8jt tryk og tunge belastninger, hvilket g\u00f8r den velegnet til barske arbejdsmilj\u00f8er. Dens design har slidstyrke og korrosionsbeskyttende egenskaber, hvilket sikrer en l\u00e6ngere levetid.<\/li>\n<li><strong>Effektiv hydraulisk drift:<\/strong> Ved at udnytte trykket fra hydraulikolien til j\u00e6vn ud- og indtr\u00e6kning reagerer bomcylinderen hurtigt p\u00e5 f\u00f8rerens kommandoer og leverer en kraftig skubbe- og tr\u00e6kkraft, ideel til h\u00e5ndtering af tunge materialer og komplekse opgaver.<\/li>\n<li><strong>Forskellige typer:<\/strong> Mulighederne omfatter enkeltvirkende (hydraulisk tryk i \u00e9n retning) eller dobbeltvirkende cylindre (hydraulisk tryk i begge retninger) for at im\u00f8dekomme forskellige driftsbehov. Nogle modeller er teleskopiske, hvilket giver mulighed for st\u00f8rre udtr\u00e6k uden at \u00f8ge de udvendige dimensioner og er velegnede til pladsbegr\u00e6nsede anvendelser.<\/li>\n<li><strong>Kompatibilitet:<\/strong> Vores produkter kan perfekt erstatte eksisterende hydrauliske cylindre og sikre problemfri integration i eksisterende maskiner.<\/li>\n<\/ul>\n<p><img decoding=\"async\" src=\"https:\/\/www.hydraulic-cylinders.net\/wp-content\/uploads\/2025\/04\/songte-cylinder-head-with-all-kinds-excavator-models.webp\" alt=\"Kompatibilitet med hydrauliske cylindre\" \/><\/p>\n<h2>Applikationsscenarier<\/h2>\n<h3>Entrepren\u00f8rudstyr<\/h3>\n<p>I gravemaskiner er bomcylindre afg\u00f8rende for gravning, lastning og flytning af jord eller affald. De giver f\u00f8reren mulighed for at kontrollere bommens vinkel og h\u00f8jde, hvilket g\u00f8r det lettere at udf\u00f8re pr\u00e6cise graveopgaver. I rendegravere hj\u00e6lper bomcylinderen ikke kun med gravning, men ogs\u00e5 med l\u00f8ftning, hvilket forbedrer maskinens alsidighed.<\/p>\n<h3>Landbrugsmaskiner<\/h3>\n<p>I frontl\u00e6ssere bruges bomcylindre til at udgrave, l\u00f8fte og transportere jord, h\u00f8 og andre materialer. Den hydrauliske kraft muligg\u00f8r effektiv drift, hvilket \u00f8ger produktiviteten betydeligt p\u00e5 landbrug og byggepladser.<\/p>\n<h3>Gravemaskiner<\/h3>\n<p>Bomcylinderen i gravemaskiner g\u00f8r det muligt for skovlen at tr\u00e6nge ned i jorden, hvilket muligg\u00f8r effektive gravehandlinger. Denne evne er afg\u00f8rende for forskellige bygge- og landskabsopgaver, hvilket g\u00f8r gravemaskinen til et uundv\u00e6rligt v\u00e6rkt\u00f8j i branchen.<\/p>\n<h3>L\u00e6ssere<\/h3>\n<p>I frontl\u00e6ssere er bomcylindre ansvarlige for effektiv l\u00f8ftning og t\u00f8mning af laster. Deres design muligg\u00f8r j\u00e6vne, kontrollerede bev\u00e6gelser, hvilket sikrer effektiv materialeh\u00e5ndtering og transport i forskellige anvendelser.<\/p>\n<h2>Designovervejelser og udv\u00e6lgelseskriterier<\/h2>\n<h3>Lastkapacitet<\/h3>\n<p>Bomcylinderens lasteevne skal matche kravene til det maskineri, den betjener. Denne kapacitet bestemmer den maksimale v\u00e6gt, cylinderen kan l\u00f8fte, hvilket p\u00e5virker valget af cylinderst\u00f8rrelse og styrke. Ingeni\u00f8rer skal vurdere de operationelle krav n\u00f8jagtigt for at sikre, at cylinderen kan fungere sikkert og effektivt.<\/p>\n<h3>Forsegling<\/h3>\n<p>Korrekt t\u00e6tning er afg\u00f8rende for at forhindre l\u00e6kager af hydraulikv\u00e6ske og opretholde trykket i systemet. T\u00e6tninger af h\u00f8j kvalitet skal v\u00e6lges baseret p\u00e5 driftsmilj\u00f8et, s\u00e5 de kan modst\u00e5 trykket og forholdene uden at blive hurtigt nedbrudt. Mulighederne omfatter polyurethan og nitrilgummi, som giver fremragende slidstyrke.<\/p>\n<h3>Holdbarhed<\/h3>\n<p>Holdbarhed er en n\u00f8glefaktor i designet af bomcylindre. Komponenterne skal konstrueres til at modst\u00e5 p\u00e5virkningerne fra kr\u00e6vende applikationer, herunder eksponering for barske vejrforhold, st\u00f8v og vibrationer. Denne overvejelse er afg\u00f8rende for at opretholde cylinderens funktionalitet over tid uden hyppige udskiftninger.<\/p>\n<h3>Sikkerhed<\/h3>\n<p>Sikkerhedsfunktioner er afg\u00f8rende i design af hydrauliske cylindre. Disse omfatter trykaflastningsventiler for at forhindre overbelastning og mekaniske stop for at undg\u00e5 overdreven bev\u00e6gelse. At sikre, at disse funktioner er indarbejdet, kan reducere risikoen for ulykker under drift betydeligt.<\/p>\n<h3>Opretholdelse<\/h3>\n<p>Nem vedligeholdelse er et andet vigtigt aspekt at overveje. Cylindre b\u00f8r v\u00e6re designet til at muligg\u00f8re enkel inspektion og service, herunder nem adgang til pakninger og sm\u00f8repunkter. Regelm\u00e6ssig vedligeholdelse er afg\u00f8rende for at forl\u00e6nge hydrauliksystemets levetid og sikre p\u00e5lidelig drift.<\/p>\n<p><img decoding=\"async\" src=\"https:\/\/www.hydraulic-cylinders.net\/wp-content\/uploads\/2025\/04\/songte-oil-pipes-and-spare-parts.webp\" alt=\"Vedligeholdelse af hydrauliske cylindere\" \/><\/p>\n<h2>T\u00e6tning og sm\u00f8ring<\/h2>\n<p>Brugen af \u200b\u200bforskellige t\u00e6tningskomponenter, s\u00e5som stempelt\u00e6tninger og stangt\u00e6tninger, er afg\u00f8rende for at sikre hydrauliske cylindres levetid og effektivitet. T\u00e6tninger lavet af holdbare materialer som polyurethan og nitrilgummi tilbyder fremragende slidstyrke. Cylinderhuset og gevindsk\u00e5rne endeflader gennemg\u00e5r fin bearbejdning for at forbedre slidstyrken. Regelm\u00e6ssig sm\u00f8ring med hydraulikolie er n\u00f8dvendig for at reducere friktion og slid, hvilket muligg\u00f8r j\u00e6vn drift og forhindrer for tidlig svigt.<\/p>\n<h2>Forebyggende vedligeholdelsesforanstaltninger<\/h2>\n<ul>\n<li><strong>Regelm\u00e6ssige inspektioner:<\/strong> Udf\u00f8r rutinem\u00e6ssige kontroller for l\u00e6kager, slid og generel tilstand for at identificere potentielle problemer, f\u00f8r de eskalerer.<\/li>\n<li><strong>Sm\u00f8ring:<\/strong> S\u00f8rg for tilstr\u00e6kkelig sm\u00f8ring med passende intervaller for at opretholde cylinderens ydeevne og forhindre slid.<\/li>\n<li><strong>Udskiftning af pakninger:<\/strong> Overv\u00e5g pakningernes tilstand, og udskift dem efter behov for at forhindre l\u00e6kager af hydraulikv\u00e6ske og opretholde systemets integritet.<\/li>\n<\/ul>\n<h2>Installationsvejledning<\/h2>\n<p>Korrekt installation af en bomcylinder er afg\u00f8rende for optimal ydeevne. Start med at sikre, at alle komponenter er rene og fri for snavs. Juster cylinderen korrekt med monteringspunkterne, og brug passende monteringsbeslag til at fastg\u00f8re den. N\u00e5r den er justeret, skal monteringsboltene sp\u00e6ndes i henhold til producentens specifikationer. Efter installationen skal du kontrollere de hydrauliske forbindelser for l\u00e6kager, og sikre, at cylinderen fungerer problemfrit i hele sit bev\u00e6gelsesomr\u00e5de. Inspicer regelm\u00e6ssigt installationen for tegn p\u00e5 slid eller skader, og ret eventuelle problemer med det samme for at opretholde sikkerhed og ydeevne.<\/p>\n<h2>Almindelige vedligeholdelsesopgaver<\/h2>\n<ul>\n<li><strong>Regelm\u00e6ssige inspektioner:<\/strong> Hyppige kontroller for slid og potentielle fejl er afg\u00f8rende for at sikre fortsat funktionalitet og sikkerhed. Tidlig identifikation af problemer kan forhindre dyre reparationer og nedetid.<\/li>\n<li><strong>Korrekt sm\u00f8ring:<\/strong> Det er afg\u00f8rende at opretholde de korrekte sm\u00f8reniveauer for at forhindre friktion og slid. S\u00f8rg for, at den korrekte hydraulikolie anvendes, og overv\u00e5g niveauerne regelm\u00e6ssigt.<\/li>\n<li><strong>Udskiftning af pakninger og kalibreringskontroller:<\/strong> Udskift slidte pakninger regelm\u00e6ssigt for at undg\u00e5 l\u00e6kager og sikre, at det hydrauliske system fungerer effektivt. Kalibreringskontroller er n\u00f8dvendige for at opretholde optimal ydeevne og sikkerhed.<\/li>\n<\/ul>\n<h2>Sikkerhedshensyn og milj\u00f8faktorer<\/h2>\n<p>N\u00e5r man arbejder med hydrauliske systemer, er sikkerhedsforanstaltninger altafg\u00f8rende. Brugere skal v\u00e6re opm\u00e6rksomme p\u00e5 de potentielle farer forbundet med hydraulisk tryk, herunder pludselige trykudslip, der kan for\u00e5rsage skader. Korrekt tr\u00e6ning i h\u00e5ndtering og betjening af hydrauliske maskiner er afg\u00f8rende, ligesom overholdelse af sikkerhedsstandarder p\u00e5 arbejdspladsen. Derudover skal man overveje milj\u00f8p\u00e5virkningen af \u200b\u200bhydrauliske v\u00e6sker, og sikre, at korrekte bortskaffelsesmetoder f\u00f8lges for at forhindre kontaminering.<\/p>\n<h2>Diagnostik og almindelige problemer<\/h2>\n<ul>\n<li><strong>Ut\u00e6t cylinder:<\/strong> Et almindeligt problem er l\u00e6kage af hydraulikv\u00e6ske fra pakningerne. Dette kan v\u00e6re tegn p\u00e5 slidte pakninger eller forkert installation. Unders\u00f8g pakningerne, og udskift dem efter behov for at udbedre l\u00e6kager.<\/li>\n<li><strong>D\u00e5rlig ydeevne:<\/strong> Hvis cylinderen ikke reagerer som forventet, skal du kontrollere for hydraulikv\u00e6skeniveauer, potentielle blokeringer i ledningerne eller problemer med pumpen. Ved at rette op p\u00e5 disse faktorer kan optimal ydeevne genoprettes.<\/li>\n<li><strong>Us\u00e6dvanlige lyde:<\/strong> St\u00f8j under drift kan v\u00e6re tegn p\u00e5 intern skade eller lavt hydraulikv\u00e6skeniveau. Unders\u00f8g kilden til st\u00f8jen, og tag passende korrigerende foranstaltninger.<\/li>\n<\/ul>\n<h2>Tips til fejlfinding<\/h2>\n<p>For effektivt at diagnosticere og l\u00f8se problemer med hydrauliske cylindre skal du starte med at kontrollere v\u00e6skeniveauer og inspicere for l\u00e6kager. S\u00f8rg for, at alle forbindelser er sikre og fri for snavs. Vedligehold regelm\u00e6ssigt komponenter for at forhindre slid og skader, med fokus p\u00e5 t\u00e6tninger, sm\u00f8ring og justering. Hvis problemerne forts\u00e6tter, skal du kontakte en professionel for dybdeg\u00e5ende diagnosticering og reparationsstrategier.<\/p>\n<p><img decoding=\"async\" src=\"https:\/\/www.hydraulic-cylinders.net\/wp-content\/uploads\/2025\/04\/songte-bushings-with-all-kinds-of-excavator-models.webp\" alt=\"Hydrauliske cylinderkomponenter\" \/><\/p>\n<h2>Virksomhedsoversigt<\/h2>\n<p>Vi er en f\u00f8rende producent og grossist af hydrauliske udskiftningscylindre, der er forpligtet til fremragende kvalitet og innovative produktionsstrategier. Med en bred vifte af produkter har vi etableret os som en af \u200b\u200bde f\u00f8rende producenter og leverand\u00f8rer p\u00e5 b\u00e5de indenlandske og internationale markeder. Vores tilgang l\u00e6gger v\u00e6gt p\u00e5 pr\u00e6cis produktionsstyring og integration af avanceret teknologi, hvilket sikrer, at vi opfylder vores kunders forskellige behov med h\u00f8j effektivitet og kvalitet. Vores produktionsfaciliteter er udstyret med det nyeste udstyr og et dedikeret team af dygtige fagfolk, hvilket giver os mulighed for l\u00f8bende at forbedre vores produktionskapaciteter.<\/p>\n<p><img decoding=\"async\" src=\"https:\/\/www.hydraulic-cylinders.net\/wp-content\/uploads\/2025\/04\/songte-company-4.webp\" alt=\"Virksomhedsoversigt\" \/><br \/>\n<img decoding=\"async\" src=\"https:\/\/www.hydraulic-cylinders.net\/wp-content\/uploads\/2025\/04\/songte-company-3.webp\" alt=\"Fremstillingsekspertise\" \/><\/p>\n<p>Forfatter: lyl<\/p>","protected":false},"excerpt":{"rendered":"<p>Boom Cylinder For Sinomach ZG3365LC-9C Product Overview The Boom Cylinder for Sinomach ZG3365LC-9C is an essential hydraulic component designed to control the movement of the boom in heavy machinery such as excavators, backhoe loaders, and front-end loaders. This hydraulic cylinder allows the boom to lift, lower, and tilt, facilitating efficient material handling tasks. The boom [&hellip;]<\/p>","protected":false},"featured_media":17873,"comment_status":"open","ping_status":"closed","template":"","meta":{"_et_pb_use_builder":"","_et_pb_old_content":"","_et_gb_content_width":""},"product_brand":[],"product_cat":[1546],"product_tag":[1547,1496],"class_list":{"0":"post-19700","1":"product","2":"type-product","3":"status-publish","4":"has-post-thumbnail","6":"product_cat-boom-cylinders","7":"product_tag-boom-cylinders","8":"product_tag-hydraulic-cylinders","10":"first","11":"instock","12":"shipping-taxable","13":"product-type-simple"},"amp_enabled":true,"_links":{"self":[{"href":"https:\/\/www.hydraulic-cylinders.net\/da\/wp-json\/wp\/v2\/product\/19700","targetHints":{"allow":["GET"]}}],"collection":[{"href":"https:\/\/www.hydraulic-cylinders.net\/da\/wp-json\/wp\/v2\/product"}],"about":[{"href":"https:\/\/www.hydraulic-cylinders.net\/da\/wp-json\/wp\/v2\/types\/product"}],"replies":[{"embeddable":true,"href":"https:\/\/www.hydraulic-cylinders.net\/da\/wp-json\/wp\/v2\/comments?post=19700"}],"wp:featuredmedia":[{"embeddable":true,"href":"https:\/\/www.hydraulic-cylinders.net\/da\/wp-json\/wp\/v2\/media\/17873"}],"wp:attachment":[{"href":"https:\/\/www.hydraulic-cylinders.net\/da\/wp-json\/wp\/v2\/media?parent=19700"}],"wp:term":[{"taxonomy":"product_brand","embeddable":true,"href":"https:\/\/www.hydraulic-cylinders.net\/da\/wp-json\/wp\/v2\/product_brand?post=19700"},{"taxonomy":"product_cat","embeddable":true,"href":"https:\/\/www.hydraulic-cylinders.net\/da\/wp-json\/wp\/v2\/product_cat?post=19700"},{"taxonomy":"product_tag","embeddable":true,"href":"https:\/\/www.hydraulic-cylinders.net\/da\/wp-json\/wp\/v2\/product_tag?post=19700"}],"curies":[{"name":"wp","href":"https:\/\/api.w.org\/{rel}","templated":true}]}}