{"id":19710,"date":"2025-04-07T07:03:11","date_gmt":"2025-04-07T07:03:11","guid":{"rendered":"https:\/\/www.hydraulic-cylinders.net\/product\/boom-cylinder-for-hengte-wheel-excavator-htl65-8\/"},"modified":"2025-04-07T07:03:13","modified_gmt":"2025-04-07T07:03:13","slug":"boom-cylinder-for-hengte-wheel-excavator-htl65-8","status":"publish","type":"product","link":"https:\/\/www.hydraulic-cylinders.net\/da\/vare\/boom-cylinder-for-hengte-wheel-excavator-htl65-8\/","title":{"rendered":"Bomcylinder til Hengte hjulgraver HTL65-8"},"content":{"rendered":"<h1>Bomcylinder til Hengte hjulgraver HTL65-8<\/h1>\n<h2>Produktoversigt<\/h2>\n<p>Bomcylinderen til Hengte hjulgravemaskine HTL65-8 er en specialiseret hydraulisk cylinder designet til at styre bommens bev\u00e6gelse p\u00e5 forskellige tunge maskiner, herunder gravemaskiner, rendegravere og frontl\u00e6ssere. Denne hydrauliske cylinder spiller en afg\u00f8rende rolle i at l\u00f8fte, s\u00e6nke og vippe bommen, hvilket letter materialeh\u00e5ndteringsopgaver effektivt. Skovlcylinderen er konstrueret til at give p\u00e5lidelig ydeevne under ekstreme forhold og sikre, at tunge laster kan man\u00f8vreres med pr\u00e6cision og sikkerhed.<\/p>\n<p><img decoding=\"async\" src=\"https:\/\/www.hydraulic-cylinders.net\/wp-content\/uploads\/2025\/04\/songte-company-1.webp\" alt=\"Bomcylinder\" \/><\/p>\n<h2>N\u00f8glefunktioner<\/h2>\n<ul>\n<li>\n<h3>H\u00f8j styrke og holdbarhed<\/h3>\n<p>Disse cylindre, der typisk er fremstillet af h\u00f8jstyrkest\u00e5l eller aluminium, kan modst\u00e5 h\u00f8jt tryk og tunge belastninger, hvilket g\u00f8r dem velegnede til barske arbejdsmilj\u00f8er. Designet l\u00e6gger v\u00e6gt p\u00e5 slidstyrke og korrosionsbeskyttelse, hvilket forl\u00e6nger levetiden betydeligt.<\/p>\n<\/li>\n<li>\n<h3>Effektiv hydraulisk drift<\/h3>\n<p>Cylinderen bruger hydraulisk olietryk til at opn\u00e5 j\u00e6vn ud- og indtr\u00e6kning, reagerer hurtigt p\u00e5 kontrolkommandoer og giver kraftfulde push-pull-funktioner, ideel til h\u00e5ndtering af tunge genstande og komplekse opgaver.<\/p>\n<\/li>\n<li>\n<h3>Forskellige typer<\/h3>\n<p>Skovlcylinderen f\u00e5s i b\u00e5de enkeltvirkende (hydraulisk anvendt i \u00e9n retning) og dobbeltvirkende (hydraulisk anvendt i begge retninger) konfigurationer og kan skr\u00e6ddersys til at im\u00f8dekomme forskellige driftsbehov. Nogle modeller er teleskopiske, hvilket muligg\u00f8r st\u00f8rre udtr\u00e6k uden at \u00f8ge de udvendige dimensioner \u2013 perfekt til pladsbegr\u00e6nsede applikationer.<\/p>\n<\/li>\n<\/ul>\n<p>Vores virksomhed specialiserer sig i produktion af dette produkt, og vores cylindre kan perfekt erstatte eksisterende hydrauliske cylindre.<\/p>\n<p><img decoding=\"async\" src=\"https:\/\/www.hydraulic-cylinders.net\/wp-content\/uploads\/2025\/04\/songte-cylinder-head-with-all-kinds-excavator-models.webp\" alt=\"Gravemaskinemodeller\" \/><\/p>\n<h2>Applikationer<\/h2>\n<ul>\n<li>\n<h3>Entrepren\u00f8rudstyr<\/h3>\n<p>I gravemaskiner er bomcylindre afg\u00f8rende for gravning, lastning og flytning af jord eller affald. Deres ydeevne er afg\u00f8rende for udgravningsprocessen og sikrer, at operat\u00f8rer effektivt kan h\u00e5ndtere store m\u00e6ngder materiale. Bommens evne til at n\u00e5 forskellige vinkler og dybder forbedrer gravemaskinens alsidighed p\u00e5 arbejdsstedet.<\/p>\n<\/li>\n<li>\n<h3>Landbrugsmaskiner<\/h3>\n<p>I frontl\u00e6ssere hj\u00e6lper bomcylindre med at udgrave, l\u00f8fte og transportere jord, h\u00f8 og andre materialer. Deres robuste design g\u00f8r det muligt for landbrugsmaskiner at udf\u00f8re tunge l\u00f8fteopgaver, hvilket \u00f8ger produktiviteten p\u00e5 b\u00e5de g\u00e5rde og byggepladser.<\/p>\n<\/li>\n<li>\n<h3>Gravemaskiner<\/h3>\n<p>Bomcylinderen g\u00f8r det muligt for gravemaskinens skovl at tr\u00e6nge effektivt ned i jorden under gravearbejdet. Denne evne er afg\u00f8rende for forskellige projekter, herunder landskabspleje, minedrift og vejbygning, hvilket muligg\u00f8r dybere og mere effektiv gravning.<\/p>\n<\/li>\n<li>\n<h3>L\u00e6ssere<\/h3>\n<p>I frontl\u00e6ssere er disse cylindre n\u00f8glen til effektivt at l\u00f8fte og losse laster. Deres evne til at h\u00e5ndtere v\u00e6gt og sikre stabilitet under drift g\u00f8r dem uundv\u00e6rlige i forbindelse med materialeh\u00e5ndteringsopgaver.<\/p>\n<\/li>\n<\/ul>\n<h2>Designovervejelser<\/h2>\n<ul>\n<li>\n<h3>Lastkapacitet<\/h3>\n<p>Ved design af bomcylindre er lasteevnen en prim\u00e6r overvejelse, da den bestemmer, hvilke typer opgaver cylinderen kan h\u00e5ndtere. H\u00f8j lasteevne sikrer, at det hydrauliske system kan l\u00f8fte eller flytte tunge materialer uden at g\u00e5 p\u00e5 kompromis med sikkerhed eller ydeevne.<\/p>\n<\/li>\n<li>\n<h3>Forsegling<\/h3>\n<p>Effektiv t\u00e6tning er afg\u00f8rende for at forhindre l\u00e6kage af hydraulisk v\u00e6ske, hvilket kan kompromittere ydeevne og sikkerhed. H\u00f8jkvalitets t\u00e6tninger fremstillet af holdbare materialer som polyurethan eller nitrilgummi er afg\u00f8rende for at opretholde det hydrauliske systems integritet.<\/p>\n<\/li>\n<li>\n<h3>Holdbarhed<\/h3>\n<p>Holdbarhed er en vigtig faktor, da bomcylindre ofte uds\u00e6ttes for barske arbejdsforhold. Materialerne, der anvendes i deres konstruktion, og designprocesserne skal prioritere langsigtet ydeevne for at reducere vedligeholdelses- og udskiftningshyppigheden.<\/p>\n<\/li>\n<li>\n<h3>Sikkerhed<\/h3>\n<p>Sikkerhedshensyn omfatter brugen af \u200b\u200bsikkerhedsventiler og andre mekanismer til at forhindre overtryk og sikre, at systemet kan betjenes sikkert under belastning. Designet b\u00f8r ogs\u00e5 omfatte funktioner, der giver nem adgang under vedligeholdelsestjek.<\/p>\n<\/li>\n<li>\n<h3>Opretholdelse<\/h3>\n<p>Det er afg\u00f8rende at designe med henblik p\u00e5 nem vedligeholdelse, da regelm\u00e6ssige kontroller kan forhindre dyre reparationer og nedetid. Funktioner som let udskiftelige pakninger og tilg\u00e6ngelige monteringspunkter er afg\u00f8rende for effektiv service.<\/p>\n<\/li>\n<\/ul>\n<p><img decoding=\"async\" src=\"https:\/\/www.hydraulic-cylinders.net\/wp-content\/uploads\/2025\/04\/songte-oil-pipes-and-spare-parts.webp\" alt=\"Olier\u00f8r og reservedele\" \/><\/p>\n<h2>T\u00e6tning og sm\u00f8ring<\/h2>\n<p>Korrekt t\u00e6tning og sm\u00f8ring er afg\u00f8rende for effektiv drift af hydrauliske cylindre. Forskellige t\u00e6tninger, herunder stempelt\u00e6tninger og stangt\u00e6tninger, anvendes for at sikre en t\u00e6t pasform og forhindre l\u00e6kager. Materialer som polyurethan og nitrilgummi v\u00e6lges ofte for deres slidstyrke og holdbarhed. Cylinderhuset og gevindenderne er fint forarbejdet for at forbedre slidstyrken, hvilket er afg\u00f8rende for lang levetid.<\/p>\n<p>Regelm\u00e6ssig sm\u00f8ring er ogs\u00e5 n\u00f8dvendig, hvilket kr\u00e6ver planlagte kontroller for at sikre, at der p\u00e5f\u00f8res en tilstr\u00e6kkelig m\u00e6ngde hydraulikolie for at opretholde optimal ydeevne og forhindre slid. Vigtigheden af \u200b\u200bsm\u00f8ring kan ikke overvurderes, da det reducerer friktion og forl\u00e6nger levetiden for de hydrauliske komponenter.<\/p>\n<h2>Regelm\u00e6ssig inspektion og forebyggende vedligeholdelse<\/h2>\n<p>Regelm\u00e6ssig inspektion og forebyggende vedligeholdelse er afg\u00f8rende for hydrauliske cylindres levetid og ydeevne. De vigtigste foranstaltninger omfatter:<\/p>\n<ul>\n<li>\n<h3>Regelm\u00e6ssige inspektioner<\/h3>\n<p>Udf\u00f8r periodiske inspektioner for at identificere tegn p\u00e5 slid eller skader. Se efter l\u00e6kager, revner eller deformiteter i cylinderen. Tidlig opdagelse af problemer kan forhindre dyre reparationer og nedetid.<\/p>\n<\/li>\n<li>\n<h3>Passende sm\u00f8ring<\/h3>\n<p>S\u00f8rg for, at hydraulikv\u00e6skeniveauet er tilstr\u00e6kkeligt, og at olien er ren og fri for forurenende stoffer. Etabler en regelm\u00e6ssig sm\u00f8replan for at opretholde optimal ydeevne for t\u00e6tninger og bev\u00e6gelige dele.<\/p>\n<\/li>\n<li>\n<h3>Udskiftning af pakning<\/h3>\n<p>Kontroller regelm\u00e6ssigt pakningerne for slitage, og udskift dem efter behov for at forhindre l\u00e6kager og opretholde systemtrykket. Korrekt vedligeholdte pakninger forl\u00e6nger hydraulikcylinderens levetid betydeligt.<\/p>\n<\/li>\n<\/ul>\n<h2>Installationsvejledning<\/h2>\n<p>Korrekt installation af bomcylinderen er afg\u00f8rende for at sikre optimal ydeevne og sikkerhed. F\u00f8lg disse trin for korrekt installation:<\/p>\n<p>F\u00f8rst skal du s\u00f8rge for, at arbejdsomr\u00e5det er rent og fri for snavs for at sikre en problemfri installationsproces. Derefter skal du justere den hydrauliske cylinder n\u00f8jagtigt med fastg\u00f8relsespunkterne p\u00e5 maskinen. Brug passende monteringsbeslag til at fastg\u00f8re cylinderen forsvarligt p\u00e5 plads. Det er vigtigt at kontrollere justeringen, f\u00f8r du sp\u00e6nder boltene, for at forhindre un\u00f8dig belastning af cylinderen.<\/p>\n<p>Efter fastg\u00f8relse af cylinderen skal hydraulikledningerne tilsluttes, og det skal sikres, at der ikke er kn\u00e6k eller vridninger p\u00e5 slangerne. Fyld hydrauliksystemet med den anbefalede v\u00e6ske, og udluft ledningerne, f\u00f8r maskinen tages i brug. Til sidst skal der udf\u00f8res en funktionstest for at sikre, at alt fungerer problemfrit, og der skal foretages justeringer efter behov.<\/p>\n<h2>Almindelige vedligeholdelsesopgaver<\/h2>\n<p>Vedligeholdelse af hydrauliske cylindre kr\u00e6ver opm\u00e6rksomhed p\u00e5 flere n\u00f8gleopgaver:<\/p>\n<ul>\n<li>\n<h3>Regelm\u00e6ssige inspektioner<\/h3>\n<p>Periodiske kontroller er n\u00f8dvendige for at identificere slid eller potentielle fejl, f\u00f8r de eskalerer. Inspektioner b\u00f8r vurdere cylinderens ydre tilstand, kontrollere for l\u00e6kager og sikre, at alle fittings er fastgjort.<\/p>\n<\/li>\n<li>\n<h3>Korrekt sm\u00f8ring<\/h3>\n<p>Sm\u00f8ring er afg\u00f8rende for hydrauliske cylindres levetid. S\u00f8rg for, at pakningerne er tilstr\u00e6kkeligt smurt for at forhindre slid og sikre problemfri drift. Efterfyld regelm\u00e6ssigt hydraulikv\u00e6ske efter behov.<\/p>\n<\/li>\n<li>\n<h3>Udskiftning af pakning<\/h3>\n<p>Udskift pakningerne regelm\u00e6ssigt for at bevare det hydrauliske systems integritet. Denne opgave b\u00f8r udf\u00f8res under rutinem\u00e6ssige vedligeholdelseskontroller, s\u00e5 det sikres, at nye pakninger monteres korrekt for at forhindre l\u00e6kager.<\/p>\n<\/li>\n<\/ul>\n<p><img decoding=\"async\" src=\"https:\/\/www.hydraulic-cylinders.net\/wp-content\/uploads\/2025\/04\/songte-chushion-collar.webp\" alt=\"Pudekrave\" \/><\/p>\n<h2>Sikkerhedshensyn og milj\u00f8faktorer<\/h2>\n<p>Sikkerhedsforanstaltninger er altafg\u00f8rende, n\u00e5r man arbejder med hydrauliske cylindre. Korrekt tr\u00e6ning af operat\u00f8rer og vedligeholdelsespersonale er afg\u00f8rende for at minimere risici. Brug altid personlige v\u00e6rnemidler (PPE), n\u00e5r du arbejder med hydrauliske systemer. Overvej desuden milj\u00f8p\u00e5virkningen af \u200b\u200bv\u00e6skel\u00e6kager; s\u00f8rg for, at alle t\u00e6tninger og fittings er i god stand for at forhindre forurening af jord og vandkilder.<\/p>\n<h2>Fejldiagnose og almindelige problemer<\/h2>\n<ul>\n<li>\n<h3>L\u00e6kage<\/h3>\n<p>L\u00e6kager i hydraulikv\u00e6sken er det mest almindelige problem med hydrauliske cylindre. De kan opst\u00e5 p\u00e5 grund af slidte pakninger eller beskadigede fittings. Regelm\u00e6ssige inspektioner og rettidige udskiftninger af pakninger er afg\u00f8rende for at forhindre v\u00e6sketab.<\/p>\n<\/li>\n<li>\n<h3>Reduceret ydeevne<\/h3>\n<p>Hvis cylinderen ikke reagerer godt eller har reduceret l\u00f8ftekapacitet, kan det v\u00e6re tegn p\u00e5 intern skade eller lavt v\u00e6skeniveau. Kontroller hydraulikv\u00e6sken, og inspicer cylinderen for indvendig slitage.<\/p>\n<\/li>\n<li>\n<h3>Overophedning<\/h3>\n<p>Overophedning kan forekomme p\u00e5 grund af h\u00f8jt systemtryk eller utilstr\u00e6kkelig sm\u00f8ring. S\u00f8rg for, at hydraulikolien skiftes regelm\u00e6ssigt, og at systemet ikke overbelastes.<\/p>\n<\/li>\n<\/ul>\n<h2>Tips til fejlfinding<\/h2>\n<p>For effektivt at diagnosticere og l\u00f8se problemer med hydrauliske cylindre skal du f\u00f8lge disse fejlfindingstips:<\/p>\n<ul>\n<li>Kontroller for synlige skader eller l\u00e6kager i hydrauliske slanger og fittings, og udskift eller reparer efter behov.<\/li>\n<li>S\u00f8rg for, at hydraulikv\u00e6sken er p\u00e5 det korrekte niveau og i god stand, og udskift den, hvis den er forurenet.<\/li>\n<li>Overv\u00e5g temperaturen p\u00e5 den hydrauliske v\u00e6ske, og s\u00f8rg for, at den forbliver inden for normale driftsomr\u00e5der.<\/li>\n<\/ul>\n<p>Implementering af forebyggende foranstaltninger s\u00e5som regelm\u00e6ssig vedligeholdelse vil hj\u00e6lpe med at minimere potentielle problemer og sikre det hydrauliske systems p\u00e5lidelighed.<\/p>\n<p><img decoding=\"async\" src=\"https:\/\/www.hydraulic-cylinders.net\/wp-content\/uploads\/2025\/04\/songte-bushings-with-all-kinds-of-excavator-models.webp\" alt=\"B\u00f8sninger\" \/><\/p>\n<h2>Virksomhedsoversigt<\/h2>\n<p>Vi er en producent, der specialiserer os i alternative hydrauliske cylindre, og tilbyder en bred vifte af produkter, der har gjort os til en af \u200b\u200bde f\u00f8rende producenter og grossister p\u00e5 b\u00e5de indenlandske og internationale markeder. Vi overholder princippet om fremragende kvalitet og anvender raffinerede produktionsstrategier i vores produktionsstyring. Vores engagement i at udnytte kvalificeret personale, avanceret digitalt produktionsudstyr og professionelle testsystemer forbedrer l\u00f8bende vores produktionskapaciteter.<\/p>\n<p>Med fokus p\u00e5 effektivitet, pr\u00e6cision og h\u00f8j kvalitet str\u00e6ber vi efter at im\u00f8dekomme forskellige kunders behov. Vores internationale certificeringer sikrer, at vores produkter opfylder globale standarder, mens vores kundetilpassede tjenester giver os mulighed for at skr\u00e6ddersy l\u00f8sninger til specifikke kundekrav. Derudover sikrer vores robuste eftersalgssupport, at vores kunder modtager den assistance, de har brug for til effektivt at vedligeholde deres hydrauliske systemer.<\/p>\n<p><img decoding=\"async\" src=\"https:\/\/www.hydraulic-cylinders.net\/wp-content\/uploads\/2025\/04\/songte-company-4.webp\" alt=\"Virksomhedsoversigt\" \/><br \/>\n<img decoding=\"async\" src=\"https:\/\/www.hydraulic-cylinders.net\/wp-content\/uploads\/2025\/04\/songte-company-3.webp\" alt=\"Produktionsfaciliteter\" \/><\/p>\n<p>Forfatter: lyl<\/p>","protected":false},"excerpt":{"rendered":"<p>Boom Cylinder For Hengte Wheel Excavator HTL65-8 Product Overview The Boom Cylinder for Hengte Wheel Excavator HTL65-8 is a specialized hydraulic cylinder designed to control the movement of the boom on various heavy machinery, including excavators, backhoe loaders, and front loaders. This hydraulic cylinder plays a crucial role in enabling the boom to lift, lower, [&hellip;]<\/p>","protected":false},"featured_media":17868,"comment_status":"open","ping_status":"closed","template":"","meta":{"_et_pb_use_builder":"","_et_pb_old_content":"","_et_gb_content_width":""},"product_brand":[],"product_cat":[1546],"product_tag":[1547,1496],"class_list":{"0":"post-19710","1":"product","2":"type-product","3":"status-publish","4":"has-post-thumbnail","6":"product_cat-boom-cylinders","7":"product_tag-boom-cylinders","8":"product_tag-hydraulic-cylinders","10":"first","11":"instock","12":"shipping-taxable","13":"product-type-simple"},"amp_enabled":true,"_links":{"self":[{"href":"https:\/\/www.hydraulic-cylinders.net\/da\/wp-json\/wp\/v2\/product\/19710","targetHints":{"allow":["GET"]}}],"collection":[{"href":"https:\/\/www.hydraulic-cylinders.net\/da\/wp-json\/wp\/v2\/product"}],"about":[{"href":"https:\/\/www.hydraulic-cylinders.net\/da\/wp-json\/wp\/v2\/types\/product"}],"replies":[{"embeddable":true,"href":"https:\/\/www.hydraulic-cylinders.net\/da\/wp-json\/wp\/v2\/comments?post=19710"}],"wp:featuredmedia":[{"embeddable":true,"href":"https:\/\/www.hydraulic-cylinders.net\/da\/wp-json\/wp\/v2\/media\/17868"}],"wp:attachment":[{"href":"https:\/\/www.hydraulic-cylinders.net\/da\/wp-json\/wp\/v2\/media?parent=19710"}],"wp:term":[{"taxonomy":"product_brand","embeddable":true,"href":"https:\/\/www.hydraulic-cylinders.net\/da\/wp-json\/wp\/v2\/product_brand?post=19710"},{"taxonomy":"product_cat","embeddable":true,"href":"https:\/\/www.hydraulic-cylinders.net\/da\/wp-json\/wp\/v2\/product_cat?post=19710"},{"taxonomy":"product_tag","embeddable":true,"href":"https:\/\/www.hydraulic-cylinders.net\/da\/wp-json\/wp\/v2\/product_tag?post=19710"}],"curies":[{"name":"wp","href":"https:\/\/api.w.org\/{rel}","templated":true}]}}