{"id":19726,"date":"2025-04-07T07:04:18","date_gmt":"2025-04-07T07:04:18","guid":{"rendered":"https:\/\/www.hydraulic-cylinders.net\/product\/boom-cylinder-for-xiniu-xn8180\/"},"modified":"2025-04-07T07:04:20","modified_gmt":"2025-04-07T07:04:20","slug":"boom-cylinder-for-xiniu-xn8180","status":"publish","type":"product","link":"https:\/\/www.hydraulic-cylinders.net\/da\/vare\/boom-cylinder-for-xiniu-xn8180\/","title":{"rendered":"Bomcylinder til Xiniu XN8180"},"content":{"rendered":"<h1>Bomcylinder til Xiniu XN8180<\/h1>\n<h2>Introduktion til bomcylinder<\/h2>\n<p>Bomcylinderen er en specialiseret hydraulisk cylinder designet til at styre bev\u00e6gelsen af \u200b\u200ben skovl i forskellige tunge maskiner s\u00e5som gravemaskiner, rendegravere og frontl\u00e6ssere. Denne cylinder g\u00f8r det muligt for skovlen at l\u00f8fte, s\u00e6nke og vippe, hvilket g\u00f8r den essentiel til materialeh\u00e5ndteringsopgaver. Skovlcylinderen er en afg\u00f8rende komponent i hydrauliske systemer, der leverer den n\u00f8dvendige kraft til effektiv drift i udfordrende milj\u00f8er.<\/p>\n<p><img decoding=\"async\" src=\"https:\/\/www.hydraulic-cylinders.net\/wp-content\/uploads\/2025\/04\/songte-company-1.webp\" alt=\"Bomcylinder\"><\/p>\n<h2>N\u00f8glefunktioner<\/h2>\n<ul>\n<li>\n<h3>H\u00f8j styrke og holdbarhed<\/h3>\n<p>Bomcylinderen er konstrueret af h\u00f8jstyrkest\u00e5l eller aluminium og kan modst\u00e5 h\u00f8je tryk og tunge belastninger. Dens design inkluderer slidstyrke og korrosionsbeskyttelse, hvilket forl\u00e6nger dens levetid under barske arbejdsforhold.<\/p>\n<\/li>\n<li>\n<h3>Effektiv hydraulisk drift<\/h3>\n<p>Ved at udnytte hydraulisk olietryk sikrer bomcylinderen j\u00e6vn ud- og indtr\u00e6kning, reagerer hurtigt p\u00e5 f\u00f8rerens kommandoer og leverer st\u00e6rke skubbe- og tr\u00e6kkr\u00e6fter, der er velegnede til tunge materialer og komplekse opgaver.<\/p>\n<\/li>\n<li>\n<h3>Forskellige typer tilg\u00e6ngelige<\/h3>\n<p>Hydrauliske cylindre findes i forskellige former, herunder enkeltvirkende (der fungerer i \u00e9n retning) og dobbeltvirkende (der fungerer i begge retninger). Nogle modeller er teleskopiske, hvilket muligg\u00f8r st\u00f8rre udtr\u00e6k uden at \u00f8ge de udvendige dimensioner, hvilket er ideelt til pladsbegr\u00e6nsede applikationer.<\/p>\n<\/li>\n<li>\n<h3>Tilpasset produktion<\/h3>\n<p>Vores produkter kan perfekt erstatte eksisterende hydrauliske cylindre og sikre kompatibilitet og ydeevne p\u00e5 tv\u00e6rs af forskellige modeller.<\/p>\n<\/li>\n<\/ul>\n<p><img decoding=\"async\" src=\"https:\/\/www.hydraulic-cylinders.net\/wp-content\/uploads\/2025\/04\/songte-cylinder-head-with-all-kinds-excavator-models.webp\" alt=\"Hydrauliske cylindermuligheder\"><\/p>\n<h2>Anvendelser af bomcylinder<\/h2>\n<ul>\n<li>\n<h3>Entrepren\u00f8rudstyr<\/h3>\n<p>I gravemaskiner er bomcylindre afg\u00f8rende for gravning, lastning og flytning af jord eller affald. De letter skovlens bev\u00e6gelse, s\u00e5 den kan tr\u00e6nge ned i jorden, hvilket g\u00f8r dem uundv\u00e6rlige til graveopgaver.<\/p>\n<\/li>\n<li>\n<h3>Landbrugsmaskiner<\/h3>\n<p>Frontl\u00e6ssere bruger bomcylindre til at skovle, l\u00f8fte og transportere jord, h\u00f8 og andre materialer. Deres evne til at man\u00f8vrere i trange rum er afg\u00f8rende for effektiv landbrugsdrift.<\/p>\n<\/li>\n<li>\n<h3>Gravemaskiner<\/h3>\n<p>Bomcylindre g\u00f8r det muligt for skovlen at grave effektivt ned i jorden, hvilket forbedrer gravemaskinens samlede ydeevne i forskellige graveopgaver.<\/p>\n<\/li>\n<li>\n<h3>L\u00e6ssere<\/h3>\n<p>I frontl\u00e6ssere hj\u00e6lper bomcylindre med at l\u00f8fte og losse last effektivt, hvilket g\u00f8r dem afg\u00f8rende for bygge- og materialeh\u00e5ndteringsopgaver.<\/p>\n<\/li>\n<\/ul>\n<h2>Designovervejelser og udv\u00e6lgelseskriterier<\/h2>\n<ul>\n<li>\n<h3>Lastkapacitet<\/h3>\n<p>En bomcylinders lasteevne er afg\u00f8rende for at sikre, at den kan modst\u00e5 kravene i specifikke applikationer. Faktorer som v\u00e6gten af \u200b\u200bde materialer, der h\u00e5ndteres, den n\u00f8dvendige kraft til l\u00f8ft og det maksimale driftstryk skal tages i betragtning. Valg af en cylinder med tilstr\u00e6kkelig lasteevne sikrer sikker og effektiv drift, forhindrer mekaniske fejl og forbedrer maskinens samlede ydeevne.<\/p>\n<\/li>\n<li>\n<h3>Forseglingsevne<\/h3>\n<p>T\u00e6tning er afg\u00f8rende for at opretholde hydraulisk tryk og forhindre l\u00e6kage. T\u00e6tninger af h\u00f8j kvalitet, s\u00e5som stempelt\u00e6tninger og stangt\u00e6tninger lavet af holdbare materialer som polyurethan og nitrilgummi, er afg\u00f8rende. Korrekt t\u00e6tning minimerer vedligeholdelsesbehovet og forbedrer systemets effektivitet, hvilket i sidste ende f\u00f8rer til lavere driftsomkostninger og \u00f8get p\u00e5lidelighed af det hydrauliske system.<\/p>\n<\/li>\n<li>\n<h3>Holdbarhed<\/h3>\n<p>Holdbarhed er en vigtig faktor i designet af bomcylindre. De b\u00f8r v\u00e6re konstrueret af materialer, der modst\u00e5r slid, korrosion og udmattelse over tid. Faktorer som overfladebehandlinger og beskyttende bel\u00e6gninger kan forbedre hydrauliske cylindres holdbarhed betydeligt og sikre, at de kan modst\u00e5 kr\u00e6vende applikationer i forskellige milj\u00f8er.<\/p>\n<\/li>\n<li>\n<h3>Sikkerhedsfunktioner<\/h3>\n<p>Det er afg\u00f8rende at integrere sikkerhedsfunktioner i designet af bomcylindre for at forhindre ulykker og sikre f\u00f8rerens sikkerhed. Dette omfatter trykaflastningsventiler og sikkerhedsl\u00e5se, der forhindrer ukontrollerede bev\u00e6gelser. Vurdering af sikkerhedsstandarder og certificeringer kan give tillid til cylinderens design og p\u00e5lidelighed og i sidste ende beskytte b\u00e5de arbejdere og maskiner.<\/p>\n<\/li>\n<li>\n<h3>Vedligeholdelsestilg\u00e6ngelighed<\/h3>\n<p>Design af bomcylindre med vedligeholdelsesadgang i tankerne sikrer, at rutinem\u00e6ssige kontroller og reparationer nemt kan udf\u00f8res. Funktioner som aftagelige ended\u00e6ksler eller tilg\u00e6ngelige sm\u00f8renipler letter sm\u00f8ring og vedligeholdelse, forl\u00e6nger cylinderens levetid og sikrer optimal ydeevne i hele dens levetid.<\/p>\n<\/li>\n<\/ul>\n<p><img decoding=\"async\" src=\"https:\/\/www.hydraulic-cylinders.net\/wp-content\/uploads\/2025\/04\/songte-oil-pipes-and-spare-parts.webp\" alt=\"Hydrauliske dele og tilbeh\u00f8r\"><\/p>\n<h2>T\u00e6tning og sm\u00f8ring<\/h2>\n<p>Effektiv t\u00e6tning og sm\u00f8ring er afg\u00f8rende for bomcylindrenes levetid og effektivitet. Forskellige t\u00e6tninger, s\u00e5som stempelt\u00e6tninger og stangt\u00e6tninger, bruges til at opretholde hydraulisk tryk, hvor materialer som polyurethan og nitrilgummi er valgt for deres slidstyrke. Cylinderhuset og gevindfladerne gennemg\u00e5r fin bearbejdning for at forbedre slidstyrken. Regelm\u00e6ssig sm\u00f8ring med hydraulikolie er afg\u00f8rende for at reducere friktion og forhindre slid, hvilket sikrer en problemfri drift af cylinderen.<\/p>\n<h2>Forebyggende vedligeholdelsesforanstaltninger<\/h2>\n<ul>\n<li>\n<h3>Regelm\u00e6ssige inspektioner<\/h3>\n<p>Regelm\u00e6ssige inspektioner af bomcylinderen hj\u00e6lper med at identificere potentielle problemer, f\u00f8r de eskalerer. Kig efter tegn p\u00e5 l\u00e6kage, slid eller skader p\u00e5 t\u00e6tninger og andre komponenter. Tidlig opdagelse kan forhindre dyre reparationer og nedetid.<\/p>\n<\/li>\n<li>\n<h3>Korrekt sm\u00f8ring<\/h3>\n<p>Det er afg\u00f8rende for bomcylinderens ydeevne at sikre, at den er tilstr\u00e6kkeligt smurt. Brug den hydrauliske olie, der anbefales af producenten, og f\u00f8lg den anbefalede sm\u00f8replan. Korrekt sm\u00f8ring minimerer friktion, reducerer slid og forl\u00e6nger cylinderens levetid.<\/p>\n<\/li>\n<li>\n<h3>Udskiftning af pakning<\/h3>\n<p>Kontroller regelm\u00e6ssigt pakningernes tilstand, og udskift dem efter behov. Slidte eller beskadigede pakninger kan f\u00f8re til l\u00e6kager af hydraulikv\u00e6ske, hvilket reducerer cylinderens effektivitet og potentielt for\u00e5rsager systemfejl. Implementering af en tidsplan for udskiftning af pakninger kan hj\u00e6lpe med at opretholde optimal ydeevne.<\/p>\n<\/li>\n<\/ul>\n<h2>Installationsvejledning<\/h2>\n<p>Installation af en bomcylinder kr\u00e6ver omhyggelig opm\u00e6rksomhed p\u00e5 detaljer for at sikre korrekt justering og sikker fastg\u00f8relse. Start med at v\u00e6lge et passende monteringsbeslag til at stabilisere cylinderen. Juster cylinderen n\u00f8jagtigt med fastg\u00f8relsespunkterne for at undg\u00e5 forkert justering under drift. Fastg\u00f8r alle fastg\u00f8relseselementer i henhold til producentens specifikationer, og udf\u00f8r en sidste kontrol for at sikre, at alt er sp\u00e6ndt korrekt. Efter installationen skal du udf\u00f8re en hydraulisk test for at bekr\u00e6fte, at cylinderen fungerer problemfrit uden l\u00e6kager. Korrekt installation er afg\u00f8rende for at maksimere bomcylinderens levetid og ydeevne.<\/p>\n<h2>Almindelige vedligeholdelsesopgaver<\/h2>\n<ul>\n<li>\n<h3>Regelm\u00e6ssige kontroller<\/h3>\n<p>Udf\u00f8r regelm\u00e6ssige visuelle og funktionelle kontroller af bomcylinderen. Se efter tegn p\u00e5 slid, l\u00e6kage eller forkert justering. Hurtig afhj\u00e6lpning af disse problemer kan forhindre betydelige problemer senere hen.<\/p>\n<\/li>\n<li>\n<h3>Passende sm\u00f8ring<\/h3>\n<p>S\u00f8rg for, at bomcylinderen er smurt i henhold til producentens anvisninger. Brug af den korrekte type og m\u00e6ngde hydraulikolie er afg\u00f8rende for at opretholde optimal ydeevne og levetid.<\/p>\n<\/li>\n<li>\n<h3>Udskiftning af pakninger og kalibreringskontroller<\/h3>\n<p>Kontroller regelm\u00e6ssigt pakninger for slid, og udskift dem efter behov. Udf\u00f8r desuden kalibreringskontroller for at sikre, at det hydrauliske system fungerer inden for de angivne parametre, hvilket hj\u00e6lper med at opretholde pr\u00e6cis kontrol over maskineriet.<\/p>\n<\/li>\n<\/ul>\n<p><img decoding=\"async\" src=\"https:\/\/www.hydraulic-cylinders.net\/wp-content\/uploads\/2025\/04\/songte-chushion-collar.webp\" alt=\"Pudekrave til hydrauliske systemer\"><\/p>\n<h2>Sikkerhedshensyn og milj\u00f8faktorer<\/h2>\n<p>N\u00e5r man arbejder med hydrauliske systemer, er det vigtigt at implementere sikkerhedsforanstaltninger for at beskytte b\u00e5de operat\u00f8rer og maskiner. S\u00f8rg for, at alle sikkerhedsanordninger fungerer korrekt, og s\u00f8rg for korrekt tr\u00e6ning af personale, der betjener disse systemer. Overvej desuden milj\u00f8p\u00e5virkningen af \u200b\u200bhydrauliske v\u00e6sker, og s\u00f8g at bruge biologisk nedbrydelige muligheder, n\u00e5r det er muligt, for at minimere \u00f8kologiske farer.<\/p>\n<h2>Fejldiagnose og almindelige problemer<\/h2>\n<ul>\n<li>\n<h3>Hydraulisk l\u00e6kage<\/h3>\n<p>Hydraulisk l\u00e6kage er et almindeligt problem, der kan f\u00f8re til nedsat effektivitet og potentielle sikkerhedsrisici. Inspicer t\u00e6tninger og forbindelser regelm\u00e6ssigt for at identificere eventuelle l\u00e6kager. Hvis der opdages l\u00e6kage, skal slidte t\u00e6tninger udskiftes, og det skal sikres, at alle forbindelser er t\u00e6tte.<\/p>\n<\/li>\n<li>\n<h3>Inkonsekvent cylinderbev\u00e6gelse<\/h3>\n<p>Uregelm\u00e6ssig eller rykvis bev\u00e6gelse af bomcylinderen kan v\u00e6re tegn p\u00e5 problemer med hydraulisk tryk eller blokeringer. Kontroller hydraulikv\u00e6skeniveauet og filteret for forurenende stoffer, der kan hindre flowet. Det er vigtigt at l\u00f8se disse problemer hurtigt for at sikre en problemfri drift.<\/p>\n<\/li>\n<li>\n<h3>St\u00f8jende drift<\/h3>\n<p>For meget st\u00f8j under drift kan tyde p\u00e5 forkert sm\u00f8ring eller mekanisk slitage. S\u00f8rg for, at cylinderen er tilstr\u00e6kkeligt smurt, og unders\u00f8g for tegn p\u00e5 slid p\u00e5 bev\u00e6gelige dele. Regelm\u00e6ssig vedligeholdelse kan hj\u00e6lpe med at forhindre s\u00e5danne problemer.<\/p>\n<\/li>\n<\/ul>\n<h2>Tips til fejlfinding<\/h2>\n<p>For effektivt at kunne fejlfinde problemer med bomcylinderen skal du f\u00f8rst identificere symptomerne og isolere problemomr\u00e5det. Ved l\u00e6kage skal du inspicere t\u00e6tninger og forbindelser; ved ustabil bev\u00e6gelse skal du kontrollere hydraulisk tryk og v\u00e6skeniveauer. Regelm\u00e6ssig vedligeholdelse og forebyggende foranstaltninger kan reducere forekomsten af \u200b\u200bdisse problemer betydeligt og sikre p\u00e5lidelig drift. Dokumentation af alle vedligeholdelseshandlinger hj\u00e6lper ogs\u00e5 med at spore cylinderens ydeevne og tilstand over tid.<\/p>\n<p><img decoding=\"async\" src=\"https:\/\/www.hydraulic-cylinders.net\/wp-content\/uploads\/2025\/04\/songte-bushings-with-all-kinds-of-excavator-models.webp\" alt=\"B\u00f8sninger til gravemaskinemodeller\"><\/p>\n<h2>Om vores virksomhed<\/h2>\n<p>Vi er en f\u00f8rende producent af hydrauliske udskiftningscylindre og specialiserer os i en bred vifte af produkter, der henvender sig til b\u00e5de indenlandske og internationale markeder. Vores engagement i fremragende kvalitet underst\u00f8ttes af vores pr\u00e6cisionsproduktionsstrategier, der anvender avanceret digitalt udstyr og professionelle testsystemer. Vores dygtige arbejdsstyrke og innovative evner g\u00f8r det muligt for os at im\u00f8dekomme forskellige kundebehov med h\u00f8j effektivitet, pr\u00e6cision og kvalitet.<\/p>\n<p><img decoding=\"async\" src=\"https:\/\/www.hydraulic-cylinders.net\/wp-content\/uploads\/2025\/04\/songte-company-4.webp\" alt=\"Virksomhedens produktionsanl\u00e6g\"><br \/>\n<img decoding=\"async\" src=\"https:\/\/www.hydraulic-cylinders.net\/wp-content\/uploads\/2025\/04\/songte-company-3.webp\" alt=\"Produktionsudstyr\"><\/p>\n<h2>Konklusion<\/h2>\n<p>Kort sagt er bomcylinderen til Xiniu XN8180 en essentiel komponent i hydrauliske systemer, der leverer den n\u00f8dvendige funktionalitet til forskellige tunge maskiner. Korrekt forst\u00e5else af dens funktioner, anvendelser, vedligeholdelse og installation vil sikre optimal ydeevne og levetid.<\/p>\n<p>Forfatter: lyl<\/p>","protected":false},"excerpt":{"rendered":"<p>Boom Cylinder For Xiniu XN8180 Introduction to Boom Cylinder The Boom Cylinder is a specialized hydraulic cylinder designed for controlling the movement of a bucket in various heavy machinery such as excavators, backhoe loaders, and front-end loaders. This cylinder allows the bucket to lift, lower, and tilt, making it essential for material handling tasks. The [&hellip;]<\/p>","protected":false},"featured_media":17869,"comment_status":"open","ping_status":"closed","template":"","meta":{"_et_pb_use_builder":"","_et_pb_old_content":"","_et_gb_content_width":""},"product_brand":[],"product_cat":[1546],"product_tag":[1547,1496],"class_list":{"0":"post-19726","1":"product","2":"type-product","3":"status-publish","4":"has-post-thumbnail","6":"product_cat-boom-cylinders","7":"product_tag-boom-cylinders","8":"product_tag-hydraulic-cylinders","10":"first","11":"instock","12":"shipping-taxable","13":"product-type-simple"},"amp_enabled":true,"_links":{"self":[{"href":"https:\/\/www.hydraulic-cylinders.net\/da\/wp-json\/wp\/v2\/product\/19726","targetHints":{"allow":["GET"]}}],"collection":[{"href":"https:\/\/www.hydraulic-cylinders.net\/da\/wp-json\/wp\/v2\/product"}],"about":[{"href":"https:\/\/www.hydraulic-cylinders.net\/da\/wp-json\/wp\/v2\/types\/product"}],"replies":[{"embeddable":true,"href":"https:\/\/www.hydraulic-cylinders.net\/da\/wp-json\/wp\/v2\/comments?post=19726"}],"wp:featuredmedia":[{"embeddable":true,"href":"https:\/\/www.hydraulic-cylinders.net\/da\/wp-json\/wp\/v2\/media\/17869"}],"wp:attachment":[{"href":"https:\/\/www.hydraulic-cylinders.net\/da\/wp-json\/wp\/v2\/media?parent=19726"}],"wp:term":[{"taxonomy":"product_brand","embeddable":true,"href":"https:\/\/www.hydraulic-cylinders.net\/da\/wp-json\/wp\/v2\/product_brand?post=19726"},{"taxonomy":"product_cat","embeddable":true,"href":"https:\/\/www.hydraulic-cylinders.net\/da\/wp-json\/wp\/v2\/product_cat?post=19726"},{"taxonomy":"product_tag","embeddable":true,"href":"https:\/\/www.hydraulic-cylinders.net\/da\/wp-json\/wp\/v2\/product_tag?post=19726"}],"curies":[{"name":"wp","href":"https:\/\/api.w.org\/{rel}","templated":true}]}}