{"id":19739,"date":"2025-04-07T07:04:51","date_gmt":"2025-04-07T07:04:51","guid":{"rendered":"https:\/\/www.hydraulic-cylinders.net\/product\/boom-cylinder-for-kato-small-excavator-hd820a\/"},"modified":"2025-04-07T07:04:53","modified_gmt":"2025-04-07T07:04:53","slug":"boom-cylinder-for-kato-small-excavator-hd820a","status":"publish","type":"product","link":"https:\/\/www.hydraulic-cylinders.net\/da\/vare\/boom-cylinder-for-kato-small-excavator-hd820a\/","title":{"rendered":"Bomcylinder til Kato lille gravemaskine HD820A"},"content":{"rendered":"<h1>Bomcylinder til Kato lille gravemaskine HD820A<\/h1>\n<h2>Produktoversigt<\/h2>\n<p>Bomcylinderen til Kato Small Excavator HD820A er en afg\u00f8rende hydraulisk komponent designet til at styre bev\u00e6gelsen af \u200b\u200bgravemaskinens bom. Denne hydrauliske cylinder g\u00f8r det muligt for bommen at l\u00f8fte, s\u00e6nke og vippe, hvilket effektivt letter forskellige materialeh\u00e5ndteringsopgaver. Den er konstrueret til at forbedre driftseffektiviteten af \u200b\u200btunge maskiner som gravemaskiner, rendegravere og frontl\u00e6ssere. Skovlcylinderen er en v\u00e6sentlig del af det hydrauliske system, der oms\u00e6tter hydraulisk tryk til mekanisk bev\u00e6gelse og dermed bidrager til udstyrets samlede ydeevne og funktionalitet.<\/p>\n<p><img decoding=\"async\" src=\"https:\/\/www.hydraulic-cylinders.net\/wp-content\/uploads\/2025\/04\/songte-company-1.webp\" alt=\"Bomcylinder\"><\/p>\n<h3>Definition og funktionalitet<\/h3>\n<p>Skovlcylinderen er, som navnet antyder, en type hydraulisk cylinder, der er specielt designet til at styre bev\u00e6gelsen af \u200b\u200bskovle i tunge maskiner. Den spiller en afg\u00f8rende rolle i hydrauliske systemer ved at omdanne hydraulisk energi til mekanisk arbejde. Dette g\u00f8r det muligt for operat\u00f8rer at udf\u00f8re opgaver som gravning, l\u00f8ft og vipning med pr\u00e6cision og kontrol. Den operationelle fleksibilitet, som skovlcylinderen giver, er afg\u00f8rende for forskellige bygge- og landbrugsapplikationer, hvilket g\u00f8r den til et uundv\u00e6rligt v\u00e6rkt\u00f8j i branchen.<\/p>\n<h2>Funktioner ved bomcylinderen<\/h2>\n<ul>\n<li><strong>H\u00f8j styrke og holdbarhed:<\/strong> Bomcylinderen er fremstillet af h\u00f8jstyrkest\u00e5l eller aluminium og er bygget til at modst\u00e5 h\u00f8jt tryk og tunge belastninger, hvilket g\u00f8r den velegnet til barske arbejdsmilj\u00f8er.<\/li>\n<li><strong>Effektiv hydraulisk drift:<\/strong> Den bruger hydraulisk olietryk til at opn\u00e5 j\u00e6vn og hurtig ud- og indtr\u00e6kning, hvilket giver kraftfulde skubbe- og tr\u00e6kfunktioner, der er ideelle til h\u00e5ndtering af tunge materialer.<\/li>\n<li><strong>Forskellige typer:<\/strong> Bomcylinderen f\u00e5s i forskellige konfigurationer, s\u00e5som enkeltvirkende (fungerer i \u00e9n retning) og dobbeltvirkende (fungerer i begge retninger), hvilket muligg\u00f8r tilpasning baseret p\u00e5 driftsm\u00e6ssige behov.<\/li>\n<li><strong>Pladsbesparende design:<\/strong> Visse modeller har et teleskopdesign, der muligg\u00f8r st\u00f8rre udtr\u00e6k, samtidig med at de bevarer en kompakt udvendig st\u00f8rrelse og er velegnede til applikationer med begr\u00e6nset plads.<\/li>\n<li><strong>Nem vedligeholdelse:<\/strong> Designet inkluderer funktioner, der letter adgang til vedligeholdelse og reparationer, hvilket sikrer forl\u00e6nget levetid.<\/li>\n<\/ul>\n<p>Vi er i stand til at fremstille dette produkt, og vores cylindre kan perfekt erstatte forskellige hydrauliske cylindre.<\/p>\n<p><img decoding=\"async\" src=\"https:\/\/www.hydraulic-cylinders.net\/wp-content\/uploads\/2025\/04\/songte-cylinder-head-with-all-kinds-excavator-models.webp\" alt=\"Gravemaskinemodeller\"><\/p>\n<h2>Applikationsscenarier<\/h2>\n<h3>Entrepren\u00f8rudstyr<\/h3>\n<p>I gravemaskiner er bomcylinderen afg\u00f8rende for gravning, lastning og flytning af jord eller affald. Dens design muligg\u00f8r pr\u00e6cis kontrol over skovlens position, hvilket muligg\u00f8r effektiv udgravning og materialeh\u00e5ndtering. Desuden bidrager bomcylinderen i rendegravere til b\u00e5de grave- og l\u00f8ftekapaciteten, hvilket forbedrer udstyrets alsidighed.<\/p>\n<h3>Landbrugsmaskiner<\/h3>\n<p>I frontl\u00e6ssere spiller bomcylinderen en afg\u00f8rende rolle i opgravning, l\u00f8ft og transport af jord, h\u00f8 og andre materialer. Den hydrauliske betjening g\u00f8r det muligt for f\u00f8reren at h\u00e5ndtere tunge l\u00e6s med lethed, hvilket forbedrer produktiviteten p\u00e5 b\u00e5de landbrug og byggepladser.<\/p>\n<h3>Gravemaskiner<\/h3>\n<p>Bomcylinderen letter gravearbejdet ved at lade skovlen tr\u00e6nge effektivt ned i jorden. Denne hydrauliske komponent sikrer j\u00e6vne og kontrollerede bev\u00e6gelser, hvilket er afg\u00f8rende for at opn\u00e5 pr\u00e6cise gravedybder og opretholde det omkringliggende omr\u00e5des integritet.<\/p>\n<h3>L\u00e6ssere<\/h3>\n<p>I frontl\u00e6ssere hj\u00e6lper bomcylindre med at l\u00f8fte og t\u00f8mme materialer effektivt. Evnen til at kontrollere skovlens vinkel og h\u00f8jde er afg\u00f8rende for effektiv materialeplacering, hvilket forbedrer l\u00e6sserens samlede driftseffektivitet.<\/p>\n<h2>Designovervejelser og udv\u00e6lgelseskriterier<\/h2>\n<h3>Lastkapacitet<\/h3>\n<p>Lastkapaciteten er en grundl\u00e6ggende designovervejelse for bomcylindre. Den bestemmer den maksimale v\u00e6gt, som cylinderen sikkert kan l\u00f8fte og h\u00e5ndtere. Ingeni\u00f8rer skal omhyggeligt beregne lastkravene baseret p\u00e5 maskineriets tilsigtede anvendelse og de materialer, der h\u00e5ndteres. En cylinder med utilstr\u00e6kkelig lastekapacitet kan f\u00f8re til mekanisk svigt, hvilket udg\u00f8r sikkerhedsrisici og for\u00e5rsager driftsforstyrrelser.<\/p>\n<h3>Forseglingsevne<\/h3>\n<p>T\u00e6tningsevnen er afg\u00f8rende for at opretholde hydraulisk effektivitet. T\u00e6tninger af h\u00f8j kvalitet forhindrer v\u00e6skel\u00e6kager og sikrer, at det hydrauliske system fungerer ved optimale trykniveauer. D\u00e5rlig t\u00e6tning kan f\u00f8re til reduceret effekt og \u00f8get slid p\u00e5 komponenter. Derfor er det afg\u00f8rende at v\u00e6lge de rigtige materialer og designs til t\u00e6tninger for bomcylinderens levetid og effektivitet.<\/p>\n<h3>Holdbarhed<\/h3>\n<p>Holdbarhed er afg\u00f8rende for hydrauliske cylindre, der fungerer i udfordrende milj\u00f8er. De materialer, der anvendes i konstruktionen, skal v\u00e6re modstandsdygtige over for slid, korrosion og andre skadelige faktorer. Regelm\u00e6ssige vurderinger af cylinderens holdbarhed kan hj\u00e6lpe med at forhindre fejl og forl\u00e6nge levetiden, hvilket i sidste ende f\u00f8rer til lavere vedligeholdelsesomkostninger og h\u00f8jere effektivitet.<\/p>\n<h3>Sikkerhedsfunktioner<\/h3>\n<p>Det er afg\u00f8rende at integrere sikkerhedsfunktioner i designet af bomcylindre for at beskytte operat\u00f8rer og udstyr. Dette omfatter indbygning af trykaflastningsventiler for at forhindre overbelastning og sikre, at alle komponenter opfylder sikkerhedsstandarder. Regelm\u00e6ssige inspektioner og overholdelse af sikkerhedsprotokoller er n\u00f8dvendige for at minimere risici forbundet med hydrauliske operationer.<\/p>\n<h3>Vedligeholdelsestilg\u00e6ngelighed<\/h3>\n<p>Design af bomcylindre med henblik p\u00e5 tilg\u00e6ngelighed under vedligeholdelse sikrer, at reparationer kan udf\u00f8res hurtigt og effektivt. Funktioner som f.eks. let adgang til sm\u00f8reporte og gennemsigtige beholdere til v\u00e6skeniveauer kan forbedre vedligeholdelsesoplevelsen betydeligt og muligg\u00f8re rettidige indgreb, der forhindrer mere alvorlige problemer senere hen.<\/p>\n<p><img decoding=\"async\" src=\"https:\/\/www.hydraulic-cylinders.net\/wp-content\/uploads\/2025\/04\/songte-oil-pipes-and-spare-parts.webp\" alt=\"Olier\u00f8r og reservedele\"><\/p>\n<h2>T\u00e6tning og sm\u00f8ring<\/h2>\n<p>T\u00e6tning og sm\u00f8ring er vigtige aspekter ved at opretholde effektiviteten af \u200b\u200bbomcylindre. Forskellige t\u00e6tningskomponenter, s\u00e5som stempelt\u00e6tninger og stangt\u00e6tninger, spiller en afg\u00f8rende rolle i at forhindre v\u00e6skel\u00e6kage og sikre driftseffektivitet. T\u00e6tningerne er ofte lavet af holdbare materialer som polyurethan og nitrilgummi, der modst\u00e5r slid og milj\u00f8m\u00e6ssige faktorer.<\/p>\n<p>Derudover gennemg\u00e5r cylinderhuset og gevindfladerne en omhyggelig bearbejdning for at forbedre deres slidstyrke. Regelm\u00e6ssig sm\u00f8ring med den passende hydrauliske olie er n\u00f8dvendig for at minimere friktion og slid, hvilket i sidste ende bidrager til cylinderens levetid.<\/p>\n<h2>Regelm\u00e6ssige kontroller og forebyggende vedligeholdelsesforanstaltninger<\/h2>\n<ul>\n<li><strong>Rutinem\u00e6ssige inspektioner:<\/strong> Der b\u00f8r udf\u00f8res regelm\u00e6ssige inspektioner for at identificere tegn p\u00e5 slid eller skader. Dette omfatter kontrol af pakninger, slanger og cylinderhuset for l\u00e6kager eller revner.<\/li>\n<li><strong>Korrekt sm\u00f8ring:<\/strong> Det er vigtigt for problemfri drift at sikre, at det hydrauliske system er tilstr\u00e6kkeligt smurt. Operat\u00f8rer b\u00f8r f\u00f8lge producentens retningslinjer for sm\u00f8refrekvens og olietype.<\/li>\n<li><strong>Udskiftning af pakning:<\/strong> Regelm\u00e6ssig udskiftning af pakninger, der viser tegn p\u00e5 slid, kan forhindre l\u00e6kager og opretholde systemtrykket. Operat\u00f8rer b\u00f8r tr\u00e6nes i at genkende, hvorn\u00e5r pakninger skal udskiftes.<\/li>\n<\/ul>\n<h2>Produktinstallationsvejledning<\/h2>\n<p>Korrekt installation af bomcylinderen er afg\u00f8rende for optimal ydeevne. F\u00f8lg disse trin for n\u00f8jagtig installation:<\/p>\n<ol>\n<li><strong>Forberedelse:<\/strong> S\u00f8rg for, at alle n\u00f8dvendige komponenter til installationen er tilg\u00e6ngelige og i god stand.<\/li>\n<li><strong>Justering:<\/strong> Juster cylinderen korrekt med monteringspunkterne ved hj\u00e6lp af passende monteringsbeslag for at forhindre sk\u00e6v justering.<\/li>\n<li><strong>Sikker montering:<\/strong> Brug passende fastg\u00f8relseselementer og momenter anbefalet af producenten til at fastg\u00f8re cylinderen p\u00e5 plads. Oversp\u00e6nding kan for\u00e5rsage skader.<\/li>\n<li><strong>Hydrauliske forbindelser:<\/strong> Tilslut hydraulikslangerne til cylinderen, og s\u00f8rg for, at de er korrekt monteret for at undg\u00e5 l\u00e6kager.<\/li>\n<li><strong>Trykpr\u00f8vning:<\/strong> Efter installationen skal der udf\u00f8res en trykpr\u00f8vning for at sikre, at systemet fungerer korrekt og uden l\u00e6kager.<\/li>\n<\/ol>\n<h2>Vedligeholdelsesopgaver<\/h2>\n<ul>\n<li><strong>Rutinem\u00e6ssige kontroller:<\/strong> Udf\u00f8r regelm\u00e6ssige kontroller for at identificere potentielle problemer, f\u00f8r de eskalerer. Dette omfatter overv\u00e5gning af v\u00e6skeniveauer og inspektion for l\u00e6kager.<\/li>\n<li><strong>Korrekt sm\u00f8ring:<\/strong> S\u00f8rg for passende sm\u00f8ring for at reducere friktion og slid p\u00e5 bev\u00e6gelige dele. F\u00f8lg producentens anbefalinger for olietype og -intervaller.<\/li>\n<li><strong>Udskiftning af pakning:<\/strong> Kontroller regelm\u00e6ssigt pakningerne for slid, og udskift dem efter behov. Dette hj\u00e6lper med at opretholde den hydrauliske effektivitet og forhindre l\u00e6kager.<\/li>\n<\/ul>\n<h2>Sikkerhedshensyn og milj\u00f8faktorer<\/h2>\n<p>Det er afg\u00f8rende at sikre sikkerheden under brug af hydraulisk udstyr. Operat\u00f8rer b\u00f8r overholde sikkerhedsprotokoller for at mindske risici. Dette inkluderer at b\u00e6re passende personlige v\u00e6rnemidler (PPE) og f\u00f8lge driftsretningslinjer. Milj\u00f8hensyn b\u00f8r ogs\u00e5 tages i betragtning; for eksempel at sikre, at hydrauliske v\u00e6sker ikke l\u00e6kker ned i jorden og dermed forhindre jordforurening. Ved at anvende milj\u00f8venlige metoder kan man forbedre b\u00e6redygtigheden i driften.<\/p>\n<h2>Fejldiagnose og almindelige problemer<\/h2>\n<ul>\n<li><strong>L\u00e6kager:<\/strong> Et af de mest almindelige problemer er l\u00e6kage af hydraulikv\u00e6ske, som kan skyldes slidte pakninger eller l\u00f8se forbindelser. Regelm\u00e6ssige inspektioner kan hj\u00e6lpe med at identificere og afhj\u00e6lpe l\u00e6kager hurtigt.<\/li>\n<li><strong>D\u00e5rlig ydeevne:<\/strong> Hvis bomcylinderen arbejder tr\u00e6gt, skal du kontrollere for lave hydraulikv\u00e6skeniveauer eller forurening i v\u00e6sken, hvilket kan p\u00e5virke ydeevnen.<\/li>\n<li><strong>Us\u00e6dvanlige lyde:<\/strong> Slibende eller bankende lyde under drift kan v\u00e6re tegn p\u00e5 mekaniske problemer i cylinderen eller omgivende komponenter.<\/li>\n<\/ul>\n<h2>Tips til fejlfinding<\/h2>\n<p>For effektivt at diagnosticere og l\u00f8se problemer b\u00f8r operat\u00f8rer overveje f\u00f8lgende tips:<\/p>\n<ul>\n<li>Overv\u00e5g regelm\u00e6ssigt v\u00e6skeniveauer og udskift forurenet v\u00e6ske for at opretholde systemets effektivitet.<\/li>\n<li>Udf\u00f8r visuelle inspektioner for at identificere synlige l\u00e6kager eller skader p\u00e5 komponenter.<\/li>\n<li>Implementer forebyggende foranstaltninger, s\u00e5som rutinem\u00e6ssig vedligeholdelse og rettidige reparationer, for at minimere sandsynligheden for problemer.<\/li>\n<\/ul>\n<p><img decoding=\"async\" src=\"https:\/\/www.hydraulic-cylinders.net\/wp-content\/uploads\/2025\/04\/songte-bushings-with-all-kinds-of-excavator-models.webp\" alt=\"B\u00f8sninger med gravemaskinemodeller\"><\/p>\n<h2>Om vores virksomhed<\/h2>\n<p>Vi er en f\u00f8rende producent af hydrauliske cylindre, der specialiserer os i at levere udskiftningscylindre af h\u00f8j kvalitet til forskellige anvendelser. Vores omfattende produktsortiment har positioneret os som en fremtr\u00e6dende akt\u00f8r p\u00e5 b\u00e5de indenlandske og internationale markeder. Vi f\u00f8lger en strategi om fremragende kvalitet, underst\u00f8ttet af en raffineret tilgang til produktionsstyring.<\/p>\n<p>Vores produktionskapacitet styrkes af et team af dygtige fagfolk, avanceret digitalt produktionsudstyr og et professionelt kvalitetskontrolsystem. Vi str\u00e6ber efter l\u00f8bende at forbedre vores produktionsplatform ved at integrere innovative teknologier og forfine vores produktionsprocesser. Denne forpligtelse g\u00f8r os i stand til at im\u00f8dekomme forskellige kundebehov effektivt og virkningsfuldt.<\/p>\n<p>Vi er forpligtet til professionalisme, internationale certificeringer, skr\u00e6ddersyede tjenester, avanceret produktionsudstyr og p\u00e5lidelig eftersalgssupport, hvilket sikrer kundetilfredshed og langvarige partnerskaber.<\/p>\n<p><img decoding=\"async\" src=\"https:\/\/www.hydraulic-cylinders.net\/wp-content\/uploads\/2025\/04\/songte-company-4.webp\" alt=\"Virksomhedsoversigt\"><br \/>\n<img decoding=\"async\" src=\"https:\/\/www.hydraulic-cylinders.net\/wp-content\/uploads\/2025\/04\/songte-company-3.webp\" alt=\"Virksomhedsfaciliteter\"><\/p>\n<p>Forfatter: lyl<\/p>","protected":false},"excerpt":{"rendered":"<p>Boom Cylinder For Kato Small Excavator HD820A Product Overview The Boom Cylinder for Kato Small Excavator HD820A is a crucial hydraulic component designed to control the movement of the excavator&#8217;s boom. This hydraulic cylinder allows the boom to lift, lower, and tilt, facilitating various material handling tasks effectively. It is engineered to enhance the operational [&hellip;]<\/p>","protected":false},"featured_media":17867,"comment_status":"open","ping_status":"closed","template":"","meta":{"_et_pb_use_builder":"","_et_pb_old_content":"","_et_gb_content_width":""},"product_brand":[],"product_cat":[1546],"product_tag":[1547,1496],"class_list":{"0":"post-19739","1":"product","2":"type-product","3":"status-publish","4":"has-post-thumbnail","6":"product_cat-boom-cylinders","7":"product_tag-boom-cylinders","8":"product_tag-hydraulic-cylinders","10":"first","11":"instock","12":"shipping-taxable","13":"product-type-simple"},"amp_enabled":true,"_links":{"self":[{"href":"https:\/\/www.hydraulic-cylinders.net\/da\/wp-json\/wp\/v2\/product\/19739","targetHints":{"allow":["GET"]}}],"collection":[{"href":"https:\/\/www.hydraulic-cylinders.net\/da\/wp-json\/wp\/v2\/product"}],"about":[{"href":"https:\/\/www.hydraulic-cylinders.net\/da\/wp-json\/wp\/v2\/types\/product"}],"replies":[{"embeddable":true,"href":"https:\/\/www.hydraulic-cylinders.net\/da\/wp-json\/wp\/v2\/comments?post=19739"}],"wp:featuredmedia":[{"embeddable":true,"href":"https:\/\/www.hydraulic-cylinders.net\/da\/wp-json\/wp\/v2\/media\/17867"}],"wp:attachment":[{"href":"https:\/\/www.hydraulic-cylinders.net\/da\/wp-json\/wp\/v2\/media?parent=19739"}],"wp:term":[{"taxonomy":"product_brand","embeddable":true,"href":"https:\/\/www.hydraulic-cylinders.net\/da\/wp-json\/wp\/v2\/product_brand?post=19739"},{"taxonomy":"product_cat","embeddable":true,"href":"https:\/\/www.hydraulic-cylinders.net\/da\/wp-json\/wp\/v2\/product_cat?post=19739"},{"taxonomy":"product_tag","embeddable":true,"href":"https:\/\/www.hydraulic-cylinders.net\/da\/wp-json\/wp\/v2\/product_tag?post=19739"}],"curies":[{"name":"wp","href":"https:\/\/api.w.org\/{rel}","templated":true}]}}