{"id":19979,"date":"2025-04-21T01:11:28","date_gmt":"2025-04-21T01:11:28","guid":{"rendered":"https:\/\/www.hydraulic-cylinders.net\/?post_type=product&#038;p=19979"},"modified":"2025-04-21T03:47:37","modified_gmt":"2025-04-21T03:47:37","slug":"top-link-hydraulic-cylinder","status":"publish","type":"product","link":"https:\/\/www.hydraulic-cylinders.net\/da\/vare\/top-link-hydraulic-cylinder\/","title":{"rendered":"Topstangs hydraulisk cylinder"},"content":{"rendered":"<h1 style=\"text-align: center;\"><strong>Topstangs hydraulisk cylinder<\/strong><\/h1>\n<p><img loading=\"lazy\" decoding=\"async\" class=\"aligncenter wp-image-19981\" src=\"https:\/\/www.hydraulic-cylinders.net\/wp-content\/uploads\/2025\/04\/top-link-hydraulic-cylinder-product-2.webp\" alt=\"Topstangs hydraulisk cylinder \" width=\"500\" height=\"500\" srcset=\"https:\/\/www.hydraulic-cylinders.net\/wp-content\/uploads\/2025\/04\/top-link-hydraulic-cylinder-product-2.webp 500w, https:\/\/www.hydraulic-cylinders.net\/wp-content\/uploads\/2025\/04\/top-link-hydraulic-cylinder-product-2-480x480.webp 480w\" sizes=\"(min-width: 0px) and (max-width: 480px) 480px, (min-width: 481px) 500px, 100vw\" \/><\/p>\n<p>Vores topstangs hydrauliske cylinder til traktorer er konstrueret til problemfri integration med trepunktsoph\u00e6ng, hvilket giver pr\u00e6cis kontrol over landbrugsredskaber. Denne hydrauliske l\u00f8sning er designet til at forbedre effektiviteten og justerer plove, s\u00e5maskiner og sl\u00e5maskiner pr\u00e6cist, hvilket g\u00f8r den ideel til pl\u00f8jning, s\u00e5ning uden jordbearbejdning og gr\u00e6sarealh\u00e5ndtering.<\/p>\n<p>Den er bygget med h\u00f8jstyrkematerialer og sikrer holdbarhed i udfordrende landbrugsmilj\u00f8er, s\u00e5som mudrede eller v\u00e5de marker. Uanset om du optimerer s\u00e5s\u00e6dsplacering i b\u00e6redygtigt landbrug eller administrerer gr\u00e6sningsdrift, leverer vores topleds hydrauliske cylinder p\u00e5lidelig ydeevne for at \u00f8ge produktiviteten p\u00e5 tv\u00e6rs af forskellige landbrugsapplikationer.<\/p>\n<h2><strong>Parameter for hydraulisk topstangcylinder:<img loading=\"lazy\" decoding=\"async\" class=\"wp-image-19983 aligncenter\" src=\"https:\/\/www.hydraulic-cylinders.net\/wp-content\/uploads\/2025\/04\/top-link-hydraulic-cylinder-product-1-1.webp\" alt=\"Topstangs hydraulisk cylinder\" width=\"500\" height=\"500\" srcset=\"https:\/\/www.hydraulic-cylinders.net\/wp-content\/uploads\/2025\/04\/top-link-hydraulic-cylinder-product-1-1.webp 500w, https:\/\/www.hydraulic-cylinders.net\/wp-content\/uploads\/2025\/04\/top-link-hydraulic-cylinder-product-1-1-480x480.webp 480w\" sizes=\"(min-width: 0px) and (max-width: 480px) 480px, (min-width: 481px) 500px, 100vw\" \/><\/strong><\/h2>\n<p><img loading=\"lazy\" decoding=\"async\" class=\"size-full wp-image-19984 aligncenter\" src=\"https:\/\/www.hydraulic-cylinders.net\/wp-content\/uploads\/2025\/04\/top-link-hydraulic-cylinder-parameter.webp\" alt=\"\" width=\"718\" height=\"458\" srcset=\"https:\/\/www.hydraulic-cylinders.net\/wp-content\/uploads\/2025\/04\/top-link-hydraulic-cylinder-parameter.webp 718w, https:\/\/www.hydraulic-cylinders.net\/wp-content\/uploads\/2025\/04\/top-link-hydraulic-cylinder-parameter-480x306.webp 480w\" sizes=\"(min-width: 0px) and (max-width: 480px) 480px, (min-width: 481px) 718px, 100vw\" \/><\/p>\n<table class=\"all magic-6\">\n<tbody>\n<tr>\n<td colspan=\"1\" rowspan=\"1\">\n<div class=\"magic-7\"><b>Produktnavn<\/b><\/div>\n<\/td>\n<td colspan=\"1\" rowspan=\"1\">\n<div class=\"magic-8\">Topstangcylinder<\/div>\n<\/td>\n<\/tr>\n<tr>\n<td colspan=\"1\" rowspan=\"1\">\n<div class=\"magic-9\"><b>Certificering<\/b><\/div>\n<\/td>\n<td colspan=\"1\" rowspan=\"1\">\n<div class=\"magic-10\">ISO9001:2000<\/div>\n<\/td>\n<\/tr>\n<tr>\n<td colspan=\"1\" rowspan=\"1\">\n<div class=\"magic-11\"><b>Boringsst\u00f8rrelse<\/b><\/div>\n<\/td>\n<td colspan=\"1\" rowspan=\"1\">\n<div class=\"magic-12\">2-6 tommer<\/div>\n<\/td>\n<\/tr>\n<tr>\n<td colspan=\"1\" rowspan=\"1\">\n<div class=\"magic-11\"><b>Stangst\u00f8rrelse<\/b><\/div>\n<\/td>\n<td colspan=\"1\" rowspan=\"1\">\n<div class=\"magic-12\">1,125-4 tommer<\/div>\n<\/td>\n<\/tr>\n<tr>\n<td colspan=\"1\" rowspan=\"1\">\n<div class=\"magic-11\"><b>Stregst\u00f8rrelse<\/b><\/div>\n<\/td>\n<td colspan=\"1\" rowspan=\"1\">\n<div class=\"magic-12\">4-100 tommer<\/div>\n<\/td>\n<\/tr>\n<tr>\n<td colspan=\"1\" rowspan=\"1\">\n<div class=\"magic-11\"><b>St\u00f8rrelse p\u00e5 n\u00e5len<\/b><\/div>\n<\/td>\n<td colspan=\"1\" rowspan=\"1\">\n<div class=\"magic-12\">0,5-2 tommer<\/div>\n<\/td>\n<\/tr>\n<tr>\n<td colspan=\"1\" rowspan=\"1\">\n<div class=\"magic-11\"><b>Havne<\/b><\/div>\n<\/td>\n<td colspan=\"1\" rowspan=\"1\">\n<div class=\"magic-12\" data-spm-anchor-id=\"a2700.details-description.0.i0.3642vGtMvGtMlh\">G\/SAE\/NPT\/M<\/div>\n<\/td>\n<\/tr>\n<\/tbody>\n<\/table>\n<div><\/div>\n<h2><strong>Fordele ved Top Link hydraulisk cylinder:<\/strong><\/h2>\n<div>\n<p class=\"break-words\" dir=\"auto\"><strong>Pr\u00e6cis dybde- og vinkelkontrol<\/strong>Topstangshydraulikcylindre giver hydraulisk pr\u00e6cision til justering af traktorredskaber som plove og s\u00e5maskiner, hvilket sikrer ensartet dybde og vinkel. Denne n\u00f8jagtighed forbedrer jordforberedelse og s\u00e5s\u00e6dsplacering, hvilket f\u00f8rer til ensartet afgr\u00f8dev\u00e6kst og h\u00f8jere udbytter.<\/p>\n<p class=\"break-words\" dir=\"auto\"><strong>Robust og holdbart design<\/strong>Disse cylindre er bygget med h\u00f8jstyrkest\u00e5l og korrosionsbestandige bel\u00e6gninger og er designet til at modst\u00e5 barske landbrugsmilj\u00f8er, s\u00e5som mudrede marker, v\u00e5de forhold og slidende jord, hvilket sikrer langvarig p\u00e5lidelighed.<\/p>\n<p class=\"break-words\" dir=\"auto\"><strong>Fleksibel og alsidig drift<\/strong>Topstangshydrauliske cylindre har dobbeltvirkende funktionalitet og tilbyder j\u00e6vne skubbe- og tr\u00e6kbev\u00e6gelser, s\u00e5 landm\u00e6ndene nemt kan justere redskaber dynamisk til opgaver som pl\u00f8jning, s\u00e5ning uden jordbearbejdning og gr\u00e6sarealh\u00e5ndtering.<\/p>\n<p class=\"break-words\" dir=\"auto\"><strong>Kompakt og pladsbesparende<\/strong>Deres kompakte design er konstrueret til problemfri integration i traktorers trepunktsoph\u00e6ngssystemer og sikrer nem installation og betjening, selv i trange rum, uden at g\u00e5 p\u00e5 kompromis med ydeevne eller man\u00f8vredygtighed.<\/p>\n<p class=\"break-words\" dir=\"auto\"><strong>Tids- og arbejdseffektivitet<\/strong>Ved at muligg\u00f8re hurtige og pr\u00e6cise justeringer reducerer topstangshydrauliske cylindre behovet for manuel indgriben, hvilket sparer landm\u00e6ndene tid og kr\u00e6fter under kr\u00e6vende opgaver som markforberedelse, s\u00e5ning og h\u00f8h\u00f8st.<\/p>\n<p class=\"break-words\" dir=\"auto\"><strong>Tilpasset kompatibilitet<\/strong>Disse cylindre f\u00e5s i skr\u00e6ddersyede designs og kan tilpasses til forskellige traktormodeller og redskaber, hvilket sikrer perfekt kompatibilitet til forskellige landbrugsapplikationer, fra sm\u00e5 landbrug til storskaladrift.<\/p>\n<\/div>\n<h2><strong>Top Link hydraulisk cylinder anvendelse:<\/strong><\/h2>\n<p><img loading=\"lazy\" decoding=\"async\" class=\"alignnone size-full wp-image-19967\" src=\"https:\/\/www.hydraulic-cylinders.net\/wp-content\/uploads\/2025\/04\/top-link-hydraulic-cylinder-application-scaled.webp\" alt=\"Top Link hydraulisk cylinder anvendelse\" width=\"2560\" height=\"1440\" srcset=\"https:\/\/www.hydraulic-cylinders.net\/wp-content\/uploads\/2025\/04\/top-link-hydraulic-cylinder-application-scaled.webp 2560w, https:\/\/www.hydraulic-cylinders.net\/wp-content\/uploads\/2025\/04\/top-link-hydraulic-cylinder-application-1280x720.webp 1280w, https:\/\/www.hydraulic-cylinders.net\/wp-content\/uploads\/2025\/04\/top-link-hydraulic-cylinder-application-980x551.webp 980w, https:\/\/www.hydraulic-cylinders.net\/wp-content\/uploads\/2025\/04\/top-link-hydraulic-cylinder-application-480x270.webp 480w\" sizes=\"(min-width: 0px) and (max-width: 480px) 480px, (min-width: 481px) and (max-width: 980px) 980px, (min-width: 981px) and (max-width: 1280px) 1280px, (min-width: 1281px) 2560px, 100vw\" \/><\/p>\n<h4><strong>Justering af traktorens trepunktsoph\u00e6ng<\/strong>:<\/h4>\n<div>\n<p>Vores topstangshydraulikcylindre muligg\u00f8r pr\u00e6cis justering af traktorredskaber som plove og s\u00e5maskiner, hvilket sikrer ensartet dybde og vinkel for effektiv pl\u00f8jning og s\u00e5ning, selv under udfordrende markforhold som uj\u00e6vnt terr\u00e6n eller stenet jord. Denne n\u00f8jagtighed minimerer afgr\u00f8devariationer, forbedrer jordforberedelsen og \u00f8ger i sidste ende udbyttet s\u00e6son efter s\u00e6son.<\/p>\n<h4><strong>Dybdekontrol uden jordbearbejdning<\/strong>:<\/h4>\n<p>Topstangshydraulikcylinderen til s\u00e5ning uden jordbearbejdning giver pr\u00e6cis dybderegulering, hvilket minimerer jordforstyrrelser og optimerer s\u00e5s\u00e6dsplaceringen til afgr\u00f8der som majs og sojab\u00f8nner. Den er perfekt til b\u00e6redygtigt landbrug og hj\u00e6lper med at bevare jordfugtigheden, reducerer erosion og fremmer sundere rodsystemer for bedre afgr\u00f8dernes modstandsdygtighed og v\u00e6kst.<\/p>\n<h4><strong>Gr\u00e6sningsforvaltning og h\u00f8h\u00f8st<\/strong>:<\/h4>\n<p>Vores topstangshydraulikcylindre er designet til pl\u00e6neklippere og ballepressere og justerer klippeh\u00f8jderne pr\u00e6cist, hvilket giver ensartede resultater i gr\u00e6sningsarbejde og h\u00f8produktion p\u00e5 tv\u00e6rs af forskellige landskaber. Dette sikrer foder af h\u00f8j kvalitet, reducerer belastningen p\u00e5 udstyret og sparer v\u00e6rdifuld tid i spidsbelastningsperioder.<\/p>\n<h4><strong>Marktransport og redskabspositionering<\/strong>:<\/h4>\n<p>Under marktransport l\u00f8fter vores topstangshydrauliske cylindre til traktorer redskaber for at undg\u00e5 forhindringer som sten eller gr\u00f8fter, hvilket giver fleksibel positionering for at forbedre man\u00f8vredygtigheden og beskytte v\u00e6rdifuldt udstyr. Denne problemfri styring giver landm\u00e6nd mulighed for hurtigt at skifte mellem opgaver og forbedre den samlede driftseffektivitet.<\/p>\n<\/div>\n<h2><strong>Hvordan kan en topstangs hydraulisk cylinder forbedre effektiviteten af \u200b\u200bs\u00e5ning uden jordbearbejdning i uj\u00e6vnt terr\u00e6n?<\/strong><\/h2>\n<p>En topstangs hydraulisk cylinder til no-till s\u00e5ning revolutionerer effektiviteten ved at levere uovertruffen dybdekontrol til s\u00e5maskiner, selv i uj\u00e6vnt terr\u00e6n som stejle skr\u00e5ninger, klippefyldte omr\u00e5der eller komprimeret jord. Forestil dig en sojab\u00f8nnebonde i Midtvesten, der st\u00e5r over for en bakket mark - vores topstangs hydrauliske cylinder sikrer, at fr\u00f8ene placeres i en ensartet dybde p\u00e5 2-5 cm til afgr\u00f8der som majs og sojab\u00f8nner, hvilket fremmer ensartet spiring og robust rodudvikling. Dens dobbeltvirkende funktion muligg\u00f8r problemfri justering af skub og tr\u00e6k og tilpasser sig \u00f8jeblikkeligt til terr\u00e6n\u00e6ndringer uden at skulle stoppe for at justere indstillingerne manuelt.<\/p>\n<p>Det betyder mindre nedetid under sn\u00e6vre s\u00e5vinduer, hvilket sparer timer i marken. Ved at minimere jordforstyrrelser bevarer topstangshydraulikcylinderen til traktorer ogs\u00e5 jordstrukturen, forbedrer fugtighedsbevarelsen og reducerer erosion, hvilket fremmer b\u00e6redygtige landbrugspraksisser, der f\u00f8rer til sundere afgr\u00f8der og h\u00f8jere udbytter over tid. Landm\u00e6nd kan trygt tackle udfordrende landskaber, velvidende at deres udstyr er beskyttet, og deres drift er str\u00f8mlinet for maksimal produktivitet.<\/p>\n<h2><strong>Produktionsomr\u00e5de for hydrauliske cylindere:<\/strong><\/h2>\n<h2><img loading=\"lazy\" decoding=\"async\" class=\"alignnone size-full wp-image-16972\" src=\"https:\/\/www.hydraulic-cylinders.net\/wp-content\/uploads\/2025\/01\/hydraulic-cylinder-factory-1-scaled.webp\" sizes=\"(min-width: 0px) and (max-width: 480px) 480px, (min-width: 481px) and (max-width: 980px) 980px, (min-width: 981px) and (max-width: 1280px) 1280px, (min-width: 1281px) 2016px, 100vw\" srcset=\"https:\/\/www.hydraulic-cylinders.net\/wp-content\/uploads\/2025\/01\/hydraulic-cylinder-factory-1-scaled.webp 2016w, https:\/\/www.hydraulic-cylinders.net\/wp-content\/uploads\/2025\/01\/hydraulic-cylinder-factory-1-1280x1625.webp 1280w, https:\/\/www.hydraulic-cylinders.net\/wp-content\/uploads\/2025\/01\/hydraulic-cylinder-factory-1-980x1244.webp 980w, https:\/\/www.hydraulic-cylinders.net\/wp-content\/uploads\/2025\/01\/hydraulic-cylinder-factory-1-480x610.webp 480w\" alt=\"\" width=\"2016\" height=\"2560\" \/><\/h2>\n<p>Vi har en f\u00f8rsteklasses uafh\u00e6ngig R&amp;D-platform til montering. Gaffeltruckcylinderproduktionsv\u00e6rkstedet har fire halvautomatiske l\u00f8ftecylindermonteringslinjer og en fuldautomatisk vippecylindermonteringslinje med en designm\u00e6ssig \u00e5rlig produktionskapacitet p\u00e5 millioner af enheder. Specialcylinderv\u00e6rkstedet har halvautomatiske reng\u00f8rings- og monteringssystemer med forskellige specifikationer med en designm\u00e6ssig \u00e5rlig produktionskapacitet p\u00e5 200.000 enheder. Det er udstyret med CNC-bearbejdningsudstyr fra kendte m\u00e6rker, bearbejdningscentre, specialudstyr til h\u00f8jpr\u00e6cisionscylinderbearbejdning, robotsvejsemaskiner, automatiske reng\u00f8ringsmaskiner, automatiske cylindermonteringsmaskiner og automatiske malingsproduktionslinjer. Vi har mere end 300 s\u00e6t n\u00f8gleudstyr i drift. Den optimerede allokering og effektive udnyttelse af udstyrsressourcer sikrer pr\u00e6cisionskravene til produkterne og opfylder produkternes h\u00f8je kvalitetskrav.<\/p>\n<p>Bearbejdningsv\u00e6rkstedet er udstyret med specialfremstillede drejecentre til tilt-f\u00f8ringsskinne, bearbejdningscentre, h\u00f8jhastigheds-honemaskiner, svejserobotter og andet relevant udstyr, der kan h\u00e5ndtere bearbejdning af cylinderr\u00f8r med en maksimal inderdiameter p\u00e5 400 mm og en maksimal l\u00e6ngde p\u00e5 6 meter.<\/p>\n<h2><img loading=\"lazy\" decoding=\"async\" class=\"alignnone size-full wp-image-16973\" src=\"https:\/\/www.hydraulic-cylinders.net\/wp-content\/uploads\/2025\/01\/hydraulic-cylinder-factory-2-scaled.webp\" sizes=\"(min-width: 0px) and (max-width: 480px) 480px, (min-width: 481px) and (max-width: 980px) 980px, (min-width: 981px) and (max-width: 1280px) 1280px, (min-width: 1281px) 2011px, 100vw\" srcset=\"https:\/\/www.hydraulic-cylinders.net\/wp-content\/uploads\/2025\/01\/hydraulic-cylinder-factory-2-scaled.webp 2011w, https:\/\/www.hydraulic-cylinders.net\/wp-content\/uploads\/2025\/01\/hydraulic-cylinder-factory-2-1280x1629.webp 1280w, https:\/\/www.hydraulic-cylinders.net\/wp-content\/uploads\/2025\/01\/hydraulic-cylinder-factory-2-980x1248.webp 980w, https:\/\/www.hydraulic-cylinders.net\/wp-content\/uploads\/2025\/01\/hydraulic-cylinder-factory-2-480x611.webp 480w\" alt=\"\" width=\"2011\" height=\"2560\" \/><\/h2>\n<p>Vi har en fuldautomatisk vandbaseret malingslinje til sm\u00e5 og mellemstore cylindre, som realiserer automatisk p\u00e5- og afl\u00e6sning samt automatiske spr\u00f8jterobotter med en designkapacitet p\u00e5 4000 pladser pr. skift. Vi har en anden halvautomatisk malelinje til store cylindre, der drives af en kabelk\u00e6de, og den designm\u00e6ssige kapacitet er 60 kasser pr. skift.<\/p>\n<p>For yderligere at forbedre produkternes ydeevne og etablere vores hydrauliske cylindres f\u00f8rende position i branchen, har vores virksomhed og zjimee i f\u00e6llesskab etableret et omfattende ydeevnelaboratorium for hydrauliske cylindre, hydrauliske ventiler og hydrauliske pumper. Laboratoriet udf\u00f8rer computerassisteret test ved hj\u00e6lp af elektrohydraulisk teknologi, og testbetingelserne forudindstilles af en computer, hvilket forbedrer testn\u00f8jagtigheden og systemets alsidighed samt de eksperimentelle data.<\/p>\n<p>Den automatiske indsamling sker ved hj\u00e6lp af sensorer, og outputdataene, s\u00e5som intern l\u00e6kage og belastningseffektivitet for cylinderen eller ventilen, behandles direkte af computeren og konverteres til standardenheder (ml\/min%). Samtidig udf\u00f8res tilstandsoverv\u00e5gningsfunktionen for n\u00f8glepr\u00e6stationsparametre s\u00e5som \"olietemperaturoverv\u00e5gning, v\u00e6skeniveauoverv\u00e5gning, filterenhedsoverv\u00e5gning\" osv. for at sikre det hydrauliske systems driftssikkerhed. Blandt disse kan den hydrauliske cylinders teststand teste ydeevnen af \u200b\u200b\"belastningen\".<br \/>\neffektivitet \"og\" intern l\u00e6kage\" ved afl\u00e6sninger. Samtidig er den udstyret med et gitterlinealm\u00e5leinstrument, der opfylder kravene til alle testelementer af hydrauliske cylinderprodukter i henhold til den nationale standard.<\/p>","protected":false},"excerpt":{"rendered":"<p>Top Link Hydraulic Cylinder Our top link hydraulic cylinder for tractors is engineered for seamless integration with three-point hitch systems, providing precise control for agricultural implements. Designed to enhance efficiency, this hydraulic solution adjusts plows, seeders, and mowers accurately, making it ideal for plowing, no-till seeding, and grassland management. It is built with high-strength materials [&hellip;]<\/p>","protected":false},"featured_media":19982,"comment_status":"open","ping_status":"closed","template":"","meta":{"_et_pb_use_builder":"","_et_pb_old_content":"","_et_gb_content_width":""},"product_brand":[],"product_cat":[1554],"product_tag":[],"class_list":{"0":"post-19979","1":"product","2":"type-product","3":"status-publish","4":"has-post-thumbnail","6":"product_cat-top-link-hydraulic-cylinder","8":"first","9":"instock","10":"shipping-taxable","11":"product-type-simple"},"amp_enabled":true,"_links":{"self":[{"href":"https:\/\/www.hydraulic-cylinders.net\/da\/wp-json\/wp\/v2\/product\/19979","targetHints":{"allow":["GET"]}}],"collection":[{"href":"https:\/\/www.hydraulic-cylinders.net\/da\/wp-json\/wp\/v2\/product"}],"about":[{"href":"https:\/\/www.hydraulic-cylinders.net\/da\/wp-json\/wp\/v2\/types\/product"}],"replies":[{"embeddable":true,"href":"https:\/\/www.hydraulic-cylinders.net\/da\/wp-json\/wp\/v2\/comments?post=19979"}],"wp:featuredmedia":[{"embeddable":true,"href":"https:\/\/www.hydraulic-cylinders.net\/da\/wp-json\/wp\/v2\/media\/19982"}],"wp:attachment":[{"href":"https:\/\/www.hydraulic-cylinders.net\/da\/wp-json\/wp\/v2\/media?parent=19979"}],"wp:term":[{"taxonomy":"product_brand","embeddable":true,"href":"https:\/\/www.hydraulic-cylinders.net\/da\/wp-json\/wp\/v2\/product_brand?post=19979"},{"taxonomy":"product_cat","embeddable":true,"href":"https:\/\/www.hydraulic-cylinders.net\/da\/wp-json\/wp\/v2\/product_cat?post=19979"},{"taxonomy":"product_tag","embeddable":true,"href":"https:\/\/www.hydraulic-cylinders.net\/da\/wp-json\/wp\/v2\/product_tag?post=19979"}],"curies":[{"name":"wp","href":"https:\/\/api.w.org\/{rel}","templated":true}]}}