{"id":20145,"date":"2025-05-11T15:02:40","date_gmt":"2025-05-11T15:02:40","guid":{"rendered":"https:\/\/www.hydraulic-cylinders.net\/?post_type=product&#038;p=20145"},"modified":"2025-05-12T05:30:46","modified_gmt":"2025-05-12T05:30:46","slug":"arm-anti-tilt-hydraulic-cylinders-for-crawler-crane-2","status":"publish","type":"product","link":"https:\/\/www.hydraulic-cylinders.net\/da\/vare\/arm-anti-tilt-hydraulic-cylinders-for-crawler-crane-2\/","title":{"rendered":"Arm Anti-Tilt Hydrauliske Cylindre til B\u00e6ltekran"},"content":{"rendered":"<h1 style=\"text-align: center;\"><strong>Arm Anti-Tilt Hydrauliske Cylindre til B\u00e6ltekran<\/strong><\/h1>\n<p><img loading=\"lazy\" decoding=\"async\" class=\"wp-image-20149 aligncenter\" src=\"https:\/\/www.hydraulic-cylinders.net\/wp-content\/uploads\/2025\/05\/arm-anti-tilt-hydraulic-cylinders-for-crawler-crane.webp\" alt=\"\" width=\"500\" height=\"500\" srcset=\"https:\/\/www.hydraulic-cylinders.net\/wp-content\/uploads\/2025\/05\/arm-anti-tilt-hydraulic-cylinders-for-crawler-crane.webp 500w, https:\/\/www.hydraulic-cylinders.net\/wp-content\/uploads\/2025\/05\/arm-anti-tilt-hydraulic-cylinders-for-crawler-crane-480x480.webp 480w\" sizes=\"(min-width: 0px) and (max-width: 480px) 480px, (min-width: 481px) 500px, 100vw\" \/><\/p>\n<section id=\"introduction\">Arm Anti Tilt hydrauliske cylindre til b\u00e6ltekraner, ekspertkonstrueret af Ever-Power Huachang Hydraulic, er designet til at forbedre kranens stabilitet og sikkerhed under tunge l\u00f8fteoperationer og er kompatible med modellerne. Denne hydrauliske cylinder til b\u00e6ltekraner integrerer en avanceret anti-tilt cylindermekanisme, der forhindrer u\u00f8nsket vipning af kranarmen og sikrer pr\u00e6cis lastkontrol selv under udfordrende forhold s\u00e5som uj\u00e6vnt terr\u00e6n eller kraftig vind. Denne kraftige hydrauliske cylinder er fremstillet af h\u00f8jstyrkest\u00e5l og en korrosionsbestandig bel\u00e6gning og modst\u00e5r barske milj\u00f8er som st\u00f8vede byggepladser, fugtige kystomr\u00e5der eller barske minefelter og leverer p\u00e5lidelig ydeevne til kr\u00e6vende applikationer. Med brugerdefinerede borest\u00f8rrelser (180 mm til 300 mm) og slagl\u00e6ngder (1000 mm til 4000 mm) tilbyder Arm Anti Tilt hydrauliske cylindre til b\u00e6ltekraner skr\u00e6ddersyede l\u00f8sninger, der opfylder forskellige driftsbehov, hvilket g\u00f8r dem til en essentiel b\u00e6ltekrancylinder til lastkontrol i bygge-, minedrifts- og industriprojekter. Bakket op af vores banebrydende produktions- og strenge teststandarder sikrer denne anti-tilt cylinder til kranstabilitet minimal nedetid og maksimal effektivitet.<\/section>\n<section id=\"specifications\">\n<h2><strong>Tekniske specifikationer:<\/strong><\/h2>\n<p><strong>Fungere:<\/strong> Styr armrammens bev\u00e6gelse<br \/>\n<strong>Cylinderdiameter:<\/strong> 100 mm-320 mm<br \/>\n<strong>Stangdiameter:<\/strong> 85 mm-220 mm<br \/>\n<strong>Rejse:<\/strong> 1200 mm-3550 mm<br \/>\n<strong>Maksimalt tryk:<\/strong> 31,5 MPa<br \/>\n<strong>Maksimal trykkraft:<\/strong> 2533KN<\/p>\n<\/section>\n<section id=\"features\">\n<h2><strong>N\u00f8glefunktioner ved hydrauliske arm-anti-tilt-cylindre til b\u00e6ltekran:<\/strong><\/h2>\n<ul>\n<li><strong>Avanceret anti-vippemekanisme:<\/strong>\u00a0De hydrauliske arm-anti-tilt-cylindere til b\u00e6ltekraner har en anti-tilt-cylinder, der sikrer kranarmens stabilitet, hvilket g\u00f8r den til en p\u00e5lidelig b\u00e6ltekrancylinder til lastkontrol under tunge l\u00f8ft.<\/li>\n<li><strong>Robust holdbarhed:<\/strong>\u00a0Denne kraftige hydrauliske cylinder er bygget med h\u00f8jstyrkest\u00e5l og en korrosionsbestandig bel\u00e6gning og modst\u00e5r ekstreme forhold og sikrer langvarig ydeevne i barske milj\u00f8er.<\/li>\n<li><strong>Pr\u00e6cis belastningskontrol:<\/strong>\u00a0Den hydrauliske cylinder til b\u00e6ltekranarm tilbyder pr\u00e6cis bev\u00e6gelseskontrol, hvilket forbedrer sikkerheden og effektiviteten i kr\u00e6vende industrielle opgaver med en anti-tipcylinder for kranstabilitet.<\/li>\n<li><strong>Lav vedligeholdelsesdesign:<\/strong>\u00a0Denne kraftige hydrauliske cylinder med anti-tippefunktion er udstyret med avanceret t\u00e6tningsteknologi og minimerer slid og vedligeholdelsesomkostninger for b\u00e6ltekranapplikationer.<\/li>\n<li><\/li>\n<\/ul>\n<\/section>\n<section id=\"applications\">\n<h2><strong>Anvendelser af hydrauliske arm-anti-tilt-cylindre til b\u00e6ltekran:<\/strong><\/h2>\n<p><img loading=\"lazy\" decoding=\"async\" class=\"size-full wp-image-20164 aligncenter\" src=\"https:\/\/www.hydraulic-cylinders.net\/wp-content\/uploads\/2025\/05\/arm-anti-tilt-hydrauilc-cylinder-application.webp\" alt=\"\" width=\"1648\" height=\"939\" srcset=\"https:\/\/www.hydraulic-cylinders.net\/wp-content\/uploads\/2025\/05\/arm-anti-tilt-hydrauilc-cylinder-application.webp 1648w, https:\/\/www.hydraulic-cylinders.net\/wp-content\/uploads\/2025\/05\/arm-anti-tilt-hydrauilc-cylinder-application-1280x729.webp 1280w, https:\/\/www.hydraulic-cylinders.net\/wp-content\/uploads\/2025\/05\/arm-anti-tilt-hydrauilc-cylinder-application-980x558.webp 980w, https:\/\/www.hydraulic-cylinders.net\/wp-content\/uploads\/2025\/05\/arm-anti-tilt-hydrauilc-cylinder-application-480x273.webp 480w\" sizes=\"(min-width: 0px) and (max-width: 480px) 480px, (min-width: 481px) and (max-width: 980px) 980px, (min-width: 981px) and (max-width: 1280px) 1280px, (min-width: 1281px) 1648px, 100vw\" \/><\/p>\n<ul>\n<li><strong>Byggeprojekter:<\/strong>\u00a0Arm Anti Tilt hydraulikcylinderen sikrer stabil l\u00f8ft af tunge materialer som st\u00e5lbj\u00e6lker og betonplader i byggeri, underst\u00f8ttet af en larveb\u00e5ndskrankacylinder for lastkontrol.<\/li>\n<li><strong>Minedrift:<\/strong>\u00a0Denne hydrauliske cylinder til b\u00e6ltekranarme er designet til minedrift og opretholder stabilitet under h\u00e5ndtering af tunge belastninger som malm, forbedret af en anti-tip cylinder for kranstabilitet.<\/li>\n<li><strong>Industriel tung l\u00f8ftning:<\/strong>\u00a0Den kraftige hydrauliske cylinder med anti-tip-funktion er ideel til industrielle omgivelser og sikrer pr\u00e6cis lasth\u00e5ndtering i fabrikker og store projekter, der kr\u00e6ver b\u00e6ltekranoperationer.<\/li>\n<\/ul>\n<\/section>\n<h2 dir=\"auto\"><strong>Hvordan forbedrer den hydrauliske arm-anti-tilt-cylinder sikkerheden for b\u00e6ltekraner?<\/strong><\/h2>\n<section id=\"applications\">\n<p dir=\"auto\">Arm Anti Tilt hydrauliske cylinder forbedrer sikkerheden for b\u00e6ltekraner betydeligt gennem sit specialiserede design og avancerede ingeni\u00f8rarbejde, der er skr\u00e6ddersyet til at im\u00f8deg\u00e5 de iboende risici forbundet med tunge l\u00f8ft i kr\u00e6vende milj\u00f8er. Kernen i denne hydrauliske cylinder til b\u00e6ltekraner er en innovativ anti-tilt cylindermekanisme, der aktivt forhindrer u\u00f8nsket vipning af kranarmen, en almindelig fare under drift i uj\u00e6vnt terr\u00e6n, i kraftig vind eller ved h\u00e5ndtering af ucentrerede laster. Ved at opretholde armens stabilitet sikrer Arm Anti Tilt hydrauliske cylindre til b\u00e6ltekraner pr\u00e6cis lastkontrol, hvilket minimerer risikoen for pludselige lastforskydninger eller krantipning - kritiske faktorer, der ellers kunne f\u00f8re til ulykker, udstyrsskader eller driftsnedetid i omr\u00e5der med h\u00f8j risiko, f.eks. byggepladser og minefelter.<\/p>\n<p dir=\"auto\">Den kraftige hydrauliske cylinder er konstrueret med h\u00f8jstyrkest\u00e5l og en korrosionsbestandig bel\u00e6gning, hvilket g\u00f8r den i stand til at modst\u00e5 ekstreme forhold, samtidig med at den bevarer den strukturelle integritet. Dette forbedrer sikkerheden yderligere ved at sikre ensartet ydeevne over tid. Med et maksimalt arbejdstryk p\u00e5 350 bar og brugerdefinerbare borest\u00f8rrelser (180 mm til 300 mm) og slagl\u00e6ngder (1000 mm til 4000 mm) tilpasser denne b\u00e6ltekrancylinder til laststyring sig til varierende driftskrav og giver p\u00e5lidelig stabilitet selv under maksimale lastekapaciteter. Derudover har anti-tippecylinderen til kranstabilitet avanceret t\u00e6tningsteknologi, der forhindrer l\u00e6kager af hydraulisk v\u00e6ske, hvilket sikrer j\u00e6vn og forudsigelig drift uden uventede fejl, der kan kompromittere sikkerheden.<\/p>\n<p dir=\"auto\">Designet reducerer ogs\u00e5 slid p\u00e5 kritiske komponenter, hvilket mindsker sandsynligheden for mekaniske problemer under drift, hvilket er afg\u00f8rende for at opretholde et sikkert arbejdsmilj\u00f8. Denne kraftige anti-tilt hydrauliske cylinder er kompatibel med f\u00f8rende b\u00e6ltekranmodeller som Liebherr LR 1300, Manitowoc 14000 og Kobelco CKE2500 og testes grundigt i Ever-Power Huachang Hydraulics pr\u00e6stationslaboratorium for belastningseffektivitet og intern l\u00e6kage, hvilket sikrer overholdelse af nationale sikkerhedsstandarder. Ved at afb\u00f8de vipperelaterede risici og sikre driftssikkerhed giver Arm Anti Tilt Hydraulic Cylinder b\u00e6ltekranf\u00f8rere tilliden til at h\u00e5ndtere tunge belastninger sikkert og effektivt i forskellige industrielle applikationer.<\/p>\n<\/section>\n<section id=\"explore-more\">\n<h2><strong>Udforsk flere cylindre til b\u00e6ltekraner:<\/strong><\/h2>\n<p>Vi tilbyder ogs\u00e5 en r\u00e6kke andre cylindre til b\u00e6ltekraner, der opfylder forskellige l\u00f8ftebehov. Uanset om du har brug for en hydraulisk cylinder til b\u00e6ltekranens arm eller en kraftig l\u00f8sning til stabilitet, har Ever-Power Huachang Hydraulic l\u00f8sningen. Se hele vores udvalg af <a href=\"https:\/\/www.hydraulic-cylinders.net\/da\/mobile-crane-hydraulic-cylinders\/\">cylindre til b\u00e6ltekraner<\/a>.<\/p>\n<\/section>\n<section id=\"company-introduction\">\n<h2><strong>Om Ever-Power Huachang Hydraulic:<\/strong><\/h2>\n<h2><img loading=\"lazy\" decoding=\"async\" class=\"alignnone size-full wp-image-16972\" src=\"https:\/\/www.hydraulic-cylinders.net\/wp-content\/uploads\/2025\/01\/hydraulic-cylinder-factory-1-scaled.webp\" alt=\"\" width=\"2016\" height=\"2560\" srcset=\"https:\/\/www.hydraulic-cylinders.net\/wp-content\/uploads\/2025\/01\/hydraulic-cylinder-factory-1-scaled.webp 2016w, https:\/\/www.hydraulic-cylinders.net\/wp-content\/uploads\/2025\/01\/hydraulic-cylinder-factory-1-1280x1625.webp 1280w, https:\/\/www.hydraulic-cylinders.net\/wp-content\/uploads\/2025\/01\/hydraulic-cylinder-factory-1-980x1244.webp 980w, https:\/\/www.hydraulic-cylinders.net\/wp-content\/uploads\/2025\/01\/hydraulic-cylinder-factory-1-480x610.webp 480w\" sizes=\"(min-width: 0px) and (max-width: 480px) 480px, (min-width: 481px) and (max-width: 980px) 980px, (min-width: 981px) and (max-width: 1280px) 1280px, (min-width: 1281px) 2016px, 100vw\" \/><\/h2>\n<p>Vi kan prale af en topmoderne, uafh\u00e6ngig forsknings- og udviklingsplatform dedikeret til montering, hvilket sikrer innovation og kvalitet i topklasse i vores fremstillingsprocesser. Vores v\u00e6rksted til produktion af gaffeltruckcylindre har fire halvautomatiske l\u00f8ftecylindre-monteringslinjer og en fuldautomatisk vippecylindre-monteringslinje, der tilsammen er designet til at producere op til en million enheder \u00e5rligt.<\/p>\n<p>Derudover er vores specialiserede cylinderv\u00e6rksted udstyret med halvautomatiske reng\u00f8rings- og monteringssystemer, der er skr\u00e6ddersyet til forskellige specifikationer, med en \u00e5rlig produktionskapacitet p\u00e5 200.000 enheder. Vi anvender anerkendt CNC-udstyr, bearbejdningscentre og specialv\u00e6rkt\u00f8j til h\u00f8jpr\u00e6cisions hydraulisk cylindrebearbejdning. Vores faciliteter omfatter ogs\u00e5 avancerede robotsvejsemaskiner, automatiske reng\u00f8ringssystemer og fuldautomatiske cylindermonterings- og lakeringslinjer. Med over 300 n\u00f8gleudstyrsdele i drift optimerer vi ressourceallokering og sikrer effektiv udnyttelse, idet vi opfylder strenge pr\u00e6cisions- og kvalitetsstandarder.<\/p>\n<h2><img loading=\"lazy\" decoding=\"async\" class=\"alignnone size-full wp-image-16973\" src=\"https:\/\/www.hydraulic-cylinders.net\/wp-content\/uploads\/2025\/01\/hydraulic-cylinder-factory-2-scaled.webp\" alt=\"\" width=\"2011\" height=\"2560\" srcset=\"https:\/\/www.hydraulic-cylinders.net\/wp-content\/uploads\/2025\/01\/hydraulic-cylinder-factory-2-scaled.webp 2011w, https:\/\/www.hydraulic-cylinders.net\/wp-content\/uploads\/2025\/01\/hydraulic-cylinder-factory-2-1280x1629.webp 1280w, https:\/\/www.hydraulic-cylinders.net\/wp-content\/uploads\/2025\/01\/hydraulic-cylinder-factory-2-980x1248.webp 980w, https:\/\/www.hydraulic-cylinders.net\/wp-content\/uploads\/2025\/01\/hydraulic-cylinder-factory-2-480x611.webp 480w\" sizes=\"(min-width: 0px) and (max-width: 480px) 480px, (min-width: 481px) and (max-width: 980px) 980px, (min-width: 981px) and (max-width: 1280px) 1280px, (min-width: 1281px) 2011px, 100vw\" \/><\/h2>\n<p>Vi driver en fuldautomatisk vandbaseret malingslinje, der er specielt designet til sm\u00e5 og mellemstore cylindre, med automatiserede l\u00e6sse-, afl\u00e6sse- og spr\u00f8jterobotter. Dette topmoderne system kan prale af en produktionskapacitet p\u00e5 4.000 enheder pr. skift. Derudover har vi en halvautomatisk malelinje til store cylindre, drevet af et k\u00e6detr\u00e6k, med en designkapacitet p\u00e5 60 kasser pr. skift.<\/p>\n<p>For at forbedre produkternes ydeevne og styrke vores f\u00f8rende position inden for hydrauliske cylindere har vi indg\u00e5et et partnerskab med ZJIMEE for at etablere et omfattende ydeevnelaboratorium dedikeret til hydrauliske cylindre, ventiler og pumper. Dette avancerede laboratorium anvender computerassisteret testning med elektrohydraulisk teknologi, hvilket muligg\u00f8r forudindstillede testbetingelser, der forbedrer n\u00f8jagtighed og systemets alsidighed. Den automatiserede dataindsamlingsproces anvender sensorer til at indsamle outputdata, s\u00e5som intern l\u00e6kage og belastningseffektivitet, som derefter behandles af en computer og konverteres til standardenheder (ml\/min%).<\/p>\n<p>De hydrauliske arm-anti-tilt-cylindre til b\u00e6ltekraner viser vores dedikation til kvalitet og ydeevne. De er designet som en kraftig hydraulisk cylinder til stabilitet p\u00e5 b\u00e6ltekraner, is\u00e6r til modeller fra Liebherr, Manitowoc og Kobelco. Vores produkter, der er betroet af store udstyrsproducenter verden over, har opn\u00e5et et st\u00e6rkt ry for p\u00e5lidelighed, hvor Ever-Power Huachang Hydraulic er anerkendt som f\u00f8rende inden for fremstilling af hydrauliske cylindre.<\/p>\n<\/section>\n<p>&nbsp;<\/p>","protected":false},"excerpt":{"rendered":"<p>Arm Anti Tilt Hydraulic Cylinders for Crawler Crane The Arm Anti Tilt Hydraulic Cylinders for Crawler Crane, expertly engineered by Ever-Power Huachang Hydraulic, are designed to enhance crane stability and safety during heavy lifting operations, compatible with models. This hydraulic cylinder for crawler crane arm integrates an advanced anti tilt cylinder mechanism that prevents unwanted [&hellip;]<\/p>","protected":false},"featured_media":20156,"comment_status":"open","ping_status":"closed","template":"","meta":{"_et_pb_use_builder":"","_et_pb_old_content":"","_et_gb_content_width":""},"product_brand":[],"product_cat":[1514],"product_tag":[],"class_list":{"0":"post-20145","1":"product","2":"type-product","3":"status-publish","4":"has-post-thumbnail","6":"product_cat-mobile-crane-hydraulic-cylinders","8":"first","9":"instock","10":"shipping-taxable","11":"product-type-simple"},"amp_enabled":true,"_links":{"self":[{"href":"https:\/\/www.hydraulic-cylinders.net\/da\/wp-json\/wp\/v2\/product\/20145","targetHints":{"allow":["GET"]}}],"collection":[{"href":"https:\/\/www.hydraulic-cylinders.net\/da\/wp-json\/wp\/v2\/product"}],"about":[{"href":"https:\/\/www.hydraulic-cylinders.net\/da\/wp-json\/wp\/v2\/types\/product"}],"replies":[{"embeddable":true,"href":"https:\/\/www.hydraulic-cylinders.net\/da\/wp-json\/wp\/v2\/comments?post=20145"}],"wp:featuredmedia":[{"embeddable":true,"href":"https:\/\/www.hydraulic-cylinders.net\/da\/wp-json\/wp\/v2\/media\/20156"}],"wp:attachment":[{"href":"https:\/\/www.hydraulic-cylinders.net\/da\/wp-json\/wp\/v2\/media?parent=20145"}],"wp:term":[{"taxonomy":"product_brand","embeddable":true,"href":"https:\/\/www.hydraulic-cylinders.net\/da\/wp-json\/wp\/v2\/product_brand?post=20145"},{"taxonomy":"product_cat","embeddable":true,"href":"https:\/\/www.hydraulic-cylinders.net\/da\/wp-json\/wp\/v2\/product_cat?post=20145"},{"taxonomy":"product_tag","embeddable":true,"href":"https:\/\/www.hydraulic-cylinders.net\/da\/wp-json\/wp\/v2\/product_tag?post=20145"}],"curies":[{"name":"wp","href":"https:\/\/api.w.org\/{rel}","templated":true}]}}