{"id":20147,"date":"2025-05-11T15:08:25","date_gmt":"2025-05-11T15:08:25","guid":{"rendered":"https:\/\/www.hydraulic-cylinders.net\/?post_type=product&#038;p=20147"},"modified":"2025-05-12T05:30:55","modified_gmt":"2025-05-12T05:30:55","slug":"support-hydraulic-cylinders-for-crawler-crane-2","status":"publish","type":"product","link":"https:\/\/www.hydraulic-cylinders.net\/da\/vare\/support-hydraulic-cylinders-for-crawler-crane-2\/","title":{"rendered":"St\u00f8ttehydrauliske cylindre til b\u00e6ltekran"},"content":{"rendered":"<h1 style=\"text-align: center;\"><strong>St\u00f8ttehydrauliske cylindre til b\u00e6ltekran<\/strong><\/h1>\n<p><img loading=\"lazy\" decoding=\"async\" class=\"wp-image-20155 aligncenter\" src=\"https:\/\/www.hydraulic-cylinders.net\/wp-content\/uploads\/2025\/05\/support-hydraulic-cylinders-for-crawler-crane.webp\" alt=\"\" width=\"500\" height=\"500\" srcset=\"https:\/\/www.hydraulic-cylinders.net\/wp-content\/uploads\/2025\/05\/support-hydraulic-cylinders-for-crawler-crane.webp 500w, https:\/\/www.hydraulic-cylinders.net\/wp-content\/uploads\/2025\/05\/support-hydraulic-cylinders-for-crawler-crane-480x480.webp 480w\" sizes=\"(min-width: 0px) and (max-width: 480px) 480px, (min-width: 481px) 500px, 100vw\" \/><\/p>\n<section id=\"introduction\">De hydrauliske st\u00f8ttecylindre til b\u00e6ltekraner, professionelt fremstillet af Ever-Power Huachang Hydraulic, er konstrueret til at give uovertruffen stabilitet og st\u00f8tte til tunge l\u00f8fteoperationer og er kompatible med modeller som Liebherr LR 1300, Manitowoc 14000 og Kobelco CKE2500. Denne hydrauliske cylinder til st\u00f8tte af b\u00e6ltekraner forbedrer kranchassisets stabilitet ved at \u00f8ge sp\u00e6ndvidden, hvilket sikrer sikker og effektiv l\u00f8ftning i udfordrende milj\u00f8er s\u00e5som uj\u00e6vne byggepladser, barske minedriftsterr\u00e6ner eller industrielle projekter i stor h\u00f8jde. Denne kraftige hydrauliske cylinder er bygget med h\u00f8jstyrkest\u00e5l og en korrosionsbestandig bel\u00e6gning og modst\u00e5r barske forhold, samtidig med at den leverer p\u00e5lidelig ydeevne. Med et arbejdstryk p\u00e5 op til 350 bar, brugerdefinerbare borest\u00f8rrelser (180 mm til 300 mm) og slagl\u00e6ngder (1000 mm til 4000 mm) opfylder b\u00e6ltekranens st\u00f8ttecylinder for stabilitet forskellige driftsbehov, hvilket g\u00f8r den til en essentiel b\u00e6ltekrancylinder til tunge belastninger inden for byggeri, minedrift og industrielle applikationer. Denne st\u00f8ttecylinder er bakket op af vores avancerede produktions- og strenge teststandarder og sikrer maksimal oppetid og sikkerhed.<\/section>\n<section id=\"specifications\">\n<h2><strong>Tekniske specifikationer:<\/strong><\/h2>\n<p><strong>Fungere:<\/strong> St\u00f8ttende funktion<br \/>\n<strong>Cylinderdiameter:<\/strong> 100 mm-300 mm<br \/>\n<strong>Stangdiameter:<\/strong> 80 mm-220 mm<br \/>\n<strong>Rejse:<\/strong> 700 mm-800 mm<br \/>\n<strong>Maksimalt tryk:<\/strong> 31,5 MPa<br \/>\n<strong>Maksimal trykkraft<\/strong>: 2226KN<\/p>\n<\/section>\n<section id=\"features\">\n<h2><strong>N\u00f8glefunktioner ved de hydrauliske st\u00f8ttecylindre til b\u00e6ltekran:<\/strong><\/h2>\n<ul>\n<li><strong>Forbedret chassisstabilitet:<\/strong>\u00a0De hydrauliske st\u00f8ttecylindere til b\u00e6ltekraner har et robust design med en hydraulisk st\u00f8ttecylinder, der \u00f8ger chassissp\u00e6ndet og sikrer stabilitet med en st\u00f8ttecylinder til b\u00e6ltekraner for stabilitet under tunge l\u00f8ft.<\/li>\n<li><strong>Holdbar konstruktion:<\/strong>\u00a0Denne kraftige hydrauliske cylinder er fremstillet af h\u00f8jstyrkest\u00e5l og en korrosionsbestandig bel\u00e6gning, der modst\u00e5r barske milj\u00f8er og sikrer langvarig ydeevne til b\u00e6ltekranapplikationer.<\/li>\n<li><strong>P\u00e5lidelig belastningsst\u00f8tte:<\/strong>\u00a0Denne hydrauliske cylinder til b\u00e6ltekranunderst\u00f8ttelse er designet til at h\u00e5ndtere tunge belastninger og sikrer sikker l\u00f8ftning, hvilket g\u00f8r den til en p\u00e5lidelig b\u00e6ltekrancylinder til tunge belastninger i kr\u00e6vende opgaver.<\/li>\n<li><strong>Lav vedligeholdelsesdesign:<\/strong>\u00a0Denne kraftige hydrauliske st\u00f8ttecylinder er udstyret med avanceret t\u00e6tningsteknologi og minimerer slid, hvilket reducerer vedligeholdelsesomkostninger og nedetid for b\u00e6ltekranoperationer.<\/li>\n<\/ul>\n<\/section>\n<section id=\"applications\">\n<h2><strong>Anvendelser af st\u00f8ttehydrauliske cylindre til b\u00e6ltekran:<\/strong><\/h2>\n<p><img loading=\"lazy\" decoding=\"async\" class=\"size-full wp-image-20169 aligncenter\" src=\"https:\/\/www.hydraulic-cylinders.net\/wp-content\/uploads\/2025\/05\/support-hydraulic-cylinder-for-crawler-crane-application.webp\" alt=\"\" width=\"1631\" height=\"931\" srcset=\"https:\/\/www.hydraulic-cylinders.net\/wp-content\/uploads\/2025\/05\/support-hydraulic-cylinder-for-crawler-crane-application.webp 1631w, https:\/\/www.hydraulic-cylinders.net\/wp-content\/uploads\/2025\/05\/support-hydraulic-cylinder-for-crawler-crane-application-1280x731.webp 1280w, https:\/\/www.hydraulic-cylinders.net\/wp-content\/uploads\/2025\/05\/support-hydraulic-cylinder-for-crawler-crane-application-980x559.webp 980w, https:\/\/www.hydraulic-cylinders.net\/wp-content\/uploads\/2025\/05\/support-hydraulic-cylinder-for-crawler-crane-application-480x274.webp 480w\" sizes=\"(min-width: 0px) and (max-width: 480px) 480px, (min-width: 481px) and (max-width: 980px) 980px, (min-width: 981px) and (max-width: 1280px) 1280px, (min-width: 1281px) 1631px, 100vw\" \/><\/p>\n<ul>\n<li><strong>Byggeprojekter:<\/strong>\u00a0Den hydrauliske st\u00f8ttecylinder sikrer stabil l\u00f8ft af tunge materialer som st\u00e5lbj\u00e6lker og betonplader i byggeri, underst\u00f8ttet af en st\u00f8ttecylinder til en b\u00e6ltekran for stabilitet.<\/li>\n<li><strong>Minedrift:<\/strong>\u00a0Denne hydrauliske cylinder til b\u00e6ltekranst\u00f8tte er designet til minedrift og opretholder stabilitet under h\u00e5ndtering af tunge belastninger som malm, forbedret af en b\u00e6ltekrancylinder til tunge belastninger.<\/li>\n<li><strong>Industriel tung l\u00f8ftning:<\/strong>\u00a0Den kraftige hydrauliske cylinder er ideel til industrielle omgivelser og sikrer p\u00e5lidelig lastst\u00f8tte i fabrikker og store projekter, der kr\u00e6ver b\u00e6ltekranoperationer.<\/li>\n<\/ul>\n<h2 dir=\"auto\"><strong>Hvordan forbedrer st\u00f8ttehydrauliske cylindre til b\u00e6ltekraner kranens stabilitet?<\/strong><\/h2>\n<p dir=\"auto\">De hydrauliske st\u00f8ttecylindre til b\u00e6ltekraner forbedrer kranens stabilitet gennem en kombination af innovativt design og robust konstruktion, hvilket g\u00f8r dem til en uundv\u00e6rlig komponent til sikre og effektive tunge l\u00f8fteoperationer. Disse hydrauliske st\u00f8ttecylindre er specielt konstrueret til at \u00f8ge b\u00e6ltekranens chassissp\u00e6ndvidde og effektivt udvide st\u00f8ttebasen under l\u00f8fteopgaver.<\/p>\n<p dir=\"auto\">Dette udvidede fodaftryk, som b\u00e6ltekranens st\u00f8ttecylinder giver stabilitet, reducerer risikoen for at v\u00e6lte eller vippe betydeligt, is\u00e6r ved drift p\u00e5 uj\u00e6vnt terr\u00e6n, bl\u00f8dt terr\u00e6n eller under kraftige vindforhold, der almindeligvis forekommer p\u00e5 byggepladser, minefelter og industriprojekter. Denne kraftige hydrauliske cylinder er konstrueret af h\u00f8jstyrkest\u00e5l med en korrosionsbestandig bel\u00e6gning og opretholder strukturel integritet og p\u00e5lidelighed under ekstreme milj\u00f8belastninger, s\u00e5som st\u00f8vede atmosf\u00e6rer eller fugtige kystomr\u00e5der, hvilket sikrer ensartet stabilitet over l\u00e6ngere tids brug. Med et maksimalt arbejdstryk p\u00e5 350 bar og brugerdefinerbare borest\u00f8rrelser (180 mm til 300 mm) og slagl\u00e6ngder (1000 mm til 4000 mm) tilpasser den hydrauliske cylinder til b\u00e6ltekranunderst\u00f8ttelse sig til varierende belastnings- og terr\u00e6nudfordringer og giver pr\u00e6cis kontrol og forbedret b\u00e6reevne som en b\u00e6ltekrancylinder til tunge belastninger. Den avancerede t\u00e6tningsteknologi, der er integreret i designet, minimerer l\u00e6kager og slid af hydraulikv\u00e6ske, hvilket forhindrer driftsfejl, der kan kompromittere stabiliteten, samtidig med at vedligeholdelsesbehovet reduceres for at sikre uafbrudt ydeevne.<\/p>\n<p dir=\"auto\">Disse cylindre er kompatible med f\u00f8rende modeller som Liebherr LR 1300, Manitowoc 14000 og Kobelco CKE2500 og testes grundigt i Ever-Power Huachang Hydraulics pr\u00e6stationslaboratorium for belastningseffektivitet og intern l\u00e6kage i overensstemmelse med nationale sikkerhedsstandarder. Ved at fordele v\u00e6gten j\u00e6vnt og opretholde et sikkert fundament forbedrer den kraftige hydrauliske cylinder ikke kun kranens stabilitet, men beskytter ogs\u00e5 operat\u00f8rer og udstyr, hvilket g\u00f8r den til en p\u00e5lidelig l\u00f8sning til kr\u00e6vende b\u00e6ltekranapplikationer, hvor sikkerhed og effektivitet er altafg\u00f8rende.<\/p>\n<\/section>\n<section id=\"explore-more\">\n<h2><strong>Udforsk flere cylindre til b\u00e6ltekraner:<\/strong><\/h2>\n<p>Vi tilbyder ogs\u00e5 en r\u00e6kke andre cylindre til b\u00e6ltekraner, der opfylder forskellige l\u00f8ftebehov. Uanset om du har brug for en hydraulisk cylinder til st\u00f8tte af b\u00e6ltekraner eller en kraftig l\u00f8sning til stabilitet, har Ever-Power Huachang Hydraulic l\u00f8sningen. Se hele vores udvalg af <a href=\"https:\/\/www.hydraulic-cylinders.net\/da\/mobile-crane-hydraulic-cylinders\/\">cylindre til b\u00e6ltekraner<\/a>.<\/p>\n<\/section>\n<section id=\"company-introduction\">\n<h2><strong>Om Ever-Power Huachang Hydraulic:<\/strong><\/h2>\n<h2><img loading=\"lazy\" decoding=\"async\" class=\"alignnone size-full wp-image-16972\" src=\"https:\/\/www.hydraulic-cylinders.net\/wp-content\/uploads\/2025\/01\/hydraulic-cylinder-factory-1-scaled.webp\" alt=\"\" width=\"2016\" height=\"2560\" srcset=\"https:\/\/www.hydraulic-cylinders.net\/wp-content\/uploads\/2025\/01\/hydraulic-cylinder-factory-1-scaled.webp 2016w, https:\/\/www.hydraulic-cylinders.net\/wp-content\/uploads\/2025\/01\/hydraulic-cylinder-factory-1-1280x1625.webp 1280w, https:\/\/www.hydraulic-cylinders.net\/wp-content\/uploads\/2025\/01\/hydraulic-cylinder-factory-1-980x1244.webp 980w, https:\/\/www.hydraulic-cylinders.net\/wp-content\/uploads\/2025\/01\/hydraulic-cylinder-factory-1-480x610.webp 480w\" sizes=\"(min-width: 0px) and (max-width: 480px) 480px, (min-width: 481px) and (max-width: 980px) 980px, (min-width: 981px) and (max-width: 1280px) 1280px, (min-width: 1281px) 2016px, 100vw\" \/><\/h2>\n<p>Vi kan prale af en topmoderne, uafh\u00e6ngig forsknings- og udviklingsplatform dedikeret til montering, hvilket sikrer innovation og kvalitet i topklasse i vores fremstillingsprocesser. Vores v\u00e6rksted til produktion af gaffeltruckcylindre har fire halvautomatiske l\u00f8ftecylindre-monteringslinjer og en fuldautomatisk vippecylindre-monteringslinje, der tilsammen er designet til at producere op til en million enheder \u00e5rligt.<\/p>\n<p>Vi driver en fuldautomatisk vandbaseret malingslinje, der er specielt designet til sm\u00e5 og mellemstore cylindre, med automatiserede l\u00e6sse-, afl\u00e6sse- og spr\u00f8jterobotter. Dette topmoderne system kan prale af en produktionskapacitet p\u00e5 4.000 enheder pr. skift. Derudover har vi en halvautomatisk malelinje til store cylindre, drevet af et k\u00e6detr\u00e6k, med en designkapacitet p\u00e5 60 kasser pr. skift.<\/p>\n<h2><img loading=\"lazy\" decoding=\"async\" class=\"alignnone size-full wp-image-16973\" src=\"https:\/\/www.hydraulic-cylinders.net\/wp-content\/uploads\/2025\/01\/hydraulic-cylinder-factory-2-scaled.webp\" alt=\"\" width=\"2011\" height=\"2560\" srcset=\"https:\/\/www.hydraulic-cylinders.net\/wp-content\/uploads\/2025\/01\/hydraulic-cylinder-factory-2-scaled.webp 2011w, https:\/\/www.hydraulic-cylinders.net\/wp-content\/uploads\/2025\/01\/hydraulic-cylinder-factory-2-1280x1629.webp 1280w, https:\/\/www.hydraulic-cylinders.net\/wp-content\/uploads\/2025\/01\/hydraulic-cylinder-factory-2-980x1248.webp 980w, https:\/\/www.hydraulic-cylinders.net\/wp-content\/uploads\/2025\/01\/hydraulic-cylinder-factory-2-480x611.webp 480w\" sizes=\"(min-width: 0px) and (max-width: 480px) 480px, (min-width: 481px) and (max-width: 980px) 980px, (min-width: 981px) and (max-width: 1280px) 1280px, (min-width: 1281px) 2011px, 100vw\" \/><\/h2>\n<p>For at forbedre produkternes ydeevne og styrke vores f\u00f8rende position inden for hydrauliske cylindere har vi indg\u00e5et et partnerskab med ZJIMEE for at etablere et omfattende ydeevnelaboratorium dedikeret til hydrauliske cylindre, ventiler og pumper. Dette avancerede laboratorium anvender computerassisteret testning med elektrohydraulisk teknologi, hvilket muligg\u00f8r forudindstillede testbetingelser, der forbedrer n\u00f8jagtighed og systemets alsidighed. Den automatiserede dataindsamlingsproces anvender sensorer til at indsamle outputdata, s\u00e5som intern l\u00e6kage og belastningseffektivitet, som derefter behandles af en computer og konverteres til standardenheder (ml\/min%).<\/p>\n<p>De hydrauliske st\u00f8ttecylindre til b\u00e6ltekraner viser vores dedikation til kvalitet og ydeevne. De er designet som en kraftig hydraulisk cylinder til st\u00f8tte af b\u00e6ltekraner, is\u00e6r til modeller fra Liebherr, Manitowoc og Kobelco. Vores produkter, der er betroet af store udstyrsproducenter verden over, har opn\u00e5et et st\u00e6rkt ry for p\u00e5lidelighed, hvor Ever-Power Huachang Hydraulic er anerkendt som f\u00f8rende inden for fremstilling af hydrauliske cylindre.<\/p>\n<\/section>","protected":false},"excerpt":{"rendered":"<p>Support Hydraulic Cylinders for Crawler Crane The Support Hydraulic Cylinders for Crawler Crane, expertly crafted by Ever-Power Huachang Hydraulic, are engineered to provide unparalleled stability and support for heavy lifting operations, compatible with models like Liebherr LR 1300, Manitowoc 14000, and Kobelco CKE2500. This hydraulic cylinder for crawler crane support enhances crane chassis stability by [&hellip;]<\/p>","protected":false},"featured_media":20163,"comment_status":"open","ping_status":"closed","template":"","meta":{"_et_pb_use_builder":"","_et_pb_old_content":"","_et_gb_content_width":""},"product_brand":[],"product_cat":[1514],"product_tag":[],"class_list":{"0":"post-20147","1":"product","2":"type-product","3":"status-publish","4":"has-post-thumbnail","6":"product_cat-mobile-crane-hydraulic-cylinders","8":"first","9":"instock","10":"shipping-taxable","11":"product-type-simple"},"amp_enabled":true,"_links":{"self":[{"href":"https:\/\/www.hydraulic-cylinders.net\/da\/wp-json\/wp\/v2\/product\/20147","targetHints":{"allow":["GET"]}}],"collection":[{"href":"https:\/\/www.hydraulic-cylinders.net\/da\/wp-json\/wp\/v2\/product"}],"about":[{"href":"https:\/\/www.hydraulic-cylinders.net\/da\/wp-json\/wp\/v2\/types\/product"}],"replies":[{"embeddable":true,"href":"https:\/\/www.hydraulic-cylinders.net\/da\/wp-json\/wp\/v2\/comments?post=20147"}],"wp:featuredmedia":[{"embeddable":true,"href":"https:\/\/www.hydraulic-cylinders.net\/da\/wp-json\/wp\/v2\/media\/20163"}],"wp:attachment":[{"href":"https:\/\/www.hydraulic-cylinders.net\/da\/wp-json\/wp\/v2\/media?parent=20147"}],"wp:term":[{"taxonomy":"product_brand","embeddable":true,"href":"https:\/\/www.hydraulic-cylinders.net\/da\/wp-json\/wp\/v2\/product_brand?post=20147"},{"taxonomy":"product_cat","embeddable":true,"href":"https:\/\/www.hydraulic-cylinders.net\/da\/wp-json\/wp\/v2\/product_cat?post=20147"},{"taxonomy":"product_tag","embeddable":true,"href":"https:\/\/www.hydraulic-cylinders.net\/da\/wp-json\/wp\/v2\/product_tag?post=20147"}],"curies":[{"name":"wp","href":"https:\/\/api.w.org\/{rel}","templated":true}]}}