{"id":20148,"date":"2025-05-11T15:14:28","date_gmt":"2025-05-11T15:14:28","guid":{"rendered":"https:\/\/www.hydraulic-cylinders.net\/?post_type=product&#038;p=20148"},"modified":"2025-05-11T15:20:33","modified_gmt":"2025-05-11T15:20:33","slug":"lift-hydraulic-cylinders-for-crawler-crane","status":"publish","type":"product","link":"https:\/\/www.hydraulic-cylinders.net\/da\/vare\/lift-hydraulic-cylinders-for-crawler-crane\/","title":{"rendered":"L\u00f8ftehydrauliske cylindre til b\u00e6ltekran"},"content":{"rendered":"<h1 style=\"text-align: center;\"><strong>L\u00f8ftehydrauliske cylindre til b\u00e6ltekran<\/strong><\/h1>\n<p><img loading=\"lazy\" decoding=\"async\" class=\"wp-image-20151 aligncenter\" src=\"https:\/\/www.hydraulic-cylinders.net\/wp-content\/uploads\/2025\/05\/lift-hydraulic-cylinders-for-crawler-crane.webp\" alt=\"\" width=\"500\" height=\"500\" srcset=\"https:\/\/www.hydraulic-cylinders.net\/wp-content\/uploads\/2025\/05\/lift-hydraulic-cylinders-for-crawler-crane.webp 500w, https:\/\/www.hydraulic-cylinders.net\/wp-content\/uploads\/2025\/05\/lift-hydraulic-cylinders-for-crawler-crane-480x480.webp 480w\" sizes=\"(min-width: 0px) and (max-width: 480px) 480px, (min-width: 481px) 500px, 100vw\" \/><\/p>\n<section id=\"introduction\">De hydrauliske l\u00f8ftecylindre til b\u00e6ltekraner, omhyggeligt designet af Ever-Power Huachang Hydraulic, er konstrueret til at levere enest\u00e5ende l\u00f8ftekraft og pr\u00e6cision til b\u00e6ltekraner, og er kompatible med modeller som Liebherr LR 1300, Manitowoc 14000 og Kobelco CKE2500. Denne hydrauliske cylinder til b\u00e6ltekranbom sikrer problemfri og kontrolleret l\u00f8ft af tunge belastninger, hvilket g\u00f8r den til en ideel l\u00f8ftecylinder til b\u00e6ltekraner til tunge l\u00f8ft i udfordrende milj\u00f8er s\u00e5som byggepladser, minedrift og industriprojekter. Konstrueret med h\u00f8jstyrkest\u00e5l og en korrosionsbestandig bel\u00e6gning, modst\u00e5r denne kraftige hydrauliske cylinder barske forhold som st\u00f8vede terr\u00e6ner eller fugtige kystomr\u00e5der, samtidig med at den opretholder p\u00e5lidelig ydeevne. Med et maksimalt arbejdstryk p\u00e5 350 bar, brugerdefinerbare borest\u00f8rrelser (180 mm til 300 mm) og slagl\u00e6ngder (1000 mm til 4000 mm) opfylder b\u00e6ltekrancylinderen til pr\u00e6cis l\u00f8ft forskellige driftskrav og sikrer sikkerhed og effektivitet. Bakket op af vores avancerede produktions- og strenge teststandarder garanterer denne hydrauliske l\u00f8ftecylinder holdbarhed og minimal nedetid.<\/section>\n<section id=\"specifications\">\n<h2><strong>Tekniske specifikationer:<\/strong><\/h2>\n<p><strong>Fungere:<\/strong> Styr bev\u00e6gelsen af \u200b\u200bhovedarmen<br \/>\n<strong>Cylinderdiameter:<\/strong> 280 mm -400 mm<br \/>\n<strong>Stangdiameter:<\/strong> 160 mm<br \/>\n<strong>Rejse:<\/strong> 1800 mm-3000 mm<br \/>\n<strong>Maksimalt tryk:<\/strong> 31,5 MPa<br \/>\n<strong>Maksimal trykkraft:<\/strong> 3958KN<\/p>\n<\/section>\n<section id=\"features\">\n<h2><strong>N\u00f8glefunktioner ved l\u00f8ftehydrauliske cylindre til b\u00e6ltekran:<\/strong><\/h2>\n<ul>\n<li><strong>Kraftig l\u00f8ftekapacitet:<\/strong>\u00a0De hydrauliske l\u00f8ftecylindere til b\u00e6ltekraner har et robust design af en hydraulisk l\u00f8ftecylinder, der underst\u00f8tter tunge belastninger, hvilket g\u00f8r den til en p\u00e5lidelig l\u00f8ftecylinder til b\u00e6ltekraner til tunge l\u00f8ft i kr\u00e6vende operationer.<\/li>\n<li><strong>Holdbar konstruktion:<\/strong>\u00a0Denne kraftige hydrauliske cylinder er bygget med h\u00f8jstyrkest\u00e5l og en korrosionsbestandig bel\u00e6gning og sikrer langvarig ydeevne i barske milj\u00f8er til b\u00e6ltekranapplikationer.<\/li>\n<li><strong>Pr\u00e6cis belastningskontrol:<\/strong>\u00a0Den hydrauliske cylinder til b\u00e6ltekransbom giver pr\u00e6cis l\u00f8ftekontrol, hvilket forbedrer sikkerheden og effektiviteten, ligesom en b\u00e6ltekrancylinder til pr\u00e6cis l\u00f8ft i industrielle opgaver.<\/li>\n<li><strong>Lav vedligeholdelsesdesign:<\/strong>\u00a0Denne kraftige hydrauliske cylinder er udstyret med avanceret t\u00e6tningsteknologi og minimerer slid, hvilket reducerer vedligeholdelsesomkostninger og nedetid for b\u00e6ltekranoperationer.<\/li>\n<\/ul>\n<\/section>\n<section id=\"applications\">\n<h2><strong>Anvendelser af l\u00f8ftehydrauliske cylindre til b\u00e6ltekran:<img loading=\"lazy\" decoding=\"async\" class=\"size-full wp-image-20169 aligncenter\" src=\"https:\/\/www.hydraulic-cylinders.net\/wp-content\/uploads\/2025\/05\/support-hydraulic-cylinder-for-crawler-crane-application.webp\" alt=\"\" width=\"1631\" height=\"931\" srcset=\"https:\/\/www.hydraulic-cylinders.net\/wp-content\/uploads\/2025\/05\/support-hydraulic-cylinder-for-crawler-crane-application.webp 1631w, https:\/\/www.hydraulic-cylinders.net\/wp-content\/uploads\/2025\/05\/support-hydraulic-cylinder-for-crawler-crane-application-1280x731.webp 1280w, https:\/\/www.hydraulic-cylinders.net\/wp-content\/uploads\/2025\/05\/support-hydraulic-cylinder-for-crawler-crane-application-980x559.webp 980w, https:\/\/www.hydraulic-cylinders.net\/wp-content\/uploads\/2025\/05\/support-hydraulic-cylinder-for-crawler-crane-application-480x274.webp 480w\" sizes=\"(min-width: 0px) and (max-width: 480px) 480px, (min-width: 481px) and (max-width: 980px) 980px, (min-width: 981px) and (max-width: 1280px) 1280px, (min-width: 1281px) 1631px, 100vw\" \/><\/strong><\/h2>\n<ul>\n<li><strong>Byggeprojekter:<\/strong>\u00a0Den hydrauliske l\u00f8ftecylinder sikrer pr\u00e6cis l\u00f8ft af tunge materialer som st\u00e5lbj\u00e6lker og betonplader i byggeri, underst\u00f8ttet af en l\u00f8ftecylinder til b\u00e6ltekran til tunge l\u00f8ft.<\/li>\n<li><strong>Minedrift:<\/strong>\u00a0Denne hydrauliske cylinder til b\u00e6ltekransbom er designet til minedrift og opretholder pr\u00e6cision under l\u00f8ft af tunge laster som malm, forbedret af en b\u00e6ltekrans cylinder til pr\u00e6cis l\u00f8ft.<\/li>\n<li><strong>Industriel tung l\u00f8ftning:<\/strong>\u00a0Den kraftige hydrauliske cylinder er ideel til industrielle omgivelser og sikrer p\u00e5lidelig lastl\u00f8ftning i fabrikker og store projekter, der kr\u00e6ver b\u00e6ltekranoperationer.<\/li>\n<\/ul>\n<\/section>\n<section id=\"explore-more\">\n<h2><strong>Udforsk flere cylindre til b\u00e6ltekraner:<\/strong><\/h2>\n<p>Vi tilbyder ogs\u00e5 en r\u00e6kke andre cylindre til b\u00e6ltekraner, der opfylder forskellige l\u00f8ftebehov. Uanset om du har brug for en hydraulisk cylinder til b\u00e6ltekranens bom eller en kraftig l\u00f8sning til pr\u00e6cis l\u00f8ft, har Ever-Power Huachang Hydraulic l\u00f8sningen. Se hele vores udvalg af <a href=\"https:\/\/www.hydraulic-cylinders.net\/da\/mobile-crane-hydraulic-cylinders\/\">cylindre til b\u00e6ltekraner<\/a>.<\/p>\n<h2 dir=\"auto\"><strong>Hvordan forbedrer l\u00f8ftehydrauliske cylindre til b\u00e6ltekraner l\u00f8fteeffektiviteten?<\/strong><\/h2>\n<p dir=\"auto\">De hydrauliske l\u00f8ftecylindre til b\u00e6ltekraner forbedrer l\u00f8fteeffektiviteten gennem en kombination af avancerede designfunktioner og robust konstruktion, der er skr\u00e6ddersyet til h\u00f8jtydende l\u00f8fteoperationer. Disse hydrauliske l\u00f8ftecylindre er konstrueret til at levere pr\u00e6cis og kraftfuld l\u00f8fteh\u00f8jde, hvilket g\u00f8r det muligt for den hydrauliske cylinder til b\u00e6ltekranens bom at h\u00e5ndtere tunge belastninger - s\u00e5som st\u00e5lbj\u00e6lker, betonplader eller minedrift - med minimalt energitab, hvilket er afg\u00f8rende for at \u00f8ge produktiviteten i byggeri, minedrift og industri.<\/p>\n<p dir=\"auto\">B\u00e6ltekranens l\u00f8ftecylinder til tunge l\u00f8ft er fremstillet af en h\u00f8jstyrkest\u00e5lkonstruktion med en korrosionsbestandig bel\u00e6gning, der sikrer holdbarhed og ensartet ydeevne, selv i barske milj\u00f8er som st\u00f8vede terr\u00e6ner eller fugtige kystomr\u00e5der. Dette reducerer nedetid p\u00e5 grund af vedligeholdelse eller slid. Med et maksimalt arbejdstryk p\u00e5 350 bar og brugerdefinerbare muligheder, herunder borest\u00f8rrelser (180 mm til 300 mm) og slagl\u00e6ngder (1000 mm til 4000 mm), tilpasser denne kraftige hydrauliske cylinder sig specifikke l\u00f8ftekrav, optimerer kraftp\u00e5f\u00f8ringen og reducerer cyklustiderne for b\u00e6ltekranens cylinder til pr\u00e6cis l\u00f8ft. Integrationen af \u200b\u200bavanceret t\u00e6tningsteknologi minimerer intern l\u00e6kage og friktion, hvilket yderligere \u00f8ger effektiviteten ved at opretholde hydraulikv\u00e6skens integritet og j\u00e6vn drift under forskellige forhold.<\/p>\n<p dir=\"auto\">Disse cylindre er kompatible med modeller som Liebherr LR 1300, Manitowoc 14000 og Kobelco CKE2500 og testes grundigt i Ever-Power Huachang Hydraulics pr\u00e6stationslaboratorium for lasteffektivitet og intern l\u00e6kage, hvilket sikrer optimal driftsydelse. Derudover reducerer den kraftige hydrauliske cylinders pr\u00e6cise styring overstr\u00e6kning eller lastens svingninger, hvilket giver operat\u00f8rerne mulighed for at udf\u00f8re l\u00f8ft hurtigere og mere sikkert, mens dens design med lav vedligeholdelse - underst\u00f8ttet af holdbare materialer og t\u00e6tninger - sikrer forl\u00e6nget levetid og uafbrudt arbejdsgang. Denne synergi af styrke, pr\u00e6cision og p\u00e5lidelighed g\u00f8r de hydrauliske l\u00f8ftecylindre til b\u00e6ltekraner til et overlegent valg til at maksimere l\u00f8fteeffektiviteten i kr\u00e6vende applikationer.<\/p>\n<\/section>\n<section id=\"company-introduction\">\n<h2><strong>Om Ever-Power Huachang Hydraulic:<\/strong><\/h2>\n<h2><img loading=\"lazy\" decoding=\"async\" class=\"alignnone size-full wp-image-16972\" src=\"https:\/\/www.hydraulic-cylinders.net\/wp-content\/uploads\/2025\/01\/hydraulic-cylinder-factory-1-scaled.webp\" alt=\"\" width=\"2016\" height=\"2560\" srcset=\"https:\/\/www.hydraulic-cylinders.net\/wp-content\/uploads\/2025\/01\/hydraulic-cylinder-factory-1-scaled.webp 2016w, https:\/\/www.hydraulic-cylinders.net\/wp-content\/uploads\/2025\/01\/hydraulic-cylinder-factory-1-1280x1625.webp 1280w, https:\/\/www.hydraulic-cylinders.net\/wp-content\/uploads\/2025\/01\/hydraulic-cylinder-factory-1-980x1244.webp 980w, https:\/\/www.hydraulic-cylinders.net\/wp-content\/uploads\/2025\/01\/hydraulic-cylinder-factory-1-480x610.webp 480w\" sizes=\"(min-width: 0px) and (max-width: 480px) 480px, (min-width: 481px) and (max-width: 980px) 980px, (min-width: 981px) and (max-width: 1280px) 1280px, (min-width: 1281px) 2016px, 100vw\" \/><\/h2>\n<p>Vi kan prale af en topmoderne, uafh\u00e6ngig forsknings- og udviklingsplatform dedikeret til montering, hvilket sikrer innovation og kvalitet i topklasse i vores fremstillingsprocesser. Vores v\u00e6rksted til produktion af gaffeltruckcylindre har fire halvautomatiske l\u00f8ftecylindre-monteringslinjer og en fuldautomatisk vippecylindre-monteringslinje, der tilsammen er designet til at producere op til en million enheder \u00e5rligt.<\/p>\n<p>Derudover er vores specialiserede cylinderv\u00e6rksted udstyret med halvautomatiske reng\u00f8rings- og monteringssystemer, der er skr\u00e6ddersyet til forskellige specifikationer, med en \u00e5rlig produktionskapacitet p\u00e5 200.000 enheder. Vi anvender anerkendt CNC-udstyr, bearbejdningscentre og specialv\u00e6rkt\u00f8j til h\u00f8jpr\u00e6cisions hydraulisk cylindrebearbejdning. Vores faciliteter omfatter ogs\u00e5 avancerede robotsvejsemaskiner, automatiske reng\u00f8ringssystemer og fuldautomatiske cylindermonterings- og lakeringslinjer. Med over 300 n\u00f8gleudstyrsdele i drift optimerer vi ressourceallokering og sikrer effektiv udnyttelse, idet vi opfylder strenge pr\u00e6cisions- og kvalitetsstandarder.<\/p>\n<p>Vores maskinv\u00e6rksted har specialfremstillede drejecentre til styreskinnebearbejdning, bearbejdningscentre, h\u00f8jhastigheds-honemaskiner, svejserobotter og andet vigtigt udstyr. Denne ops\u00e6tning giver os mulighed for at h\u00e5ndtere bearbejdning af cylinderr\u00f8r med en maksimal indvendig diameter p\u00e5 400 mm og l\u00e6ngder p\u00e5 op til 6 meter, hvilket yderligere forbedrer vores produktionskapacitet.<\/p>\n<p>Vi driver en fuldautomatisk vandbaseret malingslinje, der er specielt designet til sm\u00e5 og mellemstore cylindre, med automatiserede l\u00e6sse-, afl\u00e6sse- og spr\u00f8jterobotter. Dette topmoderne system kan prale af en produktionskapacitet p\u00e5 4.000 enheder pr. skift. Derudover har vi en halvautomatisk malelinje til store cylindre, drevet af et k\u00e6detr\u00e6k, med en designkapacitet p\u00e5 60 kasser pr. skift.<\/p>\n<h2><img loading=\"lazy\" decoding=\"async\" class=\"alignnone size-full wp-image-16973\" src=\"https:\/\/www.hydraulic-cylinders.net\/wp-content\/uploads\/2025\/01\/hydraulic-cylinder-factory-2-scaled.webp\" alt=\"\" width=\"2011\" height=\"2560\" srcset=\"https:\/\/www.hydraulic-cylinders.net\/wp-content\/uploads\/2025\/01\/hydraulic-cylinder-factory-2-scaled.webp 2011w, https:\/\/www.hydraulic-cylinders.net\/wp-content\/uploads\/2025\/01\/hydraulic-cylinder-factory-2-1280x1629.webp 1280w, https:\/\/www.hydraulic-cylinders.net\/wp-content\/uploads\/2025\/01\/hydraulic-cylinder-factory-2-980x1248.webp 980w, https:\/\/www.hydraulic-cylinders.net\/wp-content\/uploads\/2025\/01\/hydraulic-cylinder-factory-2-480x611.webp 480w\" sizes=\"(min-width: 0px) and (max-width: 480px) 480px, (min-width: 481px) and (max-width: 980px) 980px, (min-width: 981px) and (max-width: 1280px) 1280px, (min-width: 1281px) 2011px, 100vw\" \/><\/h2>\n<p>For at forbedre produkternes ydeevne og styrke vores f\u00f8rende position inden for hydrauliske cylindere har vi indg\u00e5et et partnerskab med ZJIMEE for at etablere et omfattende ydeevnelaboratorium dedikeret til hydrauliske cylindre, ventiler og pumper. Dette avancerede laboratorium anvender computerassisteret testning med elektrohydraulisk teknologi, hvilket muligg\u00f8r forudindstillede testbetingelser, der forbedrer n\u00f8jagtighed og systemets alsidighed. Den automatiserede dataindsamlingsproces anvender sensorer til at indsamle outputdata, s\u00e5som intern l\u00e6kage og belastningseffektivitet, som derefter behandles af en computer og konverteres til standardenheder (ml\/min%).<\/p>\n<p>For at sikre sikkerheden af \u200b\u200bvores hydrauliske systemer implementerer vi desuden tilstandsoverv\u00e5gning af vigtige ydelsesparametre, herunder olietemperatur, v\u00e6skeniveau og filterenhedsstatus. Vores teststand til hydrauliske cylindere er i stand til at vurdere \"belastningseffektivitet\" og \"intern l\u00e6kage\" gennem pr\u00e6cise afl\u00e6sninger. Den er ogs\u00e5 udstyret med et gitterm\u00e5leinstrument, der opfylder nationale standarder, hvilket sikrer overholdelse af alle testkrav til hydrauliske cylinderprodukter.<\/p>\n<p>De hydrauliske l\u00f8ftecylindre til b\u00e6ltekraner viser vores dedikation til kvalitet og ydeevne. De er designet som en kraftig hydraulisk cylinder til l\u00f8ft af b\u00e6ltekraner, is\u00e6r til modeller fra Liebherr, Manitowoc og Kobelco. Vores produkter, der er betroet af store udstyrsproducenter verden over, har opn\u00e5et et st\u00e6rkt ry for p\u00e5lidelighed, hvor Ever-Power Huachang Hydraulic er anerkendt som f\u00f8rende inden for fremstilling af hydrauliske cylindre.<\/p>\n<\/section>","protected":false},"excerpt":{"rendered":"<p>Lift Hydraulic Cylinders for Crawler Crane The Lift Hydraulic Cylinders for Crawler Crane, meticulously designed by Ever-Power Huachang Hydraulic, are engineered to deliver exceptional lifting power and precision for crawler crane operations, compatible with models like Liebherr LR 1300, Manitowoc 14000, and Kobelco CKE2500. This hydraulic cylinder for crawler crane boom ensures seamless and controlled [&hellip;]<\/p>","protected":false},"featured_media":20158,"comment_status":"open","ping_status":"closed","template":"","meta":{"_et_pb_use_builder":"","_et_pb_old_content":"","_et_gb_content_width":""},"product_brand":[],"product_cat":[1514],"product_tag":[],"class_list":{"0":"post-20148","1":"product","2":"type-product","3":"status-publish","4":"has-post-thumbnail","6":"product_cat-mobile-crane-hydraulic-cylinders","8":"first","9":"instock","10":"shipping-taxable","11":"product-type-simple"},"amp_enabled":true,"_links":{"self":[{"href":"https:\/\/www.hydraulic-cylinders.net\/da\/wp-json\/wp\/v2\/product\/20148","targetHints":{"allow":["GET"]}}],"collection":[{"href":"https:\/\/www.hydraulic-cylinders.net\/da\/wp-json\/wp\/v2\/product"}],"about":[{"href":"https:\/\/www.hydraulic-cylinders.net\/da\/wp-json\/wp\/v2\/types\/product"}],"replies":[{"embeddable":true,"href":"https:\/\/www.hydraulic-cylinders.net\/da\/wp-json\/wp\/v2\/comments?post=20148"}],"wp:featuredmedia":[{"embeddable":true,"href":"https:\/\/www.hydraulic-cylinders.net\/da\/wp-json\/wp\/v2\/media\/20158"}],"wp:attachment":[{"href":"https:\/\/www.hydraulic-cylinders.net\/da\/wp-json\/wp\/v2\/media?parent=20148"}],"wp:term":[{"taxonomy":"product_brand","embeddable":true,"href":"https:\/\/www.hydraulic-cylinders.net\/da\/wp-json\/wp\/v2\/product_brand?post=20148"},{"taxonomy":"product_cat","embeddable":true,"href":"https:\/\/www.hydraulic-cylinders.net\/da\/wp-json\/wp\/v2\/product_cat?post=20148"},{"taxonomy":"product_tag","embeddable":true,"href":"https:\/\/www.hydraulic-cylinders.net\/da\/wp-json\/wp\/v2\/product_tag?post=20148"}],"curies":[{"name":"wp","href":"https:\/\/api.w.org\/{rel}","templated":true}]}}