{"id":20199,"date":"2025-05-12T06:33:11","date_gmt":"2025-05-12T06:33:11","guid":{"rendered":"https:\/\/www.hydraulic-cylinders.net\/?post_type=product&#038;p=20199"},"modified":"2025-05-13T02:01:55","modified_gmt":"2025-05-13T02:01:55","slug":"horizontal-hydraulic-cylinders-for-car-crane","status":"publish","type":"product","link":"https:\/\/www.hydraulic-cylinders.net\/da\/vare\/horizontal-hydraulic-cylinders-for-car-crane\/","title":{"rendered":"Horisontale hydrauliske cylindre til bilkran"},"content":{"rendered":"<h1 style=\"text-align: center;\"><strong>Horisontale hydrauliske cylindre til bilkran<\/strong><\/h1>\n<p><img loading=\"lazy\" decoding=\"async\" class=\"wp-image-20200 aligncenter\" src=\"https:\/\/www.hydraulic-cylinders.net\/wp-content\/uploads\/2025\/05\/horizontal-hydraulic-cylinder-for-car-crane.webp\" alt=\"Vandret hydraulisk cylinder til bilkran \" width=\"500\" height=\"500\" srcset=\"https:\/\/www.hydraulic-cylinders.net\/wp-content\/uploads\/2025\/05\/horizontal-hydraulic-cylinder-for-car-crane.webp 500w, https:\/\/www.hydraulic-cylinders.net\/wp-content\/uploads\/2025\/05\/horizontal-hydraulic-cylinder-for-car-crane-480x480.webp 480w\" sizes=\"(min-width: 0px) and (max-width: 480px) 480px, (min-width: 481px) 500px, 100vw\" \/><\/p>\n<section id=\"introduction\">De horisontale hydrauliske cylindre til bilkraner, konstrueret af Ever-Power Huachang Hydraulic, er robuste stabiliseringscylindre designet til at give exceptionel sidest\u00f8tte under l\u00f8fteoperationer. Denne hydrauliske cylinder til bilkraner er kompatibel med alle modeller og sikrer forbedret stabilitet p\u00e5 uj\u00e6vnt terr\u00e6n, hvilket g\u00f8r den ideel til byggepladser, havneoperationer og industrielle opstillinger. Som en kraftig hydraulisk cylinder h\u00e5ndterer den tryk p\u00e5 op til 340 bar og leverer p\u00e5lidelig ydeevne til horisontal lastbalancering, hvilket sikrer sikkerhed og pr\u00e6cision i hvert l\u00f8ft.<\/section>\n<section id=\"specifications\">\n<h2><strong>Tekniske specifikationer:<\/strong><\/h2>\n<p><strong>Fungere:<\/strong> Styr bev\u00e6gelsen af \u200b\u200bhovedarmen<br \/>\n<strong>Specifikation (cylinderdiameter) mm:<\/strong> \u03c6 63 mm - \u03c6 70 mm<br \/>\n<strong>Specifikation (stangdiameter) mm:<\/strong> \u03c6 45 mm - \u03c6 50 mm<br \/>\n<strong>Specifikation (slagl\u00e6ngde) mm:<\/strong> 1200 mm - 2000 mm<br \/>\n<strong>Maksimalt tryk MPa:<\/strong> 20 MPa<br \/>\n<strong>Maksimal trykkraft KN:<\/strong> 77 kn<\/p>\n<\/section>\n<section id=\"features\">\n<h2><strong>N\u00f8glefunktioner ved de horisontale hydrauliske cylindre til bilkran:<\/strong><\/h2>\n<ul>\n<li><strong>Optimal lateral stabilitet:<\/strong> De hydrauliske luffingcylindre til bilkraner tilbyder pr\u00e6cis bomvinkelkontrol, hvilket g\u00f8r denne bilkrancylinder til bomjustering ideel til at navigere i trange arbejdsomr\u00e5der med lethed og tryghed.<\/li>\n<li><strong>Robust h\u00f8jtryksydelse:<\/strong>\u00a0Denne hydrauliske cylinder til bilkranstabilitet er designet til at fungere ved 340 bar og leverer ensartet kraft, hvilket muligg\u00f8r p\u00e5lidelig drift i kr\u00e6vende l\u00f8ftesituationer.<\/li>\n<li><strong>Kan tilpasses for alsidighed:<\/strong>\u00a0Med justerbar boring og slagl\u00e6ngde tilpasser denne bilkrancylinder til horisontal underst\u00f8tning sig forskellige krankonfigurationer, hvilket \u00f8ger fleksibiliteten p\u00e5 tv\u00e6rs af forskellige projektkrav.<\/li>\n<li><strong>Bygget til barske milj\u00f8er:<\/strong>\u00a0Denne kraftige vandrette cylinder til bilkraner har et hus af h\u00f8jstyrkest\u00e5l med en antikorrosionsbel\u00e6gning, der modst\u00e5r slid fra elementer som fugt og st\u00f8v, hvilket sikrer langvarig holdbarhed.<\/li>\n<li><strong>Reduceret vedligeholdelsesbehov:<\/strong>\u00a0Denne horisontale hydrauliske cylinder er udstyret med pr\u00e6cisionspakninger og minimerer l\u00e6kager og slid, hvilket s\u00e6nker vedligeholdelsesomkostningerne og forl\u00e6nger levetiden p\u00e5 din bilkran.<\/li>\n<\/ul>\n<\/section>\n<section id=\"applications\">\n<h2><strong>Anvendelser af de horisontale hydrauliske cylindre til bilkran:<img loading=\"lazy\" decoding=\"async\" class=\"alignnone size-full wp-image-20202\" src=\"https:\/\/www.hydraulic-cylinders.net\/wp-content\/uploads\/2025\/05\/horizontal-hydraulic-cylinder-for-car-crane-application.webp\" alt=\"Horisontal hydraulisk cylinder til bilkranapplikation\" width=\"1080\" height=\"617\" srcset=\"https:\/\/www.hydraulic-cylinders.net\/wp-content\/uploads\/2025\/05\/horizontal-hydraulic-cylinder-for-car-crane-application.webp 1080w, https:\/\/www.hydraulic-cylinders.net\/wp-content\/uploads\/2025\/05\/horizontal-hydraulic-cylinder-for-car-crane-application-980x560.webp 980w, https:\/\/www.hydraulic-cylinders.net\/wp-content\/uploads\/2025\/05\/horizontal-hydraulic-cylinder-for-car-crane-application-480x274.webp 480w\" sizes=\"(min-width: 0px) and (max-width: 480px) 480px, (min-width: 481px) and (max-width: 980px) 980px, (min-width: 981px) 1080px, 100vw\" \/><\/strong><\/h2>\n<ul>\n<li><strong>Byggepladser med uj\u00e6vnt terr\u00e6n:<\/strong>\u00a0De horisontale hydrauliske cylindre til bilkraner udm\u00e6rker sig ved byggeprojekter i uj\u00e6vnt terr\u00e6n, s\u00e5som vejbygning eller fundamentsarbejde, hvor denne stabiliserende cylinder til bilkraner sikrer sikker lasth\u00e5ndtering og forhindrer v\u00e6ltningsrisici.<\/li>\n<li><strong>Havneoperationer for containerh\u00e5ndtering:<\/strong>\u00a0Denne hydrauliske cylinder til bilkranstabilitet er ideel til havnemilj\u00f8er og underst\u00f8tter effektiv l\u00f8ftning af tunge containere. Den giver en bilkrancylinder til vandret st\u00f8tte for at opretholde balancen under gentagne l\u00e6sseopgaver.<\/li>\n<li><strong>Ops\u00e6tning af industrielt udstyr i fabrikker:<\/strong>\u00a0Denne kraftige vandrette cylinder til bilkraner er perfekt til industrielle applikationer som installation af store maskiner i fabrikker. Den sikrer stabil positionering af udstyr, hvilket forbedrer sikkerheden og arbejdsgangseffektiviteten.<\/li>\n<\/ul>\n<\/section>\n<section id=\"explore-more\">\n<h2><strong>Udforsk flere bilkrancylindre:<\/strong><\/h2>\n<p>Vi tilbyder et bredt udvalg af cylindre til bilkraner, der im\u00f8dekommer forskellige l\u00f8ftebehov. Uanset om du har brug for en hydraulisk cylinder til stabilitet i bilkraner eller en kraftig horisontal cylinder til bilkraner, leverer Ever-Power Huachang Hydraulic skr\u00e6ddersyede l\u00f8sninger. Opdag vores fulde udvalg af <a href=\"https:\/\/www.hydraulic-cylinders.net\/da\/mobile-crane-hydraulic-cylinders\/\">bilkrancylindre<\/a>.<\/p>\n<h2><strong>Hvad er de vigtigste faktorer at overveje ved vedligeholdelse af horisontale hydrauliske cylindre til bilkraner?<\/strong><\/h2>\n<div class=\"inter-wlTS5w\">\n<div class=\"container-QE4ayg\">\n<div class=\"item-jU10IN\">\n<div class=\"container-jODEnh chrome70-container\">\n<div class=\"inner-eE95c9 inner-item-aPP257\" data-target-id=\"message-box-target-id\" data-testid=\"union_message\">\n<div class=\"message-block-container-cloZOG\" data-testid=\"message-block-container\">\n<div class=\"message-box-ZWbBdF\" data-testid=\"receive_message\" data-message-id=\"4803605988838914\">\n<div class=\"message-box-content-wrapper-srHdUj\">\n<div class=\"message-content message-box-content-otxGGw receive-message-block-box-UHACQi samantha-message-box-content-aDu1aK\" data-testid=\"message_content\">\n<div class=\"container-hfX5E8 flow-markdown-body theme-samantha-yJEgBp\" dir=\"ltr\" data-testid=\"message_text_content\" data-show-indicator=\"false\">\n<div class=\"auto-hide-last-sibling-br paragraph-qzbcQC paragraph-element br-paragraph-space\">Vedligeholdelse af horisontale hydrauliske cylindre til bilkraner er afg\u00f8rende for at sikre deres sikre og effektive drift. Her er nogle vigtige faktorer at overveje:<\/div>\n<h3 class=\"header-jfw95c auto-hide-last-sibling-br\"><strong>1. Regelm\u00e6ssig inspektion<\/strong><\/h3>\n<div class=\"auto-hide-last-sibling-br paragraph-qzbcQC paragraph-element br-paragraph-space\">Regelm\u00e6ssige visuelle inspektioner er afg\u00f8rende for tidligt at opdage tegn p\u00e5 skader eller slid. Kontroller for eksterne l\u00e6kager, s\u00e5som olieudsivning omkring cylinderpakningerne. Beskadigede pakninger kan f\u00f8re til tab af hydraulisk tryk, hvilket p\u00e5virker cylinderens ydeevne. Se ogs\u00e5 efter tegn p\u00e5 korrosion p\u00e5 cylinderhuset, hvilket kan sv\u00e6kke dens struktur over tid. For eksempel kan cylindrene i et barskt udend\u00f8rs byggemilj\u00f8 blive udsat for fugt og kemikalier, hvilket \u00f8ger risikoen for korrosion.<\/div>\n<\/div>\n<div>\n<div class=\"image-box-grid-DI7Zd9\" data-finished=\"true\" data-testid=\"message_image_content\">\n<div class=\"image-box-grid-item-hjZBGw\">\n<div class=\"relative w-fit inline-flex\">\n<div class=\"container-pveQEn\">\n<div class=\"container-lBN8DN\">\n<div class=\"image-wrapper-g0eL_T clickable-ELDCj2\" data-testid=\"mdbox_image\"><\/div>\n<\/div>\n<\/div>\n<\/div>\n<\/div>\n<\/div>\n<h3 tabindex=\"0\" aria-haspopup=\"true\" aria-expanded=\"false\" aria-describedby=\"dsytchi\" data-popupid=\"dsytchi\"><strong style=\"color: #333333; font-size: 22px;\">2. V\u00e6skekvalitet og -niveau<\/strong><\/h3>\n<div tabindex=\"0\" aria-haspopup=\"true\" aria-expanded=\"false\" aria-describedby=\"dsytchi\" data-popupid=\"dsytchi\">Hydraulikv\u00e6sken i cylindrene er systemets livsblod. Det er vigtigt regelm\u00e6ssigt at kontrollere v\u00e6skestanden og dens kvalitet. Lavt v\u00e6skeniveau kan for\u00e5rsage kavitation, hvilket kan beskadige cylinderkomponenterne. Forurenet v\u00e6ske, s\u00e5som v\u00e6ske med snavs, affald eller vand, kan ogs\u00e5 f\u00f8re til for tidligt slid p\u00e5 pakninger og interne komponenter. Udskift hydraulikv\u00e6sken med de intervaller, der anbefales af producenten. I et st\u00f8vet havnemilj\u00f8 kan v\u00e6sken f.eks. blive forurenet hurtigere.<\/div>\n<div tabindex=\"0\" aria-haspopup=\"true\" aria-expanded=\"false\" aria-describedby=\"dsytchi\" data-popupid=\"dsytchi\">\n<h3 tabindex=\"0\" aria-haspopup=\"true\" aria-expanded=\"false\" aria-describedby=\"dsytchi\" data-popupid=\"dsytchi\"><strong><span style=\"color: #333333; font-size: 18px;\">3. Vedligeholdelse af t\u00e6tninger<\/span><\/strong><\/h3>\n<\/div>\n<\/div>\n<div class=\"container-hfX5E8 flow-markdown-body theme-samantha-yJEgBp\" dir=\"ltr\" data-testid=\"message_text_content\" data-show-indicator=\"false\">\n<div class=\"auto-hide-last-sibling-br paragraph-qzbcQC paragraph-element br-paragraph-space\">Pakningerne i de vandrette hydrauliske cylindre forhindrer v\u00e6skel\u00e6kage og opretholder trykket i systemet. Med tiden kan pakninger slides p\u00e5 grund af friktion, varme og eksponering for hydraulisk v\u00e6ske. Unders\u00f8g pakningerne regelm\u00e6ssigt for tegn p\u00e5 slid, s\u00e5som revner eller rifter. Hvis der opdages beskadigede pakninger, skal de udskiftes med det samme for at undg\u00e5 yderligere problemer. I et fabriksmilj\u00f8, hvor kranen er i drift ofte, kan pakningerne opleve mere slid.<\/div>\n<\/div>\n<div><img loading=\"lazy\" decoding=\"async\" class=\"size-full wp-image-20203 aligncenter\" src=\"https:\/\/www.hydraulic-cylinders.net\/wp-content\/uploads\/2025\/05\/horizontal-hydraulic-cylinder-for-car-crane-1-1.webp\" alt=\"\" width=\"580\" height=\"326\" srcset=\"https:\/\/www.hydraulic-cylinders.net\/wp-content\/uploads\/2025\/05\/horizontal-hydraulic-cylinder-for-car-crane-1-1.webp 580w, https:\/\/www.hydraulic-cylinders.net\/wp-content\/uploads\/2025\/05\/horizontal-hydraulic-cylinder-for-car-crane-1-1-480x270.webp 480w\" sizes=\"(min-width: 0px) and (max-width: 480px) 480px, (min-width: 481px) 580px, 100vw\" \/><\/div>\n<div class=\"container-hfX5E8 flow-markdown-body theme-samantha-yJEgBp\" dir=\"ltr\" data-testid=\"message_text_content\" data-show-indicator=\"false\">\n<h3 class=\"header-jfw95c auto-hide-last-sibling-br\"><strong>4. Justering og montering<\/strong><\/h3>\n<div class=\"auto-hide-last-sibling-br paragraph-qzbcQC paragraph-element br-paragraph-space\">Korrekt justering og montering af de horisontale hydrauliske cylindre er afg\u00f8rende for deres problemfri drift. Forkert justerede cylindre kan for\u00e5rsage uj\u00e6vn belastning af komponenterne, hvilket f\u00f8rer til for tidligt slid og svigt. Kontroller monteringsboltene regelm\u00e6ssigt for at sikre, at de er sp\u00e6ndt med det korrekte moment. P\u00e5 en byggeplads, hvor kranen kan blive udsat for vibrationer under drift, kan monteringsboltene l\u00f8sne sig over tid.<\/div>\n<\/div>\n<div>\n<div class=\"image-box-grid-DI7Zd9\" data-finished=\"true\" data-testid=\"message_image_content\">\n<div class=\"image-box-grid-item-hjZBGw\">\n<div class=\"relative w-fit inline-flex\">\n<div class=\"container-pveQEn\">\n<div class=\"container-lBN8DN\">\n<div data-testid=\"mdbox_image\"><\/div>\n<div class=\"image-wrapper-g0eL_T clickable-ELDCj2\" data-testid=\"mdbox_image\"><img alt=\"\" aria-hidden=\"true\" \/><img loading=\"lazy\" decoding=\"async\" class=\"size-full wp-image-20204 aligncenter\" src=\"https:\/\/www.hydraulic-cylinders.net\/wp-content\/uploads\/2025\/05\/horizontal-hydraulic-cylinder-for-car-crane-2.webp\" alt=\"\" width=\"580\" height=\"326\" srcset=\"https:\/\/www.hydraulic-cylinders.net\/wp-content\/uploads\/2025\/05\/horizontal-hydraulic-cylinder-for-car-crane-2.webp 580w, https:\/\/www.hydraulic-cylinders.net\/wp-content\/uploads\/2025\/05\/horizontal-hydraulic-cylinder-for-car-crane-2-480x270.webp 480w\" sizes=\"(min-width: 0px) and (max-width: 480px) 480px, (min-width: 481px) 580px, 100vw\" \/><\/div>\n<\/div>\n<\/div>\n<div class=\"canvas_wrapper-IbcQnK exited-oWXOb6\" data-testid=\"canvas-wrapper\">\n<div class=\"container-outer-pOam6U\" data-testid=\"canvas_panel_container\" data-visible=\"false\" data-state=\"2\">\n<div class=\"container-xIE85U\">\n<div class=\"container-footer-GjfStV\"><\/div>\n<\/div>\n<\/div>\n<\/div>\n<\/div>\n<\/div>\n<\/div>\n<div class=\"\" tabindex=\"0\" aria-haspopup=\"true\" aria-expanded=\"false\" aria-describedby=\"it2wxvq\" data-popupid=\"it2wxvq\"><\/div>\n<\/div>\n<div class=\"container-hfX5E8 flow-markdown-body theme-samantha-yJEgBp\" dir=\"ltr\" data-testid=\"message_text_content\" data-show-indicator=\"false\">\n<div class=\"auto-hide-last-sibling-br paragraph-qzbcQC paragraph-element br-paragraph-space\">Afslutningsvis kan operat\u00f8rer ved at v\u00e6re opm\u00e6rksomme p\u00e5 disse n\u00f8glefaktorer sikre p\u00e5lidelig og langsigtet ydeevne af horisontale hydrauliske cylindre til bilkraner.<\/div>\n<\/div>\n<\/div>\n<\/div>\n<\/div>\n<\/div>\n<\/div>\n<\/div>\n<\/div>\n<\/div>\n<\/div>\n<div class=\"top-bcSEDJ\">\n<div class=\"container-jODEnh chrome70-container\"><\/div>\n<\/div>\n<\/section>\n<section id=\"company-introduction\">\n<h2><strong>Om Ever-Power Huachang Hydraulic:<\/strong><\/h2>\n<h2><img loading=\"lazy\" decoding=\"async\" class=\"alignnone size-full wp-image-16972\" src=\"https:\/\/www.hydraulic-cylinders.net\/wp-content\/uploads\/2025\/01\/hydraulic-cylinder-factory-1-scaled.webp\" alt=\"\" width=\"2016\" height=\"2560\" srcset=\"https:\/\/www.hydraulic-cylinders.net\/wp-content\/uploads\/2025\/01\/hydraulic-cylinder-factory-1-scaled.webp 2016w, https:\/\/www.hydraulic-cylinders.net\/wp-content\/uploads\/2025\/01\/hydraulic-cylinder-factory-1-1280x1625.webp 1280w, https:\/\/www.hydraulic-cylinders.net\/wp-content\/uploads\/2025\/01\/hydraulic-cylinder-factory-1-980x1244.webp 980w, https:\/\/www.hydraulic-cylinders.net\/wp-content\/uploads\/2025\/01\/hydraulic-cylinder-factory-1-480x610.webp 480w\" sizes=\"(min-width: 0px) and (max-width: 480px) 480px, (min-width: 481px) and (max-width: 980px) 980px, (min-width: 981px) and (max-width: 1280px) 1280px, (min-width: 1281px) 2016px, 100vw\" \/><\/h2>\n<p>Ever-Power Huachang Hydraulic udm\u00e6rker sig inden for hydraulisk innovation med et dedikeret forsknings- og udviklingsteam, der designer p\u00e5lidelige l\u00f8sninger til bilkraner og tunge applikationer, hvilket sikrer topydelse og sikkerhed.<\/p>\n<p>Vores avancerede produktionsanl\u00e6g udnytter automatisering og pr\u00e6cisionsteknologi til at skabe cylindre af h\u00f8j kvalitet, der er skr\u00e6ddersyet til at opfylde globale industristandarder med effektivitet og holdbarhed i hver enhed.<\/p>\n<p>Vi garanterer ekspertise gennem grundig testning og milj\u00f8venlige bel\u00e6gninger, hvilket forl\u00e6nger levetiden for produkter som horisontale hydrauliske cylindre til bilkraner og styrker vores omd\u00f8mme som en betroet global leder.<\/p>\n<\/section>","protected":false},"excerpt":{"rendered":"<p>Horizontal Hydraulic Cylinders for Car Crane The horizontal hydraulic cylinders for car crane, engineered by ever-power huachang hydraulic, are robust stabilizing cylinders designed to provide exceptional lateral support during lifting operations. Compatible with models, this hydraulic cylinder for car crane ensures enhanced stability on uneven terrains, making it ideal for construction sites, port operations, and [&hellip;]<\/p>","protected":false},"featured_media":20201,"comment_status":"open","ping_status":"closed","template":"","meta":{"_et_pb_use_builder":"","_et_pb_old_content":"","_et_gb_content_width":""},"product_brand":[],"product_cat":[1376],"product_tag":[],"class_list":{"0":"post-20199","1":"product","2":"type-product","3":"status-publish","4":"has-post-thumbnail","6":"product_cat-hydraulic-cylinder","8":"first","9":"instock","10":"shipping-taxable","11":"product-type-simple"},"amp_enabled":true,"_links":{"self":[{"href":"https:\/\/www.hydraulic-cylinders.net\/da\/wp-json\/wp\/v2\/product\/20199","targetHints":{"allow":["GET"]}}],"collection":[{"href":"https:\/\/www.hydraulic-cylinders.net\/da\/wp-json\/wp\/v2\/product"}],"about":[{"href":"https:\/\/www.hydraulic-cylinders.net\/da\/wp-json\/wp\/v2\/types\/product"}],"replies":[{"embeddable":true,"href":"https:\/\/www.hydraulic-cylinders.net\/da\/wp-json\/wp\/v2\/comments?post=20199"}],"wp:featuredmedia":[{"embeddable":true,"href":"https:\/\/www.hydraulic-cylinders.net\/da\/wp-json\/wp\/v2\/media\/20201"}],"wp:attachment":[{"href":"https:\/\/www.hydraulic-cylinders.net\/da\/wp-json\/wp\/v2\/media?parent=20199"}],"wp:term":[{"taxonomy":"product_brand","embeddable":true,"href":"https:\/\/www.hydraulic-cylinders.net\/da\/wp-json\/wp\/v2\/product_brand?post=20199"},{"taxonomy":"product_cat","embeddable":true,"href":"https:\/\/www.hydraulic-cylinders.net\/da\/wp-json\/wp\/v2\/product_cat?post=20199"},{"taxonomy":"product_tag","embeddable":true,"href":"https:\/\/www.hydraulic-cylinders.net\/da\/wp-json\/wp\/v2\/product_tag?post=20199"}],"curies":[{"name":"wp","href":"https:\/\/api.w.org\/{rel}","templated":true}]}}