{"id":20782,"date":"2025-05-28T06:32:23","date_gmt":"2025-05-28T06:32:23","guid":{"rendered":"https:\/\/www.hydraulic-cylinders.net\/?post_type=product&#038;p=20782"},"modified":"2025-05-28T06:39:15","modified_gmt":"2025-05-28T06:39:15","slug":"steering-cylinder-with-position-sensor","status":"publish","type":"product","link":"https:\/\/www.hydraulic-cylinders.net\/da\/vare\/steering-cylinder-with-position-sensor\/","title":{"rendered":"Styrecylinder med positionssensor"},"content":{"rendered":"<h1 style=\"text-align: center;\"><strong>Styrecylinder med positionssensor<img loading=\"lazy\" decoding=\"async\" class=\"wp-image-20783 aligncenter\" src=\"https:\/\/www.hydraulic-cylinders.net\/wp-content\/uploads\/2025\/05\/sensor-steering-cylinder-1-1.webp\" alt=\"\" width=\"400\" height=\"400\" \/><\/strong><\/h1>\n<p>Vores styrecylinder med positionssensor er konstrueret til pr\u00e6cision og holdbarhed og tilbyder avanceret kontrol til h\u00f8jtydende k\u00f8ret\u00f8jer. Udstyret med en integreret positionssensor leverer denne hydrauliske styrecylinder styrevinkeldata i realtid, hvilket forbedrer sikkerhed og ydeevne i kr\u00e6vende applikationer. Uanset om du opgraderer landbrugsudstyr eller reparerer tunge maskiner, opfylder vores styrecylinder med positionssensor de h\u00f8jeste branchestandarder. Den er fremstillet af h\u00f8jstyrkematerialer og kan modst\u00e5 h\u00f8jtryksmilj\u00f8er, hvilket g\u00f8r den ideel til traktorer, lastbiler og industrik\u00f8ret\u00f8jer. Vores OEM-udskiftningsstyrecylinder med sensor sikrer problemfri kompatibilitet med f\u00f8rende k\u00f8ret\u00f8jsm\u00e6rker.<\/p>\n<h2><strong>Tekniske specifikationer for styrecylinder med positionssensor:<\/strong><\/h2>\n<p><strong>Cylinderdiameter:<\/strong> 75 mm<\/p>\n<p><strong>Stangdiameter:<\/strong> 45 mm<\/p>\n<p><strong>Rejse:<\/strong> 215 mm<\/p>\n<p><strong>Installationsafstand:<\/strong> 569 mm<\/p>\n<h1 style=\"text-align: center;\"><strong><img loading=\"lazy\" decoding=\"async\" class=\"wp-image-20784 aligncenter\" src=\"https:\/\/www.hydraulic-cylinders.net\/wp-content\/uploads\/2025\/05\/sensor-steering-cylinder-2-1.webp\" alt=\"\" width=\"400\" height=\"401\" \/><\/strong><\/h1>\n<p><strong>Cylinderdiameter:<\/strong> 80 mm<\/p>\n<p><strong>Stangdiameter:<\/strong> 580 mm<\/p>\n<p><strong>Rejse:<\/strong> 126 mm<\/p>\n<p><strong>Installationsafstand:<\/strong> 690 mm<\/p>\n<h1 style=\"text-align: center;\"><strong><img loading=\"lazy\" decoding=\"async\" class=\"wp-image-20785 aligncenter\" src=\"https:\/\/www.hydraulic-cylinders.net\/wp-content\/uploads\/2025\/05\/sensor-steering-cylinder-3-1.webp\" alt=\"\" width=\"400\" height=\"400\" \/><\/strong><\/h1>\n<p><strong>Cylinderdiameter:<\/strong> 80 mm<\/p>\n<p><strong>Stangdiameter:<\/strong> 50mm<\/p>\n<p><strong>Rejse:<\/strong> 166 mm<\/p>\n<p><strong>Installationsafstand:<\/strong> 885 mm<\/p>\n<h1 style=\"text-align: center;\"><strong><img loading=\"lazy\" decoding=\"async\" class=\"wp-image-20786 alignnone\" src=\"https:\/\/www.hydraulic-cylinders.net\/wp-content\/uploads\/2025\/05\/sensor-steering-cylinder-4-1.webp\" alt=\"\" width=\"400\" height=\"400\" \/><\/strong><\/h1>\n<p><strong>Cylinderdiameter:<\/strong> 90 mm<\/p>\n<p><strong>Stangdiameter:<\/strong> 45 mm<\/p>\n<p><strong>Rejse:<\/strong> 232 mm<\/p>\n<p><strong>Installationsafstand:<\/strong> 635 mm<\/p>\n<h2><strong>N\u00f8glefunktioner ved vores styrecylinder med positionssensor:<\/strong><\/h2>\n<ul>\n<li><strong>Pr\u00e6cisionsstyringscylinder til tunge maskiner<\/strong>Integreret positionssensor leverer pr\u00e6cise styrevinkeldata for forbedret kontrol.<\/li>\n<li><strong>Holdbar positionssensorstyringscylinder til lastbiler<\/strong>Bygget med h\u00f8jstyrkest\u00e5l til at klare ekstreme forhold.<\/li>\n<li><strong>OEM-udskiftning af styrecylinder med sensor<\/strong>Kompatibel med st\u00f8rre bilm\u00e6rker for nem installation.<\/li>\n<li><strong>Automotive styrecylinder med positionssensor<\/strong>Optimerer styreevnen i personbiler og erhvervsk\u00f8ret\u00f8jer.<\/li>\n<li>Korrosionsbestandig bel\u00e6gning for forl\u00e6nget levetid.<\/li>\n<li>Avanceret sensorteknologi til feedback i realtid, der underst\u00f8tter ADAS- og ESC-systemer.<\/li>\n<\/ul>\n<h2><strong>Anvendelser af styrecylindre med positionssensorer:<\/strong><\/h2>\n<p><img loading=\"lazy\" decoding=\"async\" class=\"alignnone size-full wp-image-20787\" src=\"https:\/\/www.hydraulic-cylinders.net\/wp-content\/uploads\/2025\/05\/steering-cylinders-with-position-sensors-application.webp\" alt=\"Anvendelser af styrecylindre med positionssensorer:\" width=\"1073\" height=\"501\" srcset=\"https:\/\/www.hydraulic-cylinders.net\/wp-content\/uploads\/2025\/05\/steering-cylinders-with-position-sensors-application.webp 1073w, https:\/\/www.hydraulic-cylinders.net\/wp-content\/uploads\/2025\/05\/steering-cylinders-with-position-sensors-application-980x458.webp 980w, https:\/\/www.hydraulic-cylinders.net\/wp-content\/uploads\/2025\/05\/steering-cylinders-with-position-sensors-application-480x224.webp 480w\" sizes=\"(min-width: 0px) and (max-width: 480px) 480px, (min-width: 481px) and (max-width: 980px) 980px, (min-width: 981px) 1073px, 100vw\" \/><\/p>\n<p>Vores\u00a0<strong>styrecylindre med positionssensorer<\/strong>\u00a0er alsidige og leverer p\u00e5lidelig ydeevne p\u00e5 tv\u00e6rs af flere brancher:<\/p>\n<h3><strong>Landbrug<\/strong><\/h3>\n<p>I landbrugsm\u00e6ssige sammenh\u00e6nge, \u200b\u200bvores\u00a0<strong>hydraulisk styrecylinder til traktorer med positionssensor<\/strong>\u00a0sikrer pr\u00e6cis navigation for udstyr som traktorer og mejet\u00e6rskere, hvilket forbedrer effektiviteten i uj\u00e6vnt terr\u00e6n.<\/p>\n<h3><strong>Konstruktion<\/strong><\/h3>\n<p>Til byggeri, vores\u00a0<strong>Pr\u00e6cisionsstyringscylinder til tunge maskiner<\/strong>\u00a0leverer robust ydeevne, der sikrer sikkerhed og kontrol i kr\u00e6vende milj\u00f8er som arbejdspladser.<\/p>\n<h3><strong>Bilindustrien<\/strong><\/h3>\n<p>Vores\u00a0<strong>bilstyringscylinder med positionssensor<\/strong>\u00a0er skr\u00e6ddersyet til lastbiler og personbiler, forbedrer styrepr\u00e6cisionen og underst\u00f8tter avancerede f\u00f8rerassistentsystemer (ADAS).<\/p>\n<h2><strong>Vedligeholdelsesl\u00f8sninger til styrecylindre med positionssensorer:<\/strong><\/h2>\n<p>For at sikre langsigtet ydeevne af din styrecylinder med positionssensor, skal du f\u00f8lge disse vedligeholdelsestips:<\/p>\n<ul>\n<li style=\"list-style-type: none;\">\n<ul>\n<li><strong>Regelm\u00e6ssige inspektioner<\/strong>Kontroller den hydrauliske styrecylinder for l\u00e6kager, slid eller korrosion hver 6. m\u00e5ned for at opretholde optimal ydeevne.<\/li>\n<li><strong>Sensorkalibrering<\/strong>Kalibrer positionssensoren igen efter reparationer eller justering ved hj\u00e6lp af diagnosev\u00e6rkt\u00f8jer for at sikre n\u00f8jagtige styredata.<\/li>\n<\/ul>\n<\/li>\n<\/ul>\n<p>[](https:\/\/www.johnbean.com\/us\/product-articles\/steering-angle-sensors\/)<\/p>\n<ul>\n<li><strong>V\u00e6skevedligeholdelse<\/strong>Udskift hydraulikv\u00e6sken i henhold til producentens anvisninger for at forhindre kontaminering og sikre problemfri drift af styresystemets cylinder med integreret sensor.<\/li>\n<li><strong>Rensning<\/strong>Hold cylinderen og sensoren fri for snavs for at undg\u00e5 interferens med sensorens n\u00f8jagtighed.<\/li>\n<li><strong>Professionel service<\/strong>Ved komplekse problemer skal du kontakte en certificeret tekniker for at f\u00e5 diagnosticeret og reparere positionsf\u00f8lerens styrecylinder ved hj\u00e6lp af OBD-scannere eller specialv\u00e6rkt\u00f8j.<\/li>\n<\/ul>\n<h2 dir=\"auto\"><strong>Hvordan forbedrer positionssensoren i en styrecylinder med positionssensor styrepr\u00e6cisionen?<\/strong><\/h2>\n<p><img loading=\"lazy\" decoding=\"async\" class=\"alignnone size-full wp-image-20788\" src=\"https:\/\/www.hydraulic-cylinders.net\/wp-content\/uploads\/2025\/05\/steering-cylinder-with-position-sensor-advantage.png\" alt=\"Styrecylinder med positionssensor fordel\" width=\"1079\" height=\"610\" srcset=\"https:\/\/www.hydraulic-cylinders.net\/wp-content\/uploads\/2025\/05\/steering-cylinder-with-position-sensor-advantage.png 1079w, https:\/\/www.hydraulic-cylinders.net\/wp-content\/uploads\/2025\/05\/steering-cylinder-with-position-sensor-advantage-980x554.png 980w, https:\/\/www.hydraulic-cylinders.net\/wp-content\/uploads\/2025\/05\/steering-cylinder-with-position-sensor-advantage-480x271.png 480w\" sizes=\"(min-width: 0px) and (max-width: 480px) 480px, (min-width: 481px) and (max-width: 980px) 980px, (min-width: 981px) 1079px, 100vw\" \/><\/p>\n<p dir=\"auto\">Positionssensoren i en styrecylinder med positionssensor forbedrer styrepr\u00e6cisionen betydeligt ved at levere realtidsdata om styrevinklen og hjulpositionen. Positionssensoren (typisk magnetisk eller induktiv) er integreret i den hydrauliske styrecylinder og overv\u00e5ger stemplets bev\u00e6gelse i cylinderen og oms\u00e6tter den til pr\u00e6cis feedback om styrevinklen. Disse data videresendes til k\u00f8ret\u00f8jets elektroniske styreenhed (ECU), hvilket muligg\u00f8r problemfri justering af styresystemet for optimal ydeevne. Til applikationer som traktorer, lastbiler og tunge maskiner sikrer dette, at styrecylinderen leverer pr\u00e6cis og responsiv kontrol, selv under udfordrende forhold.<\/p>\n<p dir=\"auto\">I k\u00f8ret\u00f8jer udstyret med en styrecylinder med positionssensor underst\u00f8tter sensoren avancerede f\u00f8rerassistentsystemer (ADAS), s\u00e5som vognbaneassistent og stabilitetskontrol, ved at levere pr\u00e6cise styreinputdata. Tilsvarende er en pr\u00e6cisionsstyrecylinder til tunge maskiner afh\u00e6ngig af sensoren for at opretholde n\u00f8jagtighed under h\u00f8jtryksoperationer, hvilket reducerer afdrift og forbedrer man\u00f8vredygtigheden. Styresystemets cylinder med integreret sensor forbedrer ogs\u00e5 sikkerheden ved at registrere uj\u00e6vnheder og dermed sikre ensartet ydeevne i kr\u00e6vende milj\u00f8er som landbrug eller byggeri.<\/p>\n<h3 dir=\"auto\"><strong>Vigtige fordele ved styringspr\u00e6cision<\/strong><\/h3>\n<ul dir=\"auto\">\n<li><strong>Feedback i realtid<\/strong>Positionssensoren til styrecylinderen leverer \u00f8jeblikkelige styrevinkeldata, hvilket muligg\u00f8r pr\u00e6cis hjulindstilling.<\/li>\n<li><strong>Forbedret kontrol<\/strong>I en hydraulisk styrecylinder til traktorer med positionssensor sikrer sensoren pr\u00e6cis navigation i uj\u00e6vnt terr\u00e6n.<\/li>\n<li><strong>Kompatibilitet med ADAS<\/strong>Bilens styrecylinder med positionssensor integreres med moderne k\u00f8ret\u00f8jssystemer for forbedret respons.<\/li>\n<li><strong>Holdbarhed og pr\u00e6cision<\/strong>En holdbar positionssensor-styrecylinder til lastbiler opretholder n\u00f8jagtighed under h\u00f8je trykforhold.<\/li>\n<\/ul>\n<p dir=\"auto\">Ved at integrere en positionssensor optimerer styrecylinderen med positionssensor k\u00f8ret\u00f8jsstyringen, hvilket g\u00f8r den til en essentiel komponent for industrier, der kr\u00e6ver en styresystemcylinder med integreret sensor. Kontakt os i dag for at f\u00e5 flere oplysninger om vores OEM-styrecylinderudskiftning med sensor!<\/p>\n<h2><strong>Produktionsomr\u00e5de for hydrauliske cylindere:<\/strong><\/h2>\n<h2><img loading=\"lazy\" decoding=\"async\" class=\"alignnone size-full wp-image-16972\" src=\"https:\/\/www.hydraulic-cylinders.net\/wp-content\/uploads\/2025\/01\/hydraulic-cylinder-factory-1-scaled.webp\" sizes=\"(min-width: 0px) and (max-width: 480px) 480px, (min-width: 481px) and (max-width: 980px) 980px, (min-width: 981px) and (max-width: 1280px) 1280px, (min-width: 1281px) 2016px, 100vw\" srcset=\"https:\/\/www.hydraulic-cylinders.net\/wp-content\/uploads\/2025\/01\/hydraulic-cylinder-factory-1-scaled.webp 2016w, https:\/\/www.hydraulic-cylinders.net\/wp-content\/uploads\/2025\/01\/hydraulic-cylinder-factory-1-1280x1625.webp 1280w, https:\/\/www.hydraulic-cylinders.net\/wp-content\/uploads\/2025\/01\/hydraulic-cylinder-factory-1-980x1244.webp 980w, https:\/\/www.hydraulic-cylinders.net\/wp-content\/uploads\/2025\/01\/hydraulic-cylinder-factory-1-480x610.webp 480w\" alt=\"\" width=\"2016\" height=\"2560\" \/><\/h2>\n<p>Som en f\u00f8rende leverand\u00f8r af hydrauliske styrecylindre kan vi prale af en f\u00f8rsteklasses uafh\u00e6ngig forsknings- og udviklingsplatform dedikeret til innovation og kvalitet. Vores v\u00e6rksted til produktion af gaffeltruckcylindre har fire halvautomatiske l\u00f8ftecylindre-monteringslinjer og en fuldautomatisk vippecylindre-monteringslinje med en designm\u00e6ssig \u00e5rlig produktionskapacitet p\u00e5 <strong>en million stykker<\/strong>.<\/p>\n<h3><strong>Specialiseret cylinderv\u00e6rksted<\/strong><\/h3>\n<p>Vores specialiserede cylinderv\u00e6rksted er udstyret med halvautomatiske reng\u00f8rings- og monteringssystemer, der er skr\u00e6ddersyet til forskellige specifikationer, og opn\u00e5r en \u00e5rlig produktionskapacitet p\u00e5 <strong>200.000 stykker<\/strong>Vi anvender CNC-bearbejdningsudstyr af h\u00f8jeste kvalitet, avancerede bearbejdningscentre og specialiserede h\u00f8jpr\u00e6cisionsv\u00e6rkt\u00f8jer. Vores faciliteter inkluderer ogs\u00e5 robotsvejsemaskiner, automatiske reng\u00f8ringssystemer, samlemaskiner og malingsproduktionslinjer. Med over <strong>300 s\u00e6t n\u00f8gleudstyr<\/strong> I drift sikrer vi optimeret ressourceallokering og effektiv udnyttelse.<\/p>\n<h3><strong>Pr\u00e6cisionsbearbejdningskapaciteter<\/strong><\/h3>\n<p>Vores maskinv\u00e6rksted er udstyret med specialfremstillede drejecentre med vippef\u00f8ringer, bearbejdningscentre, h\u00f8jhastigheds-honemaskiner og svejserobotter. Denne ops\u00e6tning giver os mulighed for at h\u00e5ndtere bearbejdning af cylinderr\u00f8r med en maksimal indvendig diameter p\u00e5 <strong>400 mm<\/strong> og l\u00e6ngder op til <strong>6 meter<\/strong>Vores engagement i pr\u00e6cision sikrer, at alle produkter opfylder de h\u00f8jeste kvalitetsstandarder.<\/p>\n<h2><img loading=\"lazy\" decoding=\"async\" class=\"alignnone size-full wp-image-16973\" src=\"https:\/\/www.hydraulic-cylinders.net\/wp-content\/uploads\/2025\/01\/hydraulic-cylinder-factory-2-scaled.webp\" sizes=\"(min-width: 0px) and (max-width: 480px) 480px, (min-width: 481px) and (max-width: 980px) 980px, (min-width: 981px) and (max-width: 1280px) 1280px, (min-width: 1281px) 2011px, 100vw\" srcset=\"https:\/\/www.hydraulic-cylinders.net\/wp-content\/uploads\/2025\/01\/hydraulic-cylinder-factory-2-scaled.webp 2011w, https:\/\/www.hydraulic-cylinders.net\/wp-content\/uploads\/2025\/01\/hydraulic-cylinder-factory-2-1280x1629.webp 1280w, https:\/\/www.hydraulic-cylinders.net\/wp-content\/uploads\/2025\/01\/hydraulic-cylinder-factory-2-980x1248.webp 980w, https:\/\/www.hydraulic-cylinders.net\/wp-content\/uploads\/2025\/01\/hydraulic-cylinder-factory-2-480x611.webp 480w\" alt=\"\" width=\"2011\" height=\"2560\" \/><\/h2>\n<p>&nbsp;<\/p>","protected":false},"excerpt":{"rendered":"<p>Steering Cylinder With Position Sensor Our\u00a0steering cylinder with position sensor\u00a0is engineered for precision and durability, offering advanced control for high-performance vehicles. Equipped with an integrated position sensor, this\u00a0hydraulic steering cylinder\u00a0provides real-time steering angle data, enhancing safety and performance in demanding applications. Whether you\u2019re upgrading agricultural equipment or repairing heavy machinery, our\u00a0position sensor steering cylinder\u00a0meets the [&hellip;]<\/p>","protected":false},"featured_media":20641,"comment_status":"open","ping_status":"closed","template":"","meta":{"_et_pb_use_builder":"","_et_pb_old_content":"","_et_gb_content_width":""},"product_brand":[],"product_cat":[1561],"product_tag":[],"class_list":{"0":"post-20782","1":"product","2":"type-product","3":"status-publish","4":"has-post-thumbnail","6":"product_cat-steering-hydraulic-cylinders","8":"first","9":"instock","10":"shipping-taxable","11":"product-type-simple"},"amp_enabled":true,"_links":{"self":[{"href":"https:\/\/www.hydraulic-cylinders.net\/da\/wp-json\/wp\/v2\/product\/20782","targetHints":{"allow":["GET"]}}],"collection":[{"href":"https:\/\/www.hydraulic-cylinders.net\/da\/wp-json\/wp\/v2\/product"}],"about":[{"href":"https:\/\/www.hydraulic-cylinders.net\/da\/wp-json\/wp\/v2\/types\/product"}],"replies":[{"embeddable":true,"href":"https:\/\/www.hydraulic-cylinders.net\/da\/wp-json\/wp\/v2\/comments?post=20782"}],"wp:featuredmedia":[{"embeddable":true,"href":"https:\/\/www.hydraulic-cylinders.net\/da\/wp-json\/wp\/v2\/media\/20641"}],"wp:attachment":[{"href":"https:\/\/www.hydraulic-cylinders.net\/da\/wp-json\/wp\/v2\/media?parent=20782"}],"wp:term":[{"taxonomy":"product_brand","embeddable":true,"href":"https:\/\/www.hydraulic-cylinders.net\/da\/wp-json\/wp\/v2\/product_brand?post=20782"},{"taxonomy":"product_cat","embeddable":true,"href":"https:\/\/www.hydraulic-cylinders.net\/da\/wp-json\/wp\/v2\/product_cat?post=20782"},{"taxonomy":"product_tag","embeddable":true,"href":"https:\/\/www.hydraulic-cylinders.net\/da\/wp-json\/wp\/v2\/product_tag?post=20782"}],"curies":[{"name":"wp","href":"https:\/\/api.w.org\/{rel}","templated":true}]}}