{"id":652,"date":"2023-08-21T02:56:38","date_gmt":"2023-08-21T02:56:38","guid":{"rendered":"https:\/\/hydraulic-cylinders.net\/?post_type=product&#038;p=652"},"modified":"2025-04-11T01:45:01","modified_gmt":"2025-04-11T01:45:01","slug":"forklift-short-lifting-hydraulic-cylinder","status":"publish","type":"product","link":"https:\/\/www.hydraulic-cylinders.net\/da\/vare\/forklift-short-lifting-hydraulic-cylinder\/","title":{"rendered":"Gaffeltrucks hydrauliske cylinder til korte l\u00f8ft"},"content":{"rendered":"<h1 style=\"text-align: center;\"><strong>Gaffeltrucks hydrauliske cylinder til korte l\u00f8ft<\/strong><\/h1>\n<p><img loading=\"lazy\" decoding=\"async\" class=\"aligncenter wp-image-653\" src=\"https:\/\/hydraulic-cylinders.net\/wp-content\/uploads\/2023\/08\/short-lifting-hydraulic-cylinder-product-2-300x300.webp\" alt=\"short-lifting-hydraulic-cylinder-product\" width=\"400\" height=\"400\" \/><\/p>\n<p>De <strong>Short Forklift Lift Cylinder<\/strong> is designed to tackle short lifting tasks effortlessly, delivering the power and precision needed to optimize your material handling operations.<\/p>\n<p>Featuring a robust design, this hydraulic cylinder can withstand heavy loads, frequent use, and challenging operating conditions. Built for durability, it ensures reliable performance while minimizing downtime related to maintenance or repairs.<\/p>\n<p>With exceptional resistance to wear, corrosion, and contamination, the <strong>Short Forklift Lift Cylinder<\/strong> maintains peak performance throughout its lifespan. Engineered to endure harsh elements, it effectively shields itself from moisture, debris, and other contaminants that could compromise its functionality.<\/p>\n<p>For those seeking a reliable lifting solution, this hydraulic cylinder is your ideal choice, ensuring efficiency and longevity in every operation.<\/p>\n<h2><strong>Forklift Short Lifting Hydraulic Cylinder Parameter:<\/strong><\/h2>\n<table>\n<tbody>\n<tr>\n<td><img loading=\"lazy\" decoding=\"async\" class=\"alignnone wp-image-654 size-full\" src=\"https:\/\/hydraulic-cylinders.net\/wp-content\/uploads\/2023\/08\/short-lifting-hydraulic-cylinder-product-1.png\" alt=\"\" width=\"457\" height=\"315\" srcset=\"https:\/\/www.hydraulic-cylinders.net\/wp-content\/uploads\/2023\/08\/short-lifting-hydraulic-cylinder-product-1.png 457w, https:\/\/www.hydraulic-cylinders.net\/wp-content\/uploads\/2023\/08\/short-lifting-hydraulic-cylinder-product-1-300x207.png 300w\" sizes=\"(max-width: 457px) 100vw, 457px\" \/><\/td>\n<td><img loading=\"lazy\" decoding=\"async\" class=\"alignnone wp-image-655 size-full\" src=\"https:\/\/hydraulic-cylinders.net\/wp-content\/uploads\/2023\/08\/short-lifting-hydraulic-cylinder-product-1-1.png\" alt=\"\" width=\"475\" height=\"137\" srcset=\"https:\/\/www.hydraulic-cylinders.net\/wp-content\/uploads\/2023\/08\/short-lifting-hydraulic-cylinder-product-1-1.png 475w, https:\/\/www.hydraulic-cylinders.net\/wp-content\/uploads\/2023\/08\/short-lifting-hydraulic-cylinder-product-1-1-300x87.png 300w\" sizes=\"(max-width: 475px) 100vw, 475px\" \/><\/td>\n<\/tr>\n<\/tbody>\n<\/table>\n<table style=\"height: 95px; width: 931px;\" border=\"1\" cellspacing=\"0\" cellpadding=\"0\">\n<tbody>\n<tr style=\"height: 47px;\">\n<td style=\"height: 47px; width: 124.137px;\">Cylindernavn<\/td>\n<td style=\"height: 47px; width: 182.712px;\">tegningsnummer<\/td>\n<td style=\"height: 47px; width: 74.2125px;\">boringsdiameter (D)<\/td>\n<td style=\"height: 47px; width: 63.6375px;\">stangdiameter (d)<\/td>\n<td style=\"height: 47px; width: 69.75px;\">slagtilf\u00e6lde (S)<\/td>\n<td style=\"height: 47px; width: 90.0875px;\">Installationsafstand (L)<\/td>\n<td style=\"height: 47px; width: 92.5625px;\">arbejdstryk<\/td>\n<td style=\"height: 47px; width: 148.925px;\">Gr\u00e6nsefladedimensioner (M)<\/td>\n<td style=\"height: 47px; width: 68.975px;\">v\u00e6gt<\/td>\n<\/tr>\n<tr style=\"height: 48px;\">\n<td class=\"et3\" style=\"height: 48px; width: 124.137px;\" height=\"325\">Short lifting cylinder<\/td>\n<td style=\"width: 182.712px;\">RC25N480-800000-000A<\/td>\n<td style=\"width: 74.2125px;\">\u03a675<\/td>\n<td style=\"width: 63.6375px;\">\u03a660<\/td>\n<td style=\"width: 69.75px;\">800<\/td>\n<td style=\"width: 90.0875px;\">1065<\/td>\n<td style=\"width: 92.5625px;\">18,1 MPa<\/td>\n<td style=\"width: 148.925px;\">M22*1,5<\/td>\n<td style=\"width: 68.975px;\">36 kg<\/td>\n<\/tr>\n<tr>\n<td style=\"width: 124.137px;\">Short lifting cylinder<\/td>\n<td style=\"width: 182.712px;\">X35N480-800000-001A<\/td>\n<td style=\"width: 74.2125px;\">\u03a695<\/td>\n<td style=\"width: 63.6375px;\">\u03a680<\/td>\n<td style=\"width: 69.75px;\">800<\/td>\n<td style=\"width: 90.0875px;\">1065<\/td>\n<td style=\"width: 92.5625px;\">18,1 MPa<\/td>\n<td style=\"width: 148.925px;\">M22*1,5<\/td>\n<td style=\"width: 68.975px;\">48.7kg<\/td>\n<\/tr>\n<\/tbody>\n<\/table>\n<table>\n<tbody>\n<tr>\n<td><img loading=\"lazy\" decoding=\"async\" class=\"alignnone wp-image-656 size-full\" src=\"https:\/\/hydraulic-cylinders.net\/wp-content\/uploads\/2023\/08\/short-lifting-hydraulic-cylinder-product-2-1.webp\" alt=\"\" width=\"451\" height=\"358\" srcset=\"https:\/\/www.hydraulic-cylinders.net\/wp-content\/uploads\/2023\/08\/short-lifting-hydraulic-cylinder-product-2-1.webp 451w, https:\/\/www.hydraulic-cylinders.net\/wp-content\/uploads\/2023\/08\/short-lifting-hydraulic-cylinder-product-2-1-300x238.webp 300w\" sizes=\"(max-width: 451px) 100vw, 451px\" \/><\/td>\n<td><img loading=\"lazy\" decoding=\"async\" class=\"alignnone wp-image-657 size-full\" src=\"https:\/\/hydraulic-cylinders.net\/wp-content\/uploads\/2023\/08\/short-lifting-hydraulic-cylinder-product-2-1-1.webp\" alt=\"\" width=\"475\" height=\"223\" srcset=\"https:\/\/www.hydraulic-cylinders.net\/wp-content\/uploads\/2023\/08\/short-lifting-hydraulic-cylinder-product-2-1-1.webp 475w, https:\/\/www.hydraulic-cylinders.net\/wp-content\/uploads\/2023\/08\/short-lifting-hydraulic-cylinder-product-2-1-1-300x141.webp 300w\" sizes=\"(max-width: 475px) 100vw, 475px\" \/><\/td>\n<\/tr>\n<\/tbody>\n<\/table>\n<table style=\"height: 101px; width: 938px;\" border=\"1\" cellspacing=\"0\" cellpadding=\"0\">\n<tbody>\n<tr style=\"height: 47px;\">\n<td style=\"height: 47px; width: 122px;\">Cylindernavn<\/td>\n<td style=\"height: 47px; width: 155px;\">tegningsnummer<\/td>\n<td style=\"height: 47px; width: 80px;\">boringsdiameter (D)<\/td>\n<td style=\"height: 47px; width: 79px;\">stangdiameter (d)<\/td>\n<td style=\"height: 47px; width: 65px;\">slagtilf\u00e6lde (S)<\/td>\n<td style=\"height: 47px; width: 104px;\">Installationsafstand (L)<\/td>\n<td style=\"height: 47px; width: 96px;\">arbejdstryk<\/td>\n<td style=\"height: 47px; width: 177px;\">Gr\u00e6nsefladedimensioner (M)<\/td>\n<td style=\"height: 47px; width: 60px;\">v\u00e6gt<\/td>\n<\/tr>\n<tr style=\"height: 54px;\">\n<td class=\"et3\" style=\"height: 54px; width: 122px;\" height=\"325\">Short lifting cylinder<\/td>\n<td style=\"width: 155px;\" width=\"270\">N30N450-800000-002A<\/td>\n<td style=\"width: 80px;\" width=\"102\">\u03a685<\/td>\n<td style=\"width: 79px;\" width=\"99\">\u03a670<\/td>\n<td style=\"width: 65px;\" width=\"91\">777<\/td>\n<td style=\"width: 104px;\" width=\"136\">1015<\/td>\n<td style=\"width: 96px;\" width=\"138\">18,1 MPa<\/td>\n<td style=\"width: 177px;\" width=\"294\">M22*1,5<\/td>\n<td style=\"width: 60px;\" width=\"78\">45.5kg<\/td>\n<\/tr>\n<tr>\n<td style=\"width: 122px;\">Short lifting cylinder<\/td>\n<td style=\"width: 155px;\">3U3H-800000-001A<\/td>\n<td style=\"width: 80px;\">\u03a685<\/td>\n<td style=\"width: 79px;\">\u03a670<\/td>\n<td style=\"width: 65px;\">777<\/td>\n<td style=\"width: 104px;\">1015<\/td>\n<td style=\"width: 96px;\">18,1 MPa<\/td>\n<td style=\"width: 177px;\">M22*1,5<\/td>\n<td style=\"width: 60px;\">45.5kg<\/td>\n<\/tr>\n<tr>\n<td style=\"width: 122px;\">Short lifting cylinder<\/td>\n<td style=\"width: 155px;\">N35N450-800000-003A<\/td>\n<td style=\"width: 80px;\">\u03a695<\/td>\n<td style=\"width: 79px;\">\u03a680<\/td>\n<td style=\"width: 65px;\">775<\/td>\n<td style=\"width: 104px;\">1013<\/td>\n<td style=\"width: 96px;\">18,1 MPa<\/td>\n<td style=\"width: 177px;\">M22*1,5<\/td>\n<td style=\"width: 60px;\">54kg<\/td>\n<\/tr>\n<\/tbody>\n<\/table>\n<h2><strong>Unlock Efficiency and Precision with the Hydraulic Cylinder:<\/strong><\/h2>\n<p>Experience the true power of hydraulic technology with the Hydraulic Cylinder. This remarkable device is designed to deliver precision and reliability in a wide range of applications. From industrial machinery to construction equipment, the Hydraulic Cylinder is the key to optimizing performance and achieving outstanding results. Discover how this powerful tool can revolutionize your operations.<\/p>\n<ul>\n<li><strong>Pr\u00e6cisionsteknik<\/strong>: The Hydraulic Cylinder is meticulously engineered to provide precise control over movement and force. With its advanced design and high-quality construction, it ensures accurate and repeatable performance, allowing you to achieve the desired results with exceptional precision.<\/li>\n<li><strong>Enhanced Efficiency<\/strong>: Say goodbye to inefficiencies and uneven performance. The Hydraulic Cylinder optimizes the utilization of hydraulic power, maximizing efficiency and productivity. Experience smooth and controlled movements that reduce energy waste and enhance overall system performance.<\/li>\n<\/ul>\n<h2><strong>Fabrikkens kapacitet og kapacitet:<\/strong><\/h2>\n<h3><strong>(1) Samling<\/strong><\/h3>\n<p>Vores anl\u00e6g kan prale af en uafh\u00e6ngig forsknings- og udviklingsplatform i topklasse, der er dedikeret til produktion af hydrauliske cylindre. Vi driver fire halvautomatiske l\u00f8ftecylindre-monteringslinjer og en fuldautomatisk vippecylindre-monteringslinje med en imponerende \u00e5rlig produktionskapacitet p\u00e5 1 million cylindre.<img loading=\"lazy\" decoding=\"async\" class=\"aligncenter wp-image-626\" src=\"https:\/\/hydraulic-cylinders.net\/wp-content\/uploads\/2023\/08\/hydraulic-cylinder-product-1-300x158.webp\" alt=\"\" width=\"500\" height=\"263\" srcset=\"https:\/\/hydraulic-cylinders.net\/wp-content\/uploads\/2023\/08\/hydraulic-cylinder-product-1-300x158.webp 500w, https:\/\/hydraulic-cylinders.net\/wp-content\/uploads\/2023\/08\/hydraulic-cylinder-product-1-480x252.webp 480w\" sizes=\"(min-width: 0px) and (max-width: 480px) 480px, (min-width: 481px) 500px, 100vw\" \/><\/p>\n<p>I vores specialiserede cylinderv\u00e6rksted anvender vi et halvautomatisk reng\u00f8ringssystem, der er designet til forskellige specifikationer og kan producere 200.000 cylindre \u00e5rligt. Vores v\u00e6rksted er udstyret med avanceret CNC-bearbejdningsudstyr, et bearbejdningscenter, h\u00f8jpr\u00e6cisionsv\u00e6rkt\u00f8jer til cylinderbearbejdning, robotsvejsemaskiner, automatiske reng\u00f8ringssystemer og en automatiseret cylindermonteringslinje. Derudover har vi en fuldautomatisk produktionslinje til maling.<\/p>\n<p>Med over 300 kritiske enheder sikrer vores optimale ressourceallokering, at vi opfylder de strenge n\u00f8jagtigheds- og kvalitetsstandarder, som vores kunder kr\u00e6ver. Denne forpligtelse til effektivitet og pr\u00e6cision positionerer os som f\u00f8rende inden for hydrauliske cylinderindustrien.<\/p>\n<p><img loading=\"lazy\" decoding=\"async\" class=\"aligncenter wp-image-627\" src=\"https:\/\/hydraulic-cylinders.net\/wp-content\/uploads\/2023\/08\/hydraulic-cylinder-product-2-300x189.webp\" alt=\"\" width=\"500\" height=\"315\" srcset=\"https:\/\/hydraulic-cylinders.net\/wp-content\/uploads\/2023\/08\/hydraulic-cylinder-product-2-300x189.webp 500w, https:\/\/hydraulic-cylinders.net\/wp-content\/uploads\/2023\/08\/hydraulic-cylinder-product-2-480x302.webp 480w\" sizes=\"(min-width: 0px) and (max-width: 480px) 480px, (min-width: 481px) 500px, 100vw\" \/><\/p>\n<h3><strong>(2) Maskinbearbejdning<\/strong><\/h3>\n<p>Vores maskinv\u00e6rksted har topmoderne udstyr, herunder et specialfremstillet drejecenter til skr\u00e5 skinner, et pr\u00e6cisionsbearbejdningscenter, en h\u00f8jhastigheds-honemaskine og avancerede svejserobotter. Denne sofistikerede ops\u00e6tning g\u00f8r det muligt for os effektivt at bearbejde cylinderr\u00f8r med en maksimal indre diameter p\u00e5 400 mm og en l\u00e6ngde p\u00e5 op til 6 meter.<\/p>\n<p><img loading=\"lazy\" decoding=\"async\" class=\"wp-image-628 size-large aligncenter\" src=\"https:\/\/hydraulic-cylinders.net\/wp-content\/uploads\/2023\/08\/hydraulic-cylinder-product-3-1024x391.webp\" alt=\"\" width=\"1024\" height=\"391\" srcset=\"https:\/\/hydraulic-cylinders.net\/wp-content\/uploads\/2023\/08\/hydraulic-cylinder-product-3-980x374.webp 980w, https:\/\/hydraulic-cylinders.net\/wp-content\/uploads\/2023\/08\/hydraulic-cylinder-product-3-480x183.webp 480w\" sizes=\"(min-width: 0px) and (max-width: 480px) 480px, (min-width: 481px) and (max-width: 980px) 980px, (min-width: 981px) 1024px, 100vw\" \/><\/p>\n<p>Med vores banebrydende teknologi sikrer vi bearbejdning af h\u00f8j kvalitet, der opfylder de forskellige behov inden for produktion af hydrauliske cylindre.<\/p>\n<h3><strong>(3) Svejsning<\/strong><\/h3>\n<p><img loading=\"lazy\" decoding=\"async\" class=\"wp-image-629 size-large aligncenter\" src=\"https:\/\/hydraulic-cylinders.net\/wp-content\/uploads\/2023\/08\/hydraulic-cylinder-product-4-1024x510.webp\" alt=\"\" width=\"1024\" height=\"510\" srcset=\"https:\/\/hydraulic-cylinders.net\/wp-content\/uploads\/2023\/08\/hydraulic-cylinder-product-4-980x488.webp 980w, https:\/\/hydraulic-cylinders.net\/wp-content\/uploads\/2023\/08\/hydraulic-cylinder-product-4-480x239.webp 480w\" sizes=\"(min-width: 0px) and (max-width: 480px) 480px, (min-width: 481px) and (max-width: 980px) 980px, (min-width: 981px) 1024px, 100vw\" \/><\/p>\n<h3><strong>(4) Maling og overfladebehandling<\/strong><\/h3>\n<p><img loading=\"lazy\" decoding=\"async\" class=\"wp-image-630 aligncenter\" src=\"https:\/\/hydraulic-cylinders.net\/wp-content\/uploads\/2023\/08\/hydraulic-cylinder-product-5-300x213.webp\" alt=\"\" width=\"500\" height=\"355\" \/><\/p>\n<p>Vores anl\u00e6g har avancerede automatiske vandbaserede malingslinjer, der er specielt designet til sm\u00e5 og mellemstore cylindre. Disse linjer bruger robotteknologi til effektiv p\u00e5fyldning, afl\u00e6sning og spr\u00f8jtning, hvilket opn\u00e5r en bem\u00e6rkelsesv\u00e6rdig produktionskapacitet p\u00e5 4.000 stykker pr. skift.<\/p>\n<p><img loading=\"lazy\" decoding=\"async\" class=\"wp-image-631 aligncenter\" src=\"https:\/\/hydraulic-cylinders.net\/wp-content\/uploads\/2023\/08\/hydraulic-cylinder-product-6-300x225.webp\" alt=\"\" width=\"500\" height=\"375\" srcset=\"https:\/\/hydraulic-cylinders.net\/wp-content\/uploads\/2023\/08\/hydraulic-cylinder-product-6-300x225.webp 500w, https:\/\/hydraulic-cylinders.net\/wp-content\/uploads\/2023\/08\/hydraulic-cylinder-product-6-480x360.webp 480w\" sizes=\"(min-width: 0px) and (max-width: 480px) 480px, (min-width: 481px) 500px, 100vw\" \/><\/p>\n<p>Derudover driver vi en halvautomatisk produktionslinje til maling af store cylindre, drevet af en robust str\u00f8mk\u00e6de, med en designkapacitet p\u00e5 60 kasser pr. skift. Denne kombination af automatisering og effektivitet sikrer finish af h\u00f8j kvalitet for alle vores hydrauliske cylindre.<\/p>\n<h3><strong>(5) Testning<\/strong><\/h3>\n<p>Vi har f\u00f8rsteklasses inspektionsfaciliteter og testb\u00e6nke for at sikre, at cylinderens ydeevne opfylder kravene.<\/p>\n<p><img loading=\"lazy\" decoding=\"async\" class=\"wp-image-632 aligncenter\" src=\"https:\/\/hydraulic-cylinders.net\/wp-content\/uploads\/2023\/08\/hydraulic-cylinder-product-8-300x200.webp\" alt=\"\" width=\"389\" height=\"260\" \/><\/p>\n<p>Vi er en anerkendt producent af <a href=\"https:\/\/hzpt.com\/mobile-machinery-hydraulic-cylinder\/\" target=\"_blank\" rel=\"noopener\">hydrauliske cylindre<\/a>, anerkendt som en af \u200b\u200bde bedste i branchen. Vores omfattende produktsortiment omfatter et bredt udvalg af hydrauliske cylindre, der er skr\u00e6ddersyet til at im\u00f8dekomme forskellige anvendelser. Ud over hydrauliske cylindre tilbyder vi ogs\u00e5 landbrugsgearkasser af h\u00f8j kvalitet, hvilket sikrer, at vores kunder har adgang til omfattende l\u00f8sninger til deres maskinbehov.<\/p>\n<p>Med en forpligtelse til ekspertise har vi med succes eksporteret vores produkter til kunder over hele verden og opbygget et st\u00e6rkt ry for overlegen produktkvalitet og exceptionel eftersalgsservice. Vores dedikation til kundetilfredshed har positioneret os som en betroet partner p\u00e5 b\u00e5de indenlandske og internationale markeder.<\/p>\n<h2><strong>Hvorfor v\u00e6lge os?<\/strong><\/h2>\n<p><img loading=\"lazy\" decoding=\"async\" class=\"size-full wp-image-7201 aligncenter\" src=\"https:\/\/www.hydraulic-cylinders.net\/wp-content\/uploads\/2024\/09\/mining-dump-steering-cylinder-hydraulics-on-trucks-8.webp\" alt=\"\" width=\"1110\" height=\"735\" srcset=\"https:\/\/www.hydraulic-cylinders.net\/wp-content\/uploads\/2024\/09\/mining-dump-steering-cylinder-hydraulics-on-trucks-8.webp 1110w, https:\/\/www.hydraulic-cylinders.net\/wp-content\/uploads\/2024\/09\/mining-dump-steering-cylinder-hydraulics-on-trucks-8-980x649.webp 980w, https:\/\/www.hydraulic-cylinders.net\/wp-content\/uploads\/2024\/09\/mining-dump-steering-cylinder-hydraulics-on-trucks-8-480x318.webp 480w\" sizes=\"(min-width: 0px) and (max-width: 480px) 480px, (min-width: 481px) and (max-width: 980px) 980px, (min-width: 981px) 1110px, 100vw\" \/><\/p>\n<p><strong>Professionel ekspertise:<\/strong> Vores team best\u00e5r af branchefolk med omfattende viden og erfaring inden for hydrauliske systemer, hvilket sikrer, at vi leverer produkter og tjenester i topklasse.<\/p>\n<p><strong>Internationale certificeringer:<\/strong> Vi overholder strenge kvalitetsstandarder og har forskellige internationale certificeringer, hvilket demonstrerer vores engagement i at levere p\u00e5lidelige og sikre hydrauliske l\u00f8sninger.<\/p>\n<p><strong>Tilpassede l\u00f8sninger:<\/strong> Vi forst\u00e5r, at hver kundes behov er unikke. Derfor tilbyder vi skr\u00e6ddersyede hydrauliske cylindre og gearkasser, der er skr\u00e6ddersyet til at opfylde specifikke krav.<\/p>\n<p><strong>Avanceret produktionsudstyr:<\/strong> Vores topmoderne produktionsfaciliteter anvender den nyeste teknologi og udstyr, hvilket g\u00f8r os i stand til at producere produkter af h\u00f8j kvalitet effektivt.<\/p>\n<p><strong>Omfattende eftersalgssupport:<\/strong> Vores engagement over for vores kunder r\u00e6kker ud over salget. Vi tilbyder l\u00f8bende support og vedligeholdelse for at sikre optimal ydeevne for vores produkter.<\/p>\n<p>Vi inviterer kunder fra hele verden til at kontakte os for forretningsforhandlinger, informationsudveksling og samarbejdsmuligheder. Sammen kan vi opn\u00e5 st\u00f8rre succes i hydraulikindustrien!<\/p>","protected":false},"excerpt":{"rendered":"<p>Forklift Short Lifting Hydraulic Cylinder The Short Forklift Lift Cylinder is designed to tackle short lifting tasks effortlessly, delivering the power and precision needed to optimize your material handling operations. Featuring a robust design, this hydraulic cylinder can withstand heavy loads, frequent use, and challenging operating conditions. Built for durability, it ensures reliable performance while [&hellip;]<\/p>","protected":false},"featured_media":658,"comment_status":"open","ping_status":"closed","template":"","meta":{"_et_pb_use_builder":"","_et_pb_old_content":"","_et_gb_content_width":""},"product_brand":[],"product_cat":[1484,1549],"product_tag":[1380],"class_list":{"0":"post-652","1":"product","2":"type-product","3":"status-publish","4":"has-post-thumbnail","6":"product_cat-forklift-hydraulic-cylinders","7":"product_cat-single-acting-hydraulic-cylinder","8":"product_tag-hydraulic-cylinder","10":"first","11":"instock","12":"shipping-taxable","13":"product-type-simple"},"amp_enabled":true,"_links":{"self":[{"href":"https:\/\/www.hydraulic-cylinders.net\/da\/wp-json\/wp\/v2\/product\/652","targetHints":{"allow":["GET"]}}],"collection":[{"href":"https:\/\/www.hydraulic-cylinders.net\/da\/wp-json\/wp\/v2\/product"}],"about":[{"href":"https:\/\/www.hydraulic-cylinders.net\/da\/wp-json\/wp\/v2\/types\/product"}],"replies":[{"embeddable":true,"href":"https:\/\/www.hydraulic-cylinders.net\/da\/wp-json\/wp\/v2\/comments?post=652"}],"wp:featuredmedia":[{"embeddable":true,"href":"https:\/\/www.hydraulic-cylinders.net\/da\/wp-json\/wp\/v2\/media\/658"}],"wp:attachment":[{"href":"https:\/\/www.hydraulic-cylinders.net\/da\/wp-json\/wp\/v2\/media?parent=652"}],"wp:term":[{"taxonomy":"product_brand","embeddable":true,"href":"https:\/\/www.hydraulic-cylinders.net\/da\/wp-json\/wp\/v2\/product_brand?post=652"},{"taxonomy":"product_cat","embeddable":true,"href":"https:\/\/www.hydraulic-cylinders.net\/da\/wp-json\/wp\/v2\/product_cat?post=652"},{"taxonomy":"product_tag","embeddable":true,"href":"https:\/\/www.hydraulic-cylinders.net\/da\/wp-json\/wp\/v2\/product_tag?post=652"}],"curies":[{"name":"wp","href":"https:\/\/api.w.org\/{rel}","templated":true}]}}