{"id":659,"date":"2023-08-21T03:11:05","date_gmt":"2023-08-21T03:11:05","guid":{"rendered":"https:\/\/hydraulic-cylinders.net\/?post_type=product&#038;p=659"},"modified":"2025-04-11T03:15:45","modified_gmt":"2025-04-11T03:15:45","slug":"forklift-distance-adjustment-hydraulic-cylinder","status":"publish","type":"product","link":"https:\/\/www.hydraulic-cylinders.net\/da\/vare\/forklift-distance-adjustment-hydraulic-cylinder\/","title":{"rendered":"Hydraulisk cylinder til afstandsjustering af gaffeltruck"},"content":{"rendered":"<h1 style=\"text-align: center;\"><strong>Hydraulisk cylinder til afstandsjustering af gaffeltruck<\/strong><\/h1>\n<p><img loading=\"lazy\" decoding=\"async\" class=\"aligncenter wp-image-660\" src=\"https:\/\/hydraulic-cylinders.net\/wp-content\/uploads\/2023\/08\/distance-ajustment-hydraulic-cylinder-product-4-300x300.webp\" alt=\"distance-adjustment-hydraulic-cylinder-product\" width=\"400\" height=\"400\" \/><\/p>\n<p>The forklift distance adjustment hydraulic cylinder, a versatile solution designed to enhance the reach and precision of forklift operations. This hydraulic cylinder allows for convenient and efficient adjustment of the forks&#8217; distance, enabling operators to handle different load sizes and adapt to varying warehouse layouts with ease.<\/p>\n<p>The hydraulic system of the forklift distance adjustment cylinder guarantees smooth and controlled movement during distance adjustment. Operators can achieve precise positioning without jarring or sudden movements, ensuring stable load handling and operator comfort.<\/p>\n<p>Built to withstand the rigors of daily forklift operations, this hydraulic cylinder features a robust construction that resists wear, corrosion, and damage. It is designed to endure heavy loads, frequent adjustment cycles, and challenging working conditions, providing reliable performance in even the most demanding environments.<\/p>\n<h2><strong>Forklift Distance Adjustment Hydraulic Cylinder Parameter:<\/strong><\/h2>\n<table>\n<tbody>\n<tr>\n<td><img loading=\"lazy\" decoding=\"async\" class=\"alignnone wp-image-661 size-full\" src=\"https:\/\/hydraulic-cylinders.net\/wp-content\/uploads\/2023\/08\/distance-ajustment-hydraulic-cylinder-product-1.webp\" alt=\"\" width=\"333\" height=\"211\" srcset=\"https:\/\/www.hydraulic-cylinders.net\/wp-content\/uploads\/2023\/08\/distance-ajustment-hydraulic-cylinder-product-1.webp 333w, https:\/\/www.hydraulic-cylinders.net\/wp-content\/uploads\/2023\/08\/distance-ajustment-hydraulic-cylinder-product-1-300x190.webp 300w\" sizes=\"(max-width: 333px) 100vw, 333px\" \/><\/td>\n<td><img loading=\"lazy\" decoding=\"async\" class=\"alignnone wp-image-662 size-full\" src=\"https:\/\/hydraulic-cylinders.net\/wp-content\/uploads\/2023\/08\/distance-ajustment-hydraulic-cylinder-product-1-1.webp\" alt=\"\" width=\"475\" height=\"148\" srcset=\"https:\/\/www.hydraulic-cylinders.net\/wp-content\/uploads\/2023\/08\/distance-ajustment-hydraulic-cylinder-product-1-1.webp 475w, https:\/\/www.hydraulic-cylinders.net\/wp-content\/uploads\/2023\/08\/distance-ajustment-hydraulic-cylinder-product-1-1-300x93.webp 300w\" sizes=\"(max-width: 475px) 100vw, 475px\" \/><\/td>\n<\/tr>\n<\/tbody>\n<\/table>\n<table style=\"height: 95px; width: 938px;\" border=\"1\" cellspacing=\"0\" cellpadding=\"0\">\n<tbody>\n<tr style=\"height: 47px;\">\n<td style=\"height: 47px; width: 144.462px;\">Cylindernavn<\/td>\n<td style=\"height: 47px; width: 114.363px;\">tegningsnummer<\/td>\n<td style=\"height: 47px; width: 90.2875px;\">boringsdiameter (D)<\/td>\n<td style=\"height: 47px; width: 78.25px;\">stangdiameter (d)<\/td>\n<td style=\"height: 47px; width: 64.2px;\">slagtilf\u00e6lde (S)<\/td>\n<td style=\"height: 47px; width: 102.325px;\">Installationsafstand (L)<\/td>\n<td style=\"height: 47px; width: 95.3px;\">arbejdstryk<\/td>\n<td style=\"height: 47px; width: 173.55px;\">Gr\u00e6nsefladedimensioner (M)<\/td>\n<td style=\"height: 47px; width: 59.2625px;\">v\u00e6gt<\/td>\n<\/tr>\n<tr style=\"height: 48px;\">\n<td class=\"et3\" style=\"height: 48px; width: 144.462px;\" height=\"325\">Distance adjustment cylinder<\/td>\n<td style=\"width: 114.363px;\">3CS17G-30-00T4<\/td>\n<td style=\"width: 90.2875px;\">\u03a650<\/td>\n<td style=\"width: 78.25px;\">\u03a625<\/td>\n<td style=\"width: 64.2px;\">295<\/td>\n<td style=\"width: 102.325px;\">503<\/td>\n<td style=\"width: 95.3px;\">16 MPa<\/td>\n<td style=\"width: 173.55px;\">2-M16*1,5<\/td>\n<td style=\"width: 59.2625px;\">7kg<\/td>\n<\/tr>\n<\/tbody>\n<\/table>\n<table>\n<tbody>\n<tr>\n<td><img loading=\"lazy\" decoding=\"async\" class=\"alignnone wp-image-663 size-full\" src=\"https:\/\/hydraulic-cylinders.net\/wp-content\/uploads\/2023\/08\/distance-ajustment-hydraulic-cylinder-product-2.webp\" alt=\"\" width=\"333\" height=\"214\" srcset=\"https:\/\/www.hydraulic-cylinders.net\/wp-content\/uploads\/2023\/08\/distance-ajustment-hydraulic-cylinder-product-2.webp 333w, https:\/\/www.hydraulic-cylinders.net\/wp-content\/uploads\/2023\/08\/distance-ajustment-hydraulic-cylinder-product-2-300x193.webp 300w\" sizes=\"(max-width: 333px) 100vw, 333px\" \/><\/td>\n<td><img loading=\"lazy\" decoding=\"async\" class=\"alignnone wp-image-664 size-full\" src=\"https:\/\/hydraulic-cylinders.net\/wp-content\/uploads\/2023\/08\/distance-ajustment-hydraulic-cylinder-product-2-1.webp\" alt=\"\" width=\"475\" height=\"158\" srcset=\"https:\/\/www.hydraulic-cylinders.net\/wp-content\/uploads\/2023\/08\/distance-ajustment-hydraulic-cylinder-product-2-1.webp 475w, https:\/\/www.hydraulic-cylinders.net\/wp-content\/uploads\/2023\/08\/distance-ajustment-hydraulic-cylinder-product-2-1-300x100.webp 300w\" sizes=\"(max-width: 475px) 100vw, 475px\" \/><\/td>\n<\/tr>\n<\/tbody>\n<\/table>\n<table style=\"height: 101px; width: 938px;\" border=\"1\" cellspacing=\"0\" cellpadding=\"0\">\n<tbody>\n<tr style=\"height: 47px;\">\n<td style=\"height: 47px; width: 156.5px;\">Cylindernavn<\/td>\n<td style=\"height: 47px; width: 114.363px;\">tegningsnummer<\/td>\n<td style=\"height: 47px; width: 79.25px;\">boringsdiameter (D)<\/td>\n<td style=\"height: 47px; width: 78.25px;\">stangdiameter (d)<\/td>\n<td style=\"height: 47px; width: 63.2px;\">slagtilf\u00e6lde (S)<\/td>\n<td style=\"height: 47px; width: 102.325px;\">Installationsafstand (L)<\/td>\n<td style=\"height: 47px; width: 94.3px;\">arbejdstryk<\/td>\n<td style=\"height: 47px; width: 174.562px;\">Gr\u00e6nsefladedimensioner (M)<\/td>\n<td style=\"height: 47px; width: 59.25px;\">v\u00e6gt<\/td>\n<\/tr>\n<tr style=\"height: 54px;\">\n<td class=\"et3\" style=\"height: 54px; width: 156.5px;\" height=\"325\">Distance adjustment cylinder<\/td>\n<td style=\"width: 114.363px;\">7B3-303000-00TA<\/td>\n<td style=\"width: 79.25px;\">\u03a650<\/td>\n<td style=\"width: 78.25px;\">\u03a628<\/td>\n<td style=\"width: 63.2px;\">750<\/td>\n<td style=\"width: 102.325px;\">1040<\/td>\n<td style=\"width: 94.3px;\">18 MPa<\/td>\n<td style=\"width: 174.562px;\">M14*1.5;M16*1.5<\/td>\n<td style=\"width: 59.25px;\">14kg<\/td>\n<\/tr>\n<\/tbody>\n<\/table>\n<table>\n<tbody>\n<tr>\n<td><img loading=\"lazy\" decoding=\"async\" class=\"alignnone wp-image-665 size-full\" src=\"https:\/\/hydraulic-cylinders.net\/wp-content\/uploads\/2023\/08\/distance-ajustment-hydraulic-cylinder-product-3.webp\" alt=\"\" width=\"333\" height=\"214\" srcset=\"https:\/\/www.hydraulic-cylinders.net\/wp-content\/uploads\/2023\/08\/distance-ajustment-hydraulic-cylinder-product-3.webp 333w, https:\/\/www.hydraulic-cylinders.net\/wp-content\/uploads\/2023\/08\/distance-ajustment-hydraulic-cylinder-product-3-300x193.webp 300w\" sizes=\"(max-width: 333px) 100vw, 333px\" \/><\/td>\n<td><img loading=\"lazy\" decoding=\"async\" class=\"alignnone wp-image-666 size-full\" src=\"https:\/\/hydraulic-cylinders.net\/wp-content\/uploads\/2023\/08\/distance-ajustment-hydraulic-cylinder-product-3-1.webp\" alt=\"\" width=\"475\" height=\"154\" srcset=\"https:\/\/www.hydraulic-cylinders.net\/wp-content\/uploads\/2023\/08\/distance-ajustment-hydraulic-cylinder-product-3-1.webp 475w, https:\/\/www.hydraulic-cylinders.net\/wp-content\/uploads\/2023\/08\/distance-ajustment-hydraulic-cylinder-product-3-1-300x97.webp 300w\" sizes=\"(max-width: 475px) 100vw, 475px\" \/><\/td>\n<\/tr>\n<\/tbody>\n<\/table>\n<table style=\"height: 98px; width: 938px;\" border=\"1\" cellspacing=\"0\" cellpadding=\"0\">\n<tbody>\n<tr style=\"height: 47px;\">\n<td style=\"height: 47px; width: 150.887px;\">Cylindernavn<\/td>\n<td style=\"height: 47px; width: 119.35px;\">tegningsnummer<\/td>\n<td style=\"height: 47px; width: 79.0625px;\">boringsdiameter (D)<\/td>\n<td style=\"height: 47px; width: 78.1px;\">stangdiameter (d)<\/td>\n<td style=\"height: 47px; width: 64.0125px;\">slagtilf\u00e6lde (S)<\/td>\n<td style=\"height: 47px; width: 102.65px;\">Installationsafstand (L)<\/td>\n<td style=\"height: 47px; width: 95.45px;\">arbejdstryk<\/td>\n<td style=\"height: 47px; width: 173.137px;\">Gr\u00e6nsefladedimensioner (M)<\/td>\n<td style=\"height: 47px; width: 59.35px;\">v\u00e6gt<\/td>\n<\/tr>\n<tr style=\"height: 54px;\">\n<td class=\"et3\" style=\"height: 54px; width: 150.887px;\" height=\"325\">Distance adjustment cylinder<\/td>\n<td style=\"width: 119.35px;\">5CS17-40-00Z<\/td>\n<td style=\"width: 79.0625px;\">\u03a650<\/td>\n<td style=\"width: 78.1px;\">\u03a625<\/td>\n<td style=\"width: 64.0125px;\">619<\/td>\n<td style=\"width: 102.65px;\">889<\/td>\n<td style=\"width: 95.45px;\">15MPa<\/td>\n<td style=\"width: 173.137px;\">M14*1.5<\/td>\n<td style=\"width: 59.35px;\">13 kg<\/td>\n<\/tr>\n<\/tbody>\n<\/table>\n<table>\n<tbody>\n<tr>\n<td><img loading=\"lazy\" decoding=\"async\" class=\"alignnone wp-image-667 size-medium\" src=\"https:\/\/hydraulic-cylinders.net\/wp-content\/uploads\/2023\/08\/distance-ajustment-hydraulic-cylinder-product-4-1-300x228.webp\" alt=\"\" width=\"300\" height=\"228\" \/><\/td>\n<td><img loading=\"lazy\" decoding=\"async\" class=\"alignnone wp-image-668 size-full\" src=\"https:\/\/hydraulic-cylinders.net\/wp-content\/uploads\/2023\/08\/distance-ajustment-hydraulic-cylinder-product-4-1-1.webp\" alt=\"\" width=\"475\" height=\"175\" srcset=\"https:\/\/www.hydraulic-cylinders.net\/wp-content\/uploads\/2023\/08\/distance-ajustment-hydraulic-cylinder-product-4-1-1.webp 475w, https:\/\/www.hydraulic-cylinders.net\/wp-content\/uploads\/2023\/08\/distance-ajustment-hydraulic-cylinder-product-4-1-1-300x111.webp 300w\" sizes=\"(max-width: 475px) 100vw, 475px\" \/><\/td>\n<\/tr>\n<\/tbody>\n<\/table>\n<table style=\"height: 98px; width: 919px;\" border=\"1\" cellspacing=\"0\" cellpadding=\"0\">\n<tbody>\n<tr style=\"height: 47px;\">\n<td style=\"height: 47px; width: 150px;\">Cylindernavn<\/td>\n<td style=\"height: 47px; width: 119px;\">tegningsnummer<\/td>\n<td style=\"height: 47px; width: 79px;\">boringsdiameter (D)<\/td>\n<td style=\"height: 47px; width: 78px;\">stangdiameter (d)<\/td>\n<td style=\"height: 47px; width: 64px;\">slagtilf\u00e6lde (S)<\/td>\n<td style=\"height: 47px; width: 102px;\">Installationsafstand (L)<\/td>\n<td style=\"height: 47px; width: 95px;\">arbejdstryk<\/td>\n<td style=\"height: 47px; width: 173px;\">Gr\u00e6nsefladedimensioner (M)<\/td>\n<td style=\"height: 47px; width: 59px;\">v\u00e6gt<\/td>\n<\/tr>\n<tr style=\"height: 54px;\">\n<td class=\"et3\" style=\"height: 54px; width: 150px;\" height=\"325\">Distance adjustment cylinder<\/td>\n<td style=\"width: 119px;\" width=\"270\">8M3-304000A-625<\/td>\n<td style=\"width: 79px;\" width=\"102\">\u03a663<\/td>\n<td style=\"width: 78px;\" width=\"99\">\u03a632<\/td>\n<td style=\"width: 64px;\" width=\"91\">855<\/td>\n<td style=\"width: 102px;\" width=\"136\">1174<\/td>\n<td style=\"width: 95px;\" width=\"138\">20 MPa<\/td>\n<td style=\"width: 173px;\" width=\"294\">2-M16*1,5<\/td>\n<td style=\"width: 59px;\" width=\"78\">22 kg<\/td>\n<\/tr>\n<\/tbody>\n<\/table>\n<table>\n<tbody>\n<tr>\n<td><img loading=\"lazy\" decoding=\"async\" class=\"alignnone wp-image-669 size-full\" src=\"https:\/\/hydraulic-cylinders.net\/wp-content\/uploads\/2023\/08\/distance-ajustment-hydraulic-cylinder-product-5.webp\" alt=\"\" width=\"333\" height=\"221\" srcset=\"https:\/\/www.hydraulic-cylinders.net\/wp-content\/uploads\/2023\/08\/distance-ajustment-hydraulic-cylinder-product-5.webp 333w, https:\/\/www.hydraulic-cylinders.net\/wp-content\/uploads\/2023\/08\/distance-ajustment-hydraulic-cylinder-product-5-300x199.webp 300w\" sizes=\"(max-width: 333px) 100vw, 333px\" \/><\/td>\n<td><img loading=\"lazy\" decoding=\"async\" class=\"alignnone wp-image-670 size-full\" src=\"https:\/\/hydraulic-cylinders.net\/wp-content\/uploads\/2023\/08\/distance-ajustment-hydraulic-cylinder-product-5-1.webp\" alt=\"\" width=\"475\" height=\"125\" srcset=\"https:\/\/www.hydraulic-cylinders.net\/wp-content\/uploads\/2023\/08\/distance-ajustment-hydraulic-cylinder-product-5-1.webp 475w, https:\/\/www.hydraulic-cylinders.net\/wp-content\/uploads\/2023\/08\/distance-ajustment-hydraulic-cylinder-product-5-1-300x79.webp 300w\" sizes=\"(max-width: 475px) 100vw, 475px\" \/><\/td>\n<\/tr>\n<\/tbody>\n<\/table>\n<table style=\"height: 98px; width: 919px;\" border=\"1\" cellspacing=\"0\" cellpadding=\"0\">\n<tbody>\n<tr style=\"height: 47px;\">\n<td style=\"height: 47px; width: 150px;\">Cylindernavn<\/td>\n<td style=\"height: 47px; width: 119px;\">tegningsnummer<\/td>\n<td style=\"height: 47px; width: 79px;\">boringsdiameter (D)<\/td>\n<td style=\"height: 47px; width: 78px;\">stangdiameter (d)<\/td>\n<td style=\"height: 47px; width: 64px;\">slagtilf\u00e6lde (S)<\/td>\n<td style=\"height: 47px; width: 102px;\">Installationsafstand (L)<\/td>\n<td style=\"height: 47px; width: 95px;\">arbejdstryk<\/td>\n<td style=\"height: 47px; width: 173px;\">Gr\u00e6nsefladedimensioner (M)<\/td>\n<td style=\"height: 47px; width: 59px;\">v\u00e6gt<\/td>\n<\/tr>\n<tr style=\"height: 54px;\">\n<td class=\"et3\" style=\"height: 54px; width: 150px;\" height=\"325\">Distance adjustment cylinder<\/td>\n<td style=\"width: 119px;\" width=\"270\">7B3-304000-00<\/td>\n<td style=\"width: 79px;\" width=\"102\">\u03a670<\/td>\n<td style=\"width: 78px;\" width=\"99\">\u03a630<\/td>\n<td style=\"width: 64px;\" width=\"91\">300<\/td>\n<td style=\"width: 102px;\" width=\"136\">536<\/td>\n<td style=\"width: 95px;\" width=\"138\">18 MPa<\/td>\n<td style=\"width: 173px;\" width=\"294\">2-M14*1,5<\/td>\n<td style=\"width: 59px;\" width=\"78\">13.5kg<\/td>\n<\/tr>\n<\/tbody>\n<\/table>\n<h2><strong>Unleash the Power of Durability with the Hydraulic Cylinder:<\/strong><\/h2>\n<p>When it comes to durability and longevity, the Hydraulic Cylinder stands out from the crowd. Crafted from top-quality materials and built to withstand the harshest conditions, this cylinder guarantees reliable performance even in the most demanding applications. Explore the exceptional features that make the Hydraulic Cylinder the ultimate choice for your hydraulic needs.<\/p>\n<ul>\n<li><strong>Robust konstruktion<\/strong>: With its robust design and heavy-duty materials, the Hydraulic Cylinder is engineered for strength and durability. It effortlessly handles high pressures and heavy loads, ensuring long-lasting performance and reliability even in rugged environments.<\/li>\n<li><strong>Resistance to Wear and Corrosion<\/strong>: Don&#8217;t let wear and corrosion slow you down. The Hydraulic Cylinder is resistant to the elements, protecting it from the damaging effects of moisture, contaminants, and harsh operating conditions. Count on this cylinder to endure and deliver exceptional results over time.<\/li>\n<\/ul>\n<h2><strong>Fabrikkens kapacitet og kapacitet:<\/strong><\/h2>\n<h3>(1) Samling<\/h3>\n<p>Vi har en f\u00f8rsteklasses uafh\u00e6ngig forsknings- og udviklingsplatform til montering. Vores v\u00e6rksted til produktion af gaffeltruckcylindre har 4 halvautomatiske l\u00f8ftecylindermonteringslinjer og 1 automatisk vippecylindermonteringslinje med en \u00e5rlig produktionskapacitet p\u00e5 1 million enheder. Vores specialcylinderv\u00e6rksted er udstyret med forskellige specifikationer for halvautomatisk reng\u00f8ringsmonteringssystem med en \u00e5rlig produktionskapacitet p\u00e5 200.000 enheder. Vi er udstyret med kendt CNC-bearbejdningsudstyr, bearbejdningscenter, specialudstyr til h\u00f8jpr\u00e6cisionscylinderbearbejdning, robotsvejsemaskine, automatisk reng\u00f8ringsmaskine, automatisk cylindermonteringsmaskine og automatisk malingsproduktionslinje. Vi har mere end 300 s\u00e6t n\u00f8gleudstyr. Optimal allokering og effektiv udnyttelse af udstyrsressourcerne sikrer produkternes n\u00f8jagtighedskrav og opfylder produkternes h\u00f8je kvalitetskrav.<\/p>\n<p><img loading=\"lazy\" decoding=\"async\" class=\"alignnone wp-image-626\" src=\"https:\/\/hydraulic-cylinders.net\/wp-content\/uploads\/2023\/08\/hydraulic-cylinder-product-1-300x158.webp\" alt=\"\" width=\"495\" height=\"260\" srcset=\"https:\/\/hydraulic-cylinders.net\/wp-content\/uploads\/2023\/08\/hydraulic-cylinder-product-1-300x158.webp 495w, https:\/\/hydraulic-cylinders.net\/wp-content\/uploads\/2023\/08\/hydraulic-cylinder-product-1-480x252.webp 480w\" sizes=\"(min-width: 0px) and (max-width: 480px) 480px, (min-width: 481px) 495px, 100vw\" \/> <img loading=\"lazy\" decoding=\"async\" class=\"alignnone wp-image-627\" src=\"https:\/\/hydraulic-cylinders.net\/wp-content\/uploads\/2023\/08\/hydraulic-cylinder-product-2-300x189.webp\" alt=\"\" width=\"413\" height=\"260\" \/><\/p>\n<h3>(2) Maskinbearbejdning<\/h3>\n<p>Bearbejdningsv\u00e6rkstedet er udstyret med et specialfremstillet drejecenter til skr\u00e5 skinner, bearbejdningscenter, h\u00f8jhastigheds-honemaskine, svejserobot og andet relateret udstyr, der kan h\u00e5ndtere bearbejdning af cylinderr\u00f8r med en maksimal indre diameter p\u00e5 400 mm og en maksimal l\u00e6ngde p\u00e5 6 meter.<\/p>\n<p><img loading=\"lazy\" decoding=\"async\" class=\"alignnone wp-image-628 size-large\" src=\"https:\/\/hydraulic-cylinders.net\/wp-content\/uploads\/2023\/08\/hydraulic-cylinder-product-3-1024x391.webp\" alt=\"\" width=\"1024\" height=\"391\" srcset=\"https:\/\/hydraulic-cylinders.net\/wp-content\/uploads\/2023\/08\/hydraulic-cylinder-product-3-980x374.webp 980w, https:\/\/hydraulic-cylinders.net\/wp-content\/uploads\/2023\/08\/hydraulic-cylinder-product-3-480x183.webp 480w\" sizes=\"(min-width: 0px) and (max-width: 480px) 480px, (min-width: 481px) and (max-width: 980px) 980px, (min-width: 981px) 1024px, 100vw\" \/><\/p>\n<h3>(3) Svejsning<\/h3>\n<p><img loading=\"lazy\" decoding=\"async\" class=\"alignnone wp-image-629 size-large\" src=\"https:\/\/hydraulic-cylinders.net\/wp-content\/uploads\/2023\/08\/hydraulic-cylinder-product-4-1024x510.webp\" alt=\"\" width=\"1024\" height=\"510\" srcset=\"https:\/\/hydraulic-cylinders.net\/wp-content\/uploads\/2023\/08\/hydraulic-cylinder-product-4-980x488.webp 980w, https:\/\/hydraulic-cylinders.net\/wp-content\/uploads\/2023\/08\/hydraulic-cylinder-product-4-480x239.webp 480w\" sizes=\"(min-width: 0px) and (max-width: 480px) 480px, (min-width: 481px) and (max-width: 980px) 980px, (min-width: 981px) 1024px, 100vw\" \/><\/p>\n<h3>(4) Maling og overfladebehandling<\/h3>\n<p>Med sm\u00e5 og mellemstore cylindrede automatiske vandbaserede malingsbel\u00e6gningslinjer, for at opn\u00e5 automatisk robotp\u00e5l\u00e6sning og -afl\u00e6sning samt automatisk spr\u00f8jtning, er den designm\u00e6ssige kapacitet p\u00e5 4000 stykker pr. skift;<br \/>\nVi har ogs\u00e5 en halvautomatisk produktionslinje til maling af store cylindre, drevet af en kabelk\u00e6de, med en designkapacitet p\u00e5 60 kasser pr. skift.<\/p>\n<p><img loading=\"lazy\" decoding=\"async\" class=\"alignnone wp-image-630\" src=\"https:\/\/hydraulic-cylinders.net\/wp-content\/uploads\/2023\/08\/hydraulic-cylinder-product-5-300x213.webp\" alt=\"\" width=\"366\" height=\"260\" \/> <img loading=\"lazy\" decoding=\"async\" class=\"alignnone wp-image-631\" src=\"https:\/\/hydraulic-cylinders.net\/wp-content\/uploads\/2023\/08\/hydraulic-cylinder-product-6-300x225.webp\" alt=\"\" width=\"347\" height=\"260\" \/><\/p>\n<h3>(5) Testning<\/h3>\n<p>Vi har f\u00f8rsteklasses inspektionsfaciliteter og testb\u00e6nke for at sikre, at cylinderens ydeevne opfylder kravene.<\/p>\n<p><img loading=\"lazy\" decoding=\"async\" class=\"alignnone wp-image-632\" src=\"https:\/\/hydraulic-cylinders.net\/wp-content\/uploads\/2023\/08\/hydraulic-cylinder-product-8-300x200.webp\" alt=\"\" width=\"389\" height=\"260\" \/><\/p>\n<p>&nbsp;<\/p>\n<p>&nbsp;<\/p>\n<p>Vi er en af \u200b\u200bde bedste producenter af hydrauliske cylindre. Vi kan tilbyde et bredt lager af hydrauliske cylindre. Vi leverer ogs\u00e5 tilsvarende <a href=\"https:\/\/hzpt.com\/agricultural-pto-gearbox\/\" target=\"_blank\" rel=\"noopener\">landbrugsgearkasser<\/a>Vi har eksporteret vores produkter til kunder over hele verden og har opn\u00e5et et godt ry p\u00e5 grund af vores overlegne produktkvalitet og eftersalgsservice. Vi byder kunder i b\u00e5de ind- og udland varmt velkommen til at kontakte os for at forhandle forretninger, udveksle information og\u00a0<a href=\"https:\/\/www.hydraulic-cylinders.net\/da\/contact-us\/\">samarbejde med os<\/a>!<\/p>","protected":false},"excerpt":{"rendered":"<p>Forklift Distance Adjustment Hydraulic Cylinder The forklift distance adjustment hydraulic cylinder, a versatile solution designed to enhance the reach and precision of forklift operations. This hydraulic cylinder allows for convenient and efficient adjustment of the forks&#8217; distance, enabling operators to handle different load sizes and adapt to varying warehouse layouts with ease. The hydraulic system [&hellip;]<\/p>","protected":false},"featured_media":671,"comment_status":"open","ping_status":"closed","template":"","meta":{"_et_pb_use_builder":"","_et_pb_old_content":"","_et_gb_content_width":""},"product_brand":[],"product_cat":[1550,1484],"product_tag":[1380],"class_list":{"0":"post-659","1":"product","2":"type-product","3":"status-publish","4":"has-post-thumbnail","6":"product_cat-double-acting-hydraulic-cylinder","7":"product_cat-forklift-hydraulic-cylinders","8":"product_tag-hydraulic-cylinder","10":"first","11":"instock","12":"shipping-taxable","13":"product-type-simple"},"amp_enabled":true,"_links":{"self":[{"href":"https:\/\/www.hydraulic-cylinders.net\/da\/wp-json\/wp\/v2\/product\/659","targetHints":{"allow":["GET"]}}],"collection":[{"href":"https:\/\/www.hydraulic-cylinders.net\/da\/wp-json\/wp\/v2\/product"}],"about":[{"href":"https:\/\/www.hydraulic-cylinders.net\/da\/wp-json\/wp\/v2\/types\/product"}],"replies":[{"embeddable":true,"href":"https:\/\/www.hydraulic-cylinders.net\/da\/wp-json\/wp\/v2\/comments?post=659"}],"wp:featuredmedia":[{"embeddable":true,"href":"https:\/\/www.hydraulic-cylinders.net\/da\/wp-json\/wp\/v2\/media\/671"}],"wp:attachment":[{"href":"https:\/\/www.hydraulic-cylinders.net\/da\/wp-json\/wp\/v2\/media?parent=659"}],"wp:term":[{"taxonomy":"product_brand","embeddable":true,"href":"https:\/\/www.hydraulic-cylinders.net\/da\/wp-json\/wp\/v2\/product_brand?post=659"},{"taxonomy":"product_cat","embeddable":true,"href":"https:\/\/www.hydraulic-cylinders.net\/da\/wp-json\/wp\/v2\/product_cat?post=659"},{"taxonomy":"product_tag","embeddable":true,"href":"https:\/\/www.hydraulic-cylinders.net\/da\/wp-json\/wp\/v2\/product_tag?post=659"}],"curies":[{"name":"wp","href":"https:\/\/api.w.org\/{rel}","templated":true}]}}