{"id":773,"date":"2023-08-23T02:33:49","date_gmt":"2023-08-23T02:33:49","guid":{"rendered":"https:\/\/hydraulic-cylinders.net\/?post_type=product&#038;p=773"},"modified":"2025-03-27T01:12:58","modified_gmt":"2025-03-27T01:12:58","slug":"low-pressure-hydraulic-cylinder-intermediate-pin","status":"publish","type":"product","link":"https:\/\/www.hydraulic-cylinders.net\/da\/vare\/low-pressure-hydraulic-cylinder-intermediate-pin\/","title":{"rendered":"Mellemstift til lavtrykshydraulikcylinder"},"content":{"rendered":"<h1 style=\"text-align: center;\"><strong>Mellemstift til lavtrykshydraulikcylinder<\/strong><\/h1>\n<p><img loading=\"lazy\" decoding=\"async\" class=\"aligncenter wp-image-774 size-full\" src=\"https:\/\/hydraulic-cylinders.net\/wp-content\/uploads\/2023\/08\/low-pressure-pull-rod-hydraulic-cylinder-middle-hinge-pin-1.webp\" alt=\"\" width=\"375\" height=\"175\" srcset=\"https:\/\/www.hydraulic-cylinders.net\/wp-content\/uploads\/2023\/08\/low-pressure-pull-rod-hydraulic-cylinder-middle-hinge-pin-1.webp 375w, https:\/\/www.hydraulic-cylinders.net\/wp-content\/uploads\/2023\/08\/low-pressure-pull-rod-hydraulic-cylinder-middle-hinge-pin-1-300x140.webp 300w\" sizes=\"(max-width: 375px) 100vw, 375px\" \/><\/p>\n<p>I en lavtrykshydraulisk cylinder refererer den mellemliggende stift til s\u00f8mmen eller akslen mellem stemplet og stempelstangen. Et forbindelseselement overf\u00f8rer kraft fra stemplet til stangen, hvilket muligg\u00f8r line\u00e6r bev\u00e6gelse.<\/p>\n<p>Design og konstruktion af lavtrykshydraulisk cylinder<\/p>\n<p>Mellemstifter er normalt massive metalstifter eller aksler inde i cylinderen.<br \/>\nDen forbinder de to dele mellem stemplet og forbindelsesstangen.<br \/>\nMellemstiftens rolle er at overf\u00f8re v\u00e6sketrykket, der genereres af stemplet, til stempelstangen og derved opn\u00e5 den line\u00e6re bev\u00e6gelse, der kr\u00e6ves af cylinderen.<\/p>\n<h2><strong>Parameter for mellemliggende pin til lavtrykshydraulisk cylinder:<\/strong><\/h2>\n<p><img loading=\"lazy\" decoding=\"async\" class=\"alignnone wp-image-775 size-full\" src=\"https:\/\/hydraulic-cylinders.net\/wp-content\/uploads\/2023\/08\/low-pressure-pull-rod-hydraulic-cylinder-intermediate-pin-2.webp\" alt=\"\" width=\"690\" height=\"315\" srcset=\"https:\/\/hydraulic-cylinders.net\/wp-content\/uploads\/2023\/08\/low-pressure-pull-rod-hydraulic-cylinder-intermediate-pin-2.webp 690w, https:\/\/hydraulic-cylinders.net\/wp-content\/uploads\/2023\/08\/low-pressure-pull-rod-hydraulic-cylinder-intermediate-pin-2-480x219.webp 480w\" sizes=\"(min-width: 0px) and (max-width: 480px) 480px, (min-width: 481px) 690px, 100vw\" \/><\/p>\n<h2><strong>Funktion og drift af <\/strong><strong>Mellemstift til lavtrykshydraulikcylinder<\/strong><strong>:<\/strong><\/h2>\n<ul>\n<li>N\u00e5r stemplet p\u00e5f\u00f8res hydraulisk tryk, ud\u00f8ver det en kraft p\u00e5 den midterste stift, hvilket f\u00e5r den til at bev\u00e6ge sig.<\/li>\n<li>Bev\u00e6gelsen af \u200b\u200bden mellemliggende stift overf\u00f8rer kraft til stempelstangen, hvilket f\u00e5r den hydrauliske cylinder til at str\u00e6kke sig eller tr\u00e6kke sig sammen.<\/li>\n<li>Mellemstiften sikrer, at den hydraulisk genererede kraft overf\u00f8res effektivt til stempelstangen, hvorved den \u00f8nskede bev\u00e6gelse af cylinderen opn\u00e5s.<\/li>\n<\/ul>\n<h2><strong>Vedligeholdelse og udskiftning af mellemliggende stift til lavtrykshydraulisk cylinder<\/strong><strong>:<\/strong><\/h2>\n<ul>\n<li>Ved reparation eller modifikation af lavtrykshydraulikcylinderen b\u00f8r midterstiftens tilstand kontrolleres.<\/li>\n<li>Hvis der er tegn p\u00e5 slid, skader eller overspil, b\u00f8r en ny mellemstift udskiftes for at sikre cylinderens normale funktion.<\/li>\n<li>When replacing the middle pin, the manufacturer&#8217;s guidelines and specifications must be followed to ensure compatibility and optimal performance.<\/li>\n<\/ul>\n<h2><strong>Hvordan m\u00e5ler man en hydraulisk cylinder?<\/strong><\/h2>\n<ol>\n<li><strong>Boringsdiameter<\/strong>:\n<ul>\n<li>Measure the inside diameter of the cylinder barrel. This is known as the &#8220;bore diameter.&#8221;<\/li>\n<li>Placer bremsekalibrene inde i cylindercylinderen, og str\u00e6k k\u00e6berne, indtil de r\u00f8rer ved de indre v\u00e6gge.<\/li>\n<li>V\u00e6r opm\u00e6rksom p\u00e5 m\u00e5lingen, der vises p\u00e5 skydel\u00e6rerne.<\/li>\n<\/ul>\n<\/li>\n<li><strong>Stangdiameter<\/strong>:\n<ul>\n<li>Measure the outside diameter of the piston rod. This is known as the &#8220;rod diameter.&#8221;<\/li>\n<li>Placer bremsekalibrene rundt om stempelstangen, og juster k\u00e6berne, indtil de let griber fat i stangens overflade.<\/li>\n<li>V\u00e6r opm\u00e6rksom p\u00e5 m\u00e5lingen, der vises p\u00e5 skydel\u00e6rerne.<\/li>\n<\/ul>\n<\/li>\n<li><strong>Slagl\u00e6ngde<\/strong>:\n<ul>\n<li>Bestem slagl\u00e6ngden, som er den maksimale afstand, stemplet kan tilbagel\u00e6gge inde i cylinderen.<\/li>\n<li>Forl\u00e6ng stempelstangen til den fuldt udstrakte position, og m\u00e5l afstanden fra cylinderens forside til enden af \u200b\u200bstempelstangen.<\/li>\n<li>Bem\u00e6rk m\u00e5lingen som slagl\u00e6ngden.<\/li>\n<\/ul>\n<\/li>\n<li><strong>Monteringsdimensioner<\/strong>:\n<ul>\n<li>M\u00e5l monteringsm\u00e5lene for at bestemme, hvordan den hydrauliske cylinder skal fastg\u00f8res til udstyret eller konstruktionen.<\/li>\n<li>Measure the distance between the mounting holes or brackets on the cylinder&#8217;s mounting flange.<\/li>\n<li>M\u00e5l hullets diameter, hvis det er relevant.<\/li>\n<\/ul>\n<\/li>\n<li><strong>Samlet l\u00e6ngde<\/strong>:\n<ul>\n<li>M\u00e5l den samlede l\u00e6ngde af den hydrauliske cylinder, som inkluderer l\u00e6ngden af \u200b\u200bcylindercylinderen, stempelstangen og eventuelle andre fremspringende komponenter.<\/li>\n<li>Placer en retholt p\u00e5 tv\u00e6rs af cylinderens forside, og m\u00e5l afstanden fra forsiden til det fjerneste punkt i den modsatte ende.<\/li>\n<\/ul>\n<\/li>\n<li><strong>Yderligere m\u00e5linger<\/strong>:\n<ul>\n<li>Afh\u00e6ngigt af de specifikke krav til din applikation kan det v\u00e6re n\u00f8dvendigt at m\u00e5le yderligere detaljer, s\u00e5som stemplets l\u00e6ngde, tykkelsen af \u200b\u200bendestykkerne eller dimensionerne af eventuelle porte eller fittings.<\/li>\n<\/ul>\n<\/li>\n<\/ol>\n<h2><strong>Fabrikkens kapacitet og kapacitet:<\/strong><\/h2>\n<h3>(1) Samling<\/h3>\n<p>Vi har en f\u00f8rsteklasses uafh\u00e6ngig forsknings- og udviklingsplatform til montering. Gaffeltruckcylinderproduktionsv\u00e6rkstedet har fire halvautomatiske l\u00f8ftecylindermonteringslinjer og en automatisk vippecylindermonteringslinje med en designm\u00e6ssig \u00e5rlig produktionskapacitet p\u00e5 1 million enheder. Det specielle cylinderv\u00e6rksted er udstyret med forskellige specifikationer for halvautomatisk reng\u00f8ringsmonteringssystem, med en designm\u00e6ssig \u00e5rlig produktionskapacitet p\u00e5 200.000 enheder. Det er udstyret med ber\u00f8mt CNC-bearbejdningsudstyr, bearbejdningscenter, specialudstyr til h\u00f8jpr\u00e6cisionscylinderbearbejdning, robotsvejsemaskine, automatisk reng\u00f8ringsmaskine, automatisk cylindermonteringsmaskine og automatisk malingsproduktionslinje. Der findes mere end 300 n\u00f8gleudstyrss\u00e6t (s\u00e6t). Optimal allokering og effektiv udnyttelse af udstyrsressourcer sikrer produkternes n\u00f8jagtighedskrav og opfylder produkternes h\u00f8je kvalitetskrav.<\/p>\n<p><img loading=\"lazy\" decoding=\"async\" class=\"alignnone wp-image-626\" src=\"https:\/\/hydraulic-cylinders.net\/wp-content\/uploads\/2023\/08\/hydraulic-cylinder-product-1-300x158.webp\" alt=\"\" width=\"495\" height=\"260\" srcset=\"https:\/\/hydraulic-cylinders.net\/wp-content\/uploads\/2023\/08\/hydraulic-cylinder-product-1-300x158.webp 495w, https:\/\/hydraulic-cylinders.net\/wp-content\/uploads\/2023\/08\/hydraulic-cylinder-product-1-480x252.webp 480w\" sizes=\"(min-width: 0px) and (max-width: 480px) 480px, (min-width: 481px) 495px, 100vw\" \/> <img loading=\"lazy\" decoding=\"async\" class=\"alignnone wp-image-627\" src=\"https:\/\/hydraulic-cylinders.net\/wp-content\/uploads\/2023\/08\/hydraulic-cylinder-product-2-300x189.webp\" alt=\"\" width=\"413\" height=\"260\" \/><\/p>\n<h3>(2) Maskinbearbejdning<\/h3>\n<p>Bearbejdningsv\u00e6rkstedet er udstyret med et specialfremstillet drejecenter til skr\u00e5 skinner, bearbejdningscenter, h\u00f8jhastigheds-honemaskine, svejserobot og andet relateret udstyr, der kan h\u00e5ndtere bearbejdning af cylinderr\u00f8r med en maksimal indre diameter p\u00e5 400 mm og en maksimal l\u00e6ngde p\u00e5 6 meter.<\/p>\n<p><img loading=\"lazy\" decoding=\"async\" class=\"alignnone wp-image-628 size-large\" src=\"https:\/\/hydraulic-cylinders.net\/wp-content\/uploads\/2023\/08\/hydraulic-cylinder-product-3-1024x391.webp\" alt=\"\" width=\"1024\" height=\"391\" srcset=\"https:\/\/hydraulic-cylinders.net\/wp-content\/uploads\/2023\/08\/hydraulic-cylinder-product-3-980x374.webp 980w, https:\/\/hydraulic-cylinders.net\/wp-content\/uploads\/2023\/08\/hydraulic-cylinder-product-3-480x183.webp 480w\" sizes=\"(min-width: 0px) and (max-width: 480px) 480px, (min-width: 481px) and (max-width: 980px) 980px, (min-width: 981px) 1024px, 100vw\" \/><\/p>\n<h3>(3) Svejsning<\/h3>\n<p><img loading=\"lazy\" decoding=\"async\" class=\"alignnone wp-image-629 size-large\" src=\"https:\/\/hydraulic-cylinders.net\/wp-content\/uploads\/2023\/08\/hydraulic-cylinder-product-4-1024x510.webp\" alt=\"\" width=\"1024\" height=\"510\" srcset=\"https:\/\/hydraulic-cylinders.net\/wp-content\/uploads\/2023\/08\/hydraulic-cylinder-product-4-980x488.webp 980w, https:\/\/hydraulic-cylinders.net\/wp-content\/uploads\/2023\/08\/hydraulic-cylinder-product-4-480x239.webp 480w\" sizes=\"(min-width: 0px) and (max-width: 480px) 480px, (min-width: 481px) and (max-width: 980px) 980px, (min-width: 981px) 1024px, 100vw\" \/><\/p>\n<h3>(4) Maling og overfladebehandling<\/h3>\n<p>Med sm\u00e5 og mellemstore cylindrede automatiske vandbaserede malingsbel\u00e6gningslinjer, for at opn\u00e5 automatisk robotp\u00e5l\u00e6sning og -afl\u00e6sning samt automatisk spr\u00f8jtning, er den designm\u00e6ssige kapacitet p\u00e5 4000 stykker pr. skift;<br \/>\nVi har ogs\u00e5 en halvautomatisk produktionslinje til maling af store cylindre, drevet af en kabelk\u00e6de, med en designkapacitet p\u00e5 60 kasser pr. skift.<\/p>\n<p><img loading=\"lazy\" decoding=\"async\" class=\"alignnone wp-image-630\" src=\"https:\/\/hydraulic-cylinders.net\/wp-content\/uploads\/2023\/08\/hydraulic-cylinder-product-5-300x213.webp\" alt=\"\" width=\"366\" height=\"260\" \/> <img loading=\"lazy\" decoding=\"async\" class=\"alignnone wp-image-631\" src=\"https:\/\/hydraulic-cylinders.net\/wp-content\/uploads\/2023\/08\/hydraulic-cylinder-product-6-300x225.webp\" alt=\"\" width=\"347\" height=\"260\" \/><\/p>\n<h3>(5) Testning<\/h3>\n<p>Vi har f\u00f8rsteklasses inspektionsfaciliteter og testb\u00e6nke for at sikre, at cylinderens ydeevne opfylder kravene.<\/p>\n<p><img loading=\"lazy\" decoding=\"async\" class=\"alignnone wp-image-632\" src=\"https:\/\/hydraulic-cylinders.net\/wp-content\/uploads\/2023\/08\/hydraulic-cylinder-product-8-300x200.webp\" alt=\"\" width=\"389\" height=\"260\" \/><\/p>\n<p>&nbsp;<\/p>\n<p>&nbsp;<\/p>\n<p>Vi er en af \u200b\u200bde bedste producenter af lavtrykshydrauliske cylindre. Vi kan tilbyde et bredt lager af lavtrykshydrauliske cylindre. Vi leverer ogs\u00e5 tilsvarende <a href=\"https:\/\/hzpt.com\/agricultural-pto-gearbox\/\" target=\"_blank\" rel=\"noopener\">landbrugsgearkasser<\/a>Vi har eksporteret vores produkter til kunder over hele verden og har opn\u00e5et et godt ry p\u00e5 grund af vores overlegne produktkvalitet og eftersalgsservice. Vi byder kunder i b\u00e5de ind- og udland varmt velkommen til at kontakte os for at forhandle forretninger, udveksle information og\u00a0<a href=\"https:\/\/www.hydraulic-cylinders.net\/da\/contact-us\/\">samarbejde med os<\/a>!<\/p>\n<p>&nbsp;<\/p>","protected":false},"excerpt":{"rendered":"<p>Low-Pressure Hydraulic Cylinder Intermediate Pin In a low-pressure hydraulic cylinder, the intermediate pin refers to the nail or shaft between the piston and the piston rod. A connecting element transfers force from the piston to the rod, allowing for linear motion. Design and construction of the low-pressure hydraulic cylinder Intermediate pins are usually solid metal [&hellip;]<\/p>","protected":false},"featured_media":776,"comment_status":"open","ping_status":"closed","template":"","meta":{"_et_pb_use_builder":"","_et_pb_old_content":"","_et_gb_content_width":""},"product_brand":[],"product_cat":[1376,1388],"product_tag":[1380],"class_list":{"0":"post-773","1":"product","2":"type-product","3":"status-publish","4":"has-post-thumbnail","6":"product_cat-hydraulic-cylinder","7":"product_cat-low-pressure-hydraulic-cylinder","8":"product_tag-hydraulic-cylinder","10":"first","11":"instock","12":"shipping-taxable","13":"product-type-simple"},"amp_enabled":true,"_links":{"self":[{"href":"https:\/\/www.hydraulic-cylinders.net\/da\/wp-json\/wp\/v2\/product\/773","targetHints":{"allow":["GET"]}}],"collection":[{"href":"https:\/\/www.hydraulic-cylinders.net\/da\/wp-json\/wp\/v2\/product"}],"about":[{"href":"https:\/\/www.hydraulic-cylinders.net\/da\/wp-json\/wp\/v2\/types\/product"}],"replies":[{"embeddable":true,"href":"https:\/\/www.hydraulic-cylinders.net\/da\/wp-json\/wp\/v2\/comments?post=773"}],"wp:featuredmedia":[{"embeddable":true,"href":"https:\/\/www.hydraulic-cylinders.net\/da\/wp-json\/wp\/v2\/media\/776"}],"wp:attachment":[{"href":"https:\/\/www.hydraulic-cylinders.net\/da\/wp-json\/wp\/v2\/media?parent=773"}],"wp:term":[{"taxonomy":"product_brand","embeddable":true,"href":"https:\/\/www.hydraulic-cylinders.net\/da\/wp-json\/wp\/v2\/product_brand?post=773"},{"taxonomy":"product_cat","embeddable":true,"href":"https:\/\/www.hydraulic-cylinders.net\/da\/wp-json\/wp\/v2\/product_cat?post=773"},{"taxonomy":"product_tag","embeddable":true,"href":"https:\/\/www.hydraulic-cylinders.net\/da\/wp-json\/wp\/v2\/product_tag?post=773"}],"curies":[{"name":"wp","href":"https:\/\/api.w.org\/{rel}","templated":true}]}}