{"id":827,"date":"2023-08-30T04:00:09","date_gmt":"2023-08-30T04:00:09","guid":{"rendered":"https:\/\/hydraulic-cylinders.net\/?post_type=product&#038;p=827"},"modified":"2025-04-16T02:22:47","modified_gmt":"2025-04-16T02:22:47","slug":"ca-monoaural-type-light-rod-hydraulic-cylinder","status":"publish","type":"product","link":"https:\/\/www.hydraulic-cylinders.net\/da\/vare\/ca-monoaural-type-light-rod-hydraulic-cylinder\/","title":{"rendered":"CA Monoaural type hydraulisk cylinder med let stang"},"content":{"rendered":"<h1 style=\"text-align: center;\"><strong>CA Monoaural type hydraulisk cylinder med let stang<\/strong><\/h1>\n<p>CA's monoaurale lysstangshydrauliske cylinder er en avanceret hydraulisk cylinder designet til at optimere n\u00f8jagtighed og effektivitet til en r\u00e6kke forskellige industrielle anvendelser. Med sit monofoniske design og lysmastkonstruktion tilbyder denne cylinder overlegen ydeevne, p\u00e5lidelighed og brugervenlighed.<\/p>\n<p>Hovedfunktionerne og fordelene ved den lette stanghydrauliske cylinder:<\/p>\n<p><strong>Monofonisk design<\/strong>Den lette hydrauliske cylinder har et monofonisk design med en enkelt stang, der str\u00e6kker sig fra den ene ende. Dette design giver kompakt og forenklet installation, hvilket g\u00f8r den velegnet til applikationer med begr\u00e6nset plads.<\/p>\n<p><strong>Lysstangstruktur<\/strong>Letv\u00e6gtsstangstrukturen er lavet af letv\u00e6gtsaluminium eller kompositmaterialer. Dette reducerer den samlede v\u00e6gt, muligg\u00f8r hurtigere drift, reducerer energiforbruget og \u00f8ger effektiviteten.<\/p>\n<p><strong>Forbedret n\u00f8jagtighed<\/strong>CA monoaural type hydraulisk cylinder med lysstang sikrer pr\u00e6cis line\u00e6r bev\u00e6gelseskontrol. Den giver pr\u00e6cis positionering og j\u00e6vn bev\u00e6gelse, hvilket g\u00f8r den ideel til applikationer, der kr\u00e6ver h\u00f8j pr\u00e6cision, s\u00e5som robotteknologi, automationssystemer og pakkemaskiner.<\/p>\n<p><strong>Kompakt og pladsbesparende<\/strong>P\u00e5 grund af sin kompakte st\u00f8rrelse er cylinderen ideel til installation, hvor pladsen er begr\u00e6nset. Dens lille st\u00f8rrelse g\u00f8r integration i maskiner og systemer nem uden at g\u00e5 p\u00e5 kompromis med ydeevnen.<\/p>\n<p><img loading=\"lazy\" decoding=\"async\" class=\"wp-image-828 size-full aligncenter\" src=\"https:\/\/hydraulic-cylinders.net\/wp-content\/uploads\/2023\/08\/ca-monoaural-type-light-pull-rod-hydraulic-cylinder-1.webp\" alt=\"\" width=\"790\" height=\"200\" srcset=\"https:\/\/hydraulic-cylinders.net\/wp-content\/uploads\/2023\/08\/ca-monoaural-type-light-pull-rod-hydraulic-cylinder-1.webp 790w, https:\/\/hydraulic-cylinders.net\/wp-content\/uploads\/2023\/08\/ca-monoaural-type-light-pull-rod-hydraulic-cylinder-1-480x122.webp 480w\" sizes=\"(min-width: 0px) and (max-width: 480px) 480px, (min-width: 481px) 790px, 100vw\" \/><\/p>\n<h2><strong>CA Monoaural Type Lysstang Hydraulisk Cylinder Parameter:<\/strong><\/h2>\n<p><img loading=\"lazy\" decoding=\"async\" class=\"alignnone wp-image-829 size-full\" src=\"https:\/\/hydraulic-cylinders.net\/wp-content\/uploads\/2023\/08\/ca-monoaural-type-light-pull-rod-hydraulic-cylinder-2.webp\" alt=\"\" width=\"790\" height=\"456\" srcset=\"https:\/\/hydraulic-cylinders.net\/wp-content\/uploads\/2023\/08\/ca-monoaural-type-light-pull-rod-hydraulic-cylinder-2.webp 790w, https:\/\/hydraulic-cylinders.net\/wp-content\/uploads\/2023\/08\/ca-monoaural-type-light-pull-rod-hydraulic-cylinder-2-480x277.webp 480w\" sizes=\"(min-width: 0px) and (max-width: 480px) 480px, (min-width: 481px) 790px, 100vw\" \/><\/p>\n<h2><strong>\u00a0CA Monoaural type hydraulisk cylinder med let stang <\/strong><strong>Brugsmetode<\/strong><strong>:<\/strong><\/h2>\n<p><strong>Installation<\/strong>Installer cylinderen sikkert med passende fastg\u00f8relseselementer for at sikre stabilitet og korrekt justering.<\/p>\n<p><strong>Hydraulisk tilslutning<\/strong>Tilslut hydraulikledningen til den angivne port p\u00e5 cylinderen. S\u00f8rg for, at samlingerne er t\u00e6tte for at forhindre l\u00e6kager.<\/p>\n<p><strong>Str\u00f8mforsyning<\/strong>Tilslut cylinderen til en p\u00e5lidelig hydraulisk str\u00f8mkilde, s\u00e5som en pumpe eller et kraftaggregat.<\/p>\n<p><strong>Test og juster<\/strong>Kontroller grundigt alle forbindelser og s\u00f8rg for deres sikkerhed f\u00f8r brug \u2013 test cylinderbev\u00e6gelsen ved at starte det hydrauliske system og verificere en j\u00e6vn, line\u00e6r bev\u00e6gelse.<\/p>\n<h2><strong>Hvordan skiller man en hydraulisk cylinder ad?<\/strong><\/h2>\n<p>Adskillelse af en hydraulisk cylinder kr\u00e6ver omhyggelig h\u00e5ndtering og overholdelse af korrekte adskillelsesprocedurer. Her er en generel vejledning i, hvordan man adskiller en hydraulisk cylinder:<\/p>\n<ol>\n<li><strong>Sikkerhedsforanstaltninger<\/strong>:\n<ul>\n<li>S\u00f8rg for, at det hydrauliske system er trykl\u00f8st, og at cylinderen ikke har noget resttryk. F\u00f8lg de korrekte procedurer for l\u00e5sning\/afm\u00e6rkning for at forhindre utilsigtet aktivering af systemet.<\/li>\n<li>Brug passende personlige v\u00e6rnemidler (PPE), s\u00e5som handsker og sikkerhedsbriller, for at beskytte dig selv mod hydraulikv\u00e6ske og potentielle farer.<\/li>\n<\/ul>\n<\/li>\n<li><strong>Afmontering af cylinder<\/strong>:\n<ul>\n<li>Frakobl de hydrauliske ledninger, der er forbundet til cylinderen, og s\u00f8rg for, at eventuel resterende v\u00e6ske er tilstr\u00e6kkeligt opsamlet.<\/li>\n<li>Fjern eventuelle fastg\u00f8relseselementer eller monteringsbeslag for at frig\u00f8re cylinderen, hvis cylinderen er monteret eller fastgjort til andre komponenter.<\/li>\n<li>L\u00f8ft og fjern forsigtigt cylinderen fra dens monteringsposition, og pas p\u00e5 ikke at beskadige eller belaste eventuelle tilsluttede slanger eller fittings.<\/li>\n<\/ul>\n<\/li>\n<li><strong>Inspektion og dokumentation<\/strong>:\n<ul>\n<li>Unders\u00f8g cylinderens yderside grundigt for tegn p\u00e5 skader, l\u00e6kager eller overdreven slitage. Dokumenter eventuelle observationer eller problemer til senere brug.<\/li>\n<li>V\u00e6r opm\u00e6rksom p\u00e5 cylinderens orientering og placeringen af \u200b\u200bpakninger, lejer og andre komponenter inden afmontering. Dette vil v\u00e6re en hj\u00e6lp under genmonteringen.<\/li>\n<\/ul>\n<\/li>\n<li><strong>Demontering af cylinderen<\/strong>:\n<ul>\n<li>Find endekapperne eller fastholdelsesringene i hver ende af cylinderen. Disse komponenter holder cylindercylinderen og stempelenheden sammen.<\/li>\n<li>Fjern forsigtigt endekapperne eller fastholdelsesringene med passende v\u00e6rkt\u00f8j, uden at beskadige overflader eller komponenter.<\/li>\n<li>N\u00e5r endeh\u00e6tterne eller fastholdelsesringene er fjernet, skal cylindercylinderen og stempelenheden kunne adskilles frit.<\/li>\n<\/ul>\n<\/li>\n<li><strong>Fjernelse af komponenter<\/strong>:\n<ul>\n<li>Fjern stemplet fra cylindercylinderen, og v\u00e6r opm\u00e6rksom p\u00e5 eventuelle pakninger, lejer eller andre komponenter, der kan v\u00e6re fastgjort til det.<\/li>\n<li>Inspicer og dokumenter tilstanden af \u200b\u200balle afmonterede komponenter, og kontroller for slid, skader eller tegn p\u00e5 l\u00e6kage. Udskift eventuelle slidte eller beskadigede dele efter behov.<\/li>\n<\/ul>\n<\/li>\n<li><strong>Reng\u00f8r og opbevar komponenter<\/strong>:\n<ul>\n<li>Reng\u00f8r alle adskilte komponenter grundigt med et passende reng\u00f8ringsmiddel for at fjerne snavs, affald eller hydraulikv\u00e6ske.<\/li>\n<li>Opbevar komponenterne rene og organiserede, s\u00e5 de beskyttes mod kontaminering og skader.<\/li>\n<\/ul>\n<\/li>\n<\/ol>\n<h2><strong>Fabrikkens kapacitet og kapacitet:<\/strong><\/h2>\n<h3>(1) Samling<\/h3>\n<p>Vi har en f\u00f8rsteklasses uafh\u00e6ngig forsknings- og udviklingsplatform til montering. V\u00e6rkstedet for produktion af hydrauliske cylindre har fire halvautomatiske l\u00f8ftecylindermonteringslinjer og en automatisk vippecylindermonteringslinje med en designm\u00e6ssig \u00e5rlig produktionskapacitet p\u00e5 1 million enheder. Det specielle cylinderv\u00e6rksted er udstyret med forskellige specifikationer for et halvautomatisk reng\u00f8ringsmonteringssystem med en designm\u00e6ssig \u00e5rlig produktionskapacitet p\u00e5 200.000 og udstyret med ber\u00f8mt CNC-bearbejdningsudstyr, et bearbejdningscenter, et specialudstyr til h\u00f8jpr\u00e6cisionscylinderbearbejdning, en robotsvejsemaskine, en automatisk reng\u00f8ringsmaskine, en automatisk cylindermonteringsmaskine og en automatisk malingslinje. Eksisterende kritisk udstyr p\u00e5 mere end 300 s\u00e6t (s\u00e6t). Optimal allokering og effektiv udnyttelse af udstyrsressourcer sikrer produkternes n\u00f8jagtighedskrav og opfylder produkternes h\u00f8je kvalitetsbehov.<\/p>\n<p><img loading=\"lazy\" decoding=\"async\" class=\"alignnone wp-image-626\" src=\"https:\/\/hydraulic-cylinders.net\/wp-content\/uploads\/2023\/08\/hydraulic-cylinder-product-1-300x158.webp\" alt=\"\" width=\"495\" height=\"260\" srcset=\"https:\/\/hydraulic-cylinders.net\/wp-content\/uploads\/2023\/08\/hydraulic-cylinder-product-1-300x158.webp 495w, https:\/\/hydraulic-cylinders.net\/wp-content\/uploads\/2023\/08\/hydraulic-cylinder-product-1-480x252.webp 480w\" sizes=\"(min-width: 0px) and (max-width: 480px) 480px, (min-width: 481px) 495px, 100vw\" \/> <img loading=\"lazy\" decoding=\"async\" class=\"alignnone wp-image-627\" src=\"https:\/\/hydraulic-cylinders.net\/wp-content\/uploads\/2023\/08\/hydraulic-cylinder-product-2-300x189.webp\" alt=\"\" width=\"413\" height=\"260\" \/><\/p>\n<h3>(2) Maskinbearbejdning<\/h3>\n<p>Bearbejdningsv\u00e6rkstedet er udstyret med et specialfremstillet drejecenter til skr\u00e5 skinner, bearbejdningscenter, h\u00f8jhastigheds-honemaskine, svejserobot og andet relateret udstyr, der kan h\u00e5ndtere bearbejdning af cylinderr\u00f8r med en maksimal indre diameter p\u00e5 400 mm og en maksimal l\u00e6ngde p\u00e5 6 meter.<\/p>\n<p><img loading=\"lazy\" decoding=\"async\" class=\"alignnone wp-image-628 size-large\" src=\"https:\/\/hydraulic-cylinders.net\/wp-content\/uploads\/2023\/08\/hydraulic-cylinder-product-3-1024x391.webp\" alt=\"\" width=\"1024\" height=\"391\" srcset=\"https:\/\/hydraulic-cylinders.net\/wp-content\/uploads\/2023\/08\/hydraulic-cylinder-product-3-980x374.webp 980w, https:\/\/hydraulic-cylinders.net\/wp-content\/uploads\/2023\/08\/hydraulic-cylinder-product-3-480x183.webp 480w\" sizes=\"(min-width: 0px) and (max-width: 480px) 480px, (min-width: 481px) and (max-width: 980px) 980px, (min-width: 981px) 1024px, 100vw\" \/><\/p>\n<h3>(3) Svejsning<\/h3>\n<p><img loading=\"lazy\" decoding=\"async\" class=\"alignnone wp-image-629 size-large\" src=\"https:\/\/hydraulic-cylinders.net\/wp-content\/uploads\/2023\/08\/hydraulic-cylinder-product-4-1024x510.webp\" alt=\"\" width=\"1024\" height=\"510\" srcset=\"https:\/\/hydraulic-cylinders.net\/wp-content\/uploads\/2023\/08\/hydraulic-cylinder-product-4-980x488.webp 980w, https:\/\/hydraulic-cylinders.net\/wp-content\/uploads\/2023\/08\/hydraulic-cylinder-product-4-480x239.webp 480w\" sizes=\"(min-width: 0px) and (max-width: 480px) 480px, (min-width: 481px) and (max-width: 980px) 980px, (min-width: 981px) 1024px, 100vw\" \/><\/p>\n<h3>(4) Maling og overfladebehandling<\/h3>\n<p>Med sm\u00e5 og mellemstore cylindriske automatiske vandbaserede malingsbel\u00e6gningslinjer, for at opn\u00e5 automatisk robotp\u00e5fyldning og -afl\u00e6sning samt automatisk spr\u00f8jtning, er den designm\u00e6ssige kapacitet p\u00e5 4000 stykker pr. skift;<br \/>\nVi har ogs\u00e5 en halvautomatisk malingsproduktionslinje til store cylindre drevet af en kabelk\u00e6de med en designkapacitet p\u00e5 60 kasser pr. skift.<\/p>\n<p><img loading=\"lazy\" decoding=\"async\" class=\"alignnone wp-image-630\" src=\"https:\/\/hydraulic-cylinders.net\/wp-content\/uploads\/2023\/08\/hydraulic-cylinder-product-5-300x213.webp\" alt=\"\" width=\"366\" height=\"260\" \/> <img loading=\"lazy\" decoding=\"async\" class=\"alignnone wp-image-631\" src=\"https:\/\/hydraulic-cylinders.net\/wp-content\/uploads\/2023\/08\/hydraulic-cylinder-product-6-300x225.webp\" alt=\"\" width=\"347\" height=\"260\" \/><\/p>\n<h3>(5) Testning<\/h3>\n<p>Vi har f\u00f8rsteklasses inspektionsfaciliteter og testb\u00e6nke for at sikre, at cylinderens ydeevne opfylder kravene.<\/p>\n<p><img loading=\"lazy\" decoding=\"async\" class=\"alignnone wp-image-632\" src=\"https:\/\/hydraulic-cylinders.net\/wp-content\/uploads\/2023\/08\/hydraulic-cylinder-product-8-300x200.webp\" alt=\"\" width=\"389\" height=\"260\" \/><\/p>\n<p>&nbsp;<\/p>\n<p>&nbsp;<\/p>\n<p>Vi er en af \u200b\u200bde bedste producenter af hydrauliske letstangscylindre. Vi kan tilbyde et bredt lager af hydrauliske letstangscylindre. Vi leverer ogs\u00e5 tilsvarende <a href=\"https:\/\/hzpt.com\/agricultural-pto-gearbox\/\" target=\"_blank\" rel=\"noopener\">landbrugsgearkasser<\/a>Vi har eksporteret vores produkter til kunder over hele verden og har opn\u00e5et et godt ry p\u00e5 grund af vores overlegne produktkvalitet og eftersalgsservice. Vi byder kunder i b\u00e5de ind- og udland varmt velkommen til at kontakte os for at forhandle forretninger, udveksle information og\u00a0<a href=\"https:\/\/www.hydraulic-cylinders.net\/da\/contact-us\/\">samarbejde med os<\/a>!<\/p>\n<p>&nbsp;<\/p>\n<h2><\/h2>\n<h2><\/h2>","protected":false},"excerpt":{"rendered":"<p>CA Monoaural Type Light Rod Hydraulic Cylinder The CA monoaural type light rod hydraulic cylinder is an advanced hydraulic cylinder designed to optimize accuracy and efficiency for a variety of industrial applications. With its monophonic design and light pole construction, this cylinder offers superior performance, reliability, and ease of use. The Main Features And Advantages [&hellip;]<\/p>","protected":false},"featured_media":884,"comment_status":"open","ping_status":"closed","template":"","meta":{"_et_pb_use_builder":"","_et_pb_old_content":"","_et_gb_content_width":""},"product_brand":[],"product_cat":[1550,1525,1509,1376,1387],"product_tag":[1380],"class_list":{"0":"post-827","1":"product","2":"type-product","3":"status-publish","4":"has-post-thumbnail","6":"product_cat-double-acting-hydraulic-cylinder","7":"product_cat-machine-tool-hydraulic-cylinders","8":"product_cat-tie-rod-hydraulic-cylinder","9":"product_cat-hydraulic-cylinder","10":"product_cat-light-rod-hydraulic-cylinder","11":"product_tag-hydraulic-cylinder","13":"first","14":"instock","15":"shipping-taxable","16":"product-type-simple"},"amp_enabled":true,"_links":{"self":[{"href":"https:\/\/www.hydraulic-cylinders.net\/da\/wp-json\/wp\/v2\/product\/827","targetHints":{"allow":["GET"]}}],"collection":[{"href":"https:\/\/www.hydraulic-cylinders.net\/da\/wp-json\/wp\/v2\/product"}],"about":[{"href":"https:\/\/www.hydraulic-cylinders.net\/da\/wp-json\/wp\/v2\/types\/product"}],"replies":[{"embeddable":true,"href":"https:\/\/www.hydraulic-cylinders.net\/da\/wp-json\/wp\/v2\/comments?post=827"}],"wp:featuredmedia":[{"embeddable":true,"href":"https:\/\/www.hydraulic-cylinders.net\/da\/wp-json\/wp\/v2\/media\/884"}],"wp:attachment":[{"href":"https:\/\/www.hydraulic-cylinders.net\/da\/wp-json\/wp\/v2\/media?parent=827"}],"wp:term":[{"taxonomy":"product_brand","embeddable":true,"href":"https:\/\/www.hydraulic-cylinders.net\/da\/wp-json\/wp\/v2\/product_brand?post=827"},{"taxonomy":"product_cat","embeddable":true,"href":"https:\/\/www.hydraulic-cylinders.net\/da\/wp-json\/wp\/v2\/product_cat?post=827"},{"taxonomy":"product_tag","embeddable":true,"href":"https:\/\/www.hydraulic-cylinders.net\/da\/wp-json\/wp\/v2\/product_tag?post=827"}],"curies":[{"name":"wp","href":"https:\/\/api.w.org\/{rel}","templated":true}]}}