{"id":837,"date":"2023-08-30T06:19:28","date_gmt":"2023-08-30T06:19:28","guid":{"rendered":"https:\/\/hydraulic-cylinders.net\/?post_type=product&#038;p=837"},"modified":"2025-04-16T02:22:41","modified_gmt":"2025-04-16T02:22:41","slug":"ca-monoaural-type-phs-fisheye-connector-light-rod-hydraulic-cylinder","status":"publish","type":"product","link":"https:\/\/www.hydraulic-cylinders.net\/da\/vare\/ca-monoaural-type-phs-fisheye-connector-light-rod-hydraulic-cylinder\/","title":{"rendered":"CA Monoaural Type PHS Fisheye-stik Lysstang Hydraulisk cylinder"},"content":{"rendered":"<h1 style=\"text-align: center;\"><strong>CA Monoaural Type PHS Fisheye-stik Lysstang Hydraulisk cylinder<\/strong><\/h1>\n<p><img loading=\"lazy\" decoding=\"async\" class=\"size-full wp-image-838 aligncenter\" src=\"https:\/\/hydraulic-cylinders.net\/wp-content\/uploads\/2023\/08\/ca-monoaural-type-phs-fisheye-connector-light-pull-rod-hydraulic-cylinder-2.webp\" alt=\"\" width=\"287\" height=\"204\" srcset=\"https:\/\/www.hydraulic-cylinders.net\/wp-content\/uploads\/2023\/08\/ca-monoaural-type-phs-fisheye-connector-light-pull-rod-hydraulic-cylinder-2.webp 287w, https:\/\/www.hydraulic-cylinders.net\/wp-content\/uploads\/2023\/08\/ca-monoaural-type-phs-fisheye-connector-light-pull-rod-hydraulic-cylinder-2-18x12.webp 18w\" sizes=\"(max-width: 287px) 100vw, 287px\" \/><\/p>\n<p>CA Monoaural Type PHS Fisheye Connector Light Rod Hydraulic Cylinder er en innovativ hydraulisk cylinder designet til at levere forbedret pr\u00e6cision, tilslutningsmuligheder og effektivitet i industrielle applikationer. Denne cylinder kombinerer fordelene ved et monoauralt design, PHS fisheye-konnektor og let stangkonstruktion for at give p\u00e5lidelig og h\u00f8jtydende hydraulisk kraft.<\/p>\n<p>N\u00f8gleegenskaber og fordele ved letstangs hydraulisk cylinder:<\/p>\n<p><strong>Monoauralt design:<\/strong> Den hydrauliske cylinder med lysstang har et monoauralt design med en enkelt stang, der str\u00e6kker sig fra den ene ende. Dette design sikrer kompakthed og forenkler installationen, hvilket g\u00f8r den velegnet til applikationer med begr\u00e6nset plads.<\/p>\n<p><strong>PHS Fisheye-stik:<\/strong>\u00a0PHS fisheye-forbindelsen er en unik funktion ved denne hydrauliske cylinder. Den giver en sikker og effektiv forbindelse mellem cylinderen og andre hydrauliske komponenter, hvilket sikrer p\u00e5lidelig kraftoverf\u00f8rsel og minimerer risikoen for l\u00e6kager.<\/p>\n<p><strong>Konstruktion af lysstang:<\/strong> Letstangkonstruktionen anvender letv\u00e6gtsmaterialer s\u00e5som aluminium eller kompositmaterialer. Dette reducerer den samlede v\u00e6gt, hvilket muligg\u00f8r hurtigere drift, reduceret energiforbrug og forbedret effektivitet.<\/p>\n<p><strong>Forbedret pr\u00e6cision:<\/strong> Den hydrauliske cylinder CA monoaural type PHS fisheye-konnektor med lysstang sikrer pr\u00e6cis line\u00e6r bev\u00e6gelseskontrol. Den leverer pr\u00e6cis positionering og j\u00e6vn bev\u00e6gelse, hvilket g\u00f8r den ideel til applikationer, der kr\u00e6ver h\u00f8j pr\u00e6cision, s\u00e5som robotteknologi, automationssystemer og pakkemaskiner.<\/p>\n<h2><strong>CA Monoaural Type PHS Fisheye-stik Lysstang Hydraulisk Cylinder Parameter:<\/strong><\/h2>\n<p><img loading=\"lazy\" decoding=\"async\" class=\"alignnone wp-image-839 size-full\" src=\"https:\/\/hydraulic-cylinders.net\/wp-content\/uploads\/2023\/08\/ca-monoaural-type-phs-fisheye-connector-light-pull-rod-hydraulic-cylinder-1.webp\" alt=\"\" width=\"790\" height=\"430\" srcset=\"https:\/\/hydraulic-cylinders.net\/wp-content\/uploads\/2023\/08\/ca-monoaural-type-phs-fisheye-connector-light-pull-rod-hydraulic-cylinder-1.webp 790w, https:\/\/hydraulic-cylinders.net\/wp-content\/uploads\/2023\/08\/ca-monoaural-type-phs-fisheye-connector-light-pull-rod-hydraulic-cylinder-1-480x261.webp 480w\" sizes=\"(min-width: 0px) and (max-width: 480px) 480px, (min-width: 481px) 790px, 100vw\" \/><\/p>\n<h2><strong>CA Monoaural Type Y-stik Lysstang Hydraulisk cylinder <\/strong><strong>Brugsmetode<\/strong><strong>:<\/strong><\/h2>\n<p><strong>Installation<\/strong>Brug passende fastg\u00f8relseselementer til sikkert at montere den hydrauliske cylinder til lette stangen for at sikre stabilitet og korrekt justering.<\/p>\n<p><strong>Hydraulisk tilslutning<\/strong>Brug PHS fisheye-stikket til at tilslutte hydraulikledningen til den angivne port p\u00e5 cylinderen. S\u00f8rg for, at samlingen er t\u00e6t for at forhindre l\u00e6kage og sikre effektiv kraftoverf\u00f8rsel.<\/p>\n<p><strong>Str\u00f8mforsyning<\/strong>Tilslut cylinderen til en p\u00e5lidelig hydraulisk str\u00f8mkilde, s\u00e5som en pumpe eller et kraftaggregat, via passende hydrauliske ledninger.<\/p>\n<p><strong>Test og juster<\/strong>Kontroller grundigt alle forbindelser og s\u00f8rg for deres sikkerhed f\u00f8r brug \u2013 test cylinderbev\u00e6gelsen ved at starte det hydrauliske system og verificere en j\u00e6vn, line\u00e6r bev\u00e6gelse.<\/p>\n<h2><strong>CA Monoaural Type Y-stik Lysstang Hydraulisk cylinder <\/strong><strong>Opretholdelse<\/strong><strong>:<\/strong><\/h2>\n<p>Korrekt vedligeholdelse er afg\u00f8rende for at maksimere levetiden og ydeevnen af \u200b\u200bCA monoaurale PHS fisheye-stik-lysmastens hydrauliske cylinder. Her er nogle retningslinjer for vedligeholdelse:<\/p>\n<p><strong>Regelm\u00e6ssig inspektion<\/strong>Kontroller cylinderen for slid, skader eller l\u00e6kage. V\u00e6r opm\u00e6rksom p\u00e5 pakninger, fittings og PHS fisheye-samlinger.<br \/>\nSm\u00f8ring: P\u00e5f\u00f8r det anbefalede sm\u00f8remiddel p\u00e5 cylinderens bev\u00e6gelige dele, inklusive st\u00e6nger og pakninger, i henhold til producentens anvisninger. Regelm\u00e6ssig sm\u00f8ring sikrer problemfri drift og minimerer friktionsrelaterede problemer.<\/p>\n<p><strong>Udskift pakninger<\/strong>Hvis pakningerne forringes eller l\u00e6kker, skal pakningerne udskiftes med originale dele, der er godkendt af producenten. F\u00f8lg de relevante procedurer for udskiftning af pakninger.<\/p>\n<p><strong>Rensning<\/strong>Hold cylinderen ren, og fjern snavs, affald og forurenende stoffer, der kan p\u00e5virke cylinderens ydeevne. Brug et ikke-slibende reng\u00f8ringsmiddel, og s\u00f8rg for, at alle dele er t\u00f8rre, inden den samles igen.<\/p>\n<h2><strong>Hvordan afmonterer man en hydraulisk cylinder fra en frontl\u00e6sser?<\/strong><\/h2>\n<p>Afmontering af en hydraulisk cylinder fra en frontl\u00e6sser involverer typisk f\u00f8lgende trin:<\/p>\n<ol>\n<li><strong>Forberedelse<\/strong>S\u00f8rg for, at l\u00e6sseren er parkeret sikkert p\u00e5 en plan overflade, og at motoren er slukket. Aktiver parkeringsbremsen, og monter hjulene for at forhindre utilsigtet bev\u00e6gelse.<\/li>\n<li><strong>Identific\u00e9r cylinderen<\/strong>Find den specifikke hydrauliske cylinder, du vil fjerne. Frontl\u00e6ssere har normalt flere hydrauliske cylindre til forskellige funktioner, s\u00e5som l\u00f8ft, vipning eller udstr\u00e6kning af l\u00e6sserarmene.<\/li>\n<li><strong>Lindre trykket<\/strong>Hydrauliske systemer arbejder under h\u00f8jt tryk, s\u00e5 det er vigtigt at aflaste trykket, f\u00f8r du frakobler hydrauliske komponenter. Start med at bruge l\u00e6sserbetjeningen til at s\u00e6nke eller tr\u00e6kke cylinderen helt ind. Sluk derefter motoren for at forhindre utilsigtet aktivering af det hydrauliske system.<\/li>\n<li><strong>Afbryd hydrauliske ledninger<\/strong>Find de hydrauliske ledninger, der er tilsluttet cylinderen. Afh\u00e6ngigt af den specifikke ops\u00e6tning kan en eller to hydrauliske ledninger v\u00e6re tilsluttet cylinderen. Brug v\u00e6rkt\u00f8j som skruen\u00f8gler eller topn\u00f8gles\u00e6t til at l\u00f8sne og frakoble de hydrauliske fittings fra cylinderen. V\u00e6r forberedt p\u00e5, at der kan l\u00e6kke hydraulikv\u00e6ske under denne proces, s\u00e5 hav en dr\u00e6nbakke eller absorberende materiale klar.<\/li>\n<li><strong>Fjern monteringshardware<\/strong>Unders\u00f8g monteringspunkterne p\u00e5 den hydrauliske cylinder. Cylindre er typisk fastgjort med bolte eller stifter. Brug det rigtige v\u00e6rkt\u00f8j til at fjerne disse fastg\u00f8relseselementer og afmontere cylinderen fra dens monteringspunkter. Hold \u00f8je med eventuelle skiver eller afstandsstykker, der kan v\u00e6re til stede under afmonteringen.<\/li>\n<li><strong>Fjern cylinderen<\/strong>N\u00e5r hydraulikledningerne og monteringsbeslagene er frakoblet, skal cylinderen forsigtigt skubbes eller l\u00f8ftes ud af sin position. Hydrauliske cylindre kan v\u00e6re tunge, s\u00e5 v\u00e6r forsigtig og brug korrekt l\u00f8fteteknik eller -udstyr for at forhindre skader.<\/li>\n<li><strong>Inspektion og vedligeholdelse<\/strong>N\u00e5r cylinderen er fjernet, er det en god mulighed at inspicere den for tegn p\u00e5 skader, slid eller l\u00e6kager. Udf\u00f8r om n\u00f8dvendigt vedligeholdelsesopgaver s\u00e5som udskiftning af pakninger eller reparation af eventuelle problemer, f\u00f8r cylinderen geninstalleres.<\/li>\n<\/ol>\n<h2><strong>Fabrikkens kapacitet og kapacitet:<\/strong><\/h2>\n<h3>(1) Samling<\/h3>\n<p>Vi har en f\u00f8rsteklasses uafh\u00e6ngig forsknings- og udviklingsplatform til montering. V\u00e6rkstedet for produktion af hydrauliske cylindre har fire halvautomatiske l\u00f8ftecylindermonteringslinjer og en automatisk vippecylindermonteringslinje med en designm\u00e6ssig \u00e5rlig produktionskapacitet p\u00e5 1 million enheder. Det specielle cylinderv\u00e6rksted er udstyret med forskellige specifikationer for et halvautomatisk reng\u00f8ringsmonteringssystem med en designm\u00e6ssig \u00e5rlig produktionskapacitet p\u00e5 200.000 og udstyret med ber\u00f8mt CNC-bearbejdningsudstyr, et bearbejdningscenter, et specialudstyr til h\u00f8jpr\u00e6cisionscylinderbearbejdning, en robotsvejsemaskine, en automatisk reng\u00f8ringsmaskine, en automatisk cylindermonteringsmaskine og en automatisk malingslinje. Eksisterende kritisk udstyr p\u00e5 mere end 300 s\u00e6t (s\u00e6t). Optimal allokering og effektiv udnyttelse af udstyrsressourcer sikrer produkternes n\u00f8jagtighedskrav og opfylder produkternes h\u00f8je kvalitetsbehov.<\/p>\n<p><img loading=\"lazy\" decoding=\"async\" class=\"alignnone wp-image-626\" src=\"https:\/\/hydraulic-cylinders.net\/wp-content\/uploads\/2023\/08\/hydraulic-cylinder-product-1-300x158.webp\" alt=\"\" width=\"495\" height=\"260\" srcset=\"https:\/\/hydraulic-cylinders.net\/wp-content\/uploads\/2023\/08\/hydraulic-cylinder-product-1-300x158.webp 495w, https:\/\/hydraulic-cylinders.net\/wp-content\/uploads\/2023\/08\/hydraulic-cylinder-product-1-480x252.webp 480w\" sizes=\"(min-width: 0px) and (max-width: 480px) 480px, (min-width: 481px) 495px, 100vw\" \/> <img loading=\"lazy\" decoding=\"async\" class=\"alignnone wp-image-627\" src=\"https:\/\/hydraulic-cylinders.net\/wp-content\/uploads\/2023\/08\/hydraulic-cylinder-product-2-300x189.webp\" alt=\"\" width=\"413\" height=\"260\" \/><\/p>\n<h3>(2) Maskinbearbejdning<\/h3>\n<p>Bearbejdningsv\u00e6rkstedet er udstyret med et specialfremstillet drejecenter til skr\u00e5 skinner, bearbejdningscenter, h\u00f8jhastigheds-honemaskine, svejserobot og andet relateret udstyr, der kan h\u00e5ndtere bearbejdning af cylinderr\u00f8r med en maksimal indre diameter p\u00e5 400 mm og en maksimal l\u00e6ngde p\u00e5 6 meter.<\/p>\n<p><img loading=\"lazy\" decoding=\"async\" class=\"alignnone wp-image-628 size-large\" src=\"https:\/\/hydraulic-cylinders.net\/wp-content\/uploads\/2023\/08\/hydraulic-cylinder-product-3-1024x391.webp\" alt=\"\" width=\"1024\" height=\"391\" srcset=\"https:\/\/hydraulic-cylinders.net\/wp-content\/uploads\/2023\/08\/hydraulic-cylinder-product-3-980x374.webp 980w, https:\/\/hydraulic-cylinders.net\/wp-content\/uploads\/2023\/08\/hydraulic-cylinder-product-3-480x183.webp 480w\" sizes=\"(min-width: 0px) and (max-width: 480px) 480px, (min-width: 481px) and (max-width: 980px) 980px, (min-width: 981px) 1024px, 100vw\" \/><\/p>\n<h3>(3) Svejsning<\/h3>\n<p><img loading=\"lazy\" decoding=\"async\" class=\"alignnone wp-image-629 size-large\" src=\"https:\/\/hydraulic-cylinders.net\/wp-content\/uploads\/2023\/08\/hydraulic-cylinder-product-4-1024x510.webp\" alt=\"\" width=\"1024\" height=\"510\" srcset=\"https:\/\/hydraulic-cylinders.net\/wp-content\/uploads\/2023\/08\/hydraulic-cylinder-product-4-980x488.webp 980w, https:\/\/hydraulic-cylinders.net\/wp-content\/uploads\/2023\/08\/hydraulic-cylinder-product-4-480x239.webp 480w\" sizes=\"(min-width: 0px) and (max-width: 480px) 480px, (min-width: 481px) and (max-width: 980px) 980px, (min-width: 981px) 1024px, 100vw\" \/><\/p>\n<h3>(4) Maling og overfladebehandling<\/h3>\n<p>Med sm\u00e5 og mellemstore cylindriske automatiske vandbaserede malingsbel\u00e6gningslinjer, for at opn\u00e5 automatisk robotp\u00e5fyldning og -afl\u00e6sning samt automatisk spr\u00f8jtning, er den designm\u00e6ssige kapacitet p\u00e5 4000 stykker pr. skift;<br \/>\nVi har ogs\u00e5 en halvautomatisk malingsproduktionslinje til store cylindre drevet af en kabelk\u00e6de med en designkapacitet p\u00e5 60 kasser pr. skift.<\/p>\n<p><img loading=\"lazy\" decoding=\"async\" class=\"alignnone wp-image-630\" src=\"https:\/\/hydraulic-cylinders.net\/wp-content\/uploads\/2023\/08\/hydraulic-cylinder-product-5-300x213.webp\" alt=\"\" width=\"366\" height=\"260\" \/> <img loading=\"lazy\" decoding=\"async\" class=\"alignnone wp-image-631\" src=\"https:\/\/hydraulic-cylinders.net\/wp-content\/uploads\/2023\/08\/hydraulic-cylinder-product-6-300x225.webp\" alt=\"\" width=\"347\" height=\"260\" \/><\/p>\n<h3>(5) Testning<\/h3>\n<p>Vi har f\u00f8rsteklasses inspektionsfaciliteter og testb\u00e6nke for at sikre, at cylinderens ydeevne opfylder kravene.<\/p>\n<p><img loading=\"lazy\" decoding=\"async\" class=\"alignnone wp-image-632\" src=\"https:\/\/hydraulic-cylinders.net\/wp-content\/uploads\/2023\/08\/hydraulic-cylinder-product-8-300x200.webp\" alt=\"\" width=\"389\" height=\"260\" \/><\/p>\n<p>&nbsp;<\/p>\n<p>&nbsp;<\/p>\n<p>Vi er en af \u200b\u200bde bedste producenter af hydrauliske letstangscylindre. Vi kan tilbyde et bredt lager af hydrauliske letstangscylindre. Vi leverer ogs\u00e5 tilsvarende <a href=\"https:\/\/hzpt.com\/agricultural-pto-gearbox\/\" target=\"_blank\" rel=\"noopener\">landbrugsgearkasser<\/a>Vi har eksporteret vores produkter til kunder over hele verden og har opn\u00e5et et godt ry p\u00e5 grund af vores overlegne produktkvalitet og eftersalgsservice. Vi byder kunder i b\u00e5de ind- og udland varmt velkommen til at kontakte os for at forhandle forretninger, udveksle information og\u00a0<a href=\"https:\/\/www.hydraulic-cylinders.net\/da\/contact-us\/\">samarbejde med os<\/a>!<\/p>\n<p>&nbsp;<\/p>\n<h2><\/h2>\n<h2><\/h2>","protected":false},"excerpt":{"rendered":"<p>CA Monoaural Type PHS Fisheye Connector Light Rod Hydraulic Cylinder The CA Monoaural Type PHS Fisheye Connector Light Rod Hydraulic Cylinder is an innovative hydraulic cylinder designed to deliver enhanced precision, connectivity, and efficiency in industrial applications. This cylinder combines the advantages of a monoaural design, PHS fisheye connector, and light rod construction to provide [&hellip;]<\/p>","protected":false},"featured_media":882,"comment_status":"open","ping_status":"closed","template":"","meta":{"_et_pb_use_builder":"","_et_pb_old_content":"","_et_gb_content_width":""},"product_brand":[],"product_cat":[1550,1525,1509,1376,1387],"product_tag":[1383],"class_list":{"0":"post-837","1":"product","2":"type-product","3":"status-publish","4":"has-post-thumbnail","6":"product_cat-double-acting-hydraulic-cylinder","7":"product_cat-machine-tool-hydraulic-cylinders","8":"product_cat-tie-rod-hydraulic-cylinder","9":"product_cat-hydraulic-cylinder","10":"product_cat-light-rod-hydraulic-cylinder","11":"product_tag-light-rod-hydraulic-cylinder","13":"first","14":"instock","15":"shipping-taxable","16":"product-type-simple"},"amp_enabled":true,"_links":{"self":[{"href":"https:\/\/www.hydraulic-cylinders.net\/da\/wp-json\/wp\/v2\/product\/837","targetHints":{"allow":["GET"]}}],"collection":[{"href":"https:\/\/www.hydraulic-cylinders.net\/da\/wp-json\/wp\/v2\/product"}],"about":[{"href":"https:\/\/www.hydraulic-cylinders.net\/da\/wp-json\/wp\/v2\/types\/product"}],"replies":[{"embeddable":true,"href":"https:\/\/www.hydraulic-cylinders.net\/da\/wp-json\/wp\/v2\/comments?post=837"}],"wp:featuredmedia":[{"embeddable":true,"href":"https:\/\/www.hydraulic-cylinders.net\/da\/wp-json\/wp\/v2\/media\/882"}],"wp:attachment":[{"href":"https:\/\/www.hydraulic-cylinders.net\/da\/wp-json\/wp\/v2\/media?parent=837"}],"wp:term":[{"taxonomy":"product_brand","embeddable":true,"href":"https:\/\/www.hydraulic-cylinders.net\/da\/wp-json\/wp\/v2\/product_brand?post=837"},{"taxonomy":"product_cat","embeddable":true,"href":"https:\/\/www.hydraulic-cylinders.net\/da\/wp-json\/wp\/v2\/product_cat?post=837"},{"taxonomy":"product_tag","embeddable":true,"href":"https:\/\/www.hydraulic-cylinders.net\/da\/wp-json\/wp\/v2\/product_tag?post=837"}],"curies":[{"name":"wp","href":"https:\/\/api.w.org\/{rel}","templated":true}]}}