{"id":855,"date":"2023-08-30T08:28:09","date_gmt":"2023-08-30T08:28:09","guid":{"rendered":"https:\/\/hydraulic-cylinders.net\/?post_type=product&#038;p=855"},"modified":"2025-04-16T02:22:25","modified_gmt":"2025-04-16T02:22:25","slug":"mob-type-light-rod-hydraulic-cylinder","status":"publish","type":"product","link":"https:\/\/www.hydraulic-cylinders.net\/da\/vare\/mob-type-light-rod-hydraulic-cylinder\/","title":{"rendered":"MOB-type letstangs hydraulisk cylinder"},"content":{"rendered":"<h1 style=\"text-align: center;\"><strong>MOB-type letstangs hydraulisk cylinder<\/strong><\/h1>\n<p>MOB letstangs hydrauliske cylinder er en billig cylinder med pr\u00e6cis den specifikke specifikation, fordi trykket er lavt, cylinderens sammens\u00e6tning er tynd, stempelstangen er relativt lille, for- og bagd\u00e6kslerne er st\u00f8bt, og lavtrykst\u00e6tningens pris er relativt lav. MOB letstangs hydrauliske cylinder har en tr\u00e6kstangsstruktur; cylinderen er forbundet til for- og bagd\u00e6kslerne med fire skruest\u00e6nger og derefter fastgjort med l\u00e5sem\u00f8trikker. Nem vedligeholdelse: L\u00f8sn l\u00e5sem\u00f8trikken, fjern frontd\u00e6kslet, og udskift t\u00e6tningen eller andet tilbeh\u00f8r.<\/p>\n<p>MOB hydrauliske cylindre med lette stangmonteres og tilsluttes p\u00e5 en r\u00e6kke forskellige m\u00e5der, herunder flanger, enkeltkoblinger, dobbeltkoblinger, fods\u00e6der, h\u00e6ngselsaksler og forbindelsestilbeh\u00f8r p\u00e5 stempelstangen, s\u00e5som fiske\u00f8jekoblinger, type I-koblinger osv. Denne serie af hydrauliske cylindre med tr\u00e6kstang kan bruges som dobbeltkoblingscylindre, det vil sige MOD-serien, og kan tilpasses:<\/p>\n<p>1) H\u00f8je temperaturforhold, brug af h\u00f8jtemperaturt\u00e6tninger<br \/>\n2) Plus rejsekontakt<br \/>\n3) Kan laves om til en magnetisk induktionscylinder (cylinder med rustfrit st\u00e5l, stempel med kobbermateriale plus magnetisk induktionsafbryder)<br \/>\n4) Bufferet<\/p>\n<p><strong>Hvorn\u00e5r skal man bruge MOB letstangs hydraulisk cylinder:<\/strong><\/p>\n<p>1) Brug i stedet for cylinder. Det originale system bruger pneumatik, men af \u200b\u200bforskellige \u00e5rsager (s\u00e5som hydraulisk styring, str\u00e6ben efter mere stabil handling, f.eks. at pneumatikkens styrke ikke er tilstr\u00e6kkelig)<br \/>\n2) Systemtrykket er minimalt, \u00f8konomisk taget i betragtning, ved brug af en MOB standardcylinder.<\/p>\n<p><img loading=\"lazy\" decoding=\"async\" class=\"aligncenter wp-image-863 size-full\" src=\"https:\/\/hydraulic-cylinders.net\/wp-content\/uploads\/2023\/08\/mob-type-light-rod-hydraulic-cylinder.webp\" alt=\"\" width=\"400\" height=\"400\" srcset=\"https:\/\/www.hydraulic-cylinders.net\/wp-content\/uploads\/2023\/08\/mob-type-light-rod-hydraulic-cylinder.webp 400w, https:\/\/www.hydraulic-cylinders.net\/wp-content\/uploads\/2023\/08\/mob-type-light-rod-hydraulic-cylinder-300x300.webp 300w, https:\/\/www.hydraulic-cylinders.net\/wp-content\/uploads\/2023\/08\/mob-type-light-rod-hydraulic-cylinder-100x100.webp 100w, https:\/\/www.hydraulic-cylinders.net\/wp-content\/uploads\/2023\/08\/mob-type-light-rod-hydraulic-cylinder-150x150.webp 150w, https:\/\/www.hydraulic-cylinders.net\/wp-content\/uploads\/2023\/08\/mob-type-light-rod-hydraulic-cylinder-12x12.webp 12w\" sizes=\"(max-width: 400px) 100vw, 400px\" \/><\/p>\n<h2><strong>MOB Type Letstang Hydraulisk Cylinder Parameter:<\/strong><\/h2>\n<h3>(1) Standard MOB letstangshydraulisk cylinder<\/h3>\n<p><img loading=\"lazy\" decoding=\"async\" class=\"alignnone wp-image-862 size-full\" src=\"https:\/\/hydraulic-cylinders.net\/wp-content\/uploads\/2023\/08\/standard-mob-light-pull-rod-hydraulic-cylinder-2-1.webp\" alt=\"\" width=\"790\" height=\"369\" srcset=\"https:\/\/hydraulic-cylinders.net\/wp-content\/uploads\/2023\/08\/standard-mob-light-pull-rod-hydraulic-cylinder-2-1.webp 790w, https:\/\/hydraulic-cylinders.net\/wp-content\/uploads\/2023\/08\/standard-mob-light-pull-rod-hydraulic-cylinder-2-1-480x224.webp 480w\" sizes=\"(min-width: 0px) and (max-width: 480px) 480px, (min-width: 481px) 790px, 100vw\" \/><\/p>\n<h3>(2) FA hydraulisk cylinder med forreste flange og let stang<\/h3>\n<p><img loading=\"lazy\" decoding=\"async\" class=\"alignnone wp-image-861 size-full\" src=\"https:\/\/hydraulic-cylinders.net\/wp-content\/uploads\/2023\/08\/fa-front-flange-type-light-pull-rod-hydraulic-cylinder-2-1.webp\" alt=\"\" width=\"790\" height=\"425\" srcset=\"https:\/\/hydraulic-cylinders.net\/wp-content\/uploads\/2023\/08\/fa-front-flange-type-light-pull-rod-hydraulic-cylinder-2-1.webp 790w, https:\/\/hydraulic-cylinders.net\/wp-content\/uploads\/2023\/08\/fa-front-flange-type-light-pull-rod-hydraulic-cylinder-2-1-480x258.webp 480w\" sizes=\"(min-width: 0px) and (max-width: 480px) 480px, (min-width: 481px) 790px, 100vw\" \/><\/p>\n<h3>(3) FB bagflangetype letstangshydraulisk cylinder<\/h3>\n<p><img loading=\"lazy\" decoding=\"async\" class=\"alignnone wp-image-860 size-full\" src=\"https:\/\/hydraulic-cylinders.net\/wp-content\/uploads\/2023\/08\/fb-back-flange-type-light-pull-rod-hydraulic-cylinder-1.webp\" alt=\"\" width=\"790\" height=\"426\" srcset=\"https:\/\/hydraulic-cylinders.net\/wp-content\/uploads\/2023\/08\/fb-back-flange-type-light-pull-rod-hydraulic-cylinder-1.webp 790w, https:\/\/hydraulic-cylinders.net\/wp-content\/uploads\/2023\/08\/fb-back-flange-type-light-pull-rod-hydraulic-cylinder-1-480x259.webp 480w\" sizes=\"(min-width: 0px) and (max-width: 480px) 480px, (min-width: 481px) 790px, 100vw\" \/><\/p>\n<h3>(4) LB fodst\u00f8ttetype letstangshydraulisk cylinder<\/h3>\n<p><img loading=\"lazy\" decoding=\"async\" class=\"alignnone wp-image-821 size-full\" src=\"https:\/\/hydraulic-cylinders.net\/wp-content\/uploads\/2023\/08\/lb-footstand-type-light-pull-rod-hydraulic-cylinder-1.webp\" alt=\"\" width=\"790\" height=\"434\" srcset=\"https:\/\/hydraulic-cylinders.net\/wp-content\/uploads\/2023\/08\/lb-footstand-type-light-pull-rod-hydraulic-cylinder-1.webp 790w, https:\/\/hydraulic-cylinders.net\/wp-content\/uploads\/2023\/08\/lb-footstand-type-light-pull-rod-hydraulic-cylinder-1-480x264.webp 480w\" sizes=\"(min-width: 0px) and (max-width: 480px) 480px, (min-width: 481px) 790px, 100vw\" \/><\/p>\n<h3>(5) TC midterste trunnion-type letstangs hydraulisk cylinder<\/h3>\n<p><img loading=\"lazy\" decoding=\"async\" class=\"alignnone wp-image-829 size-full\" src=\"https:\/\/hydraulic-cylinders.net\/wp-content\/uploads\/2023\/08\/ca-monoaural-type-light-pull-rod-hydraulic-cylinder-2.webp\" alt=\"\" width=\"790\" height=\"456\" srcset=\"https:\/\/hydraulic-cylinders.net\/wp-content\/uploads\/2023\/08\/ca-monoaural-type-light-pull-rod-hydraulic-cylinder-2.webp 790w, https:\/\/hydraulic-cylinders.net\/wp-content\/uploads\/2023\/08\/ca-monoaural-type-light-pull-rod-hydraulic-cylinder-2-480x277.webp 480w\" sizes=\"(min-width: 0px) and (max-width: 480px) 480px, (min-width: 481px) 790px, 100vw\" \/><\/p>\n<h3>(6) CA monoaural type lysstang hydraulisk cylinder<\/h3>\n<p><img loading=\"lazy\" decoding=\"async\" class=\"alignnone size-full wp-image-318049\" src=\"https:\/\/hzpt.com\/wp-content\/uploads\/2023\/08\/ca-monoaural-type-light-pull-rod-hydraulic-cylinder-2.webp\" alt=\"\" width=\"790\" height=\"456\" \/><\/p>\n<h3>(7) CA Monoaural type Y-stik lysstang hydraulisk cylinder<\/h3>\n<p><img loading=\"lazy\" decoding=\"async\" class=\"alignnone wp-image-834 size-full\" src=\"https:\/\/hydraulic-cylinders.net\/wp-content\/uploads\/2023\/08\/ca-monoaural-type-y-connector-light-pull-rod-hydraulic-cylinder-2.webp\" alt=\"\" width=\"790\" height=\"498\" srcset=\"https:\/\/hydraulic-cylinders.net\/wp-content\/uploads\/2023\/08\/ca-monoaural-type-y-connector-light-pull-rod-hydraulic-cylinder-2.webp 790w, https:\/\/hydraulic-cylinders.net\/wp-content\/uploads\/2023\/08\/ca-monoaural-type-y-connector-light-pull-rod-hydraulic-cylinder-2-480x303.webp 480w\" sizes=\"(min-width: 0px) and (max-width: 480px) 480px, (min-width: 481px) 790px, 100vw\" \/><\/p>\n<h3>(8) CA Monoaural type PHS Fisheye-stik Lysstang hydraulisk cylinder<\/h3>\n<p><img loading=\"lazy\" decoding=\"async\" class=\"alignnone wp-image-839 size-full\" src=\"https:\/\/hydraulic-cylinders.net\/wp-content\/uploads\/2023\/08\/ca-monoaural-type-phs-fisheye-connector-light-pull-rod-hydraulic-cylinder-1.webp\" alt=\"\" width=\"790\" height=\"430\" srcset=\"https:\/\/hydraulic-cylinders.net\/wp-content\/uploads\/2023\/08\/ca-monoaural-type-phs-fisheye-connector-light-pull-rod-hydraulic-cylinder-1.webp 790w, https:\/\/hydraulic-cylinders.net\/wp-content\/uploads\/2023\/08\/ca-monoaural-type-phs-fisheye-connector-light-pull-rod-hydraulic-cylinder-1-480x261.webp 480w\" sizes=\"(min-width: 0px) and (max-width: 480px) 480px, (min-width: 481px) 790px, 100vw\" \/><\/p>\n<h3>(8) CB Binaural Type Lysstang Hydraulisk Cylinder<\/h3>\n<p><img loading=\"lazy\" decoding=\"async\" class=\"alignnone wp-image-844 size-full\" src=\"https:\/\/hydraulic-cylinders.net\/wp-content\/uploads\/2023\/08\/cb-binaural-type-light-pull-rod-hydraulic-cylinder-2.webp\" alt=\"\" width=\"790\" height=\"404\" srcset=\"https:\/\/hydraulic-cylinders.net\/wp-content\/uploads\/2023\/08\/cb-binaural-type-light-pull-rod-hydraulic-cylinder-2.webp 790w, https:\/\/hydraulic-cylinders.net\/wp-content\/uploads\/2023\/08\/cb-binaural-type-light-pull-rod-hydraulic-cylinder-2-480x245.webp 480w\" sizes=\"(min-width: 0px) and (max-width: 480px) 480px, (min-width: 481px) 790px, 100vw\" \/><\/p>\n<h3>(9) CB med stiftlysstang hydraulisk cylinder<\/h3>\n<h2><\/h2>\n<p><img loading=\"lazy\" decoding=\"async\" class=\"alignnone wp-image-858 size-full\" src=\"https:\/\/hydraulic-cylinders.net\/wp-content\/uploads\/2023\/08\/cb-with-pin-light-pull-rod-hydraulic-cylinder-2.webp\" alt=\"\" width=\"790\" height=\"404\" srcset=\"https:\/\/hydraulic-cylinders.net\/wp-content\/uploads\/2023\/08\/cb-with-pin-light-pull-rod-hydraulic-cylinder-2.webp 790w, https:\/\/hydraulic-cylinders.net\/wp-content\/uploads\/2023\/08\/cb-with-pin-light-pull-rod-hydraulic-cylinder-2-480x245.webp 480w\" sizes=\"(min-width: 0px) and (max-width: 480px) 480px, (min-width: 481px) 790px, 100vw\" \/><\/p>\n<p><strong>Tegning af boltens omrids af installationsm\u00e5l:<\/strong><img loading=\"lazy\" decoding=\"async\" class=\"alignnone wp-image-859 size-full\" src=\"https:\/\/hydraulic-cylinders.net\/wp-content\/uploads\/2023\/08\/cb-with-pin-light-pull-rod-hydraulic-cylinder-3.webp\" alt=\"\" width=\"790\" height=\"340\" srcset=\"https:\/\/hydraulic-cylinders.net\/wp-content\/uploads\/2023\/08\/cb-with-pin-light-pull-rod-hydraulic-cylinder-3.webp 790w, https:\/\/hydraulic-cylinders.net\/wp-content\/uploads\/2023\/08\/cb-with-pin-light-pull-rod-hydraulic-cylinder-3-480x207.webp 480w\" sizes=\"(min-width: 0px) and (max-width: 480px) 480px, (min-width: 481px) 790px, 100vw\" \/><\/p>\n<h3>(10) Standard biaxial hydraulisk cylinder af let stangtype<\/h3>\n<p><img loading=\"lazy\" decoding=\"async\" class=\"alignnone wp-image-851 size-full\" src=\"https:\/\/hydraulic-cylinders.net\/wp-content\/uploads\/2023\/08\/standard-biaxial-type-light-pull-rod-hydraulic-cylinder-3.webp\" alt=\"\" width=\"790\" height=\"320\" srcset=\"https:\/\/hydraulic-cylinders.net\/wp-content\/uploads\/2023\/08\/standard-biaxial-type-light-pull-rod-hydraulic-cylinder-3.webp 790w, https:\/\/hydraulic-cylinders.net\/wp-content\/uploads\/2023\/08\/standard-biaxial-type-light-pull-rod-hydraulic-cylinder-3-480x194.webp 480w\" sizes=\"(min-width: 0px) and (max-width: 480px) 480px, (min-width: 481px) 790px, 100vw\" \/><\/p>\n<h3>(11) Standard med justerbar h\u00e6ttetype letstangshydraulisk cylinder<\/h3>\n<p><img loading=\"lazy\" decoding=\"async\" class=\"alignnone size-full wp-image-318752\" src=\"https:\/\/hzpt.com\/wp-content\/uploads\/2023\/08\/standard-with-adjustable-cap-type-light-pull-rod-hydraulic-cylinder-3.webp\" alt=\"\" width=\"790\" height=\"320\" \/><\/p>\n<h2><strong>MOB-type<\/strong><strong> Modelnavn for hydraulisk cylinder med let stang:<\/strong><\/h2>\n<p><img loading=\"lazy\" decoding=\"async\" class=\"alignnone wp-image-856 size-full\" src=\"https:\/\/hydraulic-cylinders.net\/wp-content\/uploads\/2023\/08\/mob-type-light-rod-hydraulic-cylinder-1.webp\" alt=\"\" width=\"960\" height=\"350\" srcset=\"https:\/\/hydraulic-cylinders.net\/wp-content\/uploads\/2023\/08\/mob-type-light-rod-hydraulic-cylinder-1.webp 960w, https:\/\/hydraulic-cylinders.net\/wp-content\/uploads\/2023\/08\/mob-type-light-rod-hydraulic-cylinder-1-480x175.webp 480w\" sizes=\"(min-width: 0px) and (max-width: 480px) 480px, (min-width: 481px) 960px, 100vw\" \/><\/p>\n<h2><strong>MOB Type Letstang Hydraulisk Cylinder Egenskaber:<\/strong><img loading=\"lazy\" decoding=\"async\" class=\"alignnone wp-image-857 size-full\" style=\"color: #666666; font-size: 14px;\" src=\"https:\/\/hydraulic-cylinders.net\/wp-content\/uploads\/2023\/08\/mob-type-light-rod-hydraulic-cylinder-2.webp\" alt=\"\" width=\"960\" height=\"241\" srcset=\"https:\/\/hydraulic-cylinders.net\/wp-content\/uploads\/2023\/08\/mob-type-light-rod-hydraulic-cylinder-2.webp 960w, https:\/\/hydraulic-cylinders.net\/wp-content\/uploads\/2023\/08\/mob-type-light-rod-hydraulic-cylinder-2-480x121.webp 480w\" sizes=\"(min-width: 0px) and (max-width: 480px) 480px, (min-width: 481px) 960px, 100vw\" \/><\/h2>\n<h2><strong>Mob Light Rod hydraulisk cylinder kraft:<\/strong><\/h2>\n<p>Cylinderdiameteren og driftstrykket bestemmer kraften fra MOB-hydraulisk cylinder med let stang. Driftstrykket er mindre end eller lig med 7 MPa, og f\u00f8lgende er trykkraften for hver forskellig cylinderdiameter under en fuld belastning p\u00e5 7 MPa. Hvis kraften tr\u00e6kkes, er den mindre end trykkraften.<\/p>\n<h2><strong>MOB Letstang Hydraulisk Cylinder Fabrik 100% Olietest:<\/strong><\/h2>\n<p>Olietesten udf\u00f8res p\u00e5 testb\u00e6nken. Implementeringstrinnene er som f\u00f8lger: Testb\u00e6nkens olier\u00f8r forbindes til olieindl\u00f8bet og -udl\u00f8bet p\u00e5 oliecylinderen, testb\u00e6nken s\u00e6ttes under tryk, olien fra testb\u00e6nken kommer ind i oliecylinderen, og oliecylinderen vendes gennem magnetventilen, s\u00e5 oliecylinderen kan bev\u00e6ge sig frem og tilbage flere gange, og mellemrummet mellem cylinderens stangende, cylinderen og for- og bagd\u00e6kslet observeres for at se, om der er oliel\u00e6kage.<\/p>\n<p>Testtryk =7 MPa * 1,5 = 10,5 MPa. Kontroller, om oliecylinderen er blevet testet; det er ligetil. Efter modtagelse af cylinderen skal du fjerne proppen fra olieporten for at se, om der er oliespor. Der er oliespor, der indikerer, at olietesten er udf\u00f8rt.<\/p>\n<h2><strong>Mob Light Rod hydraulisk cylinder sammens\u00e6tning:<\/strong><\/h2>\n<p>MOB letstangs hydrauliske cylinder best\u00e5r af forreste cylinderhoved, bageste cylinderhoved, stempel, cylinder, stempelstang, 4 skruest\u00e6nger, 8 l\u00e5sem\u00f8trikker og pakninger, 1 stempell\u00e5sem\u00f8trik og pakning, 1 stempelstangsendematchende l\u00e5sem\u00f8trik, et komplet s\u00e6t pakninger, stangendebeskyttelsesmuffe og olieprop.<\/p>\n<p>Da cylinderen i denne serie kun er 7 MPa, er for- og bagd\u00e6kslerne lavet af st\u00f8begods HT200, stempelstangen er nr. 45 forkromet med en lagtykkelse p\u00e5 2-3 tr\u00e5de, cylindercylinderen er nr. 20 valset r\u00f8r, og stangmaterialet er A3.<\/p>\n<h2><strong>Hvordan renoverer man en hydraulisk cylinder?<\/strong><\/h2>\n<p>Genopbygning af en hydraulisk cylinder involverer adskillelse af cylinderen, inspektion og udskiftning af slidte eller beskadigede komponenter og samling af cylinderen med nye pakninger og andre n\u00f8dvendige dele. Her er en trinvis vejledning i, hvordan man genopbygger en hydraulisk cylinder:<\/p>\n<ol>\n<li><strong>Sikkerhedsforanstaltninger<\/strong>F\u00f8r der p\u00e5begyndes vedligeholdelsesarbejde p\u00e5 hydrauliske cylindre, skal det sikres, at systemet er trykl\u00f8st, og at udstyret er forsvarligt fastl\u00e5st for at forhindre utilsigtet bev\u00e6gelse.<\/li>\n<li><strong>Afmontering af cylinder<\/strong>Frakobl hydraulikledningerne fra cylinderen, og fjern eventuelle monteringsbeslag eller eksterne komponenter, der kan blokere adgangen til cylinderen.<\/li>\n<li><strong>Demontering<\/strong>Adskil forsigtigt den hydrauliske cylinder, og v\u00e6r opm\u00e6rksom p\u00e5 r\u00e6kkef\u00f8lgen og retningen af \u200b\u200bkomponenterne, n\u00e5r du afmonterer dem. Start med at afmontere cylinderhovedet eller h\u00e6tten, efterfulgt af stempelenheden. Beskadig ikke cylinderboringen eller andre indvendige komponenter under afmonteringen.<\/li>\n<li><strong>Inspektion<\/strong>Reng\u00f8r grundigt alle komponenter, og inspicer dem visuelt for slid, skader eller tegn p\u00e5 korrosion. Vurder tilstanden af \u200b\u200bcylinderboringen, stemplet, stangen og andre indvendige dele. Hvis nogen detaljer er meget slidte eller beskadigede, skal de udskiftes med nye.<\/li>\n<li><strong>Udskiftning af pakning og O-ring<\/strong>Reparationss\u00e6t til hydrauliske cylindre inkluderer typisk nye pakninger og O-ringe. Fjern de gamle pakninger og O-ringe, og udskift dem med de nye fra s\u00e6ttet. S\u00f8rg for, at de nye pakninger og O-ringe er tilstr\u00e6kkeligt smurt med hydraulikolie eller et kompatibelt pakningssm\u00f8remiddel f\u00f8r montering.<\/li>\n<li><strong>Udskiftning af komponenter<\/strong>Hvis andre komponenter, s\u00e5som lejer, b\u00f8sninger eller slidringe, viser tegn p\u00e5 slid eller skade, skal de udskiftes med nye som anbefalet af producenten. F\u00f8lg producentens retningslinjer for korrekt monteringsteknik og momentspecifikationer.<\/li>\n<li><strong>Genmontering af cylinder<\/strong>N\u00e5r alle n\u00f8dvendige komponenter er udskiftet, skal hydraulikcylinderen samles igen i omvendt r\u00e6kkef\u00f8lge af afmonteringen. S\u00f8rg for, at alle dele er monteret korrekt, justeret korrekt og sp\u00e6ndt i henhold til producentens specifikationer.<\/li>\n<li><strong>Test og inspektion<\/strong>Efter genmontering skal den genopbyggede cylinder grundigt inspiceres for at sikre, at alle komponenter er korrekt installeret. Kontroller for tegn p\u00e5 l\u00e6kage, forkert justering eller unormal bev\u00e6gelse. Tryk langsomt systemet, og k\u00f8r en test for at bekr\u00e6fte, at cylinderen fungerer gnidningsl\u00f8st og effektivt.<\/li>\n<li><strong>Systembl\u00f8dning<\/strong>Udluft om n\u00f8dvendigt det hydrauliske system for at fjerne eventuel luft, der kan v\u00e6re kommet ind under genopbygningsprocessen. F\u00f8lg producentens anbefalinger, eller kontakt en hydraulisk fagmand for at f\u00e5 de korrekte udluftningsprocedurer.<\/li>\n<li>Dokumentation: Hold styr p\u00e5 ombygningen, og noter dato, udskiftede komponenter og eventuelle relevante observationer eller m\u00e5linger. Denne dokumentation kan v\u00e6re nyttig til fremtidig reference og vedligeholdelsesplanl\u00e6gning.<\/li>\n<\/ol>\n<h2><strong>Fabrikkens kapacitet og kapacitet:<\/strong><\/h2>\n<h3>(1) Samling<\/h3>\n<p>Vi har en f\u00f8rsteklasses uafh\u00e6ngig forsknings- og udviklingsplatform til montering. V\u00e6rkstedet for produktion af hydrauliske cylindre har fire halvautomatiske l\u00f8ftecylindermonteringslinjer og en automatisk vippecylindermonteringslinje med en designm\u00e6ssig \u00e5rlig produktionskapacitet p\u00e5 1 million enheder. Det specielle cylinderv\u00e6rksted er udstyret med forskellige specifikationer for et halvautomatisk reng\u00f8ringsmonteringssystem med en designm\u00e6ssig \u00e5rlig produktionskapacitet p\u00e5 200.000 og udstyret med ber\u00f8mt CNC-bearbejdningsudstyr, et bearbejdningscenter, et specialudstyr til h\u00f8jpr\u00e6cisionscylinderbearbejdning, en robotsvejsemaskine, en automatisk reng\u00f8ringsmaskine, en automatisk cylindermonteringsmaskine og en automatisk malingslinje. Eksisterende kritisk udstyr p\u00e5 mere end 300 s\u00e6t (s\u00e6t). Optimal allokering og effektiv udnyttelse af udstyrsressourcer sikrer produkternes n\u00f8jagtighedskrav og opfylder produkternes h\u00f8je kvalitetsbehov.<\/p>\n<p><img loading=\"lazy\" decoding=\"async\" class=\"alignnone wp-image-626\" src=\"https:\/\/hydraulic-cylinders.net\/wp-content\/uploads\/2023\/08\/hydraulic-cylinder-product-1-300x158.webp\" alt=\"\" width=\"495\" height=\"260\" srcset=\"https:\/\/hydraulic-cylinders.net\/wp-content\/uploads\/2023\/08\/hydraulic-cylinder-product-1-300x158.webp 495w, https:\/\/hydraulic-cylinders.net\/wp-content\/uploads\/2023\/08\/hydraulic-cylinder-product-1-480x252.webp 480w\" sizes=\"(min-width: 0px) and (max-width: 480px) 480px, (min-width: 481px) 495px, 100vw\" \/> <img loading=\"lazy\" decoding=\"async\" class=\"alignnone wp-image-627\" src=\"https:\/\/hydraulic-cylinders.net\/wp-content\/uploads\/2023\/08\/hydraulic-cylinder-product-2-300x189.webp\" alt=\"\" width=\"413\" height=\"260\" \/><\/p>\n<h3>(2) Maskinbearbejdning<\/h3>\n<p>Bearbejdningsv\u00e6rkstedet er udstyret med et specialfremstillet drejecenter til skr\u00e5 skinner, bearbejdningscenter, h\u00f8jhastigheds-honemaskine, svejserobot og andet relateret udstyr, der kan h\u00e5ndtere bearbejdning af cylinderr\u00f8r med en maksimal indre diameter p\u00e5 400 mm og en maksimal l\u00e6ngde p\u00e5 6 meter.<\/p>\n<p><img loading=\"lazy\" decoding=\"async\" class=\"alignnone wp-image-628 size-large\" src=\"https:\/\/hydraulic-cylinders.net\/wp-content\/uploads\/2023\/08\/hydraulic-cylinder-product-3-1024x391.webp\" alt=\"\" width=\"1024\" height=\"391\" srcset=\"https:\/\/hydraulic-cylinders.net\/wp-content\/uploads\/2023\/08\/hydraulic-cylinder-product-3-980x374.webp 980w, https:\/\/hydraulic-cylinders.net\/wp-content\/uploads\/2023\/08\/hydraulic-cylinder-product-3-480x183.webp 480w\" sizes=\"(min-width: 0px) and (max-width: 480px) 480px, (min-width: 481px) and (max-width: 980px) 980px, (min-width: 981px) 1024px, 100vw\" \/><\/p>\n<h3>(3) Svejsning<\/h3>\n<p><img loading=\"lazy\" decoding=\"async\" class=\"alignnone wp-image-629 size-large\" src=\"https:\/\/hydraulic-cylinders.net\/wp-content\/uploads\/2023\/08\/hydraulic-cylinder-product-4-1024x510.webp\" alt=\"\" width=\"1024\" height=\"510\" srcset=\"https:\/\/hydraulic-cylinders.net\/wp-content\/uploads\/2023\/08\/hydraulic-cylinder-product-4-980x488.webp 980w, https:\/\/hydraulic-cylinders.net\/wp-content\/uploads\/2023\/08\/hydraulic-cylinder-product-4-480x239.webp 480w\" sizes=\"(min-width: 0px) and (max-width: 480px) 480px, (min-width: 481px) and (max-width: 980px) 980px, (min-width: 981px) 1024px, 100vw\" \/><\/p>\n<h3>(4) Maling og overfladebehandling<\/h3>\n<p>Med sm\u00e5 og mellemstore cylindriske automatiske vandbaserede malingsbel\u00e6gningslinjer, for at opn\u00e5 automatisk robotp\u00e5fyldning og -afl\u00e6sning samt automatisk spr\u00f8jtning, er den designm\u00e6ssige kapacitet p\u00e5 4000 stykker pr. skift;<br \/>\nVi har ogs\u00e5 en halvautomatisk malingsproduktionslinje til store cylindre drevet af en kabelk\u00e6de med en designkapacitet p\u00e5 60 kasser pr. skift.<\/p>\n<p><img loading=\"lazy\" decoding=\"async\" class=\"alignnone wp-image-630\" src=\"https:\/\/hydraulic-cylinders.net\/wp-content\/uploads\/2023\/08\/hydraulic-cylinder-product-5-300x213.webp\" alt=\"\" width=\"366\" height=\"260\" \/> <img loading=\"lazy\" decoding=\"async\" class=\"alignnone wp-image-631\" src=\"https:\/\/hydraulic-cylinders.net\/wp-content\/uploads\/2023\/08\/hydraulic-cylinder-product-6-300x225.webp\" alt=\"\" width=\"347\" height=\"260\" \/><\/p>\n<h3>(5) Testning<\/h3>\n<p>Vi har f\u00f8rsteklasses inspektionsfaciliteter og testb\u00e6nke for at sikre, at cylinderens ydeevne opfylder kravene.<\/p>\n<p><img loading=\"lazy\" decoding=\"async\" class=\"alignnone wp-image-632\" src=\"https:\/\/hydraulic-cylinders.net\/wp-content\/uploads\/2023\/08\/hydraulic-cylinder-product-8-300x200.webp\" alt=\"\" width=\"389\" height=\"260\" \/><\/p>\n<p>&nbsp;<\/p>\n<p>&nbsp;<\/p>\n<p>Vi er en af \u200b\u200bde bedste producenter af hydrauliske letstangscylindre. Vi kan tilbyde et bredt lager af hydrauliske letstangscylindre. Vi leverer ogs\u00e5 tilsvarende <a href=\"https:\/\/hzpt.com\/agricultural-pto-gearbox\/\" target=\"_blank\" rel=\"noopener\">landbrugsgearkasser<\/a>Vi har eksporteret vores produkter til kunder over hele verden og har opn\u00e5et et godt omd\u00f8mme p\u00e5 grund af vores overlegne produktkvalitet og eftersalgsservice. Vi byder kunder i ind- og udland velkommen til at kontakte os for at forhandle forretninger, udveksle information og <a href=\"https:\/\/www.hydraulic-cylinders.net\/da\/contact-us\/\">samarbejde med os<\/a>!<\/p>","protected":false},"excerpt":{"rendered":"<p>MOB Type Light Rod Hydraulic Cylinder MOB light rod hydraulic cylinder is a low-cost cylinder of the exact specification because the pressure is slight, the composition of the cylinder thickness is thin, the piston rod is relatively small, the front and back covers are cast, and the low-pressure seal price is relatively low. MOB light [&hellip;]<\/p>","protected":false},"featured_media":864,"comment_status":"open","ping_status":"closed","template":"","meta":{"_et_pb_use_builder":"","_et_pb_old_content":"","_et_gb_content_width":""},"product_brand":[],"product_cat":[1550,1525,1509,1376,1387],"product_tag":[1380],"class_list":{"0":"post-855","1":"product","2":"type-product","3":"status-publish","4":"has-post-thumbnail","6":"product_cat-double-acting-hydraulic-cylinder","7":"product_cat-machine-tool-hydraulic-cylinders","8":"product_cat-tie-rod-hydraulic-cylinder","9":"product_cat-hydraulic-cylinder","10":"product_cat-light-rod-hydraulic-cylinder","11":"product_tag-hydraulic-cylinder","13":"first","14":"instock","15":"shipping-taxable","16":"product-type-simple"},"amp_enabled":true,"_links":{"self":[{"href":"https:\/\/www.hydraulic-cylinders.net\/da\/wp-json\/wp\/v2\/product\/855","targetHints":{"allow":["GET"]}}],"collection":[{"href":"https:\/\/www.hydraulic-cylinders.net\/da\/wp-json\/wp\/v2\/product"}],"about":[{"href":"https:\/\/www.hydraulic-cylinders.net\/da\/wp-json\/wp\/v2\/types\/product"}],"replies":[{"embeddable":true,"href":"https:\/\/www.hydraulic-cylinders.net\/da\/wp-json\/wp\/v2\/comments?post=855"}],"wp:featuredmedia":[{"embeddable":true,"href":"https:\/\/www.hydraulic-cylinders.net\/da\/wp-json\/wp\/v2\/media\/864"}],"wp:attachment":[{"href":"https:\/\/www.hydraulic-cylinders.net\/da\/wp-json\/wp\/v2\/media?parent=855"}],"wp:term":[{"taxonomy":"product_brand","embeddable":true,"href":"https:\/\/www.hydraulic-cylinders.net\/da\/wp-json\/wp\/v2\/product_brand?post=855"},{"taxonomy":"product_cat","embeddable":true,"href":"https:\/\/www.hydraulic-cylinders.net\/da\/wp-json\/wp\/v2\/product_cat?post=855"},{"taxonomy":"product_tag","embeddable":true,"href":"https:\/\/www.hydraulic-cylinders.net\/da\/wp-json\/wp\/v2\/product_tag?post=855"}],"curies":[{"name":"wp","href":"https:\/\/api.w.org\/{rel}","templated":true}]}}