{"id":943,"date":"2023-09-04T06:17:54","date_gmt":"2023-09-04T06:17:54","guid":{"rendered":"https:\/\/hydraulic-cylinders.net\/?post_type=product&#038;p=943"},"modified":"2023-09-19T05:33:22","modified_gmt":"2023-09-19T05:33:22","slug":"biaxial-type-with-adjustable-nuts-heavy-rod-hydraulic-cylinder","status":"publish","type":"product","link":"https:\/\/www.hydraulic-cylinders.net\/da\/vare\/biaxial-type-with-adjustable-nuts-heavy-rod-hydraulic-cylinder\/","title":{"rendered":"Biaxial type med justerbare m\u00f8trikker Hydraulisk cylinder med tung stang"},"content":{"rendered":"<h1 style=\"text-align: center;\"><strong>Biaxial type med justerbare m\u00f8trikker Hydraulisk cylinder med tung stang<\/strong><\/h1>\n<p>Den biaxiale hydrauliske cylinder med justerbar m\u00f8trikv\u00e6gt er et h\u00f8jtydende hydraulisk element designet til nemt at l\u00f8se kr\u00e6vende industrielle applikationer. Med sin robuste konstruktion, unikke toakslede design og fleksible m\u00f8trikfunktion tilbyder denne hydrauliske cylinder enest\u00e5ende kraft, pr\u00e6cision og alsidighed. Uanset om du skal l\u00f8fte, skubbe eller tr\u00e6kke tunge belastninger, skiller den toakslede hydrauliske cylinder med kraftig stang og justerbare m\u00f8trikker sig ud under udfordrende forhold og g\u00f8r den til et uundv\u00e6rligt v\u00e6rkt\u00f8j i enhver branche.<\/p>\n<p>V\u00e6sentlige egenskaber ved hydraulisk cylinder med tung stang:<\/p>\n<p><strong>Robust konstruktion:<\/strong>\u00a0 Denne hydrauliske cylinder med kraftig stang er bygget til at modst\u00e5 ekstreme forhold takket v\u00e6re dens holdbare konstruktion af materialer af h\u00f8j kvalitet. Dens robuste design sikrer lang levetid, p\u00e5lidelighed og slidstyrke, og h\u00e5ndterer effektivt tunge belastninger, h\u00f8jt tryk og barske arbejdsmilj\u00f8er.<\/p>\n<p><strong>Biaksialt design:<\/strong>\u00a0 Cylinderens dobbeltaksede konfiguration giver forbedret stabilitet, kontrolleret bev\u00e6gelse og pr\u00e6cis positionering. Dens dobbeltaksede konstruktion muligg\u00f8r j\u00e6vn drift og minimerer risikoen for forkert justering eller afb\u00f8jning under brug, hvilket sikrer optimal ydeevne og sikkerhed.<\/p>\n<p><strong>Justerbare m\u00f8trikker Funktion:<\/strong> Biaksiale hydrauliske cylindre med justerbare m\u00f8trikker og kraftige stangcylindre er udstyret med justerbare m\u00f8trikker, der muligg\u00f8r nem tilpasning og finjustering. Denne funktion g\u00f8r det muligt for brugerne at justere cylinderens slagl\u00e6ngde for at optimere dens ydeevne til specifikke applikationer og driftskrav.<\/p>\n<p><img loading=\"lazy\" decoding=\"async\" class=\"size-full wp-image-945 aligncenter\" src=\"https:\/\/hydraulic-cylinders.net\/wp-content\/uploads\/2023\/09\/biaxial-type-with-adjustable-nuts-heavy-rod-hydraulic-cylinder-2.webp\" alt=\"\" width=\"297\" height=\"297\" srcset=\"https:\/\/www.hydraulic-cylinders.net\/wp-content\/uploads\/2023\/09\/biaxial-type-with-adjustable-nuts-heavy-rod-hydraulic-cylinder-2.webp 297w, https:\/\/www.hydraulic-cylinders.net\/wp-content\/uploads\/2023\/09\/biaxial-type-with-adjustable-nuts-heavy-rod-hydraulic-cylinder-2-100x100.webp 100w, https:\/\/www.hydraulic-cylinders.net\/wp-content\/uploads\/2023\/09\/biaxial-type-with-adjustable-nuts-heavy-rod-hydraulic-cylinder-2-150x150.webp 150w, https:\/\/www.hydraulic-cylinders.net\/wp-content\/uploads\/2023\/09\/biaxial-type-with-adjustable-nuts-heavy-rod-hydraulic-cylinder-2-12x12.webp 12w\" sizes=\"(max-width: 297px) 100vw, 297px\" \/><\/p>\n<h2><strong>Biaksial type hydraulisk cylinder med tung stangparameter:<\/strong><\/h2>\n<p><img loading=\"lazy\" decoding=\"async\" class=\"alignnone wp-image-946 size-full\" src=\"https:\/\/hydraulic-cylinders.net\/wp-content\/uploads\/2023\/09\/biaxial-type-with-adjustable-nuts-heavy-rod-hydraulic-cylinder-1.webp\" alt=\"\" width=\"790\" height=\"512\" srcset=\"https:\/\/hydraulic-cylinders.net\/wp-content\/uploads\/2023\/09\/biaxial-type-with-adjustable-nuts-heavy-rod-hydraulic-cylinder-1.webp 790w, https:\/\/hydraulic-cylinders.net\/wp-content\/uploads\/2023\/09\/biaxial-type-with-adjustable-nuts-heavy-rod-hydraulic-cylinder-1-480x311.webp 480w\" sizes=\"(min-width: 0px) and (max-width: 480px) 480px, (min-width: 481px) 790px, 100vw\" \/><\/p>\n<h2><strong>Standard biaxial type hydraulisk cylinder med tung stang <\/strong><strong>Brugsmetode<\/strong><strong>:<\/strong><\/h2>\n<p><strong>Montering:<\/strong>\u00a0 Brug f\u00f8rst det passende monteringsbeslag eller den passende monteringsbeslag til sikkert at installere den hydrauliske cylinder med dobbeltaksel og justerbar m\u00f8trik med tung stang. S\u00f8rg for korrekt justering og stabilitet under installationen for at forhindre sk\u00e6v cylinderjustering eller overdreven belastning.<\/p>\n<p><strong>Integration af hydraulisk system:<\/strong>\u00a0 Tilslut hydraulikledningen til cylinderen i henhold til producentens anvisninger og retningslinjer. Cylinderen integreres i hydrauliksystemet ved at tilslutte den til en passende pumpe eller kraftenhed. S\u00f8rg for, at cylinderens specifikationer og driftskrav er opfyldt.<\/p>\n<p><strong>Justering af justerbare m\u00f8trikker:<\/strong>\u00a0 Brug den justerbare m\u00f8trikfunktion til at tilpasse cylinderens slagl\u00e6ngde. Juster m\u00f8trikken for at opn\u00e5 den \u00f8nskede str\u00e6k- og krympeafstand, hvilket optimerer cylinderens ydeevne til den specifikke opgave. Sp\u00e6nd m\u00f8trikken efter justering.<\/p>\n<h2><strong>Standard biaxial type hydraulisk cylinder med tung stang <\/strong><strong>Opretholdelse<\/strong><strong>:<\/strong><\/h2>\n<p>Regelm\u00e6ssig vedligeholdelse er afg\u00f8rende for at sikre optimal ydeevne og levetid for den biaxiale hydrauliske cylinder af kraftig stang med justerbare m\u00f8trikker. F\u00f8lg disse vedligeholdelsesretningslinjer:<\/p>\n<p><strong>Periodisk inspektion:<\/strong> Udf\u00f8r rutinem\u00e6ssige inspektioner for at identificere tegn p\u00e5 slid, skader eller l\u00e6kager. Inspicer cylinderhuset, stangen, pakningerne og de justerbare m\u00f8trikker for unormaliteter. Ret eventuelle problemer omg\u00e5ende for at forhindre yderligere skader eller driftsm\u00e6ssig ineffektivitet.<\/p>\n<p><strong>Sm\u00f8ring:<\/strong> P\u00e5f\u00f8r det anbefalede sm\u00f8remiddel p\u00e5 cylinderens bev\u00e6gelige dele, inklusive stang, pakninger og justerbare m\u00f8trikker. Regelm\u00e6ssig sm\u00f8ring minimerer friktion, reducerer slid og sikrer problemfri drift. F\u00f8lg producentens retningslinjer for sm\u00f8reintervaller, og brug den passende sm\u00f8remiddeltype.<\/p>\n<p><strong>Udskiftning af pakning:<\/strong> Hvis du bem\u00e6rker forringelse eller l\u00e6kage af pakningerne, skal du udskifte dem med originale reservedele, der er godkendt af producenten. Beskadigede eller slidte pakninger kan forringe cylinderens ydeevne og kan f\u00f8re til l\u00e6kager af hydraulikv\u00e6ske.<\/p>\n<p><strong>Rensning:<\/strong> Reng\u00f8r den tunge hydrauliske cylinder med stang ved at fjerne snavs, affald og andre forurenende stoffer. Brug et ikke-slibende reng\u00f8ringsmiddel, og s\u00f8rg for, at alle komponenter er grundigt t\u00f8rre, inden de samles igen. Regelm\u00e6ssig reng\u00f8ring fremmer optimal ydeevne og forhindrer for tidligt slid eller skader.<\/p>\n<h2><strong>Hvordan fungerer en envejs hydraulisk cylinder?<\/strong><\/h2>\n<p>Her er en trin-for-trin forklaring af, hvordan en envejs hydraulisk cylinder fungerer:<\/p>\n<ol>\n<li><strong>Cylinderkonstruktion:<\/strong> En envejs hydraulisk cylinder best\u00e5r af en cylindrisk cylinder, et stempel, en stempelstang og en eller flere pakninger. Cylindercylinderen huser stemplet og fungerer som et forseglet kammer til hydraulikv\u00e6ske.<\/li>\n<li><strong>Hydraulikv\u00e6skeforsyning:<\/strong> Hydraulikv\u00e6ske, typisk olie, tilf\u00f8res cylinderen gennem en indl\u00f8bsport, der er forbundet til en hydraulisk pumpe eller kraftenhed. Hydraulikv\u00e6sken er under tryk, hvilket skaber en kraft, der virker p\u00e5 stemplet.<\/li>\n<li><strong>Forl\u00e6ngelseslag:<\/strong> N\u00e5r der p\u00e5f\u00f8res hydraulisk tryk p\u00e5 cylinderens indl\u00f8bsport, kommer den tryksatte v\u00e6ske ind i cylinderkammeret p\u00e5 den ene side af stemplet. Kraften fra den hydrauliske v\u00e6ske skubber stemplet og den fastgjorte stempelstang udad, hvilket forl\u00e6nger cylinderens slagl\u00e6ngde.<\/li>\n<li><strong>Tilbagetr\u00e6kningsslag:<\/strong> I mods\u00e6tning til en dobbeltvirkende cylinder, som kan generere kraft i begge retninger, er en envejs hydraulisk cylinder afh\u00e6ngig af en ekstern kraft for at tr\u00e6kke stemplet tilbage. Denne kraft kan tilvejebringes af tyngdekraften, en fjeder eller en ekstern belastning, der skubber stemplet tilbage i cylinderen.<\/li>\n<li><strong>Forseglingsoperation:<\/strong> T\u00e6tningerne i cylinderen forhindrer l\u00e6kage af hydraulisk v\u00e6ske og opretholder adskillelsen mellem v\u00e6ske- og stangsiden. De sikrer, at trykv\u00e6sken kun virker p\u00e5 den ene side af stemplet, hvilket skaber den \u00f8nskede line\u00e6re kraft.<\/li>\n<li><strong>Kontrolventiler:<\/strong> Kontrolventiler, s\u00e5som en retningsventil, styrer flowet og retningen af \u200b\u200bden hydrauliske v\u00e6ske. Ved at manipulere kontrolventilen kan operat\u00f8ren styre ud- og indtr\u00e6kningen af \u200b\u200bden envejs hydrauliske cylinder.<\/li>\n<li><strong>Returv\u00e6ske:<\/strong> N\u00e5r stemplet tr\u00e6kkes tilbage, presses hydraulikv\u00e6sken p\u00e5 cylinderens forl\u00e6ngerside ud og vender tilbage til hydraulikbeholderen gennem en udl\u00f8bsport eller en returledning.<\/li>\n<\/ol>\n<h2><strong>Fabrikkens kapacitet og kapacitet:<\/strong><\/h2>\n<h3>(1) Samling<\/h3>\n<p>Vi har en f\u00f8rsteklasses uafh\u00e6ngig forsknings- og udviklingsplatform til montering. V\u00e6rkstedet for produktion af hydrauliske cylindre har fire halvautomatiske l\u00f8ftecylindermonteringslinjer og en automatisk vippecylindermonteringslinje med en designm\u00e6ssig \u00e5rlig produktionskapacitet p\u00e5 1 million enheder. Det specielle cylinderv\u00e6rksted er udstyret med forskellige specifikationer for et halvautomatisk reng\u00f8ringsmonteringssystem med en designm\u00e6ssig \u00e5rlig produktionskapacitet p\u00e5 200.000 og udstyret med ber\u00f8mt CNC-bearbejdningsudstyr, et bearbejdningscenter, et specialudstyr til h\u00f8jpr\u00e6cisionscylinderbearbejdning, en robotsvejsemaskine, en automatisk reng\u00f8ringsmaskine, en automatisk cylindermonteringsmaskine og en automatisk malingslinje. Eksisterende kritisk udstyr p\u00e5 mere end 300 s\u00e6t (s\u00e6t). Optimal allokering og effektiv udnyttelse af udstyrsressourcer sikrer produkternes n\u00f8jagtighedskrav og opfylder produkternes h\u00f8je kvalitetsbehov.<\/p>\n<p><img loading=\"lazy\" decoding=\"async\" class=\"alignnone wp-image-626\" src=\"https:\/\/hydraulic-cylinders.net\/wp-content\/uploads\/2023\/08\/hydraulic-cylinder-product-1-300x158.webp\" alt=\"\" width=\"495\" height=\"260\" srcset=\"https:\/\/hydraulic-cylinders.net\/wp-content\/uploads\/2023\/08\/hydraulic-cylinder-product-1-300x158.webp 495w, https:\/\/hydraulic-cylinders.net\/wp-content\/uploads\/2023\/08\/hydraulic-cylinder-product-1-480x252.webp 480w\" sizes=\"(min-width: 0px) and (max-width: 480px) 480px, (min-width: 481px) 495px, 100vw\" \/> <img loading=\"lazy\" decoding=\"async\" class=\"alignnone wp-image-627\" src=\"https:\/\/hydraulic-cylinders.net\/wp-content\/uploads\/2023\/08\/hydraulic-cylinder-product-2-300x189.webp\" alt=\"\" width=\"413\" height=\"260\" \/><\/p>\n<h3>(2) Maskinbearbejdning<\/h3>\n<p>Bearbejdningsv\u00e6rkstedet er udstyret med et specialfremstillet drejecenter til skr\u00e5 skinner, bearbejdningscenter, h\u00f8jhastigheds-honemaskine, svejserobot og andet relateret udstyr, der kan h\u00e5ndtere bearbejdning af cylinderr\u00f8r med en maksimal indre diameter p\u00e5 400 mm og en maksimal l\u00e6ngde p\u00e5 6 meter.<\/p>\n<p><img loading=\"lazy\" decoding=\"async\" class=\"alignnone wp-image-628 size-large\" src=\"https:\/\/hydraulic-cylinders.net\/wp-content\/uploads\/2023\/08\/hydraulic-cylinder-product-3-1024x391.webp\" alt=\"\" width=\"1024\" height=\"391\" srcset=\"https:\/\/hydraulic-cylinders.net\/wp-content\/uploads\/2023\/08\/hydraulic-cylinder-product-3-980x374.webp 980w, https:\/\/hydraulic-cylinders.net\/wp-content\/uploads\/2023\/08\/hydraulic-cylinder-product-3-480x183.webp 480w\" sizes=\"(min-width: 0px) and (max-width: 480px) 480px, (min-width: 481px) and (max-width: 980px) 980px, (min-width: 981px) 1024px, 100vw\" \/><\/p>\n<h3>(3) Svejsning<\/h3>\n<p><img loading=\"lazy\" decoding=\"async\" class=\"alignnone wp-image-629 size-large\" src=\"https:\/\/hydraulic-cylinders.net\/wp-content\/uploads\/2023\/08\/hydraulic-cylinder-product-4-1024x510.webp\" alt=\"\" width=\"1024\" height=\"510\" srcset=\"https:\/\/hydraulic-cylinders.net\/wp-content\/uploads\/2023\/08\/hydraulic-cylinder-product-4-980x488.webp 980w, https:\/\/hydraulic-cylinders.net\/wp-content\/uploads\/2023\/08\/hydraulic-cylinder-product-4-480x239.webp 480w\" sizes=\"(min-width: 0px) and (max-width: 480px) 480px, (min-width: 481px) and (max-width: 980px) 980px, (min-width: 981px) 1024px, 100vw\" \/><\/p>\n<h3>(4) Maling og overfladebehandling<\/h3>\n<p>Med sm\u00e5 og mellemstore cylindriske automatiske vandbaserede malingsbel\u00e6gningslinjer, for at opn\u00e5 automatisk robotp\u00e5fyldning og -afl\u00e6sning samt automatisk spr\u00f8jtning, er den designm\u00e6ssige kapacitet p\u00e5 4000 stykker pr. skift;<br \/>\nVi har ogs\u00e5 en halvautomatisk malingsproduktionslinje til store cylindre drevet af en kabelk\u00e6de med en designkapacitet p\u00e5 60 kasser pr. skift.<\/p>\n<p><img loading=\"lazy\" decoding=\"async\" class=\"alignnone wp-image-630\" src=\"https:\/\/hydraulic-cylinders.net\/wp-content\/uploads\/2023\/08\/hydraulic-cylinder-product-5-300x213.webp\" alt=\"\" width=\"366\" height=\"260\" \/> <img loading=\"lazy\" decoding=\"async\" class=\"alignnone wp-image-631\" src=\"https:\/\/hydraulic-cylinders.net\/wp-content\/uploads\/2023\/08\/hydraulic-cylinder-product-6-300x225.webp\" alt=\"\" width=\"347\" height=\"260\" \/><\/p>\n<h3>(5) Testning<\/h3>\n<p>Vi har f\u00f8rsteklasses inspektionsfaciliteter og testb\u00e6nke for at sikre, at cylinderens ydeevne opfylder kravene.<\/p>\n<p><img loading=\"lazy\" decoding=\"async\" class=\"alignnone wp-image-632\" src=\"https:\/\/hydraulic-cylinders.net\/wp-content\/uploads\/2023\/08\/hydraulic-cylinder-product-8-300x200.webp\" alt=\"\" width=\"389\" height=\"260\" \/><\/p>\n<p>&nbsp;<\/p>\n<p>&nbsp;<\/p>\n<p>Vi er en af \u200b\u200bde bedste producenter af hydrauliske cylindre med kraftig stang. Vi kan tilbyde et bredt lager af hydrauliske cylindre med kraftig stang. Vi leverer ogs\u00e5 tilsvarende <a href=\"https:\/\/hzpt.com\/agricultural-pto-gearbox\/\" target=\"_blank\" rel=\"noopener\">landbrugsgearkasser<\/a>Vi har eksporteret vores produkter til kunder over hele verden og har opn\u00e5et et godt ry p\u00e5 grund af vores overlegne produktkvalitet og eftersalgsservice. Vi byder kunder i b\u00e5de ind- og udland varmt velkommen til at kontakte os for at forhandle forretninger, udveksle information og\u00a0<a href=\"https:\/\/www.hydraulic-cylinders.net\/da\/contact-us\/\">samarbejde med os<\/a>!<\/p>\n<p>&nbsp;<\/p>\n<h2><\/h2>","protected":false},"excerpt":{"rendered":"<p>Biaxial Type With Adjustable Nuts Heavy Rod Hydraulic Cylinder The biaxial type with adjustable nut-weight hydraulic cylinder is a high-performance hydraulic element designed to easily solve demanding industrial applications. With its rugged construction, unique two-shaft design, and flexible nut function, this hydraulic cylinder offers exceptional power, precision, and versatility. Whether you need to lift, push, [&hellip;]<\/p>","protected":false},"featured_media":947,"comment_status":"open","ping_status":"closed","template":"","meta":{"_et_pb_use_builder":"","_et_pb_old_content":"","_et_gb_content_width":""},"product_brand":[],"product_cat":[1376,1385],"product_tag":[1380],"class_list":{"0":"post-943","1":"product","2":"type-product","3":"status-publish","4":"has-post-thumbnail","6":"product_cat-hydraulic-cylinder","7":"product_cat-heavy-rod-hydraulic-cylinder","8":"product_tag-hydraulic-cylinder","10":"first","11":"instock","12":"shipping-taxable","13":"product-type-simple"},"amp_enabled":true,"_links":{"self":[{"href":"https:\/\/www.hydraulic-cylinders.net\/da\/wp-json\/wp\/v2\/product\/943","targetHints":{"allow":["GET"]}}],"collection":[{"href":"https:\/\/www.hydraulic-cylinders.net\/da\/wp-json\/wp\/v2\/product"}],"about":[{"href":"https:\/\/www.hydraulic-cylinders.net\/da\/wp-json\/wp\/v2\/types\/product"}],"replies":[{"embeddable":true,"href":"https:\/\/www.hydraulic-cylinders.net\/da\/wp-json\/wp\/v2\/comments?post=943"}],"wp:featuredmedia":[{"embeddable":true,"href":"https:\/\/www.hydraulic-cylinders.net\/da\/wp-json\/wp\/v2\/media\/947"}],"wp:attachment":[{"href":"https:\/\/www.hydraulic-cylinders.net\/da\/wp-json\/wp\/v2\/media?parent=943"}],"wp:term":[{"taxonomy":"product_brand","embeddable":true,"href":"https:\/\/www.hydraulic-cylinders.net\/da\/wp-json\/wp\/v2\/product_brand?post=943"},{"taxonomy":"product_cat","embeddable":true,"href":"https:\/\/www.hydraulic-cylinders.net\/da\/wp-json\/wp\/v2\/product_cat?post=943"},{"taxonomy":"product_tag","embeddable":true,"href":"https:\/\/www.hydraulic-cylinders.net\/da\/wp-json\/wp\/v2\/product_tag?post=943"}],"curies":[{"name":"wp","href":"https:\/\/api.w.org\/{rel}","templated":true}]}}