{"id":1012,"date":"2023-09-07T02:00:53","date_gmt":"2023-09-07T02:00:53","guid":{"rendered":"https:\/\/hydraulic-cylinders.net\/?post_type=product&#038;p=1012"},"modified":"2023-09-19T01:36:49","modified_gmt":"2023-09-19T01:36:49","slug":"rear-cover-trunnion-four-rod-hydraulic-cylinder","status":"publish","type":"product","link":"https:\/\/www.hydraulic-cylinders.net\/de\/produkt\/rear-cover-trunnion-four-rod-hydraulic-cylinder\/","title":{"rendered":"Hintere Abdeckung Drehzapfen Vierstangen-Hydraulikzylinder"},"content":{"rendered":"<h1 style=\"text-align: center;\"><strong>Hintere Abdeckung Drehzapfen Vierstangen-Hydraulikzylinder<\/strong><\/h1>\n<p><img loading=\"lazy\" decoding=\"async\" class=\"size-full wp-image-1013 aligncenter\" src=\"https:\/\/hydraulic-cylinders.net\/wp-content\/uploads\/2023\/09\/rear-cover-trunnion-four-rod-hydraulic-cylinder-1-1.webp\" alt=\"\" width=\"231\" height=\"231\" srcset=\"https:\/\/www.hydraulic-cylinders.net\/wp-content\/uploads\/2023\/09\/rear-cover-trunnion-four-rod-hydraulic-cylinder-1-1.webp 231w, https:\/\/www.hydraulic-cylinders.net\/wp-content\/uploads\/2023\/09\/rear-cover-trunnion-four-rod-hydraulic-cylinder-1-1-100x100.webp 100w, https:\/\/www.hydraulic-cylinders.net\/wp-content\/uploads\/2023\/09\/rear-cover-trunnion-four-rod-hydraulic-cylinder-1-1-150x150.webp 150w, https:\/\/www.hydraulic-cylinders.net\/wp-content\/uploads\/2023\/09\/rear-cover-trunnion-four-rod-hydraulic-cylinder-1-1-12x12.webp 12w\" sizes=\"(max-width: 231px) 100vw, 231px\" \/><\/p>\n<p>Der Vierkolben-Hydraulikzylinder mit hinterer Deckellagerung ist eine hochmoderne Komponente, die f\u00fcr au\u00dfergew\u00f6hnliche Leistung, pr\u00e4zise Steuerung und un\u00fcbertroffene Performance in verschiedenen industriellen Anwendungen entwickelt wurde. Dank seiner innovativen Konstruktion mit hinterer Deckellagerung und der Vierkolben-Konfiguration bietet dieser Vierkolben-Hydraulikzylinder verbesserte Stabilit\u00e4t, Langlebigkeit und Tragf\u00e4higkeit und ist somit ein unverzichtbarer Bestandteil anspruchsvoller Hydrauliksysteme.<\/p>\n<p>Wesentliche Merkmale des Vierstangen-Hydraulikzylinders:<\/p>\n<p><strong>Konstruktion der hinteren Abdeckungszapfen:<\/strong><\/p>\n<ol>\n<li style=\"list-style-type: none;\">\n<ul>\n<li>Die Konstruktion mit Zapfenlagerung an der R\u00fcckseite bietet eine sichere und effiziente Installationsl\u00f6sung, die einen zuverl\u00e4ssigen Betrieb auch unter hoher Belastung und extremen Bedingungen gew\u00e4hrleistet.<\/li>\n<li>Es vereinfacht die Installation und l\u00e4sst sich problemlos in verschiedene Hydrauliksysteme oder -ger\u00e4te integrieren.<\/li>\n<\/ul>\n<\/li>\n<\/ol>\n<p><strong>Vier-Stab-Konfiguration:<\/strong><\/p>\n<ol>\n<li style=\"list-style-type: none;\">\n<ul>\n<li>Die Vierstangenkonfiguration erh\u00f6ht die Tragf\u00e4higkeit des Vierstangen-Hydraulikzylinders und gew\u00e4hrleistet optimale Stabilit\u00e4t und pr\u00e4zise Positionierung.<\/li>\n<li>Dadurch kann der Vierkolben-Hydraulikzylinder Seitenkr\u00e4ften effektiv standhalten und bietet eine au\u00dfergew\u00f6hnliche Widerstandsf\u00e4higkeit gegen Torsions- und Seitenkr\u00e4fte.<\/li>\n<\/ul>\n<\/li>\n<\/ol>\n<p><strong>Hohe Leistungsabgabe:<\/strong><\/p>\n<ol>\n<li style=\"list-style-type: none;\">\n<ul>\n<li>Dieser Hydraulikzylinder mit vier Kolbenstangen verf\u00fcgt \u00fcber eine beeindruckende Leistungsabgabe, mit der er problemlos schwere Lasten bew\u00e4ltigen kann.<\/li>\n<li>Es bietet \u00fcberlegene Leistung und Schubkraft und eignet sich daher f\u00fcr Anwendungen, die viel Kraft und Hubkraft erfordern.<\/li>\n<\/ul>\n<\/li>\n<\/ol>\n<p><strong>Pr\u00e4zise Steuerung:<\/strong><\/p>\n<ul>\n<li style=\"list-style-type: none;\">\n<ul>\n<li>Der Vierstangen-Hydraulikzylinder am hinteren Deckelzapfen erm\u00f6glicht eine pr\u00e4zise lineare Bewegungssteuerung, um eine genaue Positionierung und einen reibungslosen Betrieb zu gew\u00e4hrleisten.<\/li>\n<li>Es bietet eine hervorragende Hubkontrolle und erm\u00f6glicht es dem Bediener, die f\u00fcr bestimmte Aufgaben erforderliche Geschwindigkeit und Pr\u00e4zision zu erreichen.<\/li>\n<\/ul>\n<\/li>\n<\/ul>\n<h2><strong>Parameter des Vierstangen-Hydraulikzylinders f\u00fcr die hintere Abdeckung:<\/strong><\/h2>\n<p><img loading=\"lazy\" decoding=\"async\" class=\"alignnone wp-image-1010 size-full\" src=\"https:\/\/hydraulic-cylinders.net\/wp-content\/uploads\/2023\/09\/rear-cover-rectangular-flange-four-rod-hydraulic-cylinder-2.webp\" alt=\"\" width=\"655\" height=\"197\" srcset=\"https:\/\/hydraulic-cylinders.net\/wp-content\/uploads\/2023\/09\/rear-cover-rectangular-flange-four-rod-hydraulic-cylinder-2.webp 655w, https:\/\/hydraulic-cylinders.net\/wp-content\/uploads\/2023\/09\/rear-cover-rectangular-flange-four-rod-hydraulic-cylinder-2-480x144.webp 480w\" sizes=\"(min-width: 0px) and (max-width: 480px) 480px, (min-width: 481px) 655px, 100vw\" \/><\/p>\n<p><img loading=\"lazy\" decoding=\"async\" class=\"alignnone wp-image-1033 size-full\" src=\"https:\/\/hydraulic-cylinders.net\/wp-content\/uploads\/2023\/09\/d-db-dd-four-rod-hydraulic-cylinder.webp\" alt=\"\" width=\"655\" height=\"249\" srcset=\"https:\/\/hydraulic-cylinders.net\/wp-content\/uploads\/2023\/09\/d-db-dd-four-rod-hydraulic-cylinder.webp 655w, https:\/\/hydraulic-cylinders.net\/wp-content\/uploads\/2023\/09\/d-db-dd-four-rod-hydraulic-cylinder-480x182.webp 480w\" sizes=\"(min-width: 0px) and (max-width: 480px) 480px, (min-width: 481px) 655px, 100vw\" \/><\/p>\n<h2><strong>Hintere Abdeckung Drehzapfen Vierstangen-Hydraulikzylinder <\/strong><strong>Verwendungsmethode<\/strong><strong>:<\/strong><\/h2>\n<p><strong>Montage und Installation:<\/strong><\/p>\n<ol>\n<li style=\"list-style-type: none;\">\n<ul>\n<li>Ber\u00fccksichtigen Sie die Lastanforderungen und die r\u00e4umlichen Gegebenheiten, um den geeigneten Einbauort des Hydraulikzylinders innerhalb des Systems oder der Anlage zu bestimmen.<\/li>\n<li>Stellen Sie sicher, dass die Montagefl\u00e4che sauber, eben und in der Lage ist, das Gewicht des Zylinders zu tragen.<\/li>\n<li>Die hinteren Abdeckungszapfen b\u00fcndig mit der Montagefl\u00e4che anbringen und mit den empfohlenen Schrauben oder Befestigungselementen sichern.<\/li>\n<\/ul>\n<\/li>\n<\/ol>\n<p><strong>Hydraulische Anschl\u00fcsse:<\/strong><\/p>\n<ol>\n<li style=\"list-style-type: none;\">\n<ul>\n<li>Schlie\u00dfen Sie die Zuleitung des Vierkolben-Hydraulikzylinders an den Zylinderanschluss an, um eine ordnungsgem\u00e4\u00dfe Abdichtung und damit ein Auslaufen zu gew\u00e4hrleisten.<\/li>\n<li>Befolgen Sie die Empfehlungen des Herstellers hinsichtlich der Art des Hydraulik\u00f6ls und f\u00fcllen Sie das System bis zum empfohlenen F\u00fcllstand.<\/li>\n<\/ul>\n<\/li>\n<\/ol>\n<p><strong>Betrieb:<\/strong><\/p>\n<ul>\n<li style=\"list-style-type: none;\">\n<ul>\n<li>Aktivieren Sie das Hydrauliksystem und steuern Sie die Bewegung des Zylinders mithilfe eines hydraulischen Steuerventils oder eines anderen geeigneten Steuermechanismus.<\/li>\n<li>Passen Sie die Durchfluss- und Druckeinstellungen an, um die gew\u00fcnschte Geschwindigkeit und Kraftabgabe zu erreichen.<\/li>\n<li>Die Zylinderfunktion sollte regelm\u00e4\u00dfig auf Anzeichen von Fehlfunktionen wie Leckagen, \u00dcberhitzung oder ungew\u00f6hnliche Ger\u00e4usche \u00fcberwacht werden.<\/li>\n<\/ul>\n<\/li>\n<\/ul>\n<h2><strong>Wartung des hinteren Abdeckungszapfens, Vierstangen-Hydraulikzylinder<\/strong><strong>:<\/strong><\/h2>\n<ol>\n<li><strong>Regelm\u00e4\u00dfige Inspektion:<\/strong>\n<ul>\n<li>F\u00fchren Sie regelm\u00e4\u00dfige Sichtpr\u00fcfungen durch, um Anzeichen von Verschlei\u00df, Leckagen oder Besch\u00e4digungen festzustellen.<\/li>\n<li>Pr\u00fcfen Sie die Stangenoberfl\u00e4che, die Dichtungen und die Befestigungsanschl\u00fcsse auf etwaige Unregelm\u00e4\u00dfigkeiten und beheben Sie etwaige Probleme umgehend.<\/li>\n<\/ul>\n<\/li>\n<li><strong>Schmierung:<\/strong>\n<ul>\n<li>Beachten Sie die Anweisungen des Herstellers bez\u00fcglich der Schmierintervalle und verwenden Sie ein empfohlenes Schmiermittel, um einen reibungslosen Betrieb zu gew\u00e4hrleisten.<\/li>\n<li>Schmieren Sie die Kolbenstange, die Dichtungen und andere bewegliche Teile, um die Reibung zu minimieren und die Lebensdauer des Zylinders zu verl\u00e4ngern.<\/li>\n<\/ul>\n<\/li>\n<li><strong>Dichtungswechsel:<\/strong>\n<ul>\n<li>Dichtungen k\u00f6nnen mit der Zeit verschlei\u00dfen und m\u00fcssen dann ausgetauscht werden. Sollten Sie eine Undichtigkeit feststellen, entfernen Sie die alten Dichtungen vorsichtig und setzen Sie neue gem\u00e4\u00df den Herstellervorgaben ein.<\/li>\n<\/ul>\n<\/li>\n<\/ol>\n<h2><strong>Wie \u00fcberholt man einen Hydraulikzylinder?<\/strong><\/h2>\n<p>Die \u00dcberholung eines Hydraulikzylinders umfasst das Zerlegen des Zylinders, die \u00dcberpr\u00fcfung seiner Komponenten, den Austausch verschlissener oder besch\u00e4digter Teile und die anschlie\u00dfende Montage, um seine Funktionsf\u00e4higkeit wiederherzustellen. Hier finden Sie eine allgemeine Schritt-f\u00fcr-Schritt-Anleitung zur \u00dcberholung eines Hydraulikzylinders:<\/p>\n<ol>\n<li><strong>Sammeln Sie die notwendigen Werkzeuge und Ausr\u00fcstungsgegenst\u00e4nde:<\/strong>\n<ul>\n<li>Bevor Sie mit dem Wiederaufbau beginnen, sollten Sie die ben\u00f6tigten Werkzeuge bereithalten, wie zum Beispiel Schraubenschl\u00fcssel, Zangen, einen Gummihammer, eine Zylinderhonzange, neue Dichtungen und O-Ringe, ein Dichtungsmontagewerkzeug und einen Hydraulikzylinder-Reparatursatz.<\/li>\n<\/ul>\n<\/li>\n<li><strong>Sicherheitsvorkehrungen:<\/strong>\n<ul>\n<li>Stellen Sie sicher, dass das Hydrauliksystem drucklos ist und der Zylinder von jeglicher Stromquelle getrennt ist.<\/li>\n<li>Verwenden Sie w\u00e4hrend des Wiederaufbaus geeignete Schutzausr\u00fcstung (PSA), wie z. B. Handschuhe und Schutzbrille.<\/li>\n<\/ul>\n<\/li>\n<li><strong>Zylinderdemontage:<\/strong>\n<ul>\n<li>Den Hydraulikzylinder aus dem Ger\u00e4t oder System ausbauen.<\/li>\n<li>Den Zylinder vorsichtig zerlegen, beginnend mit dem Entfernen der Endkappen oder Sicherungsringe.<\/li>\n<li>Den Druck im Zylinder durch vollst\u00e4ndiges Zur\u00fcckziehen der Stange abbauen.<\/li>\n<li>Beachten Sie die Reihenfolge der ausgebauten Bauteile, um eine korrekte Wiedermontage zu gew\u00e4hrleisten.<\/li>\n<\/ul>\n<\/li>\n<li><strong>Bauteilpr\u00fcfung:<\/strong>\n<ul>\n<li>Pr\u00fcfen Sie alle Zylinderbauteile, einschlie\u00dflich Pleuelstange, Kolben, Dichtungen und Lager, auf Anzeichen von Verschlei\u00df, Besch\u00e4digung oder Korrosion.<\/li>\n<li>Messen Sie die Abmessungen kritischer Bauteile, wie z. B. den Pleuelstangen- und Bohrungsdurchmesser, um sicherzustellen, dass sie den Spezifikationen entsprechen.<\/li>\n<li>Achten Sie genau auf den Zustand der Dichtungen und O-Ringe, da diese h\u00e4ufig die Ursache f\u00fcr Probleme mit Hydraulikzylindern sind.<\/li>\n<\/ul>\n<\/li>\n<li><strong>Austausch verschlissener oder besch\u00e4digter Teile:<\/strong>\n<ul>\n<li>Ersetzen Sie alle Dichtungen, O-Ringe oder andere besch\u00e4digte Bauteile, die bei der Inspektion festgestellt wurden.<\/li>\n<li>Stellen Sie sicher, dass die Ersatzteile mit dem Zylindermodell kompatibel sind und die erforderlichen Spezifikationen erf\u00fcllen.<\/li>\n<li>Die neuen Dichtungen bzw. O-Ringe vor dem Einbau mit Hydraulik\u00f6l einfetten.<\/li>\n<\/ul>\n<\/li>\n<li><strong>Zylinderzusammenbau:<\/strong>\n<ul>\n<li>Reinigen Sie alle demontierten Bauteile gr\u00fcndlich, um Schmutz und Ablagerungen zu entfernen.<\/li>\n<li>Beim Zusammenbau sollte ein d\u00fcnner Film Hydraulik\u00f6l auf die Bauteile aufgetragen werden, um eine Schmierung zu gew\u00e4hrleisten.<\/li>\n<li>Beachten Sie die Anweisungen des Herstellers oder die Reparaturanleitung, um die korrekte Montage der Befestigungselemente und die Einhaltung der Drehmomentvorgaben sicherzustellen.<\/li>\n<\/ul>\n<\/li>\n<li><strong>Test und Installation:<\/strong>\n<ul>\n<li>Sobald der Zylinder wieder zusammengebaut ist, testen Sie seine Funktionsf\u00e4higkeit durch Anlegen von Hydraulikdruck.<\/li>\n<li>Achten Sie w\u00e4hrend der Pr\u00fcfung auf Lecks, ungew\u00f6hnliche Ger\u00e4usche oder unregelm\u00e4\u00dfige Bewegungen.<\/li>\n<li>Funktioniert der Zylinder einwandfrei, kann er wieder in das Ger\u00e4t oder System eingebaut werden.<\/li>\n<\/ul>\n<\/li>\n<\/ol>\n<h2><strong>F\u00e4higkeit und Kapazit\u00e4t der Fabrik:<\/strong><\/h2>\n<h3>(1) Montage<\/h3>\n<p>Wir verf\u00fcgen \u00fcber eine erstklassige, unabh\u00e4ngige Forschungs- und Entwicklungsmontageplattform. Die Hydraulikzylinder-Produktionswerkstatt verf\u00fcgt \u00fcber vier halbautomatische Montagelinien f\u00fcr Hubzylinder und eine automatische Montagelinie f\u00fcr Kippzylinder mit einer geplanten j\u00e4hrlichen Produktionskapazit\u00e4t von 1 Million St\u00fcck. Die Spezialzylinderwerkstatt ist mit verschiedenen Spezifikationen eines halbautomatischen Reinigungsmontagesystems mit einer geplanten j\u00e4hrlichen Produktionskapazit\u00e4t von 200.000 ausgestattet und mit renommierten CNC-Bearbeitungsger\u00e4ten, einem Bearbeitungszentrum, einer hochpr\u00e4zisen Spezialausr\u00fcstung f\u00fcr die Zylinderverarbeitung, einer Roboterschwei\u00dfmaschine, einer automatischen Reinigungsmaschine, einer automatischen Zylindermontagemaschine und einer automatischen Lackierproduktionslinie ausgestattet. Es sind mehr als 300 Sets (S\u00e4tze) an kritischer Ausr\u00fcstung vorhanden. Die optimale Zuweisung und effiziente Nutzung der Ausr\u00fcstungsressourcen gew\u00e4hrleistet die Genauigkeitsanforderungen der Produkte und erf\u00fcllt die hohen Qualit\u00e4tsanforderungen der Produkte.<\/p>\n<p><img loading=\"lazy\" decoding=\"async\" class=\"alignnone wp-image-626\" src=\"https:\/\/hydraulic-cylinders.net\/wp-content\/uploads\/2023\/08\/hydraulic-cylinder-product-1-300x158.webp\" alt=\"\" width=\"495\" height=\"260\" srcset=\"https:\/\/hydraulic-cylinders.net\/wp-content\/uploads\/2023\/08\/hydraulic-cylinder-product-1-300x158.webp 495w, https:\/\/hydraulic-cylinders.net\/wp-content\/uploads\/2023\/08\/hydraulic-cylinder-product-1-480x252.webp 480w\" sizes=\"(min-width: 0px) and (max-width: 480px) 480px, (min-width: 481px) 495px, 100vw\" \/> <img loading=\"lazy\" decoding=\"async\" class=\"alignnone wp-image-627\" src=\"https:\/\/hydraulic-cylinders.net\/wp-content\/uploads\/2023\/08\/hydraulic-cylinder-product-2-300x189.webp\" alt=\"\" width=\"413\" height=\"260\" \/><\/p>\n<h3>(2) Bearbeitungen<\/h3>\n<p>Die Bearbeitungswerkstatt ist mit einem ma\u00dfgeschneiderten Schr\u00e4gschienen-Drehzentrum, einem Bearbeitungszentrum, einer Hochgeschwindigkeits-Honmaschine, einem Schwei\u00dfroboter und anderen zugeh\u00f6rigen Ger\u00e4ten ausgestattet, die die Bearbeitung von Zylinderrohren mit einem maximalen Innendurchmesser von 400 mm und einer maximalen L\u00e4nge von 6 Metern erm\u00f6glichen.<\/p>\n<p><img loading=\"lazy\" decoding=\"async\" class=\"alignnone wp-image-628 size-large\" src=\"https:\/\/hydraulic-cylinders.net\/wp-content\/uploads\/2023\/08\/hydraulic-cylinder-product-3-1024x391.webp\" alt=\"\" width=\"1024\" height=\"391\" srcset=\"https:\/\/hydraulic-cylinders.net\/wp-content\/uploads\/2023\/08\/hydraulic-cylinder-product-3-980x374.webp 980w, https:\/\/hydraulic-cylinders.net\/wp-content\/uploads\/2023\/08\/hydraulic-cylinder-product-3-480x183.webp 480w\" sizes=\"(min-width: 0px) and (max-width: 480px) 480px, (min-width: 481px) and (max-width: 980px) 980px, (min-width: 981px) 1024px, 100vw\" \/><\/p>\n<h3>(3) Schwei\u00dfen<\/h3>\n<p><img loading=\"lazy\" decoding=\"async\" class=\"alignnone wp-image-629 size-large\" src=\"https:\/\/hydraulic-cylinders.net\/wp-content\/uploads\/2023\/08\/hydraulic-cylinder-product-4-1024x510.webp\" alt=\"\" width=\"1024\" height=\"510\" srcset=\"https:\/\/hydraulic-cylinders.net\/wp-content\/uploads\/2023\/08\/hydraulic-cylinder-product-4-980x488.webp 980w, https:\/\/hydraulic-cylinders.net\/wp-content\/uploads\/2023\/08\/hydraulic-cylinder-product-4-480x239.webp 480w\" sizes=\"(min-width: 0px) and (max-width: 480px) 480px, (min-width: 481px) and (max-width: 980px) 980px, (min-width: 981px) 1024px, 100vw\" \/><\/p>\n<h3>(4) Malerei und Beschichtung<\/h3>\n<p>Mit kleinen und mittleren Zylinder automatische Lackieranlagen auf Wasserbasis, zu erreichen automatische Roboter Be-und Entladen und automatische Spritzen, die Design-Kapazit\u00e4t von 4000 St\u00fcck pro Schicht;<br \/>\nWir verf\u00fcgen auch \u00fcber eine halbautomatische Lackieranlage f\u00fcr gro\u00dfe Zylinder, die von einer Energiekette angetrieben wird und eine Kapazit\u00e4t von 60 Kisten pro Schicht hat.<\/p>\n<p><img loading=\"lazy\" decoding=\"async\" class=\"alignnone wp-image-630\" src=\"https:\/\/hydraulic-cylinders.net\/wp-content\/uploads\/2023\/08\/hydraulic-cylinder-product-5-300x213.webp\" alt=\"\" width=\"366\" height=\"260\" \/> <img loading=\"lazy\" decoding=\"async\" class=\"alignnone wp-image-631\" src=\"https:\/\/hydraulic-cylinders.net\/wp-content\/uploads\/2023\/08\/hydraulic-cylinder-product-6-300x225.webp\" alt=\"\" width=\"347\" height=\"260\" \/><\/p>\n<h3>(5) Pr\u00fcfung<\/h3>\n<p>Wir verf\u00fcgen \u00fcber erstklassige Pr\u00fcfeinrichtungen und Pr\u00fcfst\u00e4nde, um sicherzustellen, dass die Leistung des Zylinders den Anforderungen entspricht.<\/p>\n<p><img loading=\"lazy\" decoding=\"async\" class=\"alignnone wp-image-632\" src=\"https:\/\/hydraulic-cylinders.net\/wp-content\/uploads\/2023\/08\/hydraulic-cylinder-product-8-300x200.webp\" alt=\"\" width=\"389\" height=\"260\" \/><\/p>\n<p>&nbsp;<\/p>\n<p>&nbsp;<\/p>\n<p>Wir sind einer der besten Hersteller von leichten Vierstangen-Hydraulikzylindern. Wir bieten ein umfassendes Lager an leichten Vierstangen-Hydraulikzylindern. Wir bieten auch entsprechende <a href=\"https:\/\/hzpt.com\/agricultural-pto-gearbox\/\" target=\"_blank\" rel=\"noopener\">landwirtschaftliche Getriebe<\/a>. Wir haben unsere Produkte an Kunden in der ganzen Welt exportiert und uns aufgrund unserer hervorragenden Produktqualit\u00e4t und unseres Kundendienstes einen guten Ruf erworben. Wir hei\u00dfen Kunden im In- und Ausland herzlich willkommen, uns zu kontaktieren, um Gesch\u00e4fte zu verhandeln, Informationen auszutauschen und\u00a0<a href=\"https:\/\/www.hydraulic-cylinders.net\/de\/contact-us\/\">mit uns zusammenarbeiten<\/a>!<\/p>\n<h2><\/h2>\n<h2><\/h2>\n<h2><\/h2>","protected":false},"excerpt":{"rendered":"<p>Rear Cover Trunnion Four Rod Hydraulic Cylinder The rear cover trunnion four rod hydraulic cylinder is a cutting-edge component designed to provide exceptional power, precise control, and unmatched performance in various industrial applications. With its innovative rear cover trunnion design and four rod configuration, this four rod hydraulic cylinder offers enhanced stability, durability, and load-bearing [&hellip;]<\/p>","protected":false},"featured_media":1039,"comment_status":"open","ping_status":"closed","template":"","meta":{"_et_pb_use_builder":"","_et_pb_old_content":"","_et_gb_content_width":""},"product_brand":[],"product_cat":[1376,1386],"product_tag":[1380],"class_list":{"0":"post-1012","1":"product","2":"type-product","3":"status-publish","4":"has-post-thumbnail","6":"product_cat-hydraulic-cylinder","7":"product_cat-four-rod-hydraulic-cylinder","8":"product_tag-hydraulic-cylinder","10":"first","11":"instock","12":"shipping-taxable","13":"product-type-simple"},"amp_enabled":true,"_links":{"self":[{"href":"https:\/\/www.hydraulic-cylinders.net\/de\/wp-json\/wp\/v2\/product\/1012","targetHints":{"allow":["GET"]}}],"collection":[{"href":"https:\/\/www.hydraulic-cylinders.net\/de\/wp-json\/wp\/v2\/product"}],"about":[{"href":"https:\/\/www.hydraulic-cylinders.net\/de\/wp-json\/wp\/v2\/types\/product"}],"replies":[{"embeddable":true,"href":"https:\/\/www.hydraulic-cylinders.net\/de\/wp-json\/wp\/v2\/comments?post=1012"}],"wp:featuredmedia":[{"embeddable":true,"href":"https:\/\/www.hydraulic-cylinders.net\/de\/wp-json\/wp\/v2\/media\/1039"}],"wp:attachment":[{"href":"https:\/\/www.hydraulic-cylinders.net\/de\/wp-json\/wp\/v2\/media?parent=1012"}],"wp:term":[{"taxonomy":"product_brand","embeddable":true,"href":"https:\/\/www.hydraulic-cylinders.net\/de\/wp-json\/wp\/v2\/product_brand?post=1012"},{"taxonomy":"product_cat","embeddable":true,"href":"https:\/\/www.hydraulic-cylinders.net\/de\/wp-json\/wp\/v2\/product_cat?post=1012"},{"taxonomy":"product_tag","embeddable":true,"href":"https:\/\/www.hydraulic-cylinders.net\/de\/wp-json\/wp\/v2\/product_tag?post=1012"}],"curies":[{"name":"wp","href":"https:\/\/api.w.org\/{rel}","templated":true}]}}