{"id":1014,"date":"2023-09-07T02:36:18","date_gmt":"2023-09-07T02:36:18","guid":{"rendered":"https:\/\/hydraulic-cylinders.net\/?post_type=product&#038;p=1014"},"modified":"2023-09-19T01:36:38","modified_gmt":"2023-09-19T01:36:38","slug":"middle-fixed-trunnion-four-rod-hydraulic-cylinder","status":"publish","type":"product","link":"https:\/\/www.hydraulic-cylinders.net\/de\/produkt\/middle-fixed-trunnion-four-rod-hydraulic-cylinder\/","title":{"rendered":"Mittlerer fester Drehzapfen Vierstangen-Hydraulikzylinder"},"content":{"rendered":"<h1 style=\"text-align: center;\"><strong>Mittlerer fester Drehzapfen Vierstangen-Hydraulikzylinder<\/strong><\/h1>\n<p><img loading=\"lazy\" decoding=\"async\" class=\"size-full wp-image-1015 aligncenter\" src=\"https:\/\/hydraulic-cylinders.net\/wp-content\/uploads\/2023\/09\/middle-fixed-trunnion-four-rod-hydraulic-cylinder-1.webp\" alt=\"\" width=\"227\" height=\"227\" srcset=\"https:\/\/www.hydraulic-cylinders.net\/wp-content\/uploads\/2023\/09\/middle-fixed-trunnion-four-rod-hydraulic-cylinder-1.webp 227w, https:\/\/www.hydraulic-cylinders.net\/wp-content\/uploads\/2023\/09\/middle-fixed-trunnion-four-rod-hydraulic-cylinder-1-100x100.webp 100w, https:\/\/www.hydraulic-cylinders.net\/wp-content\/uploads\/2023\/09\/middle-fixed-trunnion-four-rod-hydraulic-cylinder-1-150x150.webp 150w, https:\/\/www.hydraulic-cylinders.net\/wp-content\/uploads\/2023\/09\/middle-fixed-trunnion-four-rod-hydraulic-cylinder-1-12x12.webp 12w\" sizes=\"(max-width: 227px) 100vw, 227px\" \/><\/p>\n<p>Der Hydraulikzylinder mit festem Mittelzapfen und vier Kolbenstangen ist eine hochmoderne Hydraulikkomponente, die f\u00fcr au\u00dfergew\u00f6hnliche Leistung, Stabilit\u00e4t und Pr\u00e4zision in einer Vielzahl von Industrieanwendungen entwickelt wurde. Mit seinem innovativen Design mit festem Mittelzapfen und der Vierkolbenkonfiguration bietet dieser Hydraulikzylinder mit vier Kolbenstangen \u00fcberlegene Tragf\u00e4higkeit, Langlebigkeit und zuverl\u00e4ssige Leistung und ist damit ein unverzichtbarer Bestandteil anspruchsvoller Hydrauliksysteme.<\/p>\n<p>Wesentliche Merkmale des Vierstangen-Hydraulikzylinders:<\/p>\n<p><strong>Mittleres festes Zapfendesign:<\/strong><\/p>\n<ol>\n<li style=\"list-style-type: none;\">\n<ul>\n<li>Die Konstruktion mit dem zwischenliegenden festen Zapfen bietet eine sichere und stabile Installationsl\u00f6sung, die einen zuverl\u00e4ssigen Betrieb auch bei hoher Belastung und extremen Bedingungen gew\u00e4hrleistet.<\/li>\n<li>Es vereinfacht den Installationsprozess und l\u00e4sst sich problemlos in verschiedene Hydrauliksysteme oder -ger\u00e4te integrieren.<\/li>\n<\/ul>\n<\/li>\n<\/ol>\n<p><strong>Vier-Stab-Konfiguration:<\/strong><\/p>\n<ol>\n<li style=\"list-style-type: none;\">\n<ul>\n<li>Die Vierstangenkonfiguration erh\u00f6ht die Tragf\u00e4higkeit des Zylinders und sorgt f\u00fcr optimale Stabilit\u00e4t und pr\u00e4zise Positionierung.<\/li>\n<li>Dadurch kann der Zylinder seitlichen Belastungen effektiv standhalten und bietet eine au\u00dfergew\u00f6hnliche Widerstandsf\u00e4higkeit gegen Torsion und seitliche Kr\u00e4fte.<\/li>\n<\/ul>\n<\/li>\n<\/ol>\n<p><strong>Hohe Leistungsabgabe:<\/strong><\/p>\n<ol>\n<li style=\"list-style-type: none;\">\n<ul>\n<li>Dieser Hydraulikzylinder mit vier Kolbenstangen verf\u00fcgt \u00fcber eine beeindruckende Leistungsabgabe, mit der er problemlos schwere Lasten bew\u00e4ltigen kann.<\/li>\n<li>Es bietet \u00fcberlegene Kraft und Schubkraft und eignet sich daher f\u00fcr Anwendungen, die St\u00e4rke und Hubkapazit\u00e4t erfordern.<\/li>\n<\/ul>\n<\/li>\n<\/ol>\n<p><strong>Pr\u00e4zise Steuerung:<\/strong><\/p>\n<ul>\n<li style=\"list-style-type: none;\">\n<ul>\n<li>Der Hydraulikzylinder mit vier Stangen und einem festen Zapfen in der Mitte kann die lineare Bewegung pr\u00e4zise steuern, um eine genaue Positionierung und einen reibungslosen Betrieb zu gew\u00e4hrleisten.<\/li>\n<li>Es bietet eine hervorragende Hubkontrolle und erm\u00f6glicht es dem Bediener, die f\u00fcr bestimmte Aufgaben erforderliche Geschwindigkeit und Pr\u00e4zision zu erreichen.<\/li>\n<\/ul>\n<\/li>\n<\/ul>\n<h2><strong>Parameter des mittleren, festen Zapfen-Hydraulikzylinders mit vier Stangen:<\/strong><\/h2>\n<p><img loading=\"lazy\" decoding=\"async\" class=\"alignnone wp-image-1016 size-full\" src=\"https:\/\/hydraulic-cylinders.net\/wp-content\/uploads\/2023\/09\/middle-fixed-trunnion-four-rod-hydraulic-cylinder.webp\" alt=\"\" width=\"655\" height=\"191\" srcset=\"https:\/\/hydraulic-cylinders.net\/wp-content\/uploads\/2023\/09\/middle-fixed-trunnion-four-rod-hydraulic-cylinder.webp 655w, https:\/\/hydraulic-cylinders.net\/wp-content\/uploads\/2023\/09\/middle-fixed-trunnion-four-rod-hydraulic-cylinder-480x140.webp 480w\" sizes=\"(min-width: 0px) and (max-width: 480px) 480px, (min-width: 481px) 655px, 100vw\" \/><\/p>\n<p><img loading=\"lazy\" decoding=\"async\" class=\"alignnone wp-image-1033 size-full\" src=\"https:\/\/hydraulic-cylinders.net\/wp-content\/uploads\/2023\/09\/d-db-dd-four-rod-hydraulic-cylinder.webp\" alt=\"\" width=\"655\" height=\"249\" srcset=\"https:\/\/hydraulic-cylinders.net\/wp-content\/uploads\/2023\/09\/d-db-dd-four-rod-hydraulic-cylinder.webp 655w, https:\/\/hydraulic-cylinders.net\/wp-content\/uploads\/2023\/09\/d-db-dd-four-rod-hydraulic-cylinder-480x182.webp 480w\" sizes=\"(min-width: 0px) and (max-width: 480px) 480px, (min-width: 481px) 655px, 100vw\" \/><\/p>\n<h2><strong>Mittlerer fester Drehzapfen Vierstangen-Hydraulikzylinder <\/strong><strong>Verwendungsmethode<\/strong><strong>:<\/strong><\/h2>\n<p><strong>Montage und Installation:<\/strong><\/p>\n<ol>\n<li style=\"list-style-type: none;\">\n<ul>\n<li>Ber\u00fccksichtigen Sie Lastanforderungen und Platzbeschr\u00e4nkungen, um den geeigneten Installationsort des Vierstangen-Hydraulikzylinders innerhalb des Systems oder Ger\u00e4ts zu bestimmen.<\/li>\n<li>Stellen Sie sicher, dass die Montagefl\u00e4che sauber und eben ist und das Gewicht des Zylinders tragen kann.<\/li>\n<li>Befestigen Sie die mittleren Befestigungszapfen mit den empfohlenen Schrauben oder Befestigungselementen an der Montagefl\u00e4che.<\/li>\n<\/ul>\n<\/li>\n<\/ol>\n<p><strong>Hydraulische Anschl\u00fcsse:<\/strong><\/p>\n<ol>\n<li style=\"list-style-type: none;\">\n<ul>\n<li>Schlie\u00dfen Sie die Hydraulikversorgungsleitung an den Zylinderanschluss an und achten Sie dabei auf eine ordnungsgem\u00e4\u00dfe Abdichtung, um Leckagen zu vermeiden.<\/li>\n<li>Befolgen Sie die Empfehlungen des Herstellers hinsichtlich der Art des Hydraulik\u00f6ls und f\u00fcllen Sie das System bis zum empfohlenen F\u00fcllstand.<\/li>\n<\/ul>\n<\/li>\n<\/ol>\n<p><strong>Betrieb:<\/strong><\/p>\n<ul>\n<li style=\"list-style-type: none;\">\n<ul>\n<li>Aktivieren Sie das Hydrauliksystem und steuern Sie die Bewegung des Zylinders mithilfe eines hydraulischen Steuerventils oder eines anderen geeigneten Steuermechanismus.<\/li>\n<li>Passen Sie die Durchfluss- und Druckeinstellungen an, um die gew\u00fcnschte Geschwindigkeit und Kraftabgabe zu erreichen.<\/li>\n<li>\u00dcberwachen Sie den Zylinderbetrieb regelm\u00e4\u00dfig auf abnormales Verhalten wie Leckagen, \u00dcberhitzung oder ungew\u00f6hnliche Ger\u00e4usche.<\/li>\n<\/ul>\n<\/li>\n<\/ul>\n<h2><strong>Mittlerer fester Drehzapfen Vierstangen-Hydraulikzylinder <\/strong><strong>Wartung<\/strong><strong>:<\/strong><\/h2>\n<p><strong>Regelm\u00e4\u00dfige Inspektion:<\/strong><\/p>\n<ol>\n<li style=\"list-style-type: none;\">\n<ul>\n<li>F\u00fchren Sie routinem\u00e4\u00dfige Sichtpr\u00fcfungen durch, um auf Anzeichen von Verschlei\u00df, Leckagen oder Sch\u00e4den zu pr\u00fcfen.<\/li>\n<li>\u00dcberpr\u00fcfen Sie Stangenoberfl\u00e4chen, Dichtungen und Montageverbindungen auf Anomalien und beheben Sie etwaige Probleme umgehend.<\/li>\n<\/ul>\n<\/li>\n<\/ol>\n<p><strong>Schmierung:<\/strong><\/p>\n<ol>\n<li style=\"list-style-type: none;\">\n<ul>\n<li>Befolgen Sie die Schmierintervallrichtlinien des Herstellers und verwenden Sie das empfohlene Schmiermittel, um einen reibungslosen Betrieb zu gew\u00e4hrleisten.<\/li>\n<li>Schmieren Sie Stangen, Dichtungen und andere bewegliche Teile, um die Reibung zu verringern und die Lebensdauer von Viergelenk-Hydraulikzylindern zu verl\u00e4ngern.<\/li>\n<\/ul>\n<\/li>\n<\/ol>\n<p><strong>Dichtungswechsel:<\/strong><\/p>\n<ul>\n<li style=\"list-style-type: none;\">\n<ul>\n<li>Mit der Zeit k\u00f6nnen Dichtungen verschlei\u00dfen und m\u00fcssen ersetzt werden. Wenn ein Leck festgestellt wird, entfernen Sie vorsichtig die alte Dichtung und installieren Sie die neue Dichtung gem\u00e4\u00df den Angaben des Herstellers.<\/li>\n<\/ul>\n<\/li>\n<\/ul>\n<h2><strong>Wie schnell kann sich ein Hydraulikzylinder bewegen?<\/strong><\/h2>\n<p>Die Geschwindigkeit, mit der sich ein Hydraulikzylinder bewegen kann, h\u00e4ngt von mehreren Faktoren ab, darunter Gr\u00f6\u00dfe und Konstruktion des Zylinders, Druck und Durchflussrate des Hydrauliksystems sowie die zu bewegende Last.<\/p>\n<p>Hydraulikzylinder zeichnen sich im Allgemeinen durch hohe Kraft und pr\u00e4zise Steuerung aus. Ihre Maximalgeschwindigkeit ist jedoch im Vergleich zu anderen Aktuatortypen typischerweise niedriger. Die Geschwindigkeit eines Hydraulikzylinders wird durch die Geschwindigkeit bestimmt, mit der Hydraulikfl\u00fcssigkeit in die Zylinderkammer ein- oder aus ihr abgelassen wird.<\/p>\n<p>Hier sind einige Faktoren, die die Geschwindigkeit eines Hydraulikzylinders beeinflussen k\u00f6nnen:<\/p>\n<ol>\n<li><strong>Systemdesign und Komponenten:<\/strong> Die Konstruktion des Hydrauliksystems, einschlie\u00dflich Pumpe, Ventilen und Rohrleitungen, kann die Geschwindigkeit des Zylinders beeinflussen. Das System sollte die richtige Gr\u00f6\u00dfe haben und so konfiguriert sein, dass es ausreichend Durchfluss und Druck bietet, um die gew\u00fcnschte Geschwindigkeit zu erreichen.<\/li>\n<li><strong>Zylinderdurchmesser und Hubl\u00e4nge:<\/strong> Auch Durchmesser und Hubl\u00e4nge des Zylinders spielen eine Rolle bei der Bestimmung seiner Geschwindigkeit. Zylinder mit gr\u00f6\u00dferem Durchmesser bewegen sich im Allgemeinen langsamer als solche mit kleinerem Durchmesser, da zum F\u00fcllen oder Entleeren der Zylinderkammer mehr Hydraulikfl\u00fcssigkeit ben\u00f6tigt wird.<\/li>\n<li><strong>Durchflussrate und Druck:<\/strong> Die Durchflussrate und der Druck der dem Zylinder zugef\u00fchrten Hydraulikfl\u00fcssigkeit sind entscheidende Faktoren f\u00fcr die Zylindergeschwindigkeit. Eine Erh\u00f6hung der Durchflussrate oder des Drucks kann zu einer schnelleren Bewegung f\u00fchren, w\u00e4hrend eine Verringerung die Zylindergeschwindigkeit verlangsamt.<\/li>\n<li><strong>Belastung und Reibung:<\/strong> Gewicht und Reibung der zu bewegenden Ladung k\u00f6nnen die Geschwindigkeit des Zylinders beeinflussen. Schwerere Lasten erfordern m\u00f6glicherweise mehr Kraft, was die Gesamtgeschwindigkeit des Zylinders verringern kann. Auch erh\u00f6hte Reibung im System, beispielsweise durch Dichtungen oder Fehlausrichtung, kann die Geschwindigkeit beeintr\u00e4chtigen.<\/li>\n<\/ol>\n<h2><strong>F\u00e4higkeit und Kapazit\u00e4t der Fabrik:<\/strong><\/h2>\n<h3>(1) Montage<\/h3>\n<p>Wir verf\u00fcgen \u00fcber eine erstklassige, unabh\u00e4ngige Forschungs- und Entwicklungsmontageplattform. Die Hydraulikzylinder-Produktionswerkstatt verf\u00fcgt \u00fcber vier halbautomatische Montagelinien f\u00fcr Hubzylinder und eine automatische Montagelinie f\u00fcr Kippzylinder mit einer geplanten j\u00e4hrlichen Produktionskapazit\u00e4t von 1 Million St\u00fcck. Die Spezialzylinderwerkstatt ist mit verschiedenen Spezifikationen eines halbautomatischen Reinigungsmontagesystems mit einer geplanten j\u00e4hrlichen Produktionskapazit\u00e4t von 200.000 ausgestattet und mit renommierten CNC-Bearbeitungsger\u00e4ten, einem Bearbeitungszentrum, einer hochpr\u00e4zisen Spezialausr\u00fcstung f\u00fcr die Zylinderverarbeitung, einer Roboterschwei\u00dfmaschine, einer automatischen Reinigungsmaschine, einer automatischen Zylindermontagemaschine und einer automatischen Lackierproduktionslinie ausgestattet. Es sind mehr als 300 Sets (S\u00e4tze) an kritischer Ausr\u00fcstung vorhanden. Die optimale Zuweisung und effiziente Nutzung der Ausr\u00fcstungsressourcen gew\u00e4hrleistet die Genauigkeitsanforderungen der Produkte und erf\u00fcllt die hohen Qualit\u00e4tsanforderungen der Produkte.<\/p>\n<p><img loading=\"lazy\" decoding=\"async\" class=\"alignnone wp-image-626\" src=\"https:\/\/hydraulic-cylinders.net\/wp-content\/uploads\/2023\/08\/hydraulic-cylinder-product-1-300x158.webp\" alt=\"\" width=\"495\" height=\"260\" srcset=\"https:\/\/hydraulic-cylinders.net\/wp-content\/uploads\/2023\/08\/hydraulic-cylinder-product-1-300x158.webp 495w, https:\/\/hydraulic-cylinders.net\/wp-content\/uploads\/2023\/08\/hydraulic-cylinder-product-1-480x252.webp 480w\" sizes=\"(min-width: 0px) and (max-width: 480px) 480px, (min-width: 481px) 495px, 100vw\" \/> <img loading=\"lazy\" decoding=\"async\" class=\"alignnone wp-image-627\" src=\"https:\/\/hydraulic-cylinders.net\/wp-content\/uploads\/2023\/08\/hydraulic-cylinder-product-2-300x189.webp\" alt=\"\" width=\"413\" height=\"260\" \/><\/p>\n<h3>(2) Bearbeitungen<\/h3>\n<p>Die Bearbeitungswerkstatt ist mit einem ma\u00dfgeschneiderten Schr\u00e4gschienen-Drehzentrum, einem Bearbeitungszentrum, einer Hochgeschwindigkeits-Honmaschine, einem Schwei\u00dfroboter und anderen zugeh\u00f6rigen Ger\u00e4ten ausgestattet, die die Bearbeitung von Zylinderrohren mit einem maximalen Innendurchmesser von 400 mm und einer maximalen L\u00e4nge von 6 Metern erm\u00f6glichen.<\/p>\n<p><img loading=\"lazy\" decoding=\"async\" class=\"alignnone wp-image-628 size-large\" src=\"https:\/\/hydraulic-cylinders.net\/wp-content\/uploads\/2023\/08\/hydraulic-cylinder-product-3-1024x391.webp\" alt=\"\" width=\"1024\" height=\"391\" srcset=\"https:\/\/hydraulic-cylinders.net\/wp-content\/uploads\/2023\/08\/hydraulic-cylinder-product-3-980x374.webp 980w, https:\/\/hydraulic-cylinders.net\/wp-content\/uploads\/2023\/08\/hydraulic-cylinder-product-3-480x183.webp 480w\" sizes=\"(min-width: 0px) and (max-width: 480px) 480px, (min-width: 481px) and (max-width: 980px) 980px, (min-width: 981px) 1024px, 100vw\" \/><\/p>\n<h3>(3) Schwei\u00dfen<\/h3>\n<p><img loading=\"lazy\" decoding=\"async\" class=\"alignnone wp-image-629 size-large\" src=\"https:\/\/hydraulic-cylinders.net\/wp-content\/uploads\/2023\/08\/hydraulic-cylinder-product-4-1024x510.webp\" alt=\"\" width=\"1024\" height=\"510\" srcset=\"https:\/\/hydraulic-cylinders.net\/wp-content\/uploads\/2023\/08\/hydraulic-cylinder-product-4-980x488.webp 980w, https:\/\/hydraulic-cylinders.net\/wp-content\/uploads\/2023\/08\/hydraulic-cylinder-product-4-480x239.webp 480w\" sizes=\"(min-width: 0px) and (max-width: 480px) 480px, (min-width: 481px) and (max-width: 980px) 980px, (min-width: 981px) 1024px, 100vw\" \/><\/p>\n<h3>(4) Malerei und Beschichtung<\/h3>\n<p>Mit kleinen und mittleren Zylinder automatische Lackieranlagen auf Wasserbasis, zu erreichen automatische Roboter Be-und Entladen und automatische Spritzen, die Design-Kapazit\u00e4t von 4000 St\u00fcck pro Schicht;<br \/>\nWir verf\u00fcgen auch \u00fcber eine halbautomatische Lackieranlage f\u00fcr gro\u00dfe Zylinder, die von einer Energiekette angetrieben wird und eine Kapazit\u00e4t von 60 Kisten pro Schicht hat.<\/p>\n<p><img loading=\"lazy\" decoding=\"async\" class=\"alignnone wp-image-630\" src=\"https:\/\/hydraulic-cylinders.net\/wp-content\/uploads\/2023\/08\/hydraulic-cylinder-product-5-300x213.webp\" alt=\"\" width=\"366\" height=\"260\" \/> <img loading=\"lazy\" decoding=\"async\" class=\"alignnone wp-image-631\" src=\"https:\/\/hydraulic-cylinders.net\/wp-content\/uploads\/2023\/08\/hydraulic-cylinder-product-6-300x225.webp\" alt=\"\" width=\"347\" height=\"260\" \/><\/p>\n<h3>(5) Pr\u00fcfung<\/h3>\n<p>Wir verf\u00fcgen \u00fcber erstklassige Pr\u00fcfeinrichtungen und Pr\u00fcfst\u00e4nde, um sicherzustellen, dass die Leistung des Zylinders den Anforderungen entspricht.<\/p>\n<p><img loading=\"lazy\" decoding=\"async\" class=\"alignnone wp-image-632\" src=\"https:\/\/hydraulic-cylinders.net\/wp-content\/uploads\/2023\/08\/hydraulic-cylinder-product-8-300x200.webp\" alt=\"\" width=\"389\" height=\"260\" \/><\/p>\n<p>&nbsp;<\/p>\n<p>&nbsp;<\/p>\n<p>Wir sind einer der besten Hersteller von leichten Vierstangen-Hydraulikzylindern. Wir bieten ein umfassendes Lager an leichten Vierstangen-Hydraulikzylindern. Wir bieten auch entsprechende <a href=\"https:\/\/hzpt.com\/agricultural-pto-gearbox\/\" target=\"_blank\" rel=\"noopener\">landwirtschaftliche Getriebe<\/a>. Wir haben unsere Produkte an Kunden in der ganzen Welt exportiert und uns aufgrund unserer hervorragenden Produktqualit\u00e4t und unseres Kundendienstes einen guten Ruf erworben. Wir hei\u00dfen Kunden im In- und Ausland herzlich willkommen, uns zu kontaktieren, um Gesch\u00e4fte zu verhandeln, Informationen auszutauschen und\u00a0<a href=\"https:\/\/www.hydraulic-cylinders.net\/de\/contact-us\/\">mit uns zusammenarbeiten<\/a>!<\/p>\n<h2><\/h2>\n<h2><\/h2>","protected":false},"excerpt":{"rendered":"<p>Middle Fixed Trunnion Four Rod Hydraulic Cylinder The middle fixed trunnion four rod hydraulic cylinder is a state-of-the-art hydraulic component designed to deliver exceptional power, stability, and precision in a wide range of industrial applications. With its innovative middle fixed trunnion design and four rod configuration, this four rod hydraulic cylinder offers superior load-bearing capacity, [&hellip;]<\/p>","protected":false},"featured_media":1017,"comment_status":"open","ping_status":"closed","template":"","meta":{"_et_pb_use_builder":"","_et_pb_old_content":"","_et_gb_content_width":""},"product_brand":[],"product_cat":[1376,1386],"product_tag":[1380],"class_list":{"0":"post-1014","1":"product","2":"type-product","3":"status-publish","4":"has-post-thumbnail","6":"product_cat-hydraulic-cylinder","7":"product_cat-four-rod-hydraulic-cylinder","8":"product_tag-hydraulic-cylinder","10":"first","11":"instock","12":"shipping-taxable","13":"product-type-simple"},"amp_enabled":true,"_links":{"self":[{"href":"https:\/\/www.hydraulic-cylinders.net\/de\/wp-json\/wp\/v2\/product\/1014","targetHints":{"allow":["GET"]}}],"collection":[{"href":"https:\/\/www.hydraulic-cylinders.net\/de\/wp-json\/wp\/v2\/product"}],"about":[{"href":"https:\/\/www.hydraulic-cylinders.net\/de\/wp-json\/wp\/v2\/types\/product"}],"replies":[{"embeddable":true,"href":"https:\/\/www.hydraulic-cylinders.net\/de\/wp-json\/wp\/v2\/comments?post=1014"}],"wp:featuredmedia":[{"embeddable":true,"href":"https:\/\/www.hydraulic-cylinders.net\/de\/wp-json\/wp\/v2\/media\/1017"}],"wp:attachment":[{"href":"https:\/\/www.hydraulic-cylinders.net\/de\/wp-json\/wp\/v2\/media?parent=1014"}],"wp:term":[{"taxonomy":"product_brand","embeddable":true,"href":"https:\/\/www.hydraulic-cylinders.net\/de\/wp-json\/wp\/v2\/product_brand?post=1014"},{"taxonomy":"product_cat","embeddable":true,"href":"https:\/\/www.hydraulic-cylinders.net\/de\/wp-json\/wp\/v2\/product_cat?post=1014"},{"taxonomy":"product_tag","embeddable":true,"href":"https:\/\/www.hydraulic-cylinders.net\/de\/wp-json\/wp\/v2\/product_tag?post=1014"}],"curies":[{"name":"wp","href":"https:\/\/api.w.org\/{rel}","templated":true}]}}