{"id":1019,"date":"2023-09-07T03:16:54","date_gmt":"2023-09-07T03:16:54","guid":{"rendered":"https:\/\/hydraulic-cylinders.net\/?post_type=product&#038;p=1019"},"modified":"2023-09-19T01:36:32","modified_gmt":"2023-09-19T01:36:32","slug":"double-pistion-rod-hydraulic-cylinder","status":"publish","type":"product","link":"https:\/\/www.hydraulic-cylinders.net\/de\/produkt\/double-pistion-rod-hydraulic-cylinder\/","title":{"rendered":"Doppelkolbenstangen-Hydraulikzylinder"},"content":{"rendered":"<h1 style=\"text-align: center;\"><strong>Doppelkolbenstangen-Hydraulikzylinder<\/strong><\/h1>\n<p><img loading=\"lazy\" decoding=\"async\" class=\"size-full wp-image-1022 aligncenter\" src=\"https:\/\/hydraulic-cylinders.net\/wp-content\/uploads\/2023\/09\/double-piston-rod-hydraulic-cylinder-1-1.webp\" alt=\"\" width=\"281\" height=\"281\" srcset=\"https:\/\/www.hydraulic-cylinders.net\/wp-content\/uploads\/2023\/09\/double-piston-rod-hydraulic-cylinder-1-1.webp 281w, https:\/\/www.hydraulic-cylinders.net\/wp-content\/uploads\/2023\/09\/double-piston-rod-hydraulic-cylinder-1-1-100x100.webp 100w, https:\/\/www.hydraulic-cylinders.net\/wp-content\/uploads\/2023\/09\/double-piston-rod-hydraulic-cylinder-1-1-150x150.webp 150w, https:\/\/www.hydraulic-cylinders.net\/wp-content\/uploads\/2023\/09\/double-piston-rod-hydraulic-cylinder-1-1-12x12.webp 12w\" sizes=\"(max-width: 281px) 100vw, 281px\" \/><\/p>\n<p>The double piston rod hydraulic cylinder is a cutting-edge hydraulic element designed to provide superior power, stability, and versatility for a wide range of industrial applications. With its unique dual piston rod configuration, this hydraulic cylinder offers enhanced load-carrying capacity, precise control, and reliable performance, making it an indispensable asset in demanding hydraulic systems.<\/p>\n<p>Wesentliche Merkmale des Vierstangen-Hydraulikzylinders:<\/p>\n<p><strong>Double Piston Rod Configuration:<\/strong><\/p>\n<ol>\n<li style=\"list-style-type: none;\">\n<ul>\n<li>The dual piston rod configuration makes the hydraulic cylinder different from the traditional design, with higher stability, load capacity and side load resistance.<\/li>\n<li>It provides a symmetrical distribution of forces, ensuring balanced and precise movement during operation.<\/li>\n<\/ul>\n<\/li>\n<\/ol>\n<p><strong>Hohe Leistungsabgabe:<\/strong><\/p>\n<ol>\n<li style=\"list-style-type: none;\">\n<ul>\n<li>This hydraulic cylinder has an impressive power output, making it suitable for applications that require a lot of power and lifting capacity.<\/li>\n<li>It provides a special thrust that allows it to easily handle heavy loads.<\/li>\n<\/ul>\n<\/li>\n<\/ol>\n<p><strong>Pr\u00e4zise Steuerung und Positionierung:<\/strong><\/p>\n<ol>\n<li style=\"list-style-type: none;\">\n<ul>\n<li>Dual piston rod hydraulic cylinders provide precise control over linear motion, ensuring accurate positioning and smooth operation.<\/li>\n<li>Es bietet eine hervorragende Hubkontrolle und erm\u00f6glicht es dem Bediener, die f\u00fcr bestimmte Aufgaben erforderliche Geschwindigkeit und Pr\u00e4zision zu erreichen.<\/li>\n<\/ul>\n<\/li>\n<\/ol>\n<p><strong>Vielseitige Anwendung:<\/strong><\/p>\n<ul>\n<li style=\"list-style-type: none;\">\n<ul>\n<li>Its rugged construction and versatile design make this hydraulic cylinder suitable for various industries and applications.<\/li>\n<li>It can be used in heavy machinery, construction equipment, material handling systems, agricultural machinery, etc.<\/li>\n<\/ul>\n<\/li>\n<\/ul>\n<h2><strong>Double Piston Rod Hydraulic Cylinder Parameter:<\/strong><\/h2>\n<p><img loading=\"lazy\" decoding=\"async\" class=\"alignnone wp-image-1023 size-full\" src=\"https:\/\/hydraulic-cylinders.net\/wp-content\/uploads\/2023\/09\/double-piston-rod-hydraulic-cylinder-2.webp\" alt=\"\" width=\"654\" height=\"388\" srcset=\"https:\/\/hydraulic-cylinders.net\/wp-content\/uploads\/2023\/09\/double-piston-rod-hydraulic-cylinder-2.webp 654w, https:\/\/hydraulic-cylinders.net\/wp-content\/uploads\/2023\/09\/double-piston-rod-hydraulic-cylinder-2-480x285.webp 480w\" sizes=\"(min-width: 0px) and (max-width: 480px) 480px, (min-width: 481px) 654px, 100vw\" \/><\/p>\n<h2><strong>Doppelkolbenstangen-Hydraulikzylinder <\/strong><strong>Verwendungsmethode<\/strong><strong>:<\/strong><\/h2>\n<p><strong>Montage und Installation:<\/strong><\/p>\n<ol>\n<li style=\"list-style-type: none;\">\n<ul>\n<li>Ber\u00fccksichtigen Sie die Lastanforderungen und die r\u00e4umlichen Gegebenheiten, um den geeigneten Einbauort des Hydraulikzylinders innerhalb des Systems oder der Anlage zu bestimmen.<\/li>\n<li>Stellen Sie sicher, dass die Montagefl\u00e4che sauber, eben und in der Lage ist, das Gewicht des Zylinders zu tragen.<\/li>\n<li>Secure cylinders using recommended bolts or fasteners in accordance with the manufacturer&#8217;s guidelines.<\/li>\n<\/ul>\n<\/li>\n<\/ol>\n<p><strong>Hydraulische Anschl\u00fcsse:<\/strong><\/p>\n<ol>\n<li style=\"list-style-type: none;\">\n<ul>\n<li>Connect hydraulic supply line to the cylinder port, ensuring proper seal to prevent leakage.<\/li>\n<li>Befolgen Sie die Empfehlungen des Herstellers hinsichtlich der Art des Hydraulik\u00f6ls und f\u00fcllen Sie das System bis zum empfohlenen F\u00fcllstand.<\/li>\n<\/ul>\n<\/li>\n<\/ol>\n<p><strong>Betrieb:<\/strong><\/p>\n<ul>\n<li style=\"list-style-type: none;\">\n<ul>\n<li>Aktivieren Sie das Hydrauliksystem und steuern Sie die Bewegung des Zylinders mithilfe eines hydraulischen Steuerventils oder eines anderen geeigneten Steuermechanismus.<\/li>\n<li>Passen Sie die Durchfluss- und Druckeinstellungen an, um die gew\u00fcnschte Geschwindigkeit und Kraftabgabe zu erreichen.<\/li>\n<li>\u00dcberwachen Sie den Zylinderbetrieb regelm\u00e4\u00dfig auf abnormales Verhalten wie Leckagen, \u00dcberhitzung oder ungew\u00f6hnliche Ger\u00e4usche.<\/li>\n<\/ul>\n<\/li>\n<\/ul>\n<h2><strong>Doppelkolbenstangen-Hydraulikzylinder <\/strong><strong>Wartung<\/strong><strong>:<\/strong><\/h2>\n<p><strong>Regelm\u00e4\u00dfige Inspektion:<\/strong><\/p>\n<ol>\n<li style=\"list-style-type: none;\">\n<ul>\n<li>F\u00fchren Sie routinem\u00e4\u00dfige Sichtpr\u00fcfungen durch, um auf Anzeichen von Verschlei\u00df, Leckagen oder Sch\u00e4den zu pr\u00fcfen.<\/li>\n<li>Check the piston rod, seals, and mounting connections for abnormalities and address any problems promptly.<\/li>\n<\/ul>\n<\/li>\n<\/ol>\n<p><strong>Schmierung:<\/strong><\/p>\n<ol>\n<li style=\"list-style-type: none;\">\n<ul>\n<li>Befolgen Sie die Schmierintervallrichtlinien des Herstellers und verwenden Sie das empfohlene Schmiermittel, um einen reibungslosen Betrieb zu gew\u00e4hrleisten.<\/li>\n<li>Lubricate piston rods, seals, and other moving parts to minimize friction and extend cylinder life.<\/li>\n<\/ul>\n<\/li>\n<\/ol>\n<p><strong>Dichtungswechsel:<\/strong><\/p>\n<ul>\n<li style=\"list-style-type: none;\">\n<ul>\n<li>Mit der Zeit k\u00f6nnen Dichtungen verschlei\u00dfen und m\u00fcssen ersetzt werden. Wenn ein Leck festgestellt wird, entfernen Sie vorsichtig die alte Dichtung und installieren Sie die neue Dichtung gem\u00e4\u00df den Angaben des Herstellers.<\/li>\n<\/ul>\n<\/li>\n<\/ul>\n<h2><strong>Vierstangen-Hydraulikzylinder Typ TB <\/strong><strong>Wartung<\/strong><strong>:<\/strong><\/h2>\n<ol>\n<li><strong>Regelm\u00e4\u00dfige Inspektion:<\/strong><\/li>\n<\/ol>\n<ul>\n<li>Periodically inspect the cylinder for any leakage, damage, or excessive wear.<\/li>\n<li>Check the condition of the seals, rods, and mounting components, and replace any worn or damaged parts.<\/li>\n<\/ul>\n<ol start=\"2\">\n<li><strong>Schmierung:<\/strong><\/li>\n<\/ol>\n<ul>\n<li>Follow the manufacturer&#8217;s recommendations for lubrication intervals and use high-quality hydraulic oil or grease suitable for the cylinder&#8217;s specifications.<\/li>\n<li>Apply lubrication to the rod, seals, and other moving parts to minimize friction and ensure smooth operation.<\/li>\n<\/ul>\n<ol start=\"3\">\n<li><strong>Reinigung:<\/strong><\/li>\n<\/ol>\n<ul>\n<li>Keep the cylinder and its surrounding area clean and free from debris, dust, or contaminants affecting its performance.<\/li>\n<li>Use a mild cleaning agent and a soft cloth to wipe down the external surfaces of the cylinder.<\/li>\n<\/ul>\n<h2><strong>F\u00e4higkeit und Kapazit\u00e4t der Fabrik:<\/strong><\/h2>\n<h3>(1) Montage<\/h3>\n<p>Wir verf\u00fcgen \u00fcber eine erstklassige, unabh\u00e4ngige Forschungs- und Entwicklungsmontageplattform. Die Hydraulikzylinder-Produktionswerkstatt verf\u00fcgt \u00fcber vier halbautomatische Montagelinien f\u00fcr Hubzylinder und eine automatische Montagelinie f\u00fcr Kippzylinder mit einer geplanten j\u00e4hrlichen Produktionskapazit\u00e4t von 1 Million St\u00fcck. Die Spezialzylinderwerkstatt ist mit verschiedenen Spezifikationen eines halbautomatischen Reinigungsmontagesystems mit einer geplanten j\u00e4hrlichen Produktionskapazit\u00e4t von 200.000 ausgestattet und mit renommierten CNC-Bearbeitungsger\u00e4ten, einem Bearbeitungszentrum, einer hochpr\u00e4zisen Spezialausr\u00fcstung f\u00fcr die Zylinderverarbeitung, einer Roboterschwei\u00dfmaschine, einer automatischen Reinigungsmaschine, einer automatischen Zylindermontagemaschine und einer automatischen Lackierproduktionslinie ausgestattet. Es sind mehr als 300 Sets (S\u00e4tze) an kritischer Ausr\u00fcstung vorhanden. Die optimale Zuweisung und effiziente Nutzung der Ausr\u00fcstungsressourcen gew\u00e4hrleistet die Genauigkeitsanforderungen der Produkte und erf\u00fcllt die hohen Qualit\u00e4tsanforderungen der Produkte.<\/p>\n<p><img loading=\"lazy\" decoding=\"async\" class=\"alignnone wp-image-626\" src=\"https:\/\/hydraulic-cylinders.net\/wp-content\/uploads\/2023\/08\/hydraulic-cylinder-product-1-300x158.webp\" alt=\"\" width=\"495\" height=\"260\" srcset=\"https:\/\/hydraulic-cylinders.net\/wp-content\/uploads\/2023\/08\/hydraulic-cylinder-product-1-300x158.webp 495w, https:\/\/hydraulic-cylinders.net\/wp-content\/uploads\/2023\/08\/hydraulic-cylinder-product-1-480x252.webp 480w\" sizes=\"(min-width: 0px) and (max-width: 480px) 480px, (min-width: 481px) 495px, 100vw\" \/> <img loading=\"lazy\" decoding=\"async\" class=\"alignnone wp-image-627\" src=\"https:\/\/hydraulic-cylinders.net\/wp-content\/uploads\/2023\/08\/hydraulic-cylinder-product-2-300x189.webp\" alt=\"\" width=\"413\" height=\"260\" \/><\/p>\n<h3>(2) Bearbeitungen<\/h3>\n<p>Die Bearbeitungswerkstatt ist mit einem ma\u00dfgeschneiderten Schr\u00e4gschienen-Drehzentrum, einem Bearbeitungszentrum, einer Hochgeschwindigkeits-Honmaschine, einem Schwei\u00dfroboter und anderen zugeh\u00f6rigen Ger\u00e4ten ausgestattet, die die Bearbeitung von Zylinderrohren mit einem maximalen Innendurchmesser von 400 mm und einer maximalen L\u00e4nge von 6 Metern erm\u00f6glichen.<\/p>\n<p><img loading=\"lazy\" decoding=\"async\" class=\"alignnone wp-image-628 size-large\" src=\"https:\/\/hydraulic-cylinders.net\/wp-content\/uploads\/2023\/08\/hydraulic-cylinder-product-3-1024x391.webp\" alt=\"\" width=\"1024\" height=\"391\" srcset=\"https:\/\/hydraulic-cylinders.net\/wp-content\/uploads\/2023\/08\/hydraulic-cylinder-product-3-980x374.webp 980w, https:\/\/hydraulic-cylinders.net\/wp-content\/uploads\/2023\/08\/hydraulic-cylinder-product-3-480x183.webp 480w\" sizes=\"(min-width: 0px) and (max-width: 480px) 480px, (min-width: 481px) and (max-width: 980px) 980px, (min-width: 981px) 1024px, 100vw\" \/><\/p>\n<h3>(3) Schwei\u00dfen<\/h3>\n<p><img loading=\"lazy\" decoding=\"async\" class=\"alignnone wp-image-629 size-large\" src=\"https:\/\/hydraulic-cylinders.net\/wp-content\/uploads\/2023\/08\/hydraulic-cylinder-product-4-1024x510.webp\" alt=\"\" width=\"1024\" height=\"510\" srcset=\"https:\/\/hydraulic-cylinders.net\/wp-content\/uploads\/2023\/08\/hydraulic-cylinder-product-4-980x488.webp 980w, https:\/\/hydraulic-cylinders.net\/wp-content\/uploads\/2023\/08\/hydraulic-cylinder-product-4-480x239.webp 480w\" sizes=\"(min-width: 0px) and (max-width: 480px) 480px, (min-width: 481px) and (max-width: 980px) 980px, (min-width: 981px) 1024px, 100vw\" \/><\/p>\n<h3>(4) Malerei und Beschichtung<\/h3>\n<p>Mit kleinen und mittleren Zylinder automatische Lackieranlagen auf Wasserbasis, zu erreichen automatische Roboter Be-und Entladen und automatische Spritzen, die Design-Kapazit\u00e4t von 4000 St\u00fcck pro Schicht;<br \/>\nWir verf\u00fcgen auch \u00fcber eine halbautomatische Lackieranlage f\u00fcr gro\u00dfe Zylinder, die von einer Energiekette angetrieben wird und eine Kapazit\u00e4t von 60 Kisten pro Schicht hat.<\/p>\n<p><img loading=\"lazy\" decoding=\"async\" class=\"alignnone wp-image-630\" src=\"https:\/\/hydraulic-cylinders.net\/wp-content\/uploads\/2023\/08\/hydraulic-cylinder-product-5-300x213.webp\" alt=\"\" width=\"366\" height=\"260\" \/> <img loading=\"lazy\" decoding=\"async\" class=\"alignnone wp-image-631\" src=\"https:\/\/hydraulic-cylinders.net\/wp-content\/uploads\/2023\/08\/hydraulic-cylinder-product-6-300x225.webp\" alt=\"\" width=\"347\" height=\"260\" \/><\/p>\n<h3>(5) Pr\u00fcfung<\/h3>\n<p>Wir verf\u00fcgen \u00fcber erstklassige Pr\u00fcfeinrichtungen und Pr\u00fcfst\u00e4nde, um sicherzustellen, dass die Leistung des Zylinders den Anforderungen entspricht.<\/p>\n<p><img loading=\"lazy\" decoding=\"async\" class=\"alignnone wp-image-632\" src=\"https:\/\/hydraulic-cylinders.net\/wp-content\/uploads\/2023\/08\/hydraulic-cylinder-product-8-300x200.webp\" alt=\"\" width=\"389\" height=\"260\" \/><\/p>\n<p>&nbsp;<\/p>\n<p>&nbsp;<\/p>\n<p>Wir sind einer der besten Hersteller von leichten Vierstangen-Hydraulikzylindern. Wir bieten ein umfassendes Lager an leichten Vierstangen-Hydraulikzylindern. Wir bieten auch entsprechende <a href=\"https:\/\/hzpt.com\/agricultural-pto-gearbox\/\" target=\"_blank\" rel=\"noopener\">landwirtschaftliche Getriebe<\/a>. Wir haben unsere Produkte an Kunden in der ganzen Welt exportiert und uns aufgrund unserer hervorragenden Produktqualit\u00e4t und unseres Kundendienstes einen guten Ruf erworben. Wir hei\u00dfen Kunden im In- und Ausland herzlich willkommen, uns zu kontaktieren, um Gesch\u00e4fte zu verhandeln, Informationen auszutauschen und\u00a0<a href=\"https:\/\/www.hydraulic-cylinders.net\/de\/contact-us\/\">mit uns zusammenarbeiten<\/a>!<\/p>\n<h2><\/h2>\n<h2><\/h2>","protected":false},"excerpt":{"rendered":"<p>Double Piston Rod Hydraulic Cylinder The double piston rod hydraulic cylinder is a cutting-edge hydraulic element designed to provide superior power, stability, and versatility for a wide range of industrial applications. With its unique dual piston rod configuration, this hydraulic cylinder offers enhanced load-carrying capacity, precise control, and reliable performance, making it an indispensable asset [&hellip;]<\/p>","protected":false},"featured_media":1024,"comment_status":"open","ping_status":"closed","template":"","meta":{"_et_pb_use_builder":"","_et_pb_old_content":"","_et_gb_content_width":""},"product_brand":[],"product_cat":[1376,1386],"product_tag":[1380],"class_list":{"0":"post-1019","1":"product","2":"type-product","3":"status-publish","4":"has-post-thumbnail","6":"product_cat-hydraulic-cylinder","7":"product_cat-four-rod-hydraulic-cylinder","8":"product_tag-hydraulic-cylinder","10":"first","11":"instock","12":"shipping-taxable","13":"product-type-simple"},"amp_enabled":true,"_links":{"self":[{"href":"https:\/\/www.hydraulic-cylinders.net\/de\/wp-json\/wp\/v2\/product\/1019","targetHints":{"allow":["GET"]}}],"collection":[{"href":"https:\/\/www.hydraulic-cylinders.net\/de\/wp-json\/wp\/v2\/product"}],"about":[{"href":"https:\/\/www.hydraulic-cylinders.net\/de\/wp-json\/wp\/v2\/types\/product"}],"replies":[{"embeddable":true,"href":"https:\/\/www.hydraulic-cylinders.net\/de\/wp-json\/wp\/v2\/comments?post=1019"}],"wp:featuredmedia":[{"embeddable":true,"href":"https:\/\/www.hydraulic-cylinders.net\/de\/wp-json\/wp\/v2\/media\/1024"}],"wp:attachment":[{"href":"https:\/\/www.hydraulic-cylinders.net\/de\/wp-json\/wp\/v2\/media?parent=1019"}],"wp:term":[{"taxonomy":"product_brand","embeddable":true,"href":"https:\/\/www.hydraulic-cylinders.net\/de\/wp-json\/wp\/v2\/product_brand?post=1019"},{"taxonomy":"product_cat","embeddable":true,"href":"https:\/\/www.hydraulic-cylinders.net\/de\/wp-json\/wp\/v2\/product_cat?post=1019"},{"taxonomy":"product_tag","embeddable":true,"href":"https:\/\/www.hydraulic-cylinders.net\/de\/wp-json\/wp\/v2\/product_tag?post=1019"}],"curies":[{"name":"wp","href":"https:\/\/api.w.org\/{rel}","templated":true}]}}