{"id":1111,"date":"2023-09-11T08:12:31","date_gmt":"2023-09-11T08:12:31","guid":{"rendered":"https:\/\/hydraulic-cylinders.net\/?post_type=product&#038;p=1111"},"modified":"2023-09-19T02:17:35","modified_gmt":"2023-09-19T02:17:35","slug":"pistion-rod-end-is-external-threaded-rod-head-earring-connection-engineering-hydraulic-cylinder","status":"publish","type":"product","link":"https:\/\/www.hydraulic-cylinders.net\/de\/produkt\/pistion-rod-end-is-external-threaded-rod-head-earring-connection-engineering-hydraulic-cylinder\/","title":{"rendered":"Pistion Rod End ist Au\u00dfengewinde Stange Kopf Ohrring Verbindung Engineering Hydraulikzylinder"},"content":{"rendered":"<h1 style=\"text-align: center;\"><strong>Pistion Rod End ist Au\u00dfengewinde Stange Kopf Ohrring Verbindung Engineering Hydraulikzylinder<\/strong><\/h1>\n<p>Das Kolbenstangenende verf\u00fcgt \u00fcber eine au\u00dfengewindete Gewindebolzenverbindung, die \u00fcblicherweise aus einem Gewindebolzen am Ende der Kolbenstange besteht. Der Gewindebolzen besitzt ein Au\u00dfengewinde und kann mit externen Bauteilen oder tragenden Strukturen verbunden werden.<\/p>\n<p>Die Hydraulikzylinder der HSG-Serie sind doppeltwirkende Kolbenstangenzylinder. Die Montage erfolgt mittels Ohrringbefestigung. Je nach Verbindungsart zwischen Zylinderkopf und Zylinderblock stehen drei Optionen zur Verf\u00fcgung: Au\u00dfengewinde, Innengewinde und Flanschanschluss. Hydraulikzylinder finden haupts\u00e4chlich Anwendung im Bauwesen, in Hebezeugen, im Bergbau und in anderen hydraulischen Systemen.<\/p>\n<p><img loading=\"lazy\" decoding=\"async\" class=\"aligncenter wp-image-1112\" src=\"https:\/\/hydraulic-cylinders.net\/wp-content\/uploads\/2023\/09\/hsg-hydraulic-cylinder-4-1-300x300.webp\" alt=\"\" width=\"400\" height=\"400\" \/><\/p>\n<h2><strong>HSG Engineering Hydraulikzylinder Parameter<\/strong><strong>:<\/strong><\/h2>\n<p><img loading=\"lazy\" decoding=\"async\" class=\"alignnone wp-image-1113 size-full\" src=\"https:\/\/hydraulic-cylinders.net\/wp-content\/uploads\/2023\/09\/hsg-engineering-hydraulic-cylinder-parameter-1-1-scaled.webp\" alt=\"\" width=\"2560\" height=\"1848\" srcset=\"https:\/\/hydraulic-cylinders.net\/wp-content\/uploads\/2023\/09\/hsg-engineering-hydraulic-cylinder-parameter-1-1-scaled.webp 2560w, https:\/\/hydraulic-cylinders.net\/wp-content\/uploads\/2023\/09\/hsg-engineering-hydraulic-cylinder-parameter-1-1-1280x924.webp 1280w, https:\/\/hydraulic-cylinders.net\/wp-content\/uploads\/2023\/09\/hsg-engineering-hydraulic-cylinder-parameter-1-1-980x707.webp 980w, https:\/\/hydraulic-cylinders.net\/wp-content\/uploads\/2023\/09\/hsg-engineering-hydraulic-cylinder-parameter-1-1-480x347.webp 480w\" sizes=\"(min-width: 0px) and (max-width: 480px) 480px, (min-width: 481px) and (max-width: 980px) 980px, (min-width: 981px) and (max-width: 1280px) 1280px, (min-width: 1281px) 2560px, 100vw\" \/> <img loading=\"lazy\" decoding=\"async\" class=\"alignnone wp-image-1114 size-full\" src=\"https:\/\/hydraulic-cylinders.net\/wp-content\/uploads\/2023\/09\/hsg-engineering-hydraulic-cylinder-parameter-4-scaled.webp\" alt=\"\" width=\"1767\" height=\"2560\" srcset=\"https:\/\/hydraulic-cylinders.net\/wp-content\/uploads\/2023\/09\/hsg-engineering-hydraulic-cylinder-parameter-4-scaled.webp 1767w, https:\/\/hydraulic-cylinders.net\/wp-content\/uploads\/2023\/09\/hsg-engineering-hydraulic-cylinder-parameter-4-1280x1854.webp 1280w, https:\/\/hydraulic-cylinders.net\/wp-content\/uploads\/2023\/09\/hsg-engineering-hydraulic-cylinder-parameter-4-980x1420.webp 980w, https:\/\/hydraulic-cylinders.net\/wp-content\/uploads\/2023\/09\/hsg-engineering-hydraulic-cylinder-parameter-4-480x695.webp 480w\" sizes=\"(min-width: 0px) and (max-width: 480px) 480px, (min-width: 481px) and (max-width: 980px) 980px, (min-width: 981px) and (max-width: 1280px) 1280px, (min-width: 1281px) 1767px, 100vw\" \/> <img loading=\"lazy\" decoding=\"async\" class=\"alignnone wp-image-1115 size-full\" src=\"https:\/\/hydraulic-cylinders.net\/wp-content\/uploads\/2023\/09\/hsg-engineering-hydraulic-cylinder-parameter-5-scaled.webp\" alt=\"\" width=\"2002\" height=\"2560\" srcset=\"https:\/\/hydraulic-cylinders.net\/wp-content\/uploads\/2023\/09\/hsg-engineering-hydraulic-cylinder-parameter-5-scaled.webp 2002w, https:\/\/hydraulic-cylinders.net\/wp-content\/uploads\/2023\/09\/hsg-engineering-hydraulic-cylinder-parameter-5-1280x1637.webp 1280w, https:\/\/hydraulic-cylinders.net\/wp-content\/uploads\/2023\/09\/hsg-engineering-hydraulic-cylinder-parameter-5-980x1253.webp 980w, https:\/\/hydraulic-cylinders.net\/wp-content\/uploads\/2023\/09\/hsg-engineering-hydraulic-cylinder-parameter-5-480x614.webp 480w\" sizes=\"(min-width: 0px) and (max-width: 480px) 480px, (min-width: 481px) and (max-width: 980px) 980px, (min-width: 981px) and (max-width: 1280px) 1280px, (min-width: 1281px) 2002px, 100vw\" \/><\/p>\n<h2><strong>HSG Engineering Hydraulikzylinder <\/strong><strong>Vorteile<\/strong><strong>:<\/strong><\/h2>\n<p>Das Kolbenstangenende mit einem au\u00dfenliegenden Gewindekopf bietet mehrere Vorteile beim Bau von Hydraulikzylindern:<\/p>\n<ol>\n<li><strong>Sichere Befestigung:<\/strong>\n<ul>\n<li>Die Gewindestangenkopfverbindung gew\u00e4hrleistet eine sichere und zuverl\u00e4ssige Verbindung, die das Risiko des L\u00f6sens oder Herausfallens w\u00e4hrend des Betriebs minimiert.<\/li>\n<li>Dies verbessert die Sicherheit und Stabilit\u00e4t von Hydraulikzylinderbaugruppen, insbesondere bei Anwendungen mit hohen Belastungen oder Vibrationen.<\/li>\n<\/ul>\n<\/li>\n<li><strong>Einfache Installation und Austausch:<\/strong>\n<ul>\n<li>Au\u00dfengewindeverbindungen vereinfachen die Montage und den Austausch von Bauteilen oder tragenden Konstruktionen.<\/li>\n<li>Es erm\u00f6glicht ein schnelles Aus- und Wiedereinbauen mittels Gewindebefestigungen f\u00fcr einfache Wartungs-, Reparatur- oder Austauscharbeiten.<\/li>\n<\/ul>\n<\/li>\n<li><strong>Anpassungsf\u00e4higkeit:<\/strong>\n<ul>\n<li>Gewindestangenkopfverbindungen k\u00f6nnen an unterschiedliche Anwendungsanforderungen angepasst werden.<\/li>\n<li>Es erm\u00f6glicht die Verbindung verschiedener Bauteile oder tragender Strukturen mittels kompatibler Gewindeverbindungen und bietet somit Vielseitigkeit und individuelle Anpassungsm\u00f6glichkeiten.<\/li>\n<\/ul>\n<\/li>\n<\/ol>\n<h2><strong>HSG Engineering Hydraulikzylinder<\/strong><strong> Anwendungen:<\/strong><\/h2>\n<ol>\n<li><strong>Gewindeverbindung:<\/strong>\n<ul>\n<li>Mit Au\u00dfengewindek\u00f6pfen k\u00f6nnen Bauteile oder tragende Konstruktionen direkt mittels Muttern, Schrauben oder anderen Gewindebefestigungselementen befestigt werden.<\/li>\n<li>Diese Gewindeverbindung erm\u00f6glicht eine sichere und zuverl\u00e4ssige Verbindung, die die Stabilit\u00e4t und Integrit\u00e4t der Hydraulikzylinderbaugruppe gew\u00e4hrleistet.<\/li>\n<\/ul>\n<\/li>\n<li><strong>Anpassung und Optimierung:<\/strong>\n<ul>\n<li>Die Gewindestangenkopfverbindung bietet Flexibilit\u00e4t bei der Befestigung verschiedener Bauteile oder tragender Konstruktionen.<\/li>\n<li>Es erm\u00f6glicht die individuelle Anpassung durch Auswahl geeigneter Gewindebefestigungen, um den spezifischen Anwendungsanforderungen gerecht zu werden.<\/li>\n<\/ul>\n<\/li>\n<li><strong>Tragende Strukturen:<\/strong>\n<ul>\n<li>Gewindestangenkopfverbindungen k\u00f6nnen direkt mit tragenden Konstruktionen wie Halterungen, Platten oder anderen St\u00fctzelementen verbunden werden.<\/li>\n<li>Diese Konfiguration erm\u00f6glicht es dem Hydraulikzylinder, Kraft auszu\u00fcben und das Gewicht externer Objekte oder Maschinen zu tragen, wodurch er sich f\u00fcr Anwendungen eignet, die eine Tragf\u00e4higkeit erfordern.<\/li>\n<\/ul>\n<\/li>\n<\/ol>\n<h2><strong>Wie entl\u00fcftet man einen doppeltwirkenden Hydraulikzylinder?<\/strong><\/h2>\n<p>Das Entl\u00fcften eines doppeltwirkenden Hydraulikzylinders dient dazu, Luft oder eingeschlossene Gase aus dem System zu entfernen, um eine einwandfreie Funktion zu gew\u00e4hrleisten und schwammige oder ungleichm\u00e4\u00dfige Bewegungen zu verhindern. Hier finden Sie eine Schritt-f\u00fcr-Schritt-Anleitung zum Entl\u00fcften eines doppeltwirkenden Hydraulikzylinders:<\/p>\n<ol>\n<li><strong>Vorbereitung:<\/strong>\n<ul>\n<li>Stellen Sie sicher, dass das Hydrauliksystem drucklos ist und der Zylinder eingefahren ist.<\/li>\n<li>Identifizieren Sie die Entl\u00fcftungsventile oder -anschl\u00fcsse am Zylinder. Diese befinden sich \u00fcblicherweise am Enddeckel oder in der N\u00e4he der Zylinderanschl\u00fcsse.<\/li>\n<\/ul>\n<\/li>\n<li><strong>Positionieren Sie den Zylinder:<\/strong>\n<ul>\n<li>Positionieren Sie den Zylinder m\u00f6glichst senkrecht, mit dem Stangenende nach oben. Dadurch steigen die Luftblasen leichter nach oben und das Entl\u00fcften wird einfacher.<\/li>\n<\/ul>\n<\/li>\n<li><strong>\u00d6ffnen Sie die Entl\u00fcftungsventile:<\/strong>\n<ul>\n<li>Suchen Sie die Entl\u00fcftungsventile oder -anschl\u00fcsse am Zylinder.<\/li>\n<li>Verwenden Sie einen geeigneten Schraubenschl\u00fcssel oder ein anderes Werkzeug, um die Entl\u00fcftungsventile oder -anschl\u00fcsse langsam zu \u00f6ffnen. Beginnen Sie mit dem Ventil oder Anschluss, das sich am n\u00e4chsten zum Kolbenstangenende des Zylinders befindet.<\/li>\n<\/ul>\n<\/li>\n<li><strong>Druck aus\u00fcben:<\/strong>\n<ul>\n<li>Das Hydrauliksystem wird durch Bet\u00e4tigung der Pumpe oder des Aktuators aktiviert.<\/li>\n<li>Erh\u00f6hen Sie den Druck allm\u00e4hlich auf ein moderates Niveau. Dadurch wird die eingeschlossene Luft durch die ge\u00f6ffneten Entl\u00fcftungsventile aus dem Zylinder gedr\u00fcckt.<\/li>\n<\/ul>\n<\/li>\n<li><strong>Entl\u00fcften Sie die Luft:<\/strong>\n<ul>\n<li>Beim Aufbau des Hydrauliksystems k\u00f6nnen Sie m\u00f6glicherweise Luftblasen bemerken, die durch die ge\u00f6ffneten Entl\u00fcftungsventile entweichen.<\/li>\n<li>Lassen Sie die Luft aus dem System entweichen, bis ein gleichm\u00e4\u00dfiger Hydraulikfl\u00fcssigkeitsstrom ohne Luftblasen zu beobachten ist. Dies zeigt an, dass der Zylinder ordnungsgem\u00e4\u00df entl\u00fcftet ist.<\/li>\n<\/ul>\n<\/li>\n<li><strong>Schlie\u00dfen Sie die Entl\u00fcftungsventile:<\/strong>\n<ul>\n<li>Sobald die gesamte Luft entwichen ist, schlie\u00dfen Sie die Entl\u00fcftungsventile oder -anschl\u00fcsse am Zylinder.<\/li>\n<li>Achten Sie darauf, dass sie fest angezogen sind, aber vermeiden Sie ein \u00dcberdrehen.<\/li>\n<\/ul>\n<\/li>\n<li><strong>Zylinder ein- und ausfahren:<\/strong>\n<ul>\n<li>Bet\u00e4tigen Sie das Hydrauliksystem, um den Zylinder mehrmals vollst\u00e4ndig ein- und auszufahren.<\/li>\n<li>Dies tr\u00e4gt dazu bei, verbliebene Lufteinschl\u00fcsse weiter zu entfernen und eine gleichm\u00e4\u00dfige und reibungslose Zylinderbewegung zu gew\u00e4hrleisten.<\/li>\n<\/ul>\n<\/li>\n<li><strong>Auf Lecks pr\u00fcfen:<\/strong>\n<ul>\n<li>Nach dem Entl\u00fcften und der Zylinderbet\u00e4tigung ist das gesamte Hydrauliksystem auf Lecks oder ungew\u00f6hnliches Verhalten zu \u00fcberpr\u00fcfen.<\/li>\n<li>Beheben Sie etwaige Lecks oder Probleme umgehend, um weitere Schwierigkeiten zu vermeiden.<\/li>\n<\/ul>\n<\/li>\n<\/ol>\n<h2><strong>F\u00e4higkeit und Kapazit\u00e4t der Fabrik:<\/strong><\/h2>\n<h3>(1) Montage<\/h3>\n<p>Wir verf\u00fcgen \u00fcber eine erstklassige, unabh\u00e4ngige Forschungs- und Entwicklungsmontageplattform. Die Hydraulikzylinder-Produktionswerkstatt verf\u00fcgt \u00fcber vier halbautomatische Montagelinien f\u00fcr Hubzylinder und eine automatische Montagelinie f\u00fcr Kippzylinder mit einer geplanten j\u00e4hrlichen Produktionskapazit\u00e4t von 1 Million St\u00fcck. Die Spezialzylinderwerkstatt ist mit verschiedenen Spezifikationen eines halbautomatischen Reinigungsmontagesystems mit einer geplanten j\u00e4hrlichen Produktionskapazit\u00e4t von 200.000 ausgestattet und mit renommierten CNC-Bearbeitungsger\u00e4ten, einem Bearbeitungszentrum, einer hochpr\u00e4zisen Spezialausr\u00fcstung f\u00fcr die Zylinderverarbeitung, einer Roboterschwei\u00dfmaschine, einer automatischen Reinigungsmaschine, einer automatischen Zylindermontagemaschine und einer automatischen Lackierproduktionslinie ausgestattet. Es sind mehr als 300 Sets (S\u00e4tze) an kritischer Ausr\u00fcstung vorhanden. Die optimale Zuweisung und effiziente Nutzung der Ausr\u00fcstungsressourcen gew\u00e4hrleistet die Genauigkeitsanforderungen der Produkte und erf\u00fcllt die hohen Qualit\u00e4tsanforderungen der Produkte.<\/p>\n<p><img loading=\"lazy\" decoding=\"async\" class=\"alignnone wp-image-626\" src=\"https:\/\/hydraulic-cylinders.net\/wp-content\/uploads\/2023\/08\/hydraulic-cylinder-product-1-300x158.webp\" alt=\"\" width=\"495\" height=\"260\" srcset=\"https:\/\/hydraulic-cylinders.net\/wp-content\/uploads\/2023\/08\/hydraulic-cylinder-product-1-300x158.webp 495w, https:\/\/hydraulic-cylinders.net\/wp-content\/uploads\/2023\/08\/hydraulic-cylinder-product-1-480x252.webp 480w\" sizes=\"(min-width: 0px) and (max-width: 480px) 480px, (min-width: 481px) 495px, 100vw\" \/> <img loading=\"lazy\" decoding=\"async\" class=\"alignnone wp-image-627\" src=\"https:\/\/hydraulic-cylinders.net\/wp-content\/uploads\/2023\/08\/hydraulic-cylinder-product-2-300x189.webp\" alt=\"\" width=\"413\" height=\"260\" \/><\/p>\n<h3>(2) Bearbeitungen<\/h3>\n<p>Die Bearbeitungswerkstatt ist mit einem ma\u00dfgeschneiderten Schr\u00e4gschienen-Drehzentrum, einem Bearbeitungszentrum, einer Hochgeschwindigkeits-Honmaschine, einem Schwei\u00dfroboter und anderen zugeh\u00f6rigen Ger\u00e4ten ausgestattet, die die Bearbeitung von Zylinderrohren mit einem maximalen Innendurchmesser von 400 mm und einer maximalen L\u00e4nge von 6 Metern erm\u00f6glichen.<\/p>\n<p><img loading=\"lazy\" decoding=\"async\" class=\"alignnone wp-image-628 size-large\" src=\"https:\/\/hydraulic-cylinders.net\/wp-content\/uploads\/2023\/08\/hydraulic-cylinder-product-3-1024x391.webp\" alt=\"\" width=\"1024\" height=\"391\" srcset=\"https:\/\/hydraulic-cylinders.net\/wp-content\/uploads\/2023\/08\/hydraulic-cylinder-product-3-980x374.webp 980w, https:\/\/hydraulic-cylinders.net\/wp-content\/uploads\/2023\/08\/hydraulic-cylinder-product-3-480x183.webp 480w\" sizes=\"(min-width: 0px) and (max-width: 480px) 480px, (min-width: 481px) and (max-width: 980px) 980px, (min-width: 981px) 1024px, 100vw\" \/><\/p>\n<h3>(3) Schwei\u00dfen<\/h3>\n<p><img loading=\"lazy\" decoding=\"async\" class=\"alignnone wp-image-629 size-large\" src=\"https:\/\/hydraulic-cylinders.net\/wp-content\/uploads\/2023\/08\/hydraulic-cylinder-product-4-1024x510.webp\" alt=\"\" width=\"1024\" height=\"510\" srcset=\"https:\/\/hydraulic-cylinders.net\/wp-content\/uploads\/2023\/08\/hydraulic-cylinder-product-4-980x488.webp 980w, https:\/\/hydraulic-cylinders.net\/wp-content\/uploads\/2023\/08\/hydraulic-cylinder-product-4-480x239.webp 480w\" sizes=\"(min-width: 0px) and (max-width: 480px) 480px, (min-width: 481px) and (max-width: 980px) 980px, (min-width: 981px) 1024px, 100vw\" \/><\/p>\n<h3>(4) Malerei und Beschichtung<\/h3>\n<p>Mit kleinen und mittleren Zylinder automatische Lackieranlagen auf Wasserbasis, zu erreichen automatische Roboter Be-und Entladen und automatische Spritzen, die Design-Kapazit\u00e4t von 4000 St\u00fcck pro Schicht;<br \/>\nWir verf\u00fcgen auch \u00fcber eine halbautomatische Lackieranlage f\u00fcr gro\u00dfe Zylinder, die von einer Energiekette angetrieben wird und eine Kapazit\u00e4t von 60 Kisten pro Schicht hat.<\/p>\n<p><img loading=\"lazy\" decoding=\"async\" class=\"alignnone wp-image-630\" src=\"https:\/\/hydraulic-cylinders.net\/wp-content\/uploads\/2023\/08\/hydraulic-cylinder-product-5-300x213.webp\" alt=\"\" width=\"366\" height=\"260\" \/> <img loading=\"lazy\" decoding=\"async\" class=\"alignnone wp-image-631\" src=\"https:\/\/hydraulic-cylinders.net\/wp-content\/uploads\/2023\/08\/hydraulic-cylinder-product-6-300x225.webp\" alt=\"\" width=\"347\" height=\"260\" \/><\/p>\n<h3>(5) Pr\u00fcfung<\/h3>\n<p>Wir verf\u00fcgen \u00fcber erstklassige Pr\u00fcfeinrichtungen und Pr\u00fcfst\u00e4nde, um sicherzustellen, dass die Leistung des Zylinders den Anforderungen entspricht.<\/p>\n<p><img loading=\"lazy\" decoding=\"async\" class=\"alignnone wp-image-632\" src=\"https:\/\/hydraulic-cylinders.net\/wp-content\/uploads\/2023\/08\/hydraulic-cylinder-product-8-300x200.webp\" alt=\"\" width=\"389\" height=\"260\" \/><\/p>\n<p>&nbsp;<\/p>\n<p>&nbsp;<\/p>\n<p>Wir sind einer der besten Hersteller von Hydraulikzylindern. Wir bieten Ihnen einen umfassenden Lagerbestand an Hydraulikzylindern. Wir bieten auch entsprechende <a href=\"https:\/\/hzpt.com\/agricultural-pto-gearbox\/\" target=\"_blank\" rel=\"noopener\">landwirtschaftliche Getriebe<\/a>. Wir haben unsere Produkte an Kunden in der ganzen Welt exportiert und uns aufgrund unserer hervorragenden Produktqualit\u00e4t und unseres Kundendienstes einen guten Ruf erworben. Wir hei\u00dfen Kunden im In- und Ausland herzlich willkommen, uns zu kontaktieren, um Gesch\u00e4fte zu verhandeln, Informationen auszutauschen und\u00a0<a href=\"https:\/\/www.hydraulic-cylinders.net\/de\/contact-us\/\">mit uns zusammenarbeiten<\/a>!<\/p>\n<h2><\/h2>\n<h2><\/h2>\n<h2><\/h2>","protected":false},"excerpt":{"rendered":"<p>Pistion Rod End Is External Threaded Rod Head Earring Connection Engineering Hydraulic Cylinder The piston rod end has an externally threaded rod head earring connection, usually consisting of a threaded rod head at the end of the piston rod. The rod head has external threads and can be connected to external components or load-bearing structures. [&hellip;]<\/p>","protected":false},"featured_media":1116,"comment_status":"open","ping_status":"closed","template":"","meta":{"_et_pb_use_builder":"","_et_pb_old_content":"","_et_gb_content_width":""},"product_brand":[],"product_cat":[1376],"product_tag":[1380],"class_list":{"0":"post-1111","1":"product","2":"type-product","3":"status-publish","4":"has-post-thumbnail","6":"product_cat-hydraulic-cylinder","7":"product_tag-hydraulic-cylinder","9":"first","10":"instock","11":"shipping-taxable","12":"product-type-simple"},"amp_enabled":true,"_links":{"self":[{"href":"https:\/\/www.hydraulic-cylinders.net\/de\/wp-json\/wp\/v2\/product\/1111","targetHints":{"allow":["GET"]}}],"collection":[{"href":"https:\/\/www.hydraulic-cylinders.net\/de\/wp-json\/wp\/v2\/product"}],"about":[{"href":"https:\/\/www.hydraulic-cylinders.net\/de\/wp-json\/wp\/v2\/types\/product"}],"replies":[{"embeddable":true,"href":"https:\/\/www.hydraulic-cylinders.net\/de\/wp-json\/wp\/v2\/comments?post=1111"}],"wp:featuredmedia":[{"embeddable":true,"href":"https:\/\/www.hydraulic-cylinders.net\/de\/wp-json\/wp\/v2\/media\/1116"}],"wp:attachment":[{"href":"https:\/\/www.hydraulic-cylinders.net\/de\/wp-json\/wp\/v2\/media?parent=1111"}],"wp:term":[{"taxonomy":"product_brand","embeddable":true,"href":"https:\/\/www.hydraulic-cylinders.net\/de\/wp-json\/wp\/v2\/product_brand?post=1111"},{"taxonomy":"product_cat","embeddable":true,"href":"https:\/\/www.hydraulic-cylinders.net\/de\/wp-json\/wp\/v2\/product_cat?post=1111"},{"taxonomy":"product_tag","embeddable":true,"href":"https:\/\/www.hydraulic-cylinders.net\/de\/wp-json\/wp\/v2\/product_tag?post=1111"}],"curies":[{"name":"wp","href":"https:\/\/api.w.org\/{rel}","templated":true}]}}