{"id":1243,"date":"2023-09-14T08:24:48","date_gmt":"2023-09-14T08:24:48","guid":{"rendered":"https:\/\/hydraulic-cylinders.net\/?post_type=product&#038;p=1243"},"modified":"2025-04-11T05:26:12","modified_gmt":"2025-04-11T05:26:12","slug":"hroc-single-trunnion-type-circular-hydraulic-cylinder","status":"publish","type":"product","link":"https:\/\/www.hydraulic-cylinders.net\/de\/produkt\/hroc-single-trunnion-type-circular-hydraulic-cylinder\/","title":{"rendered":"HROC Einzelzapfen-Typ kreisf\u00f6rmiger Hydraulikzylinder"},"content":{"rendered":"<h1 style=\"text-align: center;\"><strong>HROC Einzelzapfen-Typ kreisf\u00f6rmiger Hydraulikzylinder<\/strong><\/h1>\n<p>Der HROC-Rundzylinder mit Einzelzapfenlagerung ist ein hochmodernes Hydraulikelement, das f\u00fcr eine zuverl\u00e4ssige und effiziente Kraft\u00fcbertragung in vielf\u00e4ltigen industriellen Anwendungen entwickelt wurde. Dank seines innovativen Designs und seiner \u00fcberlegenen Leistung bietet dieser Hydraulikzylinder pr\u00e4zise Steuerung, Langlebigkeit und Vielseitigkeit. Ob in der Fertigung, im Bauwesen oder im Materialtransport \u2013 HROC-Rundzylinder mit Einzelzapfenlagerung optimieren den Hydraulikbetrieb und steigern die Produktivit\u00e4t.<\/p>\n<p>Rundzylinder der HRO-Serie sind sicher und stabil, bieten Leistung, sind leicht zu warten, haben ein sch\u00f6nes Aussehen und sind von hoher Qualit\u00e4t und f\u00fcr alle Arten von Pressen geeignet.<\/p>\n<p><img loading=\"lazy\" decoding=\"async\" class=\"wp-image-1244 aligncenter\" src=\"https:\/\/hydraulic-cylinders.net\/wp-content\/uploads\/2023\/09\/hro-circular-hydraulic-cylinder-7-1-300x300.webp\" alt=\"\" width=\"400\" height=\"400\" \/><\/p>\n<h2><strong>Kenndaten des kreisf\u00f6rmigen Hydraulikzylinders vom Typ HROA:<\/strong><\/h2>\n<p><img loading=\"lazy\" decoding=\"async\" class=\"alignnone wp-image-1245 size-full\" src=\"https:\/\/hydraulic-cylinders.net\/wp-content\/uploads\/2023\/09\/hro-circular-hydraulic-cylinder-1-1-1-1.webp\" alt=\"\" width=\"1428\" height=\"436\" srcset=\"https:\/\/hydraulic-cylinders.net\/wp-content\/uploads\/2023\/09\/hro-circular-hydraulic-cylinder-1-1-1-1.webp 1428w, https:\/\/hydraulic-cylinders.net\/wp-content\/uploads\/2023\/09\/hro-circular-hydraulic-cylinder-1-1-1-1-1280x391.webp 1280w, https:\/\/hydraulic-cylinders.net\/wp-content\/uploads\/2023\/09\/hro-circular-hydraulic-cylinder-1-1-1-1-980x299.webp 980w, https:\/\/hydraulic-cylinders.net\/wp-content\/uploads\/2023\/09\/hro-circular-hydraulic-cylinder-1-1-1-1-480x147.webp 480w\" sizes=\"(min-width: 0px) and (max-width: 480px) 480px, (min-width: 481px) and (max-width: 980px) 980px, (min-width: 981px) and (max-width: 1280px) 1280px, (min-width: 1281px) 1428px, 100vw\" \/><\/p>\n<h2><strong>Strukturdiagramm des kreisf\u00f6rmigen Hydraulikzylinders vom Typ HROA:<\/strong><\/h2>\n<p><img loading=\"lazy\" decoding=\"async\" class=\"alignnone wp-image-1246 size-full\" src=\"https:\/\/hydraulic-cylinders.net\/wp-content\/uploads\/2023\/09\/hro-circular-hydraulic-cylinder-2-1-1.webp\" alt=\"\" width=\"1404\" height=\"889\" srcset=\"https:\/\/hydraulic-cylinders.net\/wp-content\/uploads\/2023\/09\/hro-circular-hydraulic-cylinder-2-1-1.webp 1404w, https:\/\/hydraulic-cylinders.net\/wp-content\/uploads\/2023\/09\/hro-circular-hydraulic-cylinder-2-1-1-1280x810.webp 1280w, https:\/\/hydraulic-cylinders.net\/wp-content\/uploads\/2023\/09\/hro-circular-hydraulic-cylinder-2-1-1-980x621.webp 980w, https:\/\/hydraulic-cylinders.net\/wp-content\/uploads\/2023\/09\/hro-circular-hydraulic-cylinder-2-1-1-480x304.webp 480w\" sizes=\"(min-width: 0px) and (max-width: 480px) 480px, (min-width: 481px) and (max-width: 980px) 980px, (min-width: 981px) and (max-width: 1280px) 1280px, (min-width: 1281px) 1404px, 100vw\" \/><\/p>\n<h2><strong>Parameter des HROC-Kreiszylinders mit einfacher Zapfenlagerung:<img loading=\"lazy\" decoding=\"async\" class=\"alignnone wp-image-1247 size-full\" src=\"https:\/\/hydraulic-cylinders.net\/wp-content\/uploads\/2023\/09\/hro-circular-hydraulic-cylinder-7.webp\" alt=\"\" width=\"1450\" height=\"1143\" srcset=\"https:\/\/hydraulic-cylinders.net\/wp-content\/uploads\/2023\/09\/hro-circular-hydraulic-cylinder-7.webp 1450w, https:\/\/hydraulic-cylinders.net\/wp-content\/uploads\/2023\/09\/hro-circular-hydraulic-cylinder-7-1280x1009.webp 1280w, https:\/\/hydraulic-cylinders.net\/wp-content\/uploads\/2023\/09\/hro-circular-hydraulic-cylinder-7-980x773.webp 980w, https:\/\/hydraulic-cylinders.net\/wp-content\/uploads\/2023\/09\/hro-circular-hydraulic-cylinder-7-480x378.webp 480w\" sizes=\"(min-width: 0px) and (max-width: 480px) 480px, (min-width: 481px) and (max-width: 980px) 980px, (min-width: 981px) and (max-width: 1280px) 1280px, (min-width: 1281px) 1450px, 100vw\" \/>\u00a0<\/strong><\/h2>\n<h2><strong>HROC Einzelzapfen-Typ kreisf\u00f6rmiger Hydraulikzylinder <\/strong><strong>Datenblatt f\u00fcr Au\u00dfenzahntypen:<\/strong><\/h2>\n<h2><strong><img loading=\"lazy\" decoding=\"async\" class=\"alignnone wp-image-1248 size-full\" src=\"https:\/\/hydraulic-cylinders.net\/wp-content\/uploads\/2023\/09\/hro-circular-hydraulic-cylinder-8.webp\" alt=\"\" width=\"1448\" height=\"564\" srcset=\"https:\/\/hydraulic-cylinders.net\/wp-content\/uploads\/2023\/09\/hro-circular-hydraulic-cylinder-8.webp 1448w, https:\/\/hydraulic-cylinders.net\/wp-content\/uploads\/2023\/09\/hro-circular-hydraulic-cylinder-8-1280x499.webp 1280w, https:\/\/hydraulic-cylinders.net\/wp-content\/uploads\/2023\/09\/hro-circular-hydraulic-cylinder-8-980x382.webp 980w, https:\/\/hydraulic-cylinders.net\/wp-content\/uploads\/2023\/09\/hro-circular-hydraulic-cylinder-8-480x187.webp 480w\" sizes=\"(min-width: 0px) and (max-width: 480px) 480px, (min-width: 481px) and (max-width: 980px) 980px, (min-width: 981px) and (max-width: 1280px) 1280px, (min-width: 1281px) 1448px, 100vw\" \/><\/strong><\/h2>\n<h2><strong>HROC Einzelzapfen-Typ kreisf\u00f6rmiger Hydraulikzylinder <\/strong><strong>Verwendungsmethode<\/strong><strong>:<\/strong><\/h2>\n<ol>\n<li><strong>Montage und Installation:<\/strong>\n<ul>\n<li>Ermitteln Sie den geeigneten Einbauort f\u00fcr HROC-Einzapfenzylinder anhand der spezifischen Anforderungen Ihrer Ausr\u00fcstung oder Maschine.<\/li>\n<li>Stellen Sie sicher, dass die Montagefl\u00e4che fest und eben ist und das Gewicht und die Last des Zylinders sicher tragen kann.<\/li>\n<\/ul>\n<\/li>\n<li><strong>Hydrauliksystemanschluss:<\/strong>\n<ul>\n<li>Verbinden Sie den Hydraulikzylinder mit einem kompatiblen Hydraulikschlauch oder -rohr mit dem Hydrauliksystem.<\/li>\n<li>Sorgen Sie f\u00fcr eine ordnungsgem\u00e4\u00dfe Ausrichtung und sichere Verbindungen, um Lecks zu vermeiden und eine optimale Leistung sicherzustellen.<\/li>\n<\/ul>\n<\/li>\n<li><strong>Bedienung des Zylinders:<\/strong>\n<ul>\n<li>Starten Sie das Hydrauliksystem und beginnen Sie mit der Bewegung des HROC-Einzelzapfenzylinders.<\/li>\n<li>Das hydraulische Steuerungssystem regelt pr\u00e4zise das Ausfahren, Einfahren und Positionieren des Zylinders, um einen effizienten Betrieb zu gew\u00e4hrleisten.<\/li>\n<\/ul>\n<\/li>\n<\/ol>\n<h2><strong>HROC Einzelzapfen-Typ kreisf\u00f6rmiger Hydraulikzylinder <\/strong><strong>Merkmale<\/strong><strong>:<\/strong><\/h2>\n<ul>\n<li><strong>Innovatives Design:<\/strong>\u00a0 Der HROC-Zylinder mit Einzelzapfenlagerung zeichnet sich durch eine hochmoderne Konstruktion aus, die Leistung, Effizienz und Langlebigkeit maximiert.<\/li>\n<li><strong>Pr\u00e4zise Steuerung:<\/strong>\u00a0 Dieser Hydraulikzylinder bietet eine hervorragende Bewegungs- und Positionierungskontrolle und erm\u00f6glicht so einen pr\u00e4zisen und effizienten Betrieb.<\/li>\n<li><strong>Hohe Tragf\u00e4higkeit:<\/strong>\u00a0 Die HROC-Zylinder mit einfacher Zapfenlagerung sind f\u00fcr die Bew\u00e4ltigung hoher Lasten und den Einsatz in anspruchsvollen industriellen Anwendungen ausgelegt.<\/li>\n<li><strong>Vielseitige Anwendungen:<\/strong>\u00a0 Der Hydraulikzylinder verf\u00fcgt \u00fcber ein universelles Design, das f\u00fcr die Fertigungsindustrie, das Baugewerbe, die Materialhandhabung und andere Branchen geeignet ist.<\/li>\n<li><strong>Zuverl\u00e4ssigkeit und Haltbarkeit:<\/strong>\u00a0 Die HROC-Zylinder mit einfacher Zapfenlagerung widerstehen rauen Betriebsbedingungen, bieten eine lange Lebensdauer und minimieren Ausfallzeiten.<\/li>\n<li><strong>Reibungsloser Betrieb:<\/strong>\u00a0 Der Zylinder gew\u00e4hrleistet einen reibungslosen und zuverl\u00e4ssigen Betrieb und minimiert Vibrationen und Ger\u00e4usche w\u00e4hrend der hydraulischen Bewegung.<\/li>\n<\/ul>\n<h2><strong>Wie schwer ist es, einen Hydraulikzylinder umzubauen?<\/strong><\/h2>\n<p>Die \u00dcberholung eines Hydraulikzylinders kann eine komplexe Aufgabe sein, die mechanische Kenntnisse, Erfahrung und das richtige Werkzeug erfordert. Der Schwierigkeitsgrad des Prozesses kann je nach Konstruktion und Zustand des Zylinders variieren. Folgende Faktoren sind zu ber\u00fccksichtigen:<\/p>\n<ol>\n<li><strong>Fachwissen und Erfahrung:<\/strong><br \/>\nDie \u00dcberholung eines Hydraulikzylinders erfordert fundierte Kenntnisse seiner Komponenten, Funktionsweise und Montage. Der Prozess gestaltet sich einfacher, wenn Sie bereits Erfahrung mit Hydrauliksystemen haben oder schon einmal Hydraulikzylinder \u00fcberholt haben. Anf\u00e4ngern im Bereich Hydrauliksysteme wird jedoch empfohlen, professionelle Hilfe oder Beratung in Anspruch zu nehmen.<\/li>\n<li><strong>Zylinderdesign:<\/strong><br \/>\nDie Komplexit\u00e4t der \u00dcberholung eines Hydraulikzylinders kann von seiner Konstruktion abh\u00e4ngen. Manche Zylinder haben eine einfachere Konstruktion mit weniger internen Komponenten, wodurch sie relativ leicht zu \u00fcberholen sind. Fortgeschrittenere Techniken, beispielsweise solche mit mehreren Stufen oder integrierten Funktionen, k\u00f6nnen jedoch komplizierter und schwieriger zu zerlegen, wieder abzudichten und wieder korrekt zusammenzubauen sein.<\/li>\n<li><strong>Zustand des Zylinders:<\/strong><br \/>\nDer Gesamtzustand des Hydraulikzylinders beeinflusst ebenfalls den Wiederaufbauprozess. Bei schweren Sch\u00e4den, starkem Verschlei\u00df oder Korrosion sind m\u00f6glicherweise zus\u00e4tzliche Reparaturen oder der Austausch von Teilen erforderlich, was den Wiederaufbau zus\u00e4tzlich komplex machen kann. Eine vorherige Beurteilung des Zylinderzustands hilft, den erforderlichen Arbeitsaufwand zu bestimmen.<\/li>\n<li><strong>Werkzeuge und Ausr\u00fcstung:<\/strong><br \/>\nDie \u00dcberholung eines Hydraulikzylinders erfordert oft Spezialwerkzeug und -ausr\u00fcstung. Dazu geh\u00f6ren Hydraulikpressen, Dichtungsmontagewerkzeuge, Sprengringzangen und Drehmomentschl\u00fcssel. Die notwendigen Werkzeuge zu besitzen und sie richtig anzuwenden, ist f\u00fcr eine erfolgreiche \u00dcberholung unerl\u00e4sslich.<\/li>\n<li><strong>Dichtungswechsel und -montage:<\/strong><br \/>\nEiner der wichtigsten Schritte bei der \u00dcberholung eines Hydraulikzylinders ist der Austausch der Dichtungen. Die korrekte Auswahl und der fachgerechte Einbau der Dichtungen sind f\u00fcr die einwandfreie Funktion und die Vermeidung von Leckagen unerl\u00e4sslich. Dies erfordert Pr\u00e4zision und Sorgfalt. Dar\u00fcber hinaus ist die korrekte Reihenfolge und Ausrichtung beim Zusammenbau der Zylinderkomponenten entscheidend f\u00fcr die optimale Leistung.<\/li>\n<li><strong>Testen und Verifizieren:<\/strong><br \/>\nNach der \u00dcberholung des Hydraulikzylinders ist es wichtig, gr\u00fcndliche Tests durchzuf\u00fchren, um sicherzustellen, dass er wie vorgesehen funktioniert. Dazu geh\u00f6ren Druckpr\u00fcfungen, die \u00dcberpr\u00fcfung auf Lecks sowie die \u00dcberpr\u00fcfung des Bewegungsbereichs und der Leistung des Zylinders. Eine ordnungsgem\u00e4\u00dfe Pr\u00fcfung hilft, Probleme zu identifizieren und gew\u00e4hrleistet die Sicherheit und Zuverl\u00e4ssigkeit des Zylinders.<\/li>\n<\/ol>\n<h2><strong>F\u00e4higkeit und Kapazit\u00e4t der Fabrik:<\/strong><\/h2>\n<h3>(1) Montage<\/h3>\n<p>Wir verf\u00fcgen \u00fcber eine erstklassige, unabh\u00e4ngige Forschungs- und Entwicklungsmontageplattform. Die Hydraulikzylinder-Produktionswerkstatt verf\u00fcgt \u00fcber vier halbautomatische Montagelinien f\u00fcr Hubzylinder und eine automatische Montagelinie f\u00fcr Kippzylinder mit einer geplanten j\u00e4hrlichen Produktionskapazit\u00e4t von 1 Million St\u00fcck. Die Spezialzylinderwerkstatt ist mit verschiedenen Spezifikationen eines halbautomatischen Reinigungsmontagesystems mit einer geplanten j\u00e4hrlichen Produktionskapazit\u00e4t von 200.000 ausgestattet und mit renommierten CNC-Bearbeitungsger\u00e4ten, einem Bearbeitungszentrum, einer hochpr\u00e4zisen Spezialausr\u00fcstung f\u00fcr die Zylinderverarbeitung, einer Roboterschwei\u00dfmaschine, einer automatischen Reinigungsmaschine, einer automatischen Zylindermontagemaschine und einer automatischen Lackierproduktionslinie ausgestattet. Es sind mehr als 300 Sets (S\u00e4tze) an kritischer Ausr\u00fcstung vorhanden. Die optimale Zuweisung und effiziente Nutzung der Ausr\u00fcstungsressourcen gew\u00e4hrleistet die Genauigkeitsanforderungen der Produkte und erf\u00fcllt die hohen Qualit\u00e4tsanforderungen der Produkte.<\/p>\n<p><img loading=\"lazy\" decoding=\"async\" class=\"alignnone wp-image-626\" src=\"https:\/\/hydraulic-cylinders.net\/wp-content\/uploads\/2023\/08\/hydraulic-cylinder-product-1-300x158.webp\" alt=\"\" width=\"495\" height=\"260\" srcset=\"https:\/\/hydraulic-cylinders.net\/wp-content\/uploads\/2023\/08\/hydraulic-cylinder-product-1-300x158.webp 495w, https:\/\/hydraulic-cylinders.net\/wp-content\/uploads\/2023\/08\/hydraulic-cylinder-product-1-480x252.webp 480w\" sizes=\"(min-width: 0px) and (max-width: 480px) 480px, (min-width: 481px) 495px, 100vw\" \/> <img loading=\"lazy\" decoding=\"async\" class=\"alignnone wp-image-627\" src=\"https:\/\/hydraulic-cylinders.net\/wp-content\/uploads\/2023\/08\/hydraulic-cylinder-product-2-300x189.webp\" alt=\"\" width=\"413\" height=\"260\" \/><\/p>\n<h3>(2) Bearbeitungen<\/h3>\n<p>Die Bearbeitungswerkstatt ist mit einem ma\u00dfgeschneiderten Schr\u00e4gschienen-Drehzentrum, einem Bearbeitungszentrum, einer Hochgeschwindigkeits-Honmaschine, einem Schwei\u00dfroboter und anderen zugeh\u00f6rigen Ger\u00e4ten ausgestattet, die die Bearbeitung von Zylinderrohren mit einem maximalen Innendurchmesser von 400 mm und einer maximalen L\u00e4nge von 6 Metern erm\u00f6glichen.<\/p>\n<p><img loading=\"lazy\" decoding=\"async\" class=\"alignnone wp-image-628 size-large\" src=\"https:\/\/hydraulic-cylinders.net\/wp-content\/uploads\/2023\/08\/hydraulic-cylinder-product-3-1024x391.webp\" alt=\"\" width=\"1024\" height=\"391\" srcset=\"https:\/\/hydraulic-cylinders.net\/wp-content\/uploads\/2023\/08\/hydraulic-cylinder-product-3-980x374.webp 980w, https:\/\/hydraulic-cylinders.net\/wp-content\/uploads\/2023\/08\/hydraulic-cylinder-product-3-480x183.webp 480w\" sizes=\"(min-width: 0px) and (max-width: 480px) 480px, (min-width: 481px) and (max-width: 980px) 980px, (min-width: 981px) 1024px, 100vw\" \/><\/p>\n<h3>(3) Schwei\u00dfen<\/h3>\n<p><img loading=\"lazy\" decoding=\"async\" class=\"alignnone wp-image-629 size-large\" src=\"https:\/\/hydraulic-cylinders.net\/wp-content\/uploads\/2023\/08\/hydraulic-cylinder-product-4-1024x510.webp\" alt=\"\" width=\"1024\" height=\"510\" srcset=\"https:\/\/hydraulic-cylinders.net\/wp-content\/uploads\/2023\/08\/hydraulic-cylinder-product-4-980x488.webp 980w, https:\/\/hydraulic-cylinders.net\/wp-content\/uploads\/2023\/08\/hydraulic-cylinder-product-4-480x239.webp 480w\" sizes=\"(min-width: 0px) and (max-width: 480px) 480px, (min-width: 481px) and (max-width: 980px) 980px, (min-width: 981px) 1024px, 100vw\" \/><\/p>\n<h3>(4) Malerei und Beschichtung<\/h3>\n<p>Mit kleinen und mittleren Zylinder automatische Lackieranlagen auf Wasserbasis, zu erreichen automatische Roboter Be-und Entladen und automatische Spritzen, die Design-Kapazit\u00e4t von 4000 St\u00fcck pro Schicht;<br \/>\nWir verf\u00fcgen auch \u00fcber eine halbautomatische Lackieranlage f\u00fcr gro\u00dfe Zylinder, die von einer Energiekette angetrieben wird und eine Kapazit\u00e4t von 60 Kisten pro Schicht hat.<\/p>\n<p><img loading=\"lazy\" decoding=\"async\" class=\"alignnone wp-image-630\" src=\"https:\/\/hydraulic-cylinders.net\/wp-content\/uploads\/2023\/08\/hydraulic-cylinder-product-5-300x213.webp\" alt=\"\" width=\"366\" height=\"260\" \/> <img loading=\"lazy\" decoding=\"async\" class=\"alignnone wp-image-631\" src=\"https:\/\/hydraulic-cylinders.net\/wp-content\/uploads\/2023\/08\/hydraulic-cylinder-product-6-300x225.webp\" alt=\"\" width=\"347\" height=\"260\" \/><\/p>\n<h3>(5) Pr\u00fcfung<\/h3>\n<p>Wir verf\u00fcgen \u00fcber erstklassige Pr\u00fcfeinrichtungen und Pr\u00fcfst\u00e4nde, um sicherzustellen, dass die Leistung des Zylinders den Anforderungen entspricht.<\/p>\n<p><img loading=\"lazy\" decoding=\"async\" class=\"alignnone wp-image-632\" src=\"https:\/\/hydraulic-cylinders.net\/wp-content\/uploads\/2023\/08\/hydraulic-cylinder-product-8-300x200.webp\" alt=\"\" width=\"389\" height=\"260\" \/><\/p>\n<p>&nbsp;<\/p>\n<p>&nbsp;<\/p>\n<p>Wir sind einer der besten Hersteller von metallurgischen Hydraulikzylindern. Wir bieten ein umfassendes Angebot an metallurgischen Hydraulikzylindern. Wir bieten auch entsprechende <a href=\"https:\/\/hzpt.com\/agricultural-pto-gearbox\/\" target=\"_blank\" rel=\"noopener\">landwirtschaftliche Getriebe<\/a>. Wir haben unsere Produkte an Kunden weltweit exportiert und uns aufgrund unserer hervorragenden Produktqualit\u00e4t und unseres Kundendienstes einen guten Ruf erworben. Wir begr\u00fc\u00dfen Kunden im In- und Ausland, die uns kontaktieren, um Gesch\u00e4fte zu verhandeln, Informationen auszutauschen und <a href=\"https:\/\/www.hydraulic-cylinders.net\/de\/contact-us\/\">mit uns zusammenarbeiten<\/a>!<\/p>\n<h2><\/h2>\n<h2><\/h2>","protected":false},"excerpt":{"rendered":"<p>HROC Single Trunnion Type Circular Hydraulic Cylinder The HROC single trunnion type circular hydraulic cylinder is a cutting-edge hydraulic element designed to provide reliable and efficient power transmission for a variety of industrial applications. With its innovative design and superior performance, this hydraulic cylinder offers precise control, durability, and versatility. Whether in manufacturing, construction, or [&hellip;]<\/p>","protected":false},"featured_media":1258,"comment_status":"open","ping_status":"closed","template":"","meta":{"_et_pb_use_builder":"","_et_pb_old_content":"","_et_gb_content_width":""},"product_brand":[],"product_cat":[1526,1550,1376],"product_tag":[1380],"class_list":{"0":"post-1243","1":"product","2":"type-product","3":"status-publish","4":"has-post-thumbnail","6":"product_cat-assembly-line-hydraulic-cylinders","7":"product_cat-double-acting-hydraulic-cylinder","8":"product_cat-hydraulic-cylinder","9":"product_tag-hydraulic-cylinder","11":"first","12":"instock","13":"shipping-taxable","14":"product-type-simple"},"amp_enabled":true,"_links":{"self":[{"href":"https:\/\/www.hydraulic-cylinders.net\/de\/wp-json\/wp\/v2\/product\/1243","targetHints":{"allow":["GET"]}}],"collection":[{"href":"https:\/\/www.hydraulic-cylinders.net\/de\/wp-json\/wp\/v2\/product"}],"about":[{"href":"https:\/\/www.hydraulic-cylinders.net\/de\/wp-json\/wp\/v2\/types\/product"}],"replies":[{"embeddable":true,"href":"https:\/\/www.hydraulic-cylinders.net\/de\/wp-json\/wp\/v2\/comments?post=1243"}],"wp:featuredmedia":[{"embeddable":true,"href":"https:\/\/www.hydraulic-cylinders.net\/de\/wp-json\/wp\/v2\/media\/1258"}],"wp:attachment":[{"href":"https:\/\/www.hydraulic-cylinders.net\/de\/wp-json\/wp\/v2\/media?parent=1243"}],"wp:term":[{"taxonomy":"product_brand","embeddable":true,"href":"https:\/\/www.hydraulic-cylinders.net\/de\/wp-json\/wp\/v2\/product_brand?post=1243"},{"taxonomy":"product_cat","embeddable":true,"href":"https:\/\/www.hydraulic-cylinders.net\/de\/wp-json\/wp\/v2\/product_cat?post=1243"},{"taxonomy":"product_tag","embeddable":true,"href":"https:\/\/www.hydraulic-cylinders.net\/de\/wp-json\/wp\/v2\/product_tag?post=1243"}],"curies":[{"name":"wp","href":"https:\/\/api.w.org\/{rel}","templated":true}]}}