{"id":1272,"date":"2023-09-15T08:13:33","date_gmt":"2023-09-15T08:13:33","guid":{"rendered":"https:\/\/hydraulic-cylinders.net\/?post_type=product&#038;p=1272"},"modified":"2025-04-11T05:25:53","modified_gmt":"2025-04-11T05:25:53","slug":"cx-series-biaxial-compact-hydraulic-cylinder","status":"publish","type":"product","link":"https:\/\/www.hydraulic-cylinders.net\/de\/produkt\/cx-series-biaxial-compact-hydraulic-cylinder\/","title":{"rendered":"CX-Serie Biaxialer Kompakt-Hydraulikzylinder"},"content":{"rendered":"<h1 style=\"text-align: center;\"><strong>CX-Serie Biaxialer Kompakt-Hydraulikzylinder<\/strong><\/h1>\n<p>Der kompakte Zweiachs-Hydraulikzylinder der CX-Serie ist ein hochmodernes Hydraulikelement, das f\u00fcr eine effiziente und zuverl\u00e4ssige Kraft\u00fcbertragung in vielf\u00e4ltigen industriellen Anwendungen entwickelt wurde. Dank seiner kompakten Bauweise, \u00fcberlegenen Leistung und Langlebigkeit bietet dieser Hydraulikzylinder pr\u00e4zise Steuerung und vielseitige Einsatzm\u00f6glichkeiten. Ob in der Fertigung, im Materialtransport oder im Bauwesen \u2013 die Zweiachs-Kompakt-Hydraulikzylinder der CX-Serie optimieren den Hydraulikbetrieb und steigern die Produktivit\u00e4t.<\/p>\n<p>Die Kompaktzylinder der CX-Serie werden f\u00fcr Spannanwendungen eingesetzt. Sie zeichnen sich durch geringen Platzbedarf aus. Unser Werk verf\u00fcgt \u00fcber moderne Hydraulikanlagen, darunter vertikale und horizontale Bearbeitungszentren sowie mittelgro\u00dfe und gro\u00dfe Hydraulikzylinder. Die Fertigungstechnologie f\u00fcr D\u00fcnnzylinder ist exzellent.<\/p>\n<p><img loading=\"lazy\" decoding=\"async\" class=\"wp-image-1275 aligncenter\" src=\"https:\/\/hydraulic-cylinders.net\/wp-content\/uploads\/2023\/09\/cx-compact-hydraulic-cylinder-1-300x300.webp\" alt=\"\" width=\"400\" height=\"400\" \/><\/p>\n<h2><strong>Beschreibung des Modells des biaxialen Kompakt-Hydraulikzylinders der CX-Serie:<\/strong><\/h2>\n<p><img loading=\"lazy\" decoding=\"async\" class=\"alignnone size-full wp-image-323127\" src=\"https:\/\/hzpt.com\/wp-content\/uploads\/2023\/09\/cx-compact-hydraulic-cylinder-2.webp\" alt=\"\" width=\"730\" height=\"119\" \/><\/p>\n<h2><strong>CX-Serie Biaxialer Kompakt-Hydraulikzylinder <\/strong><strong>Merkmale<\/strong>:<\/h2>\n<p><img loading=\"lazy\" decoding=\"async\" class=\"alignnone size-full wp-image-323128\" src=\"https:\/\/hzpt.com\/wp-content\/uploads\/2023\/09\/cx-compact-hydraulic-cylinder-3.webp\" alt=\"\" width=\"730\" height=\"87\" \/><\/p>\n<h2><strong>Parameter des biaxialen Kompakt-Hydraulikzylinders der CX-Serie:<\/strong><\/h2>\n<p><img loading=\"lazy\" decoding=\"async\" class=\"alignnone wp-image-1274 size-full\" src=\"https:\/\/hydraulic-cylinders.net\/wp-content\/uploads\/2023\/09\/cx-compact-hydraulic-cylinder-5.webp\" alt=\"\" width=\"730\" height=\"871\" srcset=\"https:\/\/hydraulic-cylinders.net\/wp-content\/uploads\/2023\/09\/cx-compact-hydraulic-cylinder-5.webp 730w, https:\/\/hydraulic-cylinders.net\/wp-content\/uploads\/2023\/09\/cx-compact-hydraulic-cylinder-5-480x573.webp 480w\" sizes=\"(min-width: 0px) and (max-width: 480px) 480px, (min-width: 481px) 730px, 100vw\" \/><\/p>\n<h2><strong>CX-Serie Biaxialer Kompakt-Hydraulikzylinder <\/strong><strong>Hauptfunktionen und Vorteile<\/strong><strong>:<\/strong><\/h2>\n<ol>\n<li><strong>Kompaktes Design:<\/strong>\n<ul>\n<li>Die kompakten Zweiachs-Hydraulikzylinder der CX-Serie zeichnen sich durch ein platzsparendes Design aus, wodurch sie sich f\u00fcr Anwendungen mit begrenztem Montageraum eignen.<\/li>\n<li>Dank seiner kompakten Gr\u00f6\u00dfe l\u00e4sst es sich problemlos in verschiedene Ger\u00e4tekonfigurationen integrieren und optimiert so die Raumausnutzung.<\/li>\n<\/ul>\n<\/li>\n<li><strong>Pr\u00e4zise Steuerung:<\/strong>\n<ul>\n<li>Dieser Hydraulikzylinder bietet eine \u00fcberlegene Bewegungs- und Positionssteuerung und erm\u00f6glicht so einen pr\u00e4zisen und effizienten Betrieb.<\/li>\n<li>Der pr\u00e4zise Steuermechanismus gew\u00e4hrleistet eine reibungslose und kontrollierbare Bewegung und verbessert die Gesamteffizienz der Produktion.<\/li>\n<\/ul>\n<\/li>\n<li><strong>Hohe Leistung:<\/strong>\n<ul>\n<li>Die kompakten Zwei-Achs-Hydraulikzylinder der CX-Serie sind f\u00fcr eine leistungsstarke Kraft\u00fcbertragung ausgelegt.<\/li>\n<li>Es ist f\u00fcr hohe Belastungen und anspruchsvolle industrielle Anwendungen geeignet und gew\u00e4hrleistet eine zuverl\u00e4ssige und gleichbleibende Leistung.<\/li>\n<\/ul>\n<\/li>\n<li><strong>Vielseitige Anwendungen:<\/strong>\n<ul>\n<li>Die kompakten Zweiachs-Hydraulikzylinder der CX-Serie sind f\u00fcr eine Vielzahl von Branchen konzipiert, darunter Fertigung, Materialtransport und Bauwesen.<\/li>\n<li>Es kann in verschiedenen Ger\u00e4ten wie Pressen, Verdichtern, Ladern usw. eingesetzt werden.<\/li>\n<\/ul>\n<\/li>\n<\/ol>\n<h2><strong>CX-Serie Biaxialer Kompakt-Hydraulikzylinder <\/strong><strong>Verwendungsmethode<\/strong><strong>:<\/strong><\/h2>\n<ol>\n<li><strong>Montage und Installation:<\/strong>\n<ul>\n<li>Ermitteln Sie den geeigneten Montageort f\u00fcr den zweiachsigen Kompakt-Hydraulikzylinder der CX-Serie anhand der spezifischen Anforderungen Ihrer Ausr\u00fcstung oder Maschine.<\/li>\n<li>Stellen Sie sicher, dass die Montagefl\u00e4che stabil und eben ist und das Gewicht und die Last des Zylinders sicher tragen kann.<\/li>\n<\/ul>\n<\/li>\n<li><strong>Hydrauliksystemanschluss:<\/strong>\n<ul>\n<li>Verbinden Sie den Hydraulikzylinder mit einem kompatiblen Hydraulikschlauch oder -rohr mit dem Hydrauliksystem.<\/li>\n<li>Eine ordnungsgem\u00e4\u00dfe Ausrichtung und dichte Verbindungen verhindern Leckagen und gew\u00e4hrleisten eine optimale Leistung.<\/li>\n<\/ul>\n<\/li>\n<li><strong>Bedienung des Zylinders:<\/strong>\n<ul>\n<li>Starten Sie das Hydrauliksystem und beginnen Sie mit der Bewegung des kompakten Zwei-Achs-Hydraulikzylinders der CX-Serie.<\/li>\n<\/ul>\n<\/li>\n<\/ol>\n<h2><strong>Wie tauscht man Dichtungen in einem Hydraulikzylinder aus?<\/strong><\/h2>\n<p>Um einen Hydraulikzylinder von einem Stuhl zu entfernen, gehen Sie wie folgt vor:<\/p>\n<ol>\n<li><strong>Bereiten Sie den Arbeitsbereich vor:<\/strong>\n<ul>\n<li>R\u00e4umen Sie den Bereich um den Stuhl frei, um einen sicheren und ungehinderten Arbeitsbereich zu schaffen.<\/li>\n<li>Legen Sie eine Schutzabdeckung oder ein Schutztuch auf den Boden, um Sch\u00e4den am Stuhl oder den umliegenden Oberfl\u00e4chen zu vermeiden.<\/li>\n<\/ul>\n<\/li>\n<li><strong>Senken Sie den Stuhl ab:<\/strong>\n<ul>\n<li>Verwenden Sie den Einstellhebel oder den Steuermechanismus des Stuhls, um ihn in die niedrigste Position abzusenken.<\/li>\n<li>Dieser Schritt stellt sicher, dass der Zylinder vollst\u00e4ndig komprimiert ist, was das Entfernen erleichtert.<\/li>\n<\/ul>\n<\/li>\n<li><strong>Suchen Sie den Zylinder:<\/strong>\n<ul>\n<li>Identifizieren Sie den Hydraulikzylinder am Stuhl. Er befindet sich normalerweise in der N\u00e4he der Stuhlbasis und ist mit dem Sitz oder dem Stuhlmechanismus verbunden.<\/li>\n<\/ul>\n<\/li>\n<li><strong>Entfernen Sie den Stuhlsitz:<\/strong>\n<ul>\n<li>Wenn der Stuhlsitz abnehmbar ist, suchen Sie die Befestigungsschrauben oder -bolzen, mit denen er am Zylinder oder Stuhlsockel befestigt ist.<\/li>\n<li>Verwenden Sie zum Entfernen der Schrauben oder Bolzen das entsprechende Werkzeug, beispielsweise einen Schraubendreher oder einen Schraubenschl\u00fcssel.<\/li>\n<li>Heben Sie den Sitz vom Stuhl ab, um den Hydraulikzylinder freizulegen.<\/li>\n<\/ul>\n<\/li>\n<li><strong>Unterst\u00fctzen Sie den Vorsitzenden:<\/strong>\n<ul>\n<li>Da der Stuhl ohne Sitz instabil ist, sorgen Sie f\u00fcr eine St\u00fctze, damit er nicht umkippt.<\/li>\n<li>Verwenden Sie einen stabilen Gegenstand, beispielsweise eine Kiste oder einen Holzblock, um die verbleibende Struktur des Stuhls abzust\u00fctzen.<\/li>\n<\/ul>\n<\/li>\n<li><strong>Den Zylinder abklemmen:<\/strong>\n<ul>\n<li>Untersuchen Sie die Verbindungspunkte zwischen dem Hydraulikzylinder und dem Stuhlmechanismus bzw. der Basis.<\/li>\n<li>Je nach Stuhldesign k\u00f6nnen Sie Montagehalterungen, Clips oder Schrauben finden, die den Zylinder sichern.<\/li>\n<li>Entfernen Sie mit den entsprechenden Werkzeugen alle Befestigungselemente, die den Zylinder an seinem Platz halten.<\/li>\n<li>Sobald die Befestigungselemente entfernt sind, ziehen oder wackeln Sie vorsichtig am Zylinder, um ihn vom Stuhl zu l\u00f6sen.<\/li>\n<\/ul>\n<\/li>\n<li><strong>Zylinder ersetzen oder entsorgen:<\/strong>\n<ul>\n<li>Wenn Sie den Hydraulikzylinder austauschen, stellen Sie sicher, dass Sie einen kompatiblen Ersatz haben, der den Spezifikationen des alten Zylinders entspricht.<\/li>\n<li>Wenden Sie sich gegebenenfalls an den Stuhlhersteller oder einen Fachmann, um den richtigen Ersatzzylinder zu erhalten.<\/li>\n<li>Wenn Sie die Flasche entsorgen, befolgen Sie die \u00f6rtlichen Vorschriften und Richtlinien zur ordnungsgem\u00e4\u00dfen Entsorgung.<\/li>\n<\/ul>\n<\/li>\n<li><strong>Den Stuhl wieder zusammenbauen:<\/strong>\n<ul>\n<li>Befestigen Sie den Stuhlsitz wieder, indem Sie die Schraubenl\u00f6cher ausrichten und sie mit den entsprechenden Schrauben oder Bolzen befestigen, wenn Sie den Stuhlsitz entfernt haben.<\/li>\n<li>Stellen Sie sicher, dass der Sitz fest angebracht und stabil ist, bevor Sie den Stuhl wieder verwenden.<\/li>\n<\/ul>\n<\/li>\n<\/ol>\n<h2><strong>F\u00e4higkeit und Kapazit\u00e4t der Fabrik:<\/strong><\/h2>\n<h3>(1) Montage<\/h3>\n<p>Wir verf\u00fcgen \u00fcber eine erstklassige, unabh\u00e4ngige Forschungs- und Entwicklungsmontageplattform. Die Hydraulikzylinder-Produktionswerkstatt verf\u00fcgt \u00fcber vier halbautomatische Montagelinien f\u00fcr Hubzylinder und eine automatische Montagelinie f\u00fcr Kippzylinder mit einer geplanten j\u00e4hrlichen Produktionskapazit\u00e4t von 1 Million St\u00fcck. Die Spezialzylinderwerkstatt ist mit verschiedenen Spezifikationen eines halbautomatischen Reinigungsmontagesystems mit einer geplanten j\u00e4hrlichen Produktionskapazit\u00e4t von 200.000 ausgestattet und mit renommierten CNC-Bearbeitungsger\u00e4ten, einem Bearbeitungszentrum, einer hochpr\u00e4zisen Spezialausr\u00fcstung f\u00fcr die Zylinderverarbeitung, einer Roboterschwei\u00dfmaschine, einer automatischen Reinigungsmaschine, einer automatischen Zylindermontagemaschine und einer automatischen Lackierproduktionslinie ausgestattet. Es sind mehr als 300 Sets (S\u00e4tze) an kritischer Ausr\u00fcstung vorhanden. Die optimale Zuweisung und effiziente Nutzung der Ausr\u00fcstungsressourcen gew\u00e4hrleistet die Genauigkeitsanforderungen der Produkte und erf\u00fcllt die hohen Qualit\u00e4tsanforderungen der Produkte.<\/p>\n<p><img loading=\"lazy\" decoding=\"async\" class=\"alignnone wp-image-626\" src=\"https:\/\/hydraulic-cylinders.net\/wp-content\/uploads\/2023\/08\/hydraulic-cylinder-product-1-300x158.webp\" alt=\"\" width=\"495\" height=\"260\" srcset=\"https:\/\/hydraulic-cylinders.net\/wp-content\/uploads\/2023\/08\/hydraulic-cylinder-product-1-300x158.webp 495w, https:\/\/hydraulic-cylinders.net\/wp-content\/uploads\/2023\/08\/hydraulic-cylinder-product-1-480x252.webp 480w\" sizes=\"(min-width: 0px) and (max-width: 480px) 480px, (min-width: 481px) 495px, 100vw\" \/> <img loading=\"lazy\" decoding=\"async\" class=\"alignnone wp-image-627\" src=\"https:\/\/hydraulic-cylinders.net\/wp-content\/uploads\/2023\/08\/hydraulic-cylinder-product-2-300x189.webp\" alt=\"\" width=\"413\" height=\"260\" \/><\/p>\n<h3>(2) Bearbeitungen<\/h3>\n<p>Die Bearbeitungswerkstatt ist mit einem ma\u00dfgeschneiderten Schr\u00e4gschienen-Drehzentrum, einem Bearbeitungszentrum, einer Hochgeschwindigkeits-Honmaschine, einem Schwei\u00dfroboter und anderen zugeh\u00f6rigen Ger\u00e4ten ausgestattet, die die Bearbeitung von Zylinderrohren mit einem maximalen Innendurchmesser von 400 mm und einer maximalen L\u00e4nge von 6 Metern erm\u00f6glichen.<\/p>\n<p><img loading=\"lazy\" decoding=\"async\" class=\"alignnone wp-image-628 size-large\" src=\"https:\/\/hydraulic-cylinders.net\/wp-content\/uploads\/2023\/08\/hydraulic-cylinder-product-3-1024x391.webp\" alt=\"\" width=\"1024\" height=\"391\" srcset=\"https:\/\/hydraulic-cylinders.net\/wp-content\/uploads\/2023\/08\/hydraulic-cylinder-product-3-980x374.webp 980w, https:\/\/hydraulic-cylinders.net\/wp-content\/uploads\/2023\/08\/hydraulic-cylinder-product-3-480x183.webp 480w\" sizes=\"(min-width: 0px) and (max-width: 480px) 480px, (min-width: 481px) and (max-width: 980px) 980px, (min-width: 981px) 1024px, 100vw\" \/><\/p>\n<h3>(3) Schwei\u00dfen<\/h3>\n<p><img loading=\"lazy\" decoding=\"async\" class=\"alignnone wp-image-629 size-large\" src=\"https:\/\/hydraulic-cylinders.net\/wp-content\/uploads\/2023\/08\/hydraulic-cylinder-product-4-1024x510.webp\" alt=\"\" width=\"1024\" height=\"510\" srcset=\"https:\/\/hydraulic-cylinders.net\/wp-content\/uploads\/2023\/08\/hydraulic-cylinder-product-4-980x488.webp 980w, https:\/\/hydraulic-cylinders.net\/wp-content\/uploads\/2023\/08\/hydraulic-cylinder-product-4-480x239.webp 480w\" sizes=\"(min-width: 0px) and (max-width: 480px) 480px, (min-width: 481px) and (max-width: 980px) 980px, (min-width: 981px) 1024px, 100vw\" \/><\/p>\n<h3>(4) Malerei und Beschichtung<\/h3>\n<p>Mit kleinen und mittleren Zylinder automatische Lackieranlagen auf Wasserbasis, zu erreichen automatische Roboter Be-und Entladen und automatische Spritzen, die Design-Kapazit\u00e4t von 4000 St\u00fcck pro Schicht;<br \/>\nWir verf\u00fcgen auch \u00fcber eine halbautomatische Lackieranlage f\u00fcr gro\u00dfe Zylinder, die von einer Energiekette angetrieben wird und eine Kapazit\u00e4t von 60 Kisten pro Schicht hat.<\/p>\n<p><img loading=\"lazy\" decoding=\"async\" class=\"alignnone wp-image-630\" src=\"https:\/\/hydraulic-cylinders.net\/wp-content\/uploads\/2023\/08\/hydraulic-cylinder-product-5-300x213.webp\" alt=\"\" width=\"366\" height=\"260\" \/> <img loading=\"lazy\" decoding=\"async\" class=\"alignnone wp-image-631\" src=\"https:\/\/hydraulic-cylinders.net\/wp-content\/uploads\/2023\/08\/hydraulic-cylinder-product-6-300x225.webp\" alt=\"\" width=\"347\" height=\"260\" \/><\/p>\n<h3>(5) Pr\u00fcfung<\/h3>\n<p>Wir verf\u00fcgen \u00fcber erstklassige Pr\u00fcfeinrichtungen und Pr\u00fcfst\u00e4nde, um sicherzustellen, dass die Leistung des Zylinders den Anforderungen entspricht.<\/p>\n<p><img loading=\"lazy\" decoding=\"async\" class=\"alignnone wp-image-632\" src=\"https:\/\/hydraulic-cylinders.net\/wp-content\/uploads\/2023\/08\/hydraulic-cylinder-product-8-300x200.webp\" alt=\"\" width=\"389\" height=\"260\" \/><\/p>\n<p>&nbsp;<\/p>\n<p>&nbsp;<\/p>\n<p>Wir sind einer der besten Hersteller von kompakten Hydraulikzylindern. Wir bieten ein umfassendes Lager an kompakten Hydraulikzylindern. Wir bieten auch entsprechende <a href=\"https:\/\/hzpt.com\/agricultural-pto-gearbox\/\" target=\"_blank\" rel=\"noopener\">landwirtschaftliche Getriebe<\/a>. Wir haben unsere Produkte an Kunden weltweit exportiert und uns aufgrund unserer hervorragenden Produktqualit\u00e4t und unseres Kundendienstes einen guten Ruf erworben. Wir begr\u00fc\u00dfen Kunden im In- und Ausland, die uns kontaktieren, um Gesch\u00e4fte zu verhandeln, Informationen auszutauschen und <a href=\"https:\/\/www.hydraulic-cylinders.net\/de\/contact-us\/\">mit uns zusammenarbeiten<\/a>!<\/p>\n<p>&nbsp;<\/p>","protected":false},"excerpt":{"rendered":"<p>CX Series Biaxial Compact Hydraulic Cylinder The cx Series two-axis compact hydraulic cylinder is a cutting-edge hydraulic element designed to provide efficient and reliable power transmission for a variety of industrial applications. With its compact design, superior performance and durability, this hydraulic cylinder offers precise control and versatility. Whether used in manufacturing, material handling or [&hellip;]<\/p>","protected":false},"featured_media":1276,"comment_status":"open","ping_status":"closed","template":"","meta":{"_et_pb_use_builder":"","_et_pb_old_content":"","_et_gb_content_width":""},"product_brand":[],"product_cat":[1526,1550,1376],"product_tag":[1380],"class_list":{"0":"post-1272","1":"product","2":"type-product","3":"status-publish","4":"has-post-thumbnail","6":"product_cat-assembly-line-hydraulic-cylinders","7":"product_cat-double-acting-hydraulic-cylinder","8":"product_cat-hydraulic-cylinder","9":"product_tag-hydraulic-cylinder","11":"first","12":"instock","13":"shipping-taxable","14":"product-type-simple"},"amp_enabled":true,"_links":{"self":[{"href":"https:\/\/www.hydraulic-cylinders.net\/de\/wp-json\/wp\/v2\/product\/1272","targetHints":{"allow":["GET"]}}],"collection":[{"href":"https:\/\/www.hydraulic-cylinders.net\/de\/wp-json\/wp\/v2\/product"}],"about":[{"href":"https:\/\/www.hydraulic-cylinders.net\/de\/wp-json\/wp\/v2\/types\/product"}],"replies":[{"embeddable":true,"href":"https:\/\/www.hydraulic-cylinders.net\/de\/wp-json\/wp\/v2\/comments?post=1272"}],"wp:featuredmedia":[{"embeddable":true,"href":"https:\/\/www.hydraulic-cylinders.net\/de\/wp-json\/wp\/v2\/media\/1276"}],"wp:attachment":[{"href":"https:\/\/www.hydraulic-cylinders.net\/de\/wp-json\/wp\/v2\/media?parent=1272"}],"wp:term":[{"taxonomy":"product_brand","embeddable":true,"href":"https:\/\/www.hydraulic-cylinders.net\/de\/wp-json\/wp\/v2\/product_brand?post=1272"},{"taxonomy":"product_cat","embeddable":true,"href":"https:\/\/www.hydraulic-cylinders.net\/de\/wp-json\/wp\/v2\/product_cat?post=1272"},{"taxonomy":"product_tag","embeddable":true,"href":"https:\/\/www.hydraulic-cylinders.net\/de\/wp-json\/wp\/v2\/product_tag?post=1272"}],"curies":[{"name":"wp","href":"https:\/\/api.w.org\/{rel}","templated":true}]}}