{"id":1423,"date":"2023-09-18T08:52:05","date_gmt":"2023-09-18T08:52:05","guid":{"rendered":"https:\/\/hydraulic-cylinders.net\/?post_type=product&#038;p=1423"},"modified":"2025-04-11T03:49:48","modified_gmt":"2025-04-11T03:49:48","slug":"50-100-double-acting-double-axis-mdc-series-compact-mold-cylinder","status":"publish","type":"product","link":"https:\/\/www.hydraulic-cylinders.net\/de\/produkt\/50-100-double-acting-double-axis-mdc-series-compact-mold-cylinder\/","title":{"rendered":"50-100 Doppeltwirkende zweiachsige Kompaktformzylinder der Serie MDC"},"content":{"rendered":"<h1 style=\"text-align: center;\"><strong>50-100 Doppeltwirkende zweiachsige Kompaktformzylinder der Serie MDC<\/strong><\/h1>\n<p>Der doppeltwirkende, zweiachsige Kompaktzylinder der MDC-Serie ist ein innovativer Hydraulikzylinder, der speziell f\u00fcr Werkzeuganwendungen entwickelt wurde. Dank seiner fortschrittlichen Eigenschaften, zuverl\u00e4ssigen Leistung und kompakten Bauweise bietet dieser Zylinder \u00fcberlegene Funktionalit\u00e4t und Effizienz in verschiedenen industriellen Umgebungen. Ob in Spritzgie\u00dfmaschinen, Druckgussanlagen oder anderen werkzeugbezogenen Anwendungen \u2013 die doppeltwirkenden, zweiachsigen Kompaktzylinder der MDC-Serie gew\u00e4hrleisten pr\u00e4zise Steuerung und optimale Produktivit\u00e4t.<\/p>\n<p>\u00b7 MDC ist ein kompakter Hydraulikzylinder (cx) mit einem Schaltkasten und einer Kolbenstange zur genauen Steuerung der Neutronenposition der Form.<br \/>\n\u00b7 Hydraulikzylinder, geeignet f\u00fcr den Einsatz in Kunststoffformen.<\/p>\n<p><img loading=\"lazy\" decoding=\"async\" class=\"aligncenter wp-image-323260\" src=\"https:\/\/hzpt.com\/wp-content\/uploads\/2023\/09\/mdc-compact-hydraulic-cylinder-9.webp\" alt=\"doppeltwirkender einachsiger Kompaktformzylinder\" width=\"400\" height=\"400\" \/><\/p>\n<h2><strong>Beschreibung des kompakten Formzylindermodells:<\/strong><\/h2>\n<p><img loading=\"lazy\" decoding=\"async\" class=\"alignnone size-full wp-image-323234\" src=\"https:\/\/hzpt.com\/wp-content\/uploads\/2023\/09\/mdc-compact-hydraulic-cylinder-2.webp\" alt=\"\" width=\"966\" height=\"882\" \/><\/p>\n<h2><strong>Kenndaten des Kompaktformzylinders:<\/strong><\/h2>\n<p><img loading=\"lazy\" decoding=\"async\" class=\"alignnone size-full wp-image-323236\" src=\"https:\/\/hzpt.com\/wp-content\/uploads\/2023\/09\/mdc-compact-hydraulic-cylinder-3-1.webp\" alt=\"\" width=\"899\" height=\"262\" \/><\/p>\n<h2><strong>Strukturdiagramm f\u00fcr kompakte Formzylinder:<\/strong><\/h2>\n<p><img loading=\"lazy\" decoding=\"async\" class=\"alignnone size-full wp-image-323250\" src=\"https:\/\/hzpt.com\/wp-content\/uploads\/2023\/09\/mdc-compact-hydraulic-cylinder-4-1.webp\" alt=\"\" width=\"737\" height=\"808\" \/><\/p>\n<h2><strong>Gr\u00f6\u00dfendiagramm der Kolbenstangenanschl\u00fcsse:<\/strong><\/h2>\n<p><img loading=\"lazy\" decoding=\"async\" class=\"alignnone size-large wp-image-323239\" src=\"https:\/\/hzpt.com\/wp-content\/uploads\/2023\/09\/mdc-compact-hydraulic-cylinder-5-787x1024.webp\" alt=\"\" width=\"787\" height=\"1024\" \/><\/p>\n<h2><strong>Position der Schnalle des Schaltkastens, Position des \u00d6lanschlusses und Position des Verteilerauslasses:<\/strong><\/h2>\n<p><img loading=\"lazy\" decoding=\"async\" class=\"alignnone size-large wp-image-323241\" src=\"https:\/\/hzpt.com\/wp-content\/uploads\/2023\/09\/mdc-compact-hydraulic-cylinder-6-616x1024.webp\" alt=\"\" width=\"616\" height=\"1024\" \/><\/p>\n<h2><strong>50-100 50-100 Doppeltwirkender Doppelachs-Kompaktformzylinder der MDC-Serie Parameter:<\/strong><\/h2>\n<p><img loading=\"lazy\" decoding=\"async\" class=\"alignnone size-large wp-image-323272\" src=\"https:\/\/hzpt.com\/wp-content\/uploads\/2023\/09\/mdc-compact-hydraulic-cylinder-10-1-886x1024.webp\" alt=\"\" width=\"886\" height=\"1024\" \/><\/p>\n<h2><strong>50-100 Doppeltwirkende zweiachsige Kompaktformzylinder der Serie MDC <\/strong><strong>Verwendungsmethode<\/strong><strong>:<\/strong><\/h2>\n<ol>\n<li><strong>Doppeltwirkendes Design:<\/strong>\n<ul>\n<li>Die doppeltwirkenden, zweiachsigen Kompaktzylinder der MDC-Serie arbeiten in beide Richtungen und erm\u00f6glichen so eine bidirektionale Bewegung.<\/li>\n<li>Durch dieses Design k\u00f6nnen die \u00d6ffnungs- und Schlie\u00dfvorg\u00e4nge der Form effektiv und pr\u00e4zise gesteuert und die Flexibilit\u00e4t des Betriebs verbessert werden.<\/li>\n<\/ul>\n<\/li>\n<li><strong>Doppelachsenkonfiguration:<\/strong>\n<ul>\n<li>Der Zylinder ist f\u00fcr eine biaxiale Bewegung ausgelegt und erm\u00f6glicht eine geradlinige Bewegung in zwei vertikalen Richtungen.<\/li>\n<li>Die Zwei-Achsen-Konfiguration erm\u00f6glicht komplexe Werkzeugvorg\u00e4nge, wie z. B. das Auswerfen von Teilen oder die Bewegung des Kerns, wodurch die Vielseitigkeit des Werkzeugs erh\u00f6ht wird.<\/li>\n<\/ul>\n<\/li>\n<li><strong>Kompakt und platzsparend:<\/strong>\n<ul>\n<li>Die kompakte Bauweise der geschlossenen Formzylinder der MDC-Serie optimiert die Raumausnutzung des Formsystems bei begrenztem Freiraum.<\/li>\n<li>Seine platzsparende Struktur l\u00e4sst sich problemlos in enge R\u00e4ume integrieren und gew\u00e4hrleistet eine effiziente Nutzung des verf\u00fcgbaren Arbeitsbereichs.<\/li>\n<\/ul>\n<\/li>\n<li><strong>Hohe Pr\u00e4zision und Stabilit\u00e4t:<\/strong>\n<ul>\n<li>Der Zylinder erm\u00f6glicht eine pr\u00e4zise und stabile Bewegung und gew\u00e4hrleistet so eine genaue Steuerung der Formwirkung w\u00e4hrend des Herstellungsprozesses.<\/li>\n<li>Es liefert konsistente und wiederholbare Ergebnisse, die letztendlich zu einer qualitativ hochwertigen Produktion und weniger Abfall beitragen.<\/li>\n<\/ul>\n<\/li>\n<\/ol>\n<h2><strong>Wie entferne ich den Hydraulikzylinder vom Frontlader?<\/strong><\/h2>\n<p>Der Ausbau eines Hydraulikzylinders aus einem Frontlader erfordert sorgf\u00e4ltige Vorbereitung und Durchf\u00fchrung. Hier ist eine Schritt-f\u00fcr-Schritt-Anleitung, die Sie durch den Vorgang f\u00fchrt:<\/p>\n<ol>\n<li><strong>Sicherheit geht vor:<\/strong>\n<ul>\n<li>Stellen Sie vor Arbeitsbeginn sicher, dass der Frontlader auf einer ebenen Fl\u00e4che abgestellt und der Motor ausgeschaltet ist.<\/li>\n<li>Ziehen Sie die Feststellbremse an und legen Sie Unterlegkeile hinter die Hinterr\u00e4der, um ein unbeabsichtigtes Wegrollen zu verhindern.<\/li>\n<li>Tragen Sie geeignete pers\u00f6nliche Schutzausr\u00fcstung (PSA), einschlie\u00dflich Handschuhe und Schutzbrille.<\/li>\n<\/ul>\n<\/li>\n<li><strong>Identifizieren Sie den Zylinder:<\/strong>\n<ul>\n<li>Suchen Sie den Hydraulikzylinder, den Sie entfernen m\u00f6chten. Er wird an das Hydrauliksystem des Laders angeschlossen und an bestimmten Befestigungspunkten befestigt.<\/li>\n<\/ul>\n<\/li>\n<li><strong>Hydraulikdruck entlasten:<\/strong>\n<ul>\n<li>Um pl\u00f6tzliche Bewegungen oder m\u00f6gliche Verletzungen zu vermeiden, lassen Sie den Hydraulikdruck im System ab, bevor Sie den Zylinder trennen.<\/li>\n<li>Starten Sie den Motor und bet\u00e4tigen Sie die Hydrauliksteuerung des Laders, um die Schaufel oder das Anbauger\u00e4t in eine vollst\u00e4ndig ausgefahrene oder angehobene Position zu bewegen.<\/li>\n<li>Stellen Sie den Motor ab und lassen Sie den verbleibenden Druck ab, indem Sie die Hydrauliksteuerung einige Male bet\u00e4tigen.<\/li>\n<\/ul>\n<\/li>\n<li><strong>Hydraulische Verbindungen trennen:<\/strong>\n<ul>\n<li>Suchen Sie die mit dem Zylinder verbundenen Hydraulikschl\u00e4uche oder -leitungen. Diese sind normalerweise mit Armaturen, Schrauben oder Schnellkupplungen befestigt.<\/li>\n<li>L\u00f6sen und trennen Sie die Hydraulikverbindungen vorsichtig, ggf. mit entsprechendem Werkzeug.<\/li>\n<li>Seien Sie darauf vorbereitet, dass Hydraulikfl\u00fcssigkeit auslaufen kann. Halten Sie daher ein Auffangbecken oder saugf\u00e4higes Material bereit, um das Versch\u00fctten zu minimieren.<\/li>\n<\/ul>\n<\/li>\n<li><strong>Entfernen der Montageteile:<\/strong>\n<ul>\n<li>Identifizieren Sie die Befestigungspunkte, an denen der Zylinder an der Struktur des Laders befestigt ist. Dies k\u00f6nnen Stifte, Schrauben oder Halterungen sein.<\/li>\n<li>Entfernen Sie mit den entsprechenden Werkzeugen alle Haltestifte oder -schrauben, mit denen der Zylinder am Lader befestigt ist.<\/li>\n<li>Behalten Sie beim Entfernen die Hardware im Auge und stellen Sie sicher, dass sie nicht verlegt oder verloren geht.<\/li>\n<\/ul>\n<\/li>\n<li><strong>Den Zylinder abnehmen:<\/strong>\n<ul>\n<li>Nachdem die Hydraulikanschl\u00fcsse und die Befestigungsteile entfernt wurden, sollte der Zylinder nun frei zug\u00e4nglich sein und abgenommen werden k\u00f6nnen.<\/li>\n<li>Schieben oder man\u00f6vrieren Sie den Zylinder vorsichtig aus seiner Montageposition, ohne dabei umliegende Komponenten oder Hydraulikleitungen zu besch\u00e4digen.<\/li>\n<li>Verwenden Sie Hebezeuge oder Hilfe, um den Zylinder sicher zu handhaben und vom Lader zu entfernen.<\/li>\n<\/ul>\n<\/li>\n<li><strong>Richtige Lagerung und Wartung:<\/strong>\n<ul>\n<li>\u00dcberpr\u00fcfen Sie den Zylinder nach dem Ausbau auf Besch\u00e4digungen und Verschlei\u00df. Ersetzen Sie gegebenenfalls verschlissene Dichtungen oder Komponenten.<\/li>\n<li>Lagern Sie den Hydraulikzylinder an einem sauberen und trockenen Ort, gesch\u00fctzt vor Staub, Feuchtigkeit und extremen Temperaturen.<\/li>\n<li>Wenn der Zylinder weitere Wartungsarbeiten ben\u00f6tigt, lesen Sie die Richtlinien des Herstellers oder suchen Sie professionelle Hilfe.<\/li>\n<\/ul>\n<\/li>\n<\/ol>\n<h2><strong>F\u00e4higkeit und Kapazit\u00e4t der Fabrik:<\/strong><\/h2>\n<h3>(1) Montage<\/h3>\n<p>Wir verf\u00fcgen \u00fcber eine erstklassige, unabh\u00e4ngige Forschungs- und Entwicklungsmontageplattform. Die Hydraulikzylinder-Produktionswerkstatt verf\u00fcgt \u00fcber vier halbautomatische Montagelinien f\u00fcr Hubzylinder und eine automatische Montagelinie f\u00fcr Kippzylinder mit einer geplanten j\u00e4hrlichen Produktionskapazit\u00e4t von 1 Million St\u00fcck. Die Spezialzylinderwerkstatt ist mit verschiedenen Spezifikationen eines halbautomatischen Reinigungsmontagesystems mit einer geplanten j\u00e4hrlichen Produktionskapazit\u00e4t von 200.000 ausgestattet und mit renommierten CNC-Bearbeitungsger\u00e4ten, einem Bearbeitungszentrum, einer hochpr\u00e4zisen Spezialausr\u00fcstung f\u00fcr die Zylinderverarbeitung, einer Roboterschwei\u00dfmaschine, einer automatischen Reinigungsmaschine, einer automatischen Zylindermontagemaschine und einer automatischen Lackierproduktionslinie ausgestattet. Es sind mehr als 300 Sets (S\u00e4tze) an kritischer Ausr\u00fcstung vorhanden. Die optimale Zuweisung und effiziente Nutzung der Ausr\u00fcstungsressourcen gew\u00e4hrleistet die Genauigkeitsanforderungen der Produkte und erf\u00fcllt die hohen Qualit\u00e4tsanforderungen der Produkte.<\/p>\n<p><img loading=\"lazy\" decoding=\"async\" class=\"alignnone wp-image-626\" src=\"https:\/\/hydraulic-cylinders.net\/wp-content\/uploads\/2023\/08\/hydraulic-cylinder-product-1-300x158.webp\" alt=\"\" width=\"495\" height=\"260\" srcset=\"https:\/\/hydraulic-cylinders.net\/wp-content\/uploads\/2023\/08\/hydraulic-cylinder-product-1-300x158.webp 495w, https:\/\/hydraulic-cylinders.net\/wp-content\/uploads\/2023\/08\/hydraulic-cylinder-product-1-480x252.webp 480w\" sizes=\"(min-width: 0px) and (max-width: 480px) 480px, (min-width: 481px) 495px, 100vw\" \/> <img loading=\"lazy\" decoding=\"async\" class=\"alignnone wp-image-627\" src=\"https:\/\/hydraulic-cylinders.net\/wp-content\/uploads\/2023\/08\/hydraulic-cylinder-product-2-300x189.webp\" alt=\"\" width=\"413\" height=\"260\" \/><\/p>\n<h3>(2) Bearbeitungen<\/h3>\n<p>Die Bearbeitungswerkstatt ist mit einem ma\u00dfgeschneiderten Schr\u00e4gschienen-Drehzentrum, einem Bearbeitungszentrum, einer Hochgeschwindigkeits-Honmaschine, einem Schwei\u00dfroboter und anderen zugeh\u00f6rigen Ger\u00e4ten ausgestattet, die die Bearbeitung von Zylinderrohren mit einem maximalen Innendurchmesser von 400 mm und einer maximalen L\u00e4nge von 6 Metern erm\u00f6glichen.<\/p>\n<p><img loading=\"lazy\" decoding=\"async\" class=\"alignnone wp-image-628 size-large\" src=\"https:\/\/hydraulic-cylinders.net\/wp-content\/uploads\/2023\/08\/hydraulic-cylinder-product-3-1024x391.webp\" alt=\"\" width=\"1024\" height=\"391\" srcset=\"https:\/\/hydraulic-cylinders.net\/wp-content\/uploads\/2023\/08\/hydraulic-cylinder-product-3-980x374.webp 980w, https:\/\/hydraulic-cylinders.net\/wp-content\/uploads\/2023\/08\/hydraulic-cylinder-product-3-480x183.webp 480w\" sizes=\"(min-width: 0px) and (max-width: 480px) 480px, (min-width: 481px) and (max-width: 980px) 980px, (min-width: 981px) 1024px, 100vw\" \/><\/p>\n<h3>(3) Schwei\u00dfen<\/h3>\n<p><img loading=\"lazy\" decoding=\"async\" class=\"alignnone wp-image-629 size-large\" src=\"https:\/\/hydraulic-cylinders.net\/wp-content\/uploads\/2023\/08\/hydraulic-cylinder-product-4-1024x510.webp\" alt=\"\" width=\"1024\" height=\"510\" srcset=\"https:\/\/hydraulic-cylinders.net\/wp-content\/uploads\/2023\/08\/hydraulic-cylinder-product-4-980x488.webp 980w, https:\/\/hydraulic-cylinders.net\/wp-content\/uploads\/2023\/08\/hydraulic-cylinder-product-4-480x239.webp 480w\" sizes=\"(min-width: 0px) and (max-width: 480px) 480px, (min-width: 481px) and (max-width: 980px) 980px, (min-width: 981px) 1024px, 100vw\" \/><\/p>\n<h3>(4) Malerei und Beschichtung<\/h3>\n<p>Mit kleinen und mittleren Zylinder automatische Lackieranlagen auf Wasserbasis, zu erreichen automatische Roboter Be-und Entladen und automatische Spritzen, die Design-Kapazit\u00e4t von 4000 St\u00fcck pro Schicht;<br \/>\nWir verf\u00fcgen auch \u00fcber eine halbautomatische Lackieranlage f\u00fcr gro\u00dfe Zylinder, die von einer Energiekette angetrieben wird und eine Kapazit\u00e4t von 60 Kisten pro Schicht hat.<\/p>\n<p><img loading=\"lazy\" decoding=\"async\" class=\"alignnone wp-image-630\" src=\"https:\/\/hydraulic-cylinders.net\/wp-content\/uploads\/2023\/08\/hydraulic-cylinder-product-5-300x213.webp\" alt=\"\" width=\"366\" height=\"260\" \/> <img loading=\"lazy\" decoding=\"async\" class=\"alignnone wp-image-631\" src=\"https:\/\/hydraulic-cylinders.net\/wp-content\/uploads\/2023\/08\/hydraulic-cylinder-product-6-300x225.webp\" alt=\"\" width=\"347\" height=\"260\" \/><\/p>\n<h3>(5) Pr\u00fcfung<\/h3>\n<p>Wir verf\u00fcgen \u00fcber erstklassige Pr\u00fcfeinrichtungen und Pr\u00fcfst\u00e4nde, um sicherzustellen, dass die Leistung des Zylinders den Anforderungen entspricht.<\/p>\n<p><img loading=\"lazy\" decoding=\"async\" class=\"alignnone wp-image-632\" src=\"https:\/\/hydraulic-cylinders.net\/wp-content\/uploads\/2023\/08\/hydraulic-cylinder-product-8-300x200.webp\" alt=\"\" width=\"389\" height=\"260\" \/><\/p>\n<p>&nbsp;<\/p>\n<p>&nbsp;<\/p>\n<p>Wir sind einer der besten Hersteller von kompakten Hydraulikzylindern. Wir bieten ein umfassendes Lager an kompakten Hydraulikzylindern. Wir bieten auch entsprechende <a href=\"https:\/\/hzpt.com\/agricultural-pto-gearbox\/\" target=\"_blank\" rel=\"noopener\">landwirtschaftliche Getriebe<\/a>. Wir haben unsere Produkte an Kunden weltweit exportiert und uns aufgrund unserer hervorragenden Produktqualit\u00e4t und unseres Kundendienstes einen guten Ruf erworben. Wir begr\u00fc\u00dfen Kunden im In- und Ausland, die uns kontaktieren, um Gesch\u00e4fte zu verhandeln, Informationen auszutauschen und <a href=\"https:\/\/www.hydraulic-cylinders.net\/de\/contact-us\/\">mit uns zusammenarbeiten<\/a>!<\/p>\n<h2><\/h2>\n<h1 style=\"text-align: center;\"><\/h1>","protected":false},"excerpt":{"rendered":"<p>50-100 Double Acting Double Axis MDC Series Compact Mold Cylinder The double-acting, double-axis MDC Series compact mold cylinder is an innovative hydraulic cylinder explicitly designed for die applications. With its advanced features, reliable performance, and compact design, this cylinder offers superior functionality and efficiency in various industrial environments. Whether used in injection molding machines, die-casting [&hellip;]<\/p>","protected":false},"featured_media":1425,"comment_status":"open","ping_status":"closed","template":"","meta":{"_et_pb_use_builder":"","_et_pb_old_content":"","_et_gb_content_width":""},"product_brand":[],"product_cat":[1550,1523,1376],"product_tag":[1380],"class_list":{"0":"post-1423","1":"product","2":"type-product","3":"status-publish","4":"has-post-thumbnail","6":"product_cat-double-acting-hydraulic-cylinder","7":"product_cat-injection-molding-hydraulic-cylinders","8":"product_cat-hydraulic-cylinder","9":"product_tag-hydraulic-cylinder","11":"first","12":"instock","13":"shipping-taxable","14":"product-type-simple"},"amp_enabled":true,"_links":{"self":[{"href":"https:\/\/www.hydraulic-cylinders.net\/de\/wp-json\/wp\/v2\/product\/1423","targetHints":{"allow":["GET"]}}],"collection":[{"href":"https:\/\/www.hydraulic-cylinders.net\/de\/wp-json\/wp\/v2\/product"}],"about":[{"href":"https:\/\/www.hydraulic-cylinders.net\/de\/wp-json\/wp\/v2\/types\/product"}],"replies":[{"embeddable":true,"href":"https:\/\/www.hydraulic-cylinders.net\/de\/wp-json\/wp\/v2\/comments?post=1423"}],"wp:featuredmedia":[{"embeddable":true,"href":"https:\/\/www.hydraulic-cylinders.net\/de\/wp-json\/wp\/v2\/media\/1425"}],"wp:attachment":[{"href":"https:\/\/www.hydraulic-cylinders.net\/de\/wp-json\/wp\/v2\/media?parent=1423"}],"wp:term":[{"taxonomy":"product_brand","embeddable":true,"href":"https:\/\/www.hydraulic-cylinders.net\/de\/wp-json\/wp\/v2\/product_brand?post=1423"},{"taxonomy":"product_cat","embeddable":true,"href":"https:\/\/www.hydraulic-cylinders.net\/de\/wp-json\/wp\/v2\/product_cat?post=1423"},{"taxonomy":"product_tag","embeddable":true,"href":"https:\/\/www.hydraulic-cylinders.net\/de\/wp-json\/wp\/v2\/product_tag?post=1423"}],"curies":[{"name":"wp","href":"https:\/\/api.w.org\/{rel}","templated":true}]}}