{"id":1426,"date":"2023-09-18T08:57:49","date_gmt":"2023-09-18T08:57:49","guid":{"rendered":"https:\/\/hydraulic-cylinders.net\/?post_type=product&#038;p=1426"},"modified":"2025-04-11T03:49:46","modified_gmt":"2025-04-11T03:49:46","slug":"50-100-double-acting-single-axis-mdc-series-compact-mold-cylinder","status":"publish","type":"product","link":"https:\/\/www.hydraulic-cylinders.net\/de\/produkt\/50-100-double-acting-single-axis-mdc-series-compact-mold-cylinder\/","title":{"rendered":"50-100 Doppeltwirkende einachsige Kompaktformzylinder der Serie MDC"},"content":{"rendered":"<h1 style=\"text-align: center;\"><strong>50-100 Doppeltwirkende einachsige Kompaktformzylinder der Serie MDC<\/strong><\/h1>\n<p>Der doppeltwirkende, einachsige Kompaktformzylinder der MDC-Serie ist ein fortschrittlicher Hydraulikzylinder, der speziell f\u00fcr Werkzeuganwendungen entwickelt wurde. Mit seinen innovativen Funktionen, seiner zuverl\u00e4ssigen Leistung und seinem kompakten Design bietet dieser Zylinder \u00fcberlegene Funktionalit\u00e4t und Effizienz in einer Vielzahl von Industrieumgebungen. Ob in Spritzgussmaschinen, Druckgussanlagen oder anderen formbezogenen Anwendungen \u2013 die doppeltwirkenden, einachsigen Kompaktformzylinder der MDC-Serie bieten pr\u00e4zise Steuerung und optimale Produktivit\u00e4t.<\/p>\n<p>\u00b7 MDC ist ein kompakter Hydraulikzylinder (cx) mit einem Schaltkasten und einer Kolbenstange zur genauen Steuerung der Neutronenposition der Form.<br \/>\n\u00b7 Hydraulikzylinder, geeignet f\u00fcr den Einsatz in Kunststoffformen.<\/p>\n<p><img loading=\"lazy\" decoding=\"async\" class=\"aligncenter wp-image-323260\" src=\"https:\/\/hzpt.com\/wp-content\/uploads\/2023\/09\/mdc-compact-hydraulic-cylinder-9.webp\" alt=\"doppeltwirkender einachsiger Kompaktformzylinder\" width=\"400\" height=\"400\" \/><\/p>\n<h2><strong>Beschreibung des kompakten Formzylindermodells:<\/strong><\/h2>\n<p><img loading=\"lazy\" decoding=\"async\" class=\"alignnone size-full wp-image-323234\" src=\"https:\/\/hzpt.com\/wp-content\/uploads\/2023\/09\/mdc-compact-hydraulic-cylinder-2.webp\" alt=\"\" width=\"966\" height=\"882\" \/><\/p>\n<h2><strong>Kenndaten des Kompaktformzylinders:<\/strong><\/h2>\n<p><img loading=\"lazy\" decoding=\"async\" class=\"alignnone size-full wp-image-323236\" src=\"https:\/\/hzpt.com\/wp-content\/uploads\/2023\/09\/mdc-compact-hydraulic-cylinder-3-1.webp\" alt=\"\" width=\"899\" height=\"262\" \/><\/p>\n<h2><strong>Strukturdiagramm f\u00fcr kompakte Formzylinder:<\/strong><\/h2>\n<p><img loading=\"lazy\" decoding=\"async\" class=\"alignnone size-full wp-image-323250\" src=\"https:\/\/hzpt.com\/wp-content\/uploads\/2023\/09\/mdc-compact-hydraulic-cylinder-4-1.webp\" alt=\"\" width=\"737\" height=\"808\" \/><\/p>\n<h2><strong>Gr\u00f6\u00dfendiagramm der Kolbenstangenanschl\u00fcsse:<\/strong><\/h2>\n<p><img loading=\"lazy\" decoding=\"async\" class=\"alignnone size-large wp-image-323239\" src=\"https:\/\/hzpt.com\/wp-content\/uploads\/2023\/09\/mdc-compact-hydraulic-cylinder-5-787x1024.webp\" alt=\"\" width=\"787\" height=\"1024\" \/><\/p>\n<h2><strong>Position der Schnalle des Schaltkastens, Position des \u00d6lanschlusses und Position des Verteilerauslasses:<\/strong><\/h2>\n<p><img loading=\"lazy\" decoding=\"async\" class=\"alignnone size-large wp-image-323241\" src=\"https:\/\/hzpt.com\/wp-content\/uploads\/2023\/09\/mdc-compact-hydraulic-cylinder-6-616x1024.webp\" alt=\"\" width=\"616\" height=\"1024\" \/><\/p>\n<h2><strong>50-100 Doppeltwirkender Einzelachsen-Kompaktformzylinder der MDC-Serie Parameter:<\/strong><\/h2>\n<p><img loading=\"lazy\" decoding=\"async\" class=\"alignnone size-large wp-image-323264\" src=\"https:\/\/hzpt.com\/wp-content\/uploads\/2023\/09\/mdc-compact-hydraulic-cylinder-9-1-1-857x1024.webp\" alt=\"\" width=\"857\" height=\"1024\" \/><\/p>\n<h2><strong>50-100 Doppeltwirkende einachsige Kompaktformzylinder der Serie MDC <\/strong><strong>Wichtige Eigenschaften und Vorteile<\/strong><strong>:<\/strong><\/h2>\n<ol>\n<li><strong>Doppeltwirkendes Design:<\/strong>\n<ul>\n<li>Die doppeltwirkenden einachsigen Kompaktzylinder der MDC-Serie arbeiten in beide Richtungen und erm\u00f6glichen so eine Bewegung in beide Richtungen.<\/li>\n<li>Durch dieses Design k\u00f6nnen die \u00d6ffnungs- und Schlie\u00dfvorg\u00e4nge der Form effektiv und pr\u00e4zise gesteuert und die Flexibilit\u00e4t des Betriebs verbessert werden.<\/li>\n<\/ul>\n<\/li>\n<li><strong>Einzelachsenkonfiguration:<\/strong>\n<ul>\n<li>Dieser Zylinder ist f\u00fcr eine einachsige Bewegung ausgelegt und erm\u00f6glicht eine geradlinige Bewegung in eine Richtung.<\/li>\n<li>Die einachsige Konfiguration vereinfacht die Installation und den Betrieb und macht sie f\u00fcr verschiedene Matrizenanwendungen geeignet.<\/li>\n<\/ul>\n<\/li>\n<li><strong>Kompakt und platzsparend:<\/strong>\n<ul>\n<li>Das kompakte Design der kompakten Formzylinder der MDC-Serie optimiert die Raumausnutzung des Formsystems bei begrenztem Abstand.<\/li>\n<li>Seine platzsparende Struktur l\u00e4sst sich problemlos in enge R\u00e4ume integrieren und gew\u00e4hrleistet eine effiziente Nutzung des verf\u00fcgbaren Arbeitsbereichs.<\/li>\n<\/ul>\n<\/li>\n<li><strong>Hohe Pr\u00e4zision und Stabilit\u00e4t:<\/strong>\n<ul>\n<li>Der Zylinder erm\u00f6glicht eine pr\u00e4zise und stabile Bewegung und gew\u00e4hrleistet eine genaue Kontrolle der Formbewegung w\u00e4hrend der Herstellung.<\/li>\n<li>Es liefert konsistente und wiederholbare Ergebnisse, die letztendlich zu einer qualitativ hochwertigen Produktion und weniger Abfall beitragen.<\/li>\n<\/ul>\n<\/li>\n<\/ol>\n<h2><strong>Wie schwer ist es, einen Hydraulikzylinder umzubauen?<\/strong><\/h2>\n<p>Die \u00dcberholung eines Hydraulikzylinders kann eine komplexe Aufgabe sein, die mechanische Kenntnisse, Erfahrung und das richtige Werkzeug erfordert. Der Schwierigkeitsgrad des Prozesses kann je nach Konstruktion und Zustand des Zylinders variieren. Folgende Faktoren sind zu ber\u00fccksichtigen:<\/p>\n<ol>\n<li><strong>Fachwissen und Erfahrung:<\/strong><br \/>\nDer Umbau eines Hydraulikzylinders erfordert ein gutes Verst\u00e4ndnis seiner Komponenten, Funktionsweise und Montage. Der Vorgang ist m\u00f6glicherweise einfacher, wenn Sie Erfahrung mit Hydrauliksystemen haben oder bereits Hydraulikzylinder umgebaut haben. Wenn Sie jedoch noch keine Erfahrung mit Hydrauliksystemen haben, empfiehlt es sich, professionelle Hilfe oder Anleitung in Anspruch zu nehmen.<\/li>\n<li><strong>Zylinderdesign:<\/strong><br \/>\nDie Komplexit\u00e4t der \u00dcberholung eines Hydraulikzylinders kann von seiner Konstruktion abh\u00e4ngen. Manche Zylinder haben eine einfachere Konstruktion mit weniger internen Komponenten, wodurch sie relativ leicht zu \u00fcberholen sind. Fortgeschrittenere Techniken, beispielsweise solche mit mehreren Stufen oder integrierten Funktionen, k\u00f6nnen jedoch komplizierter und schwieriger zu zerlegen, wieder abzudichten und wieder korrekt zusammenzubauen sein.<\/li>\n<li><strong>Zustand des Zylinders:<\/strong><br \/>\nDer Gesamtzustand des Hydraulikzylinders beeinflusst ebenfalls den Wiederaufbauprozess. Bei schweren Sch\u00e4den, starkem Verschlei\u00df oder Korrosion sind m\u00f6glicherweise zus\u00e4tzliche Reparaturen oder der Austausch von Teilen erforderlich, was den Wiederaufbau zus\u00e4tzlich komplex machen kann. Eine vorherige Beurteilung des Zylinderzustands hilft, den erforderlichen Arbeitsaufwand zu bestimmen.<\/li>\n<li><strong>Werkzeuge und Ausr\u00fcstung:<\/strong><br \/>\nF\u00fcr die \u00dcberholung eines Hydraulikzylinders sind h\u00e4ufig Spezialwerkzeuge und -ger\u00e4te erforderlich. Dazu geh\u00f6ren Hydraulikpressen, Dichtungsmontagewerkzeuge, Sprengringzangen und Drehmomentschl\u00fcssel. F\u00fcr eine erfolgreiche \u00dcberholung sind die notwendigen Werkzeuge und deren richtige Anwendung entscheidend.<\/li>\n<li><strong>Dichtungswechsel und -montage:<\/strong><br \/>\nEiner der wichtigsten Schritte bei der \u00dcberholung eines Hydraulikzylinders ist der Austausch der Dichtungen. Die richtige Auswahl und Installation der Dichtungen ist entscheidend f\u00fcr die ordnungsgem\u00e4\u00dfe Funktion und die Vermeidung von Leckagen. Dies erfordert Pr\u00e4zision und Liebe zum Detail. Dar\u00fcber hinaus ist der Zusammenbau der Zylinderkomponenten in der richtigen Reihenfolge und Ausrichtung entscheidend f\u00fcr eine optimale Leistung.<\/li>\n<li><strong>Testen und Verifizieren:<\/strong><br \/>\nNach der \u00dcberholung des Hydraulikzylinders ist es wichtig, gr\u00fcndliche Tests durchzuf\u00fchren, um sicherzustellen, dass er wie vorgesehen funktioniert. Dazu geh\u00f6ren Druckpr\u00fcfungen, die \u00dcberpr\u00fcfung auf Lecks sowie die \u00dcberpr\u00fcfung des Bewegungsbereichs und der Leistung des Zylinders. Eine ordnungsgem\u00e4\u00dfe Pr\u00fcfung hilft, Probleme zu identifizieren und gew\u00e4hrleistet die Sicherheit und Zuverl\u00e4ssigkeit des Zylinders.<\/li>\n<\/ol>\n<h2><strong>F\u00e4higkeit und Kapazit\u00e4t der Fabrik:<\/strong><\/h2>\n<h3>(1) Montage<\/h3>\n<p>Wir verf\u00fcgen \u00fcber eine erstklassige, unabh\u00e4ngige Forschungs- und Entwicklungsmontageplattform. Die Hydraulikzylinder-Produktionswerkstatt verf\u00fcgt \u00fcber vier halbautomatische Montagelinien f\u00fcr Hubzylinder und eine automatische Montagelinie f\u00fcr Kippzylinder mit einer geplanten j\u00e4hrlichen Produktionskapazit\u00e4t von 1 Million St\u00fcck. Die Spezialzylinderwerkstatt ist mit verschiedenen Spezifikationen eines halbautomatischen Reinigungsmontagesystems mit einer geplanten j\u00e4hrlichen Produktionskapazit\u00e4t von 200.000 ausgestattet und mit renommierten CNC-Bearbeitungsger\u00e4ten, einem Bearbeitungszentrum, einer hochpr\u00e4zisen Spezialausr\u00fcstung f\u00fcr die Zylinderverarbeitung, einer Roboterschwei\u00dfmaschine, einer automatischen Reinigungsmaschine, einer automatischen Zylindermontagemaschine und einer automatischen Lackierproduktionslinie ausgestattet. Es sind mehr als 300 Sets (S\u00e4tze) an kritischer Ausr\u00fcstung vorhanden. Die optimale Zuweisung und effiziente Nutzung der Ausr\u00fcstungsressourcen gew\u00e4hrleistet die Genauigkeitsanforderungen der Produkte und erf\u00fcllt die hohen Qualit\u00e4tsanforderungen der Produkte.<\/p>\n<p><img loading=\"lazy\" decoding=\"async\" class=\"alignnone wp-image-626\" src=\"https:\/\/hydraulic-cylinders.net\/wp-content\/uploads\/2023\/08\/hydraulic-cylinder-product-1-300x158.webp\" alt=\"\" width=\"495\" height=\"260\" srcset=\"https:\/\/hydraulic-cylinders.net\/wp-content\/uploads\/2023\/08\/hydraulic-cylinder-product-1-300x158.webp 495w, https:\/\/hydraulic-cylinders.net\/wp-content\/uploads\/2023\/08\/hydraulic-cylinder-product-1-480x252.webp 480w\" sizes=\"(min-width: 0px) and (max-width: 480px) 480px, (min-width: 481px) 495px, 100vw\" \/> <img loading=\"lazy\" decoding=\"async\" class=\"alignnone wp-image-627\" src=\"https:\/\/hydraulic-cylinders.net\/wp-content\/uploads\/2023\/08\/hydraulic-cylinder-product-2-300x189.webp\" alt=\"\" width=\"413\" height=\"260\" \/><\/p>\n<h3>(2) Bearbeitungen<\/h3>\n<p>Die Bearbeitungswerkstatt ist mit einem ma\u00dfgeschneiderten Schr\u00e4gschienen-Drehzentrum, einem Bearbeitungszentrum, einer Hochgeschwindigkeits-Honmaschine, einem Schwei\u00dfroboter und anderen zugeh\u00f6rigen Ger\u00e4ten ausgestattet, die die Bearbeitung von Zylinderrohren mit einem maximalen Innendurchmesser von 400 mm und einer maximalen L\u00e4nge von 6 Metern erm\u00f6glichen.<\/p>\n<p><img loading=\"lazy\" decoding=\"async\" class=\"alignnone wp-image-628 size-large\" src=\"https:\/\/hydraulic-cylinders.net\/wp-content\/uploads\/2023\/08\/hydraulic-cylinder-product-3-1024x391.webp\" alt=\"\" width=\"1024\" height=\"391\" srcset=\"https:\/\/hydraulic-cylinders.net\/wp-content\/uploads\/2023\/08\/hydraulic-cylinder-product-3-980x374.webp 980w, https:\/\/hydraulic-cylinders.net\/wp-content\/uploads\/2023\/08\/hydraulic-cylinder-product-3-480x183.webp 480w\" sizes=\"(min-width: 0px) and (max-width: 480px) 480px, (min-width: 481px) and (max-width: 980px) 980px, (min-width: 981px) 1024px, 100vw\" \/><\/p>\n<h3>(3) Schwei\u00dfen<\/h3>\n<p><img loading=\"lazy\" decoding=\"async\" class=\"alignnone wp-image-629 size-large\" src=\"https:\/\/hydraulic-cylinders.net\/wp-content\/uploads\/2023\/08\/hydraulic-cylinder-product-4-1024x510.webp\" alt=\"\" width=\"1024\" height=\"510\" srcset=\"https:\/\/hydraulic-cylinders.net\/wp-content\/uploads\/2023\/08\/hydraulic-cylinder-product-4-980x488.webp 980w, https:\/\/hydraulic-cylinders.net\/wp-content\/uploads\/2023\/08\/hydraulic-cylinder-product-4-480x239.webp 480w\" sizes=\"(min-width: 0px) and (max-width: 480px) 480px, (min-width: 481px) and (max-width: 980px) 980px, (min-width: 981px) 1024px, 100vw\" \/><\/p>\n<h3>(4) Malerei und Beschichtung<\/h3>\n<p>Mit kleinen und mittleren Zylinder automatische Lackieranlagen auf Wasserbasis, zu erreichen automatische Roboter Be-und Entladen und automatische Spritzen, die Design-Kapazit\u00e4t von 4000 St\u00fcck pro Schicht;<br \/>\nWir verf\u00fcgen auch \u00fcber eine halbautomatische Lackieranlage f\u00fcr gro\u00dfe Zylinder, die von einer Energiekette angetrieben wird und eine Kapazit\u00e4t von 60 Kisten pro Schicht hat.<\/p>\n<p><img loading=\"lazy\" decoding=\"async\" class=\"alignnone wp-image-630\" src=\"https:\/\/hydraulic-cylinders.net\/wp-content\/uploads\/2023\/08\/hydraulic-cylinder-product-5-300x213.webp\" alt=\"\" width=\"366\" height=\"260\" \/> <img loading=\"lazy\" decoding=\"async\" class=\"alignnone wp-image-631\" src=\"https:\/\/hydraulic-cylinders.net\/wp-content\/uploads\/2023\/08\/hydraulic-cylinder-product-6-300x225.webp\" alt=\"\" width=\"347\" height=\"260\" \/><\/p>\n<h3>(5) Pr\u00fcfung<\/h3>\n<p>Wir verf\u00fcgen \u00fcber erstklassige Pr\u00fcfeinrichtungen und Pr\u00fcfst\u00e4nde, um sicherzustellen, dass die Leistung des Zylinders den Anforderungen entspricht.<\/p>\n<p><img loading=\"lazy\" decoding=\"async\" class=\"alignnone wp-image-632\" src=\"https:\/\/hydraulic-cylinders.net\/wp-content\/uploads\/2023\/08\/hydraulic-cylinder-product-8-300x200.webp\" alt=\"\" width=\"389\" height=\"260\" \/><\/p>\n<p>&nbsp;<\/p>\n<p>&nbsp;<\/p>\n<p>Wir sind einer der besten Hersteller von kompakten Hydraulikzylindern. Wir bieten ein umfassendes Lager an kompakten Hydraulikzylindern. Wir bieten auch entsprechende <a href=\"https:\/\/hzpt.com\/agricultural-pto-gearbox\/\" target=\"_blank\" rel=\"noopener\">landwirtschaftliche Getriebe<\/a>. Wir haben unsere Produkte an Kunden weltweit exportiert und uns aufgrund unserer hervorragenden Produktqualit\u00e4t und unseres Kundendienstes einen guten Ruf erworben. Wir begr\u00fc\u00dfen Kunden im In- und Ausland, die uns kontaktieren, um Gesch\u00e4fte zu verhandeln, Informationen auszutauschen und <a href=\"https:\/\/www.hydraulic-cylinders.net\/de\/contact-us\/\">mit uns zusammenarbeiten<\/a>!<\/p>\n<h2><\/h2>\n<h1 style=\"text-align: center;\"><\/h1>","protected":false},"excerpt":{"rendered":"<p>50-100 Double Acting Single Axis MDC Series Compact Mold Cylinder The double acting single axis MDC Series compact mold cylinder is an advanced hydraulic cylinder designed specifically for die applications. With its innovative features, reliable performance and compact design, this cylinder offers superior functionality and efficiency in a variety of industrial environments. Whether used in [&hellip;]<\/p>","protected":false},"featured_media":1427,"comment_status":"open","ping_status":"closed","template":"","meta":{"_et_pb_use_builder":"","_et_pb_old_content":"","_et_gb_content_width":""},"product_brand":[],"product_cat":[1550,1523,1376],"product_tag":[1380],"class_list":{"0":"post-1426","1":"product","2":"type-product","3":"status-publish","4":"has-post-thumbnail","6":"product_cat-double-acting-hydraulic-cylinder","7":"product_cat-injection-molding-hydraulic-cylinders","8":"product_cat-hydraulic-cylinder","9":"product_tag-hydraulic-cylinder","11":"first","12":"instock","13":"shipping-taxable","14":"product-type-simple"},"amp_enabled":true,"_links":{"self":[{"href":"https:\/\/www.hydraulic-cylinders.net\/de\/wp-json\/wp\/v2\/product\/1426","targetHints":{"allow":["GET"]}}],"collection":[{"href":"https:\/\/www.hydraulic-cylinders.net\/de\/wp-json\/wp\/v2\/product"}],"about":[{"href":"https:\/\/www.hydraulic-cylinders.net\/de\/wp-json\/wp\/v2\/types\/product"}],"replies":[{"embeddable":true,"href":"https:\/\/www.hydraulic-cylinders.net\/de\/wp-json\/wp\/v2\/comments?post=1426"}],"wp:featuredmedia":[{"embeddable":true,"href":"https:\/\/www.hydraulic-cylinders.net\/de\/wp-json\/wp\/v2\/media\/1427"}],"wp:attachment":[{"href":"https:\/\/www.hydraulic-cylinders.net\/de\/wp-json\/wp\/v2\/media?parent=1426"}],"wp:term":[{"taxonomy":"product_brand","embeddable":true,"href":"https:\/\/www.hydraulic-cylinders.net\/de\/wp-json\/wp\/v2\/product_brand?post=1426"},{"taxonomy":"product_cat","embeddable":true,"href":"https:\/\/www.hydraulic-cylinders.net\/de\/wp-json\/wp\/v2\/product_cat?post=1426"},{"taxonomy":"product_tag","embeddable":true,"href":"https:\/\/www.hydraulic-cylinders.net\/de\/wp-json\/wp\/v2\/product_tag?post=1426"}],"curies":[{"name":"wp","href":"https:\/\/api.w.org\/{rel}","templated":true}]}}