{"id":14464,"date":"2024-12-12T08:46:22","date_gmt":"2024-12-12T08:46:22","guid":{"rendered":"https:\/\/www.hydraulic-cylinders.net\/product\/replacement-of-tca22459-steering-hydraulic-cylinder\/"},"modified":"2024-12-12T08:46:24","modified_gmt":"2024-12-12T08:46:24","slug":"replacement-of-tca22459-steering-hydraulic-cylinder","status":"publish","type":"product","link":"https:\/\/www.hydraulic-cylinders.net\/de\/produkt\/replacement-of-tca22459-steering-hydraulic-cylinder\/","title":{"rendered":"Austausch des Lenkhydraulikzylinders TCA22459"},"content":{"rendered":"<h1>Austausch des Lenkhydraulikzylinders TCA22459<\/h1>\n<p>Der Lenkhydraulikzylinder TCA22459 ist ein wesentlicher Bestandteil von Hydrauliksystemen. Er unterst\u00fctzt die Steuerung der Maschinenlenkung und gew\u00e4hrleistet pr\u00e4zise Bewegungen. Dieser Zylinder ist als Ersatz f\u00fcr den TCA22459 konzipiert und mit dem Modell 2653B kompatibel. <\/p>\n<h2>Spezifikationen und Modell<\/h2>\n<p>Der Ersatz-Lenkungshydraulikzylinder TCA22459 wiegt 7,215 lb, hat eine H\u00f6he von 2 Zoll, eine Breite von 4 Zoll und eine L\u00e4nge von 18,25 Zoll. Er ist f\u00fcr das Modell 2653B geeignet.<\/p>\n<h2>Merkmale und Vorteile<\/h2>\n<h3>Verbesserte Ger\u00e4teleistung<\/h3>\n<p>Durch den Austausch besch\u00e4digter oder verschlissener Hydraulikzylinder kann die normale Funktionsf\u00e4higkeit des Ger\u00e4ts wiederhergestellt und eine optimale Leistung in verschiedenen Anwendungsbereichen gew\u00e4hrleistet werden. <\/p>\n<h3>Verbesserte Sicherheit<\/h3>\n<p>Durch den regelm\u00e4\u00dfigen Austausch von Hydraulikzylindern lassen sich Sicherheitsrisiken durch Zylinderfehlfunktionen verringern und somit die Sicherheit von Bedienern und Anlagen gew\u00e4hrleisten. <\/p>\n<h3>\u00dcberlastschutz<\/h3>\n<p>Neue Zylinderkonstruktionen beinhalten in der Regel verbesserte \u00dcberlastschutzmechanismen, die die Sicherheit erh\u00f6hen. <\/p>\n<h3>Einfache Installation<\/h3>\n<p>Moderne Hydraulikzylinder sind in der Regel einfach zu installieren und auszutauschen, wodurch Ausfallzeiten reduziert werden. <\/p>\n<h3>Standardteile<\/h3>\n<p>Bei vielen Hydraulikzylindern handelt es sich um Standardprodukte, sodass Ersatzteile auf dem Markt leicht erh\u00e4ltlich sind. <\/p>\n<p>Unser Unternehmen ist in der Lage, dieses Produkt als perfekten Ersatz f\u00fcr den angegebenen Hydraulikzylinder herzustellen und zu liefern.<\/p>\n<h2>Anwendungen<\/h2>\n<p>Der Austausch des Lenkhydraulikzylinders TCA22459 findet in verschiedenen Branchen vielf\u00e4ltige Anwendung. Einige Beispiele hierf\u00fcr sind:<\/p>\n<h3>Bagger<\/h3>\n<p>Hydraulikzylinder in Baggerarmen oder -l\u00f6ffeln k\u00f6nnen durch l\u00e4ngere Nutzung oder \u00dcberlastung besch\u00e4digt werden und m\u00fcssen ausgetauscht werden, um den normalen Betrieb wiederherzustellen.<\/p>\n<h3>Kr\u00e4ne<\/h3>\n<p>Die Hydraulikzylinder der Hubarme von Kranen unterliegen bei h\u00e4ufigen Hebe- und Senkvorg\u00e4ngen einem gewissen Verschlei\u00df. Ein regelm\u00e4\u00dfiger Austausch ist daher unerl\u00e4sslich, um die Sicherheit zu gew\u00e4hrleisten.<\/p>\n<h3>Traktoren<\/h3>\n<p>Die Hydraulikzylinder der Frontlader an Traktoren k\u00f6nnen bei kontinuierlichem Heben und Kippen undicht werden oder eine Leistungsverschlechterung erfahren, die einen Austausch erforderlich macht.<\/p>\n<h3>Erntemaschinen<\/h3>\n<p>Bei der Ernte sind die Hydrauliksysteme hohem Druck ausgesetzt, und die Zylinder k\u00f6nnen Erm\u00fcdungserscheinungen und Besch\u00e4digungen erleiden, die einen rechtzeitigen Austausch erfordern, um die Leistungsf\u00e4higkeit aufrechtzuerhalten.<\/p>\n<h3>Automatisierte Produktionslinien<\/h3>\n<p>Hydraulikzylinder, die zur Steuerung von Roboterarmen und anderen automatisierten Anlagen eingesetzt werden, sind f\u00fcr die Aufrechterhaltung der Produktionseffizienz unerl\u00e4sslich. Ein Zylinderausfall kann die Produktion erheblich beeintr\u00e4chtigen und erfordert daher einen sofortigen Austausch.<\/p>\n<h3>Druckgussmaschinen<\/h3>\n<p>Unter hohem Druck und hohen Temperaturen kann die Leistung von Hydraulikzylindern in Druckgussmaschinen nachlassen. Regelm\u00e4\u00dfiger Austausch sichert die Produktqualit\u00e4t.<\/p>\n<h3>Bergbauausr\u00fcstung<\/h3>\n<p>Hydraulikzylinder werden in Bergbaumaschinen zum Heben und Bewegen schwerer Lasten eingesetzt. Aufgrund der rauen Arbeitsbedingungen sind regelm\u00e4\u00dfige Inspektionen und der Austausch der Zylinder notwendig, um Ger\u00e4teausf\u00e4lle zu vermeiden.<\/p>\n<h3>Bulldozer<\/h3>\n<p>Der Verschlei\u00df der Hydraulikzylinder an den Schubarmen von Bulldozern kann zu einer Verringerung der Schubkraft f\u00fchren, weshalb ein rechtzeitiger Austausch erforderlich ist, um die Betriebseffizienz aufrechtzuerhalten.<\/p>\n<h2>Wartungsaufgaben<\/h2>\n<p>Folgende Wartungsarbeiten sind \u00fcblicherweise f\u00fcr den Austausch des Lenkhydraulikzylinders TCA22459 erforderlich:<\/p>\n<h3>Regelm\u00e4\u00dfige Inspektion<\/h3>\n<p>Eine regelm\u00e4\u00dfige Inspektion des Hydraulikzylinders ist unerl\u00e4sslich, um potenzielle Probleme zu erkennen und zu beheben, bevor sie sich verschlimmern.<\/p>\n<h3>Schmierung<\/h3>\n<p>Eine angemessene Schmierung der Zylinderkomponenten verringert die Reibung und verl\u00e4ngert die Lebensdauer des Zylinders. <\/p>\n<h3>Dichtungsaustausch und Kalibrierungspr\u00fcfung<\/h3>\n<p>Durch den Austausch verschlissener Dichtungen und die Kalibrierung des Zylinders wird eine optimale Leistung gew\u00e4hrleistet und weitere Sch\u00e4den am Hydrauliksystem verhindert.<\/p>\n<p>Eine fachgerechte Montage, Schmierung und Justierung sind entscheidend f\u00fcr die Lebensdauer des Zylinders. Achten Sie bei der Montage auf die korrekte Ausrichtung und geben Sie entsprechende Hinweise. Wir empfehlen die Verwendung geeigneter Montagehalterungen zur Befestigung des Zylinders. Um die Lebensdauer des Zylinders zu verl\u00e4ngern, empfehlen wir au\u00dferdem ein regelm\u00e4\u00dfiges Inspektions-, Reparatur- und Austauschprogramm sowie den Bezug von Ersatzteilen und die Durchf\u00fchrung von \u00dcberholungen.<\/p>\n<h2>Sicherheits- und Umweltaspekte<\/h2>\n<p>Der Austausch des Lenkhydraulikzylinders TCA22459 ist ein wesentlicher Bestandteil von Hydrauliksystemen. Daher m\u00fcssen bei seiner Verwendung Sicherheitsma\u00dfnahmen beachtet werden. Die sachgem\u00e4\u00dfe Handhabung und Verwendung des Bauteils gew\u00e4hrleisten die Sicherheit der Maschinenbediener und den Schutz der Umwelt. <\/p>\n<h2>H\u00e4ufige Probleme und Diagnose<\/h2>\n<p>Hydraulikzylinder k\u00f6nnen verschiedene Probleme aufweisen, wie z. B. Fl\u00fcssigkeitsverlust, Dichtungssch\u00e4den und unzureichende Schmierung. Regelm\u00e4\u00dfige Inspektion, Wartung und Reparatur beugen diesen Problemen vor und gew\u00e4hrleisten optimale Leistung. Treten solche Probleme auf, muss der Zylinder umgehend diagnostiziert werden, um die Ursache zu ermitteln und eine geeignete L\u00f6sung zu entwickeln.<\/p>\n<h2>Anleitung zur korrekten Installation<\/h2>\n<p>F\u00fcr eine optimale Funktion ist der korrekte Einbau des Ersatz-Lenkzylinders TCA22459 unerl\u00e4sslich. Achten Sie auf die korrekte Ausrichtung des Zylinders und verwenden Sie geeignete Montagehalterungen zur Befestigung. Wir empfehlen, die Zylinderausrichtung regelm\u00e4\u00dfig zu \u00fcberpr\u00fcfen und stellen Ihnen hierzu eine Anleitung zur Verf\u00fcgung.<\/p>\n<p>Unser Unternehmen ist ein f\u00fchrender Hersteller und Gro\u00dfh\u00e4ndler von Hydraulikzylindern. Wir bieten qualitativ hochwertige Produkte und kundenspezifische L\u00f6sungen. Unsere Produktionsanlagen sind auf dem neuesten Stand der Technik und international zertifiziert. Dar\u00fcber hinaus bieten wir unseren Kunden einen exzellenten Kundendienst, um ihnen bestm\u00f6gliche Produkte und Dienstleistungen zu garantieren.<\/p>\n<p><img decoding=\"async\" src=\"https:\/\/www.hydraulic-cylinders.net\/wp-content\/uploads\/2024\/12\/Replacement-Of-John-Deere-Hydraulic-Cylinder-7.webp\"><\/p>\n<p>Autor: lyl<\/p>\n<p><img decoding=\"async\" src=\"https:\/\/www.hydraulic-cylinders.net\/wp-content\/uploads\/2024\/12\/Replacement-Of-John-Deere-Hydraulic-Cylinder-8.webp\"><\/p>","protected":false},"excerpt":{"rendered":"<p>Replacement Of TCA22459 Steering Hydraulic Cylinder The Replacement of TCA22459 Steering Hydraulic Cylinder is an essential component of hydraulic systems. It assists in controlling the machine&#8217;s steering system and ensuring precise movements. This cylinder is designed as a replacement for TCA22459 and is compatible with model 2653B. Specifications and Model The Replacement of TCA22459 Steering [&hellip;]<\/p>","protected":false},"featured_media":12454,"comment_status":"open","ping_status":"closed","template":"","meta":{"_et_pb_use_builder":"","_et_pb_old_content":"","_et_gb_content_width":""},"product_brand":[],"product_cat":[1489],"product_tag":[1380,1490,1491],"class_list":{"0":"post-14464","1":"product","2":"type-product","3":"status-publish","4":"has-post-thumbnail","6":"product_cat-replacement-of-john-deere-hydraulic-cylinder","7":"product_tag-hydraulic-cylinder","8":"product_tag-replacement-of-hydraulic-cylinder","9":"product_tag-replacemet-of-john-deere-hydraulic-cylinder","11":"first","12":"instock","13":"shipping-taxable","14":"product-type-simple"},"amp_enabled":true,"_links":{"self":[{"href":"https:\/\/www.hydraulic-cylinders.net\/de\/wp-json\/wp\/v2\/product\/14464","targetHints":{"allow":["GET"]}}],"collection":[{"href":"https:\/\/www.hydraulic-cylinders.net\/de\/wp-json\/wp\/v2\/product"}],"about":[{"href":"https:\/\/www.hydraulic-cylinders.net\/de\/wp-json\/wp\/v2\/types\/product"}],"replies":[{"embeddable":true,"href":"https:\/\/www.hydraulic-cylinders.net\/de\/wp-json\/wp\/v2\/comments?post=14464"}],"wp:featuredmedia":[{"embeddable":true,"href":"https:\/\/www.hydraulic-cylinders.net\/de\/wp-json\/wp\/v2\/media\/12454"}],"wp:attachment":[{"href":"https:\/\/www.hydraulic-cylinders.net\/de\/wp-json\/wp\/v2\/media?parent=14464"}],"wp:term":[{"taxonomy":"product_brand","embeddable":true,"href":"https:\/\/www.hydraulic-cylinders.net\/de\/wp-json\/wp\/v2\/product_brand?post=14464"},{"taxonomy":"product_cat","embeddable":true,"href":"https:\/\/www.hydraulic-cylinders.net\/de\/wp-json\/wp\/v2\/product_cat?post=14464"},{"taxonomy":"product_tag","embeddable":true,"href":"https:\/\/www.hydraulic-cylinders.net\/de\/wp-json\/wp\/v2\/product_tag?post=14464"}],"curies":[{"name":"wp","href":"https:\/\/api.w.org\/{rel}","templated":true}]}}