{"id":1479,"date":"2023-09-26T06:16:33","date_gmt":"2023-09-26T06:16:33","guid":{"rendered":"https:\/\/hydraulic-cylinders.net\/?post_type=product&#038;p=1479"},"modified":"2025-04-11T03:41:35","modified_gmt":"2025-04-11T03:41:35","slug":"small-excavator-bucket-cylinder","status":"publish","type":"product","link":"https:\/\/www.hydraulic-cylinders.net\/de\/produkt\/small-excavator-bucket-cylinder\/","title":{"rendered":"Zylinder f\u00fcr kleine Baggerschaufel"},"content":{"rendered":"<h1 style=\"text-align: center;\"><strong>Zylinder f\u00fcr kleine Baggerschaufel<\/strong><\/h1>\n<p><img loading=\"lazy\" decoding=\"async\" class=\"aligncenter wp-image-1480\" src=\"https:\/\/hydraulic-cylinders.net\/wp-content\/uploads\/2023\/09\/bucket-cylinder-1-300x300.webp\" alt=\"\" width=\"400\" height=\"400\" \/><\/p>\n<p>Der kleine Baggerl\u00f6ffelzylinder ist eine Hochleistungs-Hydraulikkomponente, die die Grab- und Hubleistung kleiner Bagger optimiert. Dank seiner kompakten Gr\u00f6\u00dfe und robusten Konstruktion bietet dieser Zylinder au\u00dfergew\u00f6hnliche St\u00e4rke, Pr\u00e4zision und Langlebigkeit.<\/p>\n<p>Der Hydraulikzylinder f\u00fcr Kleinbaggerl\u00f6ffel ist eine robuste und zuverl\u00e4ssige Komponente, die die Effizienz und Vielseitigkeit von Kleinbaggern steigert. Dank seiner kompakten Bauweise, hohen Hubkraft und pr\u00e4zisen Steuerung erm\u00f6glicht dieser Zylinder dem Bediener, diverse Aushubarbeiten schnell und pr\u00e4zise durchzuf\u00fchren. Durch die Einhaltung der empfohlenen Anwendungs- und Wartungsmethoden gew\u00e4hrleisten Bediener optimale Leistung und Langlebigkeit des Zylinders, was zu h\u00f6herer Produktivit\u00e4t und dem erfolgreichen Abschluss von Bau- und Aushubprojekten f\u00fchrt. Investieren Sie in diesen au\u00dfergew\u00f6hnlichen Hydraulikzylinder, um die Leistungsf\u00e4higkeit Ihres Kleinbaggers zu erweitern und \u00fcberragende Ergebnisse bei Ihren Aushub- und Hebearbeiten zu erzielen.<\/p>\n<p>Hauptmerkmale des Zylinders der kleinen Baggerschaufel:<\/p>\n<ol>\n<li>Kompaktes Design und leichte Bauweise<\/li>\n<\/ol>\n<ul>\n<li>Der kleine Baggerl\u00f6ffelzylinder ist speziell f\u00fcr kleine Bagger konstruiert und gew\u00e4hrleistet so eine perfekte Passform und optimale Leistung.<\/li>\n<li>Durch die kompakte Bauweise und das geringe Gewicht wird das Gesamtgewicht des Baggers minimiert, was die Man\u00f6vrierf\u00e4higkeit und den Kraftstoffverbrauch verbessert.<\/li>\n<\/ul>\n<ol start=\"2\">\n<li>Hohe Hubkraft und Grabkraft<\/li>\n<\/ol>\n<ul>\n<li>Trotz seiner geringen Gr\u00f6\u00dfe bietet der Zylinder eine beeindruckende Hubkraft und Grabkraft, die ein effizientes Ausheben und Materialhandling erm\u00f6glicht.<\/li>\n<li>Es erm\u00f6glicht dem Bagger, eine breite Palette von Aufgaben schnell und pr\u00e4zise zu bew\u00e4ltigen, vom Ausheben von Gr\u00e4ben bis zum Beseitigen von Schutt.<\/li>\n<\/ul>\n<ol start=\"3\">\n<li>Reibungsloser Betrieb und pr\u00e4zise Steuerung<\/li>\n<\/ol>\n<ul>\n<li>Das hochentwickelte Hydrauliksystem des Zylinders gew\u00e4hrleistet einen reibungslosen und pr\u00e4zisen Betrieb und erm\u00f6glicht so eine genaue Positionierung der Schaufel f\u00fcr effizientes Graben und Laden.<\/li>\n<li>Es bietet eine hervorragende Kontrolle \u00fcber die Bewegungen des Baggers und erm\u00f6glicht es den Bedienern, auch auf engstem Raum zu arbeiten und optimale Ergebnisse zu erzielen.<\/li>\n<\/ul>\n<ol start=\"4\">\n<li>Robuste Konstruktion und Langlebigkeit<\/li>\n<\/ol>\n<ul>\n<li>Der kleine Baggerl\u00f6ffelzylinder wird aus hochwertigen Materialien und nach strengen Fertigungsstandards hergestellt und zeichnet sich durch au\u00dfergew\u00f6hnliche Festigkeit und Langlebigkeit aus.<\/li>\n<li>Es h\u00e4lt anspruchsvollen Arbeitsbedingungen stand, einschlie\u00dflich schwerer Aushubarbeiten und h\u00e4ufigem Betrieb, und gew\u00e4hrleistet so eine zuverl\u00e4ssige Leistung \u00fcber eine lange Lebensdauer.<\/li>\n<\/ul>\n<h2><strong>Zylinderparameter f\u00fcr kleine Baggerl\u00f6ffel:<\/strong><\/h2>\n<table border=\"1\" cellspacing=\"0\" cellpadding=\"0\">\n<tbody>\n<tr>\n<td>Produktname<\/td>\n<td>Zylinder f\u00fcr kleine Baggerschaufel<\/td>\n<\/tr>\n<tr>\n<td>Merkmale:<\/td>\n<td>Steuern Sie die Bewegung des Eimers<\/td>\n<\/tr>\n<tr>\n<td>Bohrungsdurchmesser:<\/td>\n<td>50 mm bis 105 mm<\/td>\n<\/tr>\n<tr>\n<td>Stangendurchmesser:<\/td>\n<td>25 mm bis 70 mm<br \/>\nHub \u2264 1000 mm<\/td>\n<\/tr>\n<tr>\n<td>Schubkraft:<\/td>\n<td>Maximal 255 kN<\/td>\n<\/tr>\n<tr>\n<td>Bohrungsdurchmesser:<\/td>\n<td>105 mm \/ Druck 29,4 MPa<\/td>\n<\/tr>\n<\/tbody>\n<\/table>\n<h2><strong>Zylinderkennzeichnung f\u00fcr kleine Baggerl\u00f6ffel:<\/strong><\/h2>\n<p><img loading=\"lazy\" decoding=\"async\" class=\"alignnone wp-image-1481 size-full\" src=\"https:\/\/hydraulic-cylinders.net\/wp-content\/uploads\/2023\/09\/bucket-cylinder-construction.webp\" alt=\"\" width=\"1481\" height=\"988\" srcset=\"https:\/\/hydraulic-cylinders.net\/wp-content\/uploads\/2023\/09\/bucket-cylinder-construction.webp 1481w, https:\/\/hydraulic-cylinders.net\/wp-content\/uploads\/2023\/09\/bucket-cylinder-construction-1280x854.webp 1280w, https:\/\/hydraulic-cylinders.net\/wp-content\/uploads\/2023\/09\/bucket-cylinder-construction-980x654.webp 980w, https:\/\/hydraulic-cylinders.net\/wp-content\/uploads\/2023\/09\/bucket-cylinder-construction-480x320.webp 480w\" sizes=\"(min-width: 0px) and (max-width: 480px) 480px, (min-width: 481px) and (max-width: 980px) 980px, (min-width: 981px) and (max-width: 1280px) 1280px, (min-width: 1281px) 1481px, 100vw\" \/><\/p>\n<h2><strong>Wartung des Zylinders der Kleinbaggerschaufel:<\/strong><\/h2>\n<ol>\n<li><strong>Regelm\u00e4\u00dfige Inspektionen<\/strong><\/li>\n<\/ol>\n<ul>\n<li>F\u00fchren Sie vor jedem Einsatz eine Sichtpr\u00fcfung des Zylinders der kleinen Baggerschaufel durch, um Anzeichen von Leckagen, Besch\u00e4digungen oder Verschlei\u00df festzustellen.<\/li>\n<li>Pr\u00fcfen Sie die Hydraulikanschl\u00fcsse, Dichtungen und Befestigungspunkte auf Dichtheit und Unversehrtheit.<\/li>\n<li>Pr\u00fcfen Sie die Kolbenstange und den Zylinderk\u00f6rper auf Anzeichen von Korrosion oder Riefenbildung.<\/li>\n<\/ul>\n<ol start=\"2\">\n<li><strong>Schmierung und Reinigung<\/strong><\/li>\n<\/ol>\n<ul>\n<li>Beachten Sie die Empfehlungen des Herstellers hinsichtlich Schmierintervallen und -verfahren.<\/li>\n<li>Um die Reibung zu minimieren und einen reibungslosen Betrieb zu gew\u00e4hrleisten, sollten geeignete Schmiermittel auf die Kolbenstange und die Dichtungen aufgetragen werden.<\/li>\n<li>Reinigen Sie den Zylinder und die umliegenden Bauteile regelm\u00e4\u00dfig, um Schmutz, Ablagerungen und Verunreinigungen zu entfernen, die die Leistung beeintr\u00e4chtigen k\u00f6nnten.<\/li>\n<\/ul>\n<ol start=\"3\">\n<li><strong>Fl\u00fcssigkeits\u00fcberwachung<\/strong><\/li>\n<\/ol>\n<ul>\n<li>\u00dcberpr\u00fcfen Sie regelm\u00e4\u00dfig den Hydraulikfl\u00fcssigkeitsstand im Hydrauliksystem des Baggers.<\/li>\n<li>Halten Sie den korrekten Fl\u00fcssigkeitsstand und die vorgeschriebene Fl\u00fcssigkeitsqualit\u00e4t gem\u00e4\u00df den Herstellervorgaben ein.<\/li>\n<li>\u00dcberwachen Sie das Hydrauliksystem auf Anzeichen von Verunreinigungen oder Verschlechterung der Fl\u00fcssigkeit und beheben Sie diese umgehend.<\/li>\n<\/ul>\n<ol start=\"4\">\n<li><strong>Professionelle Wartung<\/strong><\/li>\n<\/ol>\n<ul>\n<li>Lassen Sie regelm\u00e4\u00dfige Wartungs- und Servicearbeiten von qualifizierten Technikern durchf\u00fchren.<\/li>\n<li>Bei Reparaturen, Austauscharbeiten oder Problemen mit dem Zylinder der kleinen Baggerschaufel sollten Sie professionelle Hilfe in Anspruch nehmen.<\/li>\n<li>Um die Leistung und Lebensdauer des Zylinders zu maximieren, halten Sie sich an den empfohlenen Wartungsplan.<\/li>\n<\/ul>\n<h2><strong>Welche Zylindergr\u00f6\u00dfe ist f\u00fcr den Baggerdaumen erforderlich?<\/strong><\/h2>\n<p>Die Zylindergr\u00f6\u00dfe f\u00fcr den Greifarm eines Baggers kann je nach den spezifischen Anforderungen des Baggers und dem vorgesehenen Einsatzzweck des Greifarms variieren. Die geeignete Zylindergr\u00f6\u00dfe wird \u00fcblicherweise unter Ber\u00fccksichtigung von Faktoren wie dem Betriebsgewicht des Baggers, der gew\u00fcnschten Hubkraft des Greifarms und der Kompatibilit\u00e4t mit dem Hydrauliksystem des Baggers bestimmt.<\/p>\n<p>Um die passende Zylindergr\u00f6\u00dfe f\u00fcr einen Baggerdaumen zu ermitteln, empfiehlt es sich, den Hersteller oder Lieferanten des Daumenanbauger\u00e4ts zu konsultieren. Diese k\u00f6nnen Ihnen auf Grundlage der Baggerspezifikationen und des vorgesehenen Einsatzzwecks des Daumens Empfehlungen geben.<\/p>\n<p>Es ist wichtig zu wissen, dass Baggerdaumen in verschiedenen Gr\u00f6\u00dfen und Ausf\u00fchrungen erh\u00e4ltlich sind, um unterschiedlichen Baggermodellen und -gr\u00f6\u00dfen gerecht zu werden. Der Daumenanbau besteht typischerweise aus einer zentralen Struktur oder einem Rahmen, der am Baggerausleger befestigt wird, und einem Hydraulikzylinder, der die Greif- oder Klemmfunktion \u00fcbernimmt. Die Zylindergr\u00f6\u00dfe muss so gew\u00e4hlt werden, dass sie mit dem Daumenanbau kompatibel ist und die f\u00fcr die jeweiligen Aufgaben erforderliche Greifkraft bereitstellt.<\/p>\n<p>Bei der Auslegung des Zylinders f\u00fcr den Greifer eines Baggers ist es entscheidend, ein ausgewogenes Verh\u00e4ltnis zwischen ausreichender Hubkraft und der F\u00e4higkeit des Hydrauliksystems zu finden, den Greiferbetrieb ad\u00e4quat zu unterst\u00fctzen. Ein zu gro\u00dfer Zylinder kann das Hydrauliksystem des Baggers \u00fcberm\u00e4\u00dfig belasten, w\u00e4hrend ein zu kleiner Zylinder die Hubkraft und die Leistung beeintr\u00e4chtigen kann.<\/p>\n<p>Zusammenfassend l\u00e4sst sich sagen, dass die Zylindergr\u00f6\u00dfe f\u00fcr einen Baggerdaumen anhand von Faktoren wie dem Betriebsgewicht des Baggers, der gew\u00fcnschten Hubkraft und der Kompatibilit\u00e4t mit dem Daumenanbauger\u00e4t und dem Hydrauliksystem bestimmt werden sollte. Um die korrekte Dimensionierung und optimale Leistung zu gew\u00e4hrleisten, empfiehlt es sich, den Hersteller oder Lieferanten des Daumenanbauger\u00e4ts zu konsultieren.<\/p>\n<h2><strong>F\u00e4higkeit und Kapazit\u00e4t der Fabrik:<\/strong><\/h2>\n<h3>(1) Montage<\/h3>\n<p>Wir verf\u00fcgen \u00fcber eine erstklassige, unabh\u00e4ngige Forschungs- und Entwicklungsmontageplattform. Die Hydraulikzylinder-Produktionswerkstatt verf\u00fcgt \u00fcber vier halbautomatische Montagelinien f\u00fcr Hubzylinder und eine automatische Montagelinie f\u00fcr Kippzylinder mit einer geplanten j\u00e4hrlichen Produktionskapazit\u00e4t von 1 Million St\u00fcck. Die Spezialzylinderwerkstatt ist mit verschiedenen Spezifikationen eines halbautomatischen Reinigungsmontagesystems mit einer geplanten j\u00e4hrlichen Produktionskapazit\u00e4t von 200.000 ausgestattet und mit renommierten CNC-Bearbeitungsger\u00e4ten, einem Bearbeitungszentrum, einer hochpr\u00e4zisen Spezialausr\u00fcstung f\u00fcr die Zylinderverarbeitung, einer Roboterschwei\u00dfmaschine, einer automatischen Reinigungsmaschine, einer automatischen Zylindermontagemaschine und einer automatischen Lackierproduktionslinie ausgestattet. Es sind mehr als 300 Sets (S\u00e4tze) an kritischer Ausr\u00fcstung vorhanden. Die optimale Zuweisung und effiziente Nutzung der Ausr\u00fcstungsressourcen gew\u00e4hrleistet die Genauigkeitsanforderungen der Produkte und erf\u00fcllt die hohen Qualit\u00e4tsanforderungen der Produkte.<\/p>\n<p><img loading=\"lazy\" decoding=\"async\" class=\"alignnone wp-image-626\" src=\"https:\/\/hydraulic-cylinders.net\/wp-content\/uploads\/2023\/08\/hydraulic-cylinder-product-1-300x158.webp\" alt=\"\" width=\"495\" height=\"260\" srcset=\"https:\/\/hydraulic-cylinders.net\/wp-content\/uploads\/2023\/08\/hydraulic-cylinder-product-1-300x158.webp 495w, https:\/\/hydraulic-cylinders.net\/wp-content\/uploads\/2023\/08\/hydraulic-cylinder-product-1-480x252.webp 480w\" sizes=\"(min-width: 0px) and (max-width: 480px) 480px, (min-width: 481px) 495px, 100vw\" \/> <img loading=\"lazy\" decoding=\"async\" class=\"alignnone wp-image-627\" src=\"https:\/\/hydraulic-cylinders.net\/wp-content\/uploads\/2023\/08\/hydraulic-cylinder-product-2-300x189.webp\" alt=\"\" width=\"413\" height=\"260\" \/><\/p>\n<h3>(2) Bearbeitungen<\/h3>\n<p>Die Bearbeitungswerkstatt ist mit einem ma\u00dfgeschneiderten Schr\u00e4gschienen-Drehzentrum, einem Bearbeitungszentrum, einer Hochgeschwindigkeits-Honmaschine, einem Schwei\u00dfroboter und anderen zugeh\u00f6rigen Ger\u00e4ten ausgestattet, die die Bearbeitung von Zylinderrohren mit einem maximalen Innendurchmesser von 400 mm und einer maximalen L\u00e4nge von 6 Metern erm\u00f6glichen.<\/p>\n<p><img loading=\"lazy\" decoding=\"async\" class=\"alignnone wp-image-628 size-large\" src=\"https:\/\/hydraulic-cylinders.net\/wp-content\/uploads\/2023\/08\/hydraulic-cylinder-product-3-1024x391.webp\" alt=\"\" width=\"1024\" height=\"391\" srcset=\"https:\/\/hydraulic-cylinders.net\/wp-content\/uploads\/2023\/08\/hydraulic-cylinder-product-3-980x374.webp 980w, https:\/\/hydraulic-cylinders.net\/wp-content\/uploads\/2023\/08\/hydraulic-cylinder-product-3-480x183.webp 480w\" sizes=\"(min-width: 0px) and (max-width: 480px) 480px, (min-width: 481px) and (max-width: 980px) 980px, (min-width: 981px) 1024px, 100vw\" \/><\/p>\n<h3>(3) Schwei\u00dfen<\/h3>\n<p><img loading=\"lazy\" decoding=\"async\" class=\"alignnone wp-image-629 size-large\" src=\"https:\/\/hydraulic-cylinders.net\/wp-content\/uploads\/2023\/08\/hydraulic-cylinder-product-4-1024x510.webp\" alt=\"\" width=\"1024\" height=\"510\" srcset=\"https:\/\/hydraulic-cylinders.net\/wp-content\/uploads\/2023\/08\/hydraulic-cylinder-product-4-980x488.webp 980w, https:\/\/hydraulic-cylinders.net\/wp-content\/uploads\/2023\/08\/hydraulic-cylinder-product-4-480x239.webp 480w\" sizes=\"(min-width: 0px) and (max-width: 480px) 480px, (min-width: 481px) and (max-width: 980px) 980px, (min-width: 981px) 1024px, 100vw\" \/><\/p>\n<h3>(4) Malerei und Beschichtung<\/h3>\n<p>Mit kleinen und mittleren Zylinder automatische Lackieranlagen auf Wasserbasis, zu erreichen automatische Roboter Be-und Entladen und automatische Spritzen, die Design-Kapazit\u00e4t von 4000 St\u00fcck pro Schicht;<br \/>\nWir verf\u00fcgen auch \u00fcber eine halbautomatische Lackieranlage f\u00fcr gro\u00dfe Zylinder, die von einer Energiekette angetrieben wird und eine Kapazit\u00e4t von 60 Kisten pro Schicht hat.<\/p>\n<p><img loading=\"lazy\" decoding=\"async\" class=\"alignnone wp-image-630\" src=\"https:\/\/hydraulic-cylinders.net\/wp-content\/uploads\/2023\/08\/hydraulic-cylinder-product-5-300x213.webp\" alt=\"\" width=\"366\" height=\"260\" \/> <img loading=\"lazy\" decoding=\"async\" class=\"alignnone wp-image-631\" src=\"https:\/\/hydraulic-cylinders.net\/wp-content\/uploads\/2023\/08\/hydraulic-cylinder-product-6-300x225.webp\" alt=\"\" width=\"347\" height=\"260\" \/><\/p>\n<h3>(5) Pr\u00fcfung<\/h3>\n<p>Wir verf\u00fcgen \u00fcber erstklassige Pr\u00fcfeinrichtungen und Pr\u00fcfst\u00e4nde, um sicherzustellen, dass die Leistung des Zylinders den Anforderungen entspricht.<\/p>\n<p><img loading=\"lazy\" decoding=\"async\" class=\"alignnone wp-image-632\" src=\"https:\/\/hydraulic-cylinders.net\/wp-content\/uploads\/2023\/08\/hydraulic-cylinder-product-8-300x200.webp\" alt=\"\" width=\"389\" height=\"260\" \/><\/p>\n<p>&nbsp;<\/p>\n<p>&nbsp;<\/p>\n<p>Wir geh\u00f6ren zu den f\u00fchrenden Herstellern von Hydraulikzylindern. Wir bieten ein umfassendes Sortiment an Hydraulikzylindern sowie die dazugeh\u00f6rigen Zubeh\u00f6rteile. <a href=\"https:\/\/hzpt.com\/agricultural-pto-gearbox\/\" target=\"_blank\" rel=\"noopener\">landwirtschaftliche Getriebe<\/a>. Wir haben unsere Produkte an Kunden weltweit exportiert und uns aufgrund unserer hervorragenden Produktqualit\u00e4t und unseres Kundendienstes einen guten Ruf erworben. Wir begr\u00fc\u00dfen Kunden im In- und Ausland, die uns kontaktieren, um Gesch\u00e4fte zu verhandeln, Informationen auszutauschen und <a href=\"https:\/\/www.hydraulic-cylinders.net\/de\/contact-us\/\">mit uns zusammenarbeiten<\/a>!<\/p>","protected":false},"excerpt":{"rendered":"<p>Small Excavator Bucket Cylinder The small excavator bucket cylinder is a high-performance hydraulic component designed to optimize small excavators&#8217; digging and lifting capabilities. With its compact size and robust construction, this cylinder offers exceptional strength, precision, and durability. The small excavator bucket cylinder is a robust and reliable hydraulic component that enhances the efficiency and [&hellip;]<\/p>","protected":false},"featured_media":1482,"comment_status":"open","ping_status":"closed","template":"","meta":{"_et_pb_use_builder":"","_et_pb_old_content":"","_et_gb_content_width":""},"product_brand":[],"product_cat":[1550,1503,1376],"product_tag":[1380],"class_list":{"0":"post-1479","1":"product","2":"type-product","3":"status-publish","4":"has-post-thumbnail","6":"product_cat-double-acting-hydraulic-cylinder","7":"product_cat-excavator-hydraulic-cylinders","8":"product_cat-hydraulic-cylinder","9":"product_tag-hydraulic-cylinder","11":"first","12":"instock","13":"shipping-taxable","14":"product-type-simple"},"amp_enabled":true,"_links":{"self":[{"href":"https:\/\/www.hydraulic-cylinders.net\/de\/wp-json\/wp\/v2\/product\/1479","targetHints":{"allow":["GET"]}}],"collection":[{"href":"https:\/\/www.hydraulic-cylinders.net\/de\/wp-json\/wp\/v2\/product"}],"about":[{"href":"https:\/\/www.hydraulic-cylinders.net\/de\/wp-json\/wp\/v2\/types\/product"}],"replies":[{"embeddable":true,"href":"https:\/\/www.hydraulic-cylinders.net\/de\/wp-json\/wp\/v2\/comments?post=1479"}],"wp:featuredmedia":[{"embeddable":true,"href":"https:\/\/www.hydraulic-cylinders.net\/de\/wp-json\/wp\/v2\/media\/1482"}],"wp:attachment":[{"href":"https:\/\/www.hydraulic-cylinders.net\/de\/wp-json\/wp\/v2\/media?parent=1479"}],"wp:term":[{"taxonomy":"product_brand","embeddable":true,"href":"https:\/\/www.hydraulic-cylinders.net\/de\/wp-json\/wp\/v2\/product_brand?post=1479"},{"taxonomy":"product_cat","embeddable":true,"href":"https:\/\/www.hydraulic-cylinders.net\/de\/wp-json\/wp\/v2\/product_cat?post=1479"},{"taxonomy":"product_tag","embeddable":true,"href":"https:\/\/www.hydraulic-cylinders.net\/de\/wp-json\/wp\/v2\/product_tag?post=1479"}],"curies":[{"name":"wp","href":"https:\/\/api.w.org\/{rel}","templated":true}]}}