{"id":1483,"date":"2023-09-26T06:49:38","date_gmt":"2023-09-26T06:49:38","guid":{"rendered":"https:\/\/hydraulic-cylinders.net\/?post_type=product&#038;p=1483"},"modified":"2025-04-11T03:41:32","modified_gmt":"2025-04-11T03:41:32","slug":"small-excavator-boom-cylinder","status":"publish","type":"product","link":"https:\/\/www.hydraulic-cylinders.net\/de\/produkt\/small-excavator-boom-cylinder\/","title":{"rendered":"Zylinder am Ausleger eines Kleinbaggers"},"content":{"rendered":"<h1 style=\"text-align: center;\"><strong>Zylinder am Ausleger eines Kleinbaggers<\/strong><\/h1>\n<p><img loading=\"lazy\" decoding=\"async\" class=\"aligncenter wp-image-1484\" src=\"https:\/\/hydraulic-cylinders.net\/wp-content\/uploads\/2023\/09\/boom-cylinder-1-300x300.webp\" alt=\"\" width=\"400\" height=\"400\" \/><\/p>\n<p>Der Auslegerzylinder f\u00fcr Kleinbagger ist eine leistungsstarke Hydraulikkomponente, die die Hub- und Reichweite von Kleinbaggern optimiert. Dieser Zylinder wurde speziell f\u00fcr au\u00dfergew\u00f6hnliche Festigkeit, Langlebigkeit und Pr\u00e4zision in kompakten Baumaschinen entwickelt.<\/p>\n<p>Der Auslegerzylinder f\u00fcr Kleinbagger ist eine wichtige Hydraulikkomponente, die die Effizienz und Leistung von Kleinbaggern deutlich steigert. Dank seiner kompakten Bauweise, hohen Hubkraft und pr\u00e4zisen Steuerung erm\u00f6glicht dieser Zylinder dem Bediener, diverse Aushubarbeiten einfach und pr\u00e4zise durchzuf\u00fchren. Durch die Einhaltung der empfohlenen Anwendungs- und Wartungsmethoden gew\u00e4hrleisten Bediener optimale Leistung und Langlebigkeit des Auslegerzylinders, was zu h\u00f6herer Produktivit\u00e4t und dem erfolgreichen Abschluss von Bau- und Aushubprojekten f\u00fchrt. Investieren Sie in diesen au\u00dfergew\u00f6hnlichen Hydraulikzylinder, um die Leistungsf\u00e4higkeit Ihres Kleinbaggers zu maximieren und \u00fcberragende Ergebnisse bei Ihren Hebe- und Reichweitenarbeiten zu erzielen.<\/p>\n<p>Hauptmerkmale des Auslegerzylinders von Kleinbaggern:<\/p>\n<ol>\n<li>Kompaktes Design und robuste Konstruktion<\/li>\n<\/ol>\n<ul>\n<li>Der Auslegerzylinder f\u00fcr Kleinbagger wurde speziell f\u00fcr Kleinbagger entwickelt und gew\u00e4hrleistet so eine perfekte Passform und optimale Leistung.<\/li>\n<li>Durch sein kompaktes Design und seine robuste Konstruktion h\u00e4lt es auch anspruchsvollen Betriebsbedingungen stand und bietet somit eine lange Lebensdauer.<\/li>\n<\/ul>\n<ol start=\"2\">\n<li>Hohe Hubkraft und Reichweite<\/li>\n<\/ol>\n<ul>\n<li>Trotz seiner geringen Gr\u00f6\u00dfe bietet der Zylinder eine beeindruckende Hubkraft und Reichweite und erm\u00f6glicht so effiziente Materialhandhabung und Aushubarbeiten.<\/li>\n<li>Es bietet die n\u00f6tige Kraft und Reichweite, um in beengten R\u00e4umen zu man\u00f6vrieren und schwer zug\u00e4ngliche Bereiche zu erreichen.<\/li>\n<\/ul>\n<ol start=\"3\">\n<li>Pr\u00e4zise Steuerung und reibungsloser Betrieb<\/li>\n<\/ol>\n<ul>\n<li>Das hochentwickelte Hydrauliksystem des Zylinders gew\u00e4hrleistet eine pr\u00e4zise Steuerung und einen reibungslosen Betrieb, sodass die Bediener Aufgaben genau und effizient ausf\u00fchren k\u00f6nnen.<\/li>\n<li>Es bietet ein ausgezeichnetes Ansprechverhalten und eine hervorragende Man\u00f6vrierf\u00e4higkeit, was eine pr\u00e4zise Positionierung und eine gesteigerte Produktivit\u00e4t auf der Baustelle erm\u00f6glicht.<\/li>\n<\/ul>\n<ol start=\"4\">\n<li>Zuverl\u00e4ssige Leistung und Sicherheit<\/li>\n<\/ol>\n<ul>\n<li>Der aus hochwertigen Materialien und unter Einhaltung strenger Fertigungsstandards hergestellte Auslegerzylinder f\u00fcr Kleinbagger bietet zuverl\u00e4ssige Leistung auch unter anspruchsvollen Bedingungen.<\/li>\n<li>Es beinhaltet Sicherheitsmerkmale, die pl\u00f6tzliche St\u00fcrze oder unerwartete Bewegungen verhindern und so die Sicherheit von Bediener und Ausr\u00fcstung w\u00e4hrend des Betriebs gew\u00e4hrleisten.<\/li>\n<\/ul>\n<h2><strong>Parameter des Auslegerzylinders eines Kleinbaggers:<\/strong><\/h2>\n<table border=\"1\" cellspacing=\"0\" cellpadding=\"0\">\n<tbody>\n<tr>\n<td>Produktname<\/td>\n<td>Zylinder am Ausleger eines Kleinbaggers<\/td>\n<\/tr>\n<tr>\n<td>Merkmale:<\/td>\n<td>Kontrollieren Sie die Hebebewegung des gro\u00dfen Arms<\/td>\n<\/tr>\n<tr>\n<td>Bohrungsdurchmesser:<\/td>\n<td>50 mm bis 125 mm<\/td>\n<\/tr>\n<tr>\n<td>Stangendurchmesser:<\/td>\n<td>25 mm bis 75 mm<br \/>\nHub \u22641000 mm<\/td>\n<\/tr>\n<tr>\n<td>Schubkraft:<\/td>\n<td>Maximal 361 kN<\/td>\n<\/tr>\n<tr>\n<td>Bohrungsdurchmesser:<\/td>\n<td>125 mm \/ Druck 29,4 MPa<\/td>\n<\/tr>\n<\/tbody>\n<\/table>\n<h2><strong>Identifikationsdiagramm f\u00fcr Auslegerzylinder kleiner Bagger:<\/strong><\/h2>\n<p><img loading=\"lazy\" decoding=\"async\" class=\"alignnone wp-image-1486 size-full\" src=\"https:\/\/hydraulic-cylinders.net\/wp-content\/uploads\/2023\/09\/boom-cylinder-construction.webp\" alt=\"\" width=\"1481\" height=\"988\" srcset=\"https:\/\/hydraulic-cylinders.net\/wp-content\/uploads\/2023\/09\/boom-cylinder-construction.webp 1481w, https:\/\/hydraulic-cylinders.net\/wp-content\/uploads\/2023\/09\/boom-cylinder-construction-1280x854.webp 1280w, https:\/\/hydraulic-cylinders.net\/wp-content\/uploads\/2023\/09\/boom-cylinder-construction-980x654.webp 980w, https:\/\/hydraulic-cylinders.net\/wp-content\/uploads\/2023\/09\/boom-cylinder-construction-480x320.webp 480w\" sizes=\"(min-width: 0px) and (max-width: 480px) 480px, (min-width: 481px) and (max-width: 980px) 980px, (min-width: 981px) and (max-width: 1280px) 1280px, (min-width: 1281px) 1481px, 100vw\" \/><\/p>\n<h2><strong>Verwendungsmethode des Auslegerzylinders eines Kleinbaggers:<\/strong><\/h2>\n<ol>\n<li>Installation und Integration<\/li>\n<\/ol>\n<ul>\n<li>Beachten Sie die Anweisungen des Herstellers f\u00fcr die ordnungsgem\u00e4\u00dfe Installation des Auslegerzylinders f\u00fcr Kleinbagger.<\/li>\n<li>Gew\u00e4hrleisten Sie die Kompatibilit\u00e4t und die sichere Befestigung am Ausleger des Baggers.<\/li>\n<li>Beachten Sie die empfohlenen Drehmomentvorgaben und verwenden Sie geeignetes Befestigungsmaterial.<\/li>\n<\/ul>\n<ol start=\"2\">\n<li>Betriebliche \u00dcberlegungen<\/li>\n<\/ol>\n<ul>\n<li>Machen Sie sich mit den Bedienelementen und der Funktionsweise des Baggers vertraut, einschlie\u00dflich des Auslegerzylinders.<\/li>\n<li>\u00dcben Sie die Bedienung des Baggers und des Auslegerzylinders in einer kontrollierten Umgebung, bevor Sie mit der eigentlichen Arbeit beginnen.<\/li>\n<li>Halten Sie sich an die Sicherheitsrichtlinien, arbeiten Sie innerhalb der zul\u00e4ssigen Lastgrenzen des Baggers und beachten Sie die zul\u00e4ssigen Grenzwerte, um Unf\u00e4lle und Sch\u00e4den an der Ausr\u00fcstung zu vermeiden.<\/li>\n<\/ul>\n<ol start=\"3\">\n<li>Effiziente Hebe- und Greiftechniken<\/li>\n<\/ol>\n<ul>\n<li>Nutzen Sie die pr\u00e4zise Steuerung des Auslegerzylinders des Kleinbaggers, um Hebe- und Reichweitentechniken zu optimieren.<\/li>\n<li>Halten Sie beim Anheben oder Ausfahren des Auslegers eine stabile Position und vermeiden Sie pl\u00f6tzliche oder ruckartige Bewegungen, die den Zylinder belasten k\u00f6nnten.<\/li>\n<li>F\u00fcr eine sichere und effiziente Materialhandhabung ist die korrekte Positionierung der Ladung und das Gleichgewicht zu gew\u00e4hrleisten.<\/li>\n<\/ul>\n<h2><strong>Wie entfernt man einen Hydraulikzylinder von einem Bagger?<\/strong><\/h2>\n<p>Der Ausbau eines Hydraulikzylinders aus einem Bagger erfordert sorgf\u00e4ltige Vorgehensweise und die Einhaltung der korrekten Verfahren, um die Sicherheit zu gew\u00e4hrleisten und Sch\u00e4den am Ger\u00e4t zu vermeiden. Hier sind die allgemeinen Schritte, die Sie durch den Vorgang f\u00fchren:<\/p>\n<ol>\n<li><strong>Vorbereitung:<\/strong><\/li>\n<\/ol>\n<ul>\n<li>Stellen Sie sicher, dass der Bagger ausgeschaltet und auf einer ebenen Fl\u00e4che abgestellt ist.<\/li>\n<li>Aktivieren Sie die Sicherheitsverriegelung und sichern Sie Ausleger und Arm in einer stabilen Position.<\/li>\n<li>Tragen Sie geeignete pers\u00f6nliche Schutzausr\u00fcstung, wie z. B. Handschuhe und Schutzbrille.<\/li>\n<\/ul>\n<ol start=\"2\">\n<li><strong>Identifizieren Sie den Zylinder:<\/strong><\/li>\n<\/ol>\n<ul>\n<li>Suchen Sie den Hydraulikzylinder, den Sie ausbauen m\u00f6chten. Er kann am Ausleger, Arm oder anderen Baggerkomponenten befestigt sein.<\/li>\n<\/ul>\n<ol start=\"3\">\n<li><strong>Hydraulikdruck entlasten:<\/strong><\/li>\n<\/ol>\n<ul>\n<li>Vor dem Trennen von Hydraulikleitungen oder -armaturen ist es unerl\u00e4sslich, den Druck im System abzulassen, um pl\u00f6tzliche Bewegungen oder ein Verspritzen von Fl\u00fcssigkeit zu verhindern.<\/li>\n<li>Beginnen Sie damit, das Druckentlastungsventil oder die Vorgehensweise zur Druckentlastung Ihres Baggermodells zu finden.<\/li>\n<li>Befolgen Sie die Anweisungen des Herstellers, um das Hydrauliksystem ordnungsgem\u00e4\u00df zu entl\u00fcften.<\/li>\n<\/ul>\n<ol start=\"4\">\n<li><strong>Hydraulikleitungen trennen:<\/strong><\/li>\n<\/ol>\n<ul>\n<li>Identifizieren Sie die mit dem Zylinder verbundenen Hydraulikleitungen. Diese Leitungen transportieren Hydraulikfl\u00fcssigkeit zum und vom Zylinder.<\/li>\n<li>Verwenden Sie geeignete Schraubenschl\u00fcssel oder Verschraubungen, um die Hydraulikleitungen vom Zylinder zu l\u00f6sen und zu trennen.<\/li>\n<li>Platzieren Sie einen Beh\u00e4lter oder ein saugf\u00e4higes Material unter den getrennten Leitungen, um restliche Hydraulikfl\u00fcssigkeit aufzufangen.<\/li>\n<\/ul>\n<ol start=\"5\">\n<li><strong>Entfernen der Montageteile:<\/strong><\/li>\n<\/ol>\n<ul>\n<li>Ermitteln Sie die Befestigungspunkte des Zylinders. Dies k\u00f6nnen Bolzen oder Stifte sein, mit denen der Zylinder an der Baggerstruktur befestigt ist.<\/li>\n<li>Verwenden Sie je nach Ausf\u00fchrung das geeignete Werkzeug, um die Befestigungselemente zu entfernen.<\/li>\n<li>Achten Sie beim Ausbau auf eine ausreichende Abst\u00fctzung des Zylinders, um ein Herunterfallen oder Besch\u00e4digungen zu verhindern.<\/li>\n<\/ul>\n<ol start=\"6\">\n<li><strong>Den Zylinder abnehmen:<\/strong><\/li>\n<\/ol>\n<ul>\n<li>Den Zylinder vorsichtig aus seiner Montageposition schieben oder man\u00f6vrieren. Falls er fest sitzt, kann es n\u00f6tig sein, ihn vorsichtig mit einem Gummihammer zu l\u00f6sen oder einen Hydraulikzylinderabzieher zu verwenden.<\/li>\n<li>Stellen Sie sicher, dass keine anderen Bauteile oder Strukturen die Demontage des Zylinders behindern.<\/li>\n<\/ul>\n<ol start=\"7\">\n<li><strong>Inspektion und Wartung:<\/strong><\/li>\n<\/ol>\n<ul>\n<li>Sobald der Zylinder ausgebaut ist, \u00fcberpr\u00fcfen Sie ihn auf Anzeichen von Besch\u00e4digungen, Lecks oder Verschlei\u00df.<\/li>\n<li>Reinigen Sie den Zylinder und \u00fcberpr\u00fcfen Sie die Kolbenstange, die Dichtungen und andere Bauteile auf Anzeichen von Korrosion, Riefenbildung oder \u00fcberm\u00e4\u00dfigem Verschlei\u00df.<\/li>\n<li>F\u00fchren Sie alle notwendigen Wartungs- oder Reparaturarbeiten durch, bevor Sie den Zylinder wieder einbauen.<\/li>\n<\/ul>\n<ol start=\"8\">\n<li><strong>Neuinstallation oder Austausch:<\/strong><\/li>\n<\/ol>\n<ul>\n<li>Zum Wiedereinbau des Hydraulikzylinders gehen Sie in umgekehrter Reihenfolge zum Ausbau vor und achten Sie dabei auf die korrekte Ausrichtung und die Einhaltung der Drehmomentvorgaben.<\/li>\n<li>Wenn der Zylinder ausgetauscht wird, muss der neue Zylinder sorgf\u00e4ltig gem\u00e4\u00df den Anweisungen und Richtlinien des Herstellers eingebaut werden.<\/li>\n<\/ul>\n<h2><strong>F\u00e4higkeit und Kapazit\u00e4t der Fabrik:<\/strong><\/h2>\n<h3>(1) Montage<\/h3>\n<p>Wir verf\u00fcgen \u00fcber eine erstklassige, unabh\u00e4ngige Forschungs- und Entwicklungsmontageplattform. Die Hydraulikzylinder-Produktionswerkstatt verf\u00fcgt \u00fcber vier halbautomatische Montagelinien f\u00fcr Hubzylinder und eine automatische Montagelinie f\u00fcr Kippzylinder mit einer geplanten j\u00e4hrlichen Produktionskapazit\u00e4t von 1 Million St\u00fcck. Die Spezialzylinderwerkstatt ist mit verschiedenen Spezifikationen eines halbautomatischen Reinigungsmontagesystems mit einer geplanten j\u00e4hrlichen Produktionskapazit\u00e4t von 200.000 ausgestattet und mit renommierten CNC-Bearbeitungsger\u00e4ten, einem Bearbeitungszentrum, einer hochpr\u00e4zisen Spezialausr\u00fcstung f\u00fcr die Zylinderverarbeitung, einer Roboterschwei\u00dfmaschine, einer automatischen Reinigungsmaschine, einer automatischen Zylindermontagemaschine und einer automatischen Lackierproduktionslinie ausgestattet. Es sind mehr als 300 Sets (S\u00e4tze) an kritischer Ausr\u00fcstung vorhanden. Die optimale Zuweisung und effiziente Nutzung der Ausr\u00fcstungsressourcen gew\u00e4hrleistet die Genauigkeitsanforderungen der Produkte und erf\u00fcllt die hohen Qualit\u00e4tsanforderungen der Produkte.<\/p>\n<p><img loading=\"lazy\" decoding=\"async\" class=\"alignnone wp-image-626\" src=\"https:\/\/hydraulic-cylinders.net\/wp-content\/uploads\/2023\/08\/hydraulic-cylinder-product-1-300x158.webp\" alt=\"\" width=\"495\" height=\"260\" srcset=\"https:\/\/hydraulic-cylinders.net\/wp-content\/uploads\/2023\/08\/hydraulic-cylinder-product-1-300x158.webp 495w, https:\/\/hydraulic-cylinders.net\/wp-content\/uploads\/2023\/08\/hydraulic-cylinder-product-1-480x252.webp 480w\" sizes=\"(min-width: 0px) and (max-width: 480px) 480px, (min-width: 481px) 495px, 100vw\" \/> <img loading=\"lazy\" decoding=\"async\" class=\"alignnone wp-image-627\" src=\"https:\/\/hydraulic-cylinders.net\/wp-content\/uploads\/2023\/08\/hydraulic-cylinder-product-2-300x189.webp\" alt=\"\" width=\"413\" height=\"260\" \/><\/p>\n<h3>(2) Bearbeitungen<\/h3>\n<p>Die Bearbeitungswerkstatt ist mit einem ma\u00dfgeschneiderten Schr\u00e4gschienen-Drehzentrum, einem Bearbeitungszentrum, einer Hochgeschwindigkeits-Honmaschine, einem Schwei\u00dfroboter und anderen zugeh\u00f6rigen Ger\u00e4ten ausgestattet, die die Bearbeitung von Zylinderrohren mit einem maximalen Innendurchmesser von 400 mm und einer maximalen L\u00e4nge von 6 Metern erm\u00f6glichen.<\/p>\n<p><img loading=\"lazy\" decoding=\"async\" class=\"alignnone wp-image-628 size-large\" src=\"https:\/\/hydraulic-cylinders.net\/wp-content\/uploads\/2023\/08\/hydraulic-cylinder-product-3-1024x391.webp\" alt=\"\" width=\"1024\" height=\"391\" srcset=\"https:\/\/hydraulic-cylinders.net\/wp-content\/uploads\/2023\/08\/hydraulic-cylinder-product-3-980x374.webp 980w, https:\/\/hydraulic-cylinders.net\/wp-content\/uploads\/2023\/08\/hydraulic-cylinder-product-3-480x183.webp 480w\" sizes=\"(min-width: 0px) and (max-width: 480px) 480px, (min-width: 481px) and (max-width: 980px) 980px, (min-width: 981px) 1024px, 100vw\" \/><\/p>\n<h3>(3) Schwei\u00dfen<\/h3>\n<p><img loading=\"lazy\" decoding=\"async\" class=\"alignnone wp-image-629 size-large\" src=\"https:\/\/hydraulic-cylinders.net\/wp-content\/uploads\/2023\/08\/hydraulic-cylinder-product-4-1024x510.webp\" alt=\"\" width=\"1024\" height=\"510\" srcset=\"https:\/\/hydraulic-cylinders.net\/wp-content\/uploads\/2023\/08\/hydraulic-cylinder-product-4-980x488.webp 980w, https:\/\/hydraulic-cylinders.net\/wp-content\/uploads\/2023\/08\/hydraulic-cylinder-product-4-480x239.webp 480w\" sizes=\"(min-width: 0px) and (max-width: 480px) 480px, (min-width: 481px) and (max-width: 980px) 980px, (min-width: 981px) 1024px, 100vw\" \/><\/p>\n<h3>(4) Malerei und Beschichtung<\/h3>\n<p>Mit kleinen und mittleren Zylinder automatische Lackieranlagen auf Wasserbasis, zu erreichen automatische Roboter Be-und Entladen und automatische Spritzen, die Design-Kapazit\u00e4t von 4000 St\u00fcck pro Schicht;<br \/>\nWir verf\u00fcgen auch \u00fcber eine halbautomatische Lackieranlage f\u00fcr gro\u00dfe Zylinder, die von einer Energiekette angetrieben wird und eine Kapazit\u00e4t von 60 Kisten pro Schicht hat.<\/p>\n<p><img loading=\"lazy\" decoding=\"async\" class=\"alignnone wp-image-630\" src=\"https:\/\/hydraulic-cylinders.net\/wp-content\/uploads\/2023\/08\/hydraulic-cylinder-product-5-300x213.webp\" alt=\"\" width=\"366\" height=\"260\" \/> <img loading=\"lazy\" decoding=\"async\" class=\"alignnone wp-image-631\" src=\"https:\/\/hydraulic-cylinders.net\/wp-content\/uploads\/2023\/08\/hydraulic-cylinder-product-6-300x225.webp\" alt=\"\" width=\"347\" height=\"260\" \/><\/p>\n<h3>(5) Pr\u00fcfung<\/h3>\n<p>Wir verf\u00fcgen \u00fcber erstklassige Pr\u00fcfeinrichtungen und Pr\u00fcfst\u00e4nde, um sicherzustellen, dass die Leistung des Zylinders den Anforderungen entspricht.<\/p>\n<p><img loading=\"lazy\" decoding=\"async\" class=\"alignnone wp-image-632\" src=\"https:\/\/hydraulic-cylinders.net\/wp-content\/uploads\/2023\/08\/hydraulic-cylinder-product-8-300x200.webp\" alt=\"\" width=\"389\" height=\"260\" \/><\/p>\n<p>&nbsp;<\/p>\n<p>&nbsp;<\/p>\n<p>Wir sind einer der besten Hydraulikzylinderhersteller. Wir k\u00f6nnen umfassende Hydraulikzylinder anbieten. Wir bieten auch entsprechende <a href=\"https:\/\/hzpt.com\/agricultural-pto-gearbox\/\" target=\"_blank\" rel=\"noopener\">landwirtschaftliche Getriebe<\/a>. Wir haben unsere Produkte an Kunden weltweit exportiert und uns aufgrund unserer hervorragenden Produktqualit\u00e4t und unseres Kundendienstes einen guten Ruf erworben. Wir begr\u00fc\u00dfen Kunden im In- und Ausland, die uns kontaktieren, um Gesch\u00e4fte zu verhandeln, Informationen auszutauschen und <a href=\"https:\/\/www.hydraulic-cylinders.net\/de\/contact-us\/\">mit uns zusammenarbeiten<\/a>!<\/p>","protected":false},"excerpt":{"rendered":"<p>Small Excavator Boom Cylinder The Small Excavator Boom Cylinder is a powerful hydraulic component that optimizes small excavators&#8217; lifting and reaching capabilities. This cylinder is specifically engineered to deliver exceptional strength, durability, and precision in compact construction machinery. The Small Excavator Boom Cylinder is a vital hydraulic component that enhances the efficiency and performance of [&hellip;]<\/p>","protected":false},"featured_media":1485,"comment_status":"open","ping_status":"closed","template":"","meta":{"_et_pb_use_builder":"","_et_pb_old_content":"","_et_gb_content_width":""},"product_brand":[],"product_cat":[1550,1503,1376],"product_tag":[1380],"class_list":{"0":"post-1483","1":"product","2":"type-product","3":"status-publish","4":"has-post-thumbnail","6":"product_cat-double-acting-hydraulic-cylinder","7":"product_cat-excavator-hydraulic-cylinders","8":"product_cat-hydraulic-cylinder","9":"product_tag-hydraulic-cylinder","11":"first","12":"instock","13":"shipping-taxable","14":"product-type-simple"},"amp_enabled":true,"_links":{"self":[{"href":"https:\/\/www.hydraulic-cylinders.net\/de\/wp-json\/wp\/v2\/product\/1483","targetHints":{"allow":["GET"]}}],"collection":[{"href":"https:\/\/www.hydraulic-cylinders.net\/de\/wp-json\/wp\/v2\/product"}],"about":[{"href":"https:\/\/www.hydraulic-cylinders.net\/de\/wp-json\/wp\/v2\/types\/product"}],"replies":[{"embeddable":true,"href":"https:\/\/www.hydraulic-cylinders.net\/de\/wp-json\/wp\/v2\/comments?post=1483"}],"wp:featuredmedia":[{"embeddable":true,"href":"https:\/\/www.hydraulic-cylinders.net\/de\/wp-json\/wp\/v2\/media\/1485"}],"wp:attachment":[{"href":"https:\/\/www.hydraulic-cylinders.net\/de\/wp-json\/wp\/v2\/media?parent=1483"}],"wp:term":[{"taxonomy":"product_brand","embeddable":true,"href":"https:\/\/www.hydraulic-cylinders.net\/de\/wp-json\/wp\/v2\/product_brand?post=1483"},{"taxonomy":"product_cat","embeddable":true,"href":"https:\/\/www.hydraulic-cylinders.net\/de\/wp-json\/wp\/v2\/product_cat?post=1483"},{"taxonomy":"product_tag","embeddable":true,"href":"https:\/\/www.hydraulic-cylinders.net\/de\/wp-json\/wp\/v2\/product_tag?post=1483"}],"curies":[{"name":"wp","href":"https:\/\/api.w.org\/{rel}","templated":true}]}}