{"id":1498,"date":"2023-09-27T06:51:49","date_gmt":"2023-09-27T06:51:49","guid":{"rendered":"https:\/\/hydraulic-cylinders.net\/?post_type=product&#038;p=1498"},"modified":"2025-04-11T03:41:19","modified_gmt":"2025-04-11T03:41:19","slug":"large-excavator-bucket-cylinder","status":"publish","type":"product","link":"https:\/\/www.hydraulic-cylinders.net\/de\/produkt\/large-excavator-bucket-cylinder\/","title":{"rendered":"Zylinder f\u00fcr gro\u00dfe Baggerschaufel"},"content":{"rendered":"<h1 style=\"text-align: center;\"><strong>Zylinder f\u00fcr gro\u00dfe Baggerschaufel<\/strong><\/h1>\n<p><img loading=\"lazy\" decoding=\"async\" class=\"wp-image-1499 aligncenter\" src=\"https:\/\/hydraulic-cylinders.net\/wp-content\/uploads\/2023\/09\/bucket-cylinder-1-2-300x300.webp\" alt=\"\" width=\"400\" height=\"400\" \/><\/p>\n<p>Der gro\u00dfe Baggerl\u00f6ffelzylinder ist eine robuste Hydraulikkomponente, die die Erdbewegungsleistung gro\u00dfer Bagger maximiert. Dieser Zylinder ist pr\u00e4zise konstruiert, um au\u00dfergew\u00f6hnliche Kraft, Langlebigkeit und Genauigkeit bei schweren Bau- und Aushubarbeiten zu gew\u00e4hrleisten.<\/p>\n<p>Der gro\u00dfe Baggerl\u00f6ffelzylinder ist eine robuste und zuverl\u00e4ssige Hydraulikkomponente, die die Erdbewegungsleistung von Gro\u00dfbaggern deutlich steigert. Dank seiner hohen Kraft und St\u00e4rke, der pr\u00e4zisen Steuerung und Man\u00f6vrierf\u00e4higkeit sowie seiner Langlebigkeit und Kompatibilit\u00e4t erm\u00f6glicht dieser Zylinder dem Bediener, anspruchsvolle Bau- und Aushubarbeiten m\u00fchelos zu bew\u00e4ltigen. Durch die Einhaltung der empfohlenen Anwendungs- und Wartungsmethoden gew\u00e4hrleisten Bediener optimale Leistung und Langlebigkeit des gro\u00dfen Baggerl\u00f6ffelzylinders. Dies f\u00fchrt zu h\u00f6herer Produktivit\u00e4t und dem erfolgreichen Abschluss von Gro\u00dfprojekten im Erdbau. Investieren Sie in diesen au\u00dfergew\u00f6hnlichen Hydraulikzylinder, um das volle Potenzial Ihres Gro\u00dfbaggers auszusch\u00f6pfen und \u00fcberragende Ergebnisse bei Ihren Erdbewegungsarbeiten zu erzielen.<\/p>\n<p>Hauptmerkmale des Zylinders der Gro\u00dfbaggerschaufel:<\/p>\n<ol>\n<li>Hohe Leistung und St\u00e4rke<\/li>\n<\/ol>\n<ul>\n<li>Der gro\u00dfe Baggerl\u00f6ffelzylinder ist f\u00fcr die Bew\u00e4ltigung schwerer Lasten und den Einsatz unter anspruchsvollen Erdbewegungsbedingungen ausgelegt.<\/li>\n<li>Seine hohe Leistungsf\u00e4higkeit erm\u00f6glicht eine erhebliche Kraftentfaltung und damit ein effizientes Ausheben und Umschlagen des Materials.<\/li>\n<\/ul>\n<ol start=\"2\">\n<li>Pr\u00e4zise Steuerung und Man\u00f6vrierf\u00e4higkeit<\/li>\n<\/ol>\n<ul>\n<li>Dieser Zylinder erm\u00f6glicht eine pr\u00e4zise Steuerung der Baggerschaufel und erlaubt dem Bediener, Materialien genau zu positionieren und zu handhaben.<\/li>\n<li>Es erm\u00f6glicht eine reibungslose und reaktionsschnelle Bewegung und verbessert so die Man\u00f6vrierf\u00e4higkeit und Produktivit\u00e4t auf der Baustelle.<\/li>\n<\/ul>\n<ol start=\"3\">\n<li>Haltbarkeit und Langlebigkeit<\/li>\n<\/ol>\n<ul>\n<li>Der gro\u00dfe Baggerl\u00f6ffelzylinder ist aus hochwertigen Materialien gefertigt und mit fortschrittlicher Technik konstruiert, was eine lange Lebensdauer gew\u00e4hrleistet.<\/li>\n<li>Es ist so konstruiert, dass es rauen Arbeitsbedingungen standh\u00e4lt, Ausfallzeiten minimiert und Wartungskosten reduziert.<\/li>\n<\/ul>\n<ol start=\"4\">\n<li>Kompatibilit\u00e4t und Vielseitigkeit<\/li>\n<\/ol>\n<ul>\n<li>Der Zylinder ist mit vielen gro\u00dfen Baggermodellen kompatibel und bietet somit vielseitige Einsatzm\u00f6glichkeiten bei unterschiedlichen Bauprojekten.<\/li>\n<li>Es l\u00e4sst sich problemlos in bestehende Baggersysteme integrieren und ist somit eine praktische Wahl f\u00fcr Bauunternehmer und Bediener.<\/li>\n<\/ul>\n<h2><strong>Zylinderparameter f\u00fcr gro\u00dfe Baggerschaufeln:<\/strong><\/h2>\n<table border=\"1\" cellspacing=\"0\" cellpadding=\"0\">\n<tbody>\n<tr>\n<td>Produktname<\/td>\n<td>Zylinder f\u00fcr gro\u00dfe Baggerschaufel<\/td>\n<\/tr>\n<tr>\n<td>Merkmale:<\/td>\n<td>Steuern Sie die Bewegung des Eimers<\/td>\n<\/tr>\n<tr>\n<td>Bohrungsdurchmesser:<\/td>\n<td>200 mm bis 360 mm<\/td>\n<\/tr>\n<tr>\n<td>Stangendurchmesser:<\/td>\n<td>140 mm bis 260 mm<br \/>\nHub \u2264 2500 mm<\/td>\n<\/tr>\n<tr>\n<td>Schubkraft:<\/td>\n<td>Maximal 3560,8 kN<\/td>\n<\/tr>\n<tr>\n<td>Bohrungsdurchmesser:<\/td>\n<td>420 mm \/ Druck 35 MPa<\/td>\n<\/tr>\n<\/tbody>\n<\/table>\n<h2><strong>Zylinderkennzeichnung f\u00fcr gro\u00dfe Baggerschaufeln:<\/strong><\/h2>\n<p><img loading=\"lazy\" decoding=\"async\" class=\"alignnone wp-image-1500 size-full\" src=\"https:\/\/hydraulic-cylinders.net\/wp-content\/uploads\/2023\/09\/bucket-cylinder-2.webp\" alt=\"\" width=\"1418\" height=\"946\" srcset=\"https:\/\/hydraulic-cylinders.net\/wp-content\/uploads\/2023\/09\/bucket-cylinder-2.webp 1418w, https:\/\/hydraulic-cylinders.net\/wp-content\/uploads\/2023\/09\/bucket-cylinder-2-1280x854.webp 1280w, https:\/\/hydraulic-cylinders.net\/wp-content\/uploads\/2023\/09\/bucket-cylinder-2-980x654.webp 980w, https:\/\/hydraulic-cylinders.net\/wp-content\/uploads\/2023\/09\/bucket-cylinder-2-480x320.webp 480w\" sizes=\"(min-width: 0px) and (max-width: 480px) 480px, (min-width: 481px) and (max-width: 980px) 980px, (min-width: 981px) and (max-width: 1280px) 1280px, (min-width: 1281px) 1418px, 100vw\" \/><\/p>\n<h2><strong>Verwendungsmethode des Zylinders der Gro\u00dfbaggerschaufel:<\/strong><\/h2>\n<ol>\n<li>Installation und Konfiguration<\/li>\n<\/ol>\n<ul>\n<li>Beachten Sie die Anweisungen des Herstellers zur ordnungsgem\u00e4\u00dfen Installation des Zylinders der gro\u00dfen Baggerschaufel.<\/li>\n<li>Stellen Sie die Kompatibilit\u00e4t sicher und befestigen Sie den Zylinder fest an der Baggerschaufel.<\/li>\n<li>Beachten Sie die empfohlenen Drehmomentvorgaben und verwenden Sie geeignetes Befestigungsmaterial f\u00fcr eine sichere und zuverl\u00e4ssige Verbindung.<\/li>\n<\/ul>\n<ol start=\"2\">\n<li>Betriebliche \u00dcberlegungen<\/li>\n<\/ol>\n<ul>\n<li>Machen Sie sich mit den Bedienelementen und der Funktionsweise des Gro\u00dfbaggers vertraut, einschlie\u00dflich des L\u00f6ffelzylinders.<\/li>\n<li>\u00dcben Sie die Bedienung des Baggers und des Hubzylinders in einer kontrollierten Umgebung, bevor Sie mit eigentlichen Erdbewegungsarbeiten beginnen.<\/li>\n<li>Halten Sie sich an die Sicherheitsrichtlinien und arbeiten Sie innerhalb der zul\u00e4ssigen Belastungsgrenzen des Baggers, um Unf\u00e4lle und Ger\u00e4tesch\u00e4den zu vermeiden.<\/li>\n<\/ul>\n<ol start=\"3\">\n<li>Optimierung der Erdbewegungsleistung<\/li>\n<\/ol>\n<ul>\n<li>Nutzen Sie die pr\u00e4zise Steuerung des gro\u00dfen Baggerl\u00f6ffelzylinders, um die Erdbewegungsleistung zu optimieren.<\/li>\n<li>Halten Sie beim Ausheben eine gleichm\u00e4\u00dfige und kontrollierte Geschwindigkeit ein, damit der Zylinder eine gleichm\u00e4\u00dfige Kraft aus\u00fcben kann.<\/li>\n<li>Passen Sie den Winkel und die H\u00f6he der Schaufel an die jeweiligen Aushubanforderungen an, um einen effizienten Materialtransport zu gew\u00e4hrleisten.<\/li>\n<\/ul>\n<h2><strong>Wie entfernt man einen Hydraulikzylinder von einem Bagger?<\/strong><\/h2>\n<p>Der Ausbau eines Hydraulikzylinders aus einem Bagger erfordert sorgf\u00e4ltige Vorgehensweise und die Einhaltung der korrekten Verfahren, um die Sicherheit zu gew\u00e4hrleisten und Sch\u00e4den am Ger\u00e4t zu vermeiden. Hier sind die allgemeinen Schritte, die Sie durch den Vorgang f\u00fchren:<\/p>\n<ol>\n<li><strong>Vorbereitung:<\/strong><\/li>\n<\/ol>\n<ul>\n<li>Stellen Sie sicher, dass der Bagger ausgeschaltet und auf einer ebenen Fl\u00e4che abgestellt ist.<\/li>\n<li>Aktivieren Sie die Sicherheitsverriegelung und sichern Sie Ausleger und Arm in einer stabilen Position.<\/li>\n<li>Tragen Sie geeignete pers\u00f6nliche Schutzausr\u00fcstung, wie z. B. Handschuhe und Schutzbrille.<\/li>\n<\/ul>\n<ol start=\"2\">\n<li><strong>Identifizieren Sie den Zylinder:<\/strong><\/li>\n<\/ol>\n<ul>\n<li>Suchen Sie den Hydraulikzylinder, den Sie ausbauen m\u00f6chten. Er kann am Ausleger, Arm oder anderen Baggerkomponenten befestigt sein.<\/li>\n<\/ul>\n<ol start=\"3\">\n<li><strong>Hydraulikdruck entlasten:<\/strong><\/li>\n<\/ol>\n<ul>\n<li>Vor dem Trennen von Hydraulikleitungen oder -armaturen ist es unerl\u00e4sslich, den Druck im System abzulassen, um pl\u00f6tzliche Bewegungen oder ein Verspritzen von Fl\u00fcssigkeit zu verhindern.<\/li>\n<li>Beginnen Sie damit, das Druckentlastungsventil oder die Vorgehensweise zur Druckentlastung Ihres Baggermodells zu finden.<\/li>\n<li>Befolgen Sie die Anweisungen des Herstellers, um das Hydrauliksystem ordnungsgem\u00e4\u00df zu entl\u00fcften.<\/li>\n<\/ul>\n<ol start=\"4\">\n<li><strong>Hydraulikleitungen trennen:<\/strong><\/li>\n<\/ol>\n<ul>\n<li>Identifizieren Sie die mit dem Zylinder verbundenen Hydraulikleitungen. Diese Leitungen transportieren Hydraulikfl\u00fcssigkeit zum und vom Zylinder.<\/li>\n<li>Verwenden Sie geeignete Schraubenschl\u00fcssel oder Verschraubungen, um die Hydraulikleitungen vom Zylinder zu l\u00f6sen und zu trennen.<\/li>\n<li>Platzieren Sie einen Beh\u00e4lter oder ein saugf\u00e4higes Material unter den getrennten Leitungen, um restliche Hydraulikfl\u00fcssigkeit aufzufangen.<\/li>\n<\/ul>\n<ol start=\"5\">\n<li><strong>Entfernen der Montageteile:<\/strong><\/li>\n<\/ol>\n<ul>\n<li>Ermitteln Sie die Befestigungspunkte des Zylinders. Dies k\u00f6nnen Bolzen oder Stifte sein, mit denen der Zylinder an der Baggerstruktur befestigt ist.<\/li>\n<li>Verwenden Sie je nach Ausf\u00fchrung das geeignete Werkzeug, um die Befestigungselemente zu entfernen.<\/li>\n<li>Achten Sie beim Ausbau auf eine ausreichende Abst\u00fctzung des Zylinders, um ein Herunterfallen oder Besch\u00e4digungen zu verhindern.<\/li>\n<\/ul>\n<ol start=\"6\">\n<li><strong>Den Zylinder abnehmen:<\/strong><\/li>\n<\/ol>\n<ul>\n<li>Den Zylinder vorsichtig aus seiner Montageposition schieben oder man\u00f6vrieren. Falls er fest sitzt, kann es n\u00f6tig sein, ihn vorsichtig mit einem Gummihammer zu l\u00f6sen oder einen Hydraulikzylinderabzieher zu verwenden.<\/li>\n<li>Stellen Sie sicher, dass keine anderen Bauteile oder Strukturen die Demontage des Zylinders behindern.<\/li>\n<\/ul>\n<ol start=\"7\">\n<li><strong>Inspektion und Wartung:<\/strong><\/li>\n<\/ol>\n<ul>\n<li>Sobald der Zylinder ausgebaut ist, \u00fcberpr\u00fcfen Sie ihn auf Anzeichen von Besch\u00e4digungen, Lecks oder Verschlei\u00df.<\/li>\n<li>Reinigen Sie den Zylinder und \u00fcberpr\u00fcfen Sie die Kolbenstange, die Dichtungen und andere Bauteile auf Anzeichen von Korrosion, Riefenbildung oder \u00fcberm\u00e4\u00dfigem Verschlei\u00df.<\/li>\n<li>F\u00fchren Sie alle notwendigen Wartungs- oder Reparaturarbeiten durch, bevor Sie den Zylinder wieder einbauen.<\/li>\n<\/ul>\n<ol start=\"8\">\n<li><strong>Neuinstallation oder Austausch:<\/strong><\/li>\n<\/ol>\n<ul>\n<li>Zum Wiedereinbau des Hydraulikzylinders gehen Sie in umgekehrter Reihenfolge zum Ausbau vor und achten Sie dabei auf die korrekte Ausrichtung und die Einhaltung der Drehmomentvorgaben.<\/li>\n<li>Wenn der Zylinder ausgetauscht wird, muss der neue Zylinder sorgf\u00e4ltig gem\u00e4\u00df den Anweisungen und Richtlinien des Herstellers eingebaut werden.<\/li>\n<\/ul>\n<h2><strong>F\u00e4higkeit und Kapazit\u00e4t der Fabrik:<\/strong><\/h2>\n<h3>(1) Montage<\/h3>\n<p>Wir verf\u00fcgen \u00fcber eine erstklassige, unabh\u00e4ngige Forschungs- und Entwicklungsmontageplattform. Die Hydraulikzylinder-Produktionswerkstatt verf\u00fcgt \u00fcber vier halbautomatische Montagelinien f\u00fcr Hubzylinder und eine automatische Montagelinie f\u00fcr Kippzylinder mit einer geplanten j\u00e4hrlichen Produktionskapazit\u00e4t von 1 Million St\u00fcck. Die Spezialzylinderwerkstatt ist mit verschiedenen Spezifikationen eines halbautomatischen Reinigungsmontagesystems mit einer geplanten j\u00e4hrlichen Produktionskapazit\u00e4t von 200.000 ausgestattet und mit renommierten CNC-Bearbeitungsger\u00e4ten, einem Bearbeitungszentrum, einer hochpr\u00e4zisen Spezialausr\u00fcstung f\u00fcr die Zylinderverarbeitung, einer Roboterschwei\u00dfmaschine, einer automatischen Reinigungsmaschine, einer automatischen Zylindermontagemaschine und einer automatischen Lackierproduktionslinie ausgestattet. Es sind mehr als 300 Sets (S\u00e4tze) an kritischer Ausr\u00fcstung vorhanden. Die optimale Zuweisung und effiziente Nutzung der Ausr\u00fcstungsressourcen gew\u00e4hrleistet die Genauigkeitsanforderungen der Produkte und erf\u00fcllt die hohen Qualit\u00e4tsanforderungen der Produkte.<\/p>\n<p><img loading=\"lazy\" decoding=\"async\" class=\"alignnone wp-image-626\" src=\"https:\/\/hydraulic-cylinders.net\/wp-content\/uploads\/2023\/08\/hydraulic-cylinder-product-1-300x158.webp\" alt=\"\" width=\"495\" height=\"260\" srcset=\"https:\/\/hydraulic-cylinders.net\/wp-content\/uploads\/2023\/08\/hydraulic-cylinder-product-1-300x158.webp 495w, https:\/\/hydraulic-cylinders.net\/wp-content\/uploads\/2023\/08\/hydraulic-cylinder-product-1-480x252.webp 480w\" sizes=\"(min-width: 0px) and (max-width: 480px) 480px, (min-width: 481px) 495px, 100vw\" \/> <img loading=\"lazy\" decoding=\"async\" class=\"alignnone wp-image-627\" src=\"https:\/\/hydraulic-cylinders.net\/wp-content\/uploads\/2023\/08\/hydraulic-cylinder-product-2-300x189.webp\" alt=\"\" width=\"413\" height=\"260\" \/><\/p>\n<h3>(2) Bearbeitungen<\/h3>\n<p>Die Bearbeitungswerkstatt ist mit einem ma\u00dfgeschneiderten Schr\u00e4gschienen-Drehzentrum, einem Bearbeitungszentrum, einer Hochgeschwindigkeits-Honmaschine, einem Schwei\u00dfroboter und anderen zugeh\u00f6rigen Ger\u00e4ten ausgestattet, die die Bearbeitung von Zylinderrohren mit einem maximalen Innendurchmesser von 400 mm und einer maximalen L\u00e4nge von 6 Metern erm\u00f6glichen.<\/p>\n<p><img loading=\"lazy\" decoding=\"async\" class=\"alignnone wp-image-628 size-large\" src=\"https:\/\/hydraulic-cylinders.net\/wp-content\/uploads\/2023\/08\/hydraulic-cylinder-product-3-1024x391.webp\" alt=\"\" width=\"1024\" height=\"391\" srcset=\"https:\/\/hydraulic-cylinders.net\/wp-content\/uploads\/2023\/08\/hydraulic-cylinder-product-3-980x374.webp 980w, https:\/\/hydraulic-cylinders.net\/wp-content\/uploads\/2023\/08\/hydraulic-cylinder-product-3-480x183.webp 480w\" sizes=\"(min-width: 0px) and (max-width: 480px) 480px, (min-width: 481px) and (max-width: 980px) 980px, (min-width: 981px) 1024px, 100vw\" \/><\/p>\n<h3>(3) Schwei\u00dfen<\/h3>\n<p><img loading=\"lazy\" decoding=\"async\" class=\"alignnone wp-image-629 size-large\" src=\"https:\/\/hydraulic-cylinders.net\/wp-content\/uploads\/2023\/08\/hydraulic-cylinder-product-4-1024x510.webp\" alt=\"\" width=\"1024\" height=\"510\" srcset=\"https:\/\/hydraulic-cylinders.net\/wp-content\/uploads\/2023\/08\/hydraulic-cylinder-product-4-980x488.webp 980w, https:\/\/hydraulic-cylinders.net\/wp-content\/uploads\/2023\/08\/hydraulic-cylinder-product-4-480x239.webp 480w\" sizes=\"(min-width: 0px) and (max-width: 480px) 480px, (min-width: 481px) and (max-width: 980px) 980px, (min-width: 981px) 1024px, 100vw\" \/><\/p>\n<h3>(4) Malerei und Beschichtung<\/h3>\n<p>Mit kleinen und mittleren Zylinder automatische Lackieranlagen auf Wasserbasis, zu erreichen automatische Roboter Be-und Entladen und automatische Spritzen, die Design-Kapazit\u00e4t von 4000 St\u00fcck pro Schicht;<br \/>\nWir verf\u00fcgen auch \u00fcber eine halbautomatische Lackieranlage f\u00fcr gro\u00dfe Zylinder, die von einer Energiekette angetrieben wird und eine Kapazit\u00e4t von 60 Kisten pro Schicht hat.<\/p>\n<p><img loading=\"lazy\" decoding=\"async\" class=\"alignnone wp-image-630\" src=\"https:\/\/hydraulic-cylinders.net\/wp-content\/uploads\/2023\/08\/hydraulic-cylinder-product-5-300x213.webp\" alt=\"\" width=\"366\" height=\"260\" \/> <img loading=\"lazy\" decoding=\"async\" class=\"alignnone wp-image-631\" src=\"https:\/\/hydraulic-cylinders.net\/wp-content\/uploads\/2023\/08\/hydraulic-cylinder-product-6-300x225.webp\" alt=\"\" width=\"347\" height=\"260\" \/><\/p>\n<h3>(5) Pr\u00fcfung<\/h3>\n<p>Wir verf\u00fcgen \u00fcber erstklassige Pr\u00fcfeinrichtungen und Pr\u00fcfst\u00e4nde, um sicherzustellen, dass die Leistung des Zylinders den Anforderungen entspricht.<\/p>\n<p><img loading=\"lazy\" decoding=\"async\" class=\"alignnone wp-image-632\" src=\"https:\/\/hydraulic-cylinders.net\/wp-content\/uploads\/2023\/08\/hydraulic-cylinder-product-8-300x200.webp\" alt=\"\" width=\"389\" height=\"260\" \/><\/p>\n<p>&nbsp;<\/p>\n<p>&nbsp;<\/p>\n<p>Wir sind einer der besten Hydraulikzylinderhersteller. Wir k\u00f6nnen umfassende Hydraulikzylinder anbieten. Wir bieten auch entsprechende <a href=\"https:\/\/hzpt.com\/agricultural-pto-gearbox\/\" target=\"_blank\" rel=\"noopener\">landwirtschaftliche Getriebe<\/a>. Wir haben unsere Produkte an Kunden weltweit exportiert und uns aufgrund unserer hervorragenden Produktqualit\u00e4t und unseres Kundendienstes einen guten Ruf erworben. Wir begr\u00fc\u00dfen Kunden im In- und Ausland, die uns kontaktieren, um Gesch\u00e4fte zu verhandeln, Informationen auszutauschen und <a href=\"https:\/\/www.hydraulic-cylinders.net\/de\/contact-us\/\">mit uns zusammenarbeiten<\/a>!<\/p>","protected":false},"excerpt":{"rendered":"<p>Large Excavator Bucket Cylinder The large excavator bucket cylinder is a robust hydraulic component designed to maximize the earthmoving capabilities of large excavators. This cylinder is precisely engineered to deliver exceptional power, durability, and precision in heavy-duty construction and excavation tasks. The large excavator bucket cylinder is a robust and reliable hydraulic component that enhances [&hellip;]<\/p>","protected":false},"featured_media":1501,"comment_status":"open","ping_status":"closed","template":"","meta":{"_et_pb_use_builder":"","_et_pb_old_content":"","_et_gb_content_width":""},"product_brand":[],"product_cat":[1550,1503,1376],"product_tag":[1380],"class_list":{"0":"post-1498","1":"product","2":"type-product","3":"status-publish","4":"has-post-thumbnail","6":"product_cat-double-acting-hydraulic-cylinder","7":"product_cat-excavator-hydraulic-cylinders","8":"product_cat-hydraulic-cylinder","9":"product_tag-hydraulic-cylinder","11":"first","12":"instock","13":"shipping-taxable","14":"product-type-simple"},"amp_enabled":true,"_links":{"self":[{"href":"https:\/\/www.hydraulic-cylinders.net\/de\/wp-json\/wp\/v2\/product\/1498","targetHints":{"allow":["GET"]}}],"collection":[{"href":"https:\/\/www.hydraulic-cylinders.net\/de\/wp-json\/wp\/v2\/product"}],"about":[{"href":"https:\/\/www.hydraulic-cylinders.net\/de\/wp-json\/wp\/v2\/types\/product"}],"replies":[{"embeddable":true,"href":"https:\/\/www.hydraulic-cylinders.net\/de\/wp-json\/wp\/v2\/comments?post=1498"}],"wp:featuredmedia":[{"embeddable":true,"href":"https:\/\/www.hydraulic-cylinders.net\/de\/wp-json\/wp\/v2\/media\/1501"}],"wp:attachment":[{"href":"https:\/\/www.hydraulic-cylinders.net\/de\/wp-json\/wp\/v2\/media?parent=1498"}],"wp:term":[{"taxonomy":"product_brand","embeddable":true,"href":"https:\/\/www.hydraulic-cylinders.net\/de\/wp-json\/wp\/v2\/product_brand?post=1498"},{"taxonomy":"product_cat","embeddable":true,"href":"https:\/\/www.hydraulic-cylinders.net\/de\/wp-json\/wp\/v2\/product_cat?post=1498"},{"taxonomy":"product_tag","embeddable":true,"href":"https:\/\/www.hydraulic-cylinders.net\/de\/wp-json\/wp\/v2\/product_tag?post=1498"}],"curies":[{"name":"wp","href":"https:\/\/api.w.org\/{rel}","templated":true}]}}