{"id":15119,"date":"2025-01-19T14:07:48","date_gmt":"2025-01-19T14:07:48","guid":{"rendered":"https:\/\/www.hydraulic-cylinders.net\/product\/bucket-cylinder-for-komatsu-small-excavator-pc156-7\/"},"modified":"2025-01-19T14:07:50","modified_gmt":"2025-01-19T14:07:50","slug":"bucket-cylinder-for-komatsu-small-excavator-pc156-7","status":"publish","type":"product","link":"https:\/\/www.hydraulic-cylinders.net\/de\/produkt\/bucket-cylinder-for-komatsu-small-excavator-pc156-7\/","title":{"rendered":"L\u00f6ffelzylinder f\u00fcr Komatsu Kleinbagger PC156-7"},"content":{"rendered":"<h2>Einf\u00fchrung<\/h2>\n<h3>L\u00f6ffelzylinder f\u00fcr Komatsu Kleinbagger PC156-7<\/h3>\n<p>Der Schaufelzylinder f\u00fcr den Komatsu-Kleinbagger PC156-7 ist ein speziell entwickelter Hydraulikzylinder zur Steuerung der Schaufelbewegung in Baumaschinen wie Baggern, Baggerladern und Radladern. Seine Hauptfunktion besteht darin, das Heben, Senken und Neigen der Schaufel zu erm\u00f6glichen und so verschiedene Materialumschlagsaufgaben zu erleichtern. Im Hydrauliksystem steuert der Schaufelzylinder die pr\u00e4zise Bewegung der Schaufel durch \u00c4nderungen des Hydraulik\u00f6ldrucks. Dadurch k\u00f6nnen Bediener schwere Lasten effizient handhaben und sich an komplexe Arbeitsumgebungen und vielf\u00e4ltige Aufgaben anpassen.<\/p>\n<p><img decoding=\"async\" src=\"https:\/\/www.hydraulic-cylinders.net\/wp-content\/uploads\/2025\/01\/songte-company-2.webp\" alt=\"Bild des Schaufelzylinders\"><\/p>\n<h2>Merkmale<\/h2>\n<ul>\n<li>Hohe Festigkeit und Langlebigkeit: Gefertigt aus hochfestem Stahl oder Aluminium, h\u00e4lt es hohem Druck und schweren Belastungen stand und eignet sich f\u00fcr anspruchsvolle Arbeitsumgebungen. Die Konstruktion ber\u00fccksichtigt zudem Verschlei\u00df- und Korrosionsbest\u00e4ndigkeit und verl\u00e4ngert so die Lebensdauer.<\/li>\n<li>Effizienter Hydraulikbetrieb: Die reibungslose Teleskopbewegung wird durch den Einsatz von Hydraulik\u00f6ldruck erreicht, der schnell auf Steuerbefehle reagiert und eine starke Schub-Zug-Kraft bereitstellt, die sich f\u00fcr die Handhabung schwerer Lasten und komplexer Arbeitsaufgaben eignet.<\/li>\n<li>Verschiedene Zylindertypen: Je nach Bedarf k\u00f6nnen einfachwirkende (hydraulisch in eine Richtung wirkende) oder doppelwirkende (hydraulisch in beide Richtungen wirkende) Zylinder ausgew\u00e4hlt werden. Einige Modelle sind teleskopierbar und erm\u00f6glichen so eine gr\u00f6\u00dfere Ausdehnung ohne Vergr\u00f6\u00dferung der Au\u00dfenabmessungen \u2013 ideal f\u00fcr Anwendungen mit begrenztem Platzangebot.<\/li>\n<li>Hochwertiger Ersatz: Unser Produkt kann diese Hydraulikzylinder perfekt ersetzen.<\/li>\n<\/ul>\n<p><img decoding=\"async\" src=\"https:\/\/www.hydraulic-cylinders.net\/wp-content\/uploads\/2025\/01\/songte-cylinder-head-with-all-kinds-excavator-models.webp\" alt=\"Bild zum Austausch des Schaufelzylinders\"><\/p>\n<h2>Anwendungen<\/h2>\n<p>Der Schaufelzylinder kann in verschiedenen Maschinen und Branchen eingesetzt werden, darunter:<\/p>\n<ul>\n<li>Baumaschinen: Bei Baggern sind sie unverzichtbar zum Ausheben, Laden und Bewegen von Erde oder Bauschutt. Bei Baggerladern unterst\u00fctzt der Schaufelzylinder das Ausheben und Heben. <\/li>\n<li>Landwirtschaftliche Maschinen: Wird in Frontladern zum Schaufeln, Heben und Transportieren von Erde, Heu und anderen Materialien verwendet. <\/li>\n<li>Bagger: Der Schaufelzylinder erm\u00f6glicht es der Schaufel, in den Boden einzudringen und so die Grabwirkung zu erzielen. <\/li>\n<li>Frontlader: Bei Frontladern helfen sie beim effektiven Anheben und Abladen von G\u00fctern.<\/li>\n<\/ul>\n<p>Die einzelnen Anwendungen werden im Folgenden beschrieben:<\/p>\n<ul>\n<li><strong>Baumaschinen:<\/strong> Bei Baggern dient der Schaufelzylinder dazu, Erde oder Schutt durch Ausheben oder Anheben zu bewegen. Bei Baggerladern unterst\u00fctzt der Schaufelzylinder das Ausheben und Anheben.<\/li>\n<li><strong>Landmaschinen:<\/strong> Der Schaufelzylinder wird bei Frontladern zum Schaufeln, Anheben und Transportieren von Erde, Heu und anderen Materialien verwendet.<\/li>\n<li><strong>Bagger:<\/strong> Der Zylinder des Baggerl\u00f6ffels erm\u00f6glicht es diesem, in den Boden einzudringen und so die Grabbewegung auszuf\u00fchren. Er hilft Baggerfahrern, Grabarbeiten schnell und effizient zu erledigen.<\/li>\n<li><strong>Frontlader:<\/strong> Bei Frontladern hilft der Schaufelzylinder dabei, G\u00fcter effektiv anzuheben und abzuladen.<\/li>\n<\/ul>\n<h2>Design\u00fcberlegungen und Auswahlkriterien<\/h2>\n<p>Im Hinblick auf die Konstruktionsaspekte werden die Tragf\u00e4higkeit, die Abdichtung, die Haltbarkeit, die Sicherheit und die Wartungsfreundlichkeit des Schaufelzylinders im Folgenden erl\u00e4utert:<\/p>\n<ul>\n<li><strong>Tragf\u00e4higkeit:<\/strong> Der Zylinder des Schaufelrads muss in der Lage sein, hohen Belastungen und hohem Druck standzuhalten und dabei stabil zu bleiben.<\/li>\n<li><strong>Versiegelung:<\/strong> Der Schaufelzylinder muss ordnungsgem\u00e4\u00df abgedichtet sein, um \u00d6laustritt zu verhindern und einen reibungslosen Betrieb zu gew\u00e4hrleisten. Polyurethan, Nitrilkautschuk und andere verschlei\u00dffeste Materialien werden h\u00e4ufig f\u00fcr Dichtungselemente verwendet.<\/li>\n<li><strong>Haltbarkeit:<\/strong> In anspruchsvollen Arbeitsumgebungen muss der Schaufelzylinder eine hohe Verschlei\u00df- und Korrosionsbest\u00e4ndigkeit aufweisen.<\/li>\n<li><strong>Sicherheit:<\/strong> Der Schaufelzylinder sollte \u00fcber die notwendigen Sicherheitsmerkmale verf\u00fcgen, um Unf\u00e4lle zu verhindern und die Sicherheit des Bedieners zu gew\u00e4hrleisten.<\/li>\n<li><strong>Wartbarkeit:<\/strong> Der Schaufelzylinder sollte \u00fcber leicht zug\u00e4ngliche Teile verf\u00fcgen, um eine schnelle und einfache Wartung und Reparatur zu gew\u00e4hrleisten. <\/li>\n<\/ul>\n<p><img decoding=\"async\" src=\"https:\/\/www.hydraulic-cylinders.net\/wp-content\/uploads\/2025\/01\/songte-oil-pipes-and-spare-parts.webp\" alt=\"Abbildung der Teile des Schaufelzylinders\"><\/p>\n<h2>Abdichtung und Schmierung<\/h2>\n<p>Die Abdichtung und Schmierung des Schaufelzylinders erfordern h\u00f6chste Sorgfalt. Der Zylinder sollte verschiedene Dichtungselemente wie Kolben- und Stangendichtungen aus verschlei\u00dffesten Materialien wie Polyurethan und Nitrilkautschuk verwenden. Die Zylinderk\u00f6rper- und Gewindeendfl\u00e4chen m\u00fcssen feinbearbeitet sein, um die Verschlei\u00dffestigkeit zu verbessern. Eine ordnungsgem\u00e4\u00dfe Schmierung ist f\u00fcr einen reibungslosen Betrieb unerl\u00e4sslich, und regelm\u00e4\u00dfige \u00d6lwechsel sind f\u00fcr die ordnungsgem\u00e4\u00dfe Wartung notwendig.<\/p>\n<h2>Wartung und Reparatur<\/h2>\n<p>Regelm\u00e4\u00dfige Inspektionen und vorbeugende Wartungsma\u00dfnahmen tragen dazu bei, potenzielle Probleme zu minimieren. Korrekte Installation, Schmierung und Justierung sind entscheidend f\u00fcr eine optimale Leistung. Zu den g\u00e4ngigen Wartungsarbeiten geh\u00f6ren:<\/p>\n<ul>\n<li>Regelm\u00e4\u00dfige Inspektion<\/li>\n<li>Richtige Schmierung<\/li>\n<li>Dichtungswechsel<\/li>\n<li>Kalibrierungspr\u00fcfungen<\/li>\n<\/ul>\n<p>Die einzelnen Aufgaben werden im Folgenden beschrieben:<\/p>\n<ul>\n<li><strong>Regelm\u00e4\u00dfige Inspektion:<\/strong> Regelm\u00e4\u00dfige Inspektionen helfen, Probleme fr\u00fchzeitig zu erkennen und potenzielle Ausfallzeiten zu minimieren. Die Anlagen sollten regelm\u00e4\u00dfig auf Verschlei\u00dferscheinungen, Besch\u00e4digungen und Leckagen \u00fcberpr\u00fcft werden.<\/li>\n<li><strong>Richtige Schmierung:<\/strong> F\u00fcr den reibungslosen Betrieb des Zylinders ist eine ausreichende Schmierung unerl\u00e4sslich. Der Zylinder sollte regelm\u00e4\u00dfig geschmiert werden, um einen reibungslosen Betrieb zu gew\u00e4hrleisten.<\/li>\n<li><strong>Dichtungswechsel:<\/strong> Dichtungen sind ein entscheidender Bestandteil, um \u00d6lleckagen zu verhindern und einen reibungslosen Betrieb zu gew\u00e4hrleisten. Regelm\u00e4\u00dfige Wartungspr\u00fcfungen sollten durchgef\u00fchrt werden, um sicherzustellen, dass die Dichtungen in einwandfreiem Zustand sind. <\/li>\n<li><strong>Kalibrierungspr\u00fcfungen:<\/strong> Kalibrierungspr\u00fcfungen gew\u00e4hrleisten die korrekte Funktion des Zylinders. Werden Kalibrierungsprobleme festgestellt, m\u00fcssen diese umgehend behoben werden.<\/li>\n<\/ul>\n<p><img decoding=\"async\" src=\"https:\/\/www.hydraulic-cylinders.net\/wp-content\/uploads\/2025\/01\/songte-chushion-collar.webp\" alt=\"Bild zur Wartung des Schaufelzylinders\"><\/p>\n<h2>Sicherheitsaspekte und Umweltfaktoren<\/h2>\n<p>Beim Einsatz des Schaufelzylinders sind Sicherheitsma\u00dfnahmen unerl\u00e4sslich. F\u00fcr die Sicherheit des Bedieners m\u00fcssen die korrekte Installation, Wartung und Bedienung beachtet werden. Dar\u00fcber hinaus sind Umgebungsfaktoren wie Temperatur, Luftfeuchtigkeit und Staubbelastung zu ber\u00fccksichtigen.<\/p>\n<h2>Fehlerbehebung und h\u00e4ufige Probleme<\/h2>\n<p>Bei der Verwendung des Baggerzylinders k\u00f6nnen h\u00e4ufig Probleme auftreten, wie z. B. \u00d6llecks, unzureichender Druck und Fehlausrichtung. Um potenzielle Probleme zu minimieren, sollten die Tipps zur Fehlerbehebung, die L\u00f6sungsans\u00e4tze und die vorbeugenden Ma\u00dfnahmen befolgt werden. <\/p>\n<p><img decoding=\"async\" src=\"https:\/\/www.hydraulic-cylinders.net\/wp-content\/uploads\/2025\/01\/songte-bushings-with-all-kinds-of-excavator-models.webp\" alt=\"Bild zur Fehlerbehebung beim Schaufelzylinder\"><\/p>\n<h2>\u00dcber unser Unternehmen<\/h2>\n<p>Wir sind Hersteller von Hydraulikzylindern als Ersatzteil. Unser Unternehmen bietet ein umfassendes Produktsortiment und z\u00e4hlt zu den f\u00fchrenden Herstellern und Gro\u00dfh\u00e4ndlern von Hydraulikzylindern auf dem nationalen und internationalen Markt. Wir setzen auf h\u00f6chste Qualit\u00e4t und nutzen modernste Fertigungsmethoden in unseren Produktionsst\u00e4tten. Kontinuierlich optimieren wir unsere Fertigungsprozesse, um h\u00f6chste Produktqualit\u00e4t zu gew\u00e4hrleisten. Dank unserer Innovationskraft erf\u00fcllen wir die Anforderungen unserer Kunden mit h\u00f6chster Effizienz, Pr\u00e4zision und Qualit\u00e4t.<\/p>\n<p><img decoding=\"async\" src=\"https:\/\/hzpt.com\/wp-content\/uploads\/2024\/11\/songte-company-1.webp\" alt=\"Firmenimage\"><\/p>\n<h3>Professionalit\u00e4t<\/h3>\n<p>Wir verf\u00fcgen \u00fcber ein professionelles Team von Ingenieuren und Technikern, die in der Lage sind, hochwertige Hydraulikzylinder nach Kundenwunsch zu konstruieren und herzustellen.<\/p>\n<h3>Internationale Zertifizierung<\/h3>\n<p>Unser Unternehmen verf\u00fcgt \u00fcber diverse internationale Zertifizierungen, darunter CE und ISO. Kunden k\u00f6nnen sich darauf verlassen, dass unsere Produkte internationalen Qualit\u00e4tsstandards entsprechen.<\/p>\n<h3>Anpassungsdienste<\/h3>\n<p>Wir bieten kundenspezifische Anpassungsleistungen an, um den individuellen Bed\u00fcrfnissen unserer Kunden gerecht zu werden. Unser Team kann Hydraulikzylinder nach Kundenwunsch konstruieren und fertigen.<\/p>\n<h3>Produktionsausr\u00fcstung<\/h3>\n<p>Unser Unternehmen verwendet fortschrittliche Produktionsanlagen, darunter CNC-Drehmaschinen und Bearbeitungszentren, um die Genauigkeit und Pr\u00e4zision unserer Produkte zu gew\u00e4hrleisten.<\/p>\n<h3>Kundendienst<\/h3>\n<p>Wir bieten einen exzellenten Kundendienst, inklusive technischem Support und Produktwartung. Unser Team steht Ihnen jederzeit f\u00fcr Fragen und Anliegen zur Verf\u00fcgung.<\/p>\n<h4>Autor: lyl<\/h4>","protected":false},"excerpt":{"rendered":"<p>Introduction Bucket Cylinder for Komatsu Small Excavator PC156-7 The Bucket Cylinder for Komatsu Small Excavator PC156-7 is a specifically designed hydraulic cylinder used for controlling the movement of the bucket in heavy machinery such as excavators, backhoe loaders, and front-end loaders. Its main function is to enable the bucket to lift, lower, and tilt, making [&hellip;]<\/p>","protected":false},"featured_media":14787,"comment_status":"open","ping_status":"closed","template":"","meta":{"_et_pb_use_builder":"","_et_pb_old_content":"","_et_gb_content_width":""},"product_brand":[],"product_cat":[1494],"product_tag":[1495,1496],"class_list":{"0":"post-15119","1":"product","2":"type-product","3":"status-publish","4":"has-post-thumbnail","6":"product_cat-bucket-cylinders","7":"product_tag-bucket-cylinders","8":"product_tag-hydraulic-cylinders","10":"first","11":"instock","12":"shipping-taxable","13":"product-type-simple"},"amp_enabled":true,"_links":{"self":[{"href":"https:\/\/www.hydraulic-cylinders.net\/de\/wp-json\/wp\/v2\/product\/15119","targetHints":{"allow":["GET"]}}],"collection":[{"href":"https:\/\/www.hydraulic-cylinders.net\/de\/wp-json\/wp\/v2\/product"}],"about":[{"href":"https:\/\/www.hydraulic-cylinders.net\/de\/wp-json\/wp\/v2\/types\/product"}],"replies":[{"embeddable":true,"href":"https:\/\/www.hydraulic-cylinders.net\/de\/wp-json\/wp\/v2\/comments?post=15119"}],"wp:featuredmedia":[{"embeddable":true,"href":"https:\/\/www.hydraulic-cylinders.net\/de\/wp-json\/wp\/v2\/media\/14787"}],"wp:attachment":[{"href":"https:\/\/www.hydraulic-cylinders.net\/de\/wp-json\/wp\/v2\/media?parent=15119"}],"wp:term":[{"taxonomy":"product_brand","embeddable":true,"href":"https:\/\/www.hydraulic-cylinders.net\/de\/wp-json\/wp\/v2\/product_brand?post=15119"},{"taxonomy":"product_cat","embeddable":true,"href":"https:\/\/www.hydraulic-cylinders.net\/de\/wp-json\/wp\/v2\/product_cat?post=15119"},{"taxonomy":"product_tag","embeddable":true,"href":"https:\/\/www.hydraulic-cylinders.net\/de\/wp-json\/wp\/v2\/product_tag?post=15119"}],"curies":[{"name":"wp","href":"https:\/\/api.w.org\/{rel}","templated":true}]}}