{"id":15120,"date":"2025-01-19T14:07:52","date_gmt":"2025-01-19T14:07:52","guid":{"rendered":"https:\/\/www.hydraulic-cylinders.net\/product\/bucket-cylinder-for-komatsu-small-excavator-pc75uu\/"},"modified":"2025-01-19T14:07:53","modified_gmt":"2025-01-19T14:07:53","slug":"bucket-cylinder-for-komatsu-small-excavator-pc75uu","status":"publish","type":"product","link":"https:\/\/www.hydraulic-cylinders.net\/de\/produkt\/bucket-cylinder-for-komatsu-small-excavator-pc75uu\/","title":{"rendered":"L\u00f6ffelzylinder f\u00fcr Komatsu Kleinbagger PC75UU"},"content":{"rendered":"<h1>L\u00f6ffelzylinder f\u00fcr Komatsu Kleinbagger PC75UU<\/h1>\n<h2>Einf\u00fchrung<\/h2>\n<p>Ein Schaufelzylinder ist ein speziell entwickelter Hydraulikzylinder, der die Bewegung von Schaufeln in Baumaschinen wie Baggern, Radladern und Baggerladern steuert. Seine Hauptfunktion besteht darin, das Heben, Senken und Neigen der Schaufel zu erm\u00f6glichen und so verschiedene Materialumschlagsaufgaben zu erleichtern. Im Hydrauliksystem gew\u00e4hrleistet der Schaufelzylinder die pr\u00e4zise Steuerung der Schaufel durch die Variation des Hydraulik\u00f6ldrucks. Dies erm\u00f6glicht es dem Bediener, schwere Lasten effizient zu handhaben, sich an komplexe Arbeitsumgebungen anzupassen und vielf\u00e4ltige Arbeitsanforderungen zu erf\u00fcllen.<\/p>\n<p><img decoding=\"async\" src=\"https:\/\/www.hydraulic-cylinders.net\/wp-content\/uploads\/2025\/01\/songte-company-2.webp\"><\/p>\n<h2>Merkmale<\/h2>\n<ul>\n<li>Hohe Festigkeit und Langlebigkeit: Typischerweise aus hochfestem Stahl oder Aluminium gefertigt, halten sie hohem Druck und hohen Belastungen stand und sind auf Verschlei\u00df- und Korrosionsbest\u00e4ndigkeit ausgelegt, was ihre Lebensdauer verl\u00e4ngert.<\/li>\n<li>Effizienter Hydraulikbetrieb: Nutzt Hydraulik\u00f6ldruck f\u00fcr ein sanftes Aus- und Einfahren, reagiert schnell auf Steuerbefehle, bietet eine starke Schub- und Zugkraft und eignet sich f\u00fcr die Handhabung schwerer Lasten und komplexer Arbeitsaufgaben.<\/li>\n<li>Je nach Bedarf k\u00f6nnen verschiedene Zylindertypen ausgew\u00e4hlt werden: einfachwirkende (hydraulisch nur in eine Richtung wirkende) oder doppeltwirkende (hydraulisch in zwei Richtungen wirkende) Zylinder. Einige Modelle sind teleskopierbar und erm\u00f6glichen so eine gr\u00f6\u00dfere Auszugsl\u00e4nge ohne Vergr\u00f6\u00dferung der Au\u00dfenabmessungen \u2013 ideal f\u00fcr Anwendungen mit begrenztem Platzangebot.<\/li>\n<li>Anpassbar: Unser Produkt kann diese Hydraulikzylinder perfekt ersetzen.<\/li>\n<\/ul>\n<p><img decoding=\"async\" src=\"https:\/\/www.hydraulic-cylinders.net\/wp-content\/uploads\/2025\/01\/songte-cylinder-head-with-all-kinds-excavator-models.webp\"><\/p>\n<h2>Anwendungen<\/h2>\n<p>Schaufelzylinder sind unverzichtbar in Baumaschinen, Landmaschinen, Baggern und Radladern. Sie helfen beim Ausheben, Laden und Bewegen von Erde oder Schutt in Baggern, unterst\u00fctzen das Graben und Heben in Tiefladern, helfen beim Heben und Abkippen in Radladern und sind f\u00fcr den Umgang mit Erde, Heu und anderen Materialien in Landmaschinen unerl\u00e4sslich.<\/p>\n<h3>Baumaschinen:<\/h3>\n<ul>\n<li>Bagger: Die Zylinder der Schaufel erm\u00f6glichen es der Schaufel, in den Boden einzudringen und so die Grabwirkung zu erzielen.<\/li>\n<li>Baggerlader: Der Schaufelzylinder hilft nicht nur beim Graben, sondern auch beim Heben.<\/li>\n<li>Frontlader: Schaufelzylinder helfen beim effektiven Anheben und Abladen von G\u00fctern.<\/li>\n<\/ul>\n<h3>Landmaschinen:<\/h3>\n<ul>\n<li>Frontlader: f\u00fcr Erd-, Heu- und andere Materialumschlagsaufgaben.<\/li>\n<\/ul>\n<h3>Bagger:<\/h3>\n<ul>\n<li>Die Zylinder des Eimers erm\u00f6glichen es dem Eimer, in den Boden einzudringen und so die Grabwirkung zu erzielen.<\/li>\n<\/ul>\n<h2>Design\u00fcberlegungen und Auswahlstandard<\/h2>\n<p>Bucket cylinder&#8217;s design consideration includes the load-carrying capacity, sealing performance, durability, safety, and maintenance. The following are key aspects of design consideration and selection standards:<\/p>\n<ul>\n<li>Tragf\u00e4higkeit: Der Zylinder des Schaufelrads besteht typischerweise aus hochfesten Materialien, um hohem Druck und schweren Lasten standzuhalten.<\/li>\n<li>Dichtungsleistung: Der Zylinder verwendet verschiedene Dichtungen wie Kolbendichtungen, Stangendichtungen usw., die aus verschlei\u00dffesten Materialien wie Polyurethan und Nitrilkautschuk hergestellt sind, um die Dichtungsleistung zu verbessern, die Lebensdauer zu verl\u00e4ngern und \u00d6lleckagen zu reduzieren.<\/li>\n<li>Langlebigkeit: Zylinderk\u00f6rper und Gewindeoberfl\u00e4che werden pr\u00e4zise bearbeitet, um die Verschlei\u00dffestigkeit zu verbessern und die Lebensdauer zu verl\u00e4ngern.<\/li>\n<li>Sicherheit: Bei der Konstruktion von Zylindern sollten Sicherheitsmerkmale wie Druckbegrenzungsventile ber\u00fccksichtigt werden, um das Unfallrisiko zu verringern.<\/li>\n<li>Wartung: Regelm\u00e4\u00dfige Wartungsarbeiten wie \u00d6lwechsel, Austausch von Dichtungen und Kalibrierungspr\u00fcfungen k\u00f6nnen die Lebensdauer des Zylinders verl\u00e4ngern und seine Leistungsf\u00e4higkeit erhalten.<\/li>\n<\/ul>\n<p><img decoding=\"async\" src=\"https:\/\/www.hydraulic-cylinders.net\/wp-content\/uploads\/2025\/01\/songte-oil-pipes-and-spare-parts.webp\"><\/p>\n<h2>Abdichtung und Schmierung<\/h2>\n<p>The bucket cylinder uses various seals such as piston seals, rod seals, etc. made from wear-resistant materials such as polyurethane and nitrile rubber to enhance the sealing performance, extend service life, and reduce oil leaks. Regular lubrication with hydraulic oil is required to maintain the cylinder&#8217;s performance and extend its service life.<\/p>\n<h2>Wartung und Reparatur<\/h2>\n<p>Regelm\u00e4\u00dfige Wartung und Reparatur sind unerl\u00e4sslich, um einen reibungslosen Betrieb des Schaufelzylinders zu gew\u00e4hrleisten und potenziellen Problemen vorzubeugen. Zu den g\u00e4ngigen Wartungsarbeiten geh\u00f6ren:<\/p>\n<ul>\n<li>Regelm\u00e4\u00dfige Inspektion: Achten Sie auf Anzeichen von Verschlei\u00df, \u00d6llecks oder sonstige Sch\u00e4den.<\/li>\n<li>Schmierung: Bewegliche Teile schmieren und den Hydraulik\u00f6lstand regelm\u00e4\u00dfig \u00fcberpr\u00fcfen.<\/li>\n<li>Dichtungsaustausch: Abgenutzte oder besch\u00e4digte Dichtungen m\u00fcssen ersetzt werden, um \u00d6llecks zu vermeiden.<\/li>\n<li>Calibration check: check the cylinder&#8217;s pressure and stroke to ensure it meets the required specifications.<\/li>\n<\/ul>\n<p><img decoding=\"async\" src=\"https:\/\/www.hydraulic-cylinders.net\/wp-content\/uploads\/2025\/01\/songte-chushion-collar.webp\"><\/p>\n<h2>Sicherheitsaspekte und Umweltfaktoren<\/h2>\n<p>Bei der Verwendung des Hubzylinders ist es wichtig, Sicherheitsvorkehrungen zu treffen, wie z. B. das Tragen von Schutzausr\u00fcstung und die korrekte Installation und Verwendung. Dar\u00fcber hinaus m\u00fcssen Umweltfaktoren wie \u00d6llecks oder -versch\u00fcttungen sowie die ordnungsgem\u00e4\u00dfe Entsorgung von gebrauchtem Hydraulik\u00f6l ber\u00fccksichtigt werden.<\/p>\n<h2>Fehlerbehebung und h\u00e4ufige Probleme<\/h2>\n<p>H\u00e4ufige Probleme mit dem Zylinder des L\u00f6ffels sind \u00d6llecks, besch\u00e4digte Dichtungen und Funktionsst\u00f6rungen beim Aus- oder Einfahren. Zur Fehlersuche sollten Sie den \u00d6lstand pr\u00fcfen, die Dichtungen inspizieren und auf Besch\u00e4digungen oder lose Verbindungen achten. Regelm\u00e4\u00dfige Wartungsarbeiten k\u00f6nnen potenziellen Problemen vorbeugen.<\/p>\n<h2>\u00dcber unser Unternehmen<\/h2>\n<p>Wir sind Hersteller von Hydraulikzylindern und bieten ein umfassendes Produktsortiment. Wir z\u00e4hlen zu den weltweit f\u00fchrenden Herstellern und Gro\u00dfh\u00e4ndlern von Hydraulikzylindern. Unser Prinzip der h\u00f6chsten Qualit\u00e4t basiert auf industrialisierten Produktionsmanagementstrategien. Diese gr\u00fcnden sich auf moderne Fertigungsst\u00e4tten, qualifizierte Fachkr\u00e4fte, digitale High-End-Fertigungsanlagen und professionelle Pr\u00fcfsysteme. Wir optimieren kontinuierlich unsere Fertigungsplattform, perfektionieren unsere Produktionslinie f\u00fcr h\u00f6chste Produktqualit\u00e4t und setzen auf Innovationskraft, um den vielf\u00e4ltigen Kundenbed\u00fcrfnissen gerecht zu werden. Neben unseren Leistungen bieten wir unter anderem professionelle, international zertifizierte L\u00f6sungen, kundenspezifische Anpassungen, Produktionsanlagen und einen umfassenden Kundendienst.<\/p>\n<p><img decoding=\"async\" src=\"https:\/\/hzpt.com\/wp-content\/uploads\/2024\/11\/songte-company-1.webp\"><\/p>\n<p>Autor: lyl<\/p>","protected":false},"excerpt":{"rendered":"<p>Bucket Cylinder For Komatsu Small Excavator PC75UU Introduction A bucket cylinder is a specially designed hydraulic cylinder used to control the movement of buckets in heavy machinery such as excavators, backhoe excavators, and front-end loaders. Its primary function is to allow the bucket to lift, lower, and tilt, making it easier to handle various material [&hellip;]<\/p>","protected":false},"featured_media":14785,"comment_status":"open","ping_status":"closed","template":"","meta":{"_et_pb_use_builder":"","_et_pb_old_content":"","_et_gb_content_width":""},"product_brand":[],"product_cat":[1494],"product_tag":[1495,1496],"class_list":{"0":"post-15120","1":"product","2":"type-product","3":"status-publish","4":"has-post-thumbnail","6":"product_cat-bucket-cylinders","7":"product_tag-bucket-cylinders","8":"product_tag-hydraulic-cylinders","10":"first","11":"instock","12":"shipping-taxable","13":"product-type-simple"},"amp_enabled":true,"_links":{"self":[{"href":"https:\/\/www.hydraulic-cylinders.net\/de\/wp-json\/wp\/v2\/product\/15120","targetHints":{"allow":["GET"]}}],"collection":[{"href":"https:\/\/www.hydraulic-cylinders.net\/de\/wp-json\/wp\/v2\/product"}],"about":[{"href":"https:\/\/www.hydraulic-cylinders.net\/de\/wp-json\/wp\/v2\/types\/product"}],"replies":[{"embeddable":true,"href":"https:\/\/www.hydraulic-cylinders.net\/de\/wp-json\/wp\/v2\/comments?post=15120"}],"wp:featuredmedia":[{"embeddable":true,"href":"https:\/\/www.hydraulic-cylinders.net\/de\/wp-json\/wp\/v2\/media\/14785"}],"wp:attachment":[{"href":"https:\/\/www.hydraulic-cylinders.net\/de\/wp-json\/wp\/v2\/media?parent=15120"}],"wp:term":[{"taxonomy":"product_brand","embeddable":true,"href":"https:\/\/www.hydraulic-cylinders.net\/de\/wp-json\/wp\/v2\/product_brand?post=15120"},{"taxonomy":"product_cat","embeddable":true,"href":"https:\/\/www.hydraulic-cylinders.net\/de\/wp-json\/wp\/v2\/product_cat?post=15120"},{"taxonomy":"product_tag","embeddable":true,"href":"https:\/\/www.hydraulic-cylinders.net\/de\/wp-json\/wp\/v2\/product_tag?post=15120"}],"curies":[{"name":"wp","href":"https:\/\/api.w.org\/{rel}","templated":true}]}}