{"id":15121,"date":"2025-01-19T14:07:55","date_gmt":"2025-01-19T14:07:55","guid":{"rendered":"https:\/\/www.hydraulic-cylinders.net\/product\/bucket-cylinder-for-komatsu-small-excavator-pc120-3-5-6-6e-7\/"},"modified":"2025-01-19T14:07:57","modified_gmt":"2025-01-19T14:07:57","slug":"bucket-cylinder-for-komatsu-small-excavator-pc120-3-5-6-6e-7","status":"publish","type":"product","link":"https:\/\/www.hydraulic-cylinders.net\/de\/produkt\/bucket-cylinder-for-komatsu-small-excavator-pc120-3-5-6-6e-7\/","title":{"rendered":"L\u00f6ffelzylinder f\u00fcr Komatsu Kleinbagger PC120-3-5-6-6E-7"},"content":{"rendered":"<h1>L\u00f6ffelzylinder f\u00fcr Komatsu Kleinbagger PC120-3-5-6-6E-7<\/h1>\n<h2>Einf\u00fchrung<\/h2>\n<p>Ein Schaufelzylinder ist ein speziell entwickelter Hydraulikzylinder, der prim\u00e4r zur Steuerung der Schaufelbewegung in Baumaschinen wie Baggern, Baggerladern und Radladern eingesetzt wird. Seine Hauptfunktion besteht darin, das Heben, Senken und Neigen der Schaufel zu erm\u00f6glichen und so verschiedene Materialumschlagsaufgaben zu erleichtern. Im Hydrauliksystem gew\u00e4hrleistet der Schaufelzylinder durch die Anpassung des Hydraulik\u00f6ldrucks eine pr\u00e4zise Steuerung der Schaufel. Dies erlaubt es dem Bediener, schwere Lasten effizient zu handhaben und sich an komplexe Arbeitsumgebungen und vielf\u00e4ltige Aufgaben anzupassen.<\/p>\n<p><img decoding=\"async\" src=\"https:\/\/www.hydraulic-cylinders.net\/wp-content\/uploads\/2025\/01\/songte-company-2.webp\" alt=\"Bild des Schaufelzylinders\"><\/p>\n<h2>Merkmale<\/h2>\n<ul>\n<li>Hohe Festigkeit und Langlebigkeit: Typischerweise aus hochfestem Stahl oder Aluminium gefertigt, h\u00e4lt es hohem Druck und schweren Belastungen stand und eignet sich f\u00fcr raue Arbeitsumgebungen. Die Konstruktion ber\u00fccksichtigt Verschlei\u00df- und Korrosionsbest\u00e4ndigkeit, um die Lebensdauer zu verl\u00e4ngern.<\/li>\n<li>Effizienter Hydraulikbetrieb: Durch den Einsatz von Hydraulik\u00f6ldruck werden gleichm\u00e4\u00dfige Aus- und Einfahrbewegungen erreicht. Dieser reagiert schnell auf Steuerbefehle und bietet eine starke Schub- und Zugkraft, die sich f\u00fcr die Handhabung schwerer Lasten und komplexer Arbeitsaufgaben eignet.<\/li>\n<li>Verschiedene Typen: Je nach Bedarf k\u00f6nnen Zylindertypen wie einfachwirkend (hydraulisch nur in eine Richtung) oder doppeltwirkend (hydraulisch in zwei Richtungen) ausgew\u00e4hlt werden, um unterschiedlichen Betriebsanforderungen gerecht zu werden. Einige Modelle sind teleskopierbar und erm\u00f6glichen so eine gr\u00f6\u00dfere Auszugsl\u00e4nge ohne Vergr\u00f6\u00dferung der Au\u00dfenabmessungen \u2013 ideal f\u00fcr Anwendungen mit begrenztem Platzangebot.<\/li>\n<li>Perfekter Ersatz: Unser Produkt kann diese Hydraulikzylinder perfekt ersetzen.<\/li>\n<\/ul>\n<p><img decoding=\"async\" src=\"https:\/\/www.hydraulic-cylinders.net\/wp-content\/uploads\/2025\/01\/songte-cylinder-head-with-all-kinds-excavator-models.webp\" alt=\"Bild des Schaufelzylinders\"><\/p>\n<h2>Anwendungen<\/h2>\n<p>Schaufelzylinder werden h\u00e4ufig in verschiedenen schweren Maschinen eingesetzt, darunter:<\/p>\n<ul>\n<li>Baumaschinen: Bei Baggern sind sie unverzichtbar zum Graben, Laden und Bewegen von Erde oder Bauschutt. Bei Baggerladern unterst\u00fctzt der Schaufelzylinder sowohl das Graben als auch das Heben. <\/li>\n<li>Landwirtschaftliche Maschinen: Wird in Frontladern zum Schaufeln, Heben und Transportieren von Erde, Heu und anderen Materialien verwendet. <\/li>\n<li>Bagger: Der Schaufelzylinder erm\u00f6glicht es dem Bagger, zu graben, indem er das Eindringen der Schaufel in den Boden erlaubt. <\/li>\n<li>Lader: Bei Frontladern helfen sie beim effektiven Anheben und Kippen von Lasten. <\/li>\n<\/ul>\n<h2>Design\u00fcberlegungen und Auswahlstandards<\/h2>\n<p>Bei der Konstruktion eines Schaufelzylinders sind Tragf\u00e4higkeit, Abdichtung, Langlebigkeit, Sicherheit und Wartung besonders zu ber\u00fccksichtigen. Zu den Konstruktionsaspekten geh\u00f6ren:<\/p>\n<ul>\n<li>Tragf\u00e4higkeit: Der Zylinder muss in der Lage sein, der w\u00e4hrend des Betriebs zu erwartenden maximalen Belastung standzuhalten.<\/li>\n<li>Abdichtung: Durch den Einsatz verschiedener Dichtungsmaterialien, wie z. B. Kolbendichtungen, Stangendichtungen usw., mit verschlei\u00dffesten Materialien wie Polyurethan und Nitrilkautschuk, kann die Lebensdauer des Zylinders verl\u00e4ngert werden.<\/li>\n<li>Langlebigkeit: Der Zylinderk\u00f6rper und die Gewindeendfl\u00e4che sollten fein bearbeitet sein, um die Verschlei\u00dffestigkeit des Zylinders zu erh\u00f6hen.<\/li>\n<li>Sicherheit: Zylinder sollten so konstruiert sein, dass Leckagen, Bruch oder pl\u00f6tzlicher Druckabfall verhindert werden, um die Sicherheit von Ausr\u00fcstung und Bedienern zu gew\u00e4hrleisten.<\/li>\n<li>Wartung: Regelm\u00e4\u00dfige Wartungsarbeiten, wie die \u00dcberpr\u00fcfung und Justierung des Zylinders, gew\u00e4hrleisten dessen einwandfreie Funktion und verl\u00e4ngern seine Lebensdauer.<\/li>\n<\/ul>\n<p><img decoding=\"async\" src=\"https:\/\/www.hydraulic-cylinders.net\/wp-content\/uploads\/2025\/01\/songte-oil-pipes-and-spare-parts.webp\" alt=\"Bild des Schaufelzylinders\"><\/p>\n<h2>Abdichtung und Schmierung<\/h2>\n<p>Schaufelzylinder verwenden verschiedene Dichtungskomponenten, wie Kolben- und Stangendichtungen, um das Austreten von Hydraulik\u00f6l zu verhindern. Als Dichtungsmaterialien kommen \u00fcblicherweise Polyurethan und Nitrilkautschuk zum Einsatz, die verschlei\u00dffest sind und hervorragende Dichtungseigenschaften aufweisen. Eine ausreichende Schmierung ist ebenfalls unerl\u00e4sslich f\u00fcr den reibungslosen Betrieb des Zylinders. Es wird empfohlen, regelm\u00e4\u00dfig die erforderliche Menge Hydraulik\u00f6l nachzuf\u00fcllen.<\/p>\n<h2>Vorbeugende Wartung und Fehlerbehebung<\/h2>\n<p>Vorbeugende Wartung ist entscheidend f\u00fcr die Langlebigkeit des Schaufelzylinders. Regelm\u00e4\u00dfige Kontrollen, ordnungsgem\u00e4\u00dfe Schmierung, Austausch von Dichtungskomponenten und Kalibrierungspr\u00fcfungen geh\u00f6ren zu den g\u00e4ngigen Wartungsarbeiten. Treten Probleme auf, helfen geeignete Fehlersuchverfahren, die Ursache zu diagnostizieren und effektiv zu beheben. Es ist au\u00dferdem wichtig, pr\u00e4ventive Ma\u00dfnahmen zu ergreifen, um potenzielle Probleme zu minimieren.<\/p>\n<p><img decoding=\"async\" src=\"https:\/\/www.hydraulic-cylinders.net\/wp-content\/uploads\/2025\/01\/songte-chushion-collar.webp\" alt=\"Bild des Schaufelzylinders\"><\/p>\n<h2>Sicherheits- und Umweltaspekte<\/h2>\n<p>Beim Einsatz von Hubzylindern sind Sicherheitsvorkehrungen zu treffen, um Unf\u00e4lle und Verletzungen zu vermeiden. Es ist wichtig, die Sicherheitsrichtlinien und Anweisungen f\u00fcr die ordnungsgem\u00e4\u00dfe Installation und den Betrieb des Zylinders zu befolgen. Aus Umweltschutzgr\u00fcnden ist die sachgem\u00e4\u00dfe Entsorgung von gebrauchtem Hydraulik\u00f6l und anderen Zylinderkomponenten unerl\u00e4sslich, um eine Umweltverschmutzung zu verhindern.<\/p>\n<h2>Unternehmensvorstellung<\/h2>\n<p>Wir sind ein f\u00fchrender Hersteller und Gro\u00dfh\u00e4ndler von Hydraulikzylindern auf nationalen und internationalen M\u00e4rkten. Unser Produktsortiment ist umfassend, und wir streben nach h\u00f6chster Qualit\u00e4t. Dank industrialisierter Produktionsmanagementstrategien, unterst\u00fctzt durch qualifizierte Fachkr\u00e4fte, modernste digitale Fertigungsanlagen und professionelle Testsysteme, optimieren wir kontinuierlich unsere Fertigungsplattform, perfektionieren unsere Produktionsprozesse und verf\u00fcgen \u00fcber ausgepr\u00e4gte Innovationskraft, um die vielf\u00e4ltigen Bed\u00fcrfnisse unserer Kunden zu erf\u00fcllen.<\/p>\n<ul>\n<li>Professionalit\u00e4t: Wir verf\u00fcgen \u00fcber ein Team von professionellen Ingenieuren, die ma\u00dfgeschneiderte Dienstleistungen gem\u00e4\u00df den Kundenanforderungen anbieten k\u00f6nnen.<\/li>\n<li>Internationale Zertifizierung: Unsere Produkte haben internationale Zertifizierungen wie ISO9001 und CE bestanden.<\/li>\n<li>Anpassungsservice: Wir bieten Anpassungsservices f\u00fcr verschiedene Hydraulikzylinder gem\u00e4\u00df den Kundenanforderungen an.<\/li>\n<li>Produktionsausr\u00fcstung: Wir verf\u00fcgen \u00fcber moderne Produktionsausr\u00fcstung wie CNC-Drehmaschinen, Bearbeitungszentren und Schwei\u00dfroboter.<\/li>\n<li>Kundendienst: Wir bieten einen qualitativ hochwertigen Kundendienst, einschlie\u00dflich Teileaustausch und \u00dcberholungsservice.<\/li>\n<\/ul>\n<p><img decoding=\"async\" src=\"https:\/\/hzpt.com\/wp-content\/uploads\/2024\/11\/songte-company-1.webp\" alt=\"Bild des Schaufelzylinders\"><\/p>\n<p>Autor: lyl<\/p>","protected":false},"excerpt":{"rendered":"<p>Bucket Cylinder For Komatsu Small Excavator PC120-3-5-6-6E-7 Introduction A bucket cylinder is a specially designed hydraulic cylinder that is primarily used to control the movement of the bucket in heavy machinery, such as excavators, backhoes, and front-end loaders. Its main function is to enable the bucket to be raised, lowered, and tilted, making it easier [&hellip;]<\/p>","protected":false},"featured_media":14784,"comment_status":"open","ping_status":"closed","template":"","meta":{"_et_pb_use_builder":"","_et_pb_old_content":"","_et_gb_content_width":""},"product_brand":[],"product_cat":[1494],"product_tag":[1495,1496],"class_list":{"0":"post-15121","1":"product","2":"type-product","3":"status-publish","4":"has-post-thumbnail","6":"product_cat-bucket-cylinders","7":"product_tag-bucket-cylinders","8":"product_tag-hydraulic-cylinders","10":"first","11":"instock","12":"shipping-taxable","13":"product-type-simple"},"amp_enabled":true,"_links":{"self":[{"href":"https:\/\/www.hydraulic-cylinders.net\/de\/wp-json\/wp\/v2\/product\/15121","targetHints":{"allow":["GET"]}}],"collection":[{"href":"https:\/\/www.hydraulic-cylinders.net\/de\/wp-json\/wp\/v2\/product"}],"about":[{"href":"https:\/\/www.hydraulic-cylinders.net\/de\/wp-json\/wp\/v2\/types\/product"}],"replies":[{"embeddable":true,"href":"https:\/\/www.hydraulic-cylinders.net\/de\/wp-json\/wp\/v2\/comments?post=15121"}],"wp:featuredmedia":[{"embeddable":true,"href":"https:\/\/www.hydraulic-cylinders.net\/de\/wp-json\/wp\/v2\/media\/14784"}],"wp:attachment":[{"href":"https:\/\/www.hydraulic-cylinders.net\/de\/wp-json\/wp\/v2\/media?parent=15121"}],"wp:term":[{"taxonomy":"product_brand","embeddable":true,"href":"https:\/\/www.hydraulic-cylinders.net\/de\/wp-json\/wp\/v2\/product_brand?post=15121"},{"taxonomy":"product_cat","embeddable":true,"href":"https:\/\/www.hydraulic-cylinders.net\/de\/wp-json\/wp\/v2\/product_cat?post=15121"},{"taxonomy":"product_tag","embeddable":true,"href":"https:\/\/www.hydraulic-cylinders.net\/de\/wp-json\/wp\/v2\/product_tag?post=15121"}],"curies":[{"name":"wp","href":"https:\/\/api.w.org\/{rel}","templated":true}]}}