{"id":15125,"date":"2025-01-19T14:08:12","date_gmt":"2025-01-19T14:08:12","guid":{"rendered":"https:\/\/www.hydraulic-cylinders.net\/product\/bucket-cylinder-for-komatsu-small-excavator-pc100-3-5-6\/"},"modified":"2025-01-19T14:08:14","modified_gmt":"2025-01-19T14:08:14","slug":"bucket-cylinder-for-komatsu-small-excavator-pc100-3-5-6","status":"publish","type":"product","link":"https:\/\/www.hydraulic-cylinders.net\/de\/produkt\/bucket-cylinder-for-komatsu-small-excavator-pc100-3-5-6\/","title":{"rendered":"L\u00f6ffelzylinder f\u00fcr Komatsu Kleinbagger PC100-3-5-6"},"content":{"rendered":"<h2>L\u00f6ffelzylinder f\u00fcr Komatsu Kleinbagger PC100-3-5-6<\/h2>\n<h3>Einf\u00fchrung:<\/h3>\n<p>Ein Schaufelzylinder ist ein speziell entwickelter Hydraulikzylinder, der die Bewegung der Schaufel in Baumaschinen wie Baggern, Radladern und Baggerladern steuert. Seine Hauptfunktion besteht darin, das Heben, Senken und Neigen der Schaufel f\u00fcr den einfachen Transport verschiedener Materialien zu erm\u00f6glichen. Im Hydrauliksystem gew\u00e4hrleistet der Schaufelzylinder durch die Druckver\u00e4nderungen des Hydraulik\u00f6ls eine pr\u00e4zise Steuerung der Schaufel. Dies erm\u00f6glicht es dem Bediener, schwere Lasten effizient zu handhaben und sich an komplexe Arbeitsumgebungen und vielf\u00e4ltige Aufgaben anzupassen.<\/p>\n<p><img decoding=\"async\" src=\"https:\/\/www.hydraulic-cylinders.net\/wp-content\/uploads\/2025\/01\/songte-company-2.webp\"><\/p>\n<h3>Merkmale:<\/h3>\n<ul>\n<li>Hohe Festigkeit und Langlebigkeit: Typischerweise aus hochfestem Stahl oder Aluminium gefertigt, halten sie hohem Druck und hohen Belastungen stand, eignen sich f\u00fcr raue Arbeitsumgebungen und sind auf Verschlei\u00df- und Korrosionsbest\u00e4ndigkeit ausgelegt, was die Lebensdauer verl\u00e4ngert.<\/li>\n<li>Effizienter Hydraulikbetrieb: Sanftes Aus- und Einfahren durch den Druck des Hydraulik\u00f6ls, schnelle Reaktionsf\u00e4higkeit auf Steuerbefehle, kraftvolle Schub- und Zugkraft, geeignet f\u00fcr die Handhabung schwerer Lasten und komplexer Arbeitsaufgaben.<\/li>\n<li>Verschiedene Zylindertypen stehen zur Auswahl: Einfachwirkende (hydraulisch nur in eine Richtung wirkende) und doppeltwirkende (hydraulisch in beide Richtungen wirkende) Zylinder k\u00f6nnen je nach Bedarf und unterschiedlichen Betriebsanforderungen ausgew\u00e4hlt werden. Einige Modelle sind teleskopierbar und erm\u00f6glichen so eine gr\u00f6\u00dfere Auszugsl\u00e4nge ohne Vergr\u00f6\u00dferung der Au\u00dfenabmessungen \u2013 ideal f\u00fcr Anwendungen mit begrenztem Platzangebot.<\/li>\n<li>Kann andere Hydraulikzylinder perfekt ersetzen.<\/li>\n<\/ul>\n<p><img decoding=\"async\" src=\"https:\/\/www.hydraulic-cylinders.net\/wp-content\/uploads\/2025\/01\/songte-cylinder-head-with-all-kinds-excavator-models.webp\"><\/p>\n<h3>Anwendungen:<\/h3>\n<p>Schaufelzylinder werden h\u00e4ufig in verschiedenen Bau-, Landwirtschafts- und Materialtransportger\u00e4ten eingesetzt:<\/p>\n<ul>\n<li>Baumaschinen: Bagger, Baggerlader, Radlader<\/li>\n<li>Landwirtschaftliche Maschinen: Frontlader, die zum Laden, Heben und Transportieren von Erde, Heu und anderen Materialien verwendet werden.<\/li>\n<li>Bagger: Die Zylinder der Schaufel erm\u00f6glichen es der Schaufel, in den Boden einzudringen und so die Grabbewegung auszuf\u00fchren.<\/li>\n<li>Frontlader: Schaufelzylinder helfen beim effektiven Anheben und Entladen von G\u00fctern<\/li>\n<\/ul>\n<h3>Gestaltungs- und Auswahlkriterien:<\/h3>\n<p>Aus konstruktiver Sicht sind Tragf\u00e4higkeit, Dichtigkeit, Haltbarkeit, Sicherheit und Wartungsfreundlichkeit des Zylinders wichtige Faktoren:<\/p>\n<ul>\n<li>Tragf\u00e4higkeit: Der Zylinder muss der Belastung durch das Ger\u00e4t und das zu transportierende Material standhalten k\u00f6nnen. <\/li>\n<li>Abdichtung: Verschiedene Dichtungen wie Kolbendichtungen, Pleueldichtungen usw. werden eingesetzt, um \u00d6lleckagen zu verhindern und die Systemzuverl\u00e4ssigkeit aufrechtzuerhalten. <\/li>\n<li>Langlebigkeit: Der Zylinder muss unter Ber\u00fccksichtigung von Verschlei\u00df- und Korrosionsbest\u00e4ndigkeit konstruiert sein, und Zylinderk\u00f6rper, Kolbenstange und andere Komponenten m\u00fcssen aus hochfesten Werkstoffen gefertigt sein. <\/li>\n<li>Sicherheit: Der Zylinder muss einen sicheren Betriebsdruck aufweisen und mit zuverl\u00e4ssigen Sicherheitsvorrichtungen ausgestattet sein, um \u00dcberlastung und Unf\u00e4lle zu verhindern. <\/li>\n<li>Wartungsfreundlichkeit: Der Zylinder muss so konstruiert sein, dass er leicht zu warten und zu reparieren ist, mit leicht zug\u00e4nglichen Komponenten und einer leicht demontierbaren Struktur. <\/li>\n<\/ul>\n<p><img decoding=\"async\" src=\"https:\/\/www.hydraulic-cylinders.net\/wp-content\/uploads\/2025\/01\/songte-oil-pipes-and-spare-parts.webp\"><\/p>\n<h3>Abdichtung und Schmierung:<\/h3>\n<p>Verschiedene Dichtungselemente, wie Kolben- und Stangendichtungsringe, verhindern \u00d6laustritt und gew\u00e4hrleisten die Systemzuverl\u00e4ssigkeit. Die Dichtungen bestehen aus verschlei\u00dffesten Materialien wie Polyurethan und Nitrilkautschuk. Zylinderk\u00f6rper und Gewindeendfl\u00e4chen sind pr\u00e4zisionsbearbeitet, um die Verschlei\u00dffestigkeit zu verbessern. Regelm\u00e4\u00dfige Schmierung mit geeignetem Hydraulik\u00f6l ist f\u00fcr den reibungslosen Betrieb des Zylinders unerl\u00e4sslich.<\/p>\n<h3>Wartung:<\/h3>\n<p>Regelm\u00e4\u00dfige Inspektionen und vorbeugende Wartungsma\u00dfnahmen sind f\u00fcr die Langlebigkeit des Zylinders unerl\u00e4sslich:<\/p>\n<ul>\n<li>Regelm\u00e4\u00dfige Kontrollen auf Undichtigkeiten, Besch\u00e4digungen und Verschlei\u00df am Zylinder und seinen Komponenten.<\/li>\n<li>Angemessene Schmierung zur Gew\u00e4hrleistung eines reibungslosen Betriebs des Zylinders.<\/li>\n<li>Dichtungsaustausch und Kalibrierungspr\u00fcfungen bei Bedarf.<\/li>\n<li>Korrekte Installation, Ausrichtung und Verwendung geeigneter Montagehalterungen zur Befestigung des Zylinders.<\/li>\n<li>Empfohlene Inspektions-, Reparatur- und Austauschverfahren zur Verl\u00e4ngerung der Lebensdauer des Zylinders.<\/li>\n<\/ul>\n<p><img decoding=\"async\" src=\"https:\/\/www.hydraulic-cylinders.net\/wp-content\/uploads\/2025\/01\/songte-chushion-collar.webp\"><\/p>\n<h3>Sicherheitsaspekte und Umweltfaktoren:<\/h3>\n<p>Beim Einsatz von Hubzylindern sind Sicherheitsvorkehrungen zu treffen, um Unf\u00e4lle und Verletzungen zu vermeiden. Eine sachgem\u00e4\u00dfe Installation, Bedienung und Wartung sind f\u00fcr einen sicheren und effizienten Betrieb unerl\u00e4sslich. Auch Umgebungsfaktoren wie Temperatur und Luftfeuchtigkeit m\u00fcssen bei der Auswahl und dem Betrieb von Hubzylindern ber\u00fccksichtigt werden, um einen reibungslosen und zuverl\u00e4ssigen Betrieb zu gew\u00e4hrleisten.<\/p>\n<h3>Fehlerdiagnose und h\u00e4ufige Probleme:<\/h3>\n<p>H\u00e4ufige Fehler an Schaufelzylindern sind \u00d6lverlust, unzureichender Druck, zu geringe Kraft und ungenaue Positionierung. Regelm\u00e4\u00dfige Inspektion und Wartung beugen diesen Problemen vor. Treten dennoch Probleme auf, lassen sich die Ursachen mithilfe von Diagnoseverfahren wie Druckmessung, Ventilpr\u00fcfung und Sichtpr\u00fcfung ermitteln.<\/p>\n<p><img decoding=\"async\" src=\"https:\/\/www.hydraulic-cylinders.net\/wp-content\/uploads\/2025\/01\/songte-bushings-with-all-kinds-of-excavator-models.webp\"><\/p>\n<h3>\u00dcber uns:<\/h3>\n<p>Wir sind Hersteller von Hydraulikzylindern als Ersatzteil. Unser Unternehmen bietet ein umfassendes Produktsortiment und z\u00e4hlt zu den f\u00fchrenden Herstellern und Gro\u00dfh\u00e4ndlern von Hydraulikzylindern auf dem nationalen und internationalen Markt. Wir setzen auf h\u00f6chste Qualit\u00e4t, nutzen modernste Fertigungsmethoden in unseren Produktionsst\u00e4tten und optimieren kontinuierlich unsere Fertigungsplattform durch den Einsatz qualifizierter Fachkr\u00e4fte, digitaler High-End-Fertigungstechnik und professioneller Pr\u00fcfsysteme. Mit hoher Effizienz, Pr\u00e4zision und Qualit\u00e4t erf\u00fcllen wir die vielf\u00e4ltigen Kundenbed\u00fcrfnisse. <\/p>\n<p>Unser Unternehmen bietet professionelle, international zertifizierte, ma\u00dfgeschneiderte Dienstleistungen, moderne Produktionsanlagen und einen exzellenten Kundendienst.<\/p>\n<p><img decoding=\"async\" src=\"https:\/\/www.hydraulic-cylinders.net\/wp-content\/uploads\/2025\/01\/songte-company-3.webp\"><\/p>\n<p>Autor: lyl<\/p>","protected":false},"excerpt":{"rendered":"<p>Bucket Cylinder For Komatsu Small Excavator PC100-3-5-6 Introduction: A bucket cylinder is a specially designed hydraulic cylinder used to control the movement of the bucket in heavy machinery such as excavators, backhoe excavators, and front-end loaders. Its main function is to enable the bucket to be lifted, lowered, and tilted for easy handling of various [&hellip;]<\/p>","protected":false},"featured_media":14776,"comment_status":"open","ping_status":"closed","template":"","meta":{"_et_pb_use_builder":"","_et_pb_old_content":"","_et_gb_content_width":""},"product_brand":[],"product_cat":[1494],"product_tag":[1495,1496],"class_list":{"0":"post-15125","1":"product","2":"type-product","3":"status-publish","4":"has-post-thumbnail","6":"product_cat-bucket-cylinders","7":"product_tag-bucket-cylinders","8":"product_tag-hydraulic-cylinders","10":"first","11":"instock","12":"shipping-taxable","13":"product-type-simple"},"amp_enabled":true,"_links":{"self":[{"href":"https:\/\/www.hydraulic-cylinders.net\/de\/wp-json\/wp\/v2\/product\/15125","targetHints":{"allow":["GET"]}}],"collection":[{"href":"https:\/\/www.hydraulic-cylinders.net\/de\/wp-json\/wp\/v2\/product"}],"about":[{"href":"https:\/\/www.hydraulic-cylinders.net\/de\/wp-json\/wp\/v2\/types\/product"}],"replies":[{"embeddable":true,"href":"https:\/\/www.hydraulic-cylinders.net\/de\/wp-json\/wp\/v2\/comments?post=15125"}],"wp:featuredmedia":[{"embeddable":true,"href":"https:\/\/www.hydraulic-cylinders.net\/de\/wp-json\/wp\/v2\/media\/14776"}],"wp:attachment":[{"href":"https:\/\/www.hydraulic-cylinders.net\/de\/wp-json\/wp\/v2\/media?parent=15125"}],"wp:term":[{"taxonomy":"product_brand","embeddable":true,"href":"https:\/\/www.hydraulic-cylinders.net\/de\/wp-json\/wp\/v2\/product_brand?post=15125"},{"taxonomy":"product_cat","embeddable":true,"href":"https:\/\/www.hydraulic-cylinders.net\/de\/wp-json\/wp\/v2\/product_cat?post=15125"},{"taxonomy":"product_tag","embeddable":true,"href":"https:\/\/www.hydraulic-cylinders.net\/de\/wp-json\/wp\/v2\/product_tag?post=15125"}],"curies":[{"name":"wp","href":"https:\/\/api.w.org\/{rel}","templated":true}]}}