{"id":15128,"date":"2025-01-19T14:08:23","date_gmt":"2025-01-19T14:08:23","guid":{"rendered":"https:\/\/www.hydraulic-cylinders.net\/product\/bucket-cylinder-for-komatsu-small-excavator-pc55-55uu\/"},"modified":"2025-01-19T14:08:25","modified_gmt":"2025-01-19T14:08:25","slug":"bucket-cylinder-for-komatsu-small-excavator-pc55-55uu","status":"publish","type":"product","link":"https:\/\/www.hydraulic-cylinders.net\/de\/produkt\/bucket-cylinder-for-komatsu-small-excavator-pc55-55uu\/","title":{"rendered":"L\u00f6ffelzylinder f\u00fcr Komatsu Kleinbagger PC55 55UU"},"content":{"rendered":"<h1>L\u00f6ffelzylinder f\u00fcr Komatsu Kleinbagger PC55 55UU<\/h1>\n<h2>Einf\u00fchrung<\/h2>\n<p>Der L\u00f6ffelzylinder f\u00fcr den Komatsu-Kleinbagger PC55 55UU ist ein Spezialhydraulikzylinder, der haupts\u00e4chlich zur Steuerung der L\u00f6ffelbewegung in Baumaschinen wie Baggern, Radladern und Baggerladern eingesetzt wird. Seine Hauptfunktion besteht darin, das Heben, Senken und Neigen des L\u00f6ffels zu erm\u00f6glichen und so verschiedene Materialumschlagsaufgaben zu erleichtern. Im Hydrauliksystem gew\u00e4hrleistet der L\u00f6ffelzylinder durch die Anpassung des Hydraulik\u00f6ldrucks eine pr\u00e4zise Steuerung des L\u00f6ffels und erm\u00f6glicht dem Bediener das effiziente Bewegen schwerer Lasten, angepasst an komplexe Arbeitsumgebungen und vielf\u00e4ltige Betriebsanforderungen.<\/p>\n<p><img decoding=\"async\" src=\"https:\/\/www.hydraulic-cylinders.net\/wp-content\/uploads\/2025\/01\/songte-company-2.webp\" alt=\"Bild des Schaufelzylinders\"><\/p>\n<h2>Merkmale<\/h2>\n<ul>\n<li>Hohe Festigkeit und Langlebigkeit: Typischerweise aus hochfestem Stahl oder Aluminium gefertigt, halten sie hohem Druck und hohen Belastungen stand, eignen sich f\u00fcr raue Arbeitsumgebungen, sind auf Verschlei\u00df- und Korrosionsbest\u00e4ndigkeit ausgelegt und zeichnen sich durch eine lange Lebensdauer aus.<\/li>\n<li>Effizienter Hydraulikbetrieb: Sanfte Aus- und Einfahrbewegungen werden durch den Hydraulik\u00f6ldruck erreicht, schnelle Reaktion auf Steuerbefehle, starke Schub- und Zugkraft, geeignet f\u00fcr die Handhabung schwerer Gegenst\u00e4nde und komplexe Arbeitsaufgaben.<\/li>\n<li>Es sind verschiedene Typen erh\u00e4ltlich: Je nach Bedarf k\u00f6nnen einfachwirkende (hydraulisch nur in eine Richtung wirkende) oder doppeltwirkende (hydraulisch in zwei Richtungen wirkende) Zylinder ausgew\u00e4hlt werden, um unterschiedlichen Betriebsanforderungen gerecht zu werden. Einige Modelle sind teleskopierbar, was eine gr\u00f6\u00dfere Ausdehnung ohne Vergr\u00f6\u00dferung der Au\u00dfenabmessungen erm\u00f6glicht und sich f\u00fcr Anwendungen mit begrenztem Platzangebot eignet.<\/li>\n<li>Perfekter Ersatz f\u00fcr Hydraulikzylinder: Unser Produkt kann diese Hydraulikzylinder perfekt ersetzen.<\/li>\n<\/ul>\n<p><img decoding=\"async\" src=\"https:\/\/www.hydraulic-cylinders.net\/wp-content\/uploads\/2025\/01\/songte-cylinder-head-with-all-kinds-excavator-models.webp\" alt=\"Bild des Schaufelzylinders\"><\/p>\n<h2>Anwendungen<\/h2>\n<p>Der L\u00f6ffelzylinder f\u00fcr den Komatsu-Kleinbagger PC55 55UU findet in verschiedenen Bereichen vielf\u00e4ltige Anwendung:<\/p>\n<ul>\n<li>Baumaschinen: Weit verbreitet in Baggern zum Graben, Laden und Bewegen von Erde oder Schutt, bei Baggerladern helfen L\u00f6ffelzylinder sowohl beim Ausheben als auch beim Heben. <\/li>\n<li>Landwirtschaftliche Maschinen: Sie werden bei Frontladern zum Aufnehmen, Anheben und Transportieren von Erde, Heu und anderen Materialien eingesetzt; bei Baggern erm\u00f6glichen die Schaufelzylinder das Graben, indem sie das Eindringen der Schaufel in den Boden erlauben. <\/li>\n<li>Lader: Bei Frontladern helfen sie dabei, die G\u00fcter effektiv anzuheben und zu kippen. <\/li>\n<\/ul>\n<h2>Design\u00fcberlegungen und Auswahlkriterien<\/h2>\n<p>Beim Bau des L\u00f6ffelzylinders f\u00fcr den Komatsu-Kleinbagger PC55 55UU wurden folgende Konstruktions\u00fcberlegungen ber\u00fccksichtigt:<\/p>\n<ul>\n<li>Tragf\u00e4higkeit: F\u00e4higkeit, den Belastungen und dem Druck in der Betriebsumgebung standzuhalten.<\/li>\n<li>Dichtungseffektivit\u00e4t: Verwendung verschiedener Dichtungen, wie z. B. Kolben- und Stangendichtungen, aus verschlei\u00dffesten Materialien, Verwendung eines fortschrittlichen Zylinderk\u00f6rper- und Gewindeendfl\u00e4chenbeschichtungsverfahrens zur Verbesserung der Verschlei\u00dffestigkeit sowie regelm\u00e4\u00dfige Schmierung mit Hydraulik\u00f6l f\u00fcr eine effektive Abdichtung und Schmierung.<\/li>\n<li>Langlebigkeit: Dank der Verwendung hochfester Materialien und der Konstruktion mit Blick auf Verschlei\u00df- und Korrosionsbest\u00e4ndigkeit ist das Produkt in der Lage, rauen Arbeitsbedingungen standzuhalten, was seine Lebensdauer verl\u00e4ngert.<\/li>\n<li>Sicherheit: Strikte Einhaltung der Sicherheitsstandards und -vorschriften, Bereitstellung von Sicherheitsma\u00dfnahmen und -verfahren f\u00fcr die Benutzer sowie Gew\u00e4hrleistung der Benutzersicherheit w\u00e4hrend des Betriebs.<\/li>\n<li>Wartung: Einfache Wartung durch Verwendung hochwertiger Komponenten sowie regelm\u00e4\u00dfige Wartung und Inspektion verl\u00e4ngern die Lebensdauer des Produkts.<\/li>\n<\/ul>\n<p><img decoding=\"async\" src=\"https:\/\/www.hydraulic-cylinders.net\/wp-content\/uploads\/2025\/01\/songte-oil-pipes-and-spare-parts.webp\" alt=\"Bild des Schaufelzylinders\"><\/p>\n<h2>Abdichtung und Schmierung<\/h2>\n<p>Der L\u00f6ffelzylinder des Komatsu-Kleinbaggers PC55 55UU verwendet verschiedene Dichtungen, darunter Kolben- und Stangendichtungen aus verschlei\u00dffesten Materialien. Zylinderk\u00f6rper und Gewindeendfl\u00e4che werden einer Feinbearbeitung unterzogen, um die Verschlei\u00dffestigkeit zu erh\u00f6hen. Regelm\u00e4\u00dfige Schmierung mit Hydraulik\u00f6l gew\u00e4hrleistet eine effektive Schmierung des Zylinders und somit die Dichtwirkung.<\/p>\n<h2>Wartung und Reparatur<\/h2>\n<p>Regelm\u00e4\u00dfige Inspektion und vorbeugende Wartung tragen zur Verl\u00e4ngerung der Lebensdauer des Schaufelzylinders bei. Zu den g\u00e4ngigen Wartungsarbeiten geh\u00f6ren:<\/p>\n<ul>\n<li>Regelm\u00e4\u00dfige Inspektion<\/li>\n<li>Richtige Schmierung<\/li>\n<li>Dichtungswechsel<\/li>\n<li>Kalibrierungspr\u00fcfung<\/li>\n<\/ul>\n<p>Die korrekte Montage des Schaufelzylinders ist entscheidend. Wir empfehlen daher die Verwendung geeigneter Montagehalterungen zur sicheren Befestigung des Zylinders. Achten Sie bei der Montage auf die korrekte Ausrichtung des Zylinders. Um die Lebensdauer des Produkts zu verl\u00e4ngern, bieten wir empfohlene Inspektions-, Reparatur- und Austauschverfahren, Teileaustausch und \u00dcberholungsleistungen an.<\/p>\n<p><img decoding=\"async\" src=\"https:\/\/www.hydraulic-cylinders.net\/wp-content\/uploads\/2025\/01\/songte-chushion-collar.webp\" alt=\"Bild des Schaufelzylinders\"><\/p>\n<h2>Sicherheits- und Umweltaspekte<\/h2>\n<p>Bei der Verwendung des Hubzylinders m\u00fcssen die Sicherheitsma\u00dfnahmen strikt eingehalten werden, um Unf\u00e4lle zu vermeiden und die Sicherheit des Anwenders zu gew\u00e4hrleisten. W\u00e4hrend des Betriebs ist geeignete Schutzausr\u00fcstung zu tragen. Zu den Umweltaspekten geh\u00f6ren die ordnungsgem\u00e4\u00dfe Entsorgung von Abf\u00e4llen und die Einhaltung der Umweltvorschriften bei Produktion und Verwendung.<\/p>\n<h2>Fehlerbehebung und h\u00e4ufige Probleme<\/h2>\n<p>Der L\u00f6ffelzylinder des Komatsu-Kleinbaggers PC55 55UU kann im Betrieb h\u00e4ufig Probleme wie Leckagen, Verschlei\u00df und Leistungsverlust aufweisen. Eine korrekte Diagnose und vorbeugende Ma\u00dfnahmen helfen, diese Probleme zu minimieren und zu vermeiden und die einwandfreie Funktion des Produkts sicherzustellen. Wir bieten Tipps und L\u00f6sungen zur Fehlerbehebung, um Lesern bei der Diagnose und Behebung von Problemen zu helfen und vorbeugende Ma\u00dfnahmen vorzuschlagen.<\/p>\n<p><img decoding=\"async\" src=\"https:\/\/www.hydraulic-cylinders.net\/wp-content\/uploads\/2025\/01\/songte-bushings-with-all-kinds-of-excavator-models.webp\" alt=\"Bild des Schaufelzylinders\"><\/p>\n<h2>\u00dcber unser Unternehmen<\/h2>\n<p>Wir sind ein Hersteller von Hydraulikzylindern mit einem umfassenden Produktsortiment und z\u00e4hlen zu den f\u00fchrenden Herstellern und Gro\u00dfh\u00e4ndlern von Hydraulikzylindern auf dem nationalen und internationalen Markt. Wir setzen auf h\u00f6chste Qualit\u00e4t, nutzen modernste Fertigungsanlagen f\u00fcr eine industrialisierte Produktion und optimieren unsere Fertigungsplattform kontinuierlich durch den Einsatz qualifizierter Fachkr\u00e4fte, digitaler Spitzentechnologie und professioneller Testsysteme. Dank unserer Innovationskraft und unserem Anspruch an Effizienz, Pr\u00e4zision und Qualit\u00e4t erf\u00fcllen wir die vielf\u00e4ltigen Bed\u00fcrfnisse unserer Kunden. <\/p>\n<p><img decoding=\"async\" src=\"https:\/\/hzpt.com\/wp-content\/uploads\/2024\/11\/songte-company-1.webp\" alt=\"Bild des Schaufelzylinders\"><\/p>\n<h3>Professionalit\u00e4t<\/h3>\n<p>Wir verf\u00fcgen \u00fcber ein professionelles Team mit umfassender Erfahrung im Bereich Hydraulikprodukte, um unseren Kunden qualitativ hochwertige L\u00f6sungen und Dienstleistungen anzubieten.<\/p>\n<h3>Internationale Zertifizierung<\/h3>\n<p>Unsere Produkte haben internationale Zertifizierungen wie CE, ISO9001 und SGS bestanden, wodurch Produktqualit\u00e4t und -sicherheit gew\u00e4hrleistet werden.<\/p>\n<h3>Anpassungsdienste<\/h3>\n<p>Wir bieten ma\u00dfgeschneiderte Dienstleistungen, um den individuellen Bed\u00fcrfnissen unserer Kunden gerecht zu werden, ma\u00dfgeschneiderte Produkte und L\u00f6sungen, um unseren Kunden das beste Erlebnis zu bieten.<\/p>\n<h3>Produktionsausr\u00fcstung<\/h3>\n<p>Wir verwenden fortschrittliche und hochmoderne Fertigungsanlagen, um die Qualit\u00e4t und Leistungsf\u00e4higkeit unserer Produkte zu gew\u00e4hrleisten.<\/p>\n<h3>Kundendienst<\/h3>\n<p>Wir bieten umfassende Kundendienstleistungen an, wie z. B. technischen Support, Wartung, Reparatur, Teileaustausch und \u00dcberholungsservices.<\/p>\n<p>Autor: lyl<\/p>","protected":false},"excerpt":{"rendered":"<p>Bucket Cylinder For Komatsu Small Excavator PC55 55UU Introduction The bucket cylinder for Komatsu small excavator PC55 55UU is a specialized hydraulic cylinder mainly used to control the movement of the bucket in heavy machinery, such as excavators, backhoe excavators, and front loaders. Its primary function is to allow the bucket to lift, lower, and [&hellip;]<\/p>","protected":false},"featured_media":14769,"comment_status":"open","ping_status":"closed","template":"","meta":{"_et_pb_use_builder":"","_et_pb_old_content":"","_et_gb_content_width":""},"product_brand":[],"product_cat":[1494],"product_tag":[1495,1496],"class_list":{"0":"post-15128","1":"product","2":"type-product","3":"status-publish","4":"has-post-thumbnail","6":"product_cat-bucket-cylinders","7":"product_tag-bucket-cylinders","8":"product_tag-hydraulic-cylinders","10":"first","11":"instock","12":"shipping-taxable","13":"product-type-simple"},"amp_enabled":true,"_links":{"self":[{"href":"https:\/\/www.hydraulic-cylinders.net\/de\/wp-json\/wp\/v2\/product\/15128","targetHints":{"allow":["GET"]}}],"collection":[{"href":"https:\/\/www.hydraulic-cylinders.net\/de\/wp-json\/wp\/v2\/product"}],"about":[{"href":"https:\/\/www.hydraulic-cylinders.net\/de\/wp-json\/wp\/v2\/types\/product"}],"replies":[{"embeddable":true,"href":"https:\/\/www.hydraulic-cylinders.net\/de\/wp-json\/wp\/v2\/comments?post=15128"}],"wp:featuredmedia":[{"embeddable":true,"href":"https:\/\/www.hydraulic-cylinders.net\/de\/wp-json\/wp\/v2\/media\/14769"}],"wp:attachment":[{"href":"https:\/\/www.hydraulic-cylinders.net\/de\/wp-json\/wp\/v2\/media?parent=15128"}],"wp:term":[{"taxonomy":"product_brand","embeddable":true,"href":"https:\/\/www.hydraulic-cylinders.net\/de\/wp-json\/wp\/v2\/product_brand?post=15128"},{"taxonomy":"product_cat","embeddable":true,"href":"https:\/\/www.hydraulic-cylinders.net\/de\/wp-json\/wp\/v2\/product_cat?post=15128"},{"taxonomy":"product_tag","embeddable":true,"href":"https:\/\/www.hydraulic-cylinders.net\/de\/wp-json\/wp\/v2\/product_tag?post=15128"}],"curies":[{"name":"wp","href":"https:\/\/api.w.org\/{rel}","templated":true}]}}