{"id":15129,"date":"2025-01-19T14:08:27","date_gmt":"2025-01-19T14:08:27","guid":{"rendered":"https:\/\/www.hydraulic-cylinders.net\/product\/bucket-cylinder-for-komatsu-small-excavator-pc20-8\/"},"modified":"2025-01-19T14:08:29","modified_gmt":"2025-01-19T14:08:29","slug":"bucket-cylinder-for-komatsu-small-excavator-pc20-8","status":"publish","type":"product","link":"https:\/\/www.hydraulic-cylinders.net\/de\/produkt\/bucket-cylinder-for-komatsu-small-excavator-pc20-8\/","title":{"rendered":"L\u00f6ffelzylinder f\u00fcr Komatsu Kleinbagger PC20-8"},"content":{"rendered":"<h2>L\u00f6ffelzylinder f\u00fcr Komatsu Kleinbagger PC20-8<\/h2>\n<h3>Einf\u00fchrung<\/h3>\n<p>Der Schaufelzylinder f\u00fcr den Komatsu-Kleinbagger PC20-8 ist ein spezieller Hydraulikzylinder zur Steuerung der Schaufelbewegung in Baumaschinen wie Baggern, Radladern und Baggerladern. Seine Hauptfunktion besteht darin, die Schaufel zu heben, zu senken und zu neigen, um verschiedene Materialumschlagsaufgaben zu erleichtern. Im Hydrauliksystem steuert der Schaufelzylinder die pr\u00e4zise Bewegung der Schaufel durch Druck\u00e4nderungen im Hydraulik\u00f6l. Dies erm\u00f6glicht es dem Bediener, schwere Lasten effizient zu handhaben und sich an komplexe Arbeitsumgebungen und vielf\u00e4ltige Betriebsanforderungen anzupassen.<\/p>\n<p><img decoding=\"async\" src=\"https:\/\/www.hydraulic-cylinders.net\/wp-content\/uploads\/2025\/01\/songte-company-2.webp\" alt=\"Bild des Schaufelzylinders\"\/><\/p>\n<h3>Merkmale<\/h3>\n<ul>\n<li>Hohe Festigkeit und Langlebigkeit: Typischerweise aus hochfestem Stahl oder Aluminium gefertigt, halten sie hohem Druck und hohen Belastungen stand, eignen sich f\u00fcr raue Arbeitsumgebungen und sind auf Verschlei\u00df- und Korrosionsbest\u00e4ndigkeit ausgelegt, was die Lebensdauer verl\u00e4ngert.<\/li>\n<li>Effizienter Hydraulikbetrieb: Durch die Nutzung des Hydraulik\u00f6ldrucks wird eine gleichm\u00e4\u00dfige und pr\u00e4zise Teleskopbewegung erreicht, die schnell auf Steuerbefehle reagiert und eine starke Schub- und Zugkraft bietet. Dadurch eignet sich das System f\u00fcr die Handhabung schwerer Lasten und komplexer Arbeitsaufgaben.<\/li>\n<li>Je nach Bedarf und Betriebsanforderungen k\u00f6nnen verschiedene Zylindertypen ausgew\u00e4hlt werden: einfachwirkende (hydraulisch nur in eine Richtung wirkende) oder doppeltwirkende (hydraulisch in beide Richtungen wirkende) Zylinder. Einige Modelle sind teleskopierbar und erm\u00f6glichen so eine gr\u00f6\u00dfere Auszugsl\u00e4nge ohne Vergr\u00f6\u00dferung der Au\u00dfenabmessungen \u2013 ideal f\u00fcr beengte Platzverh\u00e4ltnisse.<\/li>\n<li>Anpassbar: Wir k\u00f6nnen dieses Produkt herstellen und unser Produkt kann diese Hydraulikzylinder perfekt ersetzen.<\/li>\n<\/ul>\n<p><img decoding=\"async\" src=\"https:\/\/www.hydraulic-cylinders.net\/wp-content\/uploads\/2025\/01\/songte-cylinder-head-with-all-kinds-excavator-models.webp\" alt=\"Bild zum Austausch des Schaufelzylinders\"\/><\/p>\n<h3>Anwendungen<\/h3>\n<p>Der L\u00f6ffelzylinder f\u00fcr den Komatsu-Kleinbagger PC20-8 findet breite Anwendung in verschiedenen Baumaschinen, darunter:<\/p>\n<ul>\n<li>Baumaschinen: Bei Baggern sind sie unverzichtbar zum Graben, Laden und Bewegen von Erde oder Bauschutt. Bei Tiefladern unterst\u00fctzt der Schaufelzylinder sowohl das Graben als auch das Heben. <\/li>\n<li>Landwirtschaftliche Maschinen: werden in Frontladern zum Schaufeln, Anheben und Transportieren von Erde, Heu und anderen Materialien eingesetzt. <\/li>\n<li>Bagger: Der Schaufelzylinder erm\u00f6glicht das Ausheben von Erdreich, indem er das Eindringen der Schaufel in den Boden erlaubt. <\/li>\n<li>Lader: Bei Frontladern helfen sie beim effektiven Anheben und Abladen von G\u00fctern. <\/li>\n<\/ul>\n<h3>Design\u00fcberlegungen und Auswahlkriterien<\/h3>\n<p>Zu den Konstruktionskriterien f\u00fcr Schaufelzylinder geh\u00f6ren Tragf\u00e4higkeit, Abdichtung, Langlebigkeit, Sicherheit und Wartungsfreundlichkeit. Wichtige Punkte sind:<\/p>\n<ul>\n<li>Tragf\u00e4higkeit: Der Zylinder sollte so konstruiert sein, dass er der maximalen Belastung standh\u00e4lt, der er ausgesetzt sein wird.<\/li>\n<li>Abdichtung: Um das Austreten von Hydraulik\u00f6l zu verhindern, sollten verschiedene Dichtungselemente, wie z. B. Kolben- und Stangendichtungen, verwendet werden. Dichtungen aus verschlei\u00dffesten Materialien wie Polyurethan und Nitrilkautschuk sind empfehlenswert.<\/li>\n<li>Haltbarkeit: Der Zylinderk\u00f6rper und die Gewindeendfl\u00e4che sollten feinbearbeitet sein, um die Verschlei\u00dffestigkeit zu verbessern. <\/li>\n<li>Sicherheit: Der Zylinder sollte unter Ber\u00fccksichtigung der Sicherheit konstruiert sein, um Unf\u00e4lle zu vermeiden. <\/li>\n<li>Wartungsfreundlichkeit: Die Komponenten sind leicht zug\u00e4nglich und austauschbar und eignen sich f\u00fcr die Demontage und Montage zu Reparatur- und Wartungszwecken.<\/li>\n<\/ul>\n<p><img decoding=\"async\" src=\"https:\/\/www.hydraulic-cylinders.net\/wp-content\/uploads\/2025\/01\/songte-oil-pipes-and-spare-parts.webp\" alt=\"Bild von Ersatzteilen f\u00fcr Schaufelzylinder\"\/><\/p>\n<h3>Abdichtung und Schmierung des Produkts<\/h3>\n<p>Um das Austreten von Hydraulik\u00f6l zu verhindern, werden verschiedene Dichtungselemente, wie Kolben- und Stangendichtungen, verwendet. Dichtungen aus verschlei\u00dffesten Materialien wie Polyurethan und Nitrilkautschuk sind empfehlenswert. Dar\u00fcber hinaus muss der Zylinder regelm\u00e4\u00dfig mit der entsprechenden Menge Hydraulik\u00f6l geschmiert werden, um einen reibungslosen Betrieb zu gew\u00e4hrleisten.<\/p>\n<h3>Wartung und Reparatur<\/h3>\n<p>Regelm\u00e4\u00dfige Inspektion, sachgem\u00e4\u00dfe Schmierung sowie der Austausch und die Kalibrierung der Dichtungen geh\u00f6ren zu den g\u00e4ngigen Wartungsarbeiten. Wichtig ist eine korrekte Ausrichtung bei der Installation. Wir empfehlen die Verwendung geeigneter Montagehalterungen zur sicheren Befestigung des Zylinders. Um die Lebensdauer des Zylinders zu verl\u00e4ngern, empfehlen wir au\u00dferdem die Anwendung korrekter Inspektions-, Reparatur- und Austauschverfahren.<\/p>\n<p><img decoding=\"async\" src=\"https:\/\/www.hydraulic-cylinders.net\/wp-content\/uploads\/2025\/01\/songte-chushion-collar.webp\" alt=\"Bild eines Eimerzylinder-D\u00e4mpferkragens\"\/><\/p>\n<h3>Sicherheitsaspekte und Umweltfaktoren<\/h3>\n<p>Bei der Verwendung des Hubzylinders sind Sicherheitsma\u00dfnahmen von h\u00f6chster Wichtigkeit. Dar\u00fcber hinaus m\u00fcssen Umweltfaktoren ber\u00fccksichtigt werden, um einen nachhaltigen Betrieb mit minimalen negativen Umweltauswirkungen zu gew\u00e4hrleisten.<\/p>\n<h3>Fehlerbehebung und h\u00e4ufige Probleme<\/h3>\n<p>H\u00e4ufige Probleme mit Baggerzylindern sind Leckagen, unzureichender Hydraulikdruck und besch\u00e4digte Dichtungen. Um Lesern die effektive Diagnose und Behebung von Problemen zu erleichtern, sollten Tipps und L\u00f6sungen zur Fehlerbehebung bereitgestellt und vorbeugende Ma\u00dfnahmen zur Minimierung potenzieller Probleme ergriffen werden.<\/p>\n<p><img decoding=\"async\" src=\"https:\/\/www.hydraulic-cylinders.net\/wp-content\/uploads\/2025\/01\/songte-bushings-with-all-kinds-of-excavator-models.webp\" alt=\"Bild der Buchsen f\u00fcr Schaufelzylinder\"\/><\/p>\n<h2>\u00dcber uns<\/h2>\n<p>Wir sind ein f\u00fchrender Hersteller und H\u00e4ndler von Hydraulikzylindern auf dem nationalen und internationalen Markt. Wir bieten eine breite Produktpalette und legen Wert auf die Herstellung hochwertiger Produkte, um den vielf\u00e4ltigen Bed\u00fcrfnissen unserer Kunden gerecht zu werden. Unser Unternehmen folgt h\u00f6chsten Qualit\u00e4tsstandards und setzt in seinen modernen Fertigungshallen auf bew\u00e4hrte Produktionsmanagementstrategien. Mit einem Team aus hochqualifizierten Technikern, modernster digitaler Fertigungstechnik und professionellen Pr\u00fcfsystemen optimieren wir kontinuierlich unsere Fertigungsplattform und perfektionieren unsere Produktionslinien f\u00fcr h\u00f6chste Produktqualit\u00e4t. So bieten wir unseren Kunden hocheffiziente, pr\u00e4zise und qualitativ hochwertige Produkte.<\/p>\n<h3>Professionalit\u00e4t<\/h3>\n<p>Unser Unternehmen verf\u00fcgt \u00fcber ein Team erfahrener Fachleute, die sich der Bereitstellung hochwertiger Produkte und Dienstleistungen verschrieben haben, um die Bed\u00fcrfnisse unserer Kunden zu erf\u00fcllen.<\/p>\n<h3>Internationale Zertifizierung<\/h3>\n<p>Wir haben verschiedene internationale Zertifizierungen erhalten, wie z. B. ISO 9001, CE und SGS, um die Qualit\u00e4t unserer Produkte zu gew\u00e4hrleisten.<\/p>\n<h3>Anpassungsdienste<\/h3>\n<p>Wir bieten ma\u00dfgeschneiderte Dienstleistungen an, um den spezifischen Bed\u00fcrfnissen unserer Kunden gerecht zu werden.<\/p>\n<h3>Produktionsausr\u00fcstung<\/h3>\n<p>Wir verf\u00fcgen \u00fcber moderne Produktionsanlagen, wie z. B. numerisch gesteuerte Werkzeugmaschinen, Produktionslinien f\u00fcr Hydraulikzylinder und automatische Schwei\u00dfmaschinen, um die Qualit\u00e4t unserer Produkte zu gew\u00e4hrleisten.<\/p>\n<h3>Kundendienst<\/h3>\n<p>Wir bieten Kundendienstleistungen wie Ersatzteile und \u00dcberholungsservices an, um die Langlebigkeit unserer Produkte zu gew\u00e4hrleisten.<\/p>\n<p><img decoding=\"async\" src=\"https:\/\/hzpt.com\/wp-content\/uploads\/2024\/11\/songte-company-1.webp\" alt=\"Firmenbild f\u00fcr Eimerzylinder\"\/><\/p>\n<p>Autor: lyl<\/p>","protected":false},"excerpt":{"rendered":"<p>Bucket Cylinder For Komatsu Small Excavator PC20-8 Introduction A bucket cylinder for Komatsu small excavator PC20-8 is a specialized hydraulic cylinder used to control the movement of shovels in heavy machinery such as excavators, backhoe excavators, and front-end loaders. Its main function is to lift, lower, and tilt shovels to facilitate various material handling tasks. [&hellip;]<\/p>","protected":false},"featured_media":14765,"comment_status":"open","ping_status":"closed","template":"","meta":{"_et_pb_use_builder":"","_et_pb_old_content":"","_et_gb_content_width":""},"product_brand":[],"product_cat":[1494],"product_tag":[1495,1496],"class_list":{"0":"post-15129","1":"product","2":"type-product","3":"status-publish","4":"has-post-thumbnail","6":"product_cat-bucket-cylinders","7":"product_tag-bucket-cylinders","8":"product_tag-hydraulic-cylinders","10":"first","11":"instock","12":"shipping-taxable","13":"product-type-simple"},"amp_enabled":true,"_links":{"self":[{"href":"https:\/\/www.hydraulic-cylinders.net\/de\/wp-json\/wp\/v2\/product\/15129","targetHints":{"allow":["GET"]}}],"collection":[{"href":"https:\/\/www.hydraulic-cylinders.net\/de\/wp-json\/wp\/v2\/product"}],"about":[{"href":"https:\/\/www.hydraulic-cylinders.net\/de\/wp-json\/wp\/v2\/types\/product"}],"replies":[{"embeddable":true,"href":"https:\/\/www.hydraulic-cylinders.net\/de\/wp-json\/wp\/v2\/comments?post=15129"}],"wp:featuredmedia":[{"embeddable":true,"href":"https:\/\/www.hydraulic-cylinders.net\/de\/wp-json\/wp\/v2\/media\/14765"}],"wp:attachment":[{"href":"https:\/\/www.hydraulic-cylinders.net\/de\/wp-json\/wp\/v2\/media?parent=15129"}],"wp:term":[{"taxonomy":"product_brand","embeddable":true,"href":"https:\/\/www.hydraulic-cylinders.net\/de\/wp-json\/wp\/v2\/product_brand?post=15129"},{"taxonomy":"product_cat","embeddable":true,"href":"https:\/\/www.hydraulic-cylinders.net\/de\/wp-json\/wp\/v2\/product_cat?post=15129"},{"taxonomy":"product_tag","embeddable":true,"href":"https:\/\/www.hydraulic-cylinders.net\/de\/wp-json\/wp\/v2\/product_tag?post=15129"}],"curies":[{"name":"wp","href":"https:\/\/api.w.org\/{rel}","templated":true}]}}