{"id":15144,"date":"2025-01-19T14:09:36","date_gmt":"2025-01-19T14:09:36","guid":{"rendered":"https:\/\/www.hydraulic-cylinders.net\/product\/bucket-cylinder-for-komatsu-large-excavator-pc450-6-7-8\/"},"modified":"2025-01-19T14:09:43","modified_gmt":"2025-01-19T14:09:43","slug":"bucket-cylinder-for-komatsu-large-excavator-pc450-6-7-8","status":"publish","type":"product","link":"https:\/\/www.hydraulic-cylinders.net\/de\/produkt\/bucket-cylinder-for-komatsu-large-excavator-pc450-6-7-8\/","title":{"rendered":"Schaufelzylinder f\u00fcr Komatsu Gro\u00dfbagger PC450-6-7-8"},"content":{"rendered":"<p><!DOCTYPE html><br \/>\n<html><br \/>\n<head><br \/>\n    <title>Schaufelzylinder f\u00fcr Komatsu Gro\u00dfbagger PC450-6-7-8<\/title><br \/>\n<\/head><br \/>\n<body><\/p>\n<h1>Schaufelzylinder f\u00fcr Komatsu Gro\u00dfbagger PC450-6-7-8<\/h1>\n<p>    <img decoding=\"async\" src=\"https:\/\/hzpt.com\/wp-content\/uploads\/2024\/11\/songte-company-1.webp\"><\/p>\n<h2>Einf\u00fchrung<\/h2>\n<p>Ein Schaufelzylinder ist ein speziell entwickelter Hydraulikzylinder zur Steuerung der Schaufelbewegung in schweren Maschinen wie Baggern, Baggerladern und Frontladern. Seine Hauptfunktion besteht darin, das Heben, Senken und Kippen der Schaufel zu erm\u00f6glichen und so verschiedene Materialhandhabungsaufgaben zu erleichtern. Im Hydrauliksystem erm\u00f6glicht der Schaufelzylinder durch die Nutzung der Druck\u00e4nderungen des Hydraulik\u00f6ls eine pr\u00e4zise Steuerung der Schaufel. So k\u00f6nnen Bediener schwere Lasten effizient handhaben und sich an komplexe Arbeitsumgebungen und unterschiedliche Betriebsanforderungen anpassen.<\/p>\n<p>    <img decoding=\"async\" src=\"https:\/\/www.hydraulic-cylinders.net\/wp-content\/uploads\/2025\/01\/songte-company-2.webp\"><\/p>\n<h2>Merkmale<\/h2>\n<ul>\n<li>Hohe Festigkeit und Langlebigkeit: Der Schaufelzylinder besteht typischerweise aus hochfestem Stahl oder Aluminium und h\u00e4lt hohem Druck und schweren Lasten stand. Er passt sich so den rauen Arbeitsbedingungen an. Seine Konstruktion ber\u00fccksichtigt Verschlei\u00dffestigkeit und Korrosionsbest\u00e4ndigkeit und verl\u00e4ngert so seine Lebensdauer.<\/li>\n<li>Effizienter Hydraulikbetrieb: Durch die Nutzung des Hydraulik\u00f6ldrucks erm\u00f6glicht der Schaufelzylinder ein sanftes Ausfahren und Einfahren, was eine schnelle Reaktion auf Steuerbefehle erm\u00f6glicht und starke Schub- und Zugkr\u00e4fte liefert. Dadurch eignet er sich f\u00fcr die Handhabung schwerer Lasten und komplexe Betriebsaufgaben.<\/li>\n<li>Verschiedene Ausf\u00fchrungen: Der Schaufelzylinder kann je nach Einsatzanforderungen als einfachwirkend (Hydraulikdruck nur in eine Richtung) oder doppeltwirkend (Hydraulikdruck in beide Richtungen) gew\u00e4hlt werden. Einige Modelle sind teleskopisch und erm\u00f6glichen so eine gr\u00f6\u00dfere Ausdehnung ohne Vergr\u00f6\u00dferung der Au\u00dfenma\u00dfe. Dadurch eignen sie sich f\u00fcr Anwendungen mit begrenztem Platzangebot.<\/li>\n<li>Perfekter Ersatz: Unser Produkt kann diese Hydraulikzylinder perfekt ersetzen.<\/li>\n<\/ul>\n<p>    <img decoding=\"async\" src=\"https:\/\/www.hydraulic-cylinders.net\/wp-content\/uploads\/2025\/01\/songte-cylinder-head-with-all-kinds-excavator-models.webp\"><\/p>\n<h2>Anwendungen<\/h2>\n<ul>\n<li>Baumaschinen: Sie sind in Baggern zu finden und f\u00fcr Aushub, Beladung und Materialbewegung von entscheidender Bedeutung.<\/li>\n<li>Landwirtschaftliche Maschinen: Sie werden in Frontladern verwendet und helfen beim Schaufeln, Heben und Transportieren von Erde, Heu und anderen Materialien.<\/li>\n<li>Bagger: Der L\u00f6ffelzylinder erm\u00f6glicht das Ausheben, indem er dem L\u00f6ffel das Eindringen in den Boden erm\u00f6glicht.<\/li>\n<li>Lader: Bei Frontladern helfen sie beim effektiven Anheben und Abladen von G\u00fctern.<\/li>\n<\/ul>\n<h2>Design\u00fcberlegungen und Auswahlkriterien<\/h2>\n<ul>\n<li>Tragf\u00e4higkeit: Besprechen Sie die Tragf\u00e4higkeit des Zylinders.<\/li>\n<li>Dichtung: Beschreiben Sie die Verwendung verschiedener Dichtungskomponenten wie Kolbendichtungen und Stangendichtungen aus verschlei\u00dffesten Materialien wie Polyurethan und Nitrilkautschuk. Erw\u00e4hnen Sie die Feinbehandlung des Zylinderk\u00f6rpers und der Gewindeendfl\u00e4che zur Verbesserung der Verschlei\u00dffestigkeit.<\/li>\n<li>Haltbarkeit: Besprechen Sie die Bedeutung der Haltbarkeit im Design und erw\u00e4hnen Sie \u00dcberlegungen zur Korrosionsbest\u00e4ndigkeit.<\/li>\n<li>Sicherheit: Sprechen Sie \u00fcber Sicherheitsaspekte und die Bedeutung einer ordnungsgem\u00e4\u00dfen Wartung.<\/li>\n<li>Wartbarkeit: Besprechen Sie die Wartungsfreundlichkeit und die Bedeutung regelm\u00e4\u00dfiger Inspektionen und vorbeugender Ma\u00dfnahmen.<\/li>\n<\/ul>\n<p>    <img decoding=\"async\" src=\"https:\/\/www.hydraulic-cylinders.net\/wp-content\/uploads\/2025\/01\/songte-oil-pipes-and-spare-parts.webp\"><\/p>\n<h2>Abdichtung und Schmierung<\/h2>\n<p>Der Schaufelzylinder verf\u00fcgt \u00fcber verschiedene Dichtungen, wie Kolben- und Stangendichtungen aus verschlei\u00dffesten Materialien. Zylinderk\u00f6rper und Gewindefl\u00e4che werden einer Feinbehandlung unterzogen, um die Verschlei\u00dffestigkeit zu verbessern. Regelm\u00e4\u00dfige Schmierung mit der entsprechenden Menge Hydraulik\u00f6l ist erforderlich.<\/p>\n<h2>Inspektionen und vorbeugende Wartung<\/h2>\n<ul>\n<li>Regelm\u00e4\u00dfige Inspektionen: Betonen Sie die Bedeutung regelm\u00e4\u00dfiger Inspektionen, um etwaige Probleme oder potenzielle Schwierigkeiten zu erkennen.<\/li>\n<li>Richtige Schmierung: Heben Sie die Bedeutung der richtigen Schmierung hervor, um einen reibungslosen Betrieb zu gew\u00e4hrleisten und die Lebensdauer des Zylinders zu verl\u00e4ngern.<\/li>\n<li>Dichtungswechsel: Besprechen Sie die Notwendigkeit, Dichtungen bei Bedarf auszutauschen, um eine optimale Leistung aufrechtzuerhalten.<\/li>\n<li>Kalibrierungspr\u00fcfungen: Um einen genauen Betrieb sicherzustellen, werden regelm\u00e4\u00dfige Kalibrierungspr\u00fcfungen empfohlen.<\/li>\n<\/ul>\n<p>    <img decoding=\"async\" src=\"https:\/\/www.hydraulic-cylinders.net\/wp-content\/uploads\/2025\/01\/songte-chushion-collar.webp\"><\/p>\n<h2>Sicherheitsaspekte und Umweltfaktoren<\/h2>\n<p>Gehen Sie auf die Bedeutung von Sicherheitsma\u00dfnahmen beim Einsatz des Schaufelzylinders ein und erw\u00e4hnen Sie alle zu ber\u00fccksichtigenden Umweltfaktoren.<\/p>\n<h2>Fehlerbehebung und h\u00e4ufige Probleme<\/h2>\n<p>Besprechen Sie h\u00e4ufig auftretende Probleme und geben Sie Tipps und L\u00f6sungen zur Fehlerbehebung, um den Lesern die effektive Diagnose und Behebung von Problemen zu erleichtern. Bieten Sie au\u00dferdem vorbeugende Ma\u00dfnahmen an, um potenzielle Probleme zu minimieren.<\/p>\n<p>    <img decoding=\"async\" src=\"https:\/\/www.hydraulic-cylinders.net\/wp-content\/uploads\/2025\/01\/songte-bushings-with-all-kinds-of-excavator-models.webp\"><\/p>\n<h2>\u00dcber unser Unternehmen<\/h2>\n<p>Wir sind Hersteller von Hydraulikzylindern und bieten eine breite Produktpalette an. Wir z\u00e4hlen zu den f\u00fchrenden Herstellern und Gro\u00dfh\u00e4ndlern von Hydraulikzylindern im In- und Ausland. Unser Unternehmen verfolgt eine Strategie des industrialisierten Produktionsmanagements mit Fokus auf exzellenter Qualit\u00e4t und nutzt modernste Fertigungsanlagen und professionelle Pr\u00fcfsysteme. Unsere Fertigungsplattform wird kontinuierlich verbessert und gew\u00e4hrleistet hohe Effizienz, Pr\u00e4zision und Qualit\u00e4t, um den vielf\u00e4ltigen Kundenanforderungen gerecht zu werden.<\/p>\n<p>    <img decoding=\"async\" src=\"https:\/\/www.hydraulic-cylinders.net\/wp-content\/uploads\/2025\/01\/songte-company-3.webp\"><\/p>\n<h3>Professionalit\u00e4t<\/h3>\n<p>Besprechen Sie die Professionalit\u00e4t des Unternehmens im Hinblick auf technisches Fachwissen und die Einhaltung internationaler Zertifizierungen.<\/p>\n<h3>Anpassungsdienste<\/h3>\n<p>Heben Sie die F\u00e4higkeit des Unternehmens hervor, ma\u00dfgeschneiderte Dienstleistungen anzubieten, um spezifische Kundenanforderungen zu erf\u00fcllen.<\/p>\n<h3>Produktionsausr\u00fcstung<\/h3>\n<p>Besprechen Sie die fortschrittlichen Produktionsanlagen, die das Unternehmen nutzt.<\/p>\n<h3>Kundendienst<\/h3>\n<p>Beschreiben Sie das Engagement des Unternehmens f\u00fcr einen hervorragenden Kundendienst.<\/p>\n<h4>Autor: lyl<\/h4>\n<p><\/body><br \/>\n<\/html><\/p>","protected":false},"excerpt":{"rendered":"<p>Bucket Cylinder For Komatsu Large Excavator PC450-6-7-8 Bucket Cylinder For Komatsu Large Excavator PC450-6-7-8 Introduction A bucket cylinder is a specially designed hydraulic cylinder used to control the movement of the bucket in heavy machinery such as excavators, backhoe loaders, and front loaders. Its main function is to enable the lifting, lowering, and tilting of [&hellip;]<\/p>","protected":false},"featured_media":14765,"comment_status":"open","ping_status":"closed","template":"","meta":{"_et_pb_use_builder":"","_et_pb_old_content":"","_et_gb_content_width":""},"product_brand":[],"product_cat":[1494],"product_tag":[1495,1496],"class_list":{"0":"post-15144","1":"product","2":"type-product","3":"status-publish","4":"has-post-thumbnail","6":"product_cat-bucket-cylinders","7":"product_tag-bucket-cylinders","8":"product_tag-hydraulic-cylinders","10":"first","11":"instock","12":"shipping-taxable","13":"product-type-simple"},"amp_enabled":true,"_links":{"self":[{"href":"https:\/\/www.hydraulic-cylinders.net\/de\/wp-json\/wp\/v2\/product\/15144","targetHints":{"allow":["GET"]}}],"collection":[{"href":"https:\/\/www.hydraulic-cylinders.net\/de\/wp-json\/wp\/v2\/product"}],"about":[{"href":"https:\/\/www.hydraulic-cylinders.net\/de\/wp-json\/wp\/v2\/types\/product"}],"replies":[{"embeddable":true,"href":"https:\/\/www.hydraulic-cylinders.net\/de\/wp-json\/wp\/v2\/comments?post=15144"}],"wp:featuredmedia":[{"embeddable":true,"href":"https:\/\/www.hydraulic-cylinders.net\/de\/wp-json\/wp\/v2\/media\/14765"}],"wp:attachment":[{"href":"https:\/\/www.hydraulic-cylinders.net\/de\/wp-json\/wp\/v2\/media?parent=15144"}],"wp:term":[{"taxonomy":"product_brand","embeddable":true,"href":"https:\/\/www.hydraulic-cylinders.net\/de\/wp-json\/wp\/v2\/product_brand?post=15144"},{"taxonomy":"product_cat","embeddable":true,"href":"https:\/\/www.hydraulic-cylinders.net\/de\/wp-json\/wp\/v2\/product_cat?post=15144"},{"taxonomy":"product_tag","embeddable":true,"href":"https:\/\/www.hydraulic-cylinders.net\/de\/wp-json\/wp\/v2\/product_tag?post=15144"}],"curies":[{"name":"wp","href":"https:\/\/api.w.org\/{rel}","templated":true}]}}