{"id":15151,"date":"2025-01-19T14:10:12","date_gmt":"2025-01-19T14:10:12","guid":{"rendered":"https:\/\/www.hydraulic-cylinders.net\/product\/bucket-cylinder-for-komatsu-large-excavator-pc400-3-5-6-7-8\/"},"modified":"2025-01-19T14:10:14","modified_gmt":"2025-01-19T14:10:14","slug":"bucket-cylinder-for-komatsu-large-excavator-pc400-3-5-6-7-8","status":"publish","type":"product","link":"https:\/\/www.hydraulic-cylinders.net\/de\/produkt\/bucket-cylinder-for-komatsu-large-excavator-pc400-3-5-6-7-8\/","title":{"rendered":"Schaufelzylinder f\u00fcr Komatsu Gro\u00dfbagger PC400-3-5-6-7-8"},"content":{"rendered":"<h1>Schaufelzylinder f\u00fcr Komatsu Gro\u00dfbagger PC400-3-5-6-7-8<\/h1>\n<h2>Einf\u00fchrung<\/h2>\n<p>Ein Schaufelzylinder ist ein speziell entwickelter Hydraulikzylinder zur Steuerung der Schaufelbewegung in schweren Maschinen wie Baggern, Tiefl\u00f6ffelbaggern und Frontladern. Seine Hauptfunktion besteht darin, das Heben, Senken und Kippen der Schaufel zu erm\u00f6glichen und so verschiedene Materialtransportaufgaben zu erleichtern. Im Hydrauliksystem erm\u00f6glicht der Schaufelzylinder durch Druck\u00e4nderungen des Hydraulik\u00f6ls eine pr\u00e4zise Steuerung der Schaufel. So k\u00f6nnen Bediener schwere Objekte effizient handhaben und sich an komplexe Arbeitsumgebungen und unterschiedliche Betriebsanforderungen anpassen.<\/p>\n<p><img decoding=\"async\" src=\"https:\/\/www.hydraulic-cylinders.net\/wp-content\/uploads\/2025\/01\/songte-company-2.webp\" alt=\"Bild des Schaufelzylinders\"><\/p>\n<h2>Merkmale<\/h2>\n<ul>\n<li>Hohe Festigkeit und Haltbarkeit: Normalerweise aus hochfestem Stahl oder Aluminium gefertigt, h\u00e4lt es hohem Druck und schweren Lasten stand, passt sich rauen Arbeitsumgebungen an und ist unter Ber\u00fccksichtigung der Verschlei\u00dffestigkeit und Korrosionsbest\u00e4ndigkeit konstruiert, um seine Lebensdauer zu verl\u00e4ngern.<\/li>\n<li>Effizienter Hydraulikbetrieb: Durch die Nutzung des Hydraulik\u00f6ldrucks werden sanfte Ausfahr- und Einfahrvorg\u00e4nge erreicht, was eine schnelle Reaktion auf Steuerbefehle erm\u00f6glicht, starke Schub- und Zugkr\u00e4fte bereitstellt und f\u00fcr die Handhabung schwerer Objekte und komplexe Betriebsaufgaben geeignet ist.<\/li>\n<li>Verschiedene Typen: Je nach Betriebsanforderungen k\u00f6nnen einfachwirkende (Hydraulik nur in eine Richtung) oder doppeltwirkende (Hydraulik in beide Richtungen) Zylinder ausgew\u00e4hlt werden. Einige Modelle sind teleskopisch und erm\u00f6glichen so eine gr\u00f6\u00dfere Ausdehnung ohne Vergr\u00f6\u00dferung der Au\u00dfenma\u00dfe. Sie eignen sich daher f\u00fcr Anwendungen mit begrenztem Platzangebot.<\/li>\n<li>Einfacher Austausch: Unser Produkt kann diese Hydraulikzylinder perfekt ersetzen.<\/li>\n<\/ul>\n<p><img decoding=\"async\" src=\"https:\/\/www.hydraulic-cylinders.net\/wp-content\/uploads\/2025\/01\/songte-cylinder-head-with-all-kinds-excavator-models.webp\" alt=\"Bild des Schaufelzylinders\"><\/p>\n<h2>Anmeldung<\/h2>\n<p>Schaufelzylinder werden in verschiedenen Branchen eingesetzt, beispielsweise in der Bau- und Landmaschinenindustrie, bei Baggern und Ladern. Einige ihrer Anwendungsgebiete sind:<\/p>\n<ul>\n<li>Baumaschinen: Bei Baggern sind sie entscheidend f\u00fcr das Graben, Laden und Bewegen von Erde oder Schutt. Bei Tiefl\u00f6ffelbaggern unterst\u00fctzen Schaufelzylinder sowohl das Graben als auch das Heben. Bei Frontladern unterst\u00fctzen sie das Heben und Kippen f\u00fcr einen effektiven Materialumschlag.<\/li>\n<li>Landwirtschaftliche Maschinen: Wird in Frontladern zum Schaufeln, Heben und Transportieren von Erde, Heu und anderen Materialien verwendet.<\/li>\n<li>Bagger: Schaufelzylinder erm\u00f6glichen Grabvorg\u00e4nge, indem sie es der Schaufel erm\u00f6glichen, in den Boden einzudringen.<\/li>\n<li>Lader: Bei Frontladern helfen sie beim effektiven Anheben und Abladen von Fracht.<\/li>\n<\/ul>\n<h2>Design\u00fcberlegungen und Auswahlstandards<\/h2>\n<p>Bei der Konstruktion von Schaufelzylindern sind mehrere \u00dcberlegungen und Auswahlkriterien von wesentlicher Bedeutung:<\/p>\n<ul>\n<li>Tragf\u00e4higkeit: Es sollte der maximalen Belastung standhalten k\u00f6nnen, f\u00fcr die es ausgelegt ist.<\/li>\n<li>Abdichtung: Es sollten verschiedene Dichtungskomponenten wie Kolbendichtungen, Stangendichtungen usw. verwendet werden. Polyurethan und Nitrilkautschuk sind langlebige Materialien.<\/li>\n<li>Haltbarkeit: Der Zylinderk\u00f6rper und die Gewindeendfl\u00e4chen sollten fein bearbeitet werden, um die Verschlei\u00dffestigkeit zu verbessern.<\/li>\n<li>Sicherheit: Sicherheitsaspekte, wie beispielsweise eine berstsichere Konstruktion, sollten ber\u00fccksichtigt werden.<\/li>\n<li>Wartung: Einfache Wartung und Reparatur, wie z. B. einfacher Zugang zu Komponenten, unkomplizierter Austausch usw.<\/li>\n<\/ul>\n<p><img decoding=\"async\" src=\"https:\/\/www.hydraulic-cylinders.net\/wp-content\/uploads\/2025\/01\/songte-oil-pipes-and-spare-parts.webp\" alt=\"Bild des Schaufelzylinders\"><\/p>\n<h2>Abdichtung und Schmierung<\/h2>\n<p>Um die Luftdichtheit zu gew\u00e4hrleisten und die Haltbarkeit zu verbessern, sollten in Schaufelzylindern verschiedene Dichtungskomponenten verwendet werden. Polytetrafluorethylen (PTFE) und Polyurethan sind zwei beliebte Materialien f\u00fcr Dichtungsringe. F\u00fcr einen ordnungsgem\u00e4\u00dfen Betrieb ist au\u00dferdem eine regelm\u00e4\u00dfige Schmierung mit geeignetem Hydraulik\u00f6l erforderlich.<\/p>\n<h2>Wartung und Reparatur<\/h2>\n<p>Regelm\u00e4\u00dfige Wartung und vorbeugende Ma\u00dfnahmen k\u00f6nnen die Lebensdauer von Schaufelzylindern verl\u00e4ngern. Einige Ma\u00dfnahmen umfassen:<\/p>\n<ul>\n<li>Regelm\u00e4\u00dfige Inspektion<\/li>\n<li>Ausreichende Schmierung<\/li>\n<li>Dichtungswechsel<\/li>\n<li>Kalibrierungspr\u00fcfung<\/li>\n<\/ul>\n<p>Bei der Installation ist es wichtig, den Zylinder richtig auszurichten und ihn mit geeigneten Montagehalterungen zu befestigen. Um eine optimale Leistung zu gew\u00e4hrleisten, ist es au\u00dferdem wichtig, die empfohlenen Inspektions-, Reparatur- und Austauschverfahren einzuhalten.<\/p>\n<p><img decoding=\"async\" src=\"https:\/\/www.hydraulic-cylinders.net\/wp-content\/uploads\/2025\/01\/songte-chushion-collar.webp\" alt=\"Bild des Schaufelzylinders\"><\/p>\n<h2>Sicherheitsaspekte und Umweltfaktoren<\/h2>\n<p>Schaufelzylinder sollten mit Vorsicht behandelt werden. Sicherheitsrichtlinien sollten beachtet werden, um Unf\u00e4lle zu vermeiden. Auch Umweltfaktoren wie extreme Temperaturen, Feuchtigkeit oder korrosive Stoffe sollten ber\u00fccksichtigt werden.<\/p>\n<h2>Fehlerbehebung und h\u00e4ufige Probleme<\/h2>\n<p>Zu den h\u00e4ufigsten Problemen mit Schaufelzylindern z\u00e4hlen:<\/p>\n<ul>\n<li>Leckage am Zylinder<\/li>\n<li>Langsamer Betrieb oder ruckartige Bewegung<\/li>\n<li>Zylinderdrift<\/li>\n<li>Zylinder l\u00e4sst sich nicht aus- oder einfahren<\/li>\n<\/ul>\n<p>Eine ordnungsgem\u00e4\u00dfe Diagnose und Fehlerbehebung dieser Probleme kann durch regelm\u00e4\u00dfige Inspektionen, die umgehende Behebung festgestellter Probleme und die Einhaltung der empfohlenen Wartungs- und Reparaturverfahren erreicht werden.<\/p>\n<p><img decoding=\"async\" src=\"https:\/\/www.hydraulic-cylinders.net\/wp-content\/uploads\/2025\/01\/songte-bushings-with-all-kinds-of-excavator-models.webp\" alt=\"Bild des Schaufelzylinders\"><\/p>\n<h2>\u00dcber unser Unternehmen<\/h2>\n<p>Wir sind ein Hersteller von Ersatz-Hydraulikzylindern mit einem umfassenden Produktsortiment. Wir haben uns zu einem der f\u00fchrenden Hersteller und Gro\u00dfh\u00e4ndler von Hydraulikzylindern auf dem nationalen und internationalen Markt entwickelt. Wir halten uns an das Prinzip exzellenter Qualit\u00e4t und verlassen uns auf die industrielle Produktionsmanagementstrategie unserer Werkst\u00e4tten. Wir verbessern kontinuierlich die Fertigungsplattform unserer Werkst\u00e4tten, perfektionieren den Produktionsweg hinsichtlich der Produktqualit\u00e4t und verf\u00fcgen \u00fcber ausgepr\u00e4gte Kreativit\u00e4t, um die vielf\u00e4ltigen Bed\u00fcrfnisse unserer Kunden mit hoher Effizienz, Pr\u00e4zision und Qualit\u00e4t zu erf\u00fcllen. <\/p>\n<p>Wir bieten ma\u00dfgeschneiderte Dienstleistungen, internationale Zertifizierungen und hochwertige Produktionsanlagen. Unser Kundendienst ist einwandfrei und umfasst den Austausch von Teilen und den Umbau von Hydraulikzylindern, um die Lebensdauer zu verl\u00e4ngern. <\/p>\n<p><img decoding=\"async\" src=\"https:\/\/hzpt.com\/wp-content\/uploads\/2024\/11\/songte-company-1.webp\" alt=\"Bild des Schaufelzylinders\"><\/p>\n<p>Autor: lyl<\/p>","protected":false},"excerpt":{"rendered":"<p>Bucket Cylinder For Komatsu Large Excavator PC400-3-5-6-7-8 Introduction A bucket cylinder is a specially designed hydraulic cylinder used to control the movement of buckets in heavy machinery such as excavators, backhoe excavators, and front-end loaders. Its main function is to enable the bucket to lift, lower, and tilt, making it easier to handle various material [&hellip;]<\/p>","protected":false},"featured_media":14784,"comment_status":"open","ping_status":"closed","template":"","meta":{"_et_pb_use_builder":"","_et_pb_old_content":"","_et_gb_content_width":""},"product_brand":[],"product_cat":[1494],"product_tag":[1495,1496],"class_list":{"0":"post-15151","1":"product","2":"type-product","3":"status-publish","4":"has-post-thumbnail","6":"product_cat-bucket-cylinders","7":"product_tag-bucket-cylinders","8":"product_tag-hydraulic-cylinders","10":"first","11":"instock","12":"shipping-taxable","13":"product-type-simple"},"amp_enabled":true,"_links":{"self":[{"href":"https:\/\/www.hydraulic-cylinders.net\/de\/wp-json\/wp\/v2\/product\/15151","targetHints":{"allow":["GET"]}}],"collection":[{"href":"https:\/\/www.hydraulic-cylinders.net\/de\/wp-json\/wp\/v2\/product"}],"about":[{"href":"https:\/\/www.hydraulic-cylinders.net\/de\/wp-json\/wp\/v2\/types\/product"}],"replies":[{"embeddable":true,"href":"https:\/\/www.hydraulic-cylinders.net\/de\/wp-json\/wp\/v2\/comments?post=15151"}],"wp:featuredmedia":[{"embeddable":true,"href":"https:\/\/www.hydraulic-cylinders.net\/de\/wp-json\/wp\/v2\/media\/14784"}],"wp:attachment":[{"href":"https:\/\/www.hydraulic-cylinders.net\/de\/wp-json\/wp\/v2\/media?parent=15151"}],"wp:term":[{"taxonomy":"product_brand","embeddable":true,"href":"https:\/\/www.hydraulic-cylinders.net\/de\/wp-json\/wp\/v2\/product_brand?post=15151"},{"taxonomy":"product_cat","embeddable":true,"href":"https:\/\/www.hydraulic-cylinders.net\/de\/wp-json\/wp\/v2\/product_cat?post=15151"},{"taxonomy":"product_tag","embeddable":true,"href":"https:\/\/www.hydraulic-cylinders.net\/de\/wp-json\/wp\/v2\/product_tag?post=15151"}],"curies":[{"name":"wp","href":"https:\/\/api.w.org\/{rel}","templated":true}]}}