{"id":15155,"date":"2025-01-19T14:10:28","date_gmt":"2025-01-19T14:10:28","guid":{"rendered":"https:\/\/www.hydraulic-cylinders.net\/product\/bucket-cylinder-for-komatsu-wheel-excavator-pw150es-6\/"},"modified":"2025-01-19T14:10:29","modified_gmt":"2025-01-19T14:10:29","slug":"bucket-cylinder-for-komatsu-wheel-excavator-pw150es-6","status":"publish","type":"product","link":"https:\/\/www.hydraulic-cylinders.net\/de\/produkt\/bucket-cylinder-for-komatsu-wheel-excavator-pw150es-6\/","title":{"rendered":"L\u00f6ffelzylinder f\u00fcr Komatsu Radbagger PW150ES-6"},"content":{"rendered":"<h1>L\u00f6ffelzylinder f\u00fcr Komatsu Radbagger PW150ES-6<\/h1>\n<h2>Einf\u00fchrung<\/h2>\n<p>Der Schaufelzylinder f\u00fcr den Komatsu-Radbagger PW150ES-6 ist ein speziell entwickelter Hydraulikzylinder zur Steuerung der Schaufelbewegung in Baumaschinen wie Baggern, Radladern und Radladern. Seine Hauptfunktion besteht darin, das Heben, Senken und Neigen der Schaufel zu erm\u00f6glichen und so vielf\u00e4ltige Materialumschlagsaufgaben zu erleichtern. Im Hydrauliksystem gew\u00e4hrleistet der Schaufelzylinder durch die Druckver\u00e4nderungen des Hydraulik\u00f6ls eine pr\u00e4zise Steuerung der Schaufel. Dies erlaubt dem Bediener, schwere Lasten effizient zu handhaben und sich an komplexe Arbeitsumgebungen und unterschiedliche Betriebsanforderungen anzupassen.<\/p>\n<p><img decoding=\"async\" src=\"https:\/\/www.hydraulic-cylinders.net\/wp-content\/uploads\/2025\/01\/songte-company-2.webp\" alt=\"Bild des Schaufelzylinders\"><\/p>\n<h2>Merkmale<\/h2>\n<ul>\n<li>Hohe Festigkeit und Langlebigkeit: Typischerweise aus hochfestem Stahl oder Aluminium gefertigt, h\u00e4lt es hohem Druck und schweren Belastungen stand und eignet sich f\u00fcr anspruchsvolle Arbeitsumgebungen. Die Konstruktion ber\u00fccksichtigt Verschlei\u00df- und Korrosionsbest\u00e4ndigkeit und verl\u00e4ngert so die Lebensdauer.<\/li>\n<li>Effizienter Hydraulikbetrieb: Durch die Nutzung des Hydraulik\u00f6ldrucks werden sanfte Ausfahr- und Einfahrbewegungen erreicht, schnell auf Steuerbefehle reagiert und kraftvolle Schub- und Zugkr\u00e4fte bereitgestellt, die f\u00fcr die Handhabung schwerer Lasten und komplexer Arbeitsaufgaben geeignet sind.<\/li>\n<li>Vielseitige Ausf\u00fchrungen: Je nach Bedarf k\u00f6nnen einfachwirkende (hydraulisch in eine Richtung wirkende) oder doppeltwirkende (hydraulisch in beide Richtungen wirkende) Zylinder ausgew\u00e4hlt werden, um unterschiedlichen Betriebsanforderungen gerecht zu werden. Einige Modelle sind teleskopierbar und erm\u00f6glichen so eine gr\u00f6\u00dfere Auszugsl\u00e4nge ohne Vergr\u00f6\u00dferung der Au\u00dfenabmessungen \u2013 ideal f\u00fcr Anwendungen mit begrenztem Platzangebot.<\/li>\n<li>Perfekter Ersatz: Unser Produkt kann diese Hydraulikzylinder perfekt ersetzen.<\/li>\n<\/ul>\n<p><img decoding=\"async\" src=\"https:\/\/www.hydraulic-cylinders.net\/wp-content\/uploads\/2025\/01\/songte-cylinder-head-with-all-kinds-excavator-models.webp\" alt=\"Hydraulikzylinderbild\"><\/p>\n<h2>Anwendungen<\/h2>\n<p>\nDer Schaufelzylinder f\u00fcr den Komatsu-Radbagger PW150ES-6 findet breite Anwendung in verschiedenen Baumaschinen, Landmaschinen, Baggern und Ladern:<\/p>\n<h3>Baumaschinen:<\/h3>\n<p>Bei Baggern sind sie unverzichtbar f\u00fcr das Ausheben, Laden und Bewegen von Erde oder Schutt. Bei Baggerladern unterst\u00fctzt der Schaufelzylinder sowohl das Ausheben als auch das Heben.<\/p>\n<h3>Landmaschinen:<\/h3>\n<p>Wird in Frontladern zum Schaufeln, Anheben und Transportieren von Erde, Heu und anderen Materialien verwendet.<\/p>\n<h3>Bagger:<\/h3>\n<p>Der Zylinder des L\u00f6ffels erm\u00f6glicht Grabvorg\u00e4nge, indem er das Eindringen des L\u00f6ffels in den Boden erlaubt.<\/p>\n<h3>Lader:<\/h3>\n<p>Bei Frontladern helfen sie beim effektiven Anheben und Kippen von G\u00fctern.<\/p>\n<p><img decoding=\"async\" src=\"https:\/\/www.hydraulic-cylinders.net\/wp-content\/uploads\/2025\/01\/songte-oil-pipes-and-spare-parts.webp\" alt=\"Hydraulikzylinderbild\"><\/p>\n<h2>Design\u00fcberlegungen und Auswahlkriterien<\/h2>\n<p>Bei der Konstruktion des Schaufelzylinders werden mehrere Schl\u00fcsselfaktoren wie Tragf\u00e4higkeit, Abdichtung, Haltbarkeit, Sicherheit und Wartungsfreundlichkeit ber\u00fccksichtigt:<\/p>\n<p><img decoding=\"async\" src=\"https:\/\/www.hydraulic-cylinders.net\/wp-content\/uploads\/2025\/01\/songte-chushion-collar.webp\" alt=\"Hydraulikzylinderbild\"><\/p>\n<h2>Abdichtung und Schmierung<\/h2>\n<p>Der Schaufelzylinder verwendet verschiedene Dichtungen, darunter Kolben- und Stangendichtungen aus verschlei\u00dffesten Materialien wie Polyurethan und Nitrilkautschuk. Zylinderk\u00f6rper und Gewindeendfl\u00e4chen werden pr\u00e4zise bearbeitet, um die Verschlei\u00dffestigkeit zu erh\u00f6hen. Regelm\u00e4\u00dfige Schmierung mit einer angemessenen Menge Hydraulik\u00f6l ist erforderlich.<\/p>\n<h2>Regelm\u00e4\u00dfige Inspektion und vorbeugende Wartung<\/h2>\n<ul>\n<li>Regelm\u00e4\u00dfig auf Undichtigkeiten, Risse oder ungew\u00f6hnlichen Verschlei\u00df pr\u00fcfen.<\/li>\n<li>Richtige Schmierung sorgt f\u00fcr einen reibungslosen Betrieb.<\/li>\n<li>Dichtungen bei Bedarf austauschen.<\/li>\n<li>F\u00fchren Sie Kalibrierungspr\u00fcfungen durch, um die Genauigkeit zu gew\u00e4hrleisten.<\/li>\n<\/ul>\n<p><img decoding=\"async\" src=\"https:\/\/www.hydraulic-cylinders.net\/wp-content\/uploads\/2025\/01\/songte-bushings-with-all-kinds-of-excavator-models.webp\" alt=\"Hydraulikzylinderbild\"><\/p>\n<h2>Sicherheitsaspekte und Umweltfaktoren<\/h2>\n<p>Bei der Verwendung des Hubzylinders ist die Einhaltung der Sicherheitsma\u00dfnahmen unerl\u00e4sslich. Korrekte Installation, Bedienung und Wartung tragen zu einer sicheren Nutzung bei und reduzieren Unf\u00e4lle und Umweltbelastungen.<\/p>\n<h2>Fehlerbehebung und h\u00e4ufige Probleme<\/h2>\n<p>H\u00e4ufige Probleme mit dem Baggerzylinder sind Leckagen, Fehlfunktionen und ungew\u00f6hnliche Ger\u00e4usche. Um Probleme effektiv zu diagnostizieren und zu beheben, sollten die Tipps und L\u00f6sungen zur Fehlerbehebung angewendet werden. Zus\u00e4tzlich sollten vorbeugende Ma\u00dfnahmen ergriffen werden, um potenzielle Probleme zu minimieren.<\/p>\n<p><img decoding=\"async\" src=\"https:\/\/www.hydraulic-cylinders.net\/wp-content\/uploads\/2025\/01\/songte-company-1.webp\" alt=\"Hydraulikzylinderbild\"><\/p>\n<h2>Abschluss<\/h2>\n<p>Unser Unternehmen ist ein f\u00fchrender Hersteller und Gro\u00dfh\u00e4ndler von Hydraulikzylindern auf nationalen und internationalen M\u00e4rkten. Wir bieten eine breite Produktpalette und streben nach h\u00f6chster Qualit\u00e4t. Mit modernsten Produktionsanlagen, professionellem Know-how und einem starken Fokus auf Kundenzufriedenheit erf\u00fcllen wir die vielf\u00e4ltigen Bed\u00fcrfnisse unserer Kunden. Unsere Produkte zeichnen sich durch Professionalit\u00e4t, internationale Zertifizierungen, kundenspezifische L\u00f6sungen, modernste Produktionsanlagen und exzellenten Kundendienst aus.<\/p>\n<p><img decoding=\"async\" src=\"https:\/\/www.hydraulic-cylinders.net\/wp-content\/uploads\/2025\/01\/songte-company-3.webp\" alt=\"Firmenimage\"><\/p>\n<p>Autor: lyl<\/p>","protected":false},"excerpt":{"rendered":"<p>Bucket Cylinder For Komatsu Wheel Excavator PW150ES-6 Introduction The bucket cylinder for Komatsu wheel excavator PW150ES-6 is a specially designed hydraulic cylinder used to control the movement of the bucket in heavy machinery such as excavators, backhoe loaders, and front-end loaders. Its main function is to enable the bucket to lift, lower, and tilt, making [&hellip;]<\/p>","protected":false},"featured_media":14776,"comment_status":"open","ping_status":"closed","template":"","meta":{"_et_pb_use_builder":"","_et_pb_old_content":"","_et_gb_content_width":""},"product_brand":[],"product_cat":[1494],"product_tag":[1495,1496],"class_list":{"0":"post-15155","1":"product","2":"type-product","3":"status-publish","4":"has-post-thumbnail","6":"product_cat-bucket-cylinders","7":"product_tag-bucket-cylinders","8":"product_tag-hydraulic-cylinders","10":"first","11":"instock","12":"shipping-taxable","13":"product-type-simple"},"amp_enabled":true,"_links":{"self":[{"href":"https:\/\/www.hydraulic-cylinders.net\/de\/wp-json\/wp\/v2\/product\/15155","targetHints":{"allow":["GET"]}}],"collection":[{"href":"https:\/\/www.hydraulic-cylinders.net\/de\/wp-json\/wp\/v2\/product"}],"about":[{"href":"https:\/\/www.hydraulic-cylinders.net\/de\/wp-json\/wp\/v2\/types\/product"}],"replies":[{"embeddable":true,"href":"https:\/\/www.hydraulic-cylinders.net\/de\/wp-json\/wp\/v2\/comments?post=15155"}],"wp:featuredmedia":[{"embeddable":true,"href":"https:\/\/www.hydraulic-cylinders.net\/de\/wp-json\/wp\/v2\/media\/14776"}],"wp:attachment":[{"href":"https:\/\/www.hydraulic-cylinders.net\/de\/wp-json\/wp\/v2\/media?parent=15155"}],"wp:term":[{"taxonomy":"product_brand","embeddable":true,"href":"https:\/\/www.hydraulic-cylinders.net\/de\/wp-json\/wp\/v2\/product_brand?post=15155"},{"taxonomy":"product_cat","embeddable":true,"href":"https:\/\/www.hydraulic-cylinders.net\/de\/wp-json\/wp\/v2\/product_cat?post=15155"},{"taxonomy":"product_tag","embeddable":true,"href":"https:\/\/www.hydraulic-cylinders.net\/de\/wp-json\/wp\/v2\/product_tag?post=15155"}],"curies":[{"name":"wp","href":"https:\/\/api.w.org\/{rel}","templated":true}]}}