{"id":15158,"date":"2025-01-19T14:10:39","date_gmt":"2025-01-19T14:10:39","guid":{"rendered":"https:\/\/www.hydraulic-cylinders.net\/product\/bucket-cylinder-for-komatsu-wheel-excavator-pw98mr-8\/"},"modified":"2025-01-19T14:10:47","modified_gmt":"2025-01-19T14:10:47","slug":"bucket-cylinder-for-komatsu-wheel-excavator-pw98mr-8","status":"publish","type":"product","link":"https:\/\/www.hydraulic-cylinders.net\/de\/produkt\/bucket-cylinder-for-komatsu-wheel-excavator-pw98mr-8\/","title":{"rendered":"L\u00f6ffelzylinder f\u00fcr Komatsu Radbagger PW98MR-8"},"content":{"rendered":"<h1>L\u00f6ffelzylinder f\u00fcr Komatsu Radbagger PW98MR-8<\/h1>\n<h2>Einf\u00fchrung<\/h2>\n<p>Der Schaufelzylinder f\u00fcr den Komatsu-Radbagger PW98MR-8 ist ein Spezialhydraulikzylinder zur Steuerung der Schaufelbewegung in Baumaschinen wie Baggern, Radladern und Baggerladern. Seine Hauptfunktion besteht darin, das Heben, Senken und Neigen der Schaufel zu erm\u00f6glichen und so verschiedene Materialumschlagsaufgaben zu erleichtern. Im Hydrauliksystem erzielt der Schaufelzylinder durch die Nutzung von Druck\u00e4nderungen im Hydraulik\u00f6l eine pr\u00e4zise Steuerung der Schaufel. Dies erlaubt dem Bediener, schwere Lasten effizient zu handhaben und sich an komplexe Arbeitsumgebungen und vielf\u00e4ltige Aufgaben anzupassen.<\/p>\n<p><img decoding=\"async\" src=\"https:\/\/www.hydraulic-cylinders.net\/wp-content\/uploads\/2025\/01\/songte-company-2.webp\"><\/p>\n<h2>Merkmale<\/h2>\n<ul>\n<li>Hohe Festigkeit und Langlebigkeit: Gefertigt aus hochfestem Stahl oder Aluminium, h\u00e4lt es hohem Druck und schweren Belastungen stand und eignet sich f\u00fcr anspruchsvolle Arbeitsumgebungen. Verschlei\u00df- und Korrosionsbest\u00e4ndigkeit wurden bei der Konstruktion ber\u00fccksichtigt, um die Lebensdauer zu verl\u00e4ngern.<\/li>\n<li>Effizienter Hydraulikbetrieb: Durch die Nutzung des Hydraulik\u00f6ldrucks erm\u00f6glicht es ein reibungsloses Aus- und Einfahren, reagiert schnell auf Steuerbefehle, bietet starke Schub- und Zugkr\u00e4fte und eignet sich f\u00fcr die Handhabung schwerer Lasten und komplexer Arbeitsaufgaben.<\/li>\n<li>Verschiedene Typen: Je nach Bedarf k\u00f6nnen einfachwirkende (Hydraulikdruck wirkt nur in eine Richtung) oder doppeltwirkende (Hydraulikdruck wirkt in beide Richtungen) Zylinder gew\u00e4hlt werden. Einige Modelle sind teleskopierbar und erm\u00f6glichen so eine gr\u00f6\u00dfere Ausladung ohne Vergr\u00f6\u00dferung der Au\u00dfenabmessungen \u2013 ideal f\u00fcr Anwendungen mit begrenztem Platzangebot.<\/li>\n<li>Perfekter Ersatz: Unser Produkt kann diese Hydraulikzylinder perfekt ersetzen.<\/li>\n<\/ul>\n<p><img decoding=\"async\" src=\"https:\/\/www.hydraulic-cylinders.net\/wp-content\/uploads\/2025\/01\/songte-cylinder-head-with-all-kinds-excavator-models.webp\"><\/p>\n<h2>Anwendungen<\/h2>\n<p>Der Schaufelzylinder findet in verschiedenen Ger\u00e4tetypen Anwendung:<\/p>\n<ul>\n<li>Baumaschinen: Sie sind in Baggern zu finden und unverzichtbar zum Ausheben, Laden und Bewegen von Erde oder Bauschutt. Bei Baggerladern unterst\u00fctzt der Schaufelzylinder sowohl das Ausheben als auch das Heben.<\/li>\n<li>Landwirtschaftliche Maschinen: Wird in Frontladern zum Schaufeln, Heben und Transportieren von Erde, Heu und anderen Materialien verwendet.<\/li>\n<li>Bagger: Der Schaufelzylinder erm\u00f6glicht Grabvorg\u00e4nge, indem er der Schaufel das Eindringen in den Boden erm\u00f6glicht.<\/li>\n<li>Radlader: Bei Radladern helfen sie beim effektiven Anheben und Abladen von G\u00fctern.<\/li>\n<\/ul>\n<h2>Design\u00fcberlegungen und Auswahlkriterien<\/h2>\n<p>When it comes to design considerations, the bucket cylinder&#8217;s load-bearing capacity, sealing, durability, safety, and maintainability are essential factors to discuss.<\/p>\n<p><img decoding=\"async\" src=\"https:\/\/www.hydraulic-cylinders.net\/wp-content\/uploads\/2025\/01\/songte-oil-pipes-and-spare-parts.webp\"><\/p>\n<h2>Abdichtung und Schmierung<\/h2>\n<p>Der Schaufelzylinder verwendet verschiedene Dichtungen, wie Kolben- und Stangendichtungen, aus verschlei\u00dffesten Materialien wie Polyurethan und Nitrilkautschuk. Zylinderk\u00f6rper und Gewindeenden werden pr\u00e4zise behandelt, um die Verschlei\u00dffestigkeit zu verbessern. Regelm\u00e4\u00dfige Schmierung mit der richtigen Menge Hydraulik\u00f6l ist f\u00fcr einen einwandfreien Betrieb unerl\u00e4sslich.<\/p>\n<h2>Regelm\u00e4\u00dfige Inspektion und vorbeugende Wartung<\/h2>\n<p>Um Problemen vorzubeugen, sind regelm\u00e4\u00dfige Inspektionen und vorbeugende Wartungsma\u00dfnahmen wichtig. Zu diesen Ma\u00dfnahmen geh\u00f6ren:<\/p>\n<ul>\n<li>\u00dcberpr\u00fcfung auf Undichtigkeiten oder Besch\u00e4digungen<\/li>\n<li>Richtige Schmierung<\/li>\n<li>Dichtungen bei Bedarf austauschen<\/li>\n<li>Kalibrierungspr\u00fcfungen<\/li>\n<\/ul>\n<h2>Produktinstallationshandbuch<\/h2>\n<p>Befolgen Sie diese Schritte f\u00fcr die korrekte Installation des Schaufelzylinders:<\/p>\n<ol>\n<li>Richten Sie den Zylinder bei der Montage korrekt aus.<\/li>\n<li>Verwenden Sie geeignete Montagehalterungen, um den Zylinder zu befestigen.<\/li>\n<\/ol>\n<p><img decoding=\"async\" src=\"https:\/\/www.hydraulic-cylinders.net\/wp-content\/uploads\/2025\/01\/songte-chushion-collar.webp\"><\/p>\n<h2>Sicherheitsaspekte und Umweltfaktoren<\/h2>\n<p>Bei der Verwendung des Hubzylinders ist die Einhaltung der Sicherheitsma\u00dfnahmen von entscheidender Bedeutung. Es ist unerl\u00e4sslich, die Sicherheitsvorkehrungen beim Umgang mit dem Hubzylinder zu verstehen.<\/p>\n<h2>Fehlerbehebung und h\u00e4ufige Probleme<\/h2>\n<p>Fehlererkennung und Behebung h\u00e4ufiger Probleme im Zusammenhang mit dem Schaufelzylinder:<\/p>\n<ul>\n<li>Tipps und L\u00f6sungen zur Fehlerbehebung<\/li>\n<li>Bereitstellung von Pr\u00e4ventivma\u00dfnahmen zur Minimierung potenzieller Probleme<\/li>\n<\/ul>\n<p><img decoding=\"async\" src=\"https:\/\/www.hydraulic-cylinders.net\/wp-content\/uploads\/2025\/01\/songte-bushings-with-all-kinds-of-excavator-models.webp\"><\/p>\n<h2>\u00dcber unser Unternehmen<\/h2>\n<p>Wir sind ein auf den Austausch von Hydraulikzylindern spezialisierter Hersteller. Mit unserem breiten Produktsortiment z\u00e4hlen wir zu den f\u00fchrenden Herstellern und Gro\u00dfh\u00e4ndlern von Hydraulikzylindern auf dem nationalen und internationalen Markt. Wir setzen auf h\u00f6chste Qualit\u00e4t und wenden in unserer modernen Fertigungsanlage bew\u00e4hrte Produktionsmanagementstrategien an. Durch den Einsatz qualifizierter Fachkr\u00e4fte, modernster Fertigungsanlagen und professioneller Pr\u00fcfsysteme optimieren wir kontinuierlich unsere Fertigungsprozesse und die Produktqualit\u00e4t. Unser Unternehmen zeichnet sich durch hohe Innovationskraft aus und gew\u00e4hrleistet so h\u00f6chste Effizienz, Pr\u00e4zision und Qualit\u00e4t, um den vielf\u00e4ltigen Bed\u00fcrfnissen unserer Kunden gerecht zu werden.<\/p>\n<p><img decoding=\"async\" src=\"https:\/\/www.hydraulic-cylinders.net\/wp-content\/uploads\/2025\/01\/songte-company-3.webp\"><\/p>\n<p>Dar\u00fcber hinaus bieten wir Folgendes an:<\/p>\n<ul>\n<li>Professionalit\u00e4t<\/li>\n<li>Internationale Zertifizierungen<\/li>\n<li>Anpassungsdienste<\/li>\n<li>Moderne Produktionsanlagen<\/li>\n<li>Kundendienst<\/li>\n<\/ul>\n<p>Autor: lyl<\/p>","protected":false},"excerpt":{"rendered":"<p>Bucket Cylinder For Komatsu Wheel Excavator PW98MR-8 Introduction The bucket cylinder for Komatsu wheel excavator PW98MR-8 is a specialized hydraulic cylinder designed to control the movement of the bucket in heavy machinery such as excavators, backhoe loaders, and wheel loaders. Its main function is to enable the lifting, lowering, and tilting of the bucket, making [&hellip;]<\/p>","protected":false},"featured_media":14769,"comment_status":"open","ping_status":"closed","template":"","meta":{"_et_pb_use_builder":"","_et_pb_old_content":"","_et_gb_content_width":""},"product_brand":[],"product_cat":[1494],"product_tag":[1495,1496],"class_list":{"0":"post-15158","1":"product","2":"type-product","3":"status-publish","4":"has-post-thumbnail","6":"product_cat-bucket-cylinders","7":"product_tag-bucket-cylinders","8":"product_tag-hydraulic-cylinders","10":"first","11":"instock","12":"shipping-taxable","13":"product-type-simple"},"amp_enabled":true,"_links":{"self":[{"href":"https:\/\/www.hydraulic-cylinders.net\/de\/wp-json\/wp\/v2\/product\/15158","targetHints":{"allow":["GET"]}}],"collection":[{"href":"https:\/\/www.hydraulic-cylinders.net\/de\/wp-json\/wp\/v2\/product"}],"about":[{"href":"https:\/\/www.hydraulic-cylinders.net\/de\/wp-json\/wp\/v2\/types\/product"}],"replies":[{"embeddable":true,"href":"https:\/\/www.hydraulic-cylinders.net\/de\/wp-json\/wp\/v2\/comments?post=15158"}],"wp:featuredmedia":[{"embeddable":true,"href":"https:\/\/www.hydraulic-cylinders.net\/de\/wp-json\/wp\/v2\/media\/14769"}],"wp:attachment":[{"href":"https:\/\/www.hydraulic-cylinders.net\/de\/wp-json\/wp\/v2\/media?parent=15158"}],"wp:term":[{"taxonomy":"product_brand","embeddable":true,"href":"https:\/\/www.hydraulic-cylinders.net\/de\/wp-json\/wp\/v2\/product_brand?post=15158"},{"taxonomy":"product_cat","embeddable":true,"href":"https:\/\/www.hydraulic-cylinders.net\/de\/wp-json\/wp\/v2\/product_cat?post=15158"},{"taxonomy":"product_tag","embeddable":true,"href":"https:\/\/www.hydraulic-cylinders.net\/de\/wp-json\/wp\/v2\/product_tag?post=15158"}],"curies":[{"name":"wp","href":"https:\/\/api.w.org\/{rel}","templated":true}]}}