{"id":15167,"date":"2025-01-19T14:11:23","date_gmt":"2025-01-19T14:11:23","guid":{"rendered":"https:\/\/www.hydraulic-cylinders.net\/product\/bucket-cylinder-for-sumitomo-small-excavator-sh75-75x-3b\/"},"modified":"2025-01-19T14:11:25","modified_gmt":"2025-01-19T14:11:25","slug":"bucket-cylinder-for-sumitomo-small-excavator-sh75-75x-3b","status":"publish","type":"product","link":"https:\/\/www.hydraulic-cylinders.net\/de\/produkt\/bucket-cylinder-for-sumitomo-small-excavator-sh75-75x-3b\/","title":{"rendered":"L\u00f6ffelzylinder f\u00fcr Sumitomo Kleinbagger SH75\/75X-3B"},"content":{"rendered":"<p><!DOCTYPE html><br \/>\n<html><br \/>\n<head><br \/>\n<title>L\u00f6ffelzylinder f\u00fcr Sumitomo Kleinbagger SH75\/75X-3B<\/title><br \/>\n<\/head><br \/>\n<body><\/p>\n<h1>L\u00f6ffelzylinder f\u00fcr Sumitomo Kleinbagger SH75\/75X-3B<\/h1>\n<h2>Einf\u00fchrung<\/h2>\n<p>Ein Schaufelzylinder ist ein speziell entwickelter Hydraulikzylinder, der die Bewegung der Schaufel in Baumaschinen wie Baggern, Baggerladern und Radladern steuert. Seine Hauptfunktion besteht darin, das Heben, Senken und Neigen der Schaufel zu erm\u00f6glichen und so verschiedene Materialumschlagsaufgaben zu erleichtern. Im Hydrauliksystem gew\u00e4hrleistet der Schaufelzylinder durch die Anpassung des Hydraulik\u00f6ldrucks eine pr\u00e4zise Steuerung der Schaufel. Dies erlaubt dem Bediener, schwere Lasten effizient zu handhaben und sich an komplexe Arbeitsumgebungen und vielf\u00e4ltige Betriebsanforderungen anzupassen.<\/p>\n<p><img decoding=\"async\" src=\"https:\/\/www.hydraulic-cylinders.net\/wp-content\/uploads\/2025\/01\/songte-company-2.webp\" alt=\"Bild des Schaufelzylinders\"><\/p>\n<h2>Merkmale<\/h2>\n<ul>\n<li>Hohe Festigkeit und Langlebigkeit: Der aus hochfestem Stahl oder Aluminium gefertigte Schaufelzylinder h\u00e4lt hohem Druck und schweren Lasten stand und eignet sich f\u00fcr anspruchsvolle Arbeitsumgebungen. Seine Konstruktion ber\u00fccksichtigt Verschlei\u00df- und Korrosionsbest\u00e4ndigkeit und verl\u00e4ngert so seine Lebensdauer.<\/li>\n<li>Effizienter Hydraulikbetrieb: Durch die Nutzung des Hydraulik\u00f6ldrucks erm\u00f6glicht der Zylinder der Schaufel ein sanftes Aus- und Einfahren und bietet so kraftvolle Schub- und Zugkr\u00e4fte, die f\u00fcr den Umgang mit schweren Lasten und komplexen Arbeitsaufgaben geeignet sind.<\/li>\n<li>Verschiedene Ausf\u00fchrungen: Je nach Bedarf kann der Zylinder als einfachwirkend (Hydraulik nur in eine Richtung) oder doppeltwirkend (Hydraulik in beide Richtungen) ausgew\u00e4hlt werden. Bestimmte Modelle sind teleskopierbar und erm\u00f6glichen so eine gr\u00f6\u00dfere Ausladung ohne Vergr\u00f6\u00dferung der Au\u00dfenabmessungen. Sie eignen sich daher f\u00fcr Anwendungen mit begrenztem Platzangebot.<\/li>\n<li>Perfekter Ersatz f\u00fcr Hydraulikzylinder: Unser Produkt kann die vorhandenen Hydraulikzylinder perfekt ersetzen und bietet verbesserte Leistung und Kompatibilit\u00e4t.<\/li>\n<\/ul>\n<p><img decoding=\"async\" src=\"https:\/\/www.hydraulic-cylinders.net\/wp-content\/uploads\/2025\/01\/songte-cylinder-head-with-all-kinds-excavator-models.webp\" alt=\"Abbildung des Produkts\"><\/p>\n<h2>Anwendungen<\/h2>\n<ul>\n<li>Baumaschinen: Sie sind in Baggern zu finden und unerl\u00e4sslich f\u00fcr Aushubarbeiten, das Laden und den Transport von Erde oder Bauschutt. Bei Baggerladern unterst\u00fctzt der Schaufelzylinder sowohl das Ausheben als auch das Heben.<\/li>\n<li>Landwirtschaftliche Maschinen: Sie werden in Frontladern eingesetzt und helfen beim Schaufeln, Anheben und Transportieren von Erde, Heu und anderen Materialien.<\/li>\n<li>Bagger: Der L\u00f6ffelzylinder erm\u00f6glicht Aushubarbeiten, indem er das Eindringen des L\u00f6ffels in den Boden erlaubt.<\/li>\n<li>Lader: Bei Frontladern tragen sie zum effizienten Anheben und Abladen von G\u00fctern bei.<\/li>\n<\/ul>\n<h2>Design\u00fcberlegungen und Auswahlkriterien<\/h2>\n<ul>\n<li>Tragf\u00e4higkeit: Bei der Zylinderkonstruktion wurde die F\u00e4higkeit ber\u00fccksichtigt, hohen Belastungen standzuhalten und die strukturelle Integrit\u00e4t zu erhalten.<\/li>\n<li>Abdichtung: Verschiedene Dichtungskomponenten wie Kolben- und Stangendichtungen aus verschlei\u00dffesten Materialien wie Polyurethan und Nitrilkautschuk kommen zum Einsatz. Zylinderk\u00f6rper und Gewindeendfl\u00e4chen werden einer Feinbearbeitung unterzogen, um die Verschlei\u00dffestigkeit zu erh\u00f6hen.<\/li>\n<li>Langlebigkeit: Die Konstruktion gew\u00e4hrleistet die F\u00e4higkeit des Zylinders, kontinuierlichem Gebrauch, Umwelteinfl\u00fcssen und potenziellen St\u00f6\u00dfen standzuhalten.<\/li>\n<li>Sicherheit: Um Unf\u00e4lle zu vermeiden und die Sicherheit des Bedieners zu gew\u00e4hrleisten, sind Sicherheitsmerkmale wie Druckentlastungsventile und Schutzabdeckungen integriert.<\/li>\n<li>Wartung: Die Zylinderkonstruktion erm\u00f6glicht eine einfache Wartung und Reparatur durch geeignete Zugangspunkte und Anweisungen.<\/li>\n<\/ul>\n<p><img decoding=\"async\" src=\"https:\/\/www.hydraulic-cylinders.net\/wp-content\/uploads\/2025\/01\/songte-oil-pipes-and-spare-parts.webp\" alt=\"Produktkomponenten\"><\/p>\n<h2>Abdichtung und Schmierung<\/h2>\n<p>Der Schaufelzylinder verwendet verschiedene Dichtungselemente, wie Kolben- und Stangendichtungen, die aus verschlei\u00dffesten Materialien wie Polyurethan und Nitrilkautschuk gefertigt sind. Zylinderk\u00f6rper und Gewindeendfl\u00e4chen werden einer Feinbearbeitung unterzogen, um die Verschlei\u00dffestigkeit zu erh\u00f6hen. Regelm\u00e4\u00dfige Schmierung ist erforderlich, um eine optimale Funktion zu gew\u00e4hrleisten. Zur Schmierung sollte regelm\u00e4\u00dfig ausreichend Hydraulik\u00f6l nachgef\u00fcllt werden.<\/p>\n<h2>Wartungs- und Pr\u00e4ventivma\u00dfnahmen<\/h2>\n<ul>\n<li>Regelm\u00e4\u00dfige Inspektionen: \u00dcberpr\u00fcfen Sie den Zylinder regelm\u00e4\u00dfig auf Anzeichen von Verschlei\u00df, Besch\u00e4digungen oder Undichtigkeiten.<\/li>\n<li>Richtige Schmierung: Halten Sie sich an den empfohlenen Schmierplan, um einen reibungslosen Betrieb zu gew\u00e4hrleisten.<\/li>\n<li>Dichtungswechsel: Sollten Dichtungen verschlissen oder besch\u00e4digt sein, ersetzen Sie diese umgehend, um Leckagen zu vermeiden und die Dichtwirkung aufrechtzuerhalten.<\/li>\n<li>Kalibrierungspr\u00fcfungen: \u00dcberpr\u00fcfen und kalibrieren Sie den Zylinder regelm\u00e4\u00dfig, um einen genauen und pr\u00e4zisen Betrieb zu gew\u00e4hrleisten.<\/li>\n<\/ul>\n<p><img decoding=\"async\" src=\"https:\/\/www.hydraulic-cylinders.net\/wp-content\/uploads\/2025\/01\/songte-chushion-collar.webp\" alt=\"Installationsbild\"><\/p>\n<h2>Produktsicherheitsaspekte und Umweltfaktoren<\/h2>\n<p>Bei der Verwendung des Schaufelzylinders ist es wichtig, Sicherheitsma\u00dfnahmen zu beachten, um Unf\u00e4lle zu vermeiden und die Sicherheit des Bedieners zu gew\u00e4hrleisten. Die Konstruktion des Zylinders ber\u00fccksichtigt Sicherheitsstandards und -vorschriften, um Risiken zu minimieren. Dar\u00fcber hinaus sind Umweltfaktoren wie Fl\u00fcssigkeitslecks und die ordnungsgem\u00e4\u00dfe Entsorgung von Abf\u00e4llen zu ber\u00fccksichtigen.<\/p>\n<h2>Fehlerbehebung und h\u00e4ufige Probleme<\/h2>\n<p>H\u00e4ufige Probleme mit dem Schaufelzylinder sind Leckagen, unzureichende Leistung und ungew\u00f6hnliche Bewegungen. Zur Fehlerbehebung empfiehlt es sich, auf Leckagen zu pr\u00fcfen, den Hydraulik\u00f6lstand zu kontrollieren und das System auf Fehlfunktionen zu untersuchen. Geeignete vorbeugende Ma\u00dfnahmen wie regelm\u00e4\u00dfige Wartung und rechtzeitige Reparaturen k\u00f6nnen potenzielle Probleme minimieren.<\/p>\n<p><img decoding=\"async\" src=\"https:\/\/www.hydraulic-cylinders.net\/wp-content\/uploads\/2025\/01\/songte-bushings-with-all-kinds-of-excavator-models.webp\" alt=\"Fehlerbehebung beim Bild\"><\/p>\n<h2>\u00dcber unser Unternehmen<\/h2>\n<p>Wir sind Hersteller von Hydraulikzylindern und bieten ein breites Produktsortiment an. Wir z\u00e4hlen zu den f\u00fchrenden Herstellern und Gro\u00dfh\u00e4ndlern von Hydraulikzylindern auf nationalen und internationalen M\u00e4rkten. Dank unseres Engagements f\u00fcr h\u00f6chste Qualit\u00e4t und unserer in unserer modernen Fertigungsanlage implementierten, industrialisierten Produktionsmanagementstrategien optimieren wir kontinuierlich unsere Fertigungsplattform, verfeinern unsere Produktqualit\u00e4t und verf\u00fcgen \u00fcber ausgepr\u00e4gte Innovationskraft. Wir streben danach, die vielf\u00e4ltigen Kundenbed\u00fcrfnisse mit h\u00f6chster Effizienz, Pr\u00e4zision und Qualit\u00e4t zu erf\u00fcllen.<\/p>\n<p><img decoding=\"async\" src=\"https:\/\/www.hydraulic-cylinders.net\/wp-content\/uploads\/2025\/01\/songte-company-3.webp\" alt=\"Firmenimage\"><\/p>\n<h3>Warum uns w\u00e4hlen?<\/h3>\n<ul>\n<li>Fachkompetenz: Wir verf\u00fcgen \u00fcber ein Team von Fachleuten mit umfassenden Kenntnissen und Erfahrungen in der Herstellung von Hydraulikzylindern.<\/li>\n<li>Internationale Zertifizierungen: Unsere Produkte erf\u00fcllen internationale Qualit\u00e4ts- und Sicherheitsstandards und gew\u00e4hrleisten so Zuverl\u00e4ssigkeit und Leistungsf\u00e4higkeit.<\/li>\n<li>Anpassungsservices: Wir bieten ma\u00dfgeschneiderte L\u00f6sungen an, um die spezifischen Anforderungen unserer Kunden zu erf\u00fcllen.<\/li>\n<li>Modernste Produktionsanlagen: Wir nutzen hochmoderne digitale Fertigungsanlagen f\u00fcr eine pr\u00e4zise und effiziente Produktion.<\/li>\n<li>Kundendienst: Unser Unternehmen bietet einen umfassenden Kundendienst, einschlie\u00dflich Teileaustausch und \u00dcberholungsdiensten, um die Lebensdauer unserer Produkte zu verl\u00e4ngern.<\/li>\n<\/ul>\n<p>Autor: lyl<\/p>\n<p><\/body><br \/>\n<\/html><\/p>","protected":false},"excerpt":{"rendered":"<p>Bucket Cylinder For Sumitomo Small Excavator SH75\/75X-3B Bucket Cylinder For Sumitomo Small Excavator SH75\/75X-3B Introduction A bucket cylinder is a specially designed hydraulic cylinder used to control the movement of the bucket in heavy machinery such as excavators, backhoe loaders, and front-end loaders. Its main function is to enable the bucket to lift, lower, and [&hellip;]<\/p>","protected":false},"featured_media":14782,"comment_status":"open","ping_status":"closed","template":"","meta":{"_et_pb_use_builder":"","_et_pb_old_content":"","_et_gb_content_width":""},"product_brand":[],"product_cat":[1494],"product_tag":[1495,1496],"class_list":{"0":"post-15167","1":"product","2":"type-product","3":"status-publish","4":"has-post-thumbnail","6":"product_cat-bucket-cylinders","7":"product_tag-bucket-cylinders","8":"product_tag-hydraulic-cylinders","10":"first","11":"instock","12":"shipping-taxable","13":"product-type-simple"},"amp_enabled":true,"_links":{"self":[{"href":"https:\/\/www.hydraulic-cylinders.net\/de\/wp-json\/wp\/v2\/product\/15167","targetHints":{"allow":["GET"]}}],"collection":[{"href":"https:\/\/www.hydraulic-cylinders.net\/de\/wp-json\/wp\/v2\/product"}],"about":[{"href":"https:\/\/www.hydraulic-cylinders.net\/de\/wp-json\/wp\/v2\/types\/product"}],"replies":[{"embeddable":true,"href":"https:\/\/www.hydraulic-cylinders.net\/de\/wp-json\/wp\/v2\/comments?post=15167"}],"wp:featuredmedia":[{"embeddable":true,"href":"https:\/\/www.hydraulic-cylinders.net\/de\/wp-json\/wp\/v2\/media\/14782"}],"wp:attachment":[{"href":"https:\/\/www.hydraulic-cylinders.net\/de\/wp-json\/wp\/v2\/media?parent=15167"}],"wp:term":[{"taxonomy":"product_brand","embeddable":true,"href":"https:\/\/www.hydraulic-cylinders.net\/de\/wp-json\/wp\/v2\/product_brand?post=15167"},{"taxonomy":"product_cat","embeddable":true,"href":"https:\/\/www.hydraulic-cylinders.net\/de\/wp-json\/wp\/v2\/product_cat?post=15167"},{"taxonomy":"product_tag","embeddable":true,"href":"https:\/\/www.hydraulic-cylinders.net\/de\/wp-json\/wp\/v2\/product_tag?post=15167"}],"curies":[{"name":"wp","href":"https:\/\/api.w.org\/{rel}","templated":true}]}}