{"id":15173,"date":"2025-01-19T14:11:52","date_gmt":"2025-01-19T14:11:52","guid":{"rendered":"https:\/\/www.hydraulic-cylinders.net\/product\/bucket-cylinder-for-sumitomo-small-excavator-sh265\/"},"modified":"2025-01-19T14:11:54","modified_gmt":"2025-01-19T14:11:54","slug":"bucket-cylinder-for-sumitomo-small-excavator-sh265","status":"publish","type":"product","link":"https:\/\/www.hydraulic-cylinders.net\/de\/produkt\/bucket-cylinder-for-sumitomo-small-excavator-sh265\/","title":{"rendered":"L\u00f6ffelzylinder f\u00fcr Sumitomo Kleinbagger SH265"},"content":{"rendered":"<h1>L\u00f6ffelzylinder f\u00fcr Sumitomo Kleinbagger SH265<\/h1>\n<h2>Produktdefinition<\/h2>\n<p>Ein Schaufelzylinder ist ein speziell entwickelter Hydraulikzylinder, der haupts\u00e4chlich zur Steuerung der Schaufelbewegung in Baumaschinen wie Baggern, Baggerladern und Radladern eingesetzt wird. Seine Hauptfunktion besteht darin, das Heben, Senken und Neigen der Schaufel zu erm\u00f6glichen und so verschiedene Materialumschlagsaufgaben zu erleichtern. In einem Hydrauliksystem erreicht der Schaufelzylinder eine pr\u00e4zise Steuerung der Schaufel durch die Nutzung von \u00c4nderungen des Hydraulik\u00f6ldrucks. Dies erm\u00f6glicht es dem Bediener, schwere Lasten effizient zu handhaben und sich an komplexe Arbeitsumgebungen und vielf\u00e4ltige Betriebsanforderungen anzupassen.<\/p>\n<p><img decoding=\"async\" src=\"https:\/\/www.hydraulic-cylinders.net\/wp-content\/uploads\/2025\/01\/songte-company-2.webp\" alt=\"Bild des Schaufelzylinders\"><\/p>\n<h2>Produkteigenschaften<\/h2>\n<ul>\n<li>Hohe Festigkeit und Langlebigkeit: Typischerweise aus hochfestem Stahl oder Aluminium gefertigt, halten sie hohem Druck und hohen Belastungen stand, sind anpassungsf\u00e4hig an raue Arbeitsumgebungen und wurden unter Ber\u00fccksichtigung von Verschlei\u00df- und Korrosionsbest\u00e4ndigkeit entwickelt, um die Lebensdauer zu verl\u00e4ngern.<\/li>\n<li>Effizienter Hydraulikbetrieb: Nutzt den Hydraulik\u00f6ldruck f\u00fcr sanfte Aus- und Einfahrbewegungen, reagiert schnell auf Steuerbefehle und bietet starke Schub- und Zugkr\u00e4fte, geeignet f\u00fcr die Handhabung schwerer Lasten und komplexer Arbeitsaufgaben.<\/li>\n<li>Verschiedene Ausf\u00fchrungen: Je nach Bedarf k\u00f6nnen die Zylinder als einfachwirkend (Hydraulik nur in eine Richtung) oder doppeltwirkend (Hydraulik in beide Richtungen) ausgew\u00e4hlt werden. Bestimmte Modelle sind teleskopierbar und erm\u00f6glichen so eine gr\u00f6\u00dfere Ausladung ohne Vergr\u00f6\u00dferung der Au\u00dfenabmessungen. Sie eignen sich f\u00fcr Anwendungen mit begrenztem Platzangebot.<\/li>\n<li>Perfekter Ersatz: Unsere Produkte k\u00f6nnen diese Hydraulikzylinder perfekt ersetzen.<\/li>\n<\/ul>\n<p><img decoding=\"async\" src=\"https:\/\/www.hydraulic-cylinders.net\/wp-content\/uploads\/2025\/01\/songte-cylinder-head-with-all-kinds-excavator-models.webp\" alt=\"Produktersatzbild\"><\/p>\n<h2>Anwendungsszenarien<\/h2>\n<p>Der Schaufelzylinder findet in verschiedenen Szenarien Anwendung:<\/p>\n<ul>\n<li>Baumaschinen: Sie sind in Baggern zu finden und unverzichtbar zum Ausheben, Laden und Bewegen von Erde oder Bauschutt. Bei Baggerladern unterst\u00fctzt der Schaufelzylinder sowohl das Ausheben als auch das Heben.<\/li>\n<li>Landwirtschaftliche Maschinen: Wird in Frontladern zum Schaufeln, Heben und Transportieren von Erde, Heu und anderen Materialien verwendet.<\/li>\n<li>Bagger: Der L\u00f6ffelzylinder erm\u00f6glicht das Ausheben, indem er dem L\u00f6ffel das Eindringen in den Boden erm\u00f6glicht.<\/li>\n<li>Lader: Bei Frontladern helfen sie beim effektiven Anheben und Kippen von G\u00fctern.<\/li>\n<\/ul>\n<h2>Design\u00fcberlegungen und Auswahlkriterien<\/h2>\n<p>Bei der Konstruktion von Schaufelzylindern sollten mehrere wichtige \u00dcberlegungen und Auswahlkriterien ber\u00fccksichtigt werden:<\/p>\n<ul>\n<li>Tragf\u00e4higkeit: Der Zylinder muss der vorgesehenen Belastung standhalten k\u00f6nnen, ohne zu versagen.<\/li>\n<li>Abdichtung: Um eine effektive Abdichtung zu gew\u00e4hrleisten, sollten verschiedene Dichtungskomponenten wie Kolbendichtungen und Stangendichtungen aus langlebigen Materialien wie Polyurethan und Nitrilkautschuk verwendet werden.<\/li>\n<li>Haltbarkeit: Der Zylinderk\u00f6rper und die Gewindeenden sollten einer Feinbearbeitung unterzogen werden, um die Verschlei\u00dffestigkeit zu erh\u00f6hen.<\/li>\n<li>Sicherheit: Bei der Konstruktion sollten Sicherheitsma\u00dfnahmen Vorrang haben, um Unf\u00e4lle zu verhindern und den Schutz des Bedieners zu gew\u00e4hrleisten.<\/li>\n<li>Wartungsfreundlichkeit: Der Zylinder sollte so konstruiert sein, dass er einfach zu warten und zu reparieren ist und bei Bedarf eine effiziente Wartung erm\u00f6glicht.<\/li>\n<\/ul>\n<p><img decoding=\"async\" src=\"https:\/\/www.hydraulic-cylinders.net\/wp-content\/uploads\/2025\/01\/songte-oil-pipes-and-spare-parts.webp\" alt=\"Hydraulikzylinderteile\"><\/p>\n<h2>Abdichtung und Schmierung<\/h2>\n<p>Die Zylinder der Schaufelr\u00e4der verwenden verschiedene Dichtungskomponenten, um eine ordnungsgem\u00e4\u00dfe Abdichtung und Schmierung zu gew\u00e4hrleisten:<\/p>\n<ul>\n<li>Dichtungen: Um eine effektive Dichtungsleistung zu gew\u00e4hrleisten, werden verschiedene Dichtungstypen verwendet, z. B. Kolbendichtungen und Stangendichtungen aus verschlei\u00dffesten Materialien wie Polyurethan und Nitrilkautschuk.<\/li>\n<li>Zylinderk\u00f6rper und Gewindeende: Der Zylinderk\u00f6rper und die Gewindeenden sind feinbearbeitet, um die Verschlei\u00dffestigkeit zu verbessern.<\/li>\n<li>Schmierung: F\u00fcr einen reibungslosen Betrieb ist eine regelm\u00e4\u00dfige Schmierung mit geeigneten Mengen Hydraulik\u00f6l erforderlich.<\/li>\n<\/ul>\n<h2>Regelm\u00e4\u00dfige Inspektion und vorbeugende Wartung<\/h2>\n<p>Regelm\u00e4\u00dfige Inspektionen und vorbeugende Wartungsma\u00dfnahmen sind f\u00fcr eine optimale Leistung des Schaufelzylinders unerl\u00e4sslich:<\/p>\n<ul>\n<li>Inspektion: \u00dcberpr\u00fcfen Sie den Zylinder regelm\u00e4\u00dfig auf Anzeichen von Verschlei\u00df, Leckagen oder Besch\u00e4digungen.<\/li>\n<li>Schmierung: Sorgen Sie f\u00fcr eine ausreichende Schmierung der Zylinderkomponenten, um \u00fcberm\u00e4\u00dfige Reibung und Verschlei\u00df zu vermeiden.<\/li>\n<li>Dichtungsaustausch: Abgenutzte oder besch\u00e4digte Dichtungen m\u00fcssen ausgetauscht werden, um eine effektive Dichtungsleistung zu gew\u00e4hrleisten.<\/li>\n<li>Kalibrierungspr\u00fcfung: \u00dcberpr\u00fcfen und kalibrieren Sie den Zylinder regelm\u00e4\u00dfig, um einen pr\u00e4zisen Betrieb zu gew\u00e4hrleisten.<\/li>\n<\/ul>\n<p><img decoding=\"async\" src=\"https:\/\/www.hydraulic-cylinders.net\/wp-content\/uploads\/2025\/01\/songte-chushion-collar.webp\" alt=\"Wartungsbild\"><\/p>\n<h2>Sicherheitsaspekte und Umweltfaktoren<\/h2>\n<p>Bei der Verwendung von Eimerzylindern ist es entscheidend, Sicherheitsma\u00dfnahmen zu priorisieren und Umweltfaktoren zu ber\u00fccksichtigen:<\/p>\n<ul>\n<li>Sicherheitsma\u00dfnahmen: Halten Sie sich beim Bedienen von Maschinen mit Schaufelzylindern an die geltenden Sicherheitsvorschriften und -richtlinien.<\/li>\n<\/ul>\n<h2>Fehlerdiagnose und h\u00e4ufige Probleme<\/h2>\n<p>H\u00e4ufige Fehler und Probleme, die bei Schaufelzylindern auftreten k\u00f6nnen, sind:<\/p>\n<ul>\n<li>Fehlerdiagnose: Tipps und Methoden zur effektiven Diagnose und Behebung von Problemen.<\/li>\n<li>Probleml\u00f6sung: Wir bieten L\u00f6sungen f\u00fcr h\u00e4ufig auftretende Probleme an und stellen vorbeugende Ma\u00dfnahmen zur Minimierung potenzieller Probleme bereit.<\/li>\n<\/ul>\n<p><img decoding=\"async\" src=\"https:\/\/www.hydraulic-cylinders.net\/wp-content\/uploads\/2025\/01\/songte-bushings-with-all-kinds-of-excavator-models.webp\" alt=\"Fehleraufl\u00f6sungsbild\"><\/p>\n<p>Denken Sie daran, den Artikel logisch zu strukturieren, Zwischen\u00fcberschriften zur einfacheren Navigation zu verwenden, relevante Bilder oder Diagramme einzuf\u00fcgen, um das Verst\u00e4ndnis zu verbessern, und sicherzustellen, dass der Inhalt klar, pr\u00e4gnant und f\u00fcr Leser mit unterschiedlichem technischen Wissen geeignet ist.<\/p>\n<h2>\u00dcber unser Unternehmen<\/h2>\n<p>Wir sind Hersteller von Hydraulikzylindern und bieten ein breites Produktsortiment an. Wir z\u00e4hlen zu den f\u00fchrenden Herstellern und Gro\u00dfh\u00e4ndlern von Hydraulikzylindern auf nationalen und internationalen M\u00e4rkten. In unserer modernen Fertigungsanlage setzen wir auf h\u00f6chste Qualit\u00e4t und industrialisierte Produktionsmanagementstrategien. Dank unserer hochqualifizierten Fachkr\u00e4fte, fortschrittlicher digitaler Fertigungstechnik und professioneller Testsysteme optimieren wir kontinuierlich unsere Fertigungsprozesse und sichern so h\u00f6chste Produktqualit\u00e4t. Unsere Innovationskraft erm\u00f6glicht es uns, die vielf\u00e4ltigen Kundenbed\u00fcrfnisse mit h\u00f6chster Effizienz, Pr\u00e4zision und Qualit\u00e4t zu erf\u00fcllen.<\/p>\n<p><img decoding=\"async\" src=\"https:\/\/www.hydraulic-cylinders.net\/wp-content\/uploads\/2025\/01\/songte-company-3.webp\" alt=\"Firmenimage\"><\/p>\n<p>Dar\u00fcber hinaus bieten wir umfassende Informationen \u00fcber unser Unternehmen in Bezug auf Professionalit\u00e4t, internationale Zertifizierungen, kundenspezifische Dienstleistungen, Produktionsanlagen und Kundendienst.<\/p>\n<p>Autor: lyl<\/p>","protected":false},"excerpt":{"rendered":"<p>Bucket Cylinder For Sumitomo Small Excavator SH265 Product Definition A bucket cylinder is a specially designed hydraulic cylinder that is primarily used to control the movement of the bucket in heavy machinery such as excavators, backhoe loaders, and front loaders. Its main function is to allow the bucket to elevate, lower, and tilt, making it [&hellip;]<\/p>","protected":false},"featured_media":14769,"comment_status":"open","ping_status":"closed","template":"","meta":{"_et_pb_use_builder":"","_et_pb_old_content":"","_et_gb_content_width":""},"product_brand":[],"product_cat":[1494],"product_tag":[1495,1496],"class_list":{"0":"post-15173","1":"product","2":"type-product","3":"status-publish","4":"has-post-thumbnail","6":"product_cat-bucket-cylinders","7":"product_tag-bucket-cylinders","8":"product_tag-hydraulic-cylinders","10":"first","11":"instock","12":"shipping-taxable","13":"product-type-simple"},"amp_enabled":true,"_links":{"self":[{"href":"https:\/\/www.hydraulic-cylinders.net\/de\/wp-json\/wp\/v2\/product\/15173","targetHints":{"allow":["GET"]}}],"collection":[{"href":"https:\/\/www.hydraulic-cylinders.net\/de\/wp-json\/wp\/v2\/product"}],"about":[{"href":"https:\/\/www.hydraulic-cylinders.net\/de\/wp-json\/wp\/v2\/types\/product"}],"replies":[{"embeddable":true,"href":"https:\/\/www.hydraulic-cylinders.net\/de\/wp-json\/wp\/v2\/comments?post=15173"}],"wp:featuredmedia":[{"embeddable":true,"href":"https:\/\/www.hydraulic-cylinders.net\/de\/wp-json\/wp\/v2\/media\/14769"}],"wp:attachment":[{"href":"https:\/\/www.hydraulic-cylinders.net\/de\/wp-json\/wp\/v2\/media?parent=15173"}],"wp:term":[{"taxonomy":"product_brand","embeddable":true,"href":"https:\/\/www.hydraulic-cylinders.net\/de\/wp-json\/wp\/v2\/product_brand?post=15173"},{"taxonomy":"product_cat","embeddable":true,"href":"https:\/\/www.hydraulic-cylinders.net\/de\/wp-json\/wp\/v2\/product_cat?post=15173"},{"taxonomy":"product_tag","embeddable":true,"href":"https:\/\/www.hydraulic-cylinders.net\/de\/wp-json\/wp\/v2\/product_tag?post=15173"}],"curies":[{"name":"wp","href":"https:\/\/api.w.org\/{rel}","templated":true}]}}